{"id":49942,"date":"2025-04-22T13:35:16","date_gmt":"2025-04-22T10:35:16","guid":{"rendered":"https:\/\/miumjau.ee\/toode\/dogfest-treenimakupalat-kalkkunanlihasta-ja-pellavansiemenilla-90-g\/"},"modified":"2026-01-07T22:42:40","modified_gmt":"2026-01-07T20:42:40","slug":"dogfest-treenimakupalat-kalkkunanlihasta-ja-pellavansiemenilla-90-g","status":"publish","type":"product","link":"https:\/\/miumjau.ee\/fi\/tuote\/dogfest-treenimakupalat-kalkkunanlihasta-ja-pellavansiemenilla-90-g\/","title":{"rendered":"DogFest treenimakupalat kalkkunanlihasta ja pellavansiemenill\u00e4, 90 g"},"content":{"rendered":"","protected":false},"excerpt":{"rendered":"<p data-start=\"44\" data-end=\"274\">Olemme huolellisesti lis\u00e4nneet hy\u00f6dyllisi\u00e4 pellavansiemeni\u00e4 valikoituun kalkkunalihaan. Runsas vitamiinien, aminohappojen ja antioksidanttien yhdistelm\u00e4 v\u00e4h\u00e4rasvaisen lihan kanssa tekee t\u00e4st\u00e4 herkusta t\u00e4ydellisen treenimakeisen.<\/p>\n<p data-start=\"276\" data-end=\"819\"><strong data-start=\"276\" data-end=\"290\">Koostumus:<\/strong> kalkkunanliha 67,5 %, pellavansiemenet 8 %, vihre\u00e4 tee, kasvipohjaiset sivutuotteet, mineraalit.<br data-start=\"387\" data-end=\"390\" \/><strong data-start=\"390\" data-end=\"416\">Analyyttiset aineosat:<\/strong> raakavalkuainen 25 %, raakrasva 8 %, raakakuitu 1 %, raakatuhka 5 %, kosteus 23 %.<br data-start=\"499\" data-end=\"502\" \/><strong data-start=\"502\" data-end=\"517\">K\u00e4ytt\u00f6ohje:<\/strong> M\u00e4\u00e4r\u00e4\u00e4 voi s\u00e4\u00e4t\u00e4\u00e4 koiran tarpeiden ja kunnon mukaan. Tuoretta juomavett\u00e4 tulee olla aina saatavilla. \u00c4l\u00e4 j\u00e4t\u00e4 koiraa valvomatta pureskelun aikana tai yksin herkkupakkauksen kanssa. Pakkauksessa oleva hapenpoistaja ei ole sy\u00f6t\u00e4v\u00e4. S\u00e4ilyt\u00e4 kuivassa ja viile\u00e4ss\u00e4, avaamisen j\u00e4lkeen s\u00e4ilyt\u00e4 j\u00e4\u00e4kaapissa.<\/p>\n","protected":false},"featured_media":33011,"template":"","meta":[],"product_brand":[],"product_cat":[480],"product_tag":[],"class_list":{"0":"post-49942","1":"product","2":"type-product","3":"status-publish","4":"has-post-thumbnail","6":"product_cat-herkut-koirille","8":"first","9":"instock","10":"taxable","11":"shipping-taxable","12":"purchasable","13":"product-type-simple"},"yoast_head":"<!-- This site is optimized with the Yoast SEO plugin v27.2 - https:\/\/yoast.com\/product\/yoast-seo-wordpress\/ -->\n<title>DogFest treenimakupalat kalkkunanlihasta ja pellavansiemenill\u00e4, 90 g - MiuMjau<\/title>\n<meta name=\"description\" content=\"Dogfest-br\u00e4ndi tarjoaa laajan valikoiman herkullisia v\u00e4lipaloja sek\u00e4 kissoille ett\u00e4 koirille. Tule kokeilemaan erilaisia ja l\u00f6yd\u00e4 oma suosikkisi!\" \/>\n<meta name=\"robots\" content=\"index, follow, max-snippet:-1, max-image-preview:large, max-video-preview:-1\" \/>\n<link rel=\"canonical\" href=\"https:\/\/miumjau.ee\/fi\/tuote\/dogfest-treenimakupalat-kalkkunanlihasta-ja-pellavansiemenilla-90-g\/\" \/>\n<meta property=\"og:locale\" content=\"fi_FI\" \/>\n<meta property=\"og:type\" content=\"article\" \/>\n<meta property=\"og:title\" content=\"DogFest treenimakupalat kalkkunanlihasta ja pellavansiemenill\u00e4, 90 g - MiuMjau\" \/>\n<meta property=\"og:description\" content=\"Dogfest-br\u00e4ndi tarjoaa laajan valikoiman herkullisia v\u00e4lipaloja sek\u00e4 kissoille ett\u00e4 koirille. Tule kokeilemaan erilaisia ja l\u00f6yd\u00e4 oma suosikkisi!\" \/>\n<meta property=\"og:url\" content=\"https:\/\/miumjau.ee\/fi\/tuote\/dogfest-treenimakupalat-kalkkunanlihasta-ja-pellavansiemenilla-90-g\/\" \/>\n<meta property=\"og:site_name\" content=\"MiuMjau\" \/>\n<meta property=\"article:publisher\" content=\"https:\/\/www.facebook.com\/miumjaupood\/\" \/>\n<meta property=\"article:modified_time\" content=\"2026-01-07T20:42:40+00:00\" \/>\n<meta property=\"og:image\" content=\"https:\/\/miumjau.ee\/wp-content\/uploads\/2025\/04\/dofest-maiused-koertele48.webp\" \/>\n\t<meta property=\"og:image:width\" content=\"600\" \/>\n\t<meta property=\"og:image:height\" content=\"800\" \/>\n\t<meta property=\"og:image:type\" content=\"image\/webp\" \/>\n<meta name=\"twitter:card\" content=\"summary_large_image\" \/>\n<script type=\"application\/ld+json\" class=\"yoast-schema-graph\">{\"@context\":\"https:\/\/schema.org\",\"@graph\":[{\"@type\":\"WebPage\",\"@id\":\"https:\/\/miumjau.ee\/fi\/tuote\/dogfest-treenimakupalat-kalkkunanlihasta-ja-pellavansiemenilla-90-g\/\",\"url\":\"https:\/\/miumjau.ee\/fi\/tuote\/dogfest-treenimakupalat-kalkkunanlihasta-ja-pellavansiemenilla-90-g\/\",\"name\":\"DogFest treenimakupalat kalkkunanlihasta ja pellavansiemenill\u00e4, 90 g - MiuMjau\",\"isPartOf\":{\"@id\":\"https:\/\/miumjau.ee\/#website\"},\"primaryImageOfPage\":{\"@id\":\"https:\/\/miumjau.ee\/fi\/tuote\/dogfest-treenimakupalat-kalkkunanlihasta-ja-pellavansiemenilla-90-g\/#primaryimage\"},\"image\":{\"@id\":\"https:\/\/miumjau.ee\/fi\/tuote\/dogfest-treenimakupalat-kalkkunanlihasta-ja-pellavansiemenilla-90-g\/#primaryimage\"},\"thumbnailUrl\":\"https:\/\/miumjau.ee\/wp-content\/uploads\/2025\/04\/dofest-maiused-koertele48.webp\",\"datePublished\":\"2025-04-22T10:35:16+00:00\",\"dateModified\":\"2026-01-07T20:42:40+00:00\",\"description\":\"Dogfest-br\u00e4ndi tarjoaa laajan valikoiman herkullisia v\u00e4lipaloja sek\u00e4 kissoille ett\u00e4 koirille. Tule kokeilemaan erilaisia ja l\u00f6yd\u00e4 oma suosikkisi!\",\"breadcrumb\":{\"@id\":\"https:\/\/miumjau.ee\/fi\/tuote\/dogfest-treenimakupalat-kalkkunanlihasta-ja-pellavansiemenilla-90-g\/#breadcrumb\"},\"inLanguage\":\"fi\",\"potentialAction\":[{\"@type\":\"ReadAction\",\"target\":[\"https:\/\/miumjau.ee\/fi\/tuote\/dogfest-treenimakupalat-kalkkunanlihasta-ja-pellavansiemenilla-90-g\/\"]}]},{\"@type\":\"ImageObject\",\"inLanguage\":\"fi\",\"@id\":\"https:\/\/miumjau.ee\/fi\/tuote\/dogfest-treenimakupalat-kalkkunanlihasta-ja-pellavansiemenilla-90-g\/#primaryimage\",\"url\":\"https:\/\/miumjau.ee\/wp-content\/uploads\/2025\/04\/dofest-maiused-koertele48.webp\",\"contentUrl\":\"https:\/\/miumjau.ee\/wp-content\/uploads\/2025\/04\/dofest-maiused-koertele48.webp\",\"width\":600,\"height\":800,\"caption\":\"Dogfest maiused koertele\"},{\"@type\":\"BreadcrumbList\",\"@id\":\"https:\/\/miumjau.ee\/fi\/tuote\/dogfest-treenimakupalat-kalkkunanlihasta-ja-pellavansiemenilla-90-g\/#breadcrumb\",\"itemListElement\":[{\"@type\":\"ListItem\",\"position\":1,\"name\":\"Home\",\"item\":\"https:\/\/miumjau.ee\/fi\/\"},{\"@type\":\"ListItem\",\"position\":2,\"name\":\"Kauppa\",\"item\":\"https:\/\/miumjau.ee\/fi\/kauppa\/\"},{\"@type\":\"ListItem\",\"position\":3,\"name\":\"DogFest treenimakupalat kalkkunanlihasta ja pellavansiemenill\u00e4, 90 g\"}]},{\"@type\":\"WebSite\",\"@id\":\"https:\/\/miumjau.ee\/#website\",\"url\":\"https:\/\/miumjau.ee\/\",\"name\":\"MiuMjau\",\"description\":\"Kraapimispuud kassidele\",\"publisher\":{\"@id\":\"https:\/\/miumjau.ee\/#organization\"},\"potentialAction\":[{\"@type\":\"SearchAction\",\"target\":{\"@type\":\"EntryPoint\",\"urlTemplate\":\"https:\/\/miumjau.ee\/?s={search_term_string}\"},\"query-input\":{\"@type\":\"PropertyValueSpecification\",\"valueRequired\":true,\"valueName\":\"search_term_string\"}}],\"inLanguage\":\"fi\"},{\"@type\":\"Organization\",\"@id\":\"https:\/\/miumjau.ee\/#organization\",\"name\":\"MiuMjau O\u00dc\",\"url\":\"https:\/\/miumjau.ee\/\",\"logo\":{\"@type\":\"ImageObject\",\"inLanguage\":\"fi\",\"@id\":\"https:\/\/miumjau.ee\/#\/schema\/logo\/image\/\",\"url\":\"https:\/\/miumjau.ee\/wp-content\/uploads\/2022\/04\/MiuMjau-logo-kollane.png\",\"contentUrl\":\"https:\/\/miumjau.ee\/wp-content\/uploads\/2022\/04\/MiuMjau-logo-kollane.png\",\"width\":219,\"height\":100,\"caption\":\"MiuMjau O\u00dc\"},\"image\":{\"@id\":\"https:\/\/miumjau.ee\/#\/schema\/logo\/image\/\"},\"sameAs\":[\"https:\/\/www.facebook.com\/miumjaupood\/\"]}]}<\/script>\n<!-- \/ Yoast SEO plugin. -->","yoast_head_json":{"title":"DogFest treenimakupalat kalkkunanlihasta ja pellavansiemenill\u00e4, 90 g - MiuMjau","description":"Dogfest-br\u00e4ndi tarjoaa laajan valikoiman herkullisia v\u00e4lipaloja sek\u00e4 kissoille ett\u00e4 koirille. Tule kokeilemaan erilaisia ja l\u00f6yd\u00e4 oma suosikkisi!","robots":{"index":"index","follow":"follow","max-snippet":"max-snippet:-1","max-image-preview":"max-image-preview:large","max-video-preview":"max-video-preview:-1"},"canonical":"https:\/\/miumjau.ee\/fi\/tuote\/dogfest-treenimakupalat-kalkkunanlihasta-ja-pellavansiemenilla-90-g\/","og_locale":"fi_FI","og_type":"article","og_title":"DogFest treenimakupalat kalkkunanlihasta ja pellavansiemenill\u00e4, 90 g - MiuMjau","og_description":"Dogfest-br\u00e4ndi tarjoaa laajan valikoiman herkullisia v\u00e4lipaloja sek\u00e4 kissoille ett\u00e4 koirille. Tule kokeilemaan erilaisia ja l\u00f6yd\u00e4 oma suosikkisi!","og_url":"https:\/\/miumjau.ee\/fi\/tuote\/dogfest-treenimakupalat-kalkkunanlihasta-ja-pellavansiemenilla-90-g\/","og_site_name":"MiuMjau","article_publisher":"https:\/\/www.facebook.com\/miumjaupood\/","article_modified_time":"2026-01-07T20:42:40+00:00","og_image":[{"width":600,"height":800,"url":"https:\/\/miumjau.ee\/wp-content\/uploads\/2025\/04\/dofest-maiused-koertele48.webp","type":"image\/webp"}],"twitter_card":"summary_large_image","schema":{"@context":"https:\/\/schema.org","@graph":[{"@type":"WebPage","@id":"https:\/\/miumjau.ee\/fi\/tuote\/dogfest-treenimakupalat-kalkkunanlihasta-ja-pellavansiemenilla-90-g\/","url":"https:\/\/miumjau.ee\/fi\/tuote\/dogfest-treenimakupalat-kalkkunanlihasta-ja-pellavansiemenilla-90-g\/","name":"DogFest treenimakupalat kalkkunanlihasta ja pellavansiemenill\u00e4, 90 g - MiuMjau","isPartOf":{"@id":"https:\/\/miumjau.ee\/#website"},"primaryImageOfPage":{"@id":"https:\/\/miumjau.ee\/fi\/tuote\/dogfest-treenimakupalat-kalkkunanlihasta-ja-pellavansiemenilla-90-g\/#primaryimage"},"image":{"@id":"https:\/\/miumjau.ee\/fi\/tuote\/dogfest-treenimakupalat-kalkkunanlihasta-ja-pellavansiemenilla-90-g\/#primaryimage"},"thumbnailUrl":"https:\/\/miumjau.ee\/wp-content\/uploads\/2025\/04\/dofest-maiused-koertele48.webp","datePublished":"2025-04-22T10:35:16+00:00","dateModified":"2026-01-07T20:42:40+00:00","description":"Dogfest-br\u00e4ndi tarjoaa laajan valikoiman herkullisia v\u00e4lipaloja sek\u00e4 kissoille ett\u00e4 koirille. Tule kokeilemaan erilaisia ja l\u00f6yd\u00e4 oma suosikkisi!","breadcrumb":{"@id":"https:\/\/miumjau.ee\/fi\/tuote\/dogfest-treenimakupalat-kalkkunanlihasta-ja-pellavansiemenilla-90-g\/#breadcrumb"},"inLanguage":"fi","potentialAction":[{"@type":"ReadAction","target":["https:\/\/miumjau.ee\/fi\/tuote\/dogfest-treenimakupalat-kalkkunanlihasta-ja-pellavansiemenilla-90-g\/"]}]},{"@type":"ImageObject","inLanguage":"fi","@id":"https:\/\/miumjau.ee\/fi\/tuote\/dogfest-treenimakupalat-kalkkunanlihasta-ja-pellavansiemenilla-90-g\/#primaryimage","url":"https:\/\/miumjau.ee\/wp-content\/uploads\/2025\/04\/dofest-maiused-koertele48.webp","contentUrl":"https:\/\/miumjau.ee\/wp-content\/uploads\/2025\/04\/dofest-maiused-koertele48.webp","width":600,"height":800,"caption":"Dogfest maiused koertele"},{"@type":"BreadcrumbList","@id":"https:\/\/miumjau.ee\/fi\/tuote\/dogfest-treenimakupalat-kalkkunanlihasta-ja-pellavansiemenilla-90-g\/#breadcrumb","itemListElement":[{"@type":"ListItem","position":1,"name":"Home","item":"https:\/\/miumjau.ee\/fi\/"},{"@type":"ListItem","position":2,"name":"Kauppa","item":"https:\/\/miumjau.ee\/fi\/kauppa\/"},{"@type":"ListItem","position":3,"name":"DogFest treenimakupalat kalkkunanlihasta ja pellavansiemenill\u00e4, 90 g"}]},{"@type":"WebSite","@id":"https:\/\/miumjau.ee\/#website","url":"https:\/\/miumjau.ee\/","name":"MiuMjau","description":"Kraapimispuud kassidele","publisher":{"@id":"https:\/\/miumjau.ee\/#organization"},"potentialAction":[{"@type":"SearchAction","target":{"@type":"EntryPoint","urlTemplate":"https:\/\/miumjau.ee\/?s={search_term_string}"},"query-input":{"@type":"PropertyValueSpecification","valueRequired":true,"valueName":"search_term_string"}}],"inLanguage":"fi"},{"@type":"Organization","@id":"https:\/\/miumjau.ee\/#organization","name":"MiuMjau O\u00dc","url":"https:\/\/miumjau.ee\/","logo":{"@type":"ImageObject","inLanguage":"fi","@id":"https:\/\/miumjau.ee\/#\/schema\/logo\/image\/","url":"https:\/\/miumjau.ee\/wp-content\/uploads\/2022\/04\/MiuMjau-logo-kollane.png","contentUrl":"https:\/\/miumjau.ee\/wp-content\/uploads\/2022\/04\/MiuMjau-logo-kollane.png","width":219,"height":100,"caption":"MiuMjau O\u00dc"},"image":{"@id":"https:\/\/miumjau.ee\/#\/schema\/logo\/image\/"},"sameAs":["https:\/\/www.facebook.com\/miumjaupood\/"]}]}},"_links":{"self":[{"href":"https:\/\/miumjau.ee\/fi\/wp-json\/wp\/v2\/product\/49942","targetHints":{"allow":["GET"]}}],"collection":[{"href":"https:\/\/miumjau.ee\/fi\/wp-json\/wp\/v2\/product"}],"about":[{"href":"https:\/\/miumjau.ee\/fi\/wp-json\/wp\/v2\/types\/product"}],"wp:featuredmedia":[{"embeddable":true,"href":"https:\/\/miumjau.ee\/fi\/wp-json\/wp\/v2\/media\/33011"}],"wp:attachment":[{"href":"https:\/\/miumjau.ee\/fi\/wp-json\/wp\/v2\/media?parent=49942"}],"wp:term":[{"taxonomy":"product_brand","embeddable":true,"href":"https:\/\/miumjau.ee\/fi\/wp-json\/wp\/v2\/product_brand?post=49942"},{"taxonomy":"product_cat","embeddable":true,"href":"https:\/\/miumjau.ee\/fi\/wp-json\/wp\/v2\/product_cat?post=49942"},{"taxonomy":"product_tag","embeddable":true,"href":"https:\/\/miumjau.ee\/fi\/wp-json\/wp\/v2\/product_tag?post=49942"}],"curies":[{"name":"wp","href":"https:\/\/api.w.org\/{rel}","templated":true}]}}