{"id":49616,"date":"2025-05-16T09:46:35","date_gmt":"2025-05-16T06:46:35","guid":{"rendered":"https:\/\/miumjau.ee\/toode\/siankorvan-suikaleet-500g-luonnollinen-herkku-koirille\/"},"modified":"2026-01-07T22:42:47","modified_gmt":"2026-01-07T20:42:47","slug":"siankorvan-suikaleet-500g-luonnollinen-herkku-koirille","status":"publish","type":"product","link":"https:\/\/miumjau.ee\/fi\/tuote\/siankorvan-suikaleet-500g-luonnollinen-herkku-koirille\/","title":{"rendered":"Siankorvan suikaleet 500g &#8211; luonnollinen herkku koirille"},"content":{"rendered":"","protected":false},"excerpt":{"rendered":"<p>Siankorvat ovat koirien suosikki pureskeluherkku, joka koostuu p\u00e4\u00e4asiassa rapeasta ja maukkaasta rustosta. Ne vahvistavat leukalihaksia ja auttavat puhdistamaan hampaita. SANADOG-siankorvaliuskat ovat eritt\u00e4in suuria, niiss\u00e4 on miellytt\u00e4v\u00e4 pekonin tuoksu ja ne ovat helposti sulavia \u2013 t\u00e4ydellisi\u00e4 niin innokkaille pureskelijoille kuin herkkusuillekin.<\/p>\n<p>Tuote on k\u00e4sintehty omassa tuotannossamme, ilman viljaa, soijaa, keinotekoisia lis\u00e4aineita tai lihanj\u00e4tteit\u00e4. Hell\u00e4varainen ilmakuivausmenetelm\u00e4 s\u00e4ilytt\u00e4\u00e4 luonnolliset ravintoaineet ja varmistaa korkean laadun. Huolella valitut siankorvat tulevat paikallisilta toimittajilta ja ovat 100 % j\u00e4ljitett\u00e4viss\u00e4.<\/p>\n<p>Ainesosat: 100 % siankorvaa<br \/>\nRavintosis\u00e4lt\u00f6: Proteiini \u2013 45 %, Rasva \u2013 24,9 %, Kosteus \u2013 12 %, Tuhka \u2013 5,4 %, Kuitu \u2013 7,5 %<br \/>\nPakkaus: uudelleensuljettava, k\u00e4yt\u00e4nn\u00f6llinen pussi<br \/>\nS\u00e4ilytys: s\u00e4ilyt\u00e4 viile\u00e4ss\u00e4, kuivassa ja auringonvalolta suojassa<br \/>\nK\u00e4ytt\u00f6: palkintona tai v\u00e4lipalana. V\u00e4henn\u00e4 ruoan m\u00e4\u00e4r\u00e4\u00e4 tarvittaessa. Raikasta juomavett\u00e4 on aina oltava saatavilla. Ei sovellu alle 3 kuukauden ik\u00e4isille koirille.<\/p>\n","protected":false},"featured_media":34744,"template":"","meta":[],"product_brand":[],"product_cat":[480],"product_tag":[],"class_list":{"0":"post-49616","1":"product","2":"type-product","3":"status-publish","4":"has-post-thumbnail","6":"product_cat-herkut-koirille","8":"first","9":"instock","10":"taxable","11":"shipping-taxable","12":"purchasable","13":"product-type-simple"},"yoast_head":"<!-- This site is optimized with the Yoast SEO plugin v27.2 - https:\/\/yoast.com\/product\/yoast-seo-wordpress\/ -->\n<title>Siankorvan suikaleet 500g - luonnollinen herkku koirille - MiuMjau<\/title>\n<meta name=\"description\" content=\"Siankorvat ovat koirien suosikki pureskeluherkku, joka koostuu p\u00e4\u00e4asiassa rapeista ja maukkaista rustoista. Ne vahvistavat leukalihaksia ja auttavat puhdistamaan hampaita.\" \/>\n<meta name=\"robots\" content=\"index, follow, max-snippet:-1, max-image-preview:large, max-video-preview:-1\" \/>\n<link rel=\"canonical\" href=\"https:\/\/miumjau.ee\/fi\/tuote\/siankorvan-suikaleet-500g-luonnollinen-herkku-koirille\/\" \/>\n<meta property=\"og:locale\" content=\"fi_FI\" \/>\n<meta property=\"og:type\" content=\"article\" \/>\n<meta property=\"og:title\" content=\"Siankorvan suikaleet 500g - luonnollinen herkku koirille - MiuMjau\" \/>\n<meta property=\"og:description\" content=\"Siankorvat ovat koirien suosikki pureskeluherkku, joka koostuu p\u00e4\u00e4asiassa rapeista ja maukkaista rustoista. Ne vahvistavat leukalihaksia ja auttavat puhdistamaan hampaita.\" \/>\n<meta property=\"og:url\" content=\"https:\/\/miumjau.ee\/fi\/tuote\/siankorvan-suikaleet-500g-luonnollinen-herkku-koirille\/\" \/>\n<meta property=\"og:site_name\" content=\"MiuMjau\" \/>\n<meta property=\"article:publisher\" content=\"https:\/\/www.facebook.com\/miumjaupood\/\" \/>\n<meta property=\"article:modified_time\" content=\"2026-01-07T20:42:47+00:00\" \/>\n<meta property=\"og:image\" content=\"https:\/\/miumjau.ee\/wp-content\/uploads\/2025\/05\/koera-maius-6.jpg\" \/>\n\t<meta property=\"og:image:width\" content=\"600\" \/>\n\t<meta property=\"og:image:height\" content=\"800\" \/>\n\t<meta property=\"og:image:type\" content=\"image\/jpeg\" \/>\n<meta name=\"twitter:card\" content=\"summary_large_image\" \/>\n<script type=\"application\/ld+json\" class=\"yoast-schema-graph\">{\"@context\":\"https:\/\/schema.org\",\"@graph\":[{\"@type\":\"WebPage\",\"@id\":\"https:\/\/miumjau.ee\/fi\/tuote\/siankorvan-suikaleet-500g-luonnollinen-herkku-koirille\/\",\"url\":\"https:\/\/miumjau.ee\/fi\/tuote\/siankorvan-suikaleet-500g-luonnollinen-herkku-koirille\/\",\"name\":\"Siankorvan suikaleet 500g - luonnollinen herkku koirille - MiuMjau\",\"isPartOf\":{\"@id\":\"https:\/\/miumjau.ee\/#website\"},\"primaryImageOfPage\":{\"@id\":\"https:\/\/miumjau.ee\/fi\/tuote\/siankorvan-suikaleet-500g-luonnollinen-herkku-koirille\/#primaryimage\"},\"image\":{\"@id\":\"https:\/\/miumjau.ee\/fi\/tuote\/siankorvan-suikaleet-500g-luonnollinen-herkku-koirille\/#primaryimage\"},\"thumbnailUrl\":\"https:\/\/miumjau.ee\/wp-content\/uploads\/2025\/05\/koera-maius-6.jpg\",\"datePublished\":\"2025-05-16T06:46:35+00:00\",\"dateModified\":\"2026-01-07T20:42:47+00:00\",\"description\":\"Siankorvat ovat koirien suosikki pureskeluherkku, joka koostuu p\u00e4\u00e4asiassa rapeista ja maukkaista rustoista. Ne vahvistavat leukalihaksia ja auttavat puhdistamaan hampaita.\",\"breadcrumb\":{\"@id\":\"https:\/\/miumjau.ee\/fi\/tuote\/siankorvan-suikaleet-500g-luonnollinen-herkku-koirille\/#breadcrumb\"},\"inLanguage\":\"fi\",\"potentialAction\":[{\"@type\":\"ReadAction\",\"target\":[\"https:\/\/miumjau.ee\/fi\/tuote\/siankorvan-suikaleet-500g-luonnollinen-herkku-koirille\/\"]}]},{\"@type\":\"ImageObject\",\"inLanguage\":\"fi\",\"@id\":\"https:\/\/miumjau.ee\/fi\/tuote\/siankorvan-suikaleet-500g-luonnollinen-herkku-koirille\/#primaryimage\",\"url\":\"https:\/\/miumjau.ee\/wp-content\/uploads\/2025\/05\/koera-maius-6.jpg\",\"contentUrl\":\"https:\/\/miumjau.ee\/wp-content\/uploads\/2025\/05\/koera-maius-6.jpg\",\"width\":600,\"height\":800,\"caption\":\"Sea k\u00f5rvade ribad 500g - naturaalne maius koertele\"},{\"@type\":\"BreadcrumbList\",\"@id\":\"https:\/\/miumjau.ee\/fi\/tuote\/siankorvan-suikaleet-500g-luonnollinen-herkku-koirille\/#breadcrumb\",\"itemListElement\":[{\"@type\":\"ListItem\",\"position\":1,\"name\":\"Home\",\"item\":\"https:\/\/miumjau.ee\/fi\/\"},{\"@type\":\"ListItem\",\"position\":2,\"name\":\"Kauppa\",\"item\":\"https:\/\/miumjau.ee\/fi\/kauppa\/\"},{\"@type\":\"ListItem\",\"position\":3,\"name\":\"Siankorvan suikaleet 500g &#8211; luonnollinen herkku koirille\"}]},{\"@type\":\"WebSite\",\"@id\":\"https:\/\/miumjau.ee\/#website\",\"url\":\"https:\/\/miumjau.ee\/\",\"name\":\"MiuMjau\",\"description\":\"Kraapimispuud kassidele\",\"publisher\":{\"@id\":\"https:\/\/miumjau.ee\/#organization\"},\"potentialAction\":[{\"@type\":\"SearchAction\",\"target\":{\"@type\":\"EntryPoint\",\"urlTemplate\":\"https:\/\/miumjau.ee\/?s={search_term_string}\"},\"query-input\":{\"@type\":\"PropertyValueSpecification\",\"valueRequired\":true,\"valueName\":\"search_term_string\"}}],\"inLanguage\":\"fi\"},{\"@type\":\"Organization\",\"@id\":\"https:\/\/miumjau.ee\/#organization\",\"name\":\"MiuMjau O\u00dc\",\"url\":\"https:\/\/miumjau.ee\/\",\"logo\":{\"@type\":\"ImageObject\",\"inLanguage\":\"fi\",\"@id\":\"https:\/\/miumjau.ee\/#\/schema\/logo\/image\/\",\"url\":\"https:\/\/miumjau.ee\/wp-content\/uploads\/2022\/04\/MiuMjau-logo-kollane.png\",\"contentUrl\":\"https:\/\/miumjau.ee\/wp-content\/uploads\/2022\/04\/MiuMjau-logo-kollane.png\",\"width\":219,\"height\":100,\"caption\":\"MiuMjau O\u00dc\"},\"image\":{\"@id\":\"https:\/\/miumjau.ee\/#\/schema\/logo\/image\/\"},\"sameAs\":[\"https:\/\/www.facebook.com\/miumjaupood\/\"]}]}<\/script>\n<!-- \/ Yoast SEO plugin. -->","yoast_head_json":{"title":"Siankorvan suikaleet 500g - luonnollinen herkku koirille - MiuMjau","description":"Siankorvat ovat koirien suosikki pureskeluherkku, joka koostuu p\u00e4\u00e4asiassa rapeista ja maukkaista rustoista. Ne vahvistavat leukalihaksia ja auttavat puhdistamaan hampaita.","robots":{"index":"index","follow":"follow","max-snippet":"max-snippet:-1","max-image-preview":"max-image-preview:large","max-video-preview":"max-video-preview:-1"},"canonical":"https:\/\/miumjau.ee\/fi\/tuote\/siankorvan-suikaleet-500g-luonnollinen-herkku-koirille\/","og_locale":"fi_FI","og_type":"article","og_title":"Siankorvan suikaleet 500g - luonnollinen herkku koirille - MiuMjau","og_description":"Siankorvat ovat koirien suosikki pureskeluherkku, joka koostuu p\u00e4\u00e4asiassa rapeista ja maukkaista rustoista. Ne vahvistavat leukalihaksia ja auttavat puhdistamaan hampaita.","og_url":"https:\/\/miumjau.ee\/fi\/tuote\/siankorvan-suikaleet-500g-luonnollinen-herkku-koirille\/","og_site_name":"MiuMjau","article_publisher":"https:\/\/www.facebook.com\/miumjaupood\/","article_modified_time":"2026-01-07T20:42:47+00:00","og_image":[{"width":600,"height":800,"url":"https:\/\/miumjau.ee\/wp-content\/uploads\/2025\/05\/koera-maius-6.jpg","type":"image\/jpeg"}],"twitter_card":"summary_large_image","schema":{"@context":"https:\/\/schema.org","@graph":[{"@type":"WebPage","@id":"https:\/\/miumjau.ee\/fi\/tuote\/siankorvan-suikaleet-500g-luonnollinen-herkku-koirille\/","url":"https:\/\/miumjau.ee\/fi\/tuote\/siankorvan-suikaleet-500g-luonnollinen-herkku-koirille\/","name":"Siankorvan suikaleet 500g - luonnollinen herkku koirille - MiuMjau","isPartOf":{"@id":"https:\/\/miumjau.ee\/#website"},"primaryImageOfPage":{"@id":"https:\/\/miumjau.ee\/fi\/tuote\/siankorvan-suikaleet-500g-luonnollinen-herkku-koirille\/#primaryimage"},"image":{"@id":"https:\/\/miumjau.ee\/fi\/tuote\/siankorvan-suikaleet-500g-luonnollinen-herkku-koirille\/#primaryimage"},"thumbnailUrl":"https:\/\/miumjau.ee\/wp-content\/uploads\/2025\/05\/koera-maius-6.jpg","datePublished":"2025-05-16T06:46:35+00:00","dateModified":"2026-01-07T20:42:47+00:00","description":"Siankorvat ovat koirien suosikki pureskeluherkku, joka koostuu p\u00e4\u00e4asiassa rapeista ja maukkaista rustoista. Ne vahvistavat leukalihaksia ja auttavat puhdistamaan hampaita.","breadcrumb":{"@id":"https:\/\/miumjau.ee\/fi\/tuote\/siankorvan-suikaleet-500g-luonnollinen-herkku-koirille\/#breadcrumb"},"inLanguage":"fi","potentialAction":[{"@type":"ReadAction","target":["https:\/\/miumjau.ee\/fi\/tuote\/siankorvan-suikaleet-500g-luonnollinen-herkku-koirille\/"]}]},{"@type":"ImageObject","inLanguage":"fi","@id":"https:\/\/miumjau.ee\/fi\/tuote\/siankorvan-suikaleet-500g-luonnollinen-herkku-koirille\/#primaryimage","url":"https:\/\/miumjau.ee\/wp-content\/uploads\/2025\/05\/koera-maius-6.jpg","contentUrl":"https:\/\/miumjau.ee\/wp-content\/uploads\/2025\/05\/koera-maius-6.jpg","width":600,"height":800,"caption":"Sea k\u00f5rvade ribad 500g - naturaalne maius koertele"},{"@type":"BreadcrumbList","@id":"https:\/\/miumjau.ee\/fi\/tuote\/siankorvan-suikaleet-500g-luonnollinen-herkku-koirille\/#breadcrumb","itemListElement":[{"@type":"ListItem","position":1,"name":"Home","item":"https:\/\/miumjau.ee\/fi\/"},{"@type":"ListItem","position":2,"name":"Kauppa","item":"https:\/\/miumjau.ee\/fi\/kauppa\/"},{"@type":"ListItem","position":3,"name":"Siankorvan suikaleet 500g &#8211; luonnollinen herkku koirille"}]},{"@type":"WebSite","@id":"https:\/\/miumjau.ee\/#website","url":"https:\/\/miumjau.ee\/","name":"MiuMjau","description":"Kraapimispuud kassidele","publisher":{"@id":"https:\/\/miumjau.ee\/#organization"},"potentialAction":[{"@type":"SearchAction","target":{"@type":"EntryPoint","urlTemplate":"https:\/\/miumjau.ee\/?s={search_term_string}"},"query-input":{"@type":"PropertyValueSpecification","valueRequired":true,"valueName":"search_term_string"}}],"inLanguage":"fi"},{"@type":"Organization","@id":"https:\/\/miumjau.ee\/#organization","name":"MiuMjau O\u00dc","url":"https:\/\/miumjau.ee\/","logo":{"@type":"ImageObject","inLanguage":"fi","@id":"https:\/\/miumjau.ee\/#\/schema\/logo\/image\/","url":"https:\/\/miumjau.ee\/wp-content\/uploads\/2022\/04\/MiuMjau-logo-kollane.png","contentUrl":"https:\/\/miumjau.ee\/wp-content\/uploads\/2022\/04\/MiuMjau-logo-kollane.png","width":219,"height":100,"caption":"MiuMjau O\u00dc"},"image":{"@id":"https:\/\/miumjau.ee\/#\/schema\/logo\/image\/"},"sameAs":["https:\/\/www.facebook.com\/miumjaupood\/"]}]}},"_links":{"self":[{"href":"https:\/\/miumjau.ee\/fi\/wp-json\/wp\/v2\/product\/49616","targetHints":{"allow":["GET"]}}],"collection":[{"href":"https:\/\/miumjau.ee\/fi\/wp-json\/wp\/v2\/product"}],"about":[{"href":"https:\/\/miumjau.ee\/fi\/wp-json\/wp\/v2\/types\/product"}],"wp:featuredmedia":[{"embeddable":true,"href":"https:\/\/miumjau.ee\/fi\/wp-json\/wp\/v2\/media\/34744"}],"wp:attachment":[{"href":"https:\/\/miumjau.ee\/fi\/wp-json\/wp\/v2\/media?parent=49616"}],"wp:term":[{"taxonomy":"product_brand","embeddable":true,"href":"https:\/\/miumjau.ee\/fi\/wp-json\/wp\/v2\/product_brand?post=49616"},{"taxonomy":"product_cat","embeddable":true,"href":"https:\/\/miumjau.ee\/fi\/wp-json\/wp\/v2\/product_cat?post=49616"},{"taxonomy":"product_tag","embeddable":true,"href":"https:\/\/miumjau.ee\/fi\/wp-json\/wp\/v2\/product_tag?post=49616"}],"curies":[{"name":"wp","href":"https:\/\/api.w.org\/{rel}","templated":true}]}}