{"id":49509,"date":"2025-07-20T14:29:27","date_gmt":"2025-07-20T11:29:27","guid":{"rendered":"https:\/\/miumjau.ee\/toode\/koirahakki-vahvistettu-xl-106x71x77cm\/"},"modified":"2026-01-07T22:42:47","modified_gmt":"2026-01-07T20:42:47","slug":"koirahakki-vahvistettu-xl-106x71x77cm","status":"publish","type":"product","link":"https:\/\/miumjau.ee\/fi\/tuote\/koirahakki-vahvistettu-xl-106x71x77cm\/","title":{"rendered":"Koirah\u00e4kki (vahvistettu) XL 106x71x77cm"},"content":{"rendered":"","protected":false},"excerpt":{"rendered":"<p data-start=\"1376\" data-end=\"1595\">Monitoiminen metallih\u00e4kki, jossa on kaksi sis\u00e4\u00e4nk\u00e4ynti\u00e4. H\u00e4kki on huolellisesti valmistettu, ja laadukas viimeistely takaa lemmikin turvallisuuden ja pitk\u00e4n k\u00e4ytt\u00f6i\u00e4n. <em data-start=\"1544\" data-end=\"1593\">Rakenne k\u00e4ytt\u00e4\u00e4 4,7\/4,1\/4,1 mm paksuja lankoja.<\/em><\/p>\n<p data-start=\"1597\" data-end=\"1710\">Mitat: Pituus 106 cm, Leveys 71 cm, Korkeus 77 cm. H\u00e4kin paino: 17 kg. Tuotteen paino pakkauksen kanssa: 19 kg.<\/p>\n<p data-start=\"1712\" data-end=\"1728\">Ovien m\u00e4\u00e4r\u00e4: 2<\/p>\n<p data-start=\"1730\" data-end=\"1749\"><strong data-start=\"1730\" data-end=\"1747\">Ominaisuudet:<\/strong><\/p>\n<ul data-start=\"1750\" data-end=\"2111\">\n<li data-start=\"1750\" data-end=\"1773\">\n<p data-start=\"1752\" data-end=\"1773\">Irrotettava alusta.<\/p>\n<\/li>\n<li data-start=\"1774\" data-end=\"1817\">\n<p data-start=\"1776\" data-end=\"1817\">Eritt\u00e4in kevyt ja kest\u00e4v\u00e4 ter\u00e4srakenne.<\/p>\n<\/li>\n<li data-start=\"1818\" data-end=\"1839\">\n<p data-start=\"1820\" data-end=\"1839\">Helppo puhdistaa.<\/p>\n<\/li>\n<li data-start=\"1840\" data-end=\"1903\">\n<p data-start=\"1842\" data-end=\"1903\">K\u00e4\u00e4nnett\u00e4v\u00e4 kahva molemmilla puolilla helppoon kantamiseen.<\/p>\n<\/li>\n<li data-start=\"1904\" data-end=\"1951\">\n<p data-start=\"1906\" data-end=\"1951\">Nopea kokoaminen, ei ruuveja tai ty\u00f6kaluja.<\/p>\n<\/li>\n<li data-start=\"1952\" data-end=\"1978\">\n<p data-start=\"1954\" data-end=\"1978\">Taittuu matkalaukuksi.<\/p>\n<\/li>\n<li data-start=\"1979\" data-end=\"2032\">\n<p data-start=\"1981\" data-end=\"2032\">Helppo s\u00e4ilytt\u00e4\u00e4 ja kuljettaa kokoamisen j\u00e4lkeen.<\/p>\n<\/li>\n<li data-start=\"2033\" data-end=\"2111\">\n<p data-start=\"2035\" data-end=\"2111\">Ei ter\u00e4vi\u00e4 reunoja, takaa lemmikin turvallisuuden ja suojaa muita pintoja.<\/p>\n<\/li>\n<\/ul>\n<p data-start=\"2113\" data-end=\"2135\"><strong data-start=\"2113\" data-end=\"2133\">Tekniset tiedot:<\/strong><\/p>\n<ul data-start=\"2136\" data-end=\"2576\">\n<li data-start=\"2136\" data-end=\"2160\">\n<p data-start=\"2138\" data-end=\"2160\">Lankojen v\u00e4li: 35 mm<\/p>\n<\/li>\n<li data-start=\"2161\" data-end=\"2189\">\n<p data-start=\"2163\" data-end=\"2189\">P\u00e4\u00e4-\/runkolangat: 4,7 mm<\/p>\n<\/li>\n<li data-start=\"2190\" data-end=\"2230\">\n<p data-start=\"2192\" data-end=\"2230\">Paksuus (pystysuorat langat): 4,1 mm<\/p>\n<\/li>\n<li data-start=\"2231\" data-end=\"2271\">\n<p data-start=\"2233\" data-end=\"2271\">Paksuus (vaakasuorat langat): 4,1 mm<\/p>\n<\/li>\n<li data-start=\"2272\" data-end=\"2339\">\n<p data-start=\"2274\" data-end=\"2339\">Sis\u00e4\u00e4nk\u00e4ynti \u2013 p\u00e4\u00e4ovi (pitk\u00e4 sivu): 54 \u00d7 59 cm (leveys\/korkeus)<\/p>\n<\/li>\n<li data-start=\"2340\" data-end=\"2410\">\n<p data-start=\"2342\" data-end=\"2410\">Sis\u00e4\u00e4nk\u00e4ynti \u2013 lyhyen sivun oikea ovi: 53 \u00d7 53 cm (leveys\/korkeus)<\/p>\n<\/li>\n<li data-start=\"2411\" data-end=\"2537\">\n<p data-start=\"2413\" data-end=\"2537\">L-muotoinen lukko est\u00e4\u00e4 koiraa ty\u00f6nt\u00e4m\u00e4st\u00e4 ovea auki. Kest\u00e4vin lukitusj\u00e4rjestelm\u00e4, jota k\u00e4ytet\u00e4\u00e4n h\u00e4keiss\u00e4 ja aitauksissa.<\/p>\n<\/li>\n<li data-start=\"2538\" data-end=\"2576\">\n<p data-start=\"2540\" data-end=\"2576\">Jokaisessa ovessa on kaksi lukkoa.<\/p>\n<\/li>\n<\/ul>\n","protected":false},"featured_media":37825,"template":"","meta":[],"product_brand":[],"product_cat":[482],"product_tag":[],"class_list":{"0":"post-49509","1":"product","2":"type-product","3":"status-publish","4":"has-post-thumbnail","6":"product_cat-hakit-kantolaukut","7":"product_shipping_class-pakiautomaati-sobimatu-fi","9":"first","10":"instock","11":"taxable","12":"shipping-taxable","13":"purchasable","14":"product-type-simple"},"yoast_head":"<!-- This site is optimized with the Yoast SEO plugin v27.2 - https:\/\/yoast.com\/product\/yoast-seo-wordpress\/ -->\n<title>Koirah\u00e4kki (vahvistettu) XL 106x71x77cm - MiuMjau<\/title>\n<meta name=\"robots\" content=\"index, follow, max-snippet:-1, max-image-preview:large, max-video-preview:-1\" \/>\n<link rel=\"canonical\" href=\"https:\/\/miumjau.ee\/fi\/tuote\/koirahakki-vahvistettu-xl-106x71x77cm\/\" \/>\n<meta property=\"og:locale\" content=\"fi_FI\" \/>\n<meta property=\"og:type\" content=\"article\" \/>\n<meta property=\"og:title\" content=\"Koirah\u00e4kki (vahvistettu) XL 106x71x77cm - MiuMjau\" \/>\n<meta property=\"og:description\" content=\"Monitoiminen metallih\u00e4kki, jossa on kaksi sis\u00e4\u00e4nk\u00e4ynti\u00e4. H\u00e4kki on huolellisesti valmistettu, ja laadukas viimeistely takaa lemmikin turvallisuuden ja pitk\u00e4n k\u00e4ytt\u00f6i\u00e4n. Rakenne k\u00e4ytt\u00e4\u00e4 4,7\/4,1\/4,1 mm paksuja lankoja. Mitat: Pituus 106 cm, Leveys 71 cm, Korkeus 77 cm. H\u00e4kin paino: 17 kg. Tuotteen paino pakkauksen kanssa: 19 kg. Ovien m\u00e4\u00e4r\u00e4: 2 Ominaisuudet:     Irrotettava alusta.    Eritt\u00e4in kevyt ja kest\u00e4v\u00e4 ter\u00e4srakenne.    Helppo puhdistaa.    K\u00e4\u00e4nnett\u00e4v\u00e4 kahva molemmilla puolilla helppoon kantamiseen.    Nopea kokoaminen, ei ruuveja tai ty\u00f6kaluja.    Taittuu matkalaukuksi.    Helppo s\u00e4ilytt\u00e4\u00e4 ja kuljettaa kokoamisen j\u00e4lkeen.    Ei ter\u00e4vi\u00e4 reunoja, takaa lemmikin turvallisuuden ja suojaa muita pintoja.   Tekniset tiedot:     Lankojen v\u00e4li: 35 mm    P\u00e4\u00e4-\/runkolangat: 4,7 mm    Paksuus (pystysuorat langat): 4,1 mm    Paksuus (vaakasuorat langat): 4,1 mm    Sis\u00e4\u00e4nk\u00e4ynti \u2013 p\u00e4\u00e4ovi (pitk\u00e4 sivu): 54 \u00d7 59 cm (leveys\/korkeus)    Sis\u00e4\u00e4nk\u00e4ynti \u2013 lyhyen sivun oikea ovi: 53 \u00d7 53 cm (leveys\/korkeus)    L-muotoinen lukko est\u00e4\u00e4 koiraa ty\u00f6nt\u00e4m\u00e4st\u00e4 ovea auki. Kest\u00e4vin lukitusj\u00e4rjestelm\u00e4, jota k\u00e4ytet\u00e4\u00e4n h\u00e4keiss\u00e4 ja aitauksissa.    Jokaisessa ovessa on kaksi lukkoa.\" \/>\n<meta property=\"og:url\" content=\"https:\/\/miumjau.ee\/fi\/tuote\/koirahakki-vahvistettu-xl-106x71x77cm\/\" \/>\n<meta property=\"og:site_name\" content=\"MiuMjau\" \/>\n<meta property=\"article:publisher\" content=\"https:\/\/www.facebook.com\/miumjaupood\/\" \/>\n<meta property=\"article:modified_time\" content=\"2026-01-07T20:42:47+00:00\" \/>\n<meta property=\"og:image\" content=\"https:\/\/miumjau.ee\/wp-content\/uploads\/2025\/07\/koerapuur-puur-L3-Photoroom.jpg\" \/>\n\t<meta property=\"og:image:width\" content=\"600\" \/>\n\t<meta property=\"og:image:height\" content=\"800\" \/>\n\t<meta property=\"og:image:type\" content=\"image\/jpeg\" \/>\n<meta name=\"twitter:card\" content=\"summary_large_image\" \/>\n<script type=\"application\/ld+json\" class=\"yoast-schema-graph\">{\"@context\":\"https:\/\/schema.org\",\"@graph\":[{\"@type\":\"WebPage\",\"@id\":\"https:\/\/miumjau.ee\/fi\/tuote\/koirahakki-vahvistettu-xl-106x71x77cm\/\",\"url\":\"https:\/\/miumjau.ee\/fi\/tuote\/koirahakki-vahvistettu-xl-106x71x77cm\/\",\"name\":\"Koirah\u00e4kki (vahvistettu) XL 106x71x77cm - MiuMjau\",\"isPartOf\":{\"@id\":\"https:\/\/miumjau.ee\/#website\"},\"primaryImageOfPage\":{\"@id\":\"https:\/\/miumjau.ee\/fi\/tuote\/koirahakki-vahvistettu-xl-106x71x77cm\/#primaryimage\"},\"image\":{\"@id\":\"https:\/\/miumjau.ee\/fi\/tuote\/koirahakki-vahvistettu-xl-106x71x77cm\/#primaryimage\"},\"thumbnailUrl\":\"https:\/\/miumjau.ee\/wp-content\/uploads\/2025\/07\/koerapuur-puur-L3-Photoroom.jpg\",\"datePublished\":\"2025-07-20T11:29:27+00:00\",\"dateModified\":\"2026-01-07T20:42:47+00:00\",\"breadcrumb\":{\"@id\":\"https:\/\/miumjau.ee\/fi\/tuote\/koirahakki-vahvistettu-xl-106x71x77cm\/#breadcrumb\"},\"inLanguage\":\"fi\",\"potentialAction\":[{\"@type\":\"ReadAction\",\"target\":[\"https:\/\/miumjau.ee\/fi\/tuote\/koirahakki-vahvistettu-xl-106x71x77cm\/\"]}]},{\"@type\":\"ImageObject\",\"inLanguage\":\"fi\",\"@id\":\"https:\/\/miumjau.ee\/fi\/tuote\/koirahakki-vahvistettu-xl-106x71x77cm\/#primaryimage\",\"url\":\"https:\/\/miumjau.ee\/wp-content\/uploads\/2025\/07\/koerapuur-puur-L3-Photoroom.jpg\",\"contentUrl\":\"https:\/\/miumjau.ee\/wp-content\/uploads\/2025\/07\/koerapuur-puur-L3-Photoroom.jpg\",\"width\":600,\"height\":800,\"caption\":\"Koera puur (tugevdatud) XL 106x71x77cm\"},{\"@type\":\"BreadcrumbList\",\"@id\":\"https:\/\/miumjau.ee\/fi\/tuote\/koirahakki-vahvistettu-xl-106x71x77cm\/#breadcrumb\",\"itemListElement\":[{\"@type\":\"ListItem\",\"position\":1,\"name\":\"Home\",\"item\":\"https:\/\/miumjau.ee\/fi\/\"},{\"@type\":\"ListItem\",\"position\":2,\"name\":\"Kauppa\",\"item\":\"https:\/\/miumjau.ee\/fi\/kauppa\/\"},{\"@type\":\"ListItem\",\"position\":3,\"name\":\"Koirah\u00e4kki (vahvistettu) XL 106x71x77cm\"}]},{\"@type\":\"WebSite\",\"@id\":\"https:\/\/miumjau.ee\/#website\",\"url\":\"https:\/\/miumjau.ee\/\",\"name\":\"MiuMjau\",\"description\":\"Kraapimispuud kassidele\",\"publisher\":{\"@id\":\"https:\/\/miumjau.ee\/#organization\"},\"potentialAction\":[{\"@type\":\"SearchAction\",\"target\":{\"@type\":\"EntryPoint\",\"urlTemplate\":\"https:\/\/miumjau.ee\/?s={search_term_string}\"},\"query-input\":{\"@type\":\"PropertyValueSpecification\",\"valueRequired\":true,\"valueName\":\"search_term_string\"}}],\"inLanguage\":\"fi\"},{\"@type\":\"Organization\",\"@id\":\"https:\/\/miumjau.ee\/#organization\",\"name\":\"MiuMjau O\u00dc\",\"url\":\"https:\/\/miumjau.ee\/\",\"logo\":{\"@type\":\"ImageObject\",\"inLanguage\":\"fi\",\"@id\":\"https:\/\/miumjau.ee\/#\/schema\/logo\/image\/\",\"url\":\"https:\/\/miumjau.ee\/wp-content\/uploads\/2022\/04\/MiuMjau-logo-kollane.png\",\"contentUrl\":\"https:\/\/miumjau.ee\/wp-content\/uploads\/2022\/04\/MiuMjau-logo-kollane.png\",\"width\":219,\"height\":100,\"caption\":\"MiuMjau O\u00dc\"},\"image\":{\"@id\":\"https:\/\/miumjau.ee\/#\/schema\/logo\/image\/\"},\"sameAs\":[\"https:\/\/www.facebook.com\/miumjaupood\/\"]}]}<\/script>\n<!-- \/ Yoast SEO plugin. -->","yoast_head_json":{"title":"Koirah\u00e4kki (vahvistettu) XL 106x71x77cm - MiuMjau","robots":{"index":"index","follow":"follow","max-snippet":"max-snippet:-1","max-image-preview":"max-image-preview:large","max-video-preview":"max-video-preview:-1"},"canonical":"https:\/\/miumjau.ee\/fi\/tuote\/koirahakki-vahvistettu-xl-106x71x77cm\/","og_locale":"fi_FI","og_type":"article","og_title":"Koirah\u00e4kki (vahvistettu) XL 106x71x77cm - MiuMjau","og_description":"Monitoiminen metallih\u00e4kki, jossa on kaksi sis\u00e4\u00e4nk\u00e4ynti\u00e4. H\u00e4kki on huolellisesti valmistettu, ja laadukas viimeistely takaa lemmikin turvallisuuden ja pitk\u00e4n k\u00e4ytt\u00f6i\u00e4n. Rakenne k\u00e4ytt\u00e4\u00e4 4,7\/4,1\/4,1 mm paksuja lankoja. Mitat: Pituus 106 cm, Leveys 71 cm, Korkeus 77 cm. H\u00e4kin paino: 17 kg. Tuotteen paino pakkauksen kanssa: 19 kg. Ovien m\u00e4\u00e4r\u00e4: 2 Ominaisuudet:     Irrotettava alusta.    Eritt\u00e4in kevyt ja kest\u00e4v\u00e4 ter\u00e4srakenne.    Helppo puhdistaa.    K\u00e4\u00e4nnett\u00e4v\u00e4 kahva molemmilla puolilla helppoon kantamiseen.    Nopea kokoaminen, ei ruuveja tai ty\u00f6kaluja.    Taittuu matkalaukuksi.    Helppo s\u00e4ilytt\u00e4\u00e4 ja kuljettaa kokoamisen j\u00e4lkeen.    Ei ter\u00e4vi\u00e4 reunoja, takaa lemmikin turvallisuuden ja suojaa muita pintoja.   Tekniset tiedot:     Lankojen v\u00e4li: 35 mm    P\u00e4\u00e4-\/runkolangat: 4,7 mm    Paksuus (pystysuorat langat): 4,1 mm    Paksuus (vaakasuorat langat): 4,1 mm    Sis\u00e4\u00e4nk\u00e4ynti \u2013 p\u00e4\u00e4ovi (pitk\u00e4 sivu): 54 \u00d7 59 cm (leveys\/korkeus)    Sis\u00e4\u00e4nk\u00e4ynti \u2013 lyhyen sivun oikea ovi: 53 \u00d7 53 cm (leveys\/korkeus)    L-muotoinen lukko est\u00e4\u00e4 koiraa ty\u00f6nt\u00e4m\u00e4st\u00e4 ovea auki. Kest\u00e4vin lukitusj\u00e4rjestelm\u00e4, jota k\u00e4ytet\u00e4\u00e4n h\u00e4keiss\u00e4 ja aitauksissa.    Jokaisessa ovessa on kaksi lukkoa.","og_url":"https:\/\/miumjau.ee\/fi\/tuote\/koirahakki-vahvistettu-xl-106x71x77cm\/","og_site_name":"MiuMjau","article_publisher":"https:\/\/www.facebook.com\/miumjaupood\/","article_modified_time":"2026-01-07T20:42:47+00:00","og_image":[{"width":600,"height":800,"url":"https:\/\/miumjau.ee\/wp-content\/uploads\/2025\/07\/koerapuur-puur-L3-Photoroom.jpg","type":"image\/jpeg"}],"twitter_card":"summary_large_image","schema":{"@context":"https:\/\/schema.org","@graph":[{"@type":"WebPage","@id":"https:\/\/miumjau.ee\/fi\/tuote\/koirahakki-vahvistettu-xl-106x71x77cm\/","url":"https:\/\/miumjau.ee\/fi\/tuote\/koirahakki-vahvistettu-xl-106x71x77cm\/","name":"Koirah\u00e4kki (vahvistettu) XL 106x71x77cm - MiuMjau","isPartOf":{"@id":"https:\/\/miumjau.ee\/#website"},"primaryImageOfPage":{"@id":"https:\/\/miumjau.ee\/fi\/tuote\/koirahakki-vahvistettu-xl-106x71x77cm\/#primaryimage"},"image":{"@id":"https:\/\/miumjau.ee\/fi\/tuote\/koirahakki-vahvistettu-xl-106x71x77cm\/#primaryimage"},"thumbnailUrl":"https:\/\/miumjau.ee\/wp-content\/uploads\/2025\/07\/koerapuur-puur-L3-Photoroom.jpg","datePublished":"2025-07-20T11:29:27+00:00","dateModified":"2026-01-07T20:42:47+00:00","breadcrumb":{"@id":"https:\/\/miumjau.ee\/fi\/tuote\/koirahakki-vahvistettu-xl-106x71x77cm\/#breadcrumb"},"inLanguage":"fi","potentialAction":[{"@type":"ReadAction","target":["https:\/\/miumjau.ee\/fi\/tuote\/koirahakki-vahvistettu-xl-106x71x77cm\/"]}]},{"@type":"ImageObject","inLanguage":"fi","@id":"https:\/\/miumjau.ee\/fi\/tuote\/koirahakki-vahvistettu-xl-106x71x77cm\/#primaryimage","url":"https:\/\/miumjau.ee\/wp-content\/uploads\/2025\/07\/koerapuur-puur-L3-Photoroom.jpg","contentUrl":"https:\/\/miumjau.ee\/wp-content\/uploads\/2025\/07\/koerapuur-puur-L3-Photoroom.jpg","width":600,"height":800,"caption":"Koera puur (tugevdatud) XL 106x71x77cm"},{"@type":"BreadcrumbList","@id":"https:\/\/miumjau.ee\/fi\/tuote\/koirahakki-vahvistettu-xl-106x71x77cm\/#breadcrumb","itemListElement":[{"@type":"ListItem","position":1,"name":"Home","item":"https:\/\/miumjau.ee\/fi\/"},{"@type":"ListItem","position":2,"name":"Kauppa","item":"https:\/\/miumjau.ee\/fi\/kauppa\/"},{"@type":"ListItem","position":3,"name":"Koirah\u00e4kki (vahvistettu) XL 106x71x77cm"}]},{"@type":"WebSite","@id":"https:\/\/miumjau.ee\/#website","url":"https:\/\/miumjau.ee\/","name":"MiuMjau","description":"Kraapimispuud kassidele","publisher":{"@id":"https:\/\/miumjau.ee\/#organization"},"potentialAction":[{"@type":"SearchAction","target":{"@type":"EntryPoint","urlTemplate":"https:\/\/miumjau.ee\/?s={search_term_string}"},"query-input":{"@type":"PropertyValueSpecification","valueRequired":true,"valueName":"search_term_string"}}],"inLanguage":"fi"},{"@type":"Organization","@id":"https:\/\/miumjau.ee\/#organization","name":"MiuMjau O\u00dc","url":"https:\/\/miumjau.ee\/","logo":{"@type":"ImageObject","inLanguage":"fi","@id":"https:\/\/miumjau.ee\/#\/schema\/logo\/image\/","url":"https:\/\/miumjau.ee\/wp-content\/uploads\/2022\/04\/MiuMjau-logo-kollane.png","contentUrl":"https:\/\/miumjau.ee\/wp-content\/uploads\/2022\/04\/MiuMjau-logo-kollane.png","width":219,"height":100,"caption":"MiuMjau O\u00dc"},"image":{"@id":"https:\/\/miumjau.ee\/#\/schema\/logo\/image\/"},"sameAs":["https:\/\/www.facebook.com\/miumjaupood\/"]}]}},"_links":{"self":[{"href":"https:\/\/miumjau.ee\/fi\/wp-json\/wp\/v2\/product\/49509","targetHints":{"allow":["GET"]}}],"collection":[{"href":"https:\/\/miumjau.ee\/fi\/wp-json\/wp\/v2\/product"}],"about":[{"href":"https:\/\/miumjau.ee\/fi\/wp-json\/wp\/v2\/types\/product"}],"wp:featuredmedia":[{"embeddable":true,"href":"https:\/\/miumjau.ee\/fi\/wp-json\/wp\/v2\/media\/37825"}],"wp:attachment":[{"href":"https:\/\/miumjau.ee\/fi\/wp-json\/wp\/v2\/media?parent=49509"}],"wp:term":[{"taxonomy":"product_brand","embeddable":true,"href":"https:\/\/miumjau.ee\/fi\/wp-json\/wp\/v2\/product_brand?post=49509"},{"taxonomy":"product_cat","embeddable":true,"href":"https:\/\/miumjau.ee\/fi\/wp-json\/wp\/v2\/product_cat?post=49509"},{"taxonomy":"product_tag","embeddable":true,"href":"https:\/\/miumjau.ee\/fi\/wp-json\/wp\/v2\/product_tag?post=49509"}],"curies":[{"name":"wp","href":"https:\/\/api.w.org\/{rel}","templated":true}]}}