{"id":49492,"date":"2025-07-20T14:29:54","date_gmt":"2025-07-20T11:29:54","guid":{"rendered":"https:\/\/miumjau.ee\/toode\/koirahakki-vahvistettu-l-91x60x66cm\/"},"modified":"2026-01-07T22:42:47","modified_gmt":"2026-01-07T20:42:47","slug":"koirahakki-vahvistettu-l-91x60x66cm","status":"publish","type":"product","link":"https:\/\/miumjau.ee\/fi\/tuote\/koirahakki-vahvistettu-l-91x60x66cm\/","title":{"rendered":"Koirah\u00e4kki (vahvistettu) L 91x60x66cm"},"content":{"rendered":"","protected":false},"excerpt":{"rendered":"<p data-start=\"1419\" data-end=\"1511\">Monitoiminen metallih\u00e4kki kahdella sis\u00e4\u00e4nk\u00e4ynnill\u00e4. Premium-versio, paksummilla tangoilla.<\/p>\n<ul data-start=\"1512\" data-end=\"1572\">\n<li data-start=\"1512\" data-end=\"1572\">\n<p data-start=\"1514\" data-end=\"1572\">Rakenteessa k\u00e4ytetty tangon paksuus: 4,5 \/ 4,1 \/ 4,1 mm.<\/p>\n<\/li>\n<\/ul>\n<p data-start=\"1574\" data-end=\"1709\">H\u00e4kki on valmistettu tarkalla huomiolla yksityiskohtiin, laadukas viimeistely takaa lemmikkisi turvallisuuden ja pitk\u00e4ik\u00e4isen k\u00e4yt\u00f6n.<\/p>\n<p data-start=\"1711\" data-end=\"1824\"><strong data-start=\"1711\" data-end=\"1721\">Mitat:<\/strong> Pituus 91 cm, Leveys 60 cm, Korkeus 66 cm. H\u00e4kin paino 12 kg (pakattuna 14 kg).<br data-start=\"1801\" data-end=\"1804\" \/><strong data-start=\"1804\" data-end=\"1820\">Ovien m\u00e4\u00e4r\u00e4:<\/strong> 2<\/p>\n<p data-start=\"1826\" data-end=\"1837\"><strong data-start=\"1826\" data-end=\"1835\">Edut:<\/strong><\/p>\n<ul data-start=\"1838\" data-end=\"2190\">\n<li data-start=\"1838\" data-end=\"1859\">\n<p data-start=\"1840\" data-end=\"1859\">Irrotettava alus.<\/p>\n<\/li>\n<li data-start=\"1860\" data-end=\"1885\">\n<p data-start=\"1862\" data-end=\"1885\">Kest\u00e4v\u00e4 ter\u00e4srakenne.<\/p>\n<\/li>\n<li data-start=\"1886\" data-end=\"1907\">\n<p data-start=\"1888\" data-end=\"1907\">Helppo puhdistaa.<\/p>\n<\/li>\n<li data-start=\"1908\" data-end=\"1971\">\n<p data-start=\"1910\" data-end=\"1971\">K\u00e4\u00e4nnett\u00e4v\u00e4 kahva molemmilla puolilla helppoon kantamiseen.<\/p>\n<\/li>\n<li data-start=\"1972\" data-end=\"2020\">\n<p data-start=\"1974\" data-end=\"2020\">Nopeasti koottava, ei ruuveja tai ty\u00f6kaluja.<\/p>\n<\/li>\n<li data-start=\"2021\" data-end=\"2054\">\n<p data-start=\"2023\" data-end=\"2054\">Taittuu kompaktiksi laukuksi.<\/p>\n<\/li>\n<li data-start=\"2055\" data-end=\"2108\">\n<p data-start=\"2057\" data-end=\"2108\">Helppo s\u00e4ilytt\u00e4\u00e4 ja kuljettaa kokoamisen j\u00e4lkeen.<\/p>\n<\/li>\n<li data-start=\"2109\" data-end=\"2190\">\n<p data-start=\"2111\" data-end=\"2190\">Ei ter\u00e4vi\u00e4 reunoja, mik\u00e4 takaa lemmikin turvallisuuden eik\u00e4 naarmuta pintoja.<\/p>\n<\/li>\n<\/ul>\n<p data-start=\"2192\" data-end=\"2214\"><strong data-start=\"2192\" data-end=\"2212\">Tekniset tiedot:<\/strong><\/p>\n<ul data-start=\"2215\" data-end=\"2613\">\n<li data-start=\"2215\" data-end=\"2237\">\n<p data-start=\"2217\" data-end=\"2237\">Tangon v\u00e4li: 35 mm<\/p>\n<\/li>\n<li data-start=\"2238\" data-end=\"2269\">\n<p data-start=\"2240\" data-end=\"2269\">P\u00e4\u00e4-\/rakennustangot: 4,5 mm<\/p>\n<\/li>\n<li data-start=\"2270\" data-end=\"2303\">\n<p data-start=\"2272\" data-end=\"2303\">Paksuus (pystytangot): 4,1 mm<\/p>\n<\/li>\n<li data-start=\"2304\" data-end=\"2337\">\n<p data-start=\"2306\" data-end=\"2337\">Paksuus (vaakatangot): 4,1 mm<\/p>\n<\/li>\n<li data-start=\"2338\" data-end=\"2402\">\n<p data-start=\"2340\" data-end=\"2402\">Sis\u00e4\u00e4nk\u00e4ynti \u2013 p\u00e4\u00e4ovi pidemm\u00e4ll\u00e4 sivulla: 42 \u00d7 45 cm (L \u00d7 K)<\/p>\n<\/li>\n<li data-start=\"2403\" data-end=\"2466\">\n<p data-start=\"2405\" data-end=\"2466\">Sis\u00e4\u00e4nk\u00e4ynti \u2013 lyhyempi sivu, oikea ovi: 41 \u00d7 45 cm (L \u00d7 K)<\/p>\n<\/li>\n<li data-start=\"2467\" data-end=\"2577\">\n<p data-start=\"2469\" data-end=\"2577\">L-muotoinen lukko est\u00e4\u00e4 koiraa ty\u00f6nt\u00e4m\u00e4st\u00e4 ovea auki. Kest\u00e4vin lukitusj\u00e4rjestelm\u00e4 h\u00e4keiss\u00e4 ja aitauksissa.<\/p>\n<\/li>\n<li data-start=\"2578\" data-end=\"2613\">\n<p data-start=\"2580\" data-end=\"2613\">Jokaisessa ovessa kaksi lukkoa.<\/p>\n<\/li>\n<\/ul>\n","protected":false},"featured_media":37825,"template":"","meta":[],"product_brand":[],"product_cat":[482],"product_tag":[],"class_list":{"0":"post-49492","1":"product","2":"type-product","3":"status-publish","4":"has-post-thumbnail","6":"product_cat-hakit-kantolaukut","7":"product_shipping_class-pakiautomaati-sobimatu-fi","9":"first","10":"instock","11":"taxable","12":"shipping-taxable","13":"purchasable","14":"product-type-simple"},"yoast_head":"<!-- This site is optimized with the Yoast SEO plugin v27.2 - https:\/\/yoast.com\/product\/yoast-seo-wordpress\/ -->\n<title>Koirah\u00e4kki (vahvistettu) L 91x60x66cm - MiuMjau<\/title>\n<meta name=\"robots\" content=\"index, follow, max-snippet:-1, max-image-preview:large, max-video-preview:-1\" \/>\n<link rel=\"canonical\" href=\"https:\/\/miumjau.ee\/fi\/tuote\/koirahakki-vahvistettu-l-91x60x66cm\/\" \/>\n<meta property=\"og:locale\" content=\"fi_FI\" \/>\n<meta property=\"og:type\" content=\"article\" \/>\n<meta property=\"og:title\" content=\"Koirah\u00e4kki (vahvistettu) L 91x60x66cm - MiuMjau\" \/>\n<meta property=\"og:description\" content=\"Monitoiminen metallih\u00e4kki kahdella sis\u00e4\u00e4nk\u00e4ynnill\u00e4. Premium-versio, paksummilla tangoilla.     Rakenteessa k\u00e4ytetty tangon paksuus: 4,5 \/ 4,1 \/ 4,1 mm.   H\u00e4kki on valmistettu tarkalla huomiolla yksityiskohtiin, laadukas viimeistely takaa lemmikkisi turvallisuuden ja pitk\u00e4ik\u00e4isen k\u00e4yt\u00f6n. Mitat: Pituus 91 cm, Leveys 60 cm, Korkeus 66 cm. H\u00e4kin paino 12 kg (pakattuna 14 kg).Ovien m\u00e4\u00e4r\u00e4: 2 Edut:     Irrotettava alus.    Kest\u00e4v\u00e4 ter\u00e4srakenne.    Helppo puhdistaa.    K\u00e4\u00e4nnett\u00e4v\u00e4 kahva molemmilla puolilla helppoon kantamiseen.    Nopeasti koottava, ei ruuveja tai ty\u00f6kaluja.    Taittuu kompaktiksi laukuksi.    Helppo s\u00e4ilytt\u00e4\u00e4 ja kuljettaa kokoamisen j\u00e4lkeen.    Ei ter\u00e4vi\u00e4 reunoja, mik\u00e4 takaa lemmikin turvallisuuden eik\u00e4 naarmuta pintoja.   Tekniset tiedot:     Tangon v\u00e4li: 35 mm    P\u00e4\u00e4-\/rakennustangot: 4,5 mm    Paksuus (pystytangot): 4,1 mm    Paksuus (vaakatangot): 4,1 mm    Sis\u00e4\u00e4nk\u00e4ynti \u2013 p\u00e4\u00e4ovi pidemm\u00e4ll\u00e4 sivulla: 42 \u00d7 45 cm (L \u00d7 K)    Sis\u00e4\u00e4nk\u00e4ynti \u2013 lyhyempi sivu, oikea ovi: 41 \u00d7 45 cm (L \u00d7 K)    L-muotoinen lukko est\u00e4\u00e4 koiraa ty\u00f6nt\u00e4m\u00e4st\u00e4 ovea auki. Kest\u00e4vin lukitusj\u00e4rjestelm\u00e4 h\u00e4keiss\u00e4 ja aitauksissa.    Jokaisessa ovessa kaksi lukkoa.\" \/>\n<meta property=\"og:url\" content=\"https:\/\/miumjau.ee\/fi\/tuote\/koirahakki-vahvistettu-l-91x60x66cm\/\" \/>\n<meta property=\"og:site_name\" content=\"MiuMjau\" \/>\n<meta property=\"article:publisher\" content=\"https:\/\/www.facebook.com\/miumjaupood\/\" \/>\n<meta property=\"article:modified_time\" content=\"2026-01-07T20:42:47+00:00\" \/>\n<meta property=\"og:image\" content=\"https:\/\/miumjau.ee\/wp-content\/uploads\/2025\/07\/koerapuur-puur-L3-Photoroom.jpg\" \/>\n\t<meta property=\"og:image:width\" content=\"600\" \/>\n\t<meta property=\"og:image:height\" content=\"800\" \/>\n\t<meta property=\"og:image:type\" content=\"image\/jpeg\" \/>\n<meta name=\"twitter:card\" content=\"summary_large_image\" \/>\n<script type=\"application\/ld+json\" class=\"yoast-schema-graph\">{\"@context\":\"https:\/\/schema.org\",\"@graph\":[{\"@type\":\"WebPage\",\"@id\":\"https:\/\/miumjau.ee\/fi\/tuote\/koirahakki-vahvistettu-l-91x60x66cm\/\",\"url\":\"https:\/\/miumjau.ee\/fi\/tuote\/koirahakki-vahvistettu-l-91x60x66cm\/\",\"name\":\"Koirah\u00e4kki (vahvistettu) L 91x60x66cm - MiuMjau\",\"isPartOf\":{\"@id\":\"https:\/\/miumjau.ee\/#website\"},\"primaryImageOfPage\":{\"@id\":\"https:\/\/miumjau.ee\/fi\/tuote\/koirahakki-vahvistettu-l-91x60x66cm\/#primaryimage\"},\"image\":{\"@id\":\"https:\/\/miumjau.ee\/fi\/tuote\/koirahakki-vahvistettu-l-91x60x66cm\/#primaryimage\"},\"thumbnailUrl\":\"https:\/\/miumjau.ee\/wp-content\/uploads\/2025\/07\/koerapuur-puur-L3-Photoroom.jpg\",\"datePublished\":\"2025-07-20T11:29:54+00:00\",\"dateModified\":\"2026-01-07T20:42:47+00:00\",\"breadcrumb\":{\"@id\":\"https:\/\/miumjau.ee\/fi\/tuote\/koirahakki-vahvistettu-l-91x60x66cm\/#breadcrumb\"},\"inLanguage\":\"fi\",\"potentialAction\":[{\"@type\":\"ReadAction\",\"target\":[\"https:\/\/miumjau.ee\/fi\/tuote\/koirahakki-vahvistettu-l-91x60x66cm\/\"]}]},{\"@type\":\"ImageObject\",\"inLanguage\":\"fi\",\"@id\":\"https:\/\/miumjau.ee\/fi\/tuote\/koirahakki-vahvistettu-l-91x60x66cm\/#primaryimage\",\"url\":\"https:\/\/miumjau.ee\/wp-content\/uploads\/2025\/07\/koerapuur-puur-L3-Photoroom.jpg\",\"contentUrl\":\"https:\/\/miumjau.ee\/wp-content\/uploads\/2025\/07\/koerapuur-puur-L3-Photoroom.jpg\",\"width\":600,\"height\":800,\"caption\":\"Koera puur (tugevdatud) XL 106x71x77cm\"},{\"@type\":\"BreadcrumbList\",\"@id\":\"https:\/\/miumjau.ee\/fi\/tuote\/koirahakki-vahvistettu-l-91x60x66cm\/#breadcrumb\",\"itemListElement\":[{\"@type\":\"ListItem\",\"position\":1,\"name\":\"Home\",\"item\":\"https:\/\/miumjau.ee\/fi\/\"},{\"@type\":\"ListItem\",\"position\":2,\"name\":\"Kauppa\",\"item\":\"https:\/\/miumjau.ee\/fi\/kauppa\/\"},{\"@type\":\"ListItem\",\"position\":3,\"name\":\"Koirah\u00e4kki (vahvistettu) L 91x60x66cm\"}]},{\"@type\":\"WebSite\",\"@id\":\"https:\/\/miumjau.ee\/#website\",\"url\":\"https:\/\/miumjau.ee\/\",\"name\":\"MiuMjau\",\"description\":\"Kraapimispuud kassidele\",\"publisher\":{\"@id\":\"https:\/\/miumjau.ee\/#organization\"},\"potentialAction\":[{\"@type\":\"SearchAction\",\"target\":{\"@type\":\"EntryPoint\",\"urlTemplate\":\"https:\/\/miumjau.ee\/?s={search_term_string}\"},\"query-input\":{\"@type\":\"PropertyValueSpecification\",\"valueRequired\":true,\"valueName\":\"search_term_string\"}}],\"inLanguage\":\"fi\"},{\"@type\":\"Organization\",\"@id\":\"https:\/\/miumjau.ee\/#organization\",\"name\":\"MiuMjau O\u00dc\",\"url\":\"https:\/\/miumjau.ee\/\",\"logo\":{\"@type\":\"ImageObject\",\"inLanguage\":\"fi\",\"@id\":\"https:\/\/miumjau.ee\/#\/schema\/logo\/image\/\",\"url\":\"https:\/\/miumjau.ee\/wp-content\/uploads\/2022\/04\/MiuMjau-logo-kollane.png\",\"contentUrl\":\"https:\/\/miumjau.ee\/wp-content\/uploads\/2022\/04\/MiuMjau-logo-kollane.png\",\"width\":219,\"height\":100,\"caption\":\"MiuMjau O\u00dc\"},\"image\":{\"@id\":\"https:\/\/miumjau.ee\/#\/schema\/logo\/image\/\"},\"sameAs\":[\"https:\/\/www.facebook.com\/miumjaupood\/\"]}]}<\/script>\n<!-- \/ Yoast SEO plugin. -->","yoast_head_json":{"title":"Koirah\u00e4kki (vahvistettu) L 91x60x66cm - MiuMjau","robots":{"index":"index","follow":"follow","max-snippet":"max-snippet:-1","max-image-preview":"max-image-preview:large","max-video-preview":"max-video-preview:-1"},"canonical":"https:\/\/miumjau.ee\/fi\/tuote\/koirahakki-vahvistettu-l-91x60x66cm\/","og_locale":"fi_FI","og_type":"article","og_title":"Koirah\u00e4kki (vahvistettu) L 91x60x66cm - MiuMjau","og_description":"Monitoiminen metallih\u00e4kki kahdella sis\u00e4\u00e4nk\u00e4ynnill\u00e4. Premium-versio, paksummilla tangoilla.     Rakenteessa k\u00e4ytetty tangon paksuus: 4,5 \/ 4,1 \/ 4,1 mm.   H\u00e4kki on valmistettu tarkalla huomiolla yksityiskohtiin, laadukas viimeistely takaa lemmikkisi turvallisuuden ja pitk\u00e4ik\u00e4isen k\u00e4yt\u00f6n. Mitat: Pituus 91 cm, Leveys 60 cm, Korkeus 66 cm. H\u00e4kin paino 12 kg (pakattuna 14 kg).Ovien m\u00e4\u00e4r\u00e4: 2 Edut:     Irrotettava alus.    Kest\u00e4v\u00e4 ter\u00e4srakenne.    Helppo puhdistaa.    K\u00e4\u00e4nnett\u00e4v\u00e4 kahva molemmilla puolilla helppoon kantamiseen.    Nopeasti koottava, ei ruuveja tai ty\u00f6kaluja.    Taittuu kompaktiksi laukuksi.    Helppo s\u00e4ilytt\u00e4\u00e4 ja kuljettaa kokoamisen j\u00e4lkeen.    Ei ter\u00e4vi\u00e4 reunoja, mik\u00e4 takaa lemmikin turvallisuuden eik\u00e4 naarmuta pintoja.   Tekniset tiedot:     Tangon v\u00e4li: 35 mm    P\u00e4\u00e4-\/rakennustangot: 4,5 mm    Paksuus (pystytangot): 4,1 mm    Paksuus (vaakatangot): 4,1 mm    Sis\u00e4\u00e4nk\u00e4ynti \u2013 p\u00e4\u00e4ovi pidemm\u00e4ll\u00e4 sivulla: 42 \u00d7 45 cm (L \u00d7 K)    Sis\u00e4\u00e4nk\u00e4ynti \u2013 lyhyempi sivu, oikea ovi: 41 \u00d7 45 cm (L \u00d7 K)    L-muotoinen lukko est\u00e4\u00e4 koiraa ty\u00f6nt\u00e4m\u00e4st\u00e4 ovea auki. Kest\u00e4vin lukitusj\u00e4rjestelm\u00e4 h\u00e4keiss\u00e4 ja aitauksissa.    Jokaisessa ovessa kaksi lukkoa.","og_url":"https:\/\/miumjau.ee\/fi\/tuote\/koirahakki-vahvistettu-l-91x60x66cm\/","og_site_name":"MiuMjau","article_publisher":"https:\/\/www.facebook.com\/miumjaupood\/","article_modified_time":"2026-01-07T20:42:47+00:00","og_image":[{"width":600,"height":800,"url":"https:\/\/miumjau.ee\/wp-content\/uploads\/2025\/07\/koerapuur-puur-L3-Photoroom.jpg","type":"image\/jpeg"}],"twitter_card":"summary_large_image","schema":{"@context":"https:\/\/schema.org","@graph":[{"@type":"WebPage","@id":"https:\/\/miumjau.ee\/fi\/tuote\/koirahakki-vahvistettu-l-91x60x66cm\/","url":"https:\/\/miumjau.ee\/fi\/tuote\/koirahakki-vahvistettu-l-91x60x66cm\/","name":"Koirah\u00e4kki (vahvistettu) L 91x60x66cm - MiuMjau","isPartOf":{"@id":"https:\/\/miumjau.ee\/#website"},"primaryImageOfPage":{"@id":"https:\/\/miumjau.ee\/fi\/tuote\/koirahakki-vahvistettu-l-91x60x66cm\/#primaryimage"},"image":{"@id":"https:\/\/miumjau.ee\/fi\/tuote\/koirahakki-vahvistettu-l-91x60x66cm\/#primaryimage"},"thumbnailUrl":"https:\/\/miumjau.ee\/wp-content\/uploads\/2025\/07\/koerapuur-puur-L3-Photoroom.jpg","datePublished":"2025-07-20T11:29:54+00:00","dateModified":"2026-01-07T20:42:47+00:00","breadcrumb":{"@id":"https:\/\/miumjau.ee\/fi\/tuote\/koirahakki-vahvistettu-l-91x60x66cm\/#breadcrumb"},"inLanguage":"fi","potentialAction":[{"@type":"ReadAction","target":["https:\/\/miumjau.ee\/fi\/tuote\/koirahakki-vahvistettu-l-91x60x66cm\/"]}]},{"@type":"ImageObject","inLanguage":"fi","@id":"https:\/\/miumjau.ee\/fi\/tuote\/koirahakki-vahvistettu-l-91x60x66cm\/#primaryimage","url":"https:\/\/miumjau.ee\/wp-content\/uploads\/2025\/07\/koerapuur-puur-L3-Photoroom.jpg","contentUrl":"https:\/\/miumjau.ee\/wp-content\/uploads\/2025\/07\/koerapuur-puur-L3-Photoroom.jpg","width":600,"height":800,"caption":"Koera puur (tugevdatud) XL 106x71x77cm"},{"@type":"BreadcrumbList","@id":"https:\/\/miumjau.ee\/fi\/tuote\/koirahakki-vahvistettu-l-91x60x66cm\/#breadcrumb","itemListElement":[{"@type":"ListItem","position":1,"name":"Home","item":"https:\/\/miumjau.ee\/fi\/"},{"@type":"ListItem","position":2,"name":"Kauppa","item":"https:\/\/miumjau.ee\/fi\/kauppa\/"},{"@type":"ListItem","position":3,"name":"Koirah\u00e4kki (vahvistettu) L 91x60x66cm"}]},{"@type":"WebSite","@id":"https:\/\/miumjau.ee\/#website","url":"https:\/\/miumjau.ee\/","name":"MiuMjau","description":"Kraapimispuud kassidele","publisher":{"@id":"https:\/\/miumjau.ee\/#organization"},"potentialAction":[{"@type":"SearchAction","target":{"@type":"EntryPoint","urlTemplate":"https:\/\/miumjau.ee\/?s={search_term_string}"},"query-input":{"@type":"PropertyValueSpecification","valueRequired":true,"valueName":"search_term_string"}}],"inLanguage":"fi"},{"@type":"Organization","@id":"https:\/\/miumjau.ee\/#organization","name":"MiuMjau O\u00dc","url":"https:\/\/miumjau.ee\/","logo":{"@type":"ImageObject","inLanguage":"fi","@id":"https:\/\/miumjau.ee\/#\/schema\/logo\/image\/","url":"https:\/\/miumjau.ee\/wp-content\/uploads\/2022\/04\/MiuMjau-logo-kollane.png","contentUrl":"https:\/\/miumjau.ee\/wp-content\/uploads\/2022\/04\/MiuMjau-logo-kollane.png","width":219,"height":100,"caption":"MiuMjau O\u00dc"},"image":{"@id":"https:\/\/miumjau.ee\/#\/schema\/logo\/image\/"},"sameAs":["https:\/\/www.facebook.com\/miumjaupood\/"]}]}},"_links":{"self":[{"href":"https:\/\/miumjau.ee\/fi\/wp-json\/wp\/v2\/product\/49492","targetHints":{"allow":["GET"]}}],"collection":[{"href":"https:\/\/miumjau.ee\/fi\/wp-json\/wp\/v2\/product"}],"about":[{"href":"https:\/\/miumjau.ee\/fi\/wp-json\/wp\/v2\/types\/product"}],"wp:featuredmedia":[{"embeddable":true,"href":"https:\/\/miumjau.ee\/fi\/wp-json\/wp\/v2\/media\/37825"}],"wp:attachment":[{"href":"https:\/\/miumjau.ee\/fi\/wp-json\/wp\/v2\/media?parent=49492"}],"wp:term":[{"taxonomy":"product_brand","embeddable":true,"href":"https:\/\/miumjau.ee\/fi\/wp-json\/wp\/v2\/product_brand?post=49492"},{"taxonomy":"product_cat","embeddable":true,"href":"https:\/\/miumjau.ee\/fi\/wp-json\/wp\/v2\/product_cat?post=49492"},{"taxonomy":"product_tag","embeddable":true,"href":"https:\/\/miumjau.ee\/fi\/wp-json\/wp\/v2\/product_tag?post=49492"}],"curies":[{"name":"wp","href":"https:\/\/api.w.org\/{rel}","templated":true}]}}