{"id":49481,"date":"2025-07-20T14:31:11","date_gmt":"2025-07-20T11:31:11","guid":{"rendered":"https:\/\/miumjau.ee\/toode\/koirahakki-metalliverkolla-s-61x42x485cm\/"},"modified":"2026-01-07T22:42:47","modified_gmt":"2026-01-07T20:42:47","slug":"koirahakki-metalliverkolla-s-61x42x485cm","status":"publish","type":"product","link":"https:\/\/miumjau.ee\/fi\/tuote\/koirahakki-metalliverkolla-s-61x42x485cm\/","title":{"rendered":"Koirah\u00e4kki metalliverkolla S (61x42x48,5cm)"},"content":{"rendered":"","protected":false},"excerpt":{"rendered":"<p data-start=\"725\" data-end=\"1130\">Metallih\u00e4kki takaa lemmikkisi turvallisuuden autossa tai kotona. Siin\u00e4 on tilava sis\u00e4tila, jotta lemmikki voi tuntea olonsa mukavaksi. Erityissuunnittelu sopii useimpiin autojen takakontteihin. Valmistettu korkealaatuisista, vahvoista ja kest\u00e4vist\u00e4 materiaaleista. Liukumattomat liukukiskot helpottavat siirtoa. Suuret etu- ja sivuovet tarjoavat hyv\u00e4n ilmankierron ja riitt\u00e4v\u00e4n tuuletuksen takakontissa.<\/p>\n<ul data-start=\"1132\" data-end=\"1315\">\n<li data-start=\"1132\" data-end=\"1181\">\n<p data-start=\"1134\" data-end=\"1181\">Laadukas, taitettava metallih\u00e4kki lemmikille.<\/p>\n<\/li>\n<li data-start=\"1182\" data-end=\"1237\">\n<p data-start=\"1184\" data-end=\"1237\">Irrotettava pohja helpottaa huoltoa ja puhdistusta.<\/p>\n<\/li>\n<li data-start=\"1238\" data-end=\"1315\">\n<p data-start=\"1240\" data-end=\"1315\">Kaksi oviparia mahdollistavat h\u00e4kin sis\u00e4\u00e4np\u00e4\u00e4syn ja sijoittelun s\u00e4\u00e4t\u00e4misen.<\/p>\n<\/li>\n<\/ul>\n","protected":false},"featured_media":37833,"template":"","meta":[],"product_brand":[],"product_cat":[482],"product_tag":[],"class_list":{"0":"post-49481","1":"product","2":"type-product","3":"status-publish","4":"has-post-thumbnail","6":"product_cat-hakit-kantolaukut","7":"product_shipping_class-pakiautomaati-sobimatu-fi","9":"first","10":"instock","11":"taxable","12":"shipping-taxable","13":"purchasable","14":"product-type-simple"},"yoast_head":"<!-- This site is optimized with the Yoast SEO plugin v27.2 - https:\/\/yoast.com\/product\/yoast-seo-wordpress\/ -->\n<title>Koirah\u00e4kki metalliverkolla S (61x42x48,5cm) - MiuMjau<\/title>\n<meta name=\"robots\" content=\"index, follow, max-snippet:-1, max-image-preview:large, max-video-preview:-1\" \/>\n<link rel=\"canonical\" href=\"https:\/\/miumjau.ee\/fi\/tuote\/koirahakki-metalliverkolla-s-61x42x485cm\/\" \/>\n<meta property=\"og:locale\" content=\"fi_FI\" \/>\n<meta property=\"og:type\" content=\"article\" \/>\n<meta property=\"og:title\" content=\"Koirah\u00e4kki metalliverkolla S (61x42x48,5cm) - MiuMjau\" \/>\n<meta property=\"og:description\" content=\"Metallih\u00e4kki takaa lemmikkisi turvallisuuden autossa tai kotona. Siin\u00e4 on tilava sis\u00e4tila, jotta lemmikki voi tuntea olonsa mukavaksi. Erityissuunnittelu sopii useimpiin autojen takakontteihin. Valmistettu korkealaatuisista, vahvoista ja kest\u00e4vist\u00e4 materiaaleista. Liukumattomat liukukiskot helpottavat siirtoa. Suuret etu- ja sivuovet tarjoavat hyv\u00e4n ilmankierron ja riitt\u00e4v\u00e4n tuuletuksen takakontissa.     Laadukas, taitettava metallih\u00e4kki lemmikille.    Irrotettava pohja helpottaa huoltoa ja puhdistusta.    Kaksi oviparia mahdollistavat h\u00e4kin sis\u00e4\u00e4np\u00e4\u00e4syn ja sijoittelun s\u00e4\u00e4t\u00e4misen.\" \/>\n<meta property=\"og:url\" content=\"https:\/\/miumjau.ee\/fi\/tuote\/koirahakki-metalliverkolla-s-61x42x485cm\/\" \/>\n<meta property=\"og:site_name\" content=\"MiuMjau\" \/>\n<meta property=\"article:publisher\" content=\"https:\/\/www.facebook.com\/miumjaupood\/\" \/>\n<meta property=\"article:modified_time\" content=\"2026-01-07T20:42:47+00:00\" \/>\n<meta property=\"og:image\" content=\"https:\/\/miumjau.ee\/wp-content\/uploads\/2025\/07\/koera-puur-s2-Photoroom.jpg\" \/>\n\t<meta property=\"og:image:width\" content=\"600\" \/>\n\t<meta property=\"og:image:height\" content=\"800\" \/>\n\t<meta property=\"og:image:type\" content=\"image\/jpeg\" \/>\n<meta name=\"twitter:card\" content=\"summary_large_image\" \/>\n<script type=\"application\/ld+json\" class=\"yoast-schema-graph\">{\"@context\":\"https:\/\/schema.org\",\"@graph\":[{\"@type\":\"WebPage\",\"@id\":\"https:\/\/miumjau.ee\/fi\/tuote\/koirahakki-metalliverkolla-s-61x42x485cm\/\",\"url\":\"https:\/\/miumjau.ee\/fi\/tuote\/koirahakki-metalliverkolla-s-61x42x485cm\/\",\"name\":\"Koirah\u00e4kki metalliverkolla S (61x42x48,5cm) - MiuMjau\",\"isPartOf\":{\"@id\":\"https:\/\/miumjau.ee\/#website\"},\"primaryImageOfPage\":{\"@id\":\"https:\/\/miumjau.ee\/fi\/tuote\/koirahakki-metalliverkolla-s-61x42x485cm\/#primaryimage\"},\"image\":{\"@id\":\"https:\/\/miumjau.ee\/fi\/tuote\/koirahakki-metalliverkolla-s-61x42x485cm\/#primaryimage\"},\"thumbnailUrl\":\"https:\/\/miumjau.ee\/wp-content\/uploads\/2025\/07\/koera-puur-s2-Photoroom.jpg\",\"datePublished\":\"2025-07-20T11:31:11+00:00\",\"dateModified\":\"2026-01-07T20:42:47+00:00\",\"breadcrumb\":{\"@id\":\"https:\/\/miumjau.ee\/fi\/tuote\/koirahakki-metalliverkolla-s-61x42x485cm\/#breadcrumb\"},\"inLanguage\":\"fi\",\"potentialAction\":[{\"@type\":\"ReadAction\",\"target\":[\"https:\/\/miumjau.ee\/fi\/tuote\/koirahakki-metalliverkolla-s-61x42x485cm\/\"]}]},{\"@type\":\"ImageObject\",\"inLanguage\":\"fi\",\"@id\":\"https:\/\/miumjau.ee\/fi\/tuote\/koirahakki-metalliverkolla-s-61x42x485cm\/#primaryimage\",\"url\":\"https:\/\/miumjau.ee\/wp-content\/uploads\/2025\/07\/koera-puur-s2-Photoroom.jpg\",\"contentUrl\":\"https:\/\/miumjau.ee\/wp-content\/uploads\/2025\/07\/koera-puur-s2-Photoroom.jpg\",\"width\":600,\"height\":800,\"caption\":\"Koera puur metallv\u00f5rega M (76x45x51.5cm)\"},{\"@type\":\"BreadcrumbList\",\"@id\":\"https:\/\/miumjau.ee\/fi\/tuote\/koirahakki-metalliverkolla-s-61x42x485cm\/#breadcrumb\",\"itemListElement\":[{\"@type\":\"ListItem\",\"position\":1,\"name\":\"Home\",\"item\":\"https:\/\/miumjau.ee\/fi\/\"},{\"@type\":\"ListItem\",\"position\":2,\"name\":\"Kauppa\",\"item\":\"https:\/\/miumjau.ee\/fi\/kauppa\/\"},{\"@type\":\"ListItem\",\"position\":3,\"name\":\"Koirah\u00e4kki metalliverkolla S (61x42x48,5cm)\"}]},{\"@type\":\"WebSite\",\"@id\":\"https:\/\/miumjau.ee\/#website\",\"url\":\"https:\/\/miumjau.ee\/\",\"name\":\"MiuMjau\",\"description\":\"Kraapimispuud kassidele\",\"publisher\":{\"@id\":\"https:\/\/miumjau.ee\/#organization\"},\"potentialAction\":[{\"@type\":\"SearchAction\",\"target\":{\"@type\":\"EntryPoint\",\"urlTemplate\":\"https:\/\/miumjau.ee\/?s={search_term_string}\"},\"query-input\":{\"@type\":\"PropertyValueSpecification\",\"valueRequired\":true,\"valueName\":\"search_term_string\"}}],\"inLanguage\":\"fi\"},{\"@type\":\"Organization\",\"@id\":\"https:\/\/miumjau.ee\/#organization\",\"name\":\"MiuMjau O\u00dc\",\"url\":\"https:\/\/miumjau.ee\/\",\"logo\":{\"@type\":\"ImageObject\",\"inLanguage\":\"fi\",\"@id\":\"https:\/\/miumjau.ee\/#\/schema\/logo\/image\/\",\"url\":\"https:\/\/miumjau.ee\/wp-content\/uploads\/2022\/04\/MiuMjau-logo-kollane.png\",\"contentUrl\":\"https:\/\/miumjau.ee\/wp-content\/uploads\/2022\/04\/MiuMjau-logo-kollane.png\",\"width\":219,\"height\":100,\"caption\":\"MiuMjau O\u00dc\"},\"image\":{\"@id\":\"https:\/\/miumjau.ee\/#\/schema\/logo\/image\/\"},\"sameAs\":[\"https:\/\/www.facebook.com\/miumjaupood\/\"]}]}<\/script>\n<!-- \/ Yoast SEO plugin. -->","yoast_head_json":{"title":"Koirah\u00e4kki metalliverkolla S (61x42x48,5cm) - MiuMjau","robots":{"index":"index","follow":"follow","max-snippet":"max-snippet:-1","max-image-preview":"max-image-preview:large","max-video-preview":"max-video-preview:-1"},"canonical":"https:\/\/miumjau.ee\/fi\/tuote\/koirahakki-metalliverkolla-s-61x42x485cm\/","og_locale":"fi_FI","og_type":"article","og_title":"Koirah\u00e4kki metalliverkolla S (61x42x48,5cm) - MiuMjau","og_description":"Metallih\u00e4kki takaa lemmikkisi turvallisuuden autossa tai kotona. Siin\u00e4 on tilava sis\u00e4tila, jotta lemmikki voi tuntea olonsa mukavaksi. Erityissuunnittelu sopii useimpiin autojen takakontteihin. Valmistettu korkealaatuisista, vahvoista ja kest\u00e4vist\u00e4 materiaaleista. Liukumattomat liukukiskot helpottavat siirtoa. Suuret etu- ja sivuovet tarjoavat hyv\u00e4n ilmankierron ja riitt\u00e4v\u00e4n tuuletuksen takakontissa.     Laadukas, taitettava metallih\u00e4kki lemmikille.    Irrotettava pohja helpottaa huoltoa ja puhdistusta.    Kaksi oviparia mahdollistavat h\u00e4kin sis\u00e4\u00e4np\u00e4\u00e4syn ja sijoittelun s\u00e4\u00e4t\u00e4misen.","og_url":"https:\/\/miumjau.ee\/fi\/tuote\/koirahakki-metalliverkolla-s-61x42x485cm\/","og_site_name":"MiuMjau","article_publisher":"https:\/\/www.facebook.com\/miumjaupood\/","article_modified_time":"2026-01-07T20:42:47+00:00","og_image":[{"width":600,"height":800,"url":"https:\/\/miumjau.ee\/wp-content\/uploads\/2025\/07\/koera-puur-s2-Photoroom.jpg","type":"image\/jpeg"}],"twitter_card":"summary_large_image","schema":{"@context":"https:\/\/schema.org","@graph":[{"@type":"WebPage","@id":"https:\/\/miumjau.ee\/fi\/tuote\/koirahakki-metalliverkolla-s-61x42x485cm\/","url":"https:\/\/miumjau.ee\/fi\/tuote\/koirahakki-metalliverkolla-s-61x42x485cm\/","name":"Koirah\u00e4kki metalliverkolla S (61x42x48,5cm) - MiuMjau","isPartOf":{"@id":"https:\/\/miumjau.ee\/#website"},"primaryImageOfPage":{"@id":"https:\/\/miumjau.ee\/fi\/tuote\/koirahakki-metalliverkolla-s-61x42x485cm\/#primaryimage"},"image":{"@id":"https:\/\/miumjau.ee\/fi\/tuote\/koirahakki-metalliverkolla-s-61x42x485cm\/#primaryimage"},"thumbnailUrl":"https:\/\/miumjau.ee\/wp-content\/uploads\/2025\/07\/koera-puur-s2-Photoroom.jpg","datePublished":"2025-07-20T11:31:11+00:00","dateModified":"2026-01-07T20:42:47+00:00","breadcrumb":{"@id":"https:\/\/miumjau.ee\/fi\/tuote\/koirahakki-metalliverkolla-s-61x42x485cm\/#breadcrumb"},"inLanguage":"fi","potentialAction":[{"@type":"ReadAction","target":["https:\/\/miumjau.ee\/fi\/tuote\/koirahakki-metalliverkolla-s-61x42x485cm\/"]}]},{"@type":"ImageObject","inLanguage":"fi","@id":"https:\/\/miumjau.ee\/fi\/tuote\/koirahakki-metalliverkolla-s-61x42x485cm\/#primaryimage","url":"https:\/\/miumjau.ee\/wp-content\/uploads\/2025\/07\/koera-puur-s2-Photoroom.jpg","contentUrl":"https:\/\/miumjau.ee\/wp-content\/uploads\/2025\/07\/koera-puur-s2-Photoroom.jpg","width":600,"height":800,"caption":"Koera puur metallv\u00f5rega M (76x45x51.5cm)"},{"@type":"BreadcrumbList","@id":"https:\/\/miumjau.ee\/fi\/tuote\/koirahakki-metalliverkolla-s-61x42x485cm\/#breadcrumb","itemListElement":[{"@type":"ListItem","position":1,"name":"Home","item":"https:\/\/miumjau.ee\/fi\/"},{"@type":"ListItem","position":2,"name":"Kauppa","item":"https:\/\/miumjau.ee\/fi\/kauppa\/"},{"@type":"ListItem","position":3,"name":"Koirah\u00e4kki metalliverkolla S (61x42x48,5cm)"}]},{"@type":"WebSite","@id":"https:\/\/miumjau.ee\/#website","url":"https:\/\/miumjau.ee\/","name":"MiuMjau","description":"Kraapimispuud kassidele","publisher":{"@id":"https:\/\/miumjau.ee\/#organization"},"potentialAction":[{"@type":"SearchAction","target":{"@type":"EntryPoint","urlTemplate":"https:\/\/miumjau.ee\/?s={search_term_string}"},"query-input":{"@type":"PropertyValueSpecification","valueRequired":true,"valueName":"search_term_string"}}],"inLanguage":"fi"},{"@type":"Organization","@id":"https:\/\/miumjau.ee\/#organization","name":"MiuMjau O\u00dc","url":"https:\/\/miumjau.ee\/","logo":{"@type":"ImageObject","inLanguage":"fi","@id":"https:\/\/miumjau.ee\/#\/schema\/logo\/image\/","url":"https:\/\/miumjau.ee\/wp-content\/uploads\/2022\/04\/MiuMjau-logo-kollane.png","contentUrl":"https:\/\/miumjau.ee\/wp-content\/uploads\/2022\/04\/MiuMjau-logo-kollane.png","width":219,"height":100,"caption":"MiuMjau O\u00dc"},"image":{"@id":"https:\/\/miumjau.ee\/#\/schema\/logo\/image\/"},"sameAs":["https:\/\/www.facebook.com\/miumjaupood\/"]}]}},"_links":{"self":[{"href":"https:\/\/miumjau.ee\/fi\/wp-json\/wp\/v2\/product\/49481","targetHints":{"allow":["GET"]}}],"collection":[{"href":"https:\/\/miumjau.ee\/fi\/wp-json\/wp\/v2\/product"}],"about":[{"href":"https:\/\/miumjau.ee\/fi\/wp-json\/wp\/v2\/types\/product"}],"wp:featuredmedia":[{"embeddable":true,"href":"https:\/\/miumjau.ee\/fi\/wp-json\/wp\/v2\/media\/37833"}],"wp:attachment":[{"href":"https:\/\/miumjau.ee\/fi\/wp-json\/wp\/v2\/media?parent=49481"}],"wp:term":[{"taxonomy":"product_brand","embeddable":true,"href":"https:\/\/miumjau.ee\/fi\/wp-json\/wp\/v2\/product_brand?post=49481"},{"taxonomy":"product_cat","embeddable":true,"href":"https:\/\/miumjau.ee\/fi\/wp-json\/wp\/v2\/product_cat?post=49481"},{"taxonomy":"product_tag","embeddable":true,"href":"https:\/\/miumjau.ee\/fi\/wp-json\/wp\/v2\/product_tag?post=49481"}],"curies":[{"name":"wp","href":"https:\/\/api.w.org\/{rel}","templated":true}]}}