{"id":49477,"date":"2025-06-14T17:40:55","date_gmt":"2025-06-14T14:40:55","guid":{"rendered":"https:\/\/miumjau.ee\/toode\/bugalugs-tassuvaahto-papaialla-kookoksella-ei-huuhdella-200ml\/"},"modified":"2026-01-07T22:42:55","modified_gmt":"2026-01-07T20:42:55","slug":"bugalugs-tassuvaahto-papaialla-kookoksella-ei-huuhdella-200ml","status":"publish","type":"product","link":"https:\/\/miumjau.ee\/fi\/tuote\/bugalugs-tassuvaahto-papaialla-kookoksella-ei-huuhdella-200ml\/","title":{"rendered":"Bugalugs Tassuvaahto Papaialla &#038; Kookoksella, Ei Huuhdella 200ml"},"content":{"rendered":"","protected":false},"excerpt":{"rendered":"<p data-start=\"1827\" data-end=\"1937\">Hyv\u00e4sti mudalle, kuivalle ja \u00e4rtyneelle tassulle Bugalugsin tassuvaahdon avulla, jota ei tarvitse huuhdella!<\/p>\n<p data-start=\"1939\" data-end=\"2219\">Silikoniharja on suunniteltu hieromaan tassuja hell\u00e4varaisesti, ulottuen tassun halkeamiin ja varpaiden v\u00e4liin, poistaen itsep\u00e4isen lian. Pehme\u00e4t mutta kest\u00e4v\u00e4t silikoniharjakset ovat hell\u00e4varaisia lemmikin herkille tassunpohjille, tehden harjauksesta mukavaa ja nautinnollista.<\/p>\n<p data-start=\"2221\" data-end=\"2487\">Bugalugsin tassuvaahdon erityispiirre on huuhtelua vaativa vaahto. Helppok\u00e4ytt\u00f6isen vaahdopumpun ja harjan avulla vaahto voidaan levitt\u00e4\u00e4 suoraan tassuille \u2013 n\u00e4in helppoa se on! Kompakti koko tekee siit\u00e4 ihanteellisen matkalle, telttaretkelle tai pieneen k\u00e4velyyn.<\/p>\n<p data-start=\"2489\" data-end=\"2796\">Luonnollinen koostumus sis\u00e4lt\u00e4\u00e4 eteerisi\u00e4 \u00f6ljyj\u00e4, uutteita ja miellytt\u00e4v\u00e4n tuoksun, joka v\u00e4hent\u00e4\u00e4 ep\u00e4miellytt\u00e4v\u00e4\u00e4 hajua samalla kun se rauhoittaa ihoa. Hell\u00e4varainen koostumus sopii my\u00f6s kaikkein herkimmille ihotyypeille ja sit\u00e4 voidaan k\u00e4ytt\u00e4\u00e4 kaikille koiraroduille sek\u00e4 kissoille 8 viikon i\u00e4st\u00e4 alkaen.<\/p>\n<p data-start=\"2798\" data-end=\"3192\"><strong data-start=\"2798\" data-end=\"2813\">K\u00e4ytt\u00f6ohje:<\/strong><br data-start=\"2813\" data-end=\"2816\" \/>Poista korkki ja paina pumppua, jotta vaahto suihkautuu pehme\u00e4lle silikoniharjalle. Hiero vaahto varovasti py\u00f6rivin liikkein tassuihin, varmistaen ett\u00e4 se menee my\u00f6s varpaiden v\u00e4liin. Pyyhi tassut kuiviksi. Huuhteleminen ei ole tarpeen. K\u00e4yt\u00e4 jokaisen k\u00e4velyn j\u00e4lkeen tai tarpeen mukaan. Puhdista silikoniharjakset poistamalla harjan kansi ja huuhtomalla l\u00e4mpim\u00e4ll\u00e4 vedell\u00e4.<\/p>\n<p data-start=\"3194\" data-end=\"3486\"><strong data-start=\"3194\" data-end=\"3208\">Ainesosat:<\/strong> vesi, glyseriini, polysorbaatti 20, dekyliglukoosidi, metyylipropaanidioli, kokamidopropylbetaiini, setrimoniumkloridi, parfyymi, kapryyli glykol, natriumkloridi, bentsofenoni-4, sitruunahappo, fenylpropanooli, papaijahedelm\u00e4uute, kookoshedelm\u00e4uute, fenoksietanoli, CI 14700.<\/p>\n<p data-start=\"3488\" data-end=\"3522\"><strong data-start=\"3488\" data-end=\"3503\">Valmistaja:<\/strong> Lakeland Cosmetics<\/p>\n","protected":false},"featured_media":36313,"template":"","meta":[],"product_brand":[],"product_cat":[483],"product_tag":[],"class_list":{"0":"post-49477","1":"product","2":"type-product","3":"status-publish","4":"has-post-thumbnail","6":"product_cat-hoitotuotteet-koirille","8":"first","9":"instock","10":"sale","11":"taxable","12":"shipping-taxable","13":"purchasable","14":"product-type-simple"},"yoast_head":"<!-- This site is optimized with the Yoast SEO plugin v27.4 - https:\/\/yoast.com\/product\/yoast-seo-wordpress\/ -->\n<title>Bugalugs Tassuvaahto Papaialla &amp; Kookoksella, Ei Huuhdella 200ml - MiuMjau<\/title>\n<meta name=\"robots\" content=\"index, follow, max-snippet:-1, max-image-preview:large, max-video-preview:-1\" \/>\n<link rel=\"canonical\" href=\"https:\/\/miumjau.ee\/toode\/bugalugs-papaia-ja-kookosega-loputusvaba-kapapuhastusvahend-200ml\/\" \/>\n<meta property=\"og:locale\" content=\"fi_FI\" \/>\n<meta property=\"og:type\" content=\"article\" \/>\n<meta property=\"og:title\" content=\"Bugalugs Tassuvaahto Papaialla &amp; Kookoksella, Ei Huuhdella 200ml - MiuMjau\" \/>\n<meta property=\"og:description\" content=\"Hyv\u00e4sti mudalle, kuivalle ja \u00e4rtyneelle tassulle Bugalugsin tassuvaahdon avulla, jota ei tarvitse huuhdella! Silikoniharja on suunniteltu hieromaan tassuja hell\u00e4varaisesti, ulottuen tassun halkeamiin ja varpaiden v\u00e4liin, poistaen itsep\u00e4isen lian. Pehme\u00e4t mutta kest\u00e4v\u00e4t silikoniharjakset ovat hell\u00e4varaisia lemmikin herkille tassunpohjille, tehden harjauksesta mukavaa ja nautinnollista. Bugalugsin tassuvaahdon erityispiirre on huuhtelua vaativa vaahto. Helppok\u00e4ytt\u00f6isen vaahdopumpun ja harjan avulla vaahto voidaan levitt\u00e4\u00e4 suoraan tassuille \u2013 n\u00e4in helppoa se on! Kompakti koko tekee siit\u00e4 ihanteellisen matkalle, telttaretkelle tai pieneen k\u00e4velyyn. Luonnollinen koostumus sis\u00e4lt\u00e4\u00e4 eteerisi\u00e4 \u00f6ljyj\u00e4, uutteita ja miellytt\u00e4v\u00e4n tuoksun, joka v\u00e4hent\u00e4\u00e4 ep\u00e4miellytt\u00e4v\u00e4\u00e4 hajua samalla kun se rauhoittaa ihoa. Hell\u00e4varainen koostumus sopii my\u00f6s kaikkein herkimmille ihotyypeille ja sit\u00e4 voidaan k\u00e4ytt\u00e4\u00e4 kaikille koiraroduille sek\u00e4 kissoille 8 viikon i\u00e4st\u00e4 alkaen. K\u00e4ytt\u00f6ohje:Poista korkki ja paina pumppua, jotta vaahto suihkautuu pehme\u00e4lle silikoniharjalle. Hiero vaahto varovasti py\u00f6rivin liikkein tassuihin, varmistaen ett\u00e4 se menee my\u00f6s varpaiden v\u00e4liin. Pyyhi tassut kuiviksi. Huuhteleminen ei ole tarpeen. K\u00e4yt\u00e4 jokaisen k\u00e4velyn j\u00e4lkeen tai tarpeen mukaan. Puhdista silikoniharjakset poistamalla harjan kansi ja huuhtomalla l\u00e4mpim\u00e4ll\u00e4 vedell\u00e4. Ainesosat: vesi, glyseriini, polysorbaatti 20, dekyliglukoosidi, metyylipropaanidioli, kokamidopropylbetaiini, setrimoniumkloridi, parfyymi, kapryyli glykol, natriumkloridi, bentsofenoni-4, sitruunahappo, fenylpropanooli, papaijahedelm\u00e4uute, kookoshedelm\u00e4uute, fenoksietanoli, CI 14700. Valmistaja: Lakeland Cosmetics\" \/>\n<meta property=\"og:url\" content=\"https:\/\/miumjau.ee\/toode\/bugalugs-papaia-ja-kookosega-loputusvaba-kapapuhastusvahend-200ml\/\" \/>\n<meta property=\"og:site_name\" content=\"MiuMjau\" \/>\n<meta property=\"article:publisher\" content=\"https:\/\/www.facebook.com\/miumjaupood\/\" \/>\n<meta property=\"article:modified_time\" content=\"2026-01-07T20:42:55+00:00\" \/>\n<meta property=\"og:image\" content=\"https:\/\/miumjau.ee\/wp-content\/uploads\/2025\/06\/Bugalugs-loputusvaba-kapapuhastusvahend-200ml.jpg\" \/>\n\t<meta property=\"og:image:width\" content=\"600\" \/>\n\t<meta property=\"og:image:height\" content=\"800\" \/>\n\t<meta property=\"og:image:type\" content=\"image\/jpeg\" \/>\n<meta name=\"twitter:card\" content=\"summary_large_image\" \/>\n<script type=\"application\/ld+json\" class=\"yoast-schema-graph\">{\"@context\":\"https:\\\/\\\/schema.org\",\"@graph\":[{\"@type\":\"WebPage\",\"@id\":\"https:\\\/\\\/miumjau.ee\\\/toode\\\/bugalugs-papaia-ja-kookosega-loputusvaba-kapapuhastusvahend-200ml\\\/\",\"url\":\"https:\\\/\\\/miumjau.ee\\\/toode\\\/bugalugs-papaia-ja-kookosega-loputusvaba-kapapuhastusvahend-200ml\\\/\",\"name\":\"Bugalugs Tassuvaahto Papaialla & Kookoksella, Ei Huuhdella 200ml - MiuMjau\",\"isPartOf\":{\"@id\":\"https:\\\/\\\/miumjau.ee\\\/#website\"},\"primaryImageOfPage\":{\"@id\":\"https:\\\/\\\/miumjau.ee\\\/toode\\\/bugalugs-papaia-ja-kookosega-loputusvaba-kapapuhastusvahend-200ml\\\/#primaryimage\"},\"image\":{\"@id\":\"https:\\\/\\\/miumjau.ee\\\/toode\\\/bugalugs-papaia-ja-kookosega-loputusvaba-kapapuhastusvahend-200ml\\\/#primaryimage\"},\"thumbnailUrl\":\"https:\\\/\\\/miumjau.ee\\\/wp-content\\\/uploads\\\/2025\\\/06\\\/Bugalugs-loputusvaba-kapapuhastusvahend-200ml.jpg\",\"datePublished\":\"2025-06-14T14:40:55+00:00\",\"dateModified\":\"2026-01-07T20:42:55+00:00\",\"breadcrumb\":{\"@id\":\"https:\\\/\\\/miumjau.ee\\\/toode\\\/bugalugs-papaia-ja-kookosega-loputusvaba-kapapuhastusvahend-200ml\\\/#breadcrumb\"},\"inLanguage\":\"fi\",\"potentialAction\":[{\"@type\":\"ReadAction\",\"target\":[\"https:\\\/\\\/miumjau.ee\\\/toode\\\/bugalugs-papaia-ja-kookosega-loputusvaba-kapapuhastusvahend-200ml\\\/\"]}]},{\"@type\":\"ImageObject\",\"inLanguage\":\"fi\",\"@id\":\"https:\\\/\\\/miumjau.ee\\\/toode\\\/bugalugs-papaia-ja-kookosega-loputusvaba-kapapuhastusvahend-200ml\\\/#primaryimage\",\"url\":\"https:\\\/\\\/miumjau.ee\\\/wp-content\\\/uploads\\\/2025\\\/06\\\/Bugalugs-loputusvaba-kapapuhastusvahend-200ml.jpg\",\"contentUrl\":\"https:\\\/\\\/miumjau.ee\\\/wp-content\\\/uploads\\\/2025\\\/06\\\/Bugalugs-loputusvaba-kapapuhastusvahend-200ml.jpg\",\"width\":600,\"height\":800,\"caption\":\"Bugalugs papaia ja kookosega loputusvaba k\u00e4papuhastusvahend\"},{\"@type\":\"BreadcrumbList\",\"@id\":\"https:\\\/\\\/miumjau.ee\\\/toode\\\/bugalugs-papaia-ja-kookosega-loputusvaba-kapapuhastusvahend-200ml\\\/#breadcrumb\",\"itemListElement\":[{\"@type\":\"ListItem\",\"position\":1,\"name\":\"Home\",\"item\":\"https:\\\/\\\/miumjau.ee\\\/fi\\\/\"},{\"@type\":\"ListItem\",\"position\":2,\"name\":\"Kauppa\",\"item\":\"https:\\\/\\\/miumjau.ee\\\/fi\\\/kauppa\\\/\"},{\"@type\":\"ListItem\",\"position\":3,\"name\":\"Bugalugs Tassuvaahto Papaialla &#038; Kookoksella, Ei Huuhdella 200ml\"}]},{\"@type\":\"WebSite\",\"@id\":\"https:\\\/\\\/miumjau.ee\\\/#website\",\"url\":\"https:\\\/\\\/miumjau.ee\\\/\",\"name\":\"MiuMjau\",\"description\":\"Kraapimispuud kassidele\",\"publisher\":{\"@id\":\"https:\\\/\\\/miumjau.ee\\\/#organization\"},\"potentialAction\":[{\"@type\":\"SearchAction\",\"target\":{\"@type\":\"EntryPoint\",\"urlTemplate\":\"https:\\\/\\\/miumjau.ee\\\/?s={search_term_string}\"},\"query-input\":{\"@type\":\"PropertyValueSpecification\",\"valueRequired\":true,\"valueName\":\"search_term_string\"}}],\"inLanguage\":\"fi\"},{\"@type\":\"Organization\",\"@id\":\"https:\\\/\\\/miumjau.ee\\\/#organization\",\"name\":\"MiuMjau O\u00dc\",\"url\":\"https:\\\/\\\/miumjau.ee\\\/\",\"logo\":{\"@type\":\"ImageObject\",\"inLanguage\":\"fi\",\"@id\":\"https:\\\/\\\/miumjau.ee\\\/#\\\/schema\\\/logo\\\/image\\\/\",\"url\":\"https:\\\/\\\/miumjau.ee\\\/wp-content\\\/uploads\\\/2022\\\/04\\\/MiuMjau-logo-kollane.png\",\"contentUrl\":\"https:\\\/\\\/miumjau.ee\\\/wp-content\\\/uploads\\\/2022\\\/04\\\/MiuMjau-logo-kollane.png\",\"width\":219,\"height\":100,\"caption\":\"MiuMjau O\u00dc\"},\"image\":{\"@id\":\"https:\\\/\\\/miumjau.ee\\\/#\\\/schema\\\/logo\\\/image\\\/\"},\"sameAs\":[\"https:\\\/\\\/www.facebook.com\\\/miumjaupood\\\/\"]}]}<\/script>\n<!-- \/ Yoast SEO plugin. -->","yoast_head_json":{"title":"Bugalugs Tassuvaahto Papaialla & Kookoksella, Ei Huuhdella 200ml - MiuMjau","robots":{"index":"index","follow":"follow","max-snippet":"max-snippet:-1","max-image-preview":"max-image-preview:large","max-video-preview":"max-video-preview:-1"},"canonical":"https:\/\/miumjau.ee\/toode\/bugalugs-papaia-ja-kookosega-loputusvaba-kapapuhastusvahend-200ml\/","og_locale":"fi_FI","og_type":"article","og_title":"Bugalugs Tassuvaahto Papaialla & Kookoksella, Ei Huuhdella 200ml - MiuMjau","og_description":"Hyv\u00e4sti mudalle, kuivalle ja \u00e4rtyneelle tassulle Bugalugsin tassuvaahdon avulla, jota ei tarvitse huuhdella! Silikoniharja on suunniteltu hieromaan tassuja hell\u00e4varaisesti, ulottuen tassun halkeamiin ja varpaiden v\u00e4liin, poistaen itsep\u00e4isen lian. Pehme\u00e4t mutta kest\u00e4v\u00e4t silikoniharjakset ovat hell\u00e4varaisia lemmikin herkille tassunpohjille, tehden harjauksesta mukavaa ja nautinnollista. Bugalugsin tassuvaahdon erityispiirre on huuhtelua vaativa vaahto. Helppok\u00e4ytt\u00f6isen vaahdopumpun ja harjan avulla vaahto voidaan levitt\u00e4\u00e4 suoraan tassuille \u2013 n\u00e4in helppoa se on! Kompakti koko tekee siit\u00e4 ihanteellisen matkalle, telttaretkelle tai pieneen k\u00e4velyyn. Luonnollinen koostumus sis\u00e4lt\u00e4\u00e4 eteerisi\u00e4 \u00f6ljyj\u00e4, uutteita ja miellytt\u00e4v\u00e4n tuoksun, joka v\u00e4hent\u00e4\u00e4 ep\u00e4miellytt\u00e4v\u00e4\u00e4 hajua samalla kun se rauhoittaa ihoa. Hell\u00e4varainen koostumus sopii my\u00f6s kaikkein herkimmille ihotyypeille ja sit\u00e4 voidaan k\u00e4ytt\u00e4\u00e4 kaikille koiraroduille sek\u00e4 kissoille 8 viikon i\u00e4st\u00e4 alkaen. K\u00e4ytt\u00f6ohje:Poista korkki ja paina pumppua, jotta vaahto suihkautuu pehme\u00e4lle silikoniharjalle. Hiero vaahto varovasti py\u00f6rivin liikkein tassuihin, varmistaen ett\u00e4 se menee my\u00f6s varpaiden v\u00e4liin. Pyyhi tassut kuiviksi. Huuhteleminen ei ole tarpeen. K\u00e4yt\u00e4 jokaisen k\u00e4velyn j\u00e4lkeen tai tarpeen mukaan. Puhdista silikoniharjakset poistamalla harjan kansi ja huuhtomalla l\u00e4mpim\u00e4ll\u00e4 vedell\u00e4. Ainesosat: vesi, glyseriini, polysorbaatti 20, dekyliglukoosidi, metyylipropaanidioli, kokamidopropylbetaiini, setrimoniumkloridi, parfyymi, kapryyli glykol, natriumkloridi, bentsofenoni-4, sitruunahappo, fenylpropanooli, papaijahedelm\u00e4uute, kookoshedelm\u00e4uute, fenoksietanoli, CI 14700. Valmistaja: Lakeland Cosmetics","og_url":"https:\/\/miumjau.ee\/toode\/bugalugs-papaia-ja-kookosega-loputusvaba-kapapuhastusvahend-200ml\/","og_site_name":"MiuMjau","article_publisher":"https:\/\/www.facebook.com\/miumjaupood\/","article_modified_time":"2026-01-07T20:42:55+00:00","og_image":[{"width":600,"height":800,"url":"https:\/\/miumjau.ee\/wp-content\/uploads\/2025\/06\/Bugalugs-loputusvaba-kapapuhastusvahend-200ml.jpg","type":"image\/jpeg"}],"twitter_card":"summary_large_image","schema":{"@context":"https:\/\/schema.org","@graph":[{"@type":"WebPage","@id":"https:\/\/miumjau.ee\/toode\/bugalugs-papaia-ja-kookosega-loputusvaba-kapapuhastusvahend-200ml\/","url":"https:\/\/miumjau.ee\/toode\/bugalugs-papaia-ja-kookosega-loputusvaba-kapapuhastusvahend-200ml\/","name":"Bugalugs Tassuvaahto Papaialla & Kookoksella, Ei Huuhdella 200ml - MiuMjau","isPartOf":{"@id":"https:\/\/miumjau.ee\/#website"},"primaryImageOfPage":{"@id":"https:\/\/miumjau.ee\/toode\/bugalugs-papaia-ja-kookosega-loputusvaba-kapapuhastusvahend-200ml\/#primaryimage"},"image":{"@id":"https:\/\/miumjau.ee\/toode\/bugalugs-papaia-ja-kookosega-loputusvaba-kapapuhastusvahend-200ml\/#primaryimage"},"thumbnailUrl":"https:\/\/miumjau.ee\/wp-content\/uploads\/2025\/06\/Bugalugs-loputusvaba-kapapuhastusvahend-200ml.jpg","datePublished":"2025-06-14T14:40:55+00:00","dateModified":"2026-01-07T20:42:55+00:00","breadcrumb":{"@id":"https:\/\/miumjau.ee\/toode\/bugalugs-papaia-ja-kookosega-loputusvaba-kapapuhastusvahend-200ml\/#breadcrumb"},"inLanguage":"fi","potentialAction":[{"@type":"ReadAction","target":["https:\/\/miumjau.ee\/toode\/bugalugs-papaia-ja-kookosega-loputusvaba-kapapuhastusvahend-200ml\/"]}]},{"@type":"ImageObject","inLanguage":"fi","@id":"https:\/\/miumjau.ee\/toode\/bugalugs-papaia-ja-kookosega-loputusvaba-kapapuhastusvahend-200ml\/#primaryimage","url":"https:\/\/miumjau.ee\/wp-content\/uploads\/2025\/06\/Bugalugs-loputusvaba-kapapuhastusvahend-200ml.jpg","contentUrl":"https:\/\/miumjau.ee\/wp-content\/uploads\/2025\/06\/Bugalugs-loputusvaba-kapapuhastusvahend-200ml.jpg","width":600,"height":800,"caption":"Bugalugs papaia ja kookosega loputusvaba k\u00e4papuhastusvahend"},{"@type":"BreadcrumbList","@id":"https:\/\/miumjau.ee\/toode\/bugalugs-papaia-ja-kookosega-loputusvaba-kapapuhastusvahend-200ml\/#breadcrumb","itemListElement":[{"@type":"ListItem","position":1,"name":"Home","item":"https:\/\/miumjau.ee\/fi\/"},{"@type":"ListItem","position":2,"name":"Kauppa","item":"https:\/\/miumjau.ee\/fi\/kauppa\/"},{"@type":"ListItem","position":3,"name":"Bugalugs Tassuvaahto Papaialla &#038; Kookoksella, Ei Huuhdella 200ml"}]},{"@type":"WebSite","@id":"https:\/\/miumjau.ee\/#website","url":"https:\/\/miumjau.ee\/","name":"MiuMjau","description":"Kraapimispuud kassidele","publisher":{"@id":"https:\/\/miumjau.ee\/#organization"},"potentialAction":[{"@type":"SearchAction","target":{"@type":"EntryPoint","urlTemplate":"https:\/\/miumjau.ee\/?s={search_term_string}"},"query-input":{"@type":"PropertyValueSpecification","valueRequired":true,"valueName":"search_term_string"}}],"inLanguage":"fi"},{"@type":"Organization","@id":"https:\/\/miumjau.ee\/#organization","name":"MiuMjau O\u00dc","url":"https:\/\/miumjau.ee\/","logo":{"@type":"ImageObject","inLanguage":"fi","@id":"https:\/\/miumjau.ee\/#\/schema\/logo\/image\/","url":"https:\/\/miumjau.ee\/wp-content\/uploads\/2022\/04\/MiuMjau-logo-kollane.png","contentUrl":"https:\/\/miumjau.ee\/wp-content\/uploads\/2022\/04\/MiuMjau-logo-kollane.png","width":219,"height":100,"caption":"MiuMjau O\u00dc"},"image":{"@id":"https:\/\/miumjau.ee\/#\/schema\/logo\/image\/"},"sameAs":["https:\/\/www.facebook.com\/miumjaupood\/"]}]}},"_links":{"self":[{"href":"https:\/\/miumjau.ee\/fi\/wp-json\/wp\/v2\/product\/49477","targetHints":{"allow":["GET"]}}],"collection":[{"href":"https:\/\/miumjau.ee\/fi\/wp-json\/wp\/v2\/product"}],"about":[{"href":"https:\/\/miumjau.ee\/fi\/wp-json\/wp\/v2\/types\/product"}],"wp:featuredmedia":[{"embeddable":true,"href":"https:\/\/miumjau.ee\/fi\/wp-json\/wp\/v2\/media\/36313"}],"wp:attachment":[{"href":"https:\/\/miumjau.ee\/fi\/wp-json\/wp\/v2\/media?parent=49477"}],"wp:term":[{"taxonomy":"product_brand","embeddable":true,"href":"https:\/\/miumjau.ee\/fi\/wp-json\/wp\/v2\/product_brand?post=49477"},{"taxonomy":"product_cat","embeddable":true,"href":"https:\/\/miumjau.ee\/fi\/wp-json\/wp\/v2\/product_cat?post=49477"},{"taxonomy":"product_tag","embeddable":true,"href":"https:\/\/miumjau.ee\/fi\/wp-json\/wp\/v2\/product_tag?post=49477"}],"curies":[{"name":"wp","href":"https:\/\/api.w.org\/{rel}","templated":true}]}}