{"id":49433,"date":"2025-06-17T22:33:57","date_gmt":"2025-06-17T19:33:57","guid":{"rendered":"https:\/\/miumjau.ee\/toode\/bugalugs-kaura-ei-huuhtelutassupuhdistusaine\/"},"modified":"2026-01-07T22:42:55","modified_gmt":"2026-01-07T20:42:55","slug":"bugalugs-kaura-ei-huuhtelutassupuhdistusaine","status":"publish","type":"product","link":"https:\/\/miumjau.ee\/fi\/tuote\/bugalugs-kaura-ei-huuhtelutassupuhdistusaine\/","title":{"rendered":"Bugalugs Kaura Ei-Huuhtelutassupuhdistusaine"},"content":{"rendered":"","protected":false},"excerpt":{"rendered":"<p data-start=\"1884\" data-end=\"1998\">Sano hyv\u00e4stit mudalle, liian kuivalle ja \u00e4rtyneelle tassuille Bugalugsin ei-huuhteltavalla tassupuhdistusaineella!<\/p>\n<p data-start=\"2000\" data-end=\"2017\"><strong data-start=\"2000\" data-end=\"2010\">M\u00e4\u00e4r\u00e4:<\/strong> 200 ml<\/p>\n<p data-start=\"2019\" data-end=\"2306\">Silikoniharja on suunniteltu hell\u00e4varaisesti hieromaan lemmikin tassuja, ulottuen syviin halkeamiin ja varpaiden v\u00e4liin, jotta my\u00f6s itsep\u00e4inen lika poistuu. Pehme\u00e4t mutta kest\u00e4v\u00e4t silikoniharjakset ovat hell\u00e4varaisia herkille tassupohjille, tehden harjauksesta mukavaa ja nautinnollista.<\/p>\n<p data-start=\"2308\" data-end=\"2523\">Bugalugsin tassupuhdistusaineen erityispiirre on huuhteluton vaahto. K\u00e4yt\u00e4 vaahtopumppua ja harjaa vaahto suoraan tassuihin \u2013 n\u00e4in helppoa se on! Kompakti koko sopii matkalle, telttailuun tai pieneen k\u00e4velylenkkiin.<\/p>\n<p data-start=\"2525\" data-end=\"2772\">Luonnollinen koostumus sis\u00e4lt\u00e4\u00e4 eteerisi\u00e4 \u00f6ljyj\u00e4, uutteita ja miellytt\u00e4v\u00e4\u00e4 tuoksua, v\u00e4hent\u00e4en hajua ja rauhoittaen ihoa. Hell\u00e4 koostumus sopii kaikille ihotyypeille ja sit\u00e4 voidaan k\u00e4ytt\u00e4\u00e4 kaikille koiraroduille ja kissoille 8 viikon i\u00e4st\u00e4 alkaen.<\/p>\n<p data-start=\"2774\" data-end=\"3148\"><strong data-start=\"2774\" data-end=\"2789\">K\u00e4ytt\u00f6ohje:<\/strong> Poista korkki ja paina suutin, jotta vaahto levittyy pehmeill\u00e4 silikoniharjaksilla. Hiero vaahto varovasti tassuihin py\u00f6rivin liikkein, varmistaen ett\u00e4 se p\u00e4\u00e4see varpaiden v\u00e4liin. Pyyhi tassut kuivaksi. Huuhtelua ei tarvita. K\u00e4yt\u00e4 jokaisen k\u00e4velyn j\u00e4lkeen tai tarpeen mukaan. Silikoniharjan puhdistamiseksi poista harjan kansi ja huuhtele l\u00e4mpim\u00e4ll\u00e4 vedell\u00e4.<\/p>\n<p data-start=\"3150\" data-end=\"3635\"><strong data-start=\"3150\" data-end=\"3164\">Ainesosat:<\/strong> Vesi, Glyseriini, Polysorbaatti 20, Dekyyliglukoosidi, Metylipropanedioli, Kokamidopropyyli-beetaariini, Setrimoniumkloridi, Tuoksu, Kapryyyliglykoli, Natriumkloridi, Bensofenoni-4, Sitruunahappo, Fenyyli-propanoli, Propyleeniglykoli, Kauranjyv\u00e4uutteet, Kaliumsorbaatti, Natriumbentsoaatti, Tetranatrium-EDTA, Limetin\u00f6ljy, Appelsiinin kuorituoksu\u00f6ljy, Sitruunan kuorituoksu\u00f6ljy, Laventeli\u00f6ljy, Sitraali, Sitroneelloli, Kumariini, Limonene, Linalooli, CI 14700, CI 19140.<\/p>\n<p data-start=\"3637\" data-end=\"3671\"><strong data-start=\"3637\" data-end=\"3652\">Valmistaja:<\/strong> Lakeland Cosmetics<\/p>\n","protected":false},"featured_media":36452,"template":"","meta":[],"product_brand":[],"product_cat":[483],"product_tag":[],"class_list":{"0":"post-49433","1":"product","2":"type-product","3":"status-publish","4":"has-post-thumbnail","6":"product_cat-hoitotuotteet-koirille","8":"first","9":"instock","10":"taxable","11":"shipping-taxable","12":"purchasable","13":"product-type-simple"},"yoast_head":"<!-- This site is optimized with the Yoast SEO plugin v27.2 - https:\/\/yoast.com\/product\/yoast-seo-wordpress\/ -->\n<title>Bugalugs Kaura Ei-Huuhtelutassupuhdistusaine - MiuMjau<\/title>\n<meta name=\"robots\" content=\"index, follow, max-snippet:-1, max-image-preview:large, max-video-preview:-1\" \/>\n<link rel=\"canonical\" href=\"https:\/\/miumjau.ee\/fi\/tuote\/bugalugs-kaura-ei-huuhtelutassupuhdistusaine\/\" \/>\n<meta property=\"og:locale\" content=\"fi_FI\" \/>\n<meta property=\"og:type\" content=\"article\" \/>\n<meta property=\"og:title\" content=\"Bugalugs Kaura Ei-Huuhtelutassupuhdistusaine - MiuMjau\" \/>\n<meta property=\"og:description\" content=\"Sano hyv\u00e4stit mudalle, liian kuivalle ja \u00e4rtyneelle tassuille Bugalugsin ei-huuhteltavalla tassupuhdistusaineella! M\u00e4\u00e4r\u00e4: 200 ml Silikoniharja on suunniteltu hell\u00e4varaisesti hieromaan lemmikin tassuja, ulottuen syviin halkeamiin ja varpaiden v\u00e4liin, jotta my\u00f6s itsep\u00e4inen lika poistuu. Pehme\u00e4t mutta kest\u00e4v\u00e4t silikoniharjakset ovat hell\u00e4varaisia herkille tassupohjille, tehden harjauksesta mukavaa ja nautinnollista. Bugalugsin tassupuhdistusaineen erityispiirre on huuhteluton vaahto. K\u00e4yt\u00e4 vaahtopumppua ja harjaa vaahto suoraan tassuihin \u2013 n\u00e4in helppoa se on! Kompakti koko sopii matkalle, telttailuun tai pieneen k\u00e4velylenkkiin. Luonnollinen koostumus sis\u00e4lt\u00e4\u00e4 eteerisi\u00e4 \u00f6ljyj\u00e4, uutteita ja miellytt\u00e4v\u00e4\u00e4 tuoksua, v\u00e4hent\u00e4en hajua ja rauhoittaen ihoa. Hell\u00e4 koostumus sopii kaikille ihotyypeille ja sit\u00e4 voidaan k\u00e4ytt\u00e4\u00e4 kaikille koiraroduille ja kissoille 8 viikon i\u00e4st\u00e4 alkaen. K\u00e4ytt\u00f6ohje: Poista korkki ja paina suutin, jotta vaahto levittyy pehmeill\u00e4 silikoniharjaksilla. Hiero vaahto varovasti tassuihin py\u00f6rivin liikkein, varmistaen ett\u00e4 se p\u00e4\u00e4see varpaiden v\u00e4liin. Pyyhi tassut kuivaksi. Huuhtelua ei tarvita. K\u00e4yt\u00e4 jokaisen k\u00e4velyn j\u00e4lkeen tai tarpeen mukaan. Silikoniharjan puhdistamiseksi poista harjan kansi ja huuhtele l\u00e4mpim\u00e4ll\u00e4 vedell\u00e4. Ainesosat: Vesi, Glyseriini, Polysorbaatti 20, Dekyyliglukoosidi, Metylipropanedioli, Kokamidopropyyli-beetaariini, Setrimoniumkloridi, Tuoksu, Kapryyyliglykoli, Natriumkloridi, Bensofenoni-4, Sitruunahappo, Fenyyli-propanoli, Propyleeniglykoli, Kauranjyv\u00e4uutteet, Kaliumsorbaatti, Natriumbentsoaatti, Tetranatrium-EDTA, Limetin\u00f6ljy, Appelsiinin kuorituoksu\u00f6ljy, Sitruunan kuorituoksu\u00f6ljy, Laventeli\u00f6ljy, Sitraali, Sitroneelloli, Kumariini, Limonene, Linalooli, CI 14700, CI 19140. Valmistaja: Lakeland Cosmetics\" \/>\n<meta property=\"og:url\" content=\"https:\/\/miumjau.ee\/fi\/tuote\/bugalugs-kaura-ei-huuhtelutassupuhdistusaine\/\" \/>\n<meta property=\"og:site_name\" content=\"MiuMjau\" \/>\n<meta property=\"article:publisher\" content=\"https:\/\/www.facebook.com\/miumjaupood\/\" \/>\n<meta property=\"article:modified_time\" content=\"2026-01-07T20:42:55+00:00\" \/>\n<meta property=\"og:image\" content=\"https:\/\/miumjau.ee\/wp-content\/uploads\/2025\/06\/bugalugs-loputusvaba-kapapuhastusvahend-oatmeal.jpg\" \/>\n\t<meta property=\"og:image:width\" content=\"600\" \/>\n\t<meta property=\"og:image:height\" content=\"800\" \/>\n\t<meta property=\"og:image:type\" content=\"image\/jpeg\" \/>\n<meta name=\"twitter:card\" content=\"summary_large_image\" \/>\n<script type=\"application\/ld+json\" class=\"yoast-schema-graph\">{\"@context\":\"https:\/\/schema.org\",\"@graph\":[{\"@type\":\"WebPage\",\"@id\":\"https:\/\/miumjau.ee\/fi\/tuote\/bugalugs-kaura-ei-huuhtelutassupuhdistusaine\/\",\"url\":\"https:\/\/miumjau.ee\/fi\/tuote\/bugalugs-kaura-ei-huuhtelutassupuhdistusaine\/\",\"name\":\"Bugalugs Kaura Ei-Huuhtelutassupuhdistusaine - MiuMjau\",\"isPartOf\":{\"@id\":\"https:\/\/miumjau.ee\/#website\"},\"primaryImageOfPage\":{\"@id\":\"https:\/\/miumjau.ee\/fi\/tuote\/bugalugs-kaura-ei-huuhtelutassupuhdistusaine\/#primaryimage\"},\"image\":{\"@id\":\"https:\/\/miumjau.ee\/fi\/tuote\/bugalugs-kaura-ei-huuhtelutassupuhdistusaine\/#primaryimage\"},\"thumbnailUrl\":\"https:\/\/miumjau.ee\/wp-content\/uploads\/2025\/06\/bugalugs-loputusvaba-kapapuhastusvahend-oatmeal.jpg\",\"datePublished\":\"2025-06-17T19:33:57+00:00\",\"dateModified\":\"2026-01-07T20:42:55+00:00\",\"breadcrumb\":{\"@id\":\"https:\/\/miumjau.ee\/fi\/tuote\/bugalugs-kaura-ei-huuhtelutassupuhdistusaine\/#breadcrumb\"},\"inLanguage\":\"fi\",\"potentialAction\":[{\"@type\":\"ReadAction\",\"target\":[\"https:\/\/miumjau.ee\/fi\/tuote\/bugalugs-kaura-ei-huuhtelutassupuhdistusaine\/\"]}]},{\"@type\":\"ImageObject\",\"inLanguage\":\"fi\",\"@id\":\"https:\/\/miumjau.ee\/fi\/tuote\/bugalugs-kaura-ei-huuhtelutassupuhdistusaine\/#primaryimage\",\"url\":\"https:\/\/miumjau.ee\/wp-content\/uploads\/2025\/06\/bugalugs-loputusvaba-kapapuhastusvahend-oatmeal.jpg\",\"contentUrl\":\"https:\/\/miumjau.ee\/wp-content\/uploads\/2025\/06\/bugalugs-loputusvaba-kapapuhastusvahend-oatmeal.jpg\",\"width\":600,\"height\":800,\"caption\":\"Bugalugs Oatmeal loputusvaba k\u00e4papuhastusvahend\"},{\"@type\":\"BreadcrumbList\",\"@id\":\"https:\/\/miumjau.ee\/fi\/tuote\/bugalugs-kaura-ei-huuhtelutassupuhdistusaine\/#breadcrumb\",\"itemListElement\":[{\"@type\":\"ListItem\",\"position\":1,\"name\":\"Home\",\"item\":\"https:\/\/miumjau.ee\/fi\/\"},{\"@type\":\"ListItem\",\"position\":2,\"name\":\"Kauppa\",\"item\":\"https:\/\/miumjau.ee\/fi\/kauppa\/\"},{\"@type\":\"ListItem\",\"position\":3,\"name\":\"Bugalugs Kaura Ei-Huuhtelutassupuhdistusaine\"}]},{\"@type\":\"WebSite\",\"@id\":\"https:\/\/miumjau.ee\/#website\",\"url\":\"https:\/\/miumjau.ee\/\",\"name\":\"MiuMjau\",\"description\":\"Kraapimispuud kassidele\",\"publisher\":{\"@id\":\"https:\/\/miumjau.ee\/#organization\"},\"potentialAction\":[{\"@type\":\"SearchAction\",\"target\":{\"@type\":\"EntryPoint\",\"urlTemplate\":\"https:\/\/miumjau.ee\/?s={search_term_string}\"},\"query-input\":{\"@type\":\"PropertyValueSpecification\",\"valueRequired\":true,\"valueName\":\"search_term_string\"}}],\"inLanguage\":\"fi\"},{\"@type\":\"Organization\",\"@id\":\"https:\/\/miumjau.ee\/#organization\",\"name\":\"MiuMjau O\u00dc\",\"url\":\"https:\/\/miumjau.ee\/\",\"logo\":{\"@type\":\"ImageObject\",\"inLanguage\":\"fi\",\"@id\":\"https:\/\/miumjau.ee\/#\/schema\/logo\/image\/\",\"url\":\"https:\/\/miumjau.ee\/wp-content\/uploads\/2022\/04\/MiuMjau-logo-kollane.png\",\"contentUrl\":\"https:\/\/miumjau.ee\/wp-content\/uploads\/2022\/04\/MiuMjau-logo-kollane.png\",\"width\":219,\"height\":100,\"caption\":\"MiuMjau O\u00dc\"},\"image\":{\"@id\":\"https:\/\/miumjau.ee\/#\/schema\/logo\/image\/\"},\"sameAs\":[\"https:\/\/www.facebook.com\/miumjaupood\/\"]}]}<\/script>\n<!-- \/ Yoast SEO plugin. -->","yoast_head_json":{"title":"Bugalugs Kaura Ei-Huuhtelutassupuhdistusaine - MiuMjau","robots":{"index":"index","follow":"follow","max-snippet":"max-snippet:-1","max-image-preview":"max-image-preview:large","max-video-preview":"max-video-preview:-1"},"canonical":"https:\/\/miumjau.ee\/fi\/tuote\/bugalugs-kaura-ei-huuhtelutassupuhdistusaine\/","og_locale":"fi_FI","og_type":"article","og_title":"Bugalugs Kaura Ei-Huuhtelutassupuhdistusaine - MiuMjau","og_description":"Sano hyv\u00e4stit mudalle, liian kuivalle ja \u00e4rtyneelle tassuille Bugalugsin ei-huuhteltavalla tassupuhdistusaineella! M\u00e4\u00e4r\u00e4: 200 ml Silikoniharja on suunniteltu hell\u00e4varaisesti hieromaan lemmikin tassuja, ulottuen syviin halkeamiin ja varpaiden v\u00e4liin, jotta my\u00f6s itsep\u00e4inen lika poistuu. Pehme\u00e4t mutta kest\u00e4v\u00e4t silikoniharjakset ovat hell\u00e4varaisia herkille tassupohjille, tehden harjauksesta mukavaa ja nautinnollista. Bugalugsin tassupuhdistusaineen erityispiirre on huuhteluton vaahto. K\u00e4yt\u00e4 vaahtopumppua ja harjaa vaahto suoraan tassuihin \u2013 n\u00e4in helppoa se on! Kompakti koko sopii matkalle, telttailuun tai pieneen k\u00e4velylenkkiin. Luonnollinen koostumus sis\u00e4lt\u00e4\u00e4 eteerisi\u00e4 \u00f6ljyj\u00e4, uutteita ja miellytt\u00e4v\u00e4\u00e4 tuoksua, v\u00e4hent\u00e4en hajua ja rauhoittaen ihoa. Hell\u00e4 koostumus sopii kaikille ihotyypeille ja sit\u00e4 voidaan k\u00e4ytt\u00e4\u00e4 kaikille koiraroduille ja kissoille 8 viikon i\u00e4st\u00e4 alkaen. K\u00e4ytt\u00f6ohje: Poista korkki ja paina suutin, jotta vaahto levittyy pehmeill\u00e4 silikoniharjaksilla. Hiero vaahto varovasti tassuihin py\u00f6rivin liikkein, varmistaen ett\u00e4 se p\u00e4\u00e4see varpaiden v\u00e4liin. Pyyhi tassut kuivaksi. Huuhtelua ei tarvita. K\u00e4yt\u00e4 jokaisen k\u00e4velyn j\u00e4lkeen tai tarpeen mukaan. Silikoniharjan puhdistamiseksi poista harjan kansi ja huuhtele l\u00e4mpim\u00e4ll\u00e4 vedell\u00e4. Ainesosat: Vesi, Glyseriini, Polysorbaatti 20, Dekyyliglukoosidi, Metylipropanedioli, Kokamidopropyyli-beetaariini, Setrimoniumkloridi, Tuoksu, Kapryyyliglykoli, Natriumkloridi, Bensofenoni-4, Sitruunahappo, Fenyyli-propanoli, Propyleeniglykoli, Kauranjyv\u00e4uutteet, Kaliumsorbaatti, Natriumbentsoaatti, Tetranatrium-EDTA, Limetin\u00f6ljy, Appelsiinin kuorituoksu\u00f6ljy, Sitruunan kuorituoksu\u00f6ljy, Laventeli\u00f6ljy, Sitraali, Sitroneelloli, Kumariini, Limonene, Linalooli, CI 14700, CI 19140. Valmistaja: Lakeland Cosmetics","og_url":"https:\/\/miumjau.ee\/fi\/tuote\/bugalugs-kaura-ei-huuhtelutassupuhdistusaine\/","og_site_name":"MiuMjau","article_publisher":"https:\/\/www.facebook.com\/miumjaupood\/","article_modified_time":"2026-01-07T20:42:55+00:00","og_image":[{"width":600,"height":800,"url":"https:\/\/miumjau.ee\/wp-content\/uploads\/2025\/06\/bugalugs-loputusvaba-kapapuhastusvahend-oatmeal.jpg","type":"image\/jpeg"}],"twitter_card":"summary_large_image","schema":{"@context":"https:\/\/schema.org","@graph":[{"@type":"WebPage","@id":"https:\/\/miumjau.ee\/fi\/tuote\/bugalugs-kaura-ei-huuhtelutassupuhdistusaine\/","url":"https:\/\/miumjau.ee\/fi\/tuote\/bugalugs-kaura-ei-huuhtelutassupuhdistusaine\/","name":"Bugalugs Kaura Ei-Huuhtelutassupuhdistusaine - MiuMjau","isPartOf":{"@id":"https:\/\/miumjau.ee\/#website"},"primaryImageOfPage":{"@id":"https:\/\/miumjau.ee\/fi\/tuote\/bugalugs-kaura-ei-huuhtelutassupuhdistusaine\/#primaryimage"},"image":{"@id":"https:\/\/miumjau.ee\/fi\/tuote\/bugalugs-kaura-ei-huuhtelutassupuhdistusaine\/#primaryimage"},"thumbnailUrl":"https:\/\/miumjau.ee\/wp-content\/uploads\/2025\/06\/bugalugs-loputusvaba-kapapuhastusvahend-oatmeal.jpg","datePublished":"2025-06-17T19:33:57+00:00","dateModified":"2026-01-07T20:42:55+00:00","breadcrumb":{"@id":"https:\/\/miumjau.ee\/fi\/tuote\/bugalugs-kaura-ei-huuhtelutassupuhdistusaine\/#breadcrumb"},"inLanguage":"fi","potentialAction":[{"@type":"ReadAction","target":["https:\/\/miumjau.ee\/fi\/tuote\/bugalugs-kaura-ei-huuhtelutassupuhdistusaine\/"]}]},{"@type":"ImageObject","inLanguage":"fi","@id":"https:\/\/miumjau.ee\/fi\/tuote\/bugalugs-kaura-ei-huuhtelutassupuhdistusaine\/#primaryimage","url":"https:\/\/miumjau.ee\/wp-content\/uploads\/2025\/06\/bugalugs-loputusvaba-kapapuhastusvahend-oatmeal.jpg","contentUrl":"https:\/\/miumjau.ee\/wp-content\/uploads\/2025\/06\/bugalugs-loputusvaba-kapapuhastusvahend-oatmeal.jpg","width":600,"height":800,"caption":"Bugalugs Oatmeal loputusvaba k\u00e4papuhastusvahend"},{"@type":"BreadcrumbList","@id":"https:\/\/miumjau.ee\/fi\/tuote\/bugalugs-kaura-ei-huuhtelutassupuhdistusaine\/#breadcrumb","itemListElement":[{"@type":"ListItem","position":1,"name":"Home","item":"https:\/\/miumjau.ee\/fi\/"},{"@type":"ListItem","position":2,"name":"Kauppa","item":"https:\/\/miumjau.ee\/fi\/kauppa\/"},{"@type":"ListItem","position":3,"name":"Bugalugs Kaura Ei-Huuhtelutassupuhdistusaine"}]},{"@type":"WebSite","@id":"https:\/\/miumjau.ee\/#website","url":"https:\/\/miumjau.ee\/","name":"MiuMjau","description":"Kraapimispuud kassidele","publisher":{"@id":"https:\/\/miumjau.ee\/#organization"},"potentialAction":[{"@type":"SearchAction","target":{"@type":"EntryPoint","urlTemplate":"https:\/\/miumjau.ee\/?s={search_term_string}"},"query-input":{"@type":"PropertyValueSpecification","valueRequired":true,"valueName":"search_term_string"}}],"inLanguage":"fi"},{"@type":"Organization","@id":"https:\/\/miumjau.ee\/#organization","name":"MiuMjau O\u00dc","url":"https:\/\/miumjau.ee\/","logo":{"@type":"ImageObject","inLanguage":"fi","@id":"https:\/\/miumjau.ee\/#\/schema\/logo\/image\/","url":"https:\/\/miumjau.ee\/wp-content\/uploads\/2022\/04\/MiuMjau-logo-kollane.png","contentUrl":"https:\/\/miumjau.ee\/wp-content\/uploads\/2022\/04\/MiuMjau-logo-kollane.png","width":219,"height":100,"caption":"MiuMjau O\u00dc"},"image":{"@id":"https:\/\/miumjau.ee\/#\/schema\/logo\/image\/"},"sameAs":["https:\/\/www.facebook.com\/miumjaupood\/"]}]}},"_links":{"self":[{"href":"https:\/\/miumjau.ee\/fi\/wp-json\/wp\/v2\/product\/49433","targetHints":{"allow":["GET"]}}],"collection":[{"href":"https:\/\/miumjau.ee\/fi\/wp-json\/wp\/v2\/product"}],"about":[{"href":"https:\/\/miumjau.ee\/fi\/wp-json\/wp\/v2\/types\/product"}],"wp:featuredmedia":[{"embeddable":true,"href":"https:\/\/miumjau.ee\/fi\/wp-json\/wp\/v2\/media\/36452"}],"wp:attachment":[{"href":"https:\/\/miumjau.ee\/fi\/wp-json\/wp\/v2\/media?parent=49433"}],"wp:term":[{"taxonomy":"product_brand","embeddable":true,"href":"https:\/\/miumjau.ee\/fi\/wp-json\/wp\/v2\/product_brand?post=49433"},{"taxonomy":"product_cat","embeddable":true,"href":"https:\/\/miumjau.ee\/fi\/wp-json\/wp\/v2\/product_cat?post=49433"},{"taxonomy":"product_tag","embeddable":true,"href":"https:\/\/miumjau.ee\/fi\/wp-json\/wp\/v2\/product_tag?post=49433"}],"curies":[{"name":"wp","href":"https:\/\/api.w.org\/{rel}","templated":true}]}}