{"id":49427,"date":"2025-06-17T22:55:28","date_gmt":"2025-06-17T19:55:28","guid":{"rendered":"https:\/\/miumjau.ee\/toode\/bugalugs-tassu-ja-nenavaha-40g\/"},"modified":"2026-01-07T22:42:55","modified_gmt":"2026-01-07T20:42:55","slug":"bugalugs-tassu-ja-nenavaha-40g","status":"publish","type":"product","link":"https:\/\/miumjau.ee\/fi\/tuote\/bugalugs-tassu-ja-nenavaha-40g\/","title":{"rendered":"Bugalugs Tassu- ja Nen\u00e4vaha 40g"},"content":{"rendered":"","protected":false},"excerpt":{"rendered":"<p data-start=\"923\" data-end=\"1183\">Erinomainen kosteuttaja kuivalle ja halkeilevalle iholle. Sopii ymp\u00e4ri vuoden k\u00e4ytett\u00e4v\u00e4ksi pit\u00e4m\u00e4\u00e4n nen\u00e4t ja tassut pehmein\u00e4 ja silein\u00e4. Bugalugsin vegaaninen resepti sis\u00e4lt\u00e4\u00e4 luonnollisia \u00f6ljyj\u00e4 ja sopii kaikille roduille ja pennuille, alkaen 8 viikon i\u00e4st\u00e4.<\/p>\n<p data-start=\"1185\" data-end=\"1321\">Erityisesti kehitetty voide on ravitseva sekoitus monia luonnollisia \u00f6ljyj\u00e4 ja voita, jotka tunnetaan ihon hoitavista ominaisuuksistaan.<\/p>\n<p data-start=\"1323\" data-end=\"1434\"><strong data-start=\"1323\" data-end=\"1334\">K\u00e4ytt\u00f6:<\/strong> Varmista, ett\u00e4 iho on puhdas ja kuiva. Levit\u00e4 herneen kokoinen m\u00e4\u00e4r\u00e4 tassuihin tai nen\u00e4\u00e4n ja hiero.<\/p>\n<p data-start=\"1436\" data-end=\"1663\"><strong data-start=\"1436\" data-end=\"1450\">Ainesosat:<\/strong> Mantelin siemen\u00f6ljy, kapryyli-\/kapriinitriglyseridi, kookosp\u00e4hkin\u00e4n siemen\u00f6ljy, ohran siemenjauho, auringonkukan vaha, auringonkukka\u00f6ljy, kauran siemenjauho, kauran siemen\u00f6ljy, tokoferoli, heksyylikanelialdehydi.<\/p>\n<p data-start=\"1665\" data-end=\"1699\"><strong data-start=\"1665\" data-end=\"1680\">Valmistaja:<\/strong> Lakeland Cosmetics<\/p>\n","protected":false},"featured_media":36458,"template":"","meta":[],"product_brand":[],"product_cat":[483],"product_tag":[],"class_list":{"0":"post-49427","1":"product","2":"type-product","3":"status-publish","4":"has-post-thumbnail","6":"product_cat-hoitotuotteet-koirille","8":"first","9":"instock","10":"sale","11":"taxable","12":"shipping-taxable","13":"purchasable","14":"product-type-simple"},"yoast_head":"<!-- This site is optimized with the Yoast SEO plugin v27.2 - https:\/\/yoast.com\/product\/yoast-seo-wordpress\/ -->\n<title>Bugalugs Tassu- ja Nen\u00e4vaha 40g - MiuMjau<\/title>\n<meta name=\"robots\" content=\"index, follow, max-snippet:-1, max-image-preview:large, max-video-preview:-1\" \/>\n<link rel=\"canonical\" href=\"https:\/\/miumjau.ee\/fi\/tuote\/bugalugs-tassu-ja-nenavaha-40g\/\" \/>\n<meta property=\"og:locale\" content=\"fi_FI\" \/>\n<meta property=\"og:type\" content=\"article\" \/>\n<meta property=\"og:title\" content=\"Bugalugs Tassu- ja Nen\u00e4vaha 40g - MiuMjau\" \/>\n<meta property=\"og:description\" content=\"Erinomainen kosteuttaja kuivalle ja halkeilevalle iholle. Sopii ymp\u00e4ri vuoden k\u00e4ytett\u00e4v\u00e4ksi pit\u00e4m\u00e4\u00e4n nen\u00e4t ja tassut pehmein\u00e4 ja silein\u00e4. Bugalugsin vegaaninen resepti sis\u00e4lt\u00e4\u00e4 luonnollisia \u00f6ljyj\u00e4 ja sopii kaikille roduille ja pennuille, alkaen 8 viikon i\u00e4st\u00e4. Erityisesti kehitetty voide on ravitseva sekoitus monia luonnollisia \u00f6ljyj\u00e4 ja voita, jotka tunnetaan ihon hoitavista ominaisuuksistaan. K\u00e4ytt\u00f6: Varmista, ett\u00e4 iho on puhdas ja kuiva. Levit\u00e4 herneen kokoinen m\u00e4\u00e4r\u00e4 tassuihin tai nen\u00e4\u00e4n ja hiero. Ainesosat: Mantelin siemen\u00f6ljy, kapryyli-\/kapriinitriglyseridi, kookosp\u00e4hkin\u00e4n siemen\u00f6ljy, ohran siemenjauho, auringonkukan vaha, auringonkukka\u00f6ljy, kauran siemenjauho, kauran siemen\u00f6ljy, tokoferoli, heksyylikanelialdehydi. Valmistaja: Lakeland Cosmetics\" \/>\n<meta property=\"og:url\" content=\"https:\/\/miumjau.ee\/fi\/tuote\/bugalugs-tassu-ja-nenavaha-40g\/\" \/>\n<meta property=\"og:site_name\" content=\"MiuMjau\" \/>\n<meta property=\"article:publisher\" content=\"https:\/\/www.facebook.com\/miumjaupood\/\" \/>\n<meta property=\"article:modified_time\" content=\"2026-01-07T20:42:55+00:00\" \/>\n<meta property=\"og:image\" content=\"https:\/\/miumjau.ee\/wp-content\/uploads\/2025\/06\/bugalugs-kapavaha-ninavaha-40g1.webp\" \/>\n\t<meta property=\"og:image:width\" content=\"600\" \/>\n\t<meta property=\"og:image:height\" content=\"800\" \/>\n\t<meta property=\"og:image:type\" content=\"image\/webp\" \/>\n<meta name=\"twitter:card\" content=\"summary_large_image\" \/>\n<script type=\"application\/ld+json\" class=\"yoast-schema-graph\">{\"@context\":\"https:\/\/schema.org\",\"@graph\":[{\"@type\":\"WebPage\",\"@id\":\"https:\/\/miumjau.ee\/fi\/tuote\/bugalugs-tassu-ja-nenavaha-40g\/\",\"url\":\"https:\/\/miumjau.ee\/fi\/tuote\/bugalugs-tassu-ja-nenavaha-40g\/\",\"name\":\"Bugalugs Tassu- ja Nen\u00e4vaha 40g - MiuMjau\",\"isPartOf\":{\"@id\":\"https:\/\/miumjau.ee\/#website\"},\"primaryImageOfPage\":{\"@id\":\"https:\/\/miumjau.ee\/fi\/tuote\/bugalugs-tassu-ja-nenavaha-40g\/#primaryimage\"},\"image\":{\"@id\":\"https:\/\/miumjau.ee\/fi\/tuote\/bugalugs-tassu-ja-nenavaha-40g\/#primaryimage\"},\"thumbnailUrl\":\"https:\/\/miumjau.ee\/wp-content\/uploads\/2025\/06\/bugalugs-kapavaha-ninavaha-40g1.webp\",\"datePublished\":\"2025-06-17T19:55:28+00:00\",\"dateModified\":\"2026-01-07T20:42:55+00:00\",\"breadcrumb\":{\"@id\":\"https:\/\/miumjau.ee\/fi\/tuote\/bugalugs-tassu-ja-nenavaha-40g\/#breadcrumb\"},\"inLanguage\":\"fi\",\"potentialAction\":[{\"@type\":\"ReadAction\",\"target\":[\"https:\/\/miumjau.ee\/fi\/tuote\/bugalugs-tassu-ja-nenavaha-40g\/\"]}]},{\"@type\":\"ImageObject\",\"inLanguage\":\"fi\",\"@id\":\"https:\/\/miumjau.ee\/fi\/tuote\/bugalugs-tassu-ja-nenavaha-40g\/#primaryimage\",\"url\":\"https:\/\/miumjau.ee\/wp-content\/uploads\/2025\/06\/bugalugs-kapavaha-ninavaha-40g1.webp\",\"contentUrl\":\"https:\/\/miumjau.ee\/wp-content\/uploads\/2025\/06\/bugalugs-kapavaha-ninavaha-40g1.webp\",\"width\":600,\"height\":800,\"caption\":\"Bugalugs k\u00e4pa- ja ninavaha 40g\"},{\"@type\":\"BreadcrumbList\",\"@id\":\"https:\/\/miumjau.ee\/fi\/tuote\/bugalugs-tassu-ja-nenavaha-40g\/#breadcrumb\",\"itemListElement\":[{\"@type\":\"ListItem\",\"position\":1,\"name\":\"Home\",\"item\":\"https:\/\/miumjau.ee\/fi\/\"},{\"@type\":\"ListItem\",\"position\":2,\"name\":\"Kauppa\",\"item\":\"https:\/\/miumjau.ee\/fi\/kauppa\/\"},{\"@type\":\"ListItem\",\"position\":3,\"name\":\"Bugalugs Tassu- ja Nen\u00e4vaha 40g\"}]},{\"@type\":\"WebSite\",\"@id\":\"https:\/\/miumjau.ee\/#website\",\"url\":\"https:\/\/miumjau.ee\/\",\"name\":\"MiuMjau\",\"description\":\"Kraapimispuud kassidele\",\"publisher\":{\"@id\":\"https:\/\/miumjau.ee\/#organization\"},\"potentialAction\":[{\"@type\":\"SearchAction\",\"target\":{\"@type\":\"EntryPoint\",\"urlTemplate\":\"https:\/\/miumjau.ee\/?s={search_term_string}\"},\"query-input\":{\"@type\":\"PropertyValueSpecification\",\"valueRequired\":true,\"valueName\":\"search_term_string\"}}],\"inLanguage\":\"fi\"},{\"@type\":\"Organization\",\"@id\":\"https:\/\/miumjau.ee\/#organization\",\"name\":\"MiuMjau O\u00dc\",\"url\":\"https:\/\/miumjau.ee\/\",\"logo\":{\"@type\":\"ImageObject\",\"inLanguage\":\"fi\",\"@id\":\"https:\/\/miumjau.ee\/#\/schema\/logo\/image\/\",\"url\":\"https:\/\/miumjau.ee\/wp-content\/uploads\/2022\/04\/MiuMjau-logo-kollane.png\",\"contentUrl\":\"https:\/\/miumjau.ee\/wp-content\/uploads\/2022\/04\/MiuMjau-logo-kollane.png\",\"width\":219,\"height\":100,\"caption\":\"MiuMjau O\u00dc\"},\"image\":{\"@id\":\"https:\/\/miumjau.ee\/#\/schema\/logo\/image\/\"},\"sameAs\":[\"https:\/\/www.facebook.com\/miumjaupood\/\"]}]}<\/script>\n<!-- \/ Yoast SEO plugin. -->","yoast_head_json":{"title":"Bugalugs Tassu- ja Nen\u00e4vaha 40g - MiuMjau","robots":{"index":"index","follow":"follow","max-snippet":"max-snippet:-1","max-image-preview":"max-image-preview:large","max-video-preview":"max-video-preview:-1"},"canonical":"https:\/\/miumjau.ee\/fi\/tuote\/bugalugs-tassu-ja-nenavaha-40g\/","og_locale":"fi_FI","og_type":"article","og_title":"Bugalugs Tassu- ja Nen\u00e4vaha 40g - MiuMjau","og_description":"Erinomainen kosteuttaja kuivalle ja halkeilevalle iholle. Sopii ymp\u00e4ri vuoden k\u00e4ytett\u00e4v\u00e4ksi pit\u00e4m\u00e4\u00e4n nen\u00e4t ja tassut pehmein\u00e4 ja silein\u00e4. Bugalugsin vegaaninen resepti sis\u00e4lt\u00e4\u00e4 luonnollisia \u00f6ljyj\u00e4 ja sopii kaikille roduille ja pennuille, alkaen 8 viikon i\u00e4st\u00e4. Erityisesti kehitetty voide on ravitseva sekoitus monia luonnollisia \u00f6ljyj\u00e4 ja voita, jotka tunnetaan ihon hoitavista ominaisuuksistaan. K\u00e4ytt\u00f6: Varmista, ett\u00e4 iho on puhdas ja kuiva. Levit\u00e4 herneen kokoinen m\u00e4\u00e4r\u00e4 tassuihin tai nen\u00e4\u00e4n ja hiero. Ainesosat: Mantelin siemen\u00f6ljy, kapryyli-\/kapriinitriglyseridi, kookosp\u00e4hkin\u00e4n siemen\u00f6ljy, ohran siemenjauho, auringonkukan vaha, auringonkukka\u00f6ljy, kauran siemenjauho, kauran siemen\u00f6ljy, tokoferoli, heksyylikanelialdehydi. Valmistaja: Lakeland Cosmetics","og_url":"https:\/\/miumjau.ee\/fi\/tuote\/bugalugs-tassu-ja-nenavaha-40g\/","og_site_name":"MiuMjau","article_publisher":"https:\/\/www.facebook.com\/miumjaupood\/","article_modified_time":"2026-01-07T20:42:55+00:00","og_image":[{"width":600,"height":800,"url":"https:\/\/miumjau.ee\/wp-content\/uploads\/2025\/06\/bugalugs-kapavaha-ninavaha-40g1.webp","type":"image\/webp"}],"twitter_card":"summary_large_image","schema":{"@context":"https:\/\/schema.org","@graph":[{"@type":"WebPage","@id":"https:\/\/miumjau.ee\/fi\/tuote\/bugalugs-tassu-ja-nenavaha-40g\/","url":"https:\/\/miumjau.ee\/fi\/tuote\/bugalugs-tassu-ja-nenavaha-40g\/","name":"Bugalugs Tassu- ja Nen\u00e4vaha 40g - MiuMjau","isPartOf":{"@id":"https:\/\/miumjau.ee\/#website"},"primaryImageOfPage":{"@id":"https:\/\/miumjau.ee\/fi\/tuote\/bugalugs-tassu-ja-nenavaha-40g\/#primaryimage"},"image":{"@id":"https:\/\/miumjau.ee\/fi\/tuote\/bugalugs-tassu-ja-nenavaha-40g\/#primaryimage"},"thumbnailUrl":"https:\/\/miumjau.ee\/wp-content\/uploads\/2025\/06\/bugalugs-kapavaha-ninavaha-40g1.webp","datePublished":"2025-06-17T19:55:28+00:00","dateModified":"2026-01-07T20:42:55+00:00","breadcrumb":{"@id":"https:\/\/miumjau.ee\/fi\/tuote\/bugalugs-tassu-ja-nenavaha-40g\/#breadcrumb"},"inLanguage":"fi","potentialAction":[{"@type":"ReadAction","target":["https:\/\/miumjau.ee\/fi\/tuote\/bugalugs-tassu-ja-nenavaha-40g\/"]}]},{"@type":"ImageObject","inLanguage":"fi","@id":"https:\/\/miumjau.ee\/fi\/tuote\/bugalugs-tassu-ja-nenavaha-40g\/#primaryimage","url":"https:\/\/miumjau.ee\/wp-content\/uploads\/2025\/06\/bugalugs-kapavaha-ninavaha-40g1.webp","contentUrl":"https:\/\/miumjau.ee\/wp-content\/uploads\/2025\/06\/bugalugs-kapavaha-ninavaha-40g1.webp","width":600,"height":800,"caption":"Bugalugs k\u00e4pa- ja ninavaha 40g"},{"@type":"BreadcrumbList","@id":"https:\/\/miumjau.ee\/fi\/tuote\/bugalugs-tassu-ja-nenavaha-40g\/#breadcrumb","itemListElement":[{"@type":"ListItem","position":1,"name":"Home","item":"https:\/\/miumjau.ee\/fi\/"},{"@type":"ListItem","position":2,"name":"Kauppa","item":"https:\/\/miumjau.ee\/fi\/kauppa\/"},{"@type":"ListItem","position":3,"name":"Bugalugs Tassu- ja Nen\u00e4vaha 40g"}]},{"@type":"WebSite","@id":"https:\/\/miumjau.ee\/#website","url":"https:\/\/miumjau.ee\/","name":"MiuMjau","description":"Kraapimispuud kassidele","publisher":{"@id":"https:\/\/miumjau.ee\/#organization"},"potentialAction":[{"@type":"SearchAction","target":{"@type":"EntryPoint","urlTemplate":"https:\/\/miumjau.ee\/?s={search_term_string}"},"query-input":{"@type":"PropertyValueSpecification","valueRequired":true,"valueName":"search_term_string"}}],"inLanguage":"fi"},{"@type":"Organization","@id":"https:\/\/miumjau.ee\/#organization","name":"MiuMjau O\u00dc","url":"https:\/\/miumjau.ee\/","logo":{"@type":"ImageObject","inLanguage":"fi","@id":"https:\/\/miumjau.ee\/#\/schema\/logo\/image\/","url":"https:\/\/miumjau.ee\/wp-content\/uploads\/2022\/04\/MiuMjau-logo-kollane.png","contentUrl":"https:\/\/miumjau.ee\/wp-content\/uploads\/2022\/04\/MiuMjau-logo-kollane.png","width":219,"height":100,"caption":"MiuMjau O\u00dc"},"image":{"@id":"https:\/\/miumjau.ee\/#\/schema\/logo\/image\/"},"sameAs":["https:\/\/www.facebook.com\/miumjaupood\/"]}]}},"_links":{"self":[{"href":"https:\/\/miumjau.ee\/fi\/wp-json\/wp\/v2\/product\/49427","targetHints":{"allow":["GET"]}}],"collection":[{"href":"https:\/\/miumjau.ee\/fi\/wp-json\/wp\/v2\/product"}],"about":[{"href":"https:\/\/miumjau.ee\/fi\/wp-json\/wp\/v2\/types\/product"}],"wp:featuredmedia":[{"embeddable":true,"href":"https:\/\/miumjau.ee\/fi\/wp-json\/wp\/v2\/media\/36458"}],"wp:attachment":[{"href":"https:\/\/miumjau.ee\/fi\/wp-json\/wp\/v2\/media?parent=49427"}],"wp:term":[{"taxonomy":"product_brand","embeddable":true,"href":"https:\/\/miumjau.ee\/fi\/wp-json\/wp\/v2\/product_brand?post=49427"},{"taxonomy":"product_cat","embeddable":true,"href":"https:\/\/miumjau.ee\/fi\/wp-json\/wp\/v2\/product_cat?post=49427"},{"taxonomy":"product_tag","embeddable":true,"href":"https:\/\/miumjau.ee\/fi\/wp-json\/wp\/v2\/product_tag?post=49427"}],"curies":[{"name":"wp","href":"https:\/\/api.w.org\/{rel}","templated":true}]}}