{"id":49381,"date":"2025-06-18T11:04:38","date_gmt":"2025-06-18T08:04:38","guid":{"rendered":"https:\/\/miumjau.ee\/toode\/bugalugs-vadelman-ja-sitruunan-tuoksuinen-3-in-1-shampoo-250-ml\/"},"modified":"2026-01-07T22:42:55","modified_gmt":"2026-01-07T20:42:55","slug":"bugalugs-vadelman-ja-sitruunan-tuoksuinen-3-in-1-shampoo-250-ml","status":"publish","type":"product","link":"https:\/\/miumjau.ee\/fi\/tuote\/bugalugs-vadelman-ja-sitruunan-tuoksuinen-3-in-1-shampoo-250-ml\/","title":{"rendered":"Bugalugs Vadelman ja Sitruunan Tuoksuinen 3-in-1 Shampoo 250 ml"},"content":{"rendered":"","protected":false},"excerpt":{"rendered":"<p data-start=\"1969\" data-end=\"2375\">Huolehdi koirastasi Bugalugsin tehokkaan 3-in-1-toiminnon avulla: shampoo, hoitoaine ja takkujen selvitt\u00e4j\u00e4, raikkaalla vadelman ja sitruunan tuoksulla, helpottaen kylpyhetke\u00e4. T\u00e4m\u00e4 monitoiminen hoitotuote puhdistaa ja hoitaa koiran turkkia ja ihoa. Rikas tuoksu auttaa selvitt\u00e4m\u00e4\u00e4n takkuja, tehden harjauksesta sujuvaa ja kivutonta. Poistaa likaa ja jopa kaikkein vahvimman hajun yhdell\u00e4 nopealla pesulla.<\/p>\n<p data-start=\"2377\" data-end=\"2463\">Parabeeniton shampoo sopii kaikille koiraroduille ja yli 8 viikon ik\u00e4isille pennuille.<\/p>\n<p data-start=\"2465\" data-end=\"2751\"><strong data-start=\"2465\" data-end=\"2480\">K\u00e4ytt\u00f6ohje:<\/strong> Kostuta koiran turkki l\u00e4mpim\u00e4ll\u00e4 vedell\u00e4. Voidaan laimentaa suhteessa 10:1. Levit\u00e4 shampoo turkkiin, vaahdota ja huuhtele huolellisesti. Kuivaa sen j\u00e4lkeen. V\u00e4lt\u00e4 aineen joutumista silmiin \u2013 jos n\u00e4in tapahtuu, huuhtele runsaalla vedell\u00e4. S\u00e4ilyt\u00e4 lasten ulottumattomissa.<\/p>\n<p data-start=\"2753\" data-end=\"3556\"><strong data-start=\"2753\" data-end=\"2767\">Ainesosat:<\/strong> Aqua, Sodium Laureth Sulfate, Glycerin, Cocamidopropyl Betaine, Coco-Glucoside, Glyceryl Oleate, Parfum, Polyglyceryl-2 Caprate, Phenoxyethanol, Glycol Distearate, Sodium Chloride, Sodium Benzoate, Panthenol, Benzophenone-4, Citric Acid, Sodium Hydroxide, Laureth-4, Prunus Amygdalus Dulcis (Manteli) Oil, Polyquaternium-7, Vaccinium Macrocarpon (Karpalo) Fruit Extract, Lactic Acid, Hydrogenated Palm Glycerides Citrate, Citrus Aurantifolia (Lime) Fruit Extract, Citrus Aurantium Bergamia (Bergamotti) Leaf Extract, Citrus Aurantium Dulcis (Appelsiini) Fruit Extract, Citrus Grandis (Greippi) Extract, Citrus Limon (Sitruuna) Fruit Extract, Citrus Reticulata (Satsuma) Fruit Extract, Tocopherol, Potassium Sorbate, Benzyl Benzoate, Hexyl Cinnamal, Linalool, CI 14700, CI 17200, CI 19140.<\/p>\n<p data-start=\"3558\" data-end=\"3667\"><strong data-start=\"3558\" data-end=\"3567\">Koko:<\/strong> 250\/500 ml<br data-start=\"3578\" data-end=\"3581\" \/><strong data-start=\"3581\" data-end=\"3599\">Parasta ennen:<\/strong> 12 kuukautta avaamisen j\u00e4lkeen<br data-start=\"3630\" data-end=\"3633\" \/><strong data-start=\"3633\" data-end=\"3648\">Valmistaja:<\/strong> Lakeland Cosmetics<\/p>\n","protected":false},"featured_media":36526,"template":"","meta":[],"product_brand":[],"product_cat":[483],"product_tag":[],"class_list":{"0":"post-49381","1":"product","2":"type-product","3":"status-publish","4":"has-post-thumbnail","6":"product_cat-hoitotuotteet-koirille","8":"first","9":"instock","10":"taxable","11":"shipping-taxable","12":"purchasable","13":"product-type-simple"},"yoast_head":"<!-- This site is optimized with the Yoast SEO plugin v27.2 - https:\/\/yoast.com\/product\/yoast-seo-wordpress\/ -->\n<title>Bugalugs Vadelman ja Sitruunan Tuoksuinen 3-in-1 Shampoo 250 ml - MiuMjau<\/title>\n<meta name=\"robots\" content=\"index, follow, max-snippet:-1, max-image-preview:large, max-video-preview:-1\" \/>\n<link rel=\"canonical\" href=\"https:\/\/miumjau.ee\/fi\/tuote\/bugalugs-vadelman-ja-sitruunan-tuoksuinen-3-in-1-shampoo-250-ml\/\" \/>\n<meta property=\"og:locale\" content=\"fi_FI\" \/>\n<meta property=\"og:type\" content=\"article\" \/>\n<meta property=\"og:title\" content=\"Bugalugs Vadelman ja Sitruunan Tuoksuinen 3-in-1 Shampoo 250 ml - MiuMjau\" \/>\n<meta property=\"og:description\" content=\"Huolehdi koirastasi Bugalugsin tehokkaan 3-in-1-toiminnon avulla: shampoo, hoitoaine ja takkujen selvitt\u00e4j\u00e4, raikkaalla vadelman ja sitruunan tuoksulla, helpottaen kylpyhetke\u00e4. T\u00e4m\u00e4 monitoiminen hoitotuote puhdistaa ja hoitaa koiran turkkia ja ihoa. Rikas tuoksu auttaa selvitt\u00e4m\u00e4\u00e4n takkuja, tehden harjauksesta sujuvaa ja kivutonta. Poistaa likaa ja jopa kaikkein vahvimman hajun yhdell\u00e4 nopealla pesulla. Parabeeniton shampoo sopii kaikille koiraroduille ja yli 8 viikon ik\u00e4isille pennuille. K\u00e4ytt\u00f6ohje: Kostuta koiran turkki l\u00e4mpim\u00e4ll\u00e4 vedell\u00e4. Voidaan laimentaa suhteessa 10:1. Levit\u00e4 shampoo turkkiin, vaahdota ja huuhtele huolellisesti. Kuivaa sen j\u00e4lkeen. V\u00e4lt\u00e4 aineen joutumista silmiin \u2013 jos n\u00e4in tapahtuu, huuhtele runsaalla vedell\u00e4. S\u00e4ilyt\u00e4 lasten ulottumattomissa. Ainesosat: Aqua, Sodium Laureth Sulfate, Glycerin, Cocamidopropyl Betaine, Coco-Glucoside, Glyceryl Oleate, Parfum, Polyglyceryl-2 Caprate, Phenoxyethanol, Glycol Distearate, Sodium Chloride, Sodium Benzoate, Panthenol, Benzophenone-4, Citric Acid, Sodium Hydroxide, Laureth-4, Prunus Amygdalus Dulcis (Manteli) Oil, Polyquaternium-7, Vaccinium Macrocarpon (Karpalo) Fruit Extract, Lactic Acid, Hydrogenated Palm Glycerides Citrate, Citrus Aurantifolia (Lime) Fruit Extract, Citrus Aurantium Bergamia (Bergamotti) Leaf Extract, Citrus Aurantium Dulcis (Appelsiini) Fruit Extract, Citrus Grandis (Greippi) Extract, Citrus Limon (Sitruuna) Fruit Extract, Citrus Reticulata (Satsuma) Fruit Extract, Tocopherol, Potassium Sorbate, Benzyl Benzoate, Hexyl Cinnamal, Linalool, CI 14700, CI 17200, CI 19140. Koko: 250\/500 mlParasta ennen: 12 kuukautta avaamisen j\u00e4lkeenValmistaja: Lakeland Cosmetics\" \/>\n<meta property=\"og:url\" content=\"https:\/\/miumjau.ee\/fi\/tuote\/bugalugs-vadelman-ja-sitruunan-tuoksuinen-3-in-1-shampoo-250-ml\/\" \/>\n<meta property=\"og:site_name\" content=\"MiuMjau\" \/>\n<meta property=\"article:publisher\" content=\"https:\/\/www.facebook.com\/miumjaupood\/\" \/>\n<meta property=\"article:modified_time\" content=\"2026-01-07T20:42:55+00:00\" \/>\n<meta property=\"og:image\" content=\"https:\/\/miumjau.ee\/wp-content\/uploads\/2025\/06\/bugalugs-koerte-sampoon-3in1-vaarikas-sidrun3.jpg\" \/>\n\t<meta property=\"og:image:width\" content=\"600\" \/>\n\t<meta property=\"og:image:height\" content=\"800\" \/>\n\t<meta property=\"og:image:type\" content=\"image\/jpeg\" \/>\n<meta name=\"twitter:card\" content=\"summary_large_image\" \/>\n<script type=\"application\/ld+json\" class=\"yoast-schema-graph\">{\"@context\":\"https:\/\/schema.org\",\"@graph\":[{\"@type\":\"WebPage\",\"@id\":\"https:\/\/miumjau.ee\/fi\/tuote\/bugalugs-vadelman-ja-sitruunan-tuoksuinen-3-in-1-shampoo-250-ml\/\",\"url\":\"https:\/\/miumjau.ee\/fi\/tuote\/bugalugs-vadelman-ja-sitruunan-tuoksuinen-3-in-1-shampoo-250-ml\/\",\"name\":\"Bugalugs Vadelman ja Sitruunan Tuoksuinen 3-in-1 Shampoo 250 ml - MiuMjau\",\"isPartOf\":{\"@id\":\"https:\/\/miumjau.ee\/#website\"},\"primaryImageOfPage\":{\"@id\":\"https:\/\/miumjau.ee\/fi\/tuote\/bugalugs-vadelman-ja-sitruunan-tuoksuinen-3-in-1-shampoo-250-ml\/#primaryimage\"},\"image\":{\"@id\":\"https:\/\/miumjau.ee\/fi\/tuote\/bugalugs-vadelman-ja-sitruunan-tuoksuinen-3-in-1-shampoo-250-ml\/#primaryimage\"},\"thumbnailUrl\":\"https:\/\/miumjau.ee\/wp-content\/uploads\/2025\/06\/bugalugs-koerte-sampoon-3in1-vaarikas-sidrun3.jpg\",\"datePublished\":\"2025-06-18T08:04:38+00:00\",\"dateModified\":\"2026-01-07T20:42:55+00:00\",\"breadcrumb\":{\"@id\":\"https:\/\/miumjau.ee\/fi\/tuote\/bugalugs-vadelman-ja-sitruunan-tuoksuinen-3-in-1-shampoo-250-ml\/#breadcrumb\"},\"inLanguage\":\"fi\",\"potentialAction\":[{\"@type\":\"ReadAction\",\"target\":[\"https:\/\/miumjau.ee\/fi\/tuote\/bugalugs-vadelman-ja-sitruunan-tuoksuinen-3-in-1-shampoo-250-ml\/\"]}]},{\"@type\":\"ImageObject\",\"inLanguage\":\"fi\",\"@id\":\"https:\/\/miumjau.ee\/fi\/tuote\/bugalugs-vadelman-ja-sitruunan-tuoksuinen-3-in-1-shampoo-250-ml\/#primaryimage\",\"url\":\"https:\/\/miumjau.ee\/wp-content\/uploads\/2025\/06\/bugalugs-koerte-sampoon-3in1-vaarikas-sidrun3.jpg\",\"contentUrl\":\"https:\/\/miumjau.ee\/wp-content\/uploads\/2025\/06\/bugalugs-koerte-sampoon-3in1-vaarikas-sidrun3.jpg\",\"width\":600,\"height\":800,\"caption\":\"Bugalugs vaarika ja sidruni l\u00f5hnaline 3-in-1 \u0161ampoon 250ml\"},{\"@type\":\"BreadcrumbList\",\"@id\":\"https:\/\/miumjau.ee\/fi\/tuote\/bugalugs-vadelman-ja-sitruunan-tuoksuinen-3-in-1-shampoo-250-ml\/#breadcrumb\",\"itemListElement\":[{\"@type\":\"ListItem\",\"position\":1,\"name\":\"Home\",\"item\":\"https:\/\/miumjau.ee\/fi\/\"},{\"@type\":\"ListItem\",\"position\":2,\"name\":\"Kauppa\",\"item\":\"https:\/\/miumjau.ee\/fi\/kauppa\/\"},{\"@type\":\"ListItem\",\"position\":3,\"name\":\"Bugalugs Vadelman ja Sitruunan Tuoksuinen 3-in-1 Shampoo 250 ml\"}]},{\"@type\":\"WebSite\",\"@id\":\"https:\/\/miumjau.ee\/#website\",\"url\":\"https:\/\/miumjau.ee\/\",\"name\":\"MiuMjau\",\"description\":\"Kraapimispuud kassidele\",\"publisher\":{\"@id\":\"https:\/\/miumjau.ee\/#organization\"},\"potentialAction\":[{\"@type\":\"SearchAction\",\"target\":{\"@type\":\"EntryPoint\",\"urlTemplate\":\"https:\/\/miumjau.ee\/?s={search_term_string}\"},\"query-input\":{\"@type\":\"PropertyValueSpecification\",\"valueRequired\":true,\"valueName\":\"search_term_string\"}}],\"inLanguage\":\"fi\"},{\"@type\":\"Organization\",\"@id\":\"https:\/\/miumjau.ee\/#organization\",\"name\":\"MiuMjau O\u00dc\",\"url\":\"https:\/\/miumjau.ee\/\",\"logo\":{\"@type\":\"ImageObject\",\"inLanguage\":\"fi\",\"@id\":\"https:\/\/miumjau.ee\/#\/schema\/logo\/image\/\",\"url\":\"https:\/\/miumjau.ee\/wp-content\/uploads\/2022\/04\/MiuMjau-logo-kollane.png\",\"contentUrl\":\"https:\/\/miumjau.ee\/wp-content\/uploads\/2022\/04\/MiuMjau-logo-kollane.png\",\"width\":219,\"height\":100,\"caption\":\"MiuMjau O\u00dc\"},\"image\":{\"@id\":\"https:\/\/miumjau.ee\/#\/schema\/logo\/image\/\"},\"sameAs\":[\"https:\/\/www.facebook.com\/miumjaupood\/\"]}]}<\/script>\n<!-- \/ Yoast SEO plugin. -->","yoast_head_json":{"title":"Bugalugs Vadelman ja Sitruunan Tuoksuinen 3-in-1 Shampoo 250 ml - MiuMjau","robots":{"index":"index","follow":"follow","max-snippet":"max-snippet:-1","max-image-preview":"max-image-preview:large","max-video-preview":"max-video-preview:-1"},"canonical":"https:\/\/miumjau.ee\/fi\/tuote\/bugalugs-vadelman-ja-sitruunan-tuoksuinen-3-in-1-shampoo-250-ml\/","og_locale":"fi_FI","og_type":"article","og_title":"Bugalugs Vadelman ja Sitruunan Tuoksuinen 3-in-1 Shampoo 250 ml - MiuMjau","og_description":"Huolehdi koirastasi Bugalugsin tehokkaan 3-in-1-toiminnon avulla: shampoo, hoitoaine ja takkujen selvitt\u00e4j\u00e4, raikkaalla vadelman ja sitruunan tuoksulla, helpottaen kylpyhetke\u00e4. T\u00e4m\u00e4 monitoiminen hoitotuote puhdistaa ja hoitaa koiran turkkia ja ihoa. Rikas tuoksu auttaa selvitt\u00e4m\u00e4\u00e4n takkuja, tehden harjauksesta sujuvaa ja kivutonta. Poistaa likaa ja jopa kaikkein vahvimman hajun yhdell\u00e4 nopealla pesulla. Parabeeniton shampoo sopii kaikille koiraroduille ja yli 8 viikon ik\u00e4isille pennuille. K\u00e4ytt\u00f6ohje: Kostuta koiran turkki l\u00e4mpim\u00e4ll\u00e4 vedell\u00e4. Voidaan laimentaa suhteessa 10:1. Levit\u00e4 shampoo turkkiin, vaahdota ja huuhtele huolellisesti. Kuivaa sen j\u00e4lkeen. V\u00e4lt\u00e4 aineen joutumista silmiin \u2013 jos n\u00e4in tapahtuu, huuhtele runsaalla vedell\u00e4. S\u00e4ilyt\u00e4 lasten ulottumattomissa. Ainesosat: Aqua, Sodium Laureth Sulfate, Glycerin, Cocamidopropyl Betaine, Coco-Glucoside, Glyceryl Oleate, Parfum, Polyglyceryl-2 Caprate, Phenoxyethanol, Glycol Distearate, Sodium Chloride, Sodium Benzoate, Panthenol, Benzophenone-4, Citric Acid, Sodium Hydroxide, Laureth-4, Prunus Amygdalus Dulcis (Manteli) Oil, Polyquaternium-7, Vaccinium Macrocarpon (Karpalo) Fruit Extract, Lactic Acid, Hydrogenated Palm Glycerides Citrate, Citrus Aurantifolia (Lime) Fruit Extract, Citrus Aurantium Bergamia (Bergamotti) Leaf Extract, Citrus Aurantium Dulcis (Appelsiini) Fruit Extract, Citrus Grandis (Greippi) Extract, Citrus Limon (Sitruuna) Fruit Extract, Citrus Reticulata (Satsuma) Fruit Extract, Tocopherol, Potassium Sorbate, Benzyl Benzoate, Hexyl Cinnamal, Linalool, CI 14700, CI 17200, CI 19140. Koko: 250\/500 mlParasta ennen: 12 kuukautta avaamisen j\u00e4lkeenValmistaja: Lakeland Cosmetics","og_url":"https:\/\/miumjau.ee\/fi\/tuote\/bugalugs-vadelman-ja-sitruunan-tuoksuinen-3-in-1-shampoo-250-ml\/","og_site_name":"MiuMjau","article_publisher":"https:\/\/www.facebook.com\/miumjaupood\/","article_modified_time":"2026-01-07T20:42:55+00:00","og_image":[{"width":600,"height":800,"url":"https:\/\/miumjau.ee\/wp-content\/uploads\/2025\/06\/bugalugs-koerte-sampoon-3in1-vaarikas-sidrun3.jpg","type":"image\/jpeg"}],"twitter_card":"summary_large_image","schema":{"@context":"https:\/\/schema.org","@graph":[{"@type":"WebPage","@id":"https:\/\/miumjau.ee\/fi\/tuote\/bugalugs-vadelman-ja-sitruunan-tuoksuinen-3-in-1-shampoo-250-ml\/","url":"https:\/\/miumjau.ee\/fi\/tuote\/bugalugs-vadelman-ja-sitruunan-tuoksuinen-3-in-1-shampoo-250-ml\/","name":"Bugalugs Vadelman ja Sitruunan Tuoksuinen 3-in-1 Shampoo 250 ml - MiuMjau","isPartOf":{"@id":"https:\/\/miumjau.ee\/#website"},"primaryImageOfPage":{"@id":"https:\/\/miumjau.ee\/fi\/tuote\/bugalugs-vadelman-ja-sitruunan-tuoksuinen-3-in-1-shampoo-250-ml\/#primaryimage"},"image":{"@id":"https:\/\/miumjau.ee\/fi\/tuote\/bugalugs-vadelman-ja-sitruunan-tuoksuinen-3-in-1-shampoo-250-ml\/#primaryimage"},"thumbnailUrl":"https:\/\/miumjau.ee\/wp-content\/uploads\/2025\/06\/bugalugs-koerte-sampoon-3in1-vaarikas-sidrun3.jpg","datePublished":"2025-06-18T08:04:38+00:00","dateModified":"2026-01-07T20:42:55+00:00","breadcrumb":{"@id":"https:\/\/miumjau.ee\/fi\/tuote\/bugalugs-vadelman-ja-sitruunan-tuoksuinen-3-in-1-shampoo-250-ml\/#breadcrumb"},"inLanguage":"fi","potentialAction":[{"@type":"ReadAction","target":["https:\/\/miumjau.ee\/fi\/tuote\/bugalugs-vadelman-ja-sitruunan-tuoksuinen-3-in-1-shampoo-250-ml\/"]}]},{"@type":"ImageObject","inLanguage":"fi","@id":"https:\/\/miumjau.ee\/fi\/tuote\/bugalugs-vadelman-ja-sitruunan-tuoksuinen-3-in-1-shampoo-250-ml\/#primaryimage","url":"https:\/\/miumjau.ee\/wp-content\/uploads\/2025\/06\/bugalugs-koerte-sampoon-3in1-vaarikas-sidrun3.jpg","contentUrl":"https:\/\/miumjau.ee\/wp-content\/uploads\/2025\/06\/bugalugs-koerte-sampoon-3in1-vaarikas-sidrun3.jpg","width":600,"height":800,"caption":"Bugalugs vaarika ja sidruni l\u00f5hnaline 3-in-1 \u0161ampoon 250ml"},{"@type":"BreadcrumbList","@id":"https:\/\/miumjau.ee\/fi\/tuote\/bugalugs-vadelman-ja-sitruunan-tuoksuinen-3-in-1-shampoo-250-ml\/#breadcrumb","itemListElement":[{"@type":"ListItem","position":1,"name":"Home","item":"https:\/\/miumjau.ee\/fi\/"},{"@type":"ListItem","position":2,"name":"Kauppa","item":"https:\/\/miumjau.ee\/fi\/kauppa\/"},{"@type":"ListItem","position":3,"name":"Bugalugs Vadelman ja Sitruunan Tuoksuinen 3-in-1 Shampoo 250 ml"}]},{"@type":"WebSite","@id":"https:\/\/miumjau.ee\/#website","url":"https:\/\/miumjau.ee\/","name":"MiuMjau","description":"Kraapimispuud kassidele","publisher":{"@id":"https:\/\/miumjau.ee\/#organization"},"potentialAction":[{"@type":"SearchAction","target":{"@type":"EntryPoint","urlTemplate":"https:\/\/miumjau.ee\/?s={search_term_string}"},"query-input":{"@type":"PropertyValueSpecification","valueRequired":true,"valueName":"search_term_string"}}],"inLanguage":"fi"},{"@type":"Organization","@id":"https:\/\/miumjau.ee\/#organization","name":"MiuMjau O\u00dc","url":"https:\/\/miumjau.ee\/","logo":{"@type":"ImageObject","inLanguage":"fi","@id":"https:\/\/miumjau.ee\/#\/schema\/logo\/image\/","url":"https:\/\/miumjau.ee\/wp-content\/uploads\/2022\/04\/MiuMjau-logo-kollane.png","contentUrl":"https:\/\/miumjau.ee\/wp-content\/uploads\/2022\/04\/MiuMjau-logo-kollane.png","width":219,"height":100,"caption":"MiuMjau O\u00dc"},"image":{"@id":"https:\/\/miumjau.ee\/#\/schema\/logo\/image\/"},"sameAs":["https:\/\/www.facebook.com\/miumjaupood\/"]}]}},"_links":{"self":[{"href":"https:\/\/miumjau.ee\/fi\/wp-json\/wp\/v2\/product\/49381","targetHints":{"allow":["GET"]}}],"collection":[{"href":"https:\/\/miumjau.ee\/fi\/wp-json\/wp\/v2\/product"}],"about":[{"href":"https:\/\/miumjau.ee\/fi\/wp-json\/wp\/v2\/types\/product"}],"wp:featuredmedia":[{"embeddable":true,"href":"https:\/\/miumjau.ee\/fi\/wp-json\/wp\/v2\/media\/36526"}],"wp:attachment":[{"href":"https:\/\/miumjau.ee\/fi\/wp-json\/wp\/v2\/media?parent=49381"}],"wp:term":[{"taxonomy":"product_brand","embeddable":true,"href":"https:\/\/miumjau.ee\/fi\/wp-json\/wp\/v2\/product_brand?post=49381"},{"taxonomy":"product_cat","embeddable":true,"href":"https:\/\/miumjau.ee\/fi\/wp-json\/wp\/v2\/product_cat?post=49381"},{"taxonomy":"product_tag","embeddable":true,"href":"https:\/\/miumjau.ee\/fi\/wp-json\/wp\/v2\/product_tag?post=49381"}],"curies":[{"name":"wp","href":"https:\/\/api.w.org\/{rel}","templated":true}]}}