{"id":49367,"date":"2025-06-18T11:10:13","date_gmt":"2025-06-18T08:10:13","guid":{"rendered":"https:\/\/miumjau.ee\/toode\/bugalugs-vauvanpuuterin-tuoksuinen-shampoo-baby-fresh-250-ml\/"},"modified":"2026-01-07T22:42:55","modified_gmt":"2026-01-07T20:42:55","slug":"bugalugs-vauvanpuuterin-tuoksuinen-shampoo-baby-fresh-250-ml","status":"publish","type":"product","link":"https:\/\/miumjau.ee\/fi\/tuote\/bugalugs-vauvanpuuterin-tuoksuinen-shampoo-baby-fresh-250-ml\/","title":{"rendered":"Bugalugs Vauvanpuuterin Tuoksuinen Shampoo Baby Fresh 250 ml"},"content":{"rendered":"","protected":false},"excerpt":{"rendered":"<p data-start=\"874\" data-end=\"1221\">T\u00e4m\u00e4 nostalginen vauvanpuuterin tuoksuinen shampoo sopii erinomaisesti ep\u00e4miellytt\u00e4vien hajujen poistamiseen koirilta. Hell\u00e4varainen, pH-tasapainotettu shampoo puhdistaa turkin perusteellisesti \u00e4rsytt\u00e4m\u00e4tt\u00e4 ihoa j\u00e4tt\u00e4en turkin puhtaaksi, pehme\u00e4ksi ja vastustamattoman tuoksuvaksi. Sopii yli 8 viikon ik\u00e4isille koirille ja kaikille turkkityypeille.<\/p>\n<p data-start=\"1223\" data-end=\"1550\"><strong data-start=\"1223\" data-end=\"1238\">K\u00e4ytt\u00f6ohje:<\/strong> Kostuta koiran turkki l\u00e4mpim\u00e4ll\u00e4 vedell\u00e4. Voidaan laimentaa suhteessa 20:1 (riitt\u00e4\u00e4 todella pitk\u00e4ksi aikaa). Levit\u00e4 shampoo turkkiin, vaahdota hyvin ja huuhtele huolellisesti. Kuivaa sen j\u00e4lkeen. V\u00e4lt\u00e4 tuotteen joutumista silmiin \u2013 jos n\u00e4in tapahtuu, huuhtele runsaalla vedell\u00e4. S\u00e4ilyt\u00e4 lasten ulottumattomissa.<\/p>\n<p data-start=\"1552\" data-end=\"1590\"><strong data-start=\"1552\" data-end=\"1567\">Valmistaja:<\/strong> Lakeland Cosmetics, UK<\/p>\n","protected":false},"featured_media":36547,"template":"","meta":[],"product_brand":[],"product_cat":[483],"product_tag":[],"class_list":{"0":"post-49367","1":"product","2":"type-product","3":"status-publish","4":"has-post-thumbnail","6":"product_cat-hoitotuotteet-koirille","8":"first","9":"instock","10":"taxable","11":"shipping-taxable","12":"purchasable","13":"product-type-simple"},"yoast_head":"<!-- This site is optimized with the Yoast SEO plugin v27.2 - https:\/\/yoast.com\/product\/yoast-seo-wordpress\/ -->\n<title>Bugalugs Vauvanpuuterin Tuoksuinen Shampoo Baby Fresh 250 ml - MiuMjau<\/title>\n<meta name=\"robots\" content=\"index, follow, max-snippet:-1, max-image-preview:large, max-video-preview:-1\" \/>\n<link rel=\"canonical\" href=\"https:\/\/miumjau.ee\/fi\/tuote\/bugalugs-vauvanpuuterin-tuoksuinen-shampoo-baby-fresh-250-ml\/\" \/>\n<meta property=\"og:locale\" content=\"fi_FI\" \/>\n<meta property=\"og:type\" content=\"article\" \/>\n<meta property=\"og:title\" content=\"Bugalugs Vauvanpuuterin Tuoksuinen Shampoo Baby Fresh 250 ml - MiuMjau\" \/>\n<meta property=\"og:description\" content=\"T\u00e4m\u00e4 nostalginen vauvanpuuterin tuoksuinen shampoo sopii erinomaisesti ep\u00e4miellytt\u00e4vien hajujen poistamiseen koirilta. Hell\u00e4varainen, pH-tasapainotettu shampoo puhdistaa turkin perusteellisesti \u00e4rsytt\u00e4m\u00e4tt\u00e4 ihoa j\u00e4tt\u00e4en turkin puhtaaksi, pehme\u00e4ksi ja vastustamattoman tuoksuvaksi. Sopii yli 8 viikon ik\u00e4isille koirille ja kaikille turkkityypeille. K\u00e4ytt\u00f6ohje: Kostuta koiran turkki l\u00e4mpim\u00e4ll\u00e4 vedell\u00e4. Voidaan laimentaa suhteessa 20:1 (riitt\u00e4\u00e4 todella pitk\u00e4ksi aikaa). Levit\u00e4 shampoo turkkiin, vaahdota hyvin ja huuhtele huolellisesti. Kuivaa sen j\u00e4lkeen. V\u00e4lt\u00e4 tuotteen joutumista silmiin \u2013 jos n\u00e4in tapahtuu, huuhtele runsaalla vedell\u00e4. S\u00e4ilyt\u00e4 lasten ulottumattomissa. Valmistaja: Lakeland Cosmetics, UK\" \/>\n<meta property=\"og:url\" content=\"https:\/\/miumjau.ee\/fi\/tuote\/bugalugs-vauvanpuuterin-tuoksuinen-shampoo-baby-fresh-250-ml\/\" \/>\n<meta property=\"og:site_name\" content=\"MiuMjau\" \/>\n<meta property=\"article:publisher\" content=\"https:\/\/www.facebook.com\/miumjaupood\/\" \/>\n<meta property=\"article:modified_time\" content=\"2026-01-07T20:42:55+00:00\" \/>\n<meta property=\"og:image\" content=\"https:\/\/miumjau.ee\/wp-content\/uploads\/2025\/06\/bugalugs-koerte-sampoon-babyfresh-250ml.jpg\" \/>\n\t<meta property=\"og:image:width\" content=\"600\" \/>\n\t<meta property=\"og:image:height\" content=\"800\" \/>\n\t<meta property=\"og:image:type\" content=\"image\/jpeg\" \/>\n<meta name=\"twitter:card\" content=\"summary_large_image\" \/>\n<script type=\"application\/ld+json\" class=\"yoast-schema-graph\">{\"@context\":\"https:\/\/schema.org\",\"@graph\":[{\"@type\":\"WebPage\",\"@id\":\"https:\/\/miumjau.ee\/fi\/tuote\/bugalugs-vauvanpuuterin-tuoksuinen-shampoo-baby-fresh-250-ml\/\",\"url\":\"https:\/\/miumjau.ee\/fi\/tuote\/bugalugs-vauvanpuuterin-tuoksuinen-shampoo-baby-fresh-250-ml\/\",\"name\":\"Bugalugs Vauvanpuuterin Tuoksuinen Shampoo Baby Fresh 250 ml - MiuMjau\",\"isPartOf\":{\"@id\":\"https:\/\/miumjau.ee\/#website\"},\"primaryImageOfPage\":{\"@id\":\"https:\/\/miumjau.ee\/fi\/tuote\/bugalugs-vauvanpuuterin-tuoksuinen-shampoo-baby-fresh-250-ml\/#primaryimage\"},\"image\":{\"@id\":\"https:\/\/miumjau.ee\/fi\/tuote\/bugalugs-vauvanpuuterin-tuoksuinen-shampoo-baby-fresh-250-ml\/#primaryimage\"},\"thumbnailUrl\":\"https:\/\/miumjau.ee\/wp-content\/uploads\/2025\/06\/bugalugs-koerte-sampoon-babyfresh-250ml.jpg\",\"datePublished\":\"2025-06-18T08:10:13+00:00\",\"dateModified\":\"2026-01-07T20:42:55+00:00\",\"breadcrumb\":{\"@id\":\"https:\/\/miumjau.ee\/fi\/tuote\/bugalugs-vauvanpuuterin-tuoksuinen-shampoo-baby-fresh-250-ml\/#breadcrumb\"},\"inLanguage\":\"fi\",\"potentialAction\":[{\"@type\":\"ReadAction\",\"target\":[\"https:\/\/miumjau.ee\/fi\/tuote\/bugalugs-vauvanpuuterin-tuoksuinen-shampoo-baby-fresh-250-ml\/\"]}]},{\"@type\":\"ImageObject\",\"inLanguage\":\"fi\",\"@id\":\"https:\/\/miumjau.ee\/fi\/tuote\/bugalugs-vauvanpuuterin-tuoksuinen-shampoo-baby-fresh-250-ml\/#primaryimage\",\"url\":\"https:\/\/miumjau.ee\/wp-content\/uploads\/2025\/06\/bugalugs-koerte-sampoon-babyfresh-250ml.jpg\",\"contentUrl\":\"https:\/\/miumjau.ee\/wp-content\/uploads\/2025\/06\/bugalugs-koerte-sampoon-babyfresh-250ml.jpg\",\"width\":600,\"height\":800,\"caption\":\"Bugalugs beebipuudri l\u00f5hnaline \u0161ampoon Baby Fresh 250ml\"},{\"@type\":\"BreadcrumbList\",\"@id\":\"https:\/\/miumjau.ee\/fi\/tuote\/bugalugs-vauvanpuuterin-tuoksuinen-shampoo-baby-fresh-250-ml\/#breadcrumb\",\"itemListElement\":[{\"@type\":\"ListItem\",\"position\":1,\"name\":\"Home\",\"item\":\"https:\/\/miumjau.ee\/fi\/\"},{\"@type\":\"ListItem\",\"position\":2,\"name\":\"Kauppa\",\"item\":\"https:\/\/miumjau.ee\/fi\/kauppa\/\"},{\"@type\":\"ListItem\",\"position\":3,\"name\":\"Bugalugs Vauvanpuuterin Tuoksuinen Shampoo Baby Fresh 250 ml\"}]},{\"@type\":\"WebSite\",\"@id\":\"https:\/\/miumjau.ee\/#website\",\"url\":\"https:\/\/miumjau.ee\/\",\"name\":\"MiuMjau\",\"description\":\"Kraapimispuud kassidele\",\"publisher\":{\"@id\":\"https:\/\/miumjau.ee\/#organization\"},\"potentialAction\":[{\"@type\":\"SearchAction\",\"target\":{\"@type\":\"EntryPoint\",\"urlTemplate\":\"https:\/\/miumjau.ee\/?s={search_term_string}\"},\"query-input\":{\"@type\":\"PropertyValueSpecification\",\"valueRequired\":true,\"valueName\":\"search_term_string\"}}],\"inLanguage\":\"fi\"},{\"@type\":\"Organization\",\"@id\":\"https:\/\/miumjau.ee\/#organization\",\"name\":\"MiuMjau O\u00dc\",\"url\":\"https:\/\/miumjau.ee\/\",\"logo\":{\"@type\":\"ImageObject\",\"inLanguage\":\"fi\",\"@id\":\"https:\/\/miumjau.ee\/#\/schema\/logo\/image\/\",\"url\":\"https:\/\/miumjau.ee\/wp-content\/uploads\/2022\/04\/MiuMjau-logo-kollane.png\",\"contentUrl\":\"https:\/\/miumjau.ee\/wp-content\/uploads\/2022\/04\/MiuMjau-logo-kollane.png\",\"width\":219,\"height\":100,\"caption\":\"MiuMjau O\u00dc\"},\"image\":{\"@id\":\"https:\/\/miumjau.ee\/#\/schema\/logo\/image\/\"},\"sameAs\":[\"https:\/\/www.facebook.com\/miumjaupood\/\"]}]}<\/script>\n<!-- \/ Yoast SEO plugin. -->","yoast_head_json":{"title":"Bugalugs Vauvanpuuterin Tuoksuinen Shampoo Baby Fresh 250 ml - MiuMjau","robots":{"index":"index","follow":"follow","max-snippet":"max-snippet:-1","max-image-preview":"max-image-preview:large","max-video-preview":"max-video-preview:-1"},"canonical":"https:\/\/miumjau.ee\/fi\/tuote\/bugalugs-vauvanpuuterin-tuoksuinen-shampoo-baby-fresh-250-ml\/","og_locale":"fi_FI","og_type":"article","og_title":"Bugalugs Vauvanpuuterin Tuoksuinen Shampoo Baby Fresh 250 ml - MiuMjau","og_description":"T\u00e4m\u00e4 nostalginen vauvanpuuterin tuoksuinen shampoo sopii erinomaisesti ep\u00e4miellytt\u00e4vien hajujen poistamiseen koirilta. Hell\u00e4varainen, pH-tasapainotettu shampoo puhdistaa turkin perusteellisesti \u00e4rsytt\u00e4m\u00e4tt\u00e4 ihoa j\u00e4tt\u00e4en turkin puhtaaksi, pehme\u00e4ksi ja vastustamattoman tuoksuvaksi. Sopii yli 8 viikon ik\u00e4isille koirille ja kaikille turkkityypeille. K\u00e4ytt\u00f6ohje: Kostuta koiran turkki l\u00e4mpim\u00e4ll\u00e4 vedell\u00e4. Voidaan laimentaa suhteessa 20:1 (riitt\u00e4\u00e4 todella pitk\u00e4ksi aikaa). Levit\u00e4 shampoo turkkiin, vaahdota hyvin ja huuhtele huolellisesti. Kuivaa sen j\u00e4lkeen. V\u00e4lt\u00e4 tuotteen joutumista silmiin \u2013 jos n\u00e4in tapahtuu, huuhtele runsaalla vedell\u00e4. S\u00e4ilyt\u00e4 lasten ulottumattomissa. Valmistaja: Lakeland Cosmetics, UK","og_url":"https:\/\/miumjau.ee\/fi\/tuote\/bugalugs-vauvanpuuterin-tuoksuinen-shampoo-baby-fresh-250-ml\/","og_site_name":"MiuMjau","article_publisher":"https:\/\/www.facebook.com\/miumjaupood\/","article_modified_time":"2026-01-07T20:42:55+00:00","og_image":[{"width":600,"height":800,"url":"https:\/\/miumjau.ee\/wp-content\/uploads\/2025\/06\/bugalugs-koerte-sampoon-babyfresh-250ml.jpg","type":"image\/jpeg"}],"twitter_card":"summary_large_image","schema":{"@context":"https:\/\/schema.org","@graph":[{"@type":"WebPage","@id":"https:\/\/miumjau.ee\/fi\/tuote\/bugalugs-vauvanpuuterin-tuoksuinen-shampoo-baby-fresh-250-ml\/","url":"https:\/\/miumjau.ee\/fi\/tuote\/bugalugs-vauvanpuuterin-tuoksuinen-shampoo-baby-fresh-250-ml\/","name":"Bugalugs Vauvanpuuterin Tuoksuinen Shampoo Baby Fresh 250 ml - MiuMjau","isPartOf":{"@id":"https:\/\/miumjau.ee\/#website"},"primaryImageOfPage":{"@id":"https:\/\/miumjau.ee\/fi\/tuote\/bugalugs-vauvanpuuterin-tuoksuinen-shampoo-baby-fresh-250-ml\/#primaryimage"},"image":{"@id":"https:\/\/miumjau.ee\/fi\/tuote\/bugalugs-vauvanpuuterin-tuoksuinen-shampoo-baby-fresh-250-ml\/#primaryimage"},"thumbnailUrl":"https:\/\/miumjau.ee\/wp-content\/uploads\/2025\/06\/bugalugs-koerte-sampoon-babyfresh-250ml.jpg","datePublished":"2025-06-18T08:10:13+00:00","dateModified":"2026-01-07T20:42:55+00:00","breadcrumb":{"@id":"https:\/\/miumjau.ee\/fi\/tuote\/bugalugs-vauvanpuuterin-tuoksuinen-shampoo-baby-fresh-250-ml\/#breadcrumb"},"inLanguage":"fi","potentialAction":[{"@type":"ReadAction","target":["https:\/\/miumjau.ee\/fi\/tuote\/bugalugs-vauvanpuuterin-tuoksuinen-shampoo-baby-fresh-250-ml\/"]}]},{"@type":"ImageObject","inLanguage":"fi","@id":"https:\/\/miumjau.ee\/fi\/tuote\/bugalugs-vauvanpuuterin-tuoksuinen-shampoo-baby-fresh-250-ml\/#primaryimage","url":"https:\/\/miumjau.ee\/wp-content\/uploads\/2025\/06\/bugalugs-koerte-sampoon-babyfresh-250ml.jpg","contentUrl":"https:\/\/miumjau.ee\/wp-content\/uploads\/2025\/06\/bugalugs-koerte-sampoon-babyfresh-250ml.jpg","width":600,"height":800,"caption":"Bugalugs beebipuudri l\u00f5hnaline \u0161ampoon Baby Fresh 250ml"},{"@type":"BreadcrumbList","@id":"https:\/\/miumjau.ee\/fi\/tuote\/bugalugs-vauvanpuuterin-tuoksuinen-shampoo-baby-fresh-250-ml\/#breadcrumb","itemListElement":[{"@type":"ListItem","position":1,"name":"Home","item":"https:\/\/miumjau.ee\/fi\/"},{"@type":"ListItem","position":2,"name":"Kauppa","item":"https:\/\/miumjau.ee\/fi\/kauppa\/"},{"@type":"ListItem","position":3,"name":"Bugalugs Vauvanpuuterin Tuoksuinen Shampoo Baby Fresh 250 ml"}]},{"@type":"WebSite","@id":"https:\/\/miumjau.ee\/#website","url":"https:\/\/miumjau.ee\/","name":"MiuMjau","description":"Kraapimispuud kassidele","publisher":{"@id":"https:\/\/miumjau.ee\/#organization"},"potentialAction":[{"@type":"SearchAction","target":{"@type":"EntryPoint","urlTemplate":"https:\/\/miumjau.ee\/?s={search_term_string}"},"query-input":{"@type":"PropertyValueSpecification","valueRequired":true,"valueName":"search_term_string"}}],"inLanguage":"fi"},{"@type":"Organization","@id":"https:\/\/miumjau.ee\/#organization","name":"MiuMjau O\u00dc","url":"https:\/\/miumjau.ee\/","logo":{"@type":"ImageObject","inLanguage":"fi","@id":"https:\/\/miumjau.ee\/#\/schema\/logo\/image\/","url":"https:\/\/miumjau.ee\/wp-content\/uploads\/2022\/04\/MiuMjau-logo-kollane.png","contentUrl":"https:\/\/miumjau.ee\/wp-content\/uploads\/2022\/04\/MiuMjau-logo-kollane.png","width":219,"height":100,"caption":"MiuMjau O\u00dc"},"image":{"@id":"https:\/\/miumjau.ee\/#\/schema\/logo\/image\/"},"sameAs":["https:\/\/www.facebook.com\/miumjaupood\/"]}]}},"_links":{"self":[{"href":"https:\/\/miumjau.ee\/fi\/wp-json\/wp\/v2\/product\/49367","targetHints":{"allow":["GET"]}}],"collection":[{"href":"https:\/\/miumjau.ee\/fi\/wp-json\/wp\/v2\/product"}],"about":[{"href":"https:\/\/miumjau.ee\/fi\/wp-json\/wp\/v2\/types\/product"}],"wp:featuredmedia":[{"embeddable":true,"href":"https:\/\/miumjau.ee\/fi\/wp-json\/wp\/v2\/media\/36547"}],"wp:attachment":[{"href":"https:\/\/miumjau.ee\/fi\/wp-json\/wp\/v2\/media?parent=49367"}],"wp:term":[{"taxonomy":"product_brand","embeddable":true,"href":"https:\/\/miumjau.ee\/fi\/wp-json\/wp\/v2\/product_brand?post=49367"},{"taxonomy":"product_cat","embeddable":true,"href":"https:\/\/miumjau.ee\/fi\/wp-json\/wp\/v2\/product_cat?post=49367"},{"taxonomy":"product_tag","embeddable":true,"href":"https:\/\/miumjau.ee\/fi\/wp-json\/wp\/v2\/product_tag?post=49367"}],"curies":[{"name":"wp","href":"https:\/\/api.w.org\/{rel}","templated":true}]}}