{"id":49361,"date":"2025-06-18T11:19:28","date_gmt":"2025-06-18T08:19:28","guid":{"rendered":"https:\/\/miumjau.ee\/toode\/bugalugs-papaijan-ja-kookoksen-tuoksuinen-hoitoaine-koirille-500-ml\/"},"modified":"2026-01-07T22:42:55","modified_gmt":"2026-01-07T20:42:55","slug":"bugalugs-papaijan-ja-kookoksen-tuoksuinen-hoitoaine-koirille-500-ml","status":"publish","type":"product","link":"https:\/\/miumjau.ee\/fi\/tuote\/bugalugs-papaijan-ja-kookoksen-tuoksuinen-hoitoaine-koirille-500-ml\/","title":{"rendered":"Bugalugs Papaijan ja Kookoksen Tuoksuinen Hoitoaine Koirille 500 ml"},"content":{"rendered":"","protected":false},"excerpt":{"rendered":"<p data-start=\"1840\" data-end=\"2064\">Bugalugsin papaija- ja kookostuoksuinen koiranhoitoaine on t\u00e4ydellinen lis\u00e4 koirasi hoitorutiiniin. Ravitseva hoitoaine kosteuttaa ihoa hell\u00e4varaisesti ja palauttaa turkin kiillon ylellisell\u00e4 papaijan ja kookoksen tuoksulla.<\/p>\n<p data-start=\"2066\" data-end=\"2258\">Luonnollinen koostumus auttaa ehk\u00e4isem\u00e4\u00e4n takkuja samalla kun se kosteuttaa ihoa ja turkkia, antaen upean kiillon. T\u00e4ydellinen k\u00e4ytett\u00e4v\u00e4ksi yhdess\u00e4 Bugalugs Papaija &amp; Kookos -shampoon kanssa.<\/p>\n<p data-start=\"2260\" data-end=\"2496\">Hoitoaine sis\u00e4lt\u00e4\u00e4 runsaasti luonnollisia \u00f6ljyj\u00e4 ja uutteita ja on suunniteltu kaikille turkkityypeille. Sen ravitseva koostumus sopii kuivalle ja herk\u00e4lle iholle ja j\u00e4tt\u00e4\u00e4 turkin silkinpehme\u00e4ksi ja kiilt\u00e4v\u00e4ksi ilman rasvaista tunnetta.<\/p>\n<p data-start=\"2498\" data-end=\"2843\"><strong data-start=\"2498\" data-end=\"2513\">K\u00e4ytt\u00f6ohje:<\/strong> Pese koira ensin Bugalugs-shampoolla. Levit\u00e4 reilusti hoitoainetta turkkiin p\u00e4\u00e4st\u00e4 h\u00e4nt\u00e4\u00e4n. Hiero ja anna vaikuttaa 3\u20135 minuuttia. Huuhtele huolellisesti. Sopii yli 8 viikon ik\u00e4isille koirille ja kaikille turkkityypeille. V\u00e4lt\u00e4 aineen joutumista silmiin \u2013 huuhtele tarvittaessa runsaalla vedell\u00e4. S\u00e4ilyt\u00e4 lasten ulottumattomissa.<\/p>\n<p data-start=\"2845\" data-end=\"3326\"><strong data-start=\"2845\" data-end=\"2859\">Ainesosat:<\/strong> Aqua, Glycerin, Cetearyl Alcohol, Cetrimonium Chloride, Prunus Amygdalus Dulcis (Manteli) Oil, Lecithin, Methylpropanediol, Caesalpinia Spinosa Gum, Parfum, Vitis Vinifera (Ryp\u00e4le) Seed Oil, Caprylyl Glycol, Anhydryl Glycol, Guar Hydroxypropyltrimonium Chloride, Tocopherol, Arginine, Auringonkukansiemen\u00f6ljy, Phenylpropanol, Citric Acid, Sodium Citrate, Cocos Nucifera (Kookos) Oil, Papaija Fruit Extract, Kaura Kernel Flour, Radish Root Ferment Filtrate, CI 14700.<\/p>\n<p data-start=\"3328\" data-end=\"3362\"><strong data-start=\"3328\" data-end=\"3343\">Valmistaja:<\/strong> Lakeland Cosmetics<\/p>\n","protected":false},"featured_media":36556,"template":"","meta":[],"product_brand":[],"product_cat":[483],"product_tag":[],"class_list":{"0":"post-49361","1":"product","2":"type-product","3":"status-publish","4":"has-post-thumbnail","6":"product_cat-hoitotuotteet-koirille","8":"first","9":"instock","10":"taxable","11":"shipping-taxable","12":"purchasable","13":"product-type-simple"},"yoast_head":"<!-- This site is optimized with the Yoast SEO plugin v27.2 - https:\/\/yoast.com\/product\/yoast-seo-wordpress\/ -->\n<title>Bugalugs Papaijan ja Kookoksen Tuoksuinen Hoitoaine Koirille 500 ml - MiuMjau<\/title>\n<meta name=\"robots\" content=\"index, follow, max-snippet:-1, max-image-preview:large, max-video-preview:-1\" \/>\n<link rel=\"canonical\" href=\"https:\/\/miumjau.ee\/fi\/tuote\/bugalugs-papaijan-ja-kookoksen-tuoksuinen-hoitoaine-koirille-500-ml\/\" \/>\n<meta property=\"og:locale\" content=\"fi_FI\" \/>\n<meta property=\"og:type\" content=\"article\" \/>\n<meta property=\"og:title\" content=\"Bugalugs Papaijan ja Kookoksen Tuoksuinen Hoitoaine Koirille 500 ml - MiuMjau\" \/>\n<meta property=\"og:description\" content=\"Bugalugsin papaija- ja kookostuoksuinen koiranhoitoaine on t\u00e4ydellinen lis\u00e4 koirasi hoitorutiiniin. Ravitseva hoitoaine kosteuttaa ihoa hell\u00e4varaisesti ja palauttaa turkin kiillon ylellisell\u00e4 papaijan ja kookoksen tuoksulla. Luonnollinen koostumus auttaa ehk\u00e4isem\u00e4\u00e4n takkuja samalla kun se kosteuttaa ihoa ja turkkia, antaen upean kiillon. T\u00e4ydellinen k\u00e4ytett\u00e4v\u00e4ksi yhdess\u00e4 Bugalugs Papaija &amp; Kookos -shampoon kanssa. Hoitoaine sis\u00e4lt\u00e4\u00e4 runsaasti luonnollisia \u00f6ljyj\u00e4 ja uutteita ja on suunniteltu kaikille turkkityypeille. Sen ravitseva koostumus sopii kuivalle ja herk\u00e4lle iholle ja j\u00e4tt\u00e4\u00e4 turkin silkinpehme\u00e4ksi ja kiilt\u00e4v\u00e4ksi ilman rasvaista tunnetta. K\u00e4ytt\u00f6ohje: Pese koira ensin Bugalugs-shampoolla. Levit\u00e4 reilusti hoitoainetta turkkiin p\u00e4\u00e4st\u00e4 h\u00e4nt\u00e4\u00e4n. Hiero ja anna vaikuttaa 3\u20135 minuuttia. Huuhtele huolellisesti. Sopii yli 8 viikon ik\u00e4isille koirille ja kaikille turkkityypeille. V\u00e4lt\u00e4 aineen joutumista silmiin \u2013 huuhtele tarvittaessa runsaalla vedell\u00e4. S\u00e4ilyt\u00e4 lasten ulottumattomissa. Ainesosat: Aqua, Glycerin, Cetearyl Alcohol, Cetrimonium Chloride, Prunus Amygdalus Dulcis (Manteli) Oil, Lecithin, Methylpropanediol, Caesalpinia Spinosa Gum, Parfum, Vitis Vinifera (Ryp\u00e4le) Seed Oil, Caprylyl Glycol, Anhydryl Glycol, Guar Hydroxypropyltrimonium Chloride, Tocopherol, Arginine, Auringonkukansiemen\u00f6ljy, Phenylpropanol, Citric Acid, Sodium Citrate, Cocos Nucifera (Kookos) Oil, Papaija Fruit Extract, Kaura Kernel Flour, Radish Root Ferment Filtrate, CI 14700. Valmistaja: Lakeland Cosmetics\" \/>\n<meta property=\"og:url\" content=\"https:\/\/miumjau.ee\/fi\/tuote\/bugalugs-papaijan-ja-kookoksen-tuoksuinen-hoitoaine-koirille-500-ml\/\" \/>\n<meta property=\"og:site_name\" content=\"MiuMjau\" \/>\n<meta property=\"article:publisher\" content=\"https:\/\/www.facebook.com\/miumjaupood\/\" \/>\n<meta property=\"article:modified_time\" content=\"2026-01-07T20:42:55+00:00\" \/>\n<meta property=\"og:image\" content=\"https:\/\/miumjau.ee\/wp-content\/uploads\/2025\/06\/bugalugs-koerte-palsam-papaia-kookos-500ml3.jpg\" \/>\n\t<meta property=\"og:image:width\" content=\"600\" \/>\n\t<meta property=\"og:image:height\" content=\"800\" \/>\n\t<meta property=\"og:image:type\" content=\"image\/jpeg\" \/>\n<meta name=\"twitter:card\" content=\"summary_large_image\" \/>\n<script type=\"application\/ld+json\" class=\"yoast-schema-graph\">{\"@context\":\"https:\/\/schema.org\",\"@graph\":[{\"@type\":\"WebPage\",\"@id\":\"https:\/\/miumjau.ee\/fi\/tuote\/bugalugs-papaijan-ja-kookoksen-tuoksuinen-hoitoaine-koirille-500-ml\/\",\"url\":\"https:\/\/miumjau.ee\/fi\/tuote\/bugalugs-papaijan-ja-kookoksen-tuoksuinen-hoitoaine-koirille-500-ml\/\",\"name\":\"Bugalugs Papaijan ja Kookoksen Tuoksuinen Hoitoaine Koirille 500 ml - MiuMjau\",\"isPartOf\":{\"@id\":\"https:\/\/miumjau.ee\/#website\"},\"primaryImageOfPage\":{\"@id\":\"https:\/\/miumjau.ee\/fi\/tuote\/bugalugs-papaijan-ja-kookoksen-tuoksuinen-hoitoaine-koirille-500-ml\/#primaryimage\"},\"image\":{\"@id\":\"https:\/\/miumjau.ee\/fi\/tuote\/bugalugs-papaijan-ja-kookoksen-tuoksuinen-hoitoaine-koirille-500-ml\/#primaryimage\"},\"thumbnailUrl\":\"https:\/\/miumjau.ee\/wp-content\/uploads\/2025\/06\/bugalugs-koerte-palsam-papaia-kookos-500ml3.jpg\",\"datePublished\":\"2025-06-18T08:19:28+00:00\",\"dateModified\":\"2026-01-07T20:42:55+00:00\",\"breadcrumb\":{\"@id\":\"https:\/\/miumjau.ee\/fi\/tuote\/bugalugs-papaijan-ja-kookoksen-tuoksuinen-hoitoaine-koirille-500-ml\/#breadcrumb\"},\"inLanguage\":\"fi\",\"potentialAction\":[{\"@type\":\"ReadAction\",\"target\":[\"https:\/\/miumjau.ee\/fi\/tuote\/bugalugs-papaijan-ja-kookoksen-tuoksuinen-hoitoaine-koirille-500-ml\/\"]}]},{\"@type\":\"ImageObject\",\"inLanguage\":\"fi\",\"@id\":\"https:\/\/miumjau.ee\/fi\/tuote\/bugalugs-papaijan-ja-kookoksen-tuoksuinen-hoitoaine-koirille-500-ml\/#primaryimage\",\"url\":\"https:\/\/miumjau.ee\/wp-content\/uploads\/2025\/06\/bugalugs-koerte-palsam-papaia-kookos-500ml3.jpg\",\"contentUrl\":\"https:\/\/miumjau.ee\/wp-content\/uploads\/2025\/06\/bugalugs-koerte-palsam-papaia-kookos-500ml3.jpg\",\"width\":600,\"height\":800,\"caption\":\"Bugalugs papaia ja kookosp\u00e4hkli l\u00f5hnaline palsam 500ml\"},{\"@type\":\"BreadcrumbList\",\"@id\":\"https:\/\/miumjau.ee\/fi\/tuote\/bugalugs-papaijan-ja-kookoksen-tuoksuinen-hoitoaine-koirille-500-ml\/#breadcrumb\",\"itemListElement\":[{\"@type\":\"ListItem\",\"position\":1,\"name\":\"Home\",\"item\":\"https:\/\/miumjau.ee\/fi\/\"},{\"@type\":\"ListItem\",\"position\":2,\"name\":\"Kauppa\",\"item\":\"https:\/\/miumjau.ee\/fi\/kauppa\/\"},{\"@type\":\"ListItem\",\"position\":3,\"name\":\"Bugalugs Papaijan ja Kookoksen Tuoksuinen Hoitoaine Koirille 500 ml\"}]},{\"@type\":\"WebSite\",\"@id\":\"https:\/\/miumjau.ee\/#website\",\"url\":\"https:\/\/miumjau.ee\/\",\"name\":\"MiuMjau\",\"description\":\"Kraapimispuud kassidele\",\"publisher\":{\"@id\":\"https:\/\/miumjau.ee\/#organization\"},\"potentialAction\":[{\"@type\":\"SearchAction\",\"target\":{\"@type\":\"EntryPoint\",\"urlTemplate\":\"https:\/\/miumjau.ee\/?s={search_term_string}\"},\"query-input\":{\"@type\":\"PropertyValueSpecification\",\"valueRequired\":true,\"valueName\":\"search_term_string\"}}],\"inLanguage\":\"fi\"},{\"@type\":\"Organization\",\"@id\":\"https:\/\/miumjau.ee\/#organization\",\"name\":\"MiuMjau O\u00dc\",\"url\":\"https:\/\/miumjau.ee\/\",\"logo\":{\"@type\":\"ImageObject\",\"inLanguage\":\"fi\",\"@id\":\"https:\/\/miumjau.ee\/#\/schema\/logo\/image\/\",\"url\":\"https:\/\/miumjau.ee\/wp-content\/uploads\/2022\/04\/MiuMjau-logo-kollane.png\",\"contentUrl\":\"https:\/\/miumjau.ee\/wp-content\/uploads\/2022\/04\/MiuMjau-logo-kollane.png\",\"width\":219,\"height\":100,\"caption\":\"MiuMjau O\u00dc\"},\"image\":{\"@id\":\"https:\/\/miumjau.ee\/#\/schema\/logo\/image\/\"},\"sameAs\":[\"https:\/\/www.facebook.com\/miumjaupood\/\"]}]}<\/script>\n<!-- \/ Yoast SEO plugin. -->","yoast_head_json":{"title":"Bugalugs Papaijan ja Kookoksen Tuoksuinen Hoitoaine Koirille 500 ml - MiuMjau","robots":{"index":"index","follow":"follow","max-snippet":"max-snippet:-1","max-image-preview":"max-image-preview:large","max-video-preview":"max-video-preview:-1"},"canonical":"https:\/\/miumjau.ee\/fi\/tuote\/bugalugs-papaijan-ja-kookoksen-tuoksuinen-hoitoaine-koirille-500-ml\/","og_locale":"fi_FI","og_type":"article","og_title":"Bugalugs Papaijan ja Kookoksen Tuoksuinen Hoitoaine Koirille 500 ml - MiuMjau","og_description":"Bugalugsin papaija- ja kookostuoksuinen koiranhoitoaine on t\u00e4ydellinen lis\u00e4 koirasi hoitorutiiniin. Ravitseva hoitoaine kosteuttaa ihoa hell\u00e4varaisesti ja palauttaa turkin kiillon ylellisell\u00e4 papaijan ja kookoksen tuoksulla. Luonnollinen koostumus auttaa ehk\u00e4isem\u00e4\u00e4n takkuja samalla kun se kosteuttaa ihoa ja turkkia, antaen upean kiillon. T\u00e4ydellinen k\u00e4ytett\u00e4v\u00e4ksi yhdess\u00e4 Bugalugs Papaija &amp; Kookos -shampoon kanssa. Hoitoaine sis\u00e4lt\u00e4\u00e4 runsaasti luonnollisia \u00f6ljyj\u00e4 ja uutteita ja on suunniteltu kaikille turkkityypeille. Sen ravitseva koostumus sopii kuivalle ja herk\u00e4lle iholle ja j\u00e4tt\u00e4\u00e4 turkin silkinpehme\u00e4ksi ja kiilt\u00e4v\u00e4ksi ilman rasvaista tunnetta. K\u00e4ytt\u00f6ohje: Pese koira ensin Bugalugs-shampoolla. Levit\u00e4 reilusti hoitoainetta turkkiin p\u00e4\u00e4st\u00e4 h\u00e4nt\u00e4\u00e4n. Hiero ja anna vaikuttaa 3\u20135 minuuttia. Huuhtele huolellisesti. Sopii yli 8 viikon ik\u00e4isille koirille ja kaikille turkkityypeille. V\u00e4lt\u00e4 aineen joutumista silmiin \u2013 huuhtele tarvittaessa runsaalla vedell\u00e4. S\u00e4ilyt\u00e4 lasten ulottumattomissa. Ainesosat: Aqua, Glycerin, Cetearyl Alcohol, Cetrimonium Chloride, Prunus Amygdalus Dulcis (Manteli) Oil, Lecithin, Methylpropanediol, Caesalpinia Spinosa Gum, Parfum, Vitis Vinifera (Ryp\u00e4le) Seed Oil, Caprylyl Glycol, Anhydryl Glycol, Guar Hydroxypropyltrimonium Chloride, Tocopherol, Arginine, Auringonkukansiemen\u00f6ljy, Phenylpropanol, Citric Acid, Sodium Citrate, Cocos Nucifera (Kookos) Oil, Papaija Fruit Extract, Kaura Kernel Flour, Radish Root Ferment Filtrate, CI 14700. Valmistaja: Lakeland Cosmetics","og_url":"https:\/\/miumjau.ee\/fi\/tuote\/bugalugs-papaijan-ja-kookoksen-tuoksuinen-hoitoaine-koirille-500-ml\/","og_site_name":"MiuMjau","article_publisher":"https:\/\/www.facebook.com\/miumjaupood\/","article_modified_time":"2026-01-07T20:42:55+00:00","og_image":[{"width":600,"height":800,"url":"https:\/\/miumjau.ee\/wp-content\/uploads\/2025\/06\/bugalugs-koerte-palsam-papaia-kookos-500ml3.jpg","type":"image\/jpeg"}],"twitter_card":"summary_large_image","schema":{"@context":"https:\/\/schema.org","@graph":[{"@type":"WebPage","@id":"https:\/\/miumjau.ee\/fi\/tuote\/bugalugs-papaijan-ja-kookoksen-tuoksuinen-hoitoaine-koirille-500-ml\/","url":"https:\/\/miumjau.ee\/fi\/tuote\/bugalugs-papaijan-ja-kookoksen-tuoksuinen-hoitoaine-koirille-500-ml\/","name":"Bugalugs Papaijan ja Kookoksen Tuoksuinen Hoitoaine Koirille 500 ml - MiuMjau","isPartOf":{"@id":"https:\/\/miumjau.ee\/#website"},"primaryImageOfPage":{"@id":"https:\/\/miumjau.ee\/fi\/tuote\/bugalugs-papaijan-ja-kookoksen-tuoksuinen-hoitoaine-koirille-500-ml\/#primaryimage"},"image":{"@id":"https:\/\/miumjau.ee\/fi\/tuote\/bugalugs-papaijan-ja-kookoksen-tuoksuinen-hoitoaine-koirille-500-ml\/#primaryimage"},"thumbnailUrl":"https:\/\/miumjau.ee\/wp-content\/uploads\/2025\/06\/bugalugs-koerte-palsam-papaia-kookos-500ml3.jpg","datePublished":"2025-06-18T08:19:28+00:00","dateModified":"2026-01-07T20:42:55+00:00","breadcrumb":{"@id":"https:\/\/miumjau.ee\/fi\/tuote\/bugalugs-papaijan-ja-kookoksen-tuoksuinen-hoitoaine-koirille-500-ml\/#breadcrumb"},"inLanguage":"fi","potentialAction":[{"@type":"ReadAction","target":["https:\/\/miumjau.ee\/fi\/tuote\/bugalugs-papaijan-ja-kookoksen-tuoksuinen-hoitoaine-koirille-500-ml\/"]}]},{"@type":"ImageObject","inLanguage":"fi","@id":"https:\/\/miumjau.ee\/fi\/tuote\/bugalugs-papaijan-ja-kookoksen-tuoksuinen-hoitoaine-koirille-500-ml\/#primaryimage","url":"https:\/\/miumjau.ee\/wp-content\/uploads\/2025\/06\/bugalugs-koerte-palsam-papaia-kookos-500ml3.jpg","contentUrl":"https:\/\/miumjau.ee\/wp-content\/uploads\/2025\/06\/bugalugs-koerte-palsam-papaia-kookos-500ml3.jpg","width":600,"height":800,"caption":"Bugalugs papaia ja kookosp\u00e4hkli l\u00f5hnaline palsam 500ml"},{"@type":"BreadcrumbList","@id":"https:\/\/miumjau.ee\/fi\/tuote\/bugalugs-papaijan-ja-kookoksen-tuoksuinen-hoitoaine-koirille-500-ml\/#breadcrumb","itemListElement":[{"@type":"ListItem","position":1,"name":"Home","item":"https:\/\/miumjau.ee\/fi\/"},{"@type":"ListItem","position":2,"name":"Kauppa","item":"https:\/\/miumjau.ee\/fi\/kauppa\/"},{"@type":"ListItem","position":3,"name":"Bugalugs Papaijan ja Kookoksen Tuoksuinen Hoitoaine Koirille 500 ml"}]},{"@type":"WebSite","@id":"https:\/\/miumjau.ee\/#website","url":"https:\/\/miumjau.ee\/","name":"MiuMjau","description":"Kraapimispuud kassidele","publisher":{"@id":"https:\/\/miumjau.ee\/#organization"},"potentialAction":[{"@type":"SearchAction","target":{"@type":"EntryPoint","urlTemplate":"https:\/\/miumjau.ee\/?s={search_term_string}"},"query-input":{"@type":"PropertyValueSpecification","valueRequired":true,"valueName":"search_term_string"}}],"inLanguage":"fi"},{"@type":"Organization","@id":"https:\/\/miumjau.ee\/#organization","name":"MiuMjau O\u00dc","url":"https:\/\/miumjau.ee\/","logo":{"@type":"ImageObject","inLanguage":"fi","@id":"https:\/\/miumjau.ee\/#\/schema\/logo\/image\/","url":"https:\/\/miumjau.ee\/wp-content\/uploads\/2022\/04\/MiuMjau-logo-kollane.png","contentUrl":"https:\/\/miumjau.ee\/wp-content\/uploads\/2022\/04\/MiuMjau-logo-kollane.png","width":219,"height":100,"caption":"MiuMjau O\u00dc"},"image":{"@id":"https:\/\/miumjau.ee\/#\/schema\/logo\/image\/"},"sameAs":["https:\/\/www.facebook.com\/miumjaupood\/"]}]}},"_links":{"self":[{"href":"https:\/\/miumjau.ee\/fi\/wp-json\/wp\/v2\/product\/49361","targetHints":{"allow":["GET"]}}],"collection":[{"href":"https:\/\/miumjau.ee\/fi\/wp-json\/wp\/v2\/product"}],"about":[{"href":"https:\/\/miumjau.ee\/fi\/wp-json\/wp\/v2\/types\/product"}],"wp:featuredmedia":[{"embeddable":true,"href":"https:\/\/miumjau.ee\/fi\/wp-json\/wp\/v2\/media\/36556"}],"wp:attachment":[{"href":"https:\/\/miumjau.ee\/fi\/wp-json\/wp\/v2\/media?parent=49361"}],"wp:term":[{"taxonomy":"product_brand","embeddable":true,"href":"https:\/\/miumjau.ee\/fi\/wp-json\/wp\/v2\/product_brand?post=49361"},{"taxonomy":"product_cat","embeddable":true,"href":"https:\/\/miumjau.ee\/fi\/wp-json\/wp\/v2\/product_cat?post=49361"},{"taxonomy":"product_tag","embeddable":true,"href":"https:\/\/miumjau.ee\/fi\/wp-json\/wp\/v2\/product_tag?post=49361"}],"curies":[{"name":"wp","href":"https:\/\/api.w.org\/{rel}","templated":true}]}}