{"id":49353,"date":"2025-06-18T11:51:14","date_gmt":"2025-06-18T08:51:14","guid":{"rendered":"https:\/\/miumjau.ee\/toode\/bugalugs-kosteuttava-takkuja-selvittava-suihke-koirille-200-ml\/"},"modified":"2026-01-07T22:43:02","modified_gmt":"2026-01-07T20:43:02","slug":"bugalugs-kosteuttava-takkuja-selvittava-suihke-koirille-200-ml","status":"publish","type":"product","link":"https:\/\/miumjau.ee\/fi\/tuote\/bugalugs-kosteuttava-takkuja-selvittava-suihke-koirille-200-ml\/","title":{"rendered":"Bugalugs Kosteuttava Takkuja Selvitt\u00e4v\u00e4 Suihke Koirille 200 ml"},"content":{"rendered":"","protected":false},"excerpt":{"rendered":"<p data-start=\"1098\" data-end=\"1323\">Bugalugsin kosteuttava suihke on kehitetty selvitt\u00e4m\u00e4\u00e4n takkuuntuvaa turkkia. Se helpottaa koiran turkin hoitoa ja lis\u00e4\u00e4 kiiltoa kevyen, hell\u00e4varaisen, kosteuttavan ja ravitsevan koostumuksen ansiosta, jossa on raikas tuoksu.<\/p>\n<p data-start=\"1325\" data-end=\"1447\">Miellytt\u00e4v\u00e4n tuoksuinen, pH-tasapainotettu takkuja selvitt\u00e4v\u00e4 ja hoitava suihke tekee koiran turkista silkkisen ja sile\u00e4n.<\/p>\n<p data-start=\"1449\" data-end=\"1762\"><strong data-start=\"1449\" data-end=\"1464\">K\u00e4ytt\u00f6ohje:<\/strong><br data-start=\"1464\" data-end=\"1467\" \/><em data-start=\"1467\" data-end=\"1482\">Kostea turkki<\/em> \u2013 Shampook\u00e4sittelyn j\u00e4lkeen suihkuta koiran turkkiin, v\u00e4lt\u00e4 silmi\u00e4, kuonoa ja korvia. Selvit\u00e4 takut varovasti rodulle sopivalla harjalla. Ei vaadi huuhtelua.<br data-start=\"1640\" data-end=\"1643\" \/><em data-start=\"1643\" data-end=\"1657\">Kuiva turkki<\/em> \u2013 Suihkuta suoraan kuivalle turkille. Selvit\u00e4 solmut ja takut latvoista tyveen p\u00e4in. Ei vaadi huuhtelua.<\/p>\n<p data-start=\"1764\" data-end=\"1931\"><strong data-start=\"1764\" data-end=\"1778\">Ainesosat:<\/strong> Aqua, Phenoxyethanol, Hydrolyzed Wheat Protein, Tetrimonium Chloride, Tetrasodium Glutamate Diacetate, Citric Acid, Ethylhexylglycerin, Sodium Benzoate.<\/p>\n<p data-start=\"1933\" data-end=\"1967\"><strong data-start=\"1933\" data-end=\"1948\">Valmistaja:<\/strong> Lakeland Cosmetics<\/p>\n","protected":false},"featured_media":36586,"template":"","meta":[],"product_brand":[],"product_cat":[483],"product_tag":[],"class_list":{"0":"post-49353","1":"product","2":"type-product","3":"status-publish","4":"has-post-thumbnail","6":"product_cat-hoitotuotteet-koirille","8":"first","9":"instock","10":"taxable","11":"shipping-taxable","12":"purchasable","13":"product-type-simple"},"yoast_head":"<!-- This site is optimized with the Yoast SEO plugin v27.2 - https:\/\/yoast.com\/product\/yoast-seo-wordpress\/ -->\n<title>Bugalugs Kosteuttava Takkuja Selvitt\u00e4v\u00e4 Suihke Koirille 200 ml - MiuMjau<\/title>\n<meta name=\"robots\" content=\"index, follow, max-snippet:-1, max-image-preview:large, max-video-preview:-1\" \/>\n<link rel=\"canonical\" href=\"https:\/\/miumjau.ee\/fi\/tuote\/bugalugs-kosteuttava-takkuja-selvittava-suihke-koirille-200-ml\/\" \/>\n<meta property=\"og:locale\" content=\"fi_FI\" \/>\n<meta property=\"og:type\" content=\"article\" \/>\n<meta property=\"og:title\" content=\"Bugalugs Kosteuttava Takkuja Selvitt\u00e4v\u00e4 Suihke Koirille 200 ml - MiuMjau\" \/>\n<meta property=\"og:description\" content=\"Bugalugsin kosteuttava suihke on kehitetty selvitt\u00e4m\u00e4\u00e4n takkuuntuvaa turkkia. Se helpottaa koiran turkin hoitoa ja lis\u00e4\u00e4 kiiltoa kevyen, hell\u00e4varaisen, kosteuttavan ja ravitsevan koostumuksen ansiosta, jossa on raikas tuoksu. Miellytt\u00e4v\u00e4n tuoksuinen, pH-tasapainotettu takkuja selvitt\u00e4v\u00e4 ja hoitava suihke tekee koiran turkista silkkisen ja sile\u00e4n. K\u00e4ytt\u00f6ohje:Kostea turkki \u2013 Shampook\u00e4sittelyn j\u00e4lkeen suihkuta koiran turkkiin, v\u00e4lt\u00e4 silmi\u00e4, kuonoa ja korvia. Selvit\u00e4 takut varovasti rodulle sopivalla harjalla. Ei vaadi huuhtelua.Kuiva turkki \u2013 Suihkuta suoraan kuivalle turkille. Selvit\u00e4 solmut ja takut latvoista tyveen p\u00e4in. Ei vaadi huuhtelua. Ainesosat: Aqua, Phenoxyethanol, Hydrolyzed Wheat Protein, Tetrimonium Chloride, Tetrasodium Glutamate Diacetate, Citric Acid, Ethylhexylglycerin, Sodium Benzoate. Valmistaja: Lakeland Cosmetics\" \/>\n<meta property=\"og:url\" content=\"https:\/\/miumjau.ee\/fi\/tuote\/bugalugs-kosteuttava-takkuja-selvittava-suihke-koirille-200-ml\/\" \/>\n<meta property=\"og:site_name\" content=\"MiuMjau\" \/>\n<meta property=\"article:publisher\" content=\"https:\/\/www.facebook.com\/miumjaupood\/\" \/>\n<meta property=\"article:modified_time\" content=\"2026-01-07T20:43:02+00:00\" \/>\n<meta property=\"og:image\" content=\"https:\/\/miumjau.ee\/wp-content\/uploads\/2025\/06\/bugalugs-niisutav-pusasprei5.jpg\" \/>\n\t<meta property=\"og:image:width\" content=\"600\" \/>\n\t<meta property=\"og:image:height\" content=\"800\" \/>\n\t<meta property=\"og:image:type\" content=\"image\/jpeg\" \/>\n<meta name=\"twitter:card\" content=\"summary_large_image\" \/>\n<script type=\"application\/ld+json\" class=\"yoast-schema-graph\">{\"@context\":\"https:\/\/schema.org\",\"@graph\":[{\"@type\":\"WebPage\",\"@id\":\"https:\/\/miumjau.ee\/fi\/tuote\/bugalugs-kosteuttava-takkuja-selvittava-suihke-koirille-200-ml\/\",\"url\":\"https:\/\/miumjau.ee\/fi\/tuote\/bugalugs-kosteuttava-takkuja-selvittava-suihke-koirille-200-ml\/\",\"name\":\"Bugalugs Kosteuttava Takkuja Selvitt\u00e4v\u00e4 Suihke Koirille 200 ml - MiuMjau\",\"isPartOf\":{\"@id\":\"https:\/\/miumjau.ee\/#website\"},\"primaryImageOfPage\":{\"@id\":\"https:\/\/miumjau.ee\/fi\/tuote\/bugalugs-kosteuttava-takkuja-selvittava-suihke-koirille-200-ml\/#primaryimage\"},\"image\":{\"@id\":\"https:\/\/miumjau.ee\/fi\/tuote\/bugalugs-kosteuttava-takkuja-selvittava-suihke-koirille-200-ml\/#primaryimage\"},\"thumbnailUrl\":\"https:\/\/miumjau.ee\/wp-content\/uploads\/2025\/06\/bugalugs-niisutav-pusasprei5.jpg\",\"datePublished\":\"2025-06-18T08:51:14+00:00\",\"dateModified\":\"2026-01-07T20:43:02+00:00\",\"breadcrumb\":{\"@id\":\"https:\/\/miumjau.ee\/fi\/tuote\/bugalugs-kosteuttava-takkuja-selvittava-suihke-koirille-200-ml\/#breadcrumb\"},\"inLanguage\":\"fi\",\"potentialAction\":[{\"@type\":\"ReadAction\",\"target\":[\"https:\/\/miumjau.ee\/fi\/tuote\/bugalugs-kosteuttava-takkuja-selvittava-suihke-koirille-200-ml\/\"]}]},{\"@type\":\"ImageObject\",\"inLanguage\":\"fi\",\"@id\":\"https:\/\/miumjau.ee\/fi\/tuote\/bugalugs-kosteuttava-takkuja-selvittava-suihke-koirille-200-ml\/#primaryimage\",\"url\":\"https:\/\/miumjau.ee\/wp-content\/uploads\/2025\/06\/bugalugs-niisutav-pusasprei5.jpg\",\"contentUrl\":\"https:\/\/miumjau.ee\/wp-content\/uploads\/2025\/06\/bugalugs-niisutav-pusasprei5.jpg\",\"width\":600,\"height\":800,\"caption\":\"Bugalugs niisutav pusasprei koertele 200ml\"},{\"@type\":\"BreadcrumbList\",\"@id\":\"https:\/\/miumjau.ee\/fi\/tuote\/bugalugs-kosteuttava-takkuja-selvittava-suihke-koirille-200-ml\/#breadcrumb\",\"itemListElement\":[{\"@type\":\"ListItem\",\"position\":1,\"name\":\"Home\",\"item\":\"https:\/\/miumjau.ee\/fi\/\"},{\"@type\":\"ListItem\",\"position\":2,\"name\":\"Kauppa\",\"item\":\"https:\/\/miumjau.ee\/fi\/kauppa\/\"},{\"@type\":\"ListItem\",\"position\":3,\"name\":\"Bugalugs Kosteuttava Takkuja Selvitt\u00e4v\u00e4 Suihke Koirille 200 ml\"}]},{\"@type\":\"WebSite\",\"@id\":\"https:\/\/miumjau.ee\/#website\",\"url\":\"https:\/\/miumjau.ee\/\",\"name\":\"MiuMjau\",\"description\":\"Kraapimispuud kassidele\",\"publisher\":{\"@id\":\"https:\/\/miumjau.ee\/#organization\"},\"potentialAction\":[{\"@type\":\"SearchAction\",\"target\":{\"@type\":\"EntryPoint\",\"urlTemplate\":\"https:\/\/miumjau.ee\/?s={search_term_string}\"},\"query-input\":{\"@type\":\"PropertyValueSpecification\",\"valueRequired\":true,\"valueName\":\"search_term_string\"}}],\"inLanguage\":\"fi\"},{\"@type\":\"Organization\",\"@id\":\"https:\/\/miumjau.ee\/#organization\",\"name\":\"MiuMjau O\u00dc\",\"url\":\"https:\/\/miumjau.ee\/\",\"logo\":{\"@type\":\"ImageObject\",\"inLanguage\":\"fi\",\"@id\":\"https:\/\/miumjau.ee\/#\/schema\/logo\/image\/\",\"url\":\"https:\/\/miumjau.ee\/wp-content\/uploads\/2022\/04\/MiuMjau-logo-kollane.png\",\"contentUrl\":\"https:\/\/miumjau.ee\/wp-content\/uploads\/2022\/04\/MiuMjau-logo-kollane.png\",\"width\":219,\"height\":100,\"caption\":\"MiuMjau O\u00dc\"},\"image\":{\"@id\":\"https:\/\/miumjau.ee\/#\/schema\/logo\/image\/\"},\"sameAs\":[\"https:\/\/www.facebook.com\/miumjaupood\/\"]}]}<\/script>\n<!-- \/ Yoast SEO plugin. -->","yoast_head_json":{"title":"Bugalugs Kosteuttava Takkuja Selvitt\u00e4v\u00e4 Suihke Koirille 200 ml - MiuMjau","robots":{"index":"index","follow":"follow","max-snippet":"max-snippet:-1","max-image-preview":"max-image-preview:large","max-video-preview":"max-video-preview:-1"},"canonical":"https:\/\/miumjau.ee\/fi\/tuote\/bugalugs-kosteuttava-takkuja-selvittava-suihke-koirille-200-ml\/","og_locale":"fi_FI","og_type":"article","og_title":"Bugalugs Kosteuttava Takkuja Selvitt\u00e4v\u00e4 Suihke Koirille 200 ml - MiuMjau","og_description":"Bugalugsin kosteuttava suihke on kehitetty selvitt\u00e4m\u00e4\u00e4n takkuuntuvaa turkkia. Se helpottaa koiran turkin hoitoa ja lis\u00e4\u00e4 kiiltoa kevyen, hell\u00e4varaisen, kosteuttavan ja ravitsevan koostumuksen ansiosta, jossa on raikas tuoksu. Miellytt\u00e4v\u00e4n tuoksuinen, pH-tasapainotettu takkuja selvitt\u00e4v\u00e4 ja hoitava suihke tekee koiran turkista silkkisen ja sile\u00e4n. K\u00e4ytt\u00f6ohje:Kostea turkki \u2013 Shampook\u00e4sittelyn j\u00e4lkeen suihkuta koiran turkkiin, v\u00e4lt\u00e4 silmi\u00e4, kuonoa ja korvia. Selvit\u00e4 takut varovasti rodulle sopivalla harjalla. Ei vaadi huuhtelua.Kuiva turkki \u2013 Suihkuta suoraan kuivalle turkille. Selvit\u00e4 solmut ja takut latvoista tyveen p\u00e4in. Ei vaadi huuhtelua. Ainesosat: Aqua, Phenoxyethanol, Hydrolyzed Wheat Protein, Tetrimonium Chloride, Tetrasodium Glutamate Diacetate, Citric Acid, Ethylhexylglycerin, Sodium Benzoate. Valmistaja: Lakeland Cosmetics","og_url":"https:\/\/miumjau.ee\/fi\/tuote\/bugalugs-kosteuttava-takkuja-selvittava-suihke-koirille-200-ml\/","og_site_name":"MiuMjau","article_publisher":"https:\/\/www.facebook.com\/miumjaupood\/","article_modified_time":"2026-01-07T20:43:02+00:00","og_image":[{"width":600,"height":800,"url":"https:\/\/miumjau.ee\/wp-content\/uploads\/2025\/06\/bugalugs-niisutav-pusasprei5.jpg","type":"image\/jpeg"}],"twitter_card":"summary_large_image","schema":{"@context":"https:\/\/schema.org","@graph":[{"@type":"WebPage","@id":"https:\/\/miumjau.ee\/fi\/tuote\/bugalugs-kosteuttava-takkuja-selvittava-suihke-koirille-200-ml\/","url":"https:\/\/miumjau.ee\/fi\/tuote\/bugalugs-kosteuttava-takkuja-selvittava-suihke-koirille-200-ml\/","name":"Bugalugs Kosteuttava Takkuja Selvitt\u00e4v\u00e4 Suihke Koirille 200 ml - MiuMjau","isPartOf":{"@id":"https:\/\/miumjau.ee\/#website"},"primaryImageOfPage":{"@id":"https:\/\/miumjau.ee\/fi\/tuote\/bugalugs-kosteuttava-takkuja-selvittava-suihke-koirille-200-ml\/#primaryimage"},"image":{"@id":"https:\/\/miumjau.ee\/fi\/tuote\/bugalugs-kosteuttava-takkuja-selvittava-suihke-koirille-200-ml\/#primaryimage"},"thumbnailUrl":"https:\/\/miumjau.ee\/wp-content\/uploads\/2025\/06\/bugalugs-niisutav-pusasprei5.jpg","datePublished":"2025-06-18T08:51:14+00:00","dateModified":"2026-01-07T20:43:02+00:00","breadcrumb":{"@id":"https:\/\/miumjau.ee\/fi\/tuote\/bugalugs-kosteuttava-takkuja-selvittava-suihke-koirille-200-ml\/#breadcrumb"},"inLanguage":"fi","potentialAction":[{"@type":"ReadAction","target":["https:\/\/miumjau.ee\/fi\/tuote\/bugalugs-kosteuttava-takkuja-selvittava-suihke-koirille-200-ml\/"]}]},{"@type":"ImageObject","inLanguage":"fi","@id":"https:\/\/miumjau.ee\/fi\/tuote\/bugalugs-kosteuttava-takkuja-selvittava-suihke-koirille-200-ml\/#primaryimage","url":"https:\/\/miumjau.ee\/wp-content\/uploads\/2025\/06\/bugalugs-niisutav-pusasprei5.jpg","contentUrl":"https:\/\/miumjau.ee\/wp-content\/uploads\/2025\/06\/bugalugs-niisutav-pusasprei5.jpg","width":600,"height":800,"caption":"Bugalugs niisutav pusasprei koertele 200ml"},{"@type":"BreadcrumbList","@id":"https:\/\/miumjau.ee\/fi\/tuote\/bugalugs-kosteuttava-takkuja-selvittava-suihke-koirille-200-ml\/#breadcrumb","itemListElement":[{"@type":"ListItem","position":1,"name":"Home","item":"https:\/\/miumjau.ee\/fi\/"},{"@type":"ListItem","position":2,"name":"Kauppa","item":"https:\/\/miumjau.ee\/fi\/kauppa\/"},{"@type":"ListItem","position":3,"name":"Bugalugs Kosteuttava Takkuja Selvitt\u00e4v\u00e4 Suihke Koirille 200 ml"}]},{"@type":"WebSite","@id":"https:\/\/miumjau.ee\/#website","url":"https:\/\/miumjau.ee\/","name":"MiuMjau","description":"Kraapimispuud kassidele","publisher":{"@id":"https:\/\/miumjau.ee\/#organization"},"potentialAction":[{"@type":"SearchAction","target":{"@type":"EntryPoint","urlTemplate":"https:\/\/miumjau.ee\/?s={search_term_string}"},"query-input":{"@type":"PropertyValueSpecification","valueRequired":true,"valueName":"search_term_string"}}],"inLanguage":"fi"},{"@type":"Organization","@id":"https:\/\/miumjau.ee\/#organization","name":"MiuMjau O\u00dc","url":"https:\/\/miumjau.ee\/","logo":{"@type":"ImageObject","inLanguage":"fi","@id":"https:\/\/miumjau.ee\/#\/schema\/logo\/image\/","url":"https:\/\/miumjau.ee\/wp-content\/uploads\/2022\/04\/MiuMjau-logo-kollane.png","contentUrl":"https:\/\/miumjau.ee\/wp-content\/uploads\/2022\/04\/MiuMjau-logo-kollane.png","width":219,"height":100,"caption":"MiuMjau O\u00dc"},"image":{"@id":"https:\/\/miumjau.ee\/#\/schema\/logo\/image\/"},"sameAs":["https:\/\/www.facebook.com\/miumjaupood\/"]}]}},"_links":{"self":[{"href":"https:\/\/miumjau.ee\/fi\/wp-json\/wp\/v2\/product\/49353","targetHints":{"allow":["GET"]}}],"collection":[{"href":"https:\/\/miumjau.ee\/fi\/wp-json\/wp\/v2\/product"}],"about":[{"href":"https:\/\/miumjau.ee\/fi\/wp-json\/wp\/v2\/types\/product"}],"wp:featuredmedia":[{"embeddable":true,"href":"https:\/\/miumjau.ee\/fi\/wp-json\/wp\/v2\/media\/36586"}],"wp:attachment":[{"href":"https:\/\/miumjau.ee\/fi\/wp-json\/wp\/v2\/media?parent=49353"}],"wp:term":[{"taxonomy":"product_brand","embeddable":true,"href":"https:\/\/miumjau.ee\/fi\/wp-json\/wp\/v2\/product_brand?post=49353"},{"taxonomy":"product_cat","embeddable":true,"href":"https:\/\/miumjau.ee\/fi\/wp-json\/wp\/v2\/product_cat?post=49353"},{"taxonomy":"product_tag","embeddable":true,"href":"https:\/\/miumjau.ee\/fi\/wp-json\/wp\/v2\/product_tag?post=49353"}],"curies":[{"name":"wp","href":"https:\/\/api.w.org\/{rel}","templated":true}]}}