{"id":49343,"date":"2025-06-18T11:35:21","date_gmt":"2025-06-18T08:35:21","guid":{"rendered":"https:\/\/miumjau.ee\/toode\/bugalugs-korvanpuhdistusliinat-koirille-100-kpl\/"},"modified":"2026-01-07T22:43:02","modified_gmt":"2026-01-07T20:43:02","slug":"bugalugs-korvanpuhdistusliinat-koirille-100-kpl","status":"publish","type":"product","link":"https:\/\/miumjau.ee\/fi\/tuote\/bugalugs-korvanpuhdistusliinat-koirille-100-kpl\/","title":{"rendered":"Bugalugs Korvanpuhdistusliinat Koirille 100 kpl"},"content":{"rendered":"","protected":false},"excerpt":{"rendered":"<p data-start=\"1113\" data-end=\"1451\">Bugalugsin korvanpuhdistusliinat auttavat pit\u00e4m\u00e4\u00e4n koirasi korvat puhtaina ja tervein\u00e4 poistamalla hell\u00e4varaisesti ja tehokkaasti likaa luonnollisen koostumuksensa ansiosta. Esikostutetut liinat ovat 100 % biohajoavia ja turvallisia p\u00e4ivitt\u00e4iseen k\u00e4ytt\u00f6\u00f6n osana hoitorutiinia, auttaen lievitt\u00e4m\u00e4\u00e4n kutinaa ja edist\u00e4m\u00e4\u00e4n korvien terveytt\u00e4.<\/p>\n<p data-start=\"1453\" data-end=\"1882\"><strong data-start=\"1453\" data-end=\"1468\">K\u00e4ytt\u00f6ohje:<\/strong> Nosta koiran korvaa varovasti ja pyyhi hell\u00e4sti korvan ymp\u00e4rist\u00f6 ja sis\u00e4osa. K\u00e4yt\u00e4 uutta liinaa jokaiselle korvalle ja h\u00e4vit\u00e4 liina k\u00e4yt\u00f6n j\u00e4lkeen. Suositellaan k\u00e4ytett\u00e4v\u00e4ksi v\u00e4hint\u00e4\u00e4n kerran viikossa korvien terveyden yll\u00e4pit\u00e4miseksi. V\u00e4lt\u00e4 tuotteen joutumista silmiin. Jos tuotetta joutuu silmiin, huuhtele huolellisesti vedell\u00e4 ja ota yhteys el\u00e4inl\u00e4\u00e4k\u00e4riin, jos \u00e4rsytys jatkuu. S\u00e4ilyt\u00e4 lasten ulottumattomissa.<\/p>\n<p data-start=\"1884\" data-end=\"2055\"><strong data-start=\"1884\" data-end=\"1898\">Ainesosat:<\/strong> Aqua, Glycerin, Decyl Glucoside, Bergamotti Leaf Extract, Lime Fruit Extract, Appelsiini Fruit Extract, Greippi Extract, Sitruuna Fruit Extract, Mandariini.<\/p>\n<p data-start=\"2057\" data-end=\"2091\"><strong data-start=\"2057\" data-end=\"2072\">Valmistaja:<\/strong> Lakeland Cosmetics<\/p>\n","protected":false},"featured_media":36569,"template":"","meta":[],"product_brand":[],"product_cat":[483],"product_tag":[],"class_list":{"0":"post-49343","1":"product","2":"type-product","3":"status-publish","4":"has-post-thumbnail","6":"product_cat-hoitotuotteet-koirille","8":"first","9":"instock","10":"taxable","11":"shipping-taxable","12":"purchasable","13":"product-type-simple"},"yoast_head":"<!-- This site is optimized with the Yoast SEO plugin v27.2 - https:\/\/yoast.com\/product\/yoast-seo-wordpress\/ -->\n<title>Bugalugs Korvanpuhdistusliinat Koirille 100 kpl - MiuMjau<\/title>\n<meta name=\"robots\" content=\"index, follow, max-snippet:-1, max-image-preview:large, max-video-preview:-1\" \/>\n<link rel=\"canonical\" href=\"https:\/\/miumjau.ee\/fi\/tuote\/bugalugs-korvanpuhdistusliinat-koirille-100-kpl\/\" \/>\n<meta property=\"og:locale\" content=\"fi_FI\" \/>\n<meta property=\"og:type\" content=\"article\" \/>\n<meta property=\"og:title\" content=\"Bugalugs Korvanpuhdistusliinat Koirille 100 kpl - MiuMjau\" \/>\n<meta property=\"og:description\" content=\"Bugalugsin korvanpuhdistusliinat auttavat pit\u00e4m\u00e4\u00e4n koirasi korvat puhtaina ja tervein\u00e4 poistamalla hell\u00e4varaisesti ja tehokkaasti likaa luonnollisen koostumuksensa ansiosta. Esikostutetut liinat ovat 100 % biohajoavia ja turvallisia p\u00e4ivitt\u00e4iseen k\u00e4ytt\u00f6\u00f6n osana hoitorutiinia, auttaen lievitt\u00e4m\u00e4\u00e4n kutinaa ja edist\u00e4m\u00e4\u00e4n korvien terveytt\u00e4. K\u00e4ytt\u00f6ohje: Nosta koiran korvaa varovasti ja pyyhi hell\u00e4sti korvan ymp\u00e4rist\u00f6 ja sis\u00e4osa. K\u00e4yt\u00e4 uutta liinaa jokaiselle korvalle ja h\u00e4vit\u00e4 liina k\u00e4yt\u00f6n j\u00e4lkeen. Suositellaan k\u00e4ytett\u00e4v\u00e4ksi v\u00e4hint\u00e4\u00e4n kerran viikossa korvien terveyden yll\u00e4pit\u00e4miseksi. V\u00e4lt\u00e4 tuotteen joutumista silmiin. Jos tuotetta joutuu silmiin, huuhtele huolellisesti vedell\u00e4 ja ota yhteys el\u00e4inl\u00e4\u00e4k\u00e4riin, jos \u00e4rsytys jatkuu. S\u00e4ilyt\u00e4 lasten ulottumattomissa. Ainesosat: Aqua, Glycerin, Decyl Glucoside, Bergamotti Leaf Extract, Lime Fruit Extract, Appelsiini Fruit Extract, Greippi Extract, Sitruuna Fruit Extract, Mandariini. Valmistaja: Lakeland Cosmetics\" \/>\n<meta property=\"og:url\" content=\"https:\/\/miumjau.ee\/fi\/tuote\/bugalugs-korvanpuhdistusliinat-koirille-100-kpl\/\" \/>\n<meta property=\"og:site_name\" content=\"MiuMjau\" \/>\n<meta property=\"article:publisher\" content=\"https:\/\/www.facebook.com\/miumjaupood\/\" \/>\n<meta property=\"article:modified_time\" content=\"2026-01-07T20:43:02+00:00\" \/>\n<meta property=\"og:image\" content=\"https:\/\/miumjau.ee\/wp-content\/uploads\/2025\/06\/bugalugs-korvade-puhastuslapid-100tk2.jpg\" \/>\n\t<meta property=\"og:image:width\" content=\"600\" \/>\n\t<meta property=\"og:image:height\" content=\"800\" \/>\n\t<meta property=\"og:image:type\" content=\"image\/jpeg\" \/>\n<meta name=\"twitter:card\" content=\"summary_large_image\" \/>\n<script type=\"application\/ld+json\" class=\"yoast-schema-graph\">{\"@context\":\"https:\/\/schema.org\",\"@graph\":[{\"@type\":\"WebPage\",\"@id\":\"https:\/\/miumjau.ee\/fi\/tuote\/bugalugs-korvanpuhdistusliinat-koirille-100-kpl\/\",\"url\":\"https:\/\/miumjau.ee\/fi\/tuote\/bugalugs-korvanpuhdistusliinat-koirille-100-kpl\/\",\"name\":\"Bugalugs Korvanpuhdistusliinat Koirille 100 kpl - MiuMjau\",\"isPartOf\":{\"@id\":\"https:\/\/miumjau.ee\/#website\"},\"primaryImageOfPage\":{\"@id\":\"https:\/\/miumjau.ee\/fi\/tuote\/bugalugs-korvanpuhdistusliinat-koirille-100-kpl\/#primaryimage\"},\"image\":{\"@id\":\"https:\/\/miumjau.ee\/fi\/tuote\/bugalugs-korvanpuhdistusliinat-koirille-100-kpl\/#primaryimage\"},\"thumbnailUrl\":\"https:\/\/miumjau.ee\/wp-content\/uploads\/2025\/06\/bugalugs-korvade-puhastuslapid-100tk2.jpg\",\"datePublished\":\"2025-06-18T08:35:21+00:00\",\"dateModified\":\"2026-01-07T20:43:02+00:00\",\"breadcrumb\":{\"@id\":\"https:\/\/miumjau.ee\/fi\/tuote\/bugalugs-korvanpuhdistusliinat-koirille-100-kpl\/#breadcrumb\"},\"inLanguage\":\"fi\",\"potentialAction\":[{\"@type\":\"ReadAction\",\"target\":[\"https:\/\/miumjau.ee\/fi\/tuote\/bugalugs-korvanpuhdistusliinat-koirille-100-kpl\/\"]}]},{\"@type\":\"ImageObject\",\"inLanguage\":\"fi\",\"@id\":\"https:\/\/miumjau.ee\/fi\/tuote\/bugalugs-korvanpuhdistusliinat-koirille-100-kpl\/#primaryimage\",\"url\":\"https:\/\/miumjau.ee\/wp-content\/uploads\/2025\/06\/bugalugs-korvade-puhastuslapid-100tk2.jpg\",\"contentUrl\":\"https:\/\/miumjau.ee\/wp-content\/uploads\/2025\/06\/bugalugs-korvade-puhastuslapid-100tk2.jpg\",\"width\":600,\"height\":800,\"caption\":\"Bugalugs k\u00f5rvapuhastuslapid koertele 100tk\"},{\"@type\":\"BreadcrumbList\",\"@id\":\"https:\/\/miumjau.ee\/fi\/tuote\/bugalugs-korvanpuhdistusliinat-koirille-100-kpl\/#breadcrumb\",\"itemListElement\":[{\"@type\":\"ListItem\",\"position\":1,\"name\":\"Home\",\"item\":\"https:\/\/miumjau.ee\/fi\/\"},{\"@type\":\"ListItem\",\"position\":2,\"name\":\"Kauppa\",\"item\":\"https:\/\/miumjau.ee\/fi\/kauppa\/\"},{\"@type\":\"ListItem\",\"position\":3,\"name\":\"Bugalugs Korvanpuhdistusliinat Koirille 100 kpl\"}]},{\"@type\":\"WebSite\",\"@id\":\"https:\/\/miumjau.ee\/#website\",\"url\":\"https:\/\/miumjau.ee\/\",\"name\":\"MiuMjau\",\"description\":\"Kraapimispuud kassidele\",\"publisher\":{\"@id\":\"https:\/\/miumjau.ee\/#organization\"},\"potentialAction\":[{\"@type\":\"SearchAction\",\"target\":{\"@type\":\"EntryPoint\",\"urlTemplate\":\"https:\/\/miumjau.ee\/?s={search_term_string}\"},\"query-input\":{\"@type\":\"PropertyValueSpecification\",\"valueRequired\":true,\"valueName\":\"search_term_string\"}}],\"inLanguage\":\"fi\"},{\"@type\":\"Organization\",\"@id\":\"https:\/\/miumjau.ee\/#organization\",\"name\":\"MiuMjau O\u00dc\",\"url\":\"https:\/\/miumjau.ee\/\",\"logo\":{\"@type\":\"ImageObject\",\"inLanguage\":\"fi\",\"@id\":\"https:\/\/miumjau.ee\/#\/schema\/logo\/image\/\",\"url\":\"https:\/\/miumjau.ee\/wp-content\/uploads\/2022\/04\/MiuMjau-logo-kollane.png\",\"contentUrl\":\"https:\/\/miumjau.ee\/wp-content\/uploads\/2022\/04\/MiuMjau-logo-kollane.png\",\"width\":219,\"height\":100,\"caption\":\"MiuMjau O\u00dc\"},\"image\":{\"@id\":\"https:\/\/miumjau.ee\/#\/schema\/logo\/image\/\"},\"sameAs\":[\"https:\/\/www.facebook.com\/miumjaupood\/\"]}]}<\/script>\n<!-- \/ Yoast SEO plugin. -->","yoast_head_json":{"title":"Bugalugs Korvanpuhdistusliinat Koirille 100 kpl - MiuMjau","robots":{"index":"index","follow":"follow","max-snippet":"max-snippet:-1","max-image-preview":"max-image-preview:large","max-video-preview":"max-video-preview:-1"},"canonical":"https:\/\/miumjau.ee\/fi\/tuote\/bugalugs-korvanpuhdistusliinat-koirille-100-kpl\/","og_locale":"fi_FI","og_type":"article","og_title":"Bugalugs Korvanpuhdistusliinat Koirille 100 kpl - MiuMjau","og_description":"Bugalugsin korvanpuhdistusliinat auttavat pit\u00e4m\u00e4\u00e4n koirasi korvat puhtaina ja tervein\u00e4 poistamalla hell\u00e4varaisesti ja tehokkaasti likaa luonnollisen koostumuksensa ansiosta. Esikostutetut liinat ovat 100 % biohajoavia ja turvallisia p\u00e4ivitt\u00e4iseen k\u00e4ytt\u00f6\u00f6n osana hoitorutiinia, auttaen lievitt\u00e4m\u00e4\u00e4n kutinaa ja edist\u00e4m\u00e4\u00e4n korvien terveytt\u00e4. K\u00e4ytt\u00f6ohje: Nosta koiran korvaa varovasti ja pyyhi hell\u00e4sti korvan ymp\u00e4rist\u00f6 ja sis\u00e4osa. K\u00e4yt\u00e4 uutta liinaa jokaiselle korvalle ja h\u00e4vit\u00e4 liina k\u00e4yt\u00f6n j\u00e4lkeen. Suositellaan k\u00e4ytett\u00e4v\u00e4ksi v\u00e4hint\u00e4\u00e4n kerran viikossa korvien terveyden yll\u00e4pit\u00e4miseksi. V\u00e4lt\u00e4 tuotteen joutumista silmiin. Jos tuotetta joutuu silmiin, huuhtele huolellisesti vedell\u00e4 ja ota yhteys el\u00e4inl\u00e4\u00e4k\u00e4riin, jos \u00e4rsytys jatkuu. S\u00e4ilyt\u00e4 lasten ulottumattomissa. Ainesosat: Aqua, Glycerin, Decyl Glucoside, Bergamotti Leaf Extract, Lime Fruit Extract, Appelsiini Fruit Extract, Greippi Extract, Sitruuna Fruit Extract, Mandariini. Valmistaja: Lakeland Cosmetics","og_url":"https:\/\/miumjau.ee\/fi\/tuote\/bugalugs-korvanpuhdistusliinat-koirille-100-kpl\/","og_site_name":"MiuMjau","article_publisher":"https:\/\/www.facebook.com\/miumjaupood\/","article_modified_time":"2026-01-07T20:43:02+00:00","og_image":[{"width":600,"height":800,"url":"https:\/\/miumjau.ee\/wp-content\/uploads\/2025\/06\/bugalugs-korvade-puhastuslapid-100tk2.jpg","type":"image\/jpeg"}],"twitter_card":"summary_large_image","schema":{"@context":"https:\/\/schema.org","@graph":[{"@type":"WebPage","@id":"https:\/\/miumjau.ee\/fi\/tuote\/bugalugs-korvanpuhdistusliinat-koirille-100-kpl\/","url":"https:\/\/miumjau.ee\/fi\/tuote\/bugalugs-korvanpuhdistusliinat-koirille-100-kpl\/","name":"Bugalugs Korvanpuhdistusliinat Koirille 100 kpl - MiuMjau","isPartOf":{"@id":"https:\/\/miumjau.ee\/#website"},"primaryImageOfPage":{"@id":"https:\/\/miumjau.ee\/fi\/tuote\/bugalugs-korvanpuhdistusliinat-koirille-100-kpl\/#primaryimage"},"image":{"@id":"https:\/\/miumjau.ee\/fi\/tuote\/bugalugs-korvanpuhdistusliinat-koirille-100-kpl\/#primaryimage"},"thumbnailUrl":"https:\/\/miumjau.ee\/wp-content\/uploads\/2025\/06\/bugalugs-korvade-puhastuslapid-100tk2.jpg","datePublished":"2025-06-18T08:35:21+00:00","dateModified":"2026-01-07T20:43:02+00:00","breadcrumb":{"@id":"https:\/\/miumjau.ee\/fi\/tuote\/bugalugs-korvanpuhdistusliinat-koirille-100-kpl\/#breadcrumb"},"inLanguage":"fi","potentialAction":[{"@type":"ReadAction","target":["https:\/\/miumjau.ee\/fi\/tuote\/bugalugs-korvanpuhdistusliinat-koirille-100-kpl\/"]}]},{"@type":"ImageObject","inLanguage":"fi","@id":"https:\/\/miumjau.ee\/fi\/tuote\/bugalugs-korvanpuhdistusliinat-koirille-100-kpl\/#primaryimage","url":"https:\/\/miumjau.ee\/wp-content\/uploads\/2025\/06\/bugalugs-korvade-puhastuslapid-100tk2.jpg","contentUrl":"https:\/\/miumjau.ee\/wp-content\/uploads\/2025\/06\/bugalugs-korvade-puhastuslapid-100tk2.jpg","width":600,"height":800,"caption":"Bugalugs k\u00f5rvapuhastuslapid koertele 100tk"},{"@type":"BreadcrumbList","@id":"https:\/\/miumjau.ee\/fi\/tuote\/bugalugs-korvanpuhdistusliinat-koirille-100-kpl\/#breadcrumb","itemListElement":[{"@type":"ListItem","position":1,"name":"Home","item":"https:\/\/miumjau.ee\/fi\/"},{"@type":"ListItem","position":2,"name":"Kauppa","item":"https:\/\/miumjau.ee\/fi\/kauppa\/"},{"@type":"ListItem","position":3,"name":"Bugalugs Korvanpuhdistusliinat Koirille 100 kpl"}]},{"@type":"WebSite","@id":"https:\/\/miumjau.ee\/#website","url":"https:\/\/miumjau.ee\/","name":"MiuMjau","description":"Kraapimispuud kassidele","publisher":{"@id":"https:\/\/miumjau.ee\/#organization"},"potentialAction":[{"@type":"SearchAction","target":{"@type":"EntryPoint","urlTemplate":"https:\/\/miumjau.ee\/?s={search_term_string}"},"query-input":{"@type":"PropertyValueSpecification","valueRequired":true,"valueName":"search_term_string"}}],"inLanguage":"fi"},{"@type":"Organization","@id":"https:\/\/miumjau.ee\/#organization","name":"MiuMjau O\u00dc","url":"https:\/\/miumjau.ee\/","logo":{"@type":"ImageObject","inLanguage":"fi","@id":"https:\/\/miumjau.ee\/#\/schema\/logo\/image\/","url":"https:\/\/miumjau.ee\/wp-content\/uploads\/2022\/04\/MiuMjau-logo-kollane.png","contentUrl":"https:\/\/miumjau.ee\/wp-content\/uploads\/2022\/04\/MiuMjau-logo-kollane.png","width":219,"height":100,"caption":"MiuMjau O\u00dc"},"image":{"@id":"https:\/\/miumjau.ee\/#\/schema\/logo\/image\/"},"sameAs":["https:\/\/www.facebook.com\/miumjaupood\/"]}]}},"_links":{"self":[{"href":"https:\/\/miumjau.ee\/fi\/wp-json\/wp\/v2\/product\/49343","targetHints":{"allow":["GET"]}}],"collection":[{"href":"https:\/\/miumjau.ee\/fi\/wp-json\/wp\/v2\/product"}],"about":[{"href":"https:\/\/miumjau.ee\/fi\/wp-json\/wp\/v2\/types\/product"}],"wp:featuredmedia":[{"embeddable":true,"href":"https:\/\/miumjau.ee\/fi\/wp-json\/wp\/v2\/media\/36569"}],"wp:attachment":[{"href":"https:\/\/miumjau.ee\/fi\/wp-json\/wp\/v2\/media?parent=49343"}],"wp:term":[{"taxonomy":"product_brand","embeddable":true,"href":"https:\/\/miumjau.ee\/fi\/wp-json\/wp\/v2\/product_brand?post=49343"},{"taxonomy":"product_cat","embeddable":true,"href":"https:\/\/miumjau.ee\/fi\/wp-json\/wp\/v2\/product_cat?post=49343"},{"taxonomy":"product_tag","embeddable":true,"href":"https:\/\/miumjau.ee\/fi\/wp-json\/wp\/v2\/product_tag?post=49343"}],"curies":[{"name":"wp","href":"https:\/\/api.w.org\/{rel}","templated":true}]}}