{"id":49327,"date":"2025-06-18T12:00:47","date_gmt":"2025-06-18T09:00:47","guid":{"rendered":"https:\/\/miumjau.ee\/toode\/bugalugs-one-in-a-million-takkuja-selvittava-suihke-koirille-200-ml\/"},"modified":"2026-01-07T22:43:02","modified_gmt":"2026-01-07T20:43:02","slug":"bugalugs-one-in-a-million-takkuja-selvittava-suihke-koirille-200-ml","status":"publish","type":"product","link":"https:\/\/miumjau.ee\/fi\/tuote\/bugalugs-one-in-a-million-takkuja-selvittava-suihke-koirille-200-ml\/","title":{"rendered":"Bugalugs One in a Million Takkuja Selvitt\u00e4v\u00e4 Suihke Koirille 200 ml"},"content":{"rendered":"","protected":false},"excerpt":{"rendered":"<p data-start=\"1744\" data-end=\"1970\">Bugalugs-suihke on kehitetty selvitt\u00e4m\u00e4\u00e4n takkuuntuvaa turkkia. Sen tarkoituksena on helpottaa koiran turkin hoitoa ja lis\u00e4t\u00e4 kiiltoa kevyen, hell\u00e4varaisen, kosteuttavan ja ravitsevan koostumuksen sek\u00e4 raikkaan tuoksun avulla.<\/p>\n<p data-start=\"1972\" data-end=\"2209\">Miellytt\u00e4v\u00e4n tuoksuinen, pH-tasapainotettu takkuja selvitt\u00e4v\u00e4 ja hoitava suihke tekee koiran turkista silkkisen ja sile\u00e4n. Luonnollinen koostumus ei sis\u00e4ll\u00e4 alkoholia, parabeeneja, silikoneja, SLES-, SLS-, DEA-yhdisteit\u00e4 eik\u00e4 entsyymej\u00e4.<\/p>\n<p data-start=\"2211\" data-end=\"2436\">Sis\u00e4lt\u00e4\u00e4 vehn\u00e4proteiinia, joka tunkeutuu karvaan ja auttaa korjaamaan, vahvistamaan ja suojaamaan sit\u00e4 sis\u00e4lt\u00e4p\u00e4in. Vehn\u00e4proteiini j\u00e4tt\u00e4\u00e4 turkin eritt\u00e4in sile\u00e4ksi ja muodostaa suojaavan kalvon p\u00e4ivitt\u00e4isi\u00e4 rasituksia vastaan.<\/p>\n<p data-start=\"2438\" data-end=\"2659\">Takkuja ehk\u00e4isev\u00e4 koirasuihke auttaa poistamaan solmut ja takut turkista. S\u00e4\u00e4nn\u00f6llisess\u00e4 k\u00e4yt\u00f6ss\u00e4 se voi my\u00f6s ehk\u00e4ist\u00e4 uusien takkujen muodostumista. Sopii kaikille roduille ja voidaan k\u00e4ytt\u00e4\u00e4 my\u00f6s kissoille ja hevosille.<\/p>\n<p data-start=\"2661\" data-end=\"2975\"><strong data-start=\"2661\" data-end=\"2676\">K\u00e4ytt\u00f6ohje:<\/strong><br data-start=\"2676\" data-end=\"2679\" \/><em data-start=\"2679\" data-end=\"2694\">Kostea turkki<\/em> \u2013 Shampook\u00e4sittelyn j\u00e4lkeen suihkuta koiran turkkiin, v\u00e4lt\u00e4 silmi\u00e4, kuonoa ja korvia. Selvit\u00e4 takut varovasti rodulle sopivalla harjalla. Ei vaadi huuhtelua.<br data-start=\"2852\" data-end=\"2855\" \/><em data-start=\"2855\" data-end=\"2869\">Kuiva turkki<\/em> \u2013 Suihkuta suoraan kuivalle turkille. Selvit\u00e4 solmut ja takut tyvest\u00e4 latvaan edeten. Ei vaadi huuhtelua.<\/p>\n<p data-start=\"2977\" data-end=\"3259\"><strong data-start=\"2977\" data-end=\"2991\">Ainesosat:<\/strong> Aqua, Polysorbate 20, Phenoxyethanol, Hydrolyzed Wheat Protein, Parfum, Tetrimonium Chloride, Tetrasodium Glutamate Diacetate, Ethylhexylglycerin, Citronellol, Citric Acid, Sodium Benzoate, Alpha-Isomethyl Ionone, Coumarin, Linalool, Hexyl Cinnamal, Benzyl Cinnamate.<\/p>\n<p data-start=\"3261\" data-end=\"3295\"><strong data-start=\"3261\" data-end=\"3276\">Valmistaja:<\/strong> Lakeland Cosmetics<\/p>\n","protected":false},"featured_media":36591,"template":"","meta":[],"product_brand":[],"product_cat":[483],"product_tag":[],"class_list":{"0":"post-49327","1":"product","2":"type-product","3":"status-publish","4":"has-post-thumbnail","6":"product_cat-hoitotuotteet-koirille","8":"first","9":"instock","10":"taxable","11":"shipping-taxable","12":"purchasable","13":"product-type-simple"},"yoast_head":"<!-- This site is optimized with the Yoast SEO plugin v27.2 - https:\/\/yoast.com\/product\/yoast-seo-wordpress\/ -->\n<title>Bugalugs One in a Million Takkuja Selvitt\u00e4v\u00e4 Suihke Koirille 200 ml - MiuMjau<\/title>\n<meta name=\"robots\" content=\"index, follow, max-snippet:-1, max-image-preview:large, max-video-preview:-1\" \/>\n<link rel=\"canonical\" href=\"https:\/\/miumjau.ee\/fi\/tuote\/bugalugs-one-in-a-million-takkuja-selvittava-suihke-koirille-200-ml\/\" \/>\n<meta property=\"og:locale\" content=\"fi_FI\" \/>\n<meta property=\"og:type\" content=\"article\" \/>\n<meta property=\"og:title\" content=\"Bugalugs One in a Million Takkuja Selvitt\u00e4v\u00e4 Suihke Koirille 200 ml - MiuMjau\" \/>\n<meta property=\"og:description\" content=\"Bugalugs-suihke on kehitetty selvitt\u00e4m\u00e4\u00e4n takkuuntuvaa turkkia. Sen tarkoituksena on helpottaa koiran turkin hoitoa ja lis\u00e4t\u00e4 kiiltoa kevyen, hell\u00e4varaisen, kosteuttavan ja ravitsevan koostumuksen sek\u00e4 raikkaan tuoksun avulla. Miellytt\u00e4v\u00e4n tuoksuinen, pH-tasapainotettu takkuja selvitt\u00e4v\u00e4 ja hoitava suihke tekee koiran turkista silkkisen ja sile\u00e4n. Luonnollinen koostumus ei sis\u00e4ll\u00e4 alkoholia, parabeeneja, silikoneja, SLES-, SLS-, DEA-yhdisteit\u00e4 eik\u00e4 entsyymej\u00e4. Sis\u00e4lt\u00e4\u00e4 vehn\u00e4proteiinia, joka tunkeutuu karvaan ja auttaa korjaamaan, vahvistamaan ja suojaamaan sit\u00e4 sis\u00e4lt\u00e4p\u00e4in. Vehn\u00e4proteiini j\u00e4tt\u00e4\u00e4 turkin eritt\u00e4in sile\u00e4ksi ja muodostaa suojaavan kalvon p\u00e4ivitt\u00e4isi\u00e4 rasituksia vastaan. Takkuja ehk\u00e4isev\u00e4 koirasuihke auttaa poistamaan solmut ja takut turkista. S\u00e4\u00e4nn\u00f6llisess\u00e4 k\u00e4yt\u00f6ss\u00e4 se voi my\u00f6s ehk\u00e4ist\u00e4 uusien takkujen muodostumista. Sopii kaikille roduille ja voidaan k\u00e4ytt\u00e4\u00e4 my\u00f6s kissoille ja hevosille. K\u00e4ytt\u00f6ohje:Kostea turkki \u2013 Shampook\u00e4sittelyn j\u00e4lkeen suihkuta koiran turkkiin, v\u00e4lt\u00e4 silmi\u00e4, kuonoa ja korvia. Selvit\u00e4 takut varovasti rodulle sopivalla harjalla. Ei vaadi huuhtelua.Kuiva turkki \u2013 Suihkuta suoraan kuivalle turkille. Selvit\u00e4 solmut ja takut tyvest\u00e4 latvaan edeten. Ei vaadi huuhtelua. Ainesosat: Aqua, Polysorbate 20, Phenoxyethanol, Hydrolyzed Wheat Protein, Parfum, Tetrimonium Chloride, Tetrasodium Glutamate Diacetate, Ethylhexylglycerin, Citronellol, Citric Acid, Sodium Benzoate, Alpha-Isomethyl Ionone, Coumarin, Linalool, Hexyl Cinnamal, Benzyl Cinnamate. Valmistaja: Lakeland Cosmetics\" \/>\n<meta property=\"og:url\" content=\"https:\/\/miumjau.ee\/fi\/tuote\/bugalugs-one-in-a-million-takkuja-selvittava-suihke-koirille-200-ml\/\" \/>\n<meta property=\"og:site_name\" content=\"MiuMjau\" \/>\n<meta property=\"article:publisher\" content=\"https:\/\/www.facebook.com\/miumjaupood\/\" \/>\n<meta property=\"article:modified_time\" content=\"2026-01-07T20:43:02+00:00\" \/>\n<meta property=\"og:image\" content=\"https:\/\/miumjau.ee\/wp-content\/uploads\/2025\/06\/bugalugs-pusasprei-oneinamillion.jpg\" \/>\n\t<meta property=\"og:image:width\" content=\"600\" \/>\n\t<meta property=\"og:image:height\" content=\"800\" \/>\n\t<meta property=\"og:image:type\" content=\"image\/jpeg\" \/>\n<meta name=\"twitter:card\" content=\"summary_large_image\" \/>\n<script type=\"application\/ld+json\" class=\"yoast-schema-graph\">{\"@context\":\"https:\/\/schema.org\",\"@graph\":[{\"@type\":\"WebPage\",\"@id\":\"https:\/\/miumjau.ee\/fi\/tuote\/bugalugs-one-in-a-million-takkuja-selvittava-suihke-koirille-200-ml\/\",\"url\":\"https:\/\/miumjau.ee\/fi\/tuote\/bugalugs-one-in-a-million-takkuja-selvittava-suihke-koirille-200-ml\/\",\"name\":\"Bugalugs One in a Million Takkuja Selvitt\u00e4v\u00e4 Suihke Koirille 200 ml - MiuMjau\",\"isPartOf\":{\"@id\":\"https:\/\/miumjau.ee\/#website\"},\"primaryImageOfPage\":{\"@id\":\"https:\/\/miumjau.ee\/fi\/tuote\/bugalugs-one-in-a-million-takkuja-selvittava-suihke-koirille-200-ml\/#primaryimage\"},\"image\":{\"@id\":\"https:\/\/miumjau.ee\/fi\/tuote\/bugalugs-one-in-a-million-takkuja-selvittava-suihke-koirille-200-ml\/#primaryimage\"},\"thumbnailUrl\":\"https:\/\/miumjau.ee\/wp-content\/uploads\/2025\/06\/bugalugs-pusasprei-oneinamillion.jpg\",\"datePublished\":\"2025-06-18T09:00:47+00:00\",\"dateModified\":\"2026-01-07T20:43:02+00:00\",\"breadcrumb\":{\"@id\":\"https:\/\/miumjau.ee\/fi\/tuote\/bugalugs-one-in-a-million-takkuja-selvittava-suihke-koirille-200-ml\/#breadcrumb\"},\"inLanguage\":\"fi\",\"potentialAction\":[{\"@type\":\"ReadAction\",\"target\":[\"https:\/\/miumjau.ee\/fi\/tuote\/bugalugs-one-in-a-million-takkuja-selvittava-suihke-koirille-200-ml\/\"]}]},{\"@type\":\"ImageObject\",\"inLanguage\":\"fi\",\"@id\":\"https:\/\/miumjau.ee\/fi\/tuote\/bugalugs-one-in-a-million-takkuja-selvittava-suihke-koirille-200-ml\/#primaryimage\",\"url\":\"https:\/\/miumjau.ee\/wp-content\/uploads\/2025\/06\/bugalugs-pusasprei-oneinamillion.jpg\",\"contentUrl\":\"https:\/\/miumjau.ee\/wp-content\/uploads\/2025\/06\/bugalugs-pusasprei-oneinamillion.jpg\",\"width\":600,\"height\":800,\"caption\":\"Bugalugs pusasprei koertele One in a Million 200ml\"},{\"@type\":\"BreadcrumbList\",\"@id\":\"https:\/\/miumjau.ee\/fi\/tuote\/bugalugs-one-in-a-million-takkuja-selvittava-suihke-koirille-200-ml\/#breadcrumb\",\"itemListElement\":[{\"@type\":\"ListItem\",\"position\":1,\"name\":\"Home\",\"item\":\"https:\/\/miumjau.ee\/fi\/\"},{\"@type\":\"ListItem\",\"position\":2,\"name\":\"Kauppa\",\"item\":\"https:\/\/miumjau.ee\/fi\/kauppa\/\"},{\"@type\":\"ListItem\",\"position\":3,\"name\":\"Bugalugs One in a Million Takkuja Selvitt\u00e4v\u00e4 Suihke Koirille 200 ml\"}]},{\"@type\":\"WebSite\",\"@id\":\"https:\/\/miumjau.ee\/#website\",\"url\":\"https:\/\/miumjau.ee\/\",\"name\":\"MiuMjau\",\"description\":\"Kraapimispuud kassidele\",\"publisher\":{\"@id\":\"https:\/\/miumjau.ee\/#organization\"},\"potentialAction\":[{\"@type\":\"SearchAction\",\"target\":{\"@type\":\"EntryPoint\",\"urlTemplate\":\"https:\/\/miumjau.ee\/?s={search_term_string}\"},\"query-input\":{\"@type\":\"PropertyValueSpecification\",\"valueRequired\":true,\"valueName\":\"search_term_string\"}}],\"inLanguage\":\"fi\"},{\"@type\":\"Organization\",\"@id\":\"https:\/\/miumjau.ee\/#organization\",\"name\":\"MiuMjau O\u00dc\",\"url\":\"https:\/\/miumjau.ee\/\",\"logo\":{\"@type\":\"ImageObject\",\"inLanguage\":\"fi\",\"@id\":\"https:\/\/miumjau.ee\/#\/schema\/logo\/image\/\",\"url\":\"https:\/\/miumjau.ee\/wp-content\/uploads\/2022\/04\/MiuMjau-logo-kollane.png\",\"contentUrl\":\"https:\/\/miumjau.ee\/wp-content\/uploads\/2022\/04\/MiuMjau-logo-kollane.png\",\"width\":219,\"height\":100,\"caption\":\"MiuMjau O\u00dc\"},\"image\":{\"@id\":\"https:\/\/miumjau.ee\/#\/schema\/logo\/image\/\"},\"sameAs\":[\"https:\/\/www.facebook.com\/miumjaupood\/\"]}]}<\/script>\n<!-- \/ Yoast SEO plugin. -->","yoast_head_json":{"title":"Bugalugs One in a Million Takkuja Selvitt\u00e4v\u00e4 Suihke Koirille 200 ml - MiuMjau","robots":{"index":"index","follow":"follow","max-snippet":"max-snippet:-1","max-image-preview":"max-image-preview:large","max-video-preview":"max-video-preview:-1"},"canonical":"https:\/\/miumjau.ee\/fi\/tuote\/bugalugs-one-in-a-million-takkuja-selvittava-suihke-koirille-200-ml\/","og_locale":"fi_FI","og_type":"article","og_title":"Bugalugs One in a Million Takkuja Selvitt\u00e4v\u00e4 Suihke Koirille 200 ml - MiuMjau","og_description":"Bugalugs-suihke on kehitetty selvitt\u00e4m\u00e4\u00e4n takkuuntuvaa turkkia. Sen tarkoituksena on helpottaa koiran turkin hoitoa ja lis\u00e4t\u00e4 kiiltoa kevyen, hell\u00e4varaisen, kosteuttavan ja ravitsevan koostumuksen sek\u00e4 raikkaan tuoksun avulla. Miellytt\u00e4v\u00e4n tuoksuinen, pH-tasapainotettu takkuja selvitt\u00e4v\u00e4 ja hoitava suihke tekee koiran turkista silkkisen ja sile\u00e4n. Luonnollinen koostumus ei sis\u00e4ll\u00e4 alkoholia, parabeeneja, silikoneja, SLES-, SLS-, DEA-yhdisteit\u00e4 eik\u00e4 entsyymej\u00e4. Sis\u00e4lt\u00e4\u00e4 vehn\u00e4proteiinia, joka tunkeutuu karvaan ja auttaa korjaamaan, vahvistamaan ja suojaamaan sit\u00e4 sis\u00e4lt\u00e4p\u00e4in. Vehn\u00e4proteiini j\u00e4tt\u00e4\u00e4 turkin eritt\u00e4in sile\u00e4ksi ja muodostaa suojaavan kalvon p\u00e4ivitt\u00e4isi\u00e4 rasituksia vastaan. Takkuja ehk\u00e4isev\u00e4 koirasuihke auttaa poistamaan solmut ja takut turkista. S\u00e4\u00e4nn\u00f6llisess\u00e4 k\u00e4yt\u00f6ss\u00e4 se voi my\u00f6s ehk\u00e4ist\u00e4 uusien takkujen muodostumista. Sopii kaikille roduille ja voidaan k\u00e4ytt\u00e4\u00e4 my\u00f6s kissoille ja hevosille. K\u00e4ytt\u00f6ohje:Kostea turkki \u2013 Shampook\u00e4sittelyn j\u00e4lkeen suihkuta koiran turkkiin, v\u00e4lt\u00e4 silmi\u00e4, kuonoa ja korvia. Selvit\u00e4 takut varovasti rodulle sopivalla harjalla. Ei vaadi huuhtelua.Kuiva turkki \u2013 Suihkuta suoraan kuivalle turkille. Selvit\u00e4 solmut ja takut tyvest\u00e4 latvaan edeten. Ei vaadi huuhtelua. Ainesosat: Aqua, Polysorbate 20, Phenoxyethanol, Hydrolyzed Wheat Protein, Parfum, Tetrimonium Chloride, Tetrasodium Glutamate Diacetate, Ethylhexylglycerin, Citronellol, Citric Acid, Sodium Benzoate, Alpha-Isomethyl Ionone, Coumarin, Linalool, Hexyl Cinnamal, Benzyl Cinnamate. Valmistaja: Lakeland Cosmetics","og_url":"https:\/\/miumjau.ee\/fi\/tuote\/bugalugs-one-in-a-million-takkuja-selvittava-suihke-koirille-200-ml\/","og_site_name":"MiuMjau","article_publisher":"https:\/\/www.facebook.com\/miumjaupood\/","article_modified_time":"2026-01-07T20:43:02+00:00","og_image":[{"width":600,"height":800,"url":"https:\/\/miumjau.ee\/wp-content\/uploads\/2025\/06\/bugalugs-pusasprei-oneinamillion.jpg","type":"image\/jpeg"}],"twitter_card":"summary_large_image","schema":{"@context":"https:\/\/schema.org","@graph":[{"@type":"WebPage","@id":"https:\/\/miumjau.ee\/fi\/tuote\/bugalugs-one-in-a-million-takkuja-selvittava-suihke-koirille-200-ml\/","url":"https:\/\/miumjau.ee\/fi\/tuote\/bugalugs-one-in-a-million-takkuja-selvittava-suihke-koirille-200-ml\/","name":"Bugalugs One in a Million Takkuja Selvitt\u00e4v\u00e4 Suihke Koirille 200 ml - MiuMjau","isPartOf":{"@id":"https:\/\/miumjau.ee\/#website"},"primaryImageOfPage":{"@id":"https:\/\/miumjau.ee\/fi\/tuote\/bugalugs-one-in-a-million-takkuja-selvittava-suihke-koirille-200-ml\/#primaryimage"},"image":{"@id":"https:\/\/miumjau.ee\/fi\/tuote\/bugalugs-one-in-a-million-takkuja-selvittava-suihke-koirille-200-ml\/#primaryimage"},"thumbnailUrl":"https:\/\/miumjau.ee\/wp-content\/uploads\/2025\/06\/bugalugs-pusasprei-oneinamillion.jpg","datePublished":"2025-06-18T09:00:47+00:00","dateModified":"2026-01-07T20:43:02+00:00","breadcrumb":{"@id":"https:\/\/miumjau.ee\/fi\/tuote\/bugalugs-one-in-a-million-takkuja-selvittava-suihke-koirille-200-ml\/#breadcrumb"},"inLanguage":"fi","potentialAction":[{"@type":"ReadAction","target":["https:\/\/miumjau.ee\/fi\/tuote\/bugalugs-one-in-a-million-takkuja-selvittava-suihke-koirille-200-ml\/"]}]},{"@type":"ImageObject","inLanguage":"fi","@id":"https:\/\/miumjau.ee\/fi\/tuote\/bugalugs-one-in-a-million-takkuja-selvittava-suihke-koirille-200-ml\/#primaryimage","url":"https:\/\/miumjau.ee\/wp-content\/uploads\/2025\/06\/bugalugs-pusasprei-oneinamillion.jpg","contentUrl":"https:\/\/miumjau.ee\/wp-content\/uploads\/2025\/06\/bugalugs-pusasprei-oneinamillion.jpg","width":600,"height":800,"caption":"Bugalugs pusasprei koertele One in a Million 200ml"},{"@type":"BreadcrumbList","@id":"https:\/\/miumjau.ee\/fi\/tuote\/bugalugs-one-in-a-million-takkuja-selvittava-suihke-koirille-200-ml\/#breadcrumb","itemListElement":[{"@type":"ListItem","position":1,"name":"Home","item":"https:\/\/miumjau.ee\/fi\/"},{"@type":"ListItem","position":2,"name":"Kauppa","item":"https:\/\/miumjau.ee\/fi\/kauppa\/"},{"@type":"ListItem","position":3,"name":"Bugalugs One in a Million Takkuja Selvitt\u00e4v\u00e4 Suihke Koirille 200 ml"}]},{"@type":"WebSite","@id":"https:\/\/miumjau.ee\/#website","url":"https:\/\/miumjau.ee\/","name":"MiuMjau","description":"Kraapimispuud kassidele","publisher":{"@id":"https:\/\/miumjau.ee\/#organization"},"potentialAction":[{"@type":"SearchAction","target":{"@type":"EntryPoint","urlTemplate":"https:\/\/miumjau.ee\/?s={search_term_string}"},"query-input":{"@type":"PropertyValueSpecification","valueRequired":true,"valueName":"search_term_string"}}],"inLanguage":"fi"},{"@type":"Organization","@id":"https:\/\/miumjau.ee\/#organization","name":"MiuMjau O\u00dc","url":"https:\/\/miumjau.ee\/","logo":{"@type":"ImageObject","inLanguage":"fi","@id":"https:\/\/miumjau.ee\/#\/schema\/logo\/image\/","url":"https:\/\/miumjau.ee\/wp-content\/uploads\/2022\/04\/MiuMjau-logo-kollane.png","contentUrl":"https:\/\/miumjau.ee\/wp-content\/uploads\/2022\/04\/MiuMjau-logo-kollane.png","width":219,"height":100,"caption":"MiuMjau O\u00dc"},"image":{"@id":"https:\/\/miumjau.ee\/#\/schema\/logo\/image\/"},"sameAs":["https:\/\/www.facebook.com\/miumjaupood\/"]}]}},"_links":{"self":[{"href":"https:\/\/miumjau.ee\/fi\/wp-json\/wp\/v2\/product\/49327","targetHints":{"allow":["GET"]}}],"collection":[{"href":"https:\/\/miumjau.ee\/fi\/wp-json\/wp\/v2\/product"}],"about":[{"href":"https:\/\/miumjau.ee\/fi\/wp-json\/wp\/v2\/types\/product"}],"wp:featuredmedia":[{"embeddable":true,"href":"https:\/\/miumjau.ee\/fi\/wp-json\/wp\/v2\/media\/36591"}],"wp:attachment":[{"href":"https:\/\/miumjau.ee\/fi\/wp-json\/wp\/v2\/media?parent=49327"}],"wp:term":[{"taxonomy":"product_brand","embeddable":true,"href":"https:\/\/miumjau.ee\/fi\/wp-json\/wp\/v2\/product_brand?post=49327"},{"taxonomy":"product_cat","embeddable":true,"href":"https:\/\/miumjau.ee\/fi\/wp-json\/wp\/v2\/product_cat?post=49327"},{"taxonomy":"product_tag","embeddable":true,"href":"https:\/\/miumjau.ee\/fi\/wp-json\/wp\/v2\/product_tag?post=49327"}],"curies":[{"name":"wp","href":"https:\/\/api.w.org\/{rel}","templated":true}]}}