{"id":49323,"date":"2025-06-18T17:30:12","date_gmt":"2025-06-18T14:30:12","guid":{"rendered":"https:\/\/miumjau.ee\/toode\/bugalugs-tea-tree-kaura-tuoksuinen-shampoo-medi-fresh\/"},"modified":"2026-01-07T22:43:02","modified_gmt":"2026-01-07T20:43:02","slug":"bugalugs-tea-tree-kaura-tuoksuinen-shampoo-medi-fresh","status":"publish","type":"product","link":"https:\/\/miumjau.ee\/fi\/tuote\/bugalugs-tea-tree-kaura-tuoksuinen-shampoo-medi-fresh\/","title":{"rendered":"Bugalugs Tea Tree &#038; Kaura -tuoksuinen Shampoo Medi Fresh"},"content":{"rendered":"","protected":false},"excerpt":{"rendered":"<p data-start=\"1782\" data-end=\"2159\">Hell\u00e4varainen, pH-tasapainotettu koiran shampoo, joka sis\u00e4lt\u00e4\u00e4 luonnollisia eteerisi\u00e4 \u00f6ljyj\u00e4. Se rauhoittaa stressaantunutta ihoa ja auttaa parantamaan koiran turkin kuntoa. Viilent\u00e4v\u00e4 teepuu, aloe vera, kolloidinen kaurajauho ja muut eteeriset \u00f6ljyt rauhoittavat ja rentouttavat v\u00e4syneit\u00e4 ja j\u00e4nnittyneit\u00e4 lihaksia. Shampoo auttaa my\u00f6s puhdistamaan pieni\u00e4 haavoja ja naarmuja.<\/p>\n<p data-start=\"2161\" data-end=\"2410\">Parabeeniton shampoo, joka on valmistettu puhtaasta Lake Districtin vedest\u00e4, poistaa lian ja rasvan, j\u00e4tt\u00e4en turkin pehme\u00e4ksi, kiilt\u00e4v\u00e4ksi ja miellytt\u00e4v\u00e4n tuoksuiseksi pitk\u00e4ksi aikaa. Sopii koirille 8 viikon i\u00e4st\u00e4 alkaen ja kaikille turkkityypeille.<\/p>\n<p data-start=\"2412\" data-end=\"2691\"><strong data-start=\"2412\" data-end=\"2427\">K\u00e4ytt\u00f6ohje:<\/strong> Kastele koiran turkki l\u00e4mpim\u00e4ll\u00e4 vedell\u00e4. Voidaan laimentaa suhteessa 10:1. Levit\u00e4 shampoo turkkiin, vaahdota ja huuhtele huolellisesti. Kuivaa lopuksi. V\u00e4lt\u00e4 tuotteen joutumista silmiin \u2013 jos n\u00e4in k\u00e4y, huuhtele runsaalla vedell\u00e4. S\u00e4ilyt\u00e4 lasten ulottumattomissa.<\/p>\n<p data-start=\"2693\" data-end=\"3330\"><strong data-start=\"2693\" data-end=\"2707\">Ainesosat:<\/strong> Aqua, Sodium Laureth Sulfate, Glycerin, Cocamidopropyl Betaine, Coco-Glucoside, Glyceryl Oleate, Parfum, Polyglyceryl-2 Caprate, Tea Tree Leaf Oil, Aloe Vera Leaf Juice, Avena Sativa (Kaura) Kernel Flour, Lemon Peel Oil, Citronella Oil, Cedarwood Oil, Peppermint Leaf Oil, Basil Oil, Pelargonium Graveolens Extract, Rosemary Leaf Oil, Thyme Leaf Oil, Pine Oil, Glycol Distearate, Sodium Chloride, Benzophenone-4, Sodium Hydroxide, Citric Acid, Laureth-4, Limonene, Lactic Acid, Hydrogenated Palm Glycerides Citrate, Polysorbate 20, Tocopherol, Phenoxyethanol, Sodium Benzoate, Benzyl Alcohol, CI 19140, CI 17200, CI 14700.<\/p>\n<p data-start=\"3332\" data-end=\"3435\"><strong data-start=\"3332\" data-end=\"3345\">Tilavuus:<\/strong> 500 ml<br data-start=\"3352\" data-end=\"3355\" \/><strong data-start=\"3355\" data-end=\"3373\">Parasta ennen:<\/strong> 12 kuukautta avaamisesta<br data-start=\"3398\" data-end=\"3401\" \/><strong data-start=\"3401\" data-end=\"3416\">Valmistaja:<\/strong> Lakeland Cosmetics<\/p>\n","protected":false},"featured_media":36617,"template":"","meta":[],"product_brand":[],"product_cat":[483],"product_tag":[],"class_list":{"0":"post-49323","1":"product","2":"type-product","3":"status-publish","4":"has-post-thumbnail","6":"product_cat-hoitotuotteet-koirille","8":"first","9":"instock","10":"taxable","11":"shipping-taxable","12":"purchasable","13":"product-type-simple"},"yoast_head":"<!-- This site is optimized with the Yoast SEO plugin v27.2 - https:\/\/yoast.com\/product\/yoast-seo-wordpress\/ -->\n<title>Bugalugs Tea Tree &amp; Kaura -tuoksuinen Shampoo Medi Fresh - MiuMjau<\/title>\n<meta name=\"robots\" content=\"index, follow, max-snippet:-1, max-image-preview:large, max-video-preview:-1\" \/>\n<link rel=\"canonical\" href=\"https:\/\/miumjau.ee\/fi\/tuote\/bugalugs-tea-tree-kaura-tuoksuinen-shampoo-medi-fresh\/\" \/>\n<meta property=\"og:locale\" content=\"fi_FI\" \/>\n<meta property=\"og:type\" content=\"article\" \/>\n<meta property=\"og:title\" content=\"Bugalugs Tea Tree &amp; Kaura -tuoksuinen Shampoo Medi Fresh - MiuMjau\" \/>\n<meta property=\"og:description\" content=\"Hell\u00e4varainen, pH-tasapainotettu koiran shampoo, joka sis\u00e4lt\u00e4\u00e4 luonnollisia eteerisi\u00e4 \u00f6ljyj\u00e4. Se rauhoittaa stressaantunutta ihoa ja auttaa parantamaan koiran turkin kuntoa. Viilent\u00e4v\u00e4 teepuu, aloe vera, kolloidinen kaurajauho ja muut eteeriset \u00f6ljyt rauhoittavat ja rentouttavat v\u00e4syneit\u00e4 ja j\u00e4nnittyneit\u00e4 lihaksia. Shampoo auttaa my\u00f6s puhdistamaan pieni\u00e4 haavoja ja naarmuja. Parabeeniton shampoo, joka on valmistettu puhtaasta Lake Districtin vedest\u00e4, poistaa lian ja rasvan, j\u00e4tt\u00e4en turkin pehme\u00e4ksi, kiilt\u00e4v\u00e4ksi ja miellytt\u00e4v\u00e4n tuoksuiseksi pitk\u00e4ksi aikaa. Sopii koirille 8 viikon i\u00e4st\u00e4 alkaen ja kaikille turkkityypeille. K\u00e4ytt\u00f6ohje: Kastele koiran turkki l\u00e4mpim\u00e4ll\u00e4 vedell\u00e4. Voidaan laimentaa suhteessa 10:1. Levit\u00e4 shampoo turkkiin, vaahdota ja huuhtele huolellisesti. Kuivaa lopuksi. V\u00e4lt\u00e4 tuotteen joutumista silmiin \u2013 jos n\u00e4in k\u00e4y, huuhtele runsaalla vedell\u00e4. S\u00e4ilyt\u00e4 lasten ulottumattomissa. Ainesosat: Aqua, Sodium Laureth Sulfate, Glycerin, Cocamidopropyl Betaine, Coco-Glucoside, Glyceryl Oleate, Parfum, Polyglyceryl-2 Caprate, Tea Tree Leaf Oil, Aloe Vera Leaf Juice, Avena Sativa (Kaura) Kernel Flour, Lemon Peel Oil, Citronella Oil, Cedarwood Oil, Peppermint Leaf Oil, Basil Oil, Pelargonium Graveolens Extract, Rosemary Leaf Oil, Thyme Leaf Oil, Pine Oil, Glycol Distearate, Sodium Chloride, Benzophenone-4, Sodium Hydroxide, Citric Acid, Laureth-4, Limonene, Lactic Acid, Hydrogenated Palm Glycerides Citrate, Polysorbate 20, Tocopherol, Phenoxyethanol, Sodium Benzoate, Benzyl Alcohol, CI 19140, CI 17200, CI 14700. Tilavuus: 500 mlParasta ennen: 12 kuukautta avaamisestaValmistaja: Lakeland Cosmetics\" \/>\n<meta property=\"og:url\" content=\"https:\/\/miumjau.ee\/fi\/tuote\/bugalugs-tea-tree-kaura-tuoksuinen-shampoo-medi-fresh\/\" \/>\n<meta property=\"og:site_name\" content=\"MiuMjau\" \/>\n<meta property=\"article:publisher\" content=\"https:\/\/www.facebook.com\/miumjaupood\/\" \/>\n<meta property=\"article:modified_time\" content=\"2026-01-07T20:43:02+00:00\" \/>\n<meta property=\"og:image\" content=\"https:\/\/miumjau.ee\/wp-content\/uploads\/2025\/06\/bugalugs-sampoon-koertele-medifresh5.webp\" \/>\n\t<meta property=\"og:image:width\" content=\"600\" \/>\n\t<meta property=\"og:image:height\" content=\"800\" \/>\n\t<meta property=\"og:image:type\" content=\"image\/webp\" \/>\n<meta name=\"twitter:card\" content=\"summary_large_image\" \/>\n<script type=\"application\/ld+json\" class=\"yoast-schema-graph\">{\"@context\":\"https:\/\/schema.org\",\"@graph\":[{\"@type\":\"WebPage\",\"@id\":\"https:\/\/miumjau.ee\/fi\/tuote\/bugalugs-tea-tree-kaura-tuoksuinen-shampoo-medi-fresh\/\",\"url\":\"https:\/\/miumjau.ee\/fi\/tuote\/bugalugs-tea-tree-kaura-tuoksuinen-shampoo-medi-fresh\/\",\"name\":\"Bugalugs Tea Tree & Kaura -tuoksuinen Shampoo Medi Fresh - MiuMjau\",\"isPartOf\":{\"@id\":\"https:\/\/miumjau.ee\/#website\"},\"primaryImageOfPage\":{\"@id\":\"https:\/\/miumjau.ee\/fi\/tuote\/bugalugs-tea-tree-kaura-tuoksuinen-shampoo-medi-fresh\/#primaryimage\"},\"image\":{\"@id\":\"https:\/\/miumjau.ee\/fi\/tuote\/bugalugs-tea-tree-kaura-tuoksuinen-shampoo-medi-fresh\/#primaryimage\"},\"thumbnailUrl\":\"https:\/\/miumjau.ee\/wp-content\/uploads\/2025\/06\/bugalugs-sampoon-koertele-medifresh5.webp\",\"datePublished\":\"2025-06-18T14:30:12+00:00\",\"dateModified\":\"2026-01-07T20:43:02+00:00\",\"breadcrumb\":{\"@id\":\"https:\/\/miumjau.ee\/fi\/tuote\/bugalugs-tea-tree-kaura-tuoksuinen-shampoo-medi-fresh\/#breadcrumb\"},\"inLanguage\":\"fi\",\"potentialAction\":[{\"@type\":\"ReadAction\",\"target\":[\"https:\/\/miumjau.ee\/fi\/tuote\/bugalugs-tea-tree-kaura-tuoksuinen-shampoo-medi-fresh\/\"]}]},{\"@type\":\"ImageObject\",\"inLanguage\":\"fi\",\"@id\":\"https:\/\/miumjau.ee\/fi\/tuote\/bugalugs-tea-tree-kaura-tuoksuinen-shampoo-medi-fresh\/#primaryimage\",\"url\":\"https:\/\/miumjau.ee\/wp-content\/uploads\/2025\/06\/bugalugs-sampoon-koertele-medifresh5.webp\",\"contentUrl\":\"https:\/\/miumjau.ee\/wp-content\/uploads\/2025\/06\/bugalugs-sampoon-koertele-medifresh5.webp\",\"width\":600,\"height\":800,\"caption\":\"Bugalugs teepuu ja kaerahelveste l\u00f5hnaline \u0161ampoon Medi Fresh\"},{\"@type\":\"BreadcrumbList\",\"@id\":\"https:\/\/miumjau.ee\/fi\/tuote\/bugalugs-tea-tree-kaura-tuoksuinen-shampoo-medi-fresh\/#breadcrumb\",\"itemListElement\":[{\"@type\":\"ListItem\",\"position\":1,\"name\":\"Home\",\"item\":\"https:\/\/miumjau.ee\/fi\/\"},{\"@type\":\"ListItem\",\"position\":2,\"name\":\"Kauppa\",\"item\":\"https:\/\/miumjau.ee\/fi\/kauppa\/\"},{\"@type\":\"ListItem\",\"position\":3,\"name\":\"Bugalugs Tea Tree &#038; Kaura -tuoksuinen Shampoo Medi Fresh\"}]},{\"@type\":\"WebSite\",\"@id\":\"https:\/\/miumjau.ee\/#website\",\"url\":\"https:\/\/miumjau.ee\/\",\"name\":\"MiuMjau\",\"description\":\"Kraapimispuud kassidele\",\"publisher\":{\"@id\":\"https:\/\/miumjau.ee\/#organization\"},\"potentialAction\":[{\"@type\":\"SearchAction\",\"target\":{\"@type\":\"EntryPoint\",\"urlTemplate\":\"https:\/\/miumjau.ee\/?s={search_term_string}\"},\"query-input\":{\"@type\":\"PropertyValueSpecification\",\"valueRequired\":true,\"valueName\":\"search_term_string\"}}],\"inLanguage\":\"fi\"},{\"@type\":\"Organization\",\"@id\":\"https:\/\/miumjau.ee\/#organization\",\"name\":\"MiuMjau O\u00dc\",\"url\":\"https:\/\/miumjau.ee\/\",\"logo\":{\"@type\":\"ImageObject\",\"inLanguage\":\"fi\",\"@id\":\"https:\/\/miumjau.ee\/#\/schema\/logo\/image\/\",\"url\":\"https:\/\/miumjau.ee\/wp-content\/uploads\/2022\/04\/MiuMjau-logo-kollane.png\",\"contentUrl\":\"https:\/\/miumjau.ee\/wp-content\/uploads\/2022\/04\/MiuMjau-logo-kollane.png\",\"width\":219,\"height\":100,\"caption\":\"MiuMjau O\u00dc\"},\"image\":{\"@id\":\"https:\/\/miumjau.ee\/#\/schema\/logo\/image\/\"},\"sameAs\":[\"https:\/\/www.facebook.com\/miumjaupood\/\"]}]}<\/script>\n<!-- \/ Yoast SEO plugin. -->","yoast_head_json":{"title":"Bugalugs Tea Tree & Kaura -tuoksuinen Shampoo Medi Fresh - MiuMjau","robots":{"index":"index","follow":"follow","max-snippet":"max-snippet:-1","max-image-preview":"max-image-preview:large","max-video-preview":"max-video-preview:-1"},"canonical":"https:\/\/miumjau.ee\/fi\/tuote\/bugalugs-tea-tree-kaura-tuoksuinen-shampoo-medi-fresh\/","og_locale":"fi_FI","og_type":"article","og_title":"Bugalugs Tea Tree & Kaura -tuoksuinen Shampoo Medi Fresh - MiuMjau","og_description":"Hell\u00e4varainen, pH-tasapainotettu koiran shampoo, joka sis\u00e4lt\u00e4\u00e4 luonnollisia eteerisi\u00e4 \u00f6ljyj\u00e4. Se rauhoittaa stressaantunutta ihoa ja auttaa parantamaan koiran turkin kuntoa. Viilent\u00e4v\u00e4 teepuu, aloe vera, kolloidinen kaurajauho ja muut eteeriset \u00f6ljyt rauhoittavat ja rentouttavat v\u00e4syneit\u00e4 ja j\u00e4nnittyneit\u00e4 lihaksia. Shampoo auttaa my\u00f6s puhdistamaan pieni\u00e4 haavoja ja naarmuja. Parabeeniton shampoo, joka on valmistettu puhtaasta Lake Districtin vedest\u00e4, poistaa lian ja rasvan, j\u00e4tt\u00e4en turkin pehme\u00e4ksi, kiilt\u00e4v\u00e4ksi ja miellytt\u00e4v\u00e4n tuoksuiseksi pitk\u00e4ksi aikaa. Sopii koirille 8 viikon i\u00e4st\u00e4 alkaen ja kaikille turkkityypeille. K\u00e4ytt\u00f6ohje: Kastele koiran turkki l\u00e4mpim\u00e4ll\u00e4 vedell\u00e4. Voidaan laimentaa suhteessa 10:1. Levit\u00e4 shampoo turkkiin, vaahdota ja huuhtele huolellisesti. Kuivaa lopuksi. V\u00e4lt\u00e4 tuotteen joutumista silmiin \u2013 jos n\u00e4in k\u00e4y, huuhtele runsaalla vedell\u00e4. S\u00e4ilyt\u00e4 lasten ulottumattomissa. Ainesosat: Aqua, Sodium Laureth Sulfate, Glycerin, Cocamidopropyl Betaine, Coco-Glucoside, Glyceryl Oleate, Parfum, Polyglyceryl-2 Caprate, Tea Tree Leaf Oil, Aloe Vera Leaf Juice, Avena Sativa (Kaura) Kernel Flour, Lemon Peel Oil, Citronella Oil, Cedarwood Oil, Peppermint Leaf Oil, Basil Oil, Pelargonium Graveolens Extract, Rosemary Leaf Oil, Thyme Leaf Oil, Pine Oil, Glycol Distearate, Sodium Chloride, Benzophenone-4, Sodium Hydroxide, Citric Acid, Laureth-4, Limonene, Lactic Acid, Hydrogenated Palm Glycerides Citrate, Polysorbate 20, Tocopherol, Phenoxyethanol, Sodium Benzoate, Benzyl Alcohol, CI 19140, CI 17200, CI 14700. Tilavuus: 500 mlParasta ennen: 12 kuukautta avaamisestaValmistaja: Lakeland Cosmetics","og_url":"https:\/\/miumjau.ee\/fi\/tuote\/bugalugs-tea-tree-kaura-tuoksuinen-shampoo-medi-fresh\/","og_site_name":"MiuMjau","article_publisher":"https:\/\/www.facebook.com\/miumjaupood\/","article_modified_time":"2026-01-07T20:43:02+00:00","og_image":[{"width":600,"height":800,"url":"https:\/\/miumjau.ee\/wp-content\/uploads\/2025\/06\/bugalugs-sampoon-koertele-medifresh5.webp","type":"image\/webp"}],"twitter_card":"summary_large_image","schema":{"@context":"https:\/\/schema.org","@graph":[{"@type":"WebPage","@id":"https:\/\/miumjau.ee\/fi\/tuote\/bugalugs-tea-tree-kaura-tuoksuinen-shampoo-medi-fresh\/","url":"https:\/\/miumjau.ee\/fi\/tuote\/bugalugs-tea-tree-kaura-tuoksuinen-shampoo-medi-fresh\/","name":"Bugalugs Tea Tree & Kaura -tuoksuinen Shampoo Medi Fresh - MiuMjau","isPartOf":{"@id":"https:\/\/miumjau.ee\/#website"},"primaryImageOfPage":{"@id":"https:\/\/miumjau.ee\/fi\/tuote\/bugalugs-tea-tree-kaura-tuoksuinen-shampoo-medi-fresh\/#primaryimage"},"image":{"@id":"https:\/\/miumjau.ee\/fi\/tuote\/bugalugs-tea-tree-kaura-tuoksuinen-shampoo-medi-fresh\/#primaryimage"},"thumbnailUrl":"https:\/\/miumjau.ee\/wp-content\/uploads\/2025\/06\/bugalugs-sampoon-koertele-medifresh5.webp","datePublished":"2025-06-18T14:30:12+00:00","dateModified":"2026-01-07T20:43:02+00:00","breadcrumb":{"@id":"https:\/\/miumjau.ee\/fi\/tuote\/bugalugs-tea-tree-kaura-tuoksuinen-shampoo-medi-fresh\/#breadcrumb"},"inLanguage":"fi","potentialAction":[{"@type":"ReadAction","target":["https:\/\/miumjau.ee\/fi\/tuote\/bugalugs-tea-tree-kaura-tuoksuinen-shampoo-medi-fresh\/"]}]},{"@type":"ImageObject","inLanguage":"fi","@id":"https:\/\/miumjau.ee\/fi\/tuote\/bugalugs-tea-tree-kaura-tuoksuinen-shampoo-medi-fresh\/#primaryimage","url":"https:\/\/miumjau.ee\/wp-content\/uploads\/2025\/06\/bugalugs-sampoon-koertele-medifresh5.webp","contentUrl":"https:\/\/miumjau.ee\/wp-content\/uploads\/2025\/06\/bugalugs-sampoon-koertele-medifresh5.webp","width":600,"height":800,"caption":"Bugalugs teepuu ja kaerahelveste l\u00f5hnaline \u0161ampoon Medi Fresh"},{"@type":"BreadcrumbList","@id":"https:\/\/miumjau.ee\/fi\/tuote\/bugalugs-tea-tree-kaura-tuoksuinen-shampoo-medi-fresh\/#breadcrumb","itemListElement":[{"@type":"ListItem","position":1,"name":"Home","item":"https:\/\/miumjau.ee\/fi\/"},{"@type":"ListItem","position":2,"name":"Kauppa","item":"https:\/\/miumjau.ee\/fi\/kauppa\/"},{"@type":"ListItem","position":3,"name":"Bugalugs Tea Tree &#038; Kaura -tuoksuinen Shampoo Medi Fresh"}]},{"@type":"WebSite","@id":"https:\/\/miumjau.ee\/#website","url":"https:\/\/miumjau.ee\/","name":"MiuMjau","description":"Kraapimispuud kassidele","publisher":{"@id":"https:\/\/miumjau.ee\/#organization"},"potentialAction":[{"@type":"SearchAction","target":{"@type":"EntryPoint","urlTemplate":"https:\/\/miumjau.ee\/?s={search_term_string}"},"query-input":{"@type":"PropertyValueSpecification","valueRequired":true,"valueName":"search_term_string"}}],"inLanguage":"fi"},{"@type":"Organization","@id":"https:\/\/miumjau.ee\/#organization","name":"MiuMjau O\u00dc","url":"https:\/\/miumjau.ee\/","logo":{"@type":"ImageObject","inLanguage":"fi","@id":"https:\/\/miumjau.ee\/#\/schema\/logo\/image\/","url":"https:\/\/miumjau.ee\/wp-content\/uploads\/2022\/04\/MiuMjau-logo-kollane.png","contentUrl":"https:\/\/miumjau.ee\/wp-content\/uploads\/2022\/04\/MiuMjau-logo-kollane.png","width":219,"height":100,"caption":"MiuMjau O\u00dc"},"image":{"@id":"https:\/\/miumjau.ee\/#\/schema\/logo\/image\/"},"sameAs":["https:\/\/www.facebook.com\/miumjaupood\/"]}]}},"_links":{"self":[{"href":"https:\/\/miumjau.ee\/fi\/wp-json\/wp\/v2\/product\/49323","targetHints":{"allow":["GET"]}}],"collection":[{"href":"https:\/\/miumjau.ee\/fi\/wp-json\/wp\/v2\/product"}],"about":[{"href":"https:\/\/miumjau.ee\/fi\/wp-json\/wp\/v2\/types\/product"}],"wp:featuredmedia":[{"embeddable":true,"href":"https:\/\/miumjau.ee\/fi\/wp-json\/wp\/v2\/media\/36617"}],"wp:attachment":[{"href":"https:\/\/miumjau.ee\/fi\/wp-json\/wp\/v2\/media?parent=49323"}],"wp:term":[{"taxonomy":"product_brand","embeddable":true,"href":"https:\/\/miumjau.ee\/fi\/wp-json\/wp\/v2\/product_brand?post=49323"},{"taxonomy":"product_cat","embeddable":true,"href":"https:\/\/miumjau.ee\/fi\/wp-json\/wp\/v2\/product_cat?post=49323"},{"taxonomy":"product_tag","embeddable":true,"href":"https:\/\/miumjau.ee\/fi\/wp-json\/wp\/v2\/product_tag?post=49323"}],"curies":[{"name":"wp","href":"https:\/\/api.w.org\/{rel}","templated":true}]}}