{"id":49309,"date":"2025-06-18T17:32:38","date_gmt":"2025-06-18T14:32:38","guid":{"rendered":"https:\/\/miumjau.ee\/toode\/bugalugs-papaija-ja-kookospahkinan-tuoksuinen-2in1-shampoo-250-ml\/"},"modified":"2026-01-07T22:43:02","modified_gmt":"2026-01-07T20:43:02","slug":"bugalugs-papaija-ja-kookospahkinan-tuoksuinen-2in1-shampoo-250-ml","status":"publish","type":"product","link":"https:\/\/miumjau.ee\/fi\/tuote\/bugalugs-papaija-ja-kookospahkinan-tuoksuinen-2in1-shampoo-250-ml\/","title":{"rendered":"Bugalugs Papaija- ja Kookosp\u00e4hkin\u00e4n Tuoksuinen 2in1 Shampoo 250 ml"},"content":{"rendered":"","protected":false},"excerpt":{"rendered":"<p data-start=\"1830\" data-end=\"2182\">Pitk\u00e4kestoinen papaijan ja kookosp\u00e4hkin\u00e4n tuoksuinen 2in1 hoitava shampoo koirille, joka rauhoittaa, puhdistaa, hoitaa ja kosteuttaa. Shampoo puhdistaa turkin syv\u00e4lt\u00e4 \u00e4rsytt\u00e4m\u00e4tt\u00e4 ihoa ja j\u00e4tt\u00e4\u00e4 karvapeitteen puhtaaksi, pehme\u00e4ksi ja vastustamattoman tuoksuiseksi. Sopii koirille 8 viikon i\u00e4st\u00e4 alkaen ja kaikille karvatyypeille. Parabeeniton koostumus.<\/p>\n<p data-start=\"2184\" data-end=\"2670\">Vastustamattoman t\u00e4ytel\u00e4inen papaijan ja kookosp\u00e4hkin\u00e4n tuoksuinen 2in1 hoitoshampoo sis\u00e4lt\u00e4\u00e4 kolloidista kaurajauhoa ja kookos\u00f6ljy\u00e4, jotka puhdistavat, rauhoittavat ja ravitsevat koiran ihoa ja turkkia. Kuivan ihon ehk\u00e4isemiseksi ja kiillon lis\u00e4\u00e4miseksi pese lemmikkisi s\u00e4\u00e4nn\u00f6llisesti. Kookos\u00f6ljy puhdistaa ja kosteuttaa hell\u00e4varaisesti, ja papaija auttaa palauttamaan ihon ja turkin luonnollisen kosteustasapainon. Miellytt\u00e4v\u00e4 trooppinen tuoksu s\u00e4ilyy turkissa viel\u00e4 pesun j\u00e4lkeenkin.<\/p>\n<p data-start=\"2672\" data-end=\"2951\"><strong data-start=\"2672\" data-end=\"2687\">K\u00e4ytt\u00f6ohje:<\/strong> Kastele koiran turkki l\u00e4mpim\u00e4ll\u00e4 vedell\u00e4. Voidaan laimentaa suhteessa 10:1. Levit\u00e4 shampoo turkkiin, vaahdota ja huuhtele huolellisesti. Kuivaa lopuksi. V\u00e4lt\u00e4 tuotteen joutumista silmiin \u2013 jos n\u00e4in k\u00e4y, huuhtele runsaalla vedell\u00e4. S\u00e4ilyt\u00e4 lasten ulottumattomissa.<\/p>\n<p data-start=\"2953\" data-end=\"3422\"><strong data-start=\"2953\" data-end=\"2967\">Ainesosat:<\/strong> Aqua, Sodium Laureth Sulfate, Glycerin, Cocamidopropyl Betaine, Coco-Glucoside, Glyceryl Oleate, Parfum, Polyglyceryl-2 Caprate, Glycol Distearate, Sodium Chloride, Benzophenone-4, Sodium Hydroxide, Citric Acid, Laureth-4, Coconut Oil, Papaya Fruit Extract, Avena Sativa (Kaura) Kernel Flour, Lactic Acid, Hydrogenated Palm Glycerides Citrate, Tocopherol, Leuconostoc\/Radish Root Ferment Filtrate, Polysorbate 20, Polyquaternium-4, Phenoxyethanol, CI 11.<\/p>\n<p data-start=\"3424\" data-end=\"3458\"><strong data-start=\"3424\" data-end=\"3439\">Valmistaja:<\/strong> Lakeland Cosmetics<\/p>\n","protected":false},"featured_media":36626,"template":"","meta":[],"product_brand":[],"product_cat":[483],"product_tag":[],"class_list":{"0":"post-49309","1":"product","2":"type-product","3":"status-publish","4":"has-post-thumbnail","6":"product_cat-hoitotuotteet-koirille","8":"first","9":"instock","10":"taxable","11":"shipping-taxable","12":"purchasable","13":"product-type-simple"},"yoast_head":"<!-- This site is optimized with the Yoast SEO plugin v27.2 - https:\/\/yoast.com\/product\/yoast-seo-wordpress\/ -->\n<title>Bugalugs Papaija- ja Kookosp\u00e4hkin\u00e4n Tuoksuinen 2in1 Shampoo 250 ml - MiuMjau<\/title>\n<meta name=\"robots\" content=\"index, follow, max-snippet:-1, max-image-preview:large, max-video-preview:-1\" \/>\n<link rel=\"canonical\" href=\"https:\/\/miumjau.ee\/fi\/tuote\/bugalugs-papaija-ja-kookospahkinan-tuoksuinen-2in1-shampoo-250-ml\/\" \/>\n<meta property=\"og:locale\" content=\"fi_FI\" \/>\n<meta property=\"og:type\" content=\"article\" \/>\n<meta property=\"og:title\" content=\"Bugalugs Papaija- ja Kookosp\u00e4hkin\u00e4n Tuoksuinen 2in1 Shampoo 250 ml - MiuMjau\" \/>\n<meta property=\"og:description\" content=\"Pitk\u00e4kestoinen papaijan ja kookosp\u00e4hkin\u00e4n tuoksuinen 2in1 hoitava shampoo koirille, joka rauhoittaa, puhdistaa, hoitaa ja kosteuttaa. Shampoo puhdistaa turkin syv\u00e4lt\u00e4 \u00e4rsytt\u00e4m\u00e4tt\u00e4 ihoa ja j\u00e4tt\u00e4\u00e4 karvapeitteen puhtaaksi, pehme\u00e4ksi ja vastustamattoman tuoksuiseksi. Sopii koirille 8 viikon i\u00e4st\u00e4 alkaen ja kaikille karvatyypeille. Parabeeniton koostumus. Vastustamattoman t\u00e4ytel\u00e4inen papaijan ja kookosp\u00e4hkin\u00e4n tuoksuinen 2in1 hoitoshampoo sis\u00e4lt\u00e4\u00e4 kolloidista kaurajauhoa ja kookos\u00f6ljy\u00e4, jotka puhdistavat, rauhoittavat ja ravitsevat koiran ihoa ja turkkia. Kuivan ihon ehk\u00e4isemiseksi ja kiillon lis\u00e4\u00e4miseksi pese lemmikkisi s\u00e4\u00e4nn\u00f6llisesti. Kookos\u00f6ljy puhdistaa ja kosteuttaa hell\u00e4varaisesti, ja papaija auttaa palauttamaan ihon ja turkin luonnollisen kosteustasapainon. Miellytt\u00e4v\u00e4 trooppinen tuoksu s\u00e4ilyy turkissa viel\u00e4 pesun j\u00e4lkeenkin. K\u00e4ytt\u00f6ohje: Kastele koiran turkki l\u00e4mpim\u00e4ll\u00e4 vedell\u00e4. Voidaan laimentaa suhteessa 10:1. Levit\u00e4 shampoo turkkiin, vaahdota ja huuhtele huolellisesti. Kuivaa lopuksi. V\u00e4lt\u00e4 tuotteen joutumista silmiin \u2013 jos n\u00e4in k\u00e4y, huuhtele runsaalla vedell\u00e4. S\u00e4ilyt\u00e4 lasten ulottumattomissa. Ainesosat: Aqua, Sodium Laureth Sulfate, Glycerin, Cocamidopropyl Betaine, Coco-Glucoside, Glyceryl Oleate, Parfum, Polyglyceryl-2 Caprate, Glycol Distearate, Sodium Chloride, Benzophenone-4, Sodium Hydroxide, Citric Acid, Laureth-4, Coconut Oil, Papaya Fruit Extract, Avena Sativa (Kaura) Kernel Flour, Lactic Acid, Hydrogenated Palm Glycerides Citrate, Tocopherol, Leuconostoc\/Radish Root Ferment Filtrate, Polysorbate 20, Polyquaternium-4, Phenoxyethanol, CI 11. Valmistaja: Lakeland Cosmetics\" \/>\n<meta property=\"og:url\" content=\"https:\/\/miumjau.ee\/fi\/tuote\/bugalugs-papaija-ja-kookospahkinan-tuoksuinen-2in1-shampoo-250-ml\/\" \/>\n<meta property=\"og:site_name\" content=\"MiuMjau\" \/>\n<meta property=\"article:publisher\" content=\"https:\/\/www.facebook.com\/miumjaupood\/\" \/>\n<meta property=\"article:modified_time\" content=\"2026-01-07T20:43:02+00:00\" \/>\n<meta property=\"og:image\" content=\"https:\/\/miumjau.ee\/wp-content\/uploads\/2025\/06\/bugalugs-2in1-sampoon-papaia-kookos2-1.webp\" \/>\n\t<meta property=\"og:image:width\" content=\"600\" \/>\n\t<meta property=\"og:image:height\" content=\"800\" \/>\n\t<meta property=\"og:image:type\" content=\"image\/webp\" \/>\n<meta name=\"twitter:card\" content=\"summary_large_image\" \/>\n<script type=\"application\/ld+json\" class=\"yoast-schema-graph\">{\"@context\":\"https:\/\/schema.org\",\"@graph\":[{\"@type\":\"WebPage\",\"@id\":\"https:\/\/miumjau.ee\/fi\/tuote\/bugalugs-papaija-ja-kookospahkinan-tuoksuinen-2in1-shampoo-250-ml\/\",\"url\":\"https:\/\/miumjau.ee\/fi\/tuote\/bugalugs-papaija-ja-kookospahkinan-tuoksuinen-2in1-shampoo-250-ml\/\",\"name\":\"Bugalugs Papaija- ja Kookosp\u00e4hkin\u00e4n Tuoksuinen 2in1 Shampoo 250 ml - MiuMjau\",\"isPartOf\":{\"@id\":\"https:\/\/miumjau.ee\/#website\"},\"primaryImageOfPage\":{\"@id\":\"https:\/\/miumjau.ee\/fi\/tuote\/bugalugs-papaija-ja-kookospahkinan-tuoksuinen-2in1-shampoo-250-ml\/#primaryimage\"},\"image\":{\"@id\":\"https:\/\/miumjau.ee\/fi\/tuote\/bugalugs-papaija-ja-kookospahkinan-tuoksuinen-2in1-shampoo-250-ml\/#primaryimage\"},\"thumbnailUrl\":\"https:\/\/miumjau.ee\/wp-content\/uploads\/2025\/06\/bugalugs-2in1-sampoon-papaia-kookos2-1.webp\",\"datePublished\":\"2025-06-18T14:32:38+00:00\",\"dateModified\":\"2026-01-07T20:43:02+00:00\",\"breadcrumb\":{\"@id\":\"https:\/\/miumjau.ee\/fi\/tuote\/bugalugs-papaija-ja-kookospahkinan-tuoksuinen-2in1-shampoo-250-ml\/#breadcrumb\"},\"inLanguage\":\"fi\",\"potentialAction\":[{\"@type\":\"ReadAction\",\"target\":[\"https:\/\/miumjau.ee\/fi\/tuote\/bugalugs-papaija-ja-kookospahkinan-tuoksuinen-2in1-shampoo-250-ml\/\"]}]},{\"@type\":\"ImageObject\",\"inLanguage\":\"fi\",\"@id\":\"https:\/\/miumjau.ee\/fi\/tuote\/bugalugs-papaija-ja-kookospahkinan-tuoksuinen-2in1-shampoo-250-ml\/#primaryimage\",\"url\":\"https:\/\/miumjau.ee\/wp-content\/uploads\/2025\/06\/bugalugs-2in1-sampoon-papaia-kookos2-1.webp\",\"contentUrl\":\"https:\/\/miumjau.ee\/wp-content\/uploads\/2025\/06\/bugalugs-2in1-sampoon-papaia-kookos2-1.webp\",\"width\":600,\"height\":800,\"caption\":\"Bugalugs papaia ja kookosp\u00e4hkli l\u00f5hnaline 2-in-1 \u0161ampoon 250ml\"},{\"@type\":\"BreadcrumbList\",\"@id\":\"https:\/\/miumjau.ee\/fi\/tuote\/bugalugs-papaija-ja-kookospahkinan-tuoksuinen-2in1-shampoo-250-ml\/#breadcrumb\",\"itemListElement\":[{\"@type\":\"ListItem\",\"position\":1,\"name\":\"Home\",\"item\":\"https:\/\/miumjau.ee\/fi\/\"},{\"@type\":\"ListItem\",\"position\":2,\"name\":\"Kauppa\",\"item\":\"https:\/\/miumjau.ee\/fi\/kauppa\/\"},{\"@type\":\"ListItem\",\"position\":3,\"name\":\"Bugalugs Papaija- ja Kookosp\u00e4hkin\u00e4n Tuoksuinen 2in1 Shampoo 250 ml\"}]},{\"@type\":\"WebSite\",\"@id\":\"https:\/\/miumjau.ee\/#website\",\"url\":\"https:\/\/miumjau.ee\/\",\"name\":\"MiuMjau\",\"description\":\"Kraapimispuud kassidele\",\"publisher\":{\"@id\":\"https:\/\/miumjau.ee\/#organization\"},\"potentialAction\":[{\"@type\":\"SearchAction\",\"target\":{\"@type\":\"EntryPoint\",\"urlTemplate\":\"https:\/\/miumjau.ee\/?s={search_term_string}\"},\"query-input\":{\"@type\":\"PropertyValueSpecification\",\"valueRequired\":true,\"valueName\":\"search_term_string\"}}],\"inLanguage\":\"fi\"},{\"@type\":\"Organization\",\"@id\":\"https:\/\/miumjau.ee\/#organization\",\"name\":\"MiuMjau O\u00dc\",\"url\":\"https:\/\/miumjau.ee\/\",\"logo\":{\"@type\":\"ImageObject\",\"inLanguage\":\"fi\",\"@id\":\"https:\/\/miumjau.ee\/#\/schema\/logo\/image\/\",\"url\":\"https:\/\/miumjau.ee\/wp-content\/uploads\/2022\/04\/MiuMjau-logo-kollane.png\",\"contentUrl\":\"https:\/\/miumjau.ee\/wp-content\/uploads\/2022\/04\/MiuMjau-logo-kollane.png\",\"width\":219,\"height\":100,\"caption\":\"MiuMjau O\u00dc\"},\"image\":{\"@id\":\"https:\/\/miumjau.ee\/#\/schema\/logo\/image\/\"},\"sameAs\":[\"https:\/\/www.facebook.com\/miumjaupood\/\"]}]}<\/script>\n<!-- \/ Yoast SEO plugin. -->","yoast_head_json":{"title":"Bugalugs Papaija- ja Kookosp\u00e4hkin\u00e4n Tuoksuinen 2in1 Shampoo 250 ml - MiuMjau","robots":{"index":"index","follow":"follow","max-snippet":"max-snippet:-1","max-image-preview":"max-image-preview:large","max-video-preview":"max-video-preview:-1"},"canonical":"https:\/\/miumjau.ee\/fi\/tuote\/bugalugs-papaija-ja-kookospahkinan-tuoksuinen-2in1-shampoo-250-ml\/","og_locale":"fi_FI","og_type":"article","og_title":"Bugalugs Papaija- ja Kookosp\u00e4hkin\u00e4n Tuoksuinen 2in1 Shampoo 250 ml - MiuMjau","og_description":"Pitk\u00e4kestoinen papaijan ja kookosp\u00e4hkin\u00e4n tuoksuinen 2in1 hoitava shampoo koirille, joka rauhoittaa, puhdistaa, hoitaa ja kosteuttaa. Shampoo puhdistaa turkin syv\u00e4lt\u00e4 \u00e4rsytt\u00e4m\u00e4tt\u00e4 ihoa ja j\u00e4tt\u00e4\u00e4 karvapeitteen puhtaaksi, pehme\u00e4ksi ja vastustamattoman tuoksuiseksi. Sopii koirille 8 viikon i\u00e4st\u00e4 alkaen ja kaikille karvatyypeille. Parabeeniton koostumus. Vastustamattoman t\u00e4ytel\u00e4inen papaijan ja kookosp\u00e4hkin\u00e4n tuoksuinen 2in1 hoitoshampoo sis\u00e4lt\u00e4\u00e4 kolloidista kaurajauhoa ja kookos\u00f6ljy\u00e4, jotka puhdistavat, rauhoittavat ja ravitsevat koiran ihoa ja turkkia. Kuivan ihon ehk\u00e4isemiseksi ja kiillon lis\u00e4\u00e4miseksi pese lemmikkisi s\u00e4\u00e4nn\u00f6llisesti. Kookos\u00f6ljy puhdistaa ja kosteuttaa hell\u00e4varaisesti, ja papaija auttaa palauttamaan ihon ja turkin luonnollisen kosteustasapainon. Miellytt\u00e4v\u00e4 trooppinen tuoksu s\u00e4ilyy turkissa viel\u00e4 pesun j\u00e4lkeenkin. K\u00e4ytt\u00f6ohje: Kastele koiran turkki l\u00e4mpim\u00e4ll\u00e4 vedell\u00e4. Voidaan laimentaa suhteessa 10:1. Levit\u00e4 shampoo turkkiin, vaahdota ja huuhtele huolellisesti. Kuivaa lopuksi. V\u00e4lt\u00e4 tuotteen joutumista silmiin \u2013 jos n\u00e4in k\u00e4y, huuhtele runsaalla vedell\u00e4. S\u00e4ilyt\u00e4 lasten ulottumattomissa. Ainesosat: Aqua, Sodium Laureth Sulfate, Glycerin, Cocamidopropyl Betaine, Coco-Glucoside, Glyceryl Oleate, Parfum, Polyglyceryl-2 Caprate, Glycol Distearate, Sodium Chloride, Benzophenone-4, Sodium Hydroxide, Citric Acid, Laureth-4, Coconut Oil, Papaya Fruit Extract, Avena Sativa (Kaura) Kernel Flour, Lactic Acid, Hydrogenated Palm Glycerides Citrate, Tocopherol, Leuconostoc\/Radish Root Ferment Filtrate, Polysorbate 20, Polyquaternium-4, Phenoxyethanol, CI 11. Valmistaja: Lakeland Cosmetics","og_url":"https:\/\/miumjau.ee\/fi\/tuote\/bugalugs-papaija-ja-kookospahkinan-tuoksuinen-2in1-shampoo-250-ml\/","og_site_name":"MiuMjau","article_publisher":"https:\/\/www.facebook.com\/miumjaupood\/","article_modified_time":"2026-01-07T20:43:02+00:00","og_image":[{"width":600,"height":800,"url":"https:\/\/miumjau.ee\/wp-content\/uploads\/2025\/06\/bugalugs-2in1-sampoon-papaia-kookos2-1.webp","type":"image\/webp"}],"twitter_card":"summary_large_image","schema":{"@context":"https:\/\/schema.org","@graph":[{"@type":"WebPage","@id":"https:\/\/miumjau.ee\/fi\/tuote\/bugalugs-papaija-ja-kookospahkinan-tuoksuinen-2in1-shampoo-250-ml\/","url":"https:\/\/miumjau.ee\/fi\/tuote\/bugalugs-papaija-ja-kookospahkinan-tuoksuinen-2in1-shampoo-250-ml\/","name":"Bugalugs Papaija- ja Kookosp\u00e4hkin\u00e4n Tuoksuinen 2in1 Shampoo 250 ml - MiuMjau","isPartOf":{"@id":"https:\/\/miumjau.ee\/#website"},"primaryImageOfPage":{"@id":"https:\/\/miumjau.ee\/fi\/tuote\/bugalugs-papaija-ja-kookospahkinan-tuoksuinen-2in1-shampoo-250-ml\/#primaryimage"},"image":{"@id":"https:\/\/miumjau.ee\/fi\/tuote\/bugalugs-papaija-ja-kookospahkinan-tuoksuinen-2in1-shampoo-250-ml\/#primaryimage"},"thumbnailUrl":"https:\/\/miumjau.ee\/wp-content\/uploads\/2025\/06\/bugalugs-2in1-sampoon-papaia-kookos2-1.webp","datePublished":"2025-06-18T14:32:38+00:00","dateModified":"2026-01-07T20:43:02+00:00","breadcrumb":{"@id":"https:\/\/miumjau.ee\/fi\/tuote\/bugalugs-papaija-ja-kookospahkinan-tuoksuinen-2in1-shampoo-250-ml\/#breadcrumb"},"inLanguage":"fi","potentialAction":[{"@type":"ReadAction","target":["https:\/\/miumjau.ee\/fi\/tuote\/bugalugs-papaija-ja-kookospahkinan-tuoksuinen-2in1-shampoo-250-ml\/"]}]},{"@type":"ImageObject","inLanguage":"fi","@id":"https:\/\/miumjau.ee\/fi\/tuote\/bugalugs-papaija-ja-kookospahkinan-tuoksuinen-2in1-shampoo-250-ml\/#primaryimage","url":"https:\/\/miumjau.ee\/wp-content\/uploads\/2025\/06\/bugalugs-2in1-sampoon-papaia-kookos2-1.webp","contentUrl":"https:\/\/miumjau.ee\/wp-content\/uploads\/2025\/06\/bugalugs-2in1-sampoon-papaia-kookos2-1.webp","width":600,"height":800,"caption":"Bugalugs papaia ja kookosp\u00e4hkli l\u00f5hnaline 2-in-1 \u0161ampoon 250ml"},{"@type":"BreadcrumbList","@id":"https:\/\/miumjau.ee\/fi\/tuote\/bugalugs-papaija-ja-kookospahkinan-tuoksuinen-2in1-shampoo-250-ml\/#breadcrumb","itemListElement":[{"@type":"ListItem","position":1,"name":"Home","item":"https:\/\/miumjau.ee\/fi\/"},{"@type":"ListItem","position":2,"name":"Kauppa","item":"https:\/\/miumjau.ee\/fi\/kauppa\/"},{"@type":"ListItem","position":3,"name":"Bugalugs Papaija- ja Kookosp\u00e4hkin\u00e4n Tuoksuinen 2in1 Shampoo 250 ml"}]},{"@type":"WebSite","@id":"https:\/\/miumjau.ee\/#website","url":"https:\/\/miumjau.ee\/","name":"MiuMjau","description":"Kraapimispuud kassidele","publisher":{"@id":"https:\/\/miumjau.ee\/#organization"},"potentialAction":[{"@type":"SearchAction","target":{"@type":"EntryPoint","urlTemplate":"https:\/\/miumjau.ee\/?s={search_term_string}"},"query-input":{"@type":"PropertyValueSpecification","valueRequired":true,"valueName":"search_term_string"}}],"inLanguage":"fi"},{"@type":"Organization","@id":"https:\/\/miumjau.ee\/#organization","name":"MiuMjau O\u00dc","url":"https:\/\/miumjau.ee\/","logo":{"@type":"ImageObject","inLanguage":"fi","@id":"https:\/\/miumjau.ee\/#\/schema\/logo\/image\/","url":"https:\/\/miumjau.ee\/wp-content\/uploads\/2022\/04\/MiuMjau-logo-kollane.png","contentUrl":"https:\/\/miumjau.ee\/wp-content\/uploads\/2022\/04\/MiuMjau-logo-kollane.png","width":219,"height":100,"caption":"MiuMjau O\u00dc"},"image":{"@id":"https:\/\/miumjau.ee\/#\/schema\/logo\/image\/"},"sameAs":["https:\/\/www.facebook.com\/miumjaupood\/"]}]}},"_links":{"self":[{"href":"https:\/\/miumjau.ee\/fi\/wp-json\/wp\/v2\/product\/49309","targetHints":{"allow":["GET"]}}],"collection":[{"href":"https:\/\/miumjau.ee\/fi\/wp-json\/wp\/v2\/product"}],"about":[{"href":"https:\/\/miumjau.ee\/fi\/wp-json\/wp\/v2\/types\/product"}],"wp:featuredmedia":[{"embeddable":true,"href":"https:\/\/miumjau.ee\/fi\/wp-json\/wp\/v2\/media\/36626"}],"wp:attachment":[{"href":"https:\/\/miumjau.ee\/fi\/wp-json\/wp\/v2\/media?parent=49309"}],"wp:term":[{"taxonomy":"product_brand","embeddable":true,"href":"https:\/\/miumjau.ee\/fi\/wp-json\/wp\/v2\/product_brand?post=49309"},{"taxonomy":"product_cat","embeddable":true,"href":"https:\/\/miumjau.ee\/fi\/wp-json\/wp\/v2\/product_cat?post=49309"},{"taxonomy":"product_tag","embeddable":true,"href":"https:\/\/miumjau.ee\/fi\/wp-json\/wp\/v2\/product_tag?post=49309"}],"curies":[{"name":"wp","href":"https:\/\/api.w.org\/{rel}","templated":true}]}}