{"id":49270,"date":"2025-06-18T22:21:43","date_gmt":"2025-06-18T19:21:43","guid":{"rendered":"https:\/\/miumjau.ee\/toode\/bugalugs-esikostutetut-silmalaput-koirille-100-kpl\/"},"modified":"2026-01-07T22:43:02","modified_gmt":"2026-01-07T20:43:02","slug":"bugalugs-esikostutetut-silmalaput-koirille-100-kpl","status":"publish","type":"product","link":"https:\/\/miumjau.ee\/fi\/tuote\/bugalugs-esikostutetut-silmalaput-koirille-100-kpl\/","title":{"rendered":"Bugalugs esikostutetut silm\u00e4laput koirille, 100 kpl"},"content":{"rendered":"","protected":false},"excerpt":{"rendered":"<p data-start=\"1232\" data-end=\"1556\">Bugalugs esikostutetut silm\u00e4padit auttavat pit\u00e4m\u00e4\u00e4n koiran silm\u00e4t puhtaina ja tervein\u00e4. Luonnollista koostumusta sis\u00e4lt\u00e4v\u00e4t liinat poistavat hell\u00e4varaisesti ja tehokkaasti kyynelraidat ja muun silm\u00e4eritteen. Esikostutetut liinat ovat 100 % biohajoavia ja sopivat p\u00e4ivitt\u00e4iseen k\u00e4ytt\u00f6\u00f6n silmien hyv\u00e4n terveyden tukemiseksi.<\/p>\n<p data-start=\"1558\" data-end=\"1912\"><strong data-start=\"1558\" data-end=\"1573\">K\u00e4ytt\u00f6ohje:<\/strong> Pyyhi varovasti silm\u00e4n alapuolella olevaa aluetta liinaa alaluomesta kohti kuonoa liikuttaen. Liikuta liinaa aina poisp\u00e4in silm\u00e4st\u00e4. K\u00e4yt\u00e4 tarvittaessa uutta puhdasta liinaa. K\u00e4yt\u00e4 tarpeen mukaan silmien ymp\u00e4rist\u00f6n puhtaana pit\u00e4miseksi. Erityisen hy\u00f6dyllinen koirille, joilla on liiallista silm\u00e4erityst\u00e4 tai tukkeutuneita kyynelkanavia.<\/p>\n<p data-start=\"1914\" data-end=\"2256\"><strong data-start=\"1914\" data-end=\"1928\">Ainesosat:<\/strong> Vesi, Glyseriini, Dekyyliglukosidi, Natriumbenzoaatti, Sitruunahappo, Kaliumsorbaatti, Fenoksietanoli, Tetranatriumglutamaattidiasetaatti, Nelumbium Speciosum (Intian lootuksen) kukkaekstrakti, Oenothera Biennis (ilta-primula) siemenekstrakti, Panax Ginseng -juuriekstrakti, Passiflora Incarnata (passionkukka) kukkaekstrakti<\/p>\n","protected":false},"featured_media":36735,"template":"","meta":[],"product_brand":[],"product_cat":[483],"product_tag":[],"class_list":{"0":"post-49270","1":"product","2":"type-product","3":"status-publish","4":"has-post-thumbnail","6":"product_cat-hoitotuotteet-koirille","8":"first","9":"instock","10":"taxable","11":"shipping-taxable","12":"purchasable","13":"product-type-simple"},"yoast_head":"<!-- This site is optimized with the Yoast SEO plugin v27.2 - https:\/\/yoast.com\/product\/yoast-seo-wordpress\/ -->\n<title>Bugalugs esikostutetut silm\u00e4laput koirille, 100 kpl - MiuMjau<\/title>\n<meta name=\"robots\" content=\"index, follow, max-snippet:-1, max-image-preview:large, max-video-preview:-1\" \/>\n<link rel=\"canonical\" href=\"https:\/\/miumjau.ee\/fi\/tuote\/bugalugs-esikostutetut-silmalaput-koirille-100-kpl\/\" \/>\n<meta property=\"og:locale\" content=\"fi_FI\" \/>\n<meta property=\"og:type\" content=\"article\" \/>\n<meta property=\"og:title\" content=\"Bugalugs esikostutetut silm\u00e4laput koirille, 100 kpl - MiuMjau\" \/>\n<meta property=\"og:description\" content=\"Bugalugs esikostutetut silm\u00e4padit auttavat pit\u00e4m\u00e4\u00e4n koiran silm\u00e4t puhtaina ja tervein\u00e4. Luonnollista koostumusta sis\u00e4lt\u00e4v\u00e4t liinat poistavat hell\u00e4varaisesti ja tehokkaasti kyynelraidat ja muun silm\u00e4eritteen. Esikostutetut liinat ovat 100 % biohajoavia ja sopivat p\u00e4ivitt\u00e4iseen k\u00e4ytt\u00f6\u00f6n silmien hyv\u00e4n terveyden tukemiseksi. K\u00e4ytt\u00f6ohje: Pyyhi varovasti silm\u00e4n alapuolella olevaa aluetta liinaa alaluomesta kohti kuonoa liikuttaen. Liikuta liinaa aina poisp\u00e4in silm\u00e4st\u00e4. K\u00e4yt\u00e4 tarvittaessa uutta puhdasta liinaa. K\u00e4yt\u00e4 tarpeen mukaan silmien ymp\u00e4rist\u00f6n puhtaana pit\u00e4miseksi. Erityisen hy\u00f6dyllinen koirille, joilla on liiallista silm\u00e4erityst\u00e4 tai tukkeutuneita kyynelkanavia. Ainesosat: Vesi, Glyseriini, Dekyyliglukosidi, Natriumbenzoaatti, Sitruunahappo, Kaliumsorbaatti, Fenoksietanoli, Tetranatriumglutamaattidiasetaatti, Nelumbium Speciosum (Intian lootuksen) kukkaekstrakti, Oenothera Biennis (ilta-primula) siemenekstrakti, Panax Ginseng -juuriekstrakti, Passiflora Incarnata (passionkukka) kukkaekstrakti\" \/>\n<meta property=\"og:url\" content=\"https:\/\/miumjau.ee\/fi\/tuote\/bugalugs-esikostutetut-silmalaput-koirille-100-kpl\/\" \/>\n<meta property=\"og:site_name\" content=\"MiuMjau\" \/>\n<meta property=\"article:publisher\" content=\"https:\/\/www.facebook.com\/miumjaupood\/\" \/>\n<meta property=\"article:modified_time\" content=\"2026-01-07T20:43:02+00:00\" \/>\n<meta property=\"og:image\" content=\"https:\/\/miumjau.ee\/wp-content\/uploads\/2025\/06\/slmapuhastus-apid-koertele-bugalugs3.webp\" \/>\n\t<meta property=\"og:image:width\" content=\"600\" \/>\n\t<meta property=\"og:image:height\" content=\"800\" \/>\n\t<meta property=\"og:image:type\" content=\"image\/webp\" \/>\n<meta name=\"twitter:card\" content=\"summary_large_image\" \/>\n<script type=\"application\/ld+json\" class=\"yoast-schema-graph\">{\"@context\":\"https:\/\/schema.org\",\"@graph\":[{\"@type\":\"WebPage\",\"@id\":\"https:\/\/miumjau.ee\/fi\/tuote\/bugalugs-esikostutetut-silmalaput-koirille-100-kpl\/\",\"url\":\"https:\/\/miumjau.ee\/fi\/tuote\/bugalugs-esikostutetut-silmalaput-koirille-100-kpl\/\",\"name\":\"Bugalugs esikostutetut silm\u00e4laput koirille, 100 kpl - MiuMjau\",\"isPartOf\":{\"@id\":\"https:\/\/miumjau.ee\/#website\"},\"primaryImageOfPage\":{\"@id\":\"https:\/\/miumjau.ee\/fi\/tuote\/bugalugs-esikostutetut-silmalaput-koirille-100-kpl\/#primaryimage\"},\"image\":{\"@id\":\"https:\/\/miumjau.ee\/fi\/tuote\/bugalugs-esikostutetut-silmalaput-koirille-100-kpl\/#primaryimage\"},\"thumbnailUrl\":\"https:\/\/miumjau.ee\/wp-content\/uploads\/2025\/06\/slmapuhastus-apid-koertele-bugalugs3.webp\",\"datePublished\":\"2025-06-18T19:21:43+00:00\",\"dateModified\":\"2026-01-07T20:43:02+00:00\",\"breadcrumb\":{\"@id\":\"https:\/\/miumjau.ee\/fi\/tuote\/bugalugs-esikostutetut-silmalaput-koirille-100-kpl\/#breadcrumb\"},\"inLanguage\":\"fi\",\"potentialAction\":[{\"@type\":\"ReadAction\",\"target\":[\"https:\/\/miumjau.ee\/fi\/tuote\/bugalugs-esikostutetut-silmalaput-koirille-100-kpl\/\"]}]},{\"@type\":\"ImageObject\",\"inLanguage\":\"fi\",\"@id\":\"https:\/\/miumjau.ee\/fi\/tuote\/bugalugs-esikostutetut-silmalaput-koirille-100-kpl\/#primaryimage\",\"url\":\"https:\/\/miumjau.ee\/wp-content\/uploads\/2025\/06\/slmapuhastus-apid-koertele-bugalugs3.webp\",\"contentUrl\":\"https:\/\/miumjau.ee\/wp-content\/uploads\/2025\/06\/slmapuhastus-apid-koertele-bugalugs3.webp\",\"width\":600,\"height\":800,\"caption\":\"Bugalugs silmapuhastuslapid koertele, eelniisutatud 100tk\"},{\"@type\":\"BreadcrumbList\",\"@id\":\"https:\/\/miumjau.ee\/fi\/tuote\/bugalugs-esikostutetut-silmalaput-koirille-100-kpl\/#breadcrumb\",\"itemListElement\":[{\"@type\":\"ListItem\",\"position\":1,\"name\":\"Home\",\"item\":\"https:\/\/miumjau.ee\/fi\/\"},{\"@type\":\"ListItem\",\"position\":2,\"name\":\"Kauppa\",\"item\":\"https:\/\/miumjau.ee\/fi\/kauppa\/\"},{\"@type\":\"ListItem\",\"position\":3,\"name\":\"Bugalugs esikostutetut silm\u00e4laput koirille, 100 kpl\"}]},{\"@type\":\"WebSite\",\"@id\":\"https:\/\/miumjau.ee\/#website\",\"url\":\"https:\/\/miumjau.ee\/\",\"name\":\"MiuMjau\",\"description\":\"Kraapimispuud kassidele\",\"publisher\":{\"@id\":\"https:\/\/miumjau.ee\/#organization\"},\"potentialAction\":[{\"@type\":\"SearchAction\",\"target\":{\"@type\":\"EntryPoint\",\"urlTemplate\":\"https:\/\/miumjau.ee\/?s={search_term_string}\"},\"query-input\":{\"@type\":\"PropertyValueSpecification\",\"valueRequired\":true,\"valueName\":\"search_term_string\"}}],\"inLanguage\":\"fi\"},{\"@type\":\"Organization\",\"@id\":\"https:\/\/miumjau.ee\/#organization\",\"name\":\"MiuMjau O\u00dc\",\"url\":\"https:\/\/miumjau.ee\/\",\"logo\":{\"@type\":\"ImageObject\",\"inLanguage\":\"fi\",\"@id\":\"https:\/\/miumjau.ee\/#\/schema\/logo\/image\/\",\"url\":\"https:\/\/miumjau.ee\/wp-content\/uploads\/2022\/04\/MiuMjau-logo-kollane.png\",\"contentUrl\":\"https:\/\/miumjau.ee\/wp-content\/uploads\/2022\/04\/MiuMjau-logo-kollane.png\",\"width\":219,\"height\":100,\"caption\":\"MiuMjau O\u00dc\"},\"image\":{\"@id\":\"https:\/\/miumjau.ee\/#\/schema\/logo\/image\/\"},\"sameAs\":[\"https:\/\/www.facebook.com\/miumjaupood\/\"]}]}<\/script>\n<!-- \/ Yoast SEO plugin. -->","yoast_head_json":{"title":"Bugalugs esikostutetut silm\u00e4laput koirille, 100 kpl - MiuMjau","robots":{"index":"index","follow":"follow","max-snippet":"max-snippet:-1","max-image-preview":"max-image-preview:large","max-video-preview":"max-video-preview:-1"},"canonical":"https:\/\/miumjau.ee\/fi\/tuote\/bugalugs-esikostutetut-silmalaput-koirille-100-kpl\/","og_locale":"fi_FI","og_type":"article","og_title":"Bugalugs esikostutetut silm\u00e4laput koirille, 100 kpl - MiuMjau","og_description":"Bugalugs esikostutetut silm\u00e4padit auttavat pit\u00e4m\u00e4\u00e4n koiran silm\u00e4t puhtaina ja tervein\u00e4. Luonnollista koostumusta sis\u00e4lt\u00e4v\u00e4t liinat poistavat hell\u00e4varaisesti ja tehokkaasti kyynelraidat ja muun silm\u00e4eritteen. Esikostutetut liinat ovat 100 % biohajoavia ja sopivat p\u00e4ivitt\u00e4iseen k\u00e4ytt\u00f6\u00f6n silmien hyv\u00e4n terveyden tukemiseksi. K\u00e4ytt\u00f6ohje: Pyyhi varovasti silm\u00e4n alapuolella olevaa aluetta liinaa alaluomesta kohti kuonoa liikuttaen. Liikuta liinaa aina poisp\u00e4in silm\u00e4st\u00e4. K\u00e4yt\u00e4 tarvittaessa uutta puhdasta liinaa. K\u00e4yt\u00e4 tarpeen mukaan silmien ymp\u00e4rist\u00f6n puhtaana pit\u00e4miseksi. Erityisen hy\u00f6dyllinen koirille, joilla on liiallista silm\u00e4erityst\u00e4 tai tukkeutuneita kyynelkanavia. Ainesosat: Vesi, Glyseriini, Dekyyliglukosidi, Natriumbenzoaatti, Sitruunahappo, Kaliumsorbaatti, Fenoksietanoli, Tetranatriumglutamaattidiasetaatti, Nelumbium Speciosum (Intian lootuksen) kukkaekstrakti, Oenothera Biennis (ilta-primula) siemenekstrakti, Panax Ginseng -juuriekstrakti, Passiflora Incarnata (passionkukka) kukkaekstrakti","og_url":"https:\/\/miumjau.ee\/fi\/tuote\/bugalugs-esikostutetut-silmalaput-koirille-100-kpl\/","og_site_name":"MiuMjau","article_publisher":"https:\/\/www.facebook.com\/miumjaupood\/","article_modified_time":"2026-01-07T20:43:02+00:00","og_image":[{"width":600,"height":800,"url":"https:\/\/miumjau.ee\/wp-content\/uploads\/2025\/06\/slmapuhastus-apid-koertele-bugalugs3.webp","type":"image\/webp"}],"twitter_card":"summary_large_image","schema":{"@context":"https:\/\/schema.org","@graph":[{"@type":"WebPage","@id":"https:\/\/miumjau.ee\/fi\/tuote\/bugalugs-esikostutetut-silmalaput-koirille-100-kpl\/","url":"https:\/\/miumjau.ee\/fi\/tuote\/bugalugs-esikostutetut-silmalaput-koirille-100-kpl\/","name":"Bugalugs esikostutetut silm\u00e4laput koirille, 100 kpl - MiuMjau","isPartOf":{"@id":"https:\/\/miumjau.ee\/#website"},"primaryImageOfPage":{"@id":"https:\/\/miumjau.ee\/fi\/tuote\/bugalugs-esikostutetut-silmalaput-koirille-100-kpl\/#primaryimage"},"image":{"@id":"https:\/\/miumjau.ee\/fi\/tuote\/bugalugs-esikostutetut-silmalaput-koirille-100-kpl\/#primaryimage"},"thumbnailUrl":"https:\/\/miumjau.ee\/wp-content\/uploads\/2025\/06\/slmapuhastus-apid-koertele-bugalugs3.webp","datePublished":"2025-06-18T19:21:43+00:00","dateModified":"2026-01-07T20:43:02+00:00","breadcrumb":{"@id":"https:\/\/miumjau.ee\/fi\/tuote\/bugalugs-esikostutetut-silmalaput-koirille-100-kpl\/#breadcrumb"},"inLanguage":"fi","potentialAction":[{"@type":"ReadAction","target":["https:\/\/miumjau.ee\/fi\/tuote\/bugalugs-esikostutetut-silmalaput-koirille-100-kpl\/"]}]},{"@type":"ImageObject","inLanguage":"fi","@id":"https:\/\/miumjau.ee\/fi\/tuote\/bugalugs-esikostutetut-silmalaput-koirille-100-kpl\/#primaryimage","url":"https:\/\/miumjau.ee\/wp-content\/uploads\/2025\/06\/slmapuhastus-apid-koertele-bugalugs3.webp","contentUrl":"https:\/\/miumjau.ee\/wp-content\/uploads\/2025\/06\/slmapuhastus-apid-koertele-bugalugs3.webp","width":600,"height":800,"caption":"Bugalugs silmapuhastuslapid koertele, eelniisutatud 100tk"},{"@type":"BreadcrumbList","@id":"https:\/\/miumjau.ee\/fi\/tuote\/bugalugs-esikostutetut-silmalaput-koirille-100-kpl\/#breadcrumb","itemListElement":[{"@type":"ListItem","position":1,"name":"Home","item":"https:\/\/miumjau.ee\/fi\/"},{"@type":"ListItem","position":2,"name":"Kauppa","item":"https:\/\/miumjau.ee\/fi\/kauppa\/"},{"@type":"ListItem","position":3,"name":"Bugalugs esikostutetut silm\u00e4laput koirille, 100 kpl"}]},{"@type":"WebSite","@id":"https:\/\/miumjau.ee\/#website","url":"https:\/\/miumjau.ee\/","name":"MiuMjau","description":"Kraapimispuud kassidele","publisher":{"@id":"https:\/\/miumjau.ee\/#organization"},"potentialAction":[{"@type":"SearchAction","target":{"@type":"EntryPoint","urlTemplate":"https:\/\/miumjau.ee\/?s={search_term_string}"},"query-input":{"@type":"PropertyValueSpecification","valueRequired":true,"valueName":"search_term_string"}}],"inLanguage":"fi"},{"@type":"Organization","@id":"https:\/\/miumjau.ee\/#organization","name":"MiuMjau O\u00dc","url":"https:\/\/miumjau.ee\/","logo":{"@type":"ImageObject","inLanguage":"fi","@id":"https:\/\/miumjau.ee\/#\/schema\/logo\/image\/","url":"https:\/\/miumjau.ee\/wp-content\/uploads\/2022\/04\/MiuMjau-logo-kollane.png","contentUrl":"https:\/\/miumjau.ee\/wp-content\/uploads\/2022\/04\/MiuMjau-logo-kollane.png","width":219,"height":100,"caption":"MiuMjau O\u00dc"},"image":{"@id":"https:\/\/miumjau.ee\/#\/schema\/logo\/image\/"},"sameAs":["https:\/\/www.facebook.com\/miumjaupood\/"]}]}},"_links":{"self":[{"href":"https:\/\/miumjau.ee\/fi\/wp-json\/wp\/v2\/product\/49270","targetHints":{"allow":["GET"]}}],"collection":[{"href":"https:\/\/miumjau.ee\/fi\/wp-json\/wp\/v2\/product"}],"about":[{"href":"https:\/\/miumjau.ee\/fi\/wp-json\/wp\/v2\/types\/product"}],"wp:featuredmedia":[{"embeddable":true,"href":"https:\/\/miumjau.ee\/fi\/wp-json\/wp\/v2\/media\/36735"}],"wp:attachment":[{"href":"https:\/\/miumjau.ee\/fi\/wp-json\/wp\/v2\/media?parent=49270"}],"wp:term":[{"taxonomy":"product_brand","embeddable":true,"href":"https:\/\/miumjau.ee\/fi\/wp-json\/wp\/v2\/product_brand?post=49270"},{"taxonomy":"product_cat","embeddable":true,"href":"https:\/\/miumjau.ee\/fi\/wp-json\/wp\/v2\/product_cat?post=49270"},{"taxonomy":"product_tag","embeddable":true,"href":"https:\/\/miumjau.ee\/fi\/wp-json\/wp\/v2\/product_tag?post=49270"}],"curies":[{"name":"wp","href":"https:\/\/api.w.org\/{rel}","templated":true}]}}