{"id":49256,"date":"2025-06-18T22:32:39","date_gmt":"2025-06-18T19:32:39","guid":{"rendered":"https:\/\/miumjau.ee\/toode\/bugalugs-huuhteluvapaa-shampoo-koirille-baby-fresh-200ml\/"},"modified":"2026-01-07T22:43:02","modified_gmt":"2026-01-07T20:43:02","slug":"bugalugs-huuhteluvapaa-shampoo-koirille-baby-fresh-200ml","status":"publish","type":"product","link":"https:\/\/miumjau.ee\/fi\/tuote\/bugalugs-huuhteluvapaa-shampoo-koirille-baby-fresh-200ml\/","title":{"rendered":"Bugalugs huuhteluvapaa shampoo koirille \u2013 Baby Fresh 200ml"},"content":{"rendered":"","protected":false},"excerpt":{"rendered":"<p data-start=\"1488\" data-end=\"1829\">Bugalugs Baby Fresh -shampoo puhdistaa ja raikastaa koirasi turkin v\u00e4litt\u00f6m\u00e4sti ilman vett\u00e4. Tuote sopii erinomaisesti koirille, jotka eiv\u00e4t pid\u00e4 perinteisest\u00e4 pesusta. Helppok\u00e4ytt\u00f6inen vaahto tekee pesup\u00e4ivist\u00e4 paljon helpompia! Purista vaahto k\u00e4mmenelle tai suoraan koiran turkkiin ja hiero sormenp\u00e4ill\u00e4 tai lemmikkisi Bugalugs-harjalla.<\/p>\n<p data-start=\"1831\" data-end=\"2197\">Huuhteluton koostumus on eritt\u00e4in hell\u00e4varainen mutta tehokas \u2013 pH-tasapainotettu, vegaaninen, parabeeniton ja testattu ihmisten, ei el\u00e4inten, p\u00e4\u00e4ll\u00e4. T\u00e4ydellinen matkalle tai aktiivisille koirille ja omistajille. Sopii my\u00f6s koirille, jotka eiv\u00e4t sied\u00e4 vesipesua. Baby Fresh -shampoo j\u00e4tt\u00e4\u00e4 turkin pehme\u00e4ksi, kiilt\u00e4v\u00e4ksi ja miellytt\u00e4v\u00e4n tuoksuiseksi koko p\u00e4iv\u00e4ksi.<\/p>\n<p data-start=\"2199\" data-end=\"2252\">Sopii kaikille koiraroduille 8 viikon i\u00e4st\u00e4 alkaen.<\/p>\n<p data-start=\"2254\" data-end=\"2377\"><strong data-start=\"2254\" data-end=\"2269\">K\u00e4ytt\u00f6ohje:<\/strong> Purista vaahto k\u00e4mmenelle. Levit\u00e4 kuivaan turkkiin, hiero karvoihin ja harjaa l\u00e4pi. Ei huuhtelua tarpeen.<\/p>\n<p data-start=\"2379\" data-end=\"2721\"><strong data-start=\"2379\" data-end=\"2393\">Ainesosat:<\/strong> Vesi, Glyseriini, Polysorbaatti 20, Dekyyliglukosidi, Metylipropaanidioli, Kokamidopropylbetaiini, Tsetrimoniumkloridi, Tuoksu (Parfum), Kapryyliglykoli, Natriumkloridi, Bensofenoone-4, Sitruunahappo, Fenylpropaanoli, Linalooli, Alfa-isometyliononi, Bentsyylikinnamaatti, Sitronelloli, Kumariini, Heksyylikinnamaali, CI 17200<\/p>\n","protected":false},"featured_media":36747,"template":"","meta":[],"product_brand":[],"product_cat":[483],"product_tag":[],"class_list":{"0":"post-49256","1":"product","2":"type-product","3":"status-publish","4":"has-post-thumbnail","6":"product_cat-hoitotuotteet-koirille","8":"first","9":"instock","10":"taxable","11":"shipping-taxable","12":"purchasable","13":"product-type-simple"},"yoast_head":"<!-- This site is optimized with the Yoast SEO plugin v27.2 - https:\/\/yoast.com\/product\/yoast-seo-wordpress\/ -->\n<title>Bugalugs huuhteluvapaa shampoo koirille \u2013 Baby Fresh 200ml - MiuMjau<\/title>\n<meta name=\"robots\" content=\"index, follow, max-snippet:-1, max-image-preview:large, max-video-preview:-1\" \/>\n<link rel=\"canonical\" href=\"https:\/\/miumjau.ee\/fi\/tuote\/bugalugs-huuhteluvapaa-shampoo-koirille-baby-fresh-200ml\/\" \/>\n<meta property=\"og:locale\" content=\"fi_FI\" \/>\n<meta property=\"og:type\" content=\"article\" \/>\n<meta property=\"og:title\" content=\"Bugalugs huuhteluvapaa shampoo koirille \u2013 Baby Fresh 200ml - MiuMjau\" \/>\n<meta property=\"og:description\" content=\"Bugalugs Baby Fresh -shampoo puhdistaa ja raikastaa koirasi turkin v\u00e4litt\u00f6m\u00e4sti ilman vett\u00e4. Tuote sopii erinomaisesti koirille, jotka eiv\u00e4t pid\u00e4 perinteisest\u00e4 pesusta. Helppok\u00e4ytt\u00f6inen vaahto tekee pesup\u00e4ivist\u00e4 paljon helpompia! Purista vaahto k\u00e4mmenelle tai suoraan koiran turkkiin ja hiero sormenp\u00e4ill\u00e4 tai lemmikkisi Bugalugs-harjalla. Huuhteluton koostumus on eritt\u00e4in hell\u00e4varainen mutta tehokas \u2013 pH-tasapainotettu, vegaaninen, parabeeniton ja testattu ihmisten, ei el\u00e4inten, p\u00e4\u00e4ll\u00e4. T\u00e4ydellinen matkalle tai aktiivisille koirille ja omistajille. Sopii my\u00f6s koirille, jotka eiv\u00e4t sied\u00e4 vesipesua. Baby Fresh -shampoo j\u00e4tt\u00e4\u00e4 turkin pehme\u00e4ksi, kiilt\u00e4v\u00e4ksi ja miellytt\u00e4v\u00e4n tuoksuiseksi koko p\u00e4iv\u00e4ksi. Sopii kaikille koiraroduille 8 viikon i\u00e4st\u00e4 alkaen. K\u00e4ytt\u00f6ohje: Purista vaahto k\u00e4mmenelle. Levit\u00e4 kuivaan turkkiin, hiero karvoihin ja harjaa l\u00e4pi. Ei huuhtelua tarpeen. Ainesosat: Vesi, Glyseriini, Polysorbaatti 20, Dekyyliglukosidi, Metylipropaanidioli, Kokamidopropylbetaiini, Tsetrimoniumkloridi, Tuoksu (Parfum), Kapryyliglykoli, Natriumkloridi, Bensofenoone-4, Sitruunahappo, Fenylpropaanoli, Linalooli, Alfa-isometyliononi, Bentsyylikinnamaatti, Sitronelloli, Kumariini, Heksyylikinnamaali, CI 17200\" \/>\n<meta property=\"og:url\" content=\"https:\/\/miumjau.ee\/fi\/tuote\/bugalugs-huuhteluvapaa-shampoo-koirille-baby-fresh-200ml\/\" \/>\n<meta property=\"og:site_name\" content=\"MiuMjau\" \/>\n<meta property=\"article:publisher\" content=\"https:\/\/www.facebook.com\/miumjaupood\/\" \/>\n<meta property=\"article:modified_time\" content=\"2026-01-07T20:43:02+00:00\" \/>\n<meta property=\"og:image\" content=\"https:\/\/miumjau.ee\/wp-content\/uploads\/2025\/06\/bugalugs-koerte-sampoon-loputusvaba-babyfresh2-1.webp\" \/>\n\t<meta property=\"og:image:width\" content=\"600\" \/>\n\t<meta property=\"og:image:height\" content=\"800\" \/>\n\t<meta property=\"og:image:type\" content=\"image\/webp\" \/>\n<meta name=\"twitter:card\" content=\"summary_large_image\" \/>\n<script type=\"application\/ld+json\" class=\"yoast-schema-graph\">{\"@context\":\"https:\/\/schema.org\",\"@graph\":[{\"@type\":\"WebPage\",\"@id\":\"https:\/\/miumjau.ee\/fi\/tuote\/bugalugs-huuhteluvapaa-shampoo-koirille-baby-fresh-200ml\/\",\"url\":\"https:\/\/miumjau.ee\/fi\/tuote\/bugalugs-huuhteluvapaa-shampoo-koirille-baby-fresh-200ml\/\",\"name\":\"Bugalugs huuhteluvapaa shampoo koirille \u2013 Baby Fresh 200ml - MiuMjau\",\"isPartOf\":{\"@id\":\"https:\/\/miumjau.ee\/#website\"},\"primaryImageOfPage\":{\"@id\":\"https:\/\/miumjau.ee\/fi\/tuote\/bugalugs-huuhteluvapaa-shampoo-koirille-baby-fresh-200ml\/#primaryimage\"},\"image\":{\"@id\":\"https:\/\/miumjau.ee\/fi\/tuote\/bugalugs-huuhteluvapaa-shampoo-koirille-baby-fresh-200ml\/#primaryimage\"},\"thumbnailUrl\":\"https:\/\/miumjau.ee\/wp-content\/uploads\/2025\/06\/bugalugs-koerte-sampoon-loputusvaba-babyfresh2-1.webp\",\"datePublished\":\"2025-06-18T19:32:39+00:00\",\"dateModified\":\"2026-01-07T20:43:02+00:00\",\"breadcrumb\":{\"@id\":\"https:\/\/miumjau.ee\/fi\/tuote\/bugalugs-huuhteluvapaa-shampoo-koirille-baby-fresh-200ml\/#breadcrumb\"},\"inLanguage\":\"fi\",\"potentialAction\":[{\"@type\":\"ReadAction\",\"target\":[\"https:\/\/miumjau.ee\/fi\/tuote\/bugalugs-huuhteluvapaa-shampoo-koirille-baby-fresh-200ml\/\"]}]},{\"@type\":\"ImageObject\",\"inLanguage\":\"fi\",\"@id\":\"https:\/\/miumjau.ee\/fi\/tuote\/bugalugs-huuhteluvapaa-shampoo-koirille-baby-fresh-200ml\/#primaryimage\",\"url\":\"https:\/\/miumjau.ee\/wp-content\/uploads\/2025\/06\/bugalugs-koerte-sampoon-loputusvaba-babyfresh2-1.webp\",\"contentUrl\":\"https:\/\/miumjau.ee\/wp-content\/uploads\/2025\/06\/bugalugs-koerte-sampoon-loputusvaba-babyfresh2-1.webp\",\"width\":600,\"height\":800,\"caption\":\"Bugalugs loputusvaba \u0161ampoon koertele Baby Fresh 200ml\"},{\"@type\":\"BreadcrumbList\",\"@id\":\"https:\/\/miumjau.ee\/fi\/tuote\/bugalugs-huuhteluvapaa-shampoo-koirille-baby-fresh-200ml\/#breadcrumb\",\"itemListElement\":[{\"@type\":\"ListItem\",\"position\":1,\"name\":\"Home\",\"item\":\"https:\/\/miumjau.ee\/fi\/\"},{\"@type\":\"ListItem\",\"position\":2,\"name\":\"Kauppa\",\"item\":\"https:\/\/miumjau.ee\/fi\/kauppa\/\"},{\"@type\":\"ListItem\",\"position\":3,\"name\":\"Bugalugs huuhteluvapaa shampoo koirille \u2013 Baby Fresh 200ml\"}]},{\"@type\":\"WebSite\",\"@id\":\"https:\/\/miumjau.ee\/#website\",\"url\":\"https:\/\/miumjau.ee\/\",\"name\":\"MiuMjau\",\"description\":\"Kraapimispuud kassidele\",\"publisher\":{\"@id\":\"https:\/\/miumjau.ee\/#organization\"},\"potentialAction\":[{\"@type\":\"SearchAction\",\"target\":{\"@type\":\"EntryPoint\",\"urlTemplate\":\"https:\/\/miumjau.ee\/?s={search_term_string}\"},\"query-input\":{\"@type\":\"PropertyValueSpecification\",\"valueRequired\":true,\"valueName\":\"search_term_string\"}}],\"inLanguage\":\"fi\"},{\"@type\":\"Organization\",\"@id\":\"https:\/\/miumjau.ee\/#organization\",\"name\":\"MiuMjau O\u00dc\",\"url\":\"https:\/\/miumjau.ee\/\",\"logo\":{\"@type\":\"ImageObject\",\"inLanguage\":\"fi\",\"@id\":\"https:\/\/miumjau.ee\/#\/schema\/logo\/image\/\",\"url\":\"https:\/\/miumjau.ee\/wp-content\/uploads\/2022\/04\/MiuMjau-logo-kollane.png\",\"contentUrl\":\"https:\/\/miumjau.ee\/wp-content\/uploads\/2022\/04\/MiuMjau-logo-kollane.png\",\"width\":219,\"height\":100,\"caption\":\"MiuMjau O\u00dc\"},\"image\":{\"@id\":\"https:\/\/miumjau.ee\/#\/schema\/logo\/image\/\"},\"sameAs\":[\"https:\/\/www.facebook.com\/miumjaupood\/\"]}]}<\/script>\n<!-- \/ Yoast SEO plugin. -->","yoast_head_json":{"title":"Bugalugs huuhteluvapaa shampoo koirille \u2013 Baby Fresh 200ml - MiuMjau","robots":{"index":"index","follow":"follow","max-snippet":"max-snippet:-1","max-image-preview":"max-image-preview:large","max-video-preview":"max-video-preview:-1"},"canonical":"https:\/\/miumjau.ee\/fi\/tuote\/bugalugs-huuhteluvapaa-shampoo-koirille-baby-fresh-200ml\/","og_locale":"fi_FI","og_type":"article","og_title":"Bugalugs huuhteluvapaa shampoo koirille \u2013 Baby Fresh 200ml - MiuMjau","og_description":"Bugalugs Baby Fresh -shampoo puhdistaa ja raikastaa koirasi turkin v\u00e4litt\u00f6m\u00e4sti ilman vett\u00e4. Tuote sopii erinomaisesti koirille, jotka eiv\u00e4t pid\u00e4 perinteisest\u00e4 pesusta. Helppok\u00e4ytt\u00f6inen vaahto tekee pesup\u00e4ivist\u00e4 paljon helpompia! Purista vaahto k\u00e4mmenelle tai suoraan koiran turkkiin ja hiero sormenp\u00e4ill\u00e4 tai lemmikkisi Bugalugs-harjalla. Huuhteluton koostumus on eritt\u00e4in hell\u00e4varainen mutta tehokas \u2013 pH-tasapainotettu, vegaaninen, parabeeniton ja testattu ihmisten, ei el\u00e4inten, p\u00e4\u00e4ll\u00e4. T\u00e4ydellinen matkalle tai aktiivisille koirille ja omistajille. Sopii my\u00f6s koirille, jotka eiv\u00e4t sied\u00e4 vesipesua. Baby Fresh -shampoo j\u00e4tt\u00e4\u00e4 turkin pehme\u00e4ksi, kiilt\u00e4v\u00e4ksi ja miellytt\u00e4v\u00e4n tuoksuiseksi koko p\u00e4iv\u00e4ksi. Sopii kaikille koiraroduille 8 viikon i\u00e4st\u00e4 alkaen. K\u00e4ytt\u00f6ohje: Purista vaahto k\u00e4mmenelle. Levit\u00e4 kuivaan turkkiin, hiero karvoihin ja harjaa l\u00e4pi. Ei huuhtelua tarpeen. Ainesosat: Vesi, Glyseriini, Polysorbaatti 20, Dekyyliglukosidi, Metylipropaanidioli, Kokamidopropylbetaiini, Tsetrimoniumkloridi, Tuoksu (Parfum), Kapryyliglykoli, Natriumkloridi, Bensofenoone-4, Sitruunahappo, Fenylpropaanoli, Linalooli, Alfa-isometyliononi, Bentsyylikinnamaatti, Sitronelloli, Kumariini, Heksyylikinnamaali, CI 17200","og_url":"https:\/\/miumjau.ee\/fi\/tuote\/bugalugs-huuhteluvapaa-shampoo-koirille-baby-fresh-200ml\/","og_site_name":"MiuMjau","article_publisher":"https:\/\/www.facebook.com\/miumjaupood\/","article_modified_time":"2026-01-07T20:43:02+00:00","og_image":[{"width":600,"height":800,"url":"https:\/\/miumjau.ee\/wp-content\/uploads\/2025\/06\/bugalugs-koerte-sampoon-loputusvaba-babyfresh2-1.webp","type":"image\/webp"}],"twitter_card":"summary_large_image","schema":{"@context":"https:\/\/schema.org","@graph":[{"@type":"WebPage","@id":"https:\/\/miumjau.ee\/fi\/tuote\/bugalugs-huuhteluvapaa-shampoo-koirille-baby-fresh-200ml\/","url":"https:\/\/miumjau.ee\/fi\/tuote\/bugalugs-huuhteluvapaa-shampoo-koirille-baby-fresh-200ml\/","name":"Bugalugs huuhteluvapaa shampoo koirille \u2013 Baby Fresh 200ml - MiuMjau","isPartOf":{"@id":"https:\/\/miumjau.ee\/#website"},"primaryImageOfPage":{"@id":"https:\/\/miumjau.ee\/fi\/tuote\/bugalugs-huuhteluvapaa-shampoo-koirille-baby-fresh-200ml\/#primaryimage"},"image":{"@id":"https:\/\/miumjau.ee\/fi\/tuote\/bugalugs-huuhteluvapaa-shampoo-koirille-baby-fresh-200ml\/#primaryimage"},"thumbnailUrl":"https:\/\/miumjau.ee\/wp-content\/uploads\/2025\/06\/bugalugs-koerte-sampoon-loputusvaba-babyfresh2-1.webp","datePublished":"2025-06-18T19:32:39+00:00","dateModified":"2026-01-07T20:43:02+00:00","breadcrumb":{"@id":"https:\/\/miumjau.ee\/fi\/tuote\/bugalugs-huuhteluvapaa-shampoo-koirille-baby-fresh-200ml\/#breadcrumb"},"inLanguage":"fi","potentialAction":[{"@type":"ReadAction","target":["https:\/\/miumjau.ee\/fi\/tuote\/bugalugs-huuhteluvapaa-shampoo-koirille-baby-fresh-200ml\/"]}]},{"@type":"ImageObject","inLanguage":"fi","@id":"https:\/\/miumjau.ee\/fi\/tuote\/bugalugs-huuhteluvapaa-shampoo-koirille-baby-fresh-200ml\/#primaryimage","url":"https:\/\/miumjau.ee\/wp-content\/uploads\/2025\/06\/bugalugs-koerte-sampoon-loputusvaba-babyfresh2-1.webp","contentUrl":"https:\/\/miumjau.ee\/wp-content\/uploads\/2025\/06\/bugalugs-koerte-sampoon-loputusvaba-babyfresh2-1.webp","width":600,"height":800,"caption":"Bugalugs loputusvaba \u0161ampoon koertele Baby Fresh 200ml"},{"@type":"BreadcrumbList","@id":"https:\/\/miumjau.ee\/fi\/tuote\/bugalugs-huuhteluvapaa-shampoo-koirille-baby-fresh-200ml\/#breadcrumb","itemListElement":[{"@type":"ListItem","position":1,"name":"Home","item":"https:\/\/miumjau.ee\/fi\/"},{"@type":"ListItem","position":2,"name":"Kauppa","item":"https:\/\/miumjau.ee\/fi\/kauppa\/"},{"@type":"ListItem","position":3,"name":"Bugalugs huuhteluvapaa shampoo koirille \u2013 Baby Fresh 200ml"}]},{"@type":"WebSite","@id":"https:\/\/miumjau.ee\/#website","url":"https:\/\/miumjau.ee\/","name":"MiuMjau","description":"Kraapimispuud kassidele","publisher":{"@id":"https:\/\/miumjau.ee\/#organization"},"potentialAction":[{"@type":"SearchAction","target":{"@type":"EntryPoint","urlTemplate":"https:\/\/miumjau.ee\/?s={search_term_string}"},"query-input":{"@type":"PropertyValueSpecification","valueRequired":true,"valueName":"search_term_string"}}],"inLanguage":"fi"},{"@type":"Organization","@id":"https:\/\/miumjau.ee\/#organization","name":"MiuMjau O\u00dc","url":"https:\/\/miumjau.ee\/","logo":{"@type":"ImageObject","inLanguage":"fi","@id":"https:\/\/miumjau.ee\/#\/schema\/logo\/image\/","url":"https:\/\/miumjau.ee\/wp-content\/uploads\/2022\/04\/MiuMjau-logo-kollane.png","contentUrl":"https:\/\/miumjau.ee\/wp-content\/uploads\/2022\/04\/MiuMjau-logo-kollane.png","width":219,"height":100,"caption":"MiuMjau O\u00dc"},"image":{"@id":"https:\/\/miumjau.ee\/#\/schema\/logo\/image\/"},"sameAs":["https:\/\/www.facebook.com\/miumjaupood\/"]}]}},"_links":{"self":[{"href":"https:\/\/miumjau.ee\/fi\/wp-json\/wp\/v2\/product\/49256","targetHints":{"allow":["GET"]}}],"collection":[{"href":"https:\/\/miumjau.ee\/fi\/wp-json\/wp\/v2\/product"}],"about":[{"href":"https:\/\/miumjau.ee\/fi\/wp-json\/wp\/v2\/types\/product"}],"wp:featuredmedia":[{"embeddable":true,"href":"https:\/\/miumjau.ee\/fi\/wp-json\/wp\/v2\/media\/36747"}],"wp:attachment":[{"href":"https:\/\/miumjau.ee\/fi\/wp-json\/wp\/v2\/media?parent=49256"}],"wp:term":[{"taxonomy":"product_brand","embeddable":true,"href":"https:\/\/miumjau.ee\/fi\/wp-json\/wp\/v2\/product_brand?post=49256"},{"taxonomy":"product_cat","embeddable":true,"href":"https:\/\/miumjau.ee\/fi\/wp-json\/wp\/v2\/product_cat?post=49256"},{"taxonomy":"product_tag","embeddable":true,"href":"https:\/\/miumjau.ee\/fi\/wp-json\/wp\/v2\/product_tag?post=49256"}],"curies":[{"name":"wp","href":"https:\/\/api.w.org\/{rel}","templated":true}]}}