{"id":49217,"date":"2025-07-20T10:48:16","date_gmt":"2025-07-20T07:48:16","guid":{"rendered":"https:\/\/miumjau.ee\/toode\/bugalugs-papaya-coconut-hajustesuihke-kissoille\/"},"modified":"2026-01-07T22:43:09","modified_gmt":"2026-01-07T20:43:09","slug":"bugalugs-papaya-coconut-hajustesuihke-kissoille","status":"publish","type":"product","link":"https:\/\/miumjau.ee\/fi\/tuote\/bugalugs-papaya-coconut-hajustesuihke-kissoille\/","title":{"rendered":"Bugalugs Papaya &#038; Coconut hajustesuihke kissoille"},"content":{"rendered":"","protected":false},"excerpt":{"rendered":"<p data-start=\"1181\" data-end=\"1279\">P\u00e4ivit\u00e4 kissasi nopeasti pesukertojen v\u00e4lill\u00e4 Bugalugs papaija &amp; kookos kissan vartalotuoksulla!<\/p>\n<p data-start=\"1281\" data-end=\"1428\">Nopeavaikutteinen suihke ja kaksivaikutteinen koostumus poistaa tehokkaasti ep\u00e4miellytt\u00e4vi\u00e4 hajuja samalla kun se kosteuttaa ja raikastaa turkin.<\/p>\n<p data-start=\"1430\" data-end=\"1600\">Pitk\u00e4kestoinen suihke sis\u00e4lt\u00e4\u00e4 Aloe Veraa ja pantenolia (pro-vitamiini B5), on hell\u00e4varainen iholle ja turvallinen nuolla. Raikasta ja neutraloi hajut ilman kylvetyst\u00e4.<\/p>\n<p data-start=\"1602\" data-end=\"1637\">Testattu ihmisill\u00e4, ei el\u00e4imill\u00e4.<\/p>\n<p data-start=\"1639\" data-end=\"1772\">Vegaaninen koostumus, valmistettu Iso-Britanniassa \u2013 luonnollisia ainesosia, rauhoittava kissan ja kissanpennun iholle ja turkille.<\/p>\n<p data-start=\"1774\" data-end=\"1886\"><strong data-start=\"1774\" data-end=\"1785\">K\u00e4ytt\u00f6:<\/strong> Suihkuta kuivaan turkkiin hoidon j\u00e4lkeen tai pesukertojen v\u00e4lill\u00e4, jotta kissa tuoksuu raikkaalta.<\/p>\n<p data-start=\"1888\" data-end=\"2146\"><strong data-start=\"1888\" data-end=\"1902\">Ainesosat:<\/strong> Aqua, denaturoitu alkoholi, Polysorbaatti 20, Parfyymi, Pantenoli, Glyseriini, Sitruunahappo, Natriumhydroksidi, Papaija (Carica Papaya) hedelm\u00e4uute, Aloe Vera (Aloe Barbadensis) lehtijauhe, Fenoksietanoli, Bensofenoni-4, CI 14700, CI 19140.<\/p>\n","protected":false},"featured_media":37792,"template":"","meta":[],"product_brand":[],"product_cat":[259],"product_tag":[],"class_list":{"0":"post-49217","1":"product","2":"type-product","3":"status-publish","4":"has-post-thumbnail","6":"product_cat-muut","8":"first","9":"instock","10":"taxable","11":"shipping-taxable","12":"purchasable","13":"product-type-simple"},"yoast_head":"<!-- This site is optimized with the Yoast SEO plugin v27.2 - https:\/\/yoast.com\/product\/yoast-seo-wordpress\/ -->\n<title>Bugalugs Papaya &amp; Coconut hajustesuihke kissoille - MiuMjau<\/title>\n<meta name=\"robots\" content=\"index, follow, max-snippet:-1, max-image-preview:large, max-video-preview:-1\" \/>\n<link rel=\"canonical\" href=\"https:\/\/miumjau.ee\/fi\/tuote\/bugalugs-papaya-coconut-hajustesuihke-kissoille\/\" \/>\n<meta property=\"og:locale\" content=\"fi_FI\" \/>\n<meta property=\"og:type\" content=\"article\" \/>\n<meta property=\"og:title\" content=\"Bugalugs Papaya &amp; Coconut hajustesuihke kissoille - MiuMjau\" \/>\n<meta property=\"og:description\" content=\"P\u00e4ivit\u00e4 kissasi nopeasti pesukertojen v\u00e4lill\u00e4 Bugalugs papaija &amp; kookos kissan vartalotuoksulla! Nopeavaikutteinen suihke ja kaksivaikutteinen koostumus poistaa tehokkaasti ep\u00e4miellytt\u00e4vi\u00e4 hajuja samalla kun se kosteuttaa ja raikastaa turkin. Pitk\u00e4kestoinen suihke sis\u00e4lt\u00e4\u00e4 Aloe Veraa ja pantenolia (pro-vitamiini B5), on hell\u00e4varainen iholle ja turvallinen nuolla. Raikasta ja neutraloi hajut ilman kylvetyst\u00e4. Testattu ihmisill\u00e4, ei el\u00e4imill\u00e4. Vegaaninen koostumus, valmistettu Iso-Britanniassa \u2013 luonnollisia ainesosia, rauhoittava kissan ja kissanpennun iholle ja turkille. K\u00e4ytt\u00f6: Suihkuta kuivaan turkkiin hoidon j\u00e4lkeen tai pesukertojen v\u00e4lill\u00e4, jotta kissa tuoksuu raikkaalta. Ainesosat: Aqua, denaturoitu alkoholi, Polysorbaatti 20, Parfyymi, Pantenoli, Glyseriini, Sitruunahappo, Natriumhydroksidi, Papaija (Carica Papaya) hedelm\u00e4uute, Aloe Vera (Aloe Barbadensis) lehtijauhe, Fenoksietanoli, Bensofenoni-4, CI 14700, CI 19140.\" \/>\n<meta property=\"og:url\" content=\"https:\/\/miumjau.ee\/fi\/tuote\/bugalugs-papaya-coconut-hajustesuihke-kissoille\/\" \/>\n<meta property=\"og:site_name\" content=\"MiuMjau\" \/>\n<meta property=\"article:publisher\" content=\"https:\/\/www.facebook.com\/miumjaupood\/\" \/>\n<meta property=\"article:modified_time\" content=\"2026-01-07T20:43:09+00:00\" \/>\n<meta property=\"og:image\" content=\"https:\/\/miumjau.ee\/wp-content\/uploads\/2025\/07\/lohnavesi-kassidele-bugalugs-papaia3.jpg\" \/>\n\t<meta property=\"og:image:width\" content=\"600\" \/>\n\t<meta property=\"og:image:height\" content=\"800\" \/>\n\t<meta property=\"og:image:type\" content=\"image\/jpeg\" \/>\n<meta name=\"twitter:card\" content=\"summary_large_image\" \/>\n<script type=\"application\/ld+json\" class=\"yoast-schema-graph\">{\"@context\":\"https:\/\/schema.org\",\"@graph\":[{\"@type\":\"WebPage\",\"@id\":\"https:\/\/miumjau.ee\/fi\/tuote\/bugalugs-papaya-coconut-hajustesuihke-kissoille\/\",\"url\":\"https:\/\/miumjau.ee\/fi\/tuote\/bugalugs-papaya-coconut-hajustesuihke-kissoille\/\",\"name\":\"Bugalugs Papaya & Coconut hajustesuihke kissoille - MiuMjau\",\"isPartOf\":{\"@id\":\"https:\/\/miumjau.ee\/#website\"},\"primaryImageOfPage\":{\"@id\":\"https:\/\/miumjau.ee\/fi\/tuote\/bugalugs-papaya-coconut-hajustesuihke-kissoille\/#primaryimage\"},\"image\":{\"@id\":\"https:\/\/miumjau.ee\/fi\/tuote\/bugalugs-papaya-coconut-hajustesuihke-kissoille\/#primaryimage\"},\"thumbnailUrl\":\"https:\/\/miumjau.ee\/wp-content\/uploads\/2025\/07\/lohnavesi-kassidele-bugalugs-papaia3.jpg\",\"datePublished\":\"2025-07-20T07:48:16+00:00\",\"dateModified\":\"2026-01-07T20:43:09+00:00\",\"breadcrumb\":{\"@id\":\"https:\/\/miumjau.ee\/fi\/tuote\/bugalugs-papaya-coconut-hajustesuihke-kissoille\/#breadcrumb\"},\"inLanguage\":\"fi\",\"potentialAction\":[{\"@type\":\"ReadAction\",\"target\":[\"https:\/\/miumjau.ee\/fi\/tuote\/bugalugs-papaya-coconut-hajustesuihke-kissoille\/\"]}]},{\"@type\":\"ImageObject\",\"inLanguage\":\"fi\",\"@id\":\"https:\/\/miumjau.ee\/fi\/tuote\/bugalugs-papaya-coconut-hajustesuihke-kissoille\/#primaryimage\",\"url\":\"https:\/\/miumjau.ee\/wp-content\/uploads\/2025\/07\/lohnavesi-kassidele-bugalugs-papaia3.jpg\",\"contentUrl\":\"https:\/\/miumjau.ee\/wp-content\/uploads\/2025\/07\/lohnavesi-kassidele-bugalugs-papaia3.jpg\",\"width\":600,\"height\":800,\"caption\":\"L\u00f5hnavesi kassidele Bugalugs Papaya & Coconut\"},{\"@type\":\"BreadcrumbList\",\"@id\":\"https:\/\/miumjau.ee\/fi\/tuote\/bugalugs-papaya-coconut-hajustesuihke-kissoille\/#breadcrumb\",\"itemListElement\":[{\"@type\":\"ListItem\",\"position\":1,\"name\":\"Home\",\"item\":\"https:\/\/miumjau.ee\/fi\/\"},{\"@type\":\"ListItem\",\"position\":2,\"name\":\"Kauppa\",\"item\":\"https:\/\/miumjau.ee\/fi\/kauppa\/\"},{\"@type\":\"ListItem\",\"position\":3,\"name\":\"Bugalugs Papaya &#038; Coconut hajustesuihke kissoille\"}]},{\"@type\":\"WebSite\",\"@id\":\"https:\/\/miumjau.ee\/#website\",\"url\":\"https:\/\/miumjau.ee\/\",\"name\":\"MiuMjau\",\"description\":\"Kraapimispuud kassidele\",\"publisher\":{\"@id\":\"https:\/\/miumjau.ee\/#organization\"},\"potentialAction\":[{\"@type\":\"SearchAction\",\"target\":{\"@type\":\"EntryPoint\",\"urlTemplate\":\"https:\/\/miumjau.ee\/?s={search_term_string}\"},\"query-input\":{\"@type\":\"PropertyValueSpecification\",\"valueRequired\":true,\"valueName\":\"search_term_string\"}}],\"inLanguage\":\"fi\"},{\"@type\":\"Organization\",\"@id\":\"https:\/\/miumjau.ee\/#organization\",\"name\":\"MiuMjau O\u00dc\",\"url\":\"https:\/\/miumjau.ee\/\",\"logo\":{\"@type\":\"ImageObject\",\"inLanguage\":\"fi\",\"@id\":\"https:\/\/miumjau.ee\/#\/schema\/logo\/image\/\",\"url\":\"https:\/\/miumjau.ee\/wp-content\/uploads\/2022\/04\/MiuMjau-logo-kollane.png\",\"contentUrl\":\"https:\/\/miumjau.ee\/wp-content\/uploads\/2022\/04\/MiuMjau-logo-kollane.png\",\"width\":219,\"height\":100,\"caption\":\"MiuMjau O\u00dc\"},\"image\":{\"@id\":\"https:\/\/miumjau.ee\/#\/schema\/logo\/image\/\"},\"sameAs\":[\"https:\/\/www.facebook.com\/miumjaupood\/\"]}]}<\/script>\n<!-- \/ Yoast SEO plugin. -->","yoast_head_json":{"title":"Bugalugs Papaya & Coconut hajustesuihke kissoille - MiuMjau","robots":{"index":"index","follow":"follow","max-snippet":"max-snippet:-1","max-image-preview":"max-image-preview:large","max-video-preview":"max-video-preview:-1"},"canonical":"https:\/\/miumjau.ee\/fi\/tuote\/bugalugs-papaya-coconut-hajustesuihke-kissoille\/","og_locale":"fi_FI","og_type":"article","og_title":"Bugalugs Papaya & Coconut hajustesuihke kissoille - MiuMjau","og_description":"P\u00e4ivit\u00e4 kissasi nopeasti pesukertojen v\u00e4lill\u00e4 Bugalugs papaija &amp; kookos kissan vartalotuoksulla! Nopeavaikutteinen suihke ja kaksivaikutteinen koostumus poistaa tehokkaasti ep\u00e4miellytt\u00e4vi\u00e4 hajuja samalla kun se kosteuttaa ja raikastaa turkin. Pitk\u00e4kestoinen suihke sis\u00e4lt\u00e4\u00e4 Aloe Veraa ja pantenolia (pro-vitamiini B5), on hell\u00e4varainen iholle ja turvallinen nuolla. Raikasta ja neutraloi hajut ilman kylvetyst\u00e4. Testattu ihmisill\u00e4, ei el\u00e4imill\u00e4. Vegaaninen koostumus, valmistettu Iso-Britanniassa \u2013 luonnollisia ainesosia, rauhoittava kissan ja kissanpennun iholle ja turkille. K\u00e4ytt\u00f6: Suihkuta kuivaan turkkiin hoidon j\u00e4lkeen tai pesukertojen v\u00e4lill\u00e4, jotta kissa tuoksuu raikkaalta. Ainesosat: Aqua, denaturoitu alkoholi, Polysorbaatti 20, Parfyymi, Pantenoli, Glyseriini, Sitruunahappo, Natriumhydroksidi, Papaija (Carica Papaya) hedelm\u00e4uute, Aloe Vera (Aloe Barbadensis) lehtijauhe, Fenoksietanoli, Bensofenoni-4, CI 14700, CI 19140.","og_url":"https:\/\/miumjau.ee\/fi\/tuote\/bugalugs-papaya-coconut-hajustesuihke-kissoille\/","og_site_name":"MiuMjau","article_publisher":"https:\/\/www.facebook.com\/miumjaupood\/","article_modified_time":"2026-01-07T20:43:09+00:00","og_image":[{"width":600,"height":800,"url":"https:\/\/miumjau.ee\/wp-content\/uploads\/2025\/07\/lohnavesi-kassidele-bugalugs-papaia3.jpg","type":"image\/jpeg"}],"twitter_card":"summary_large_image","schema":{"@context":"https:\/\/schema.org","@graph":[{"@type":"WebPage","@id":"https:\/\/miumjau.ee\/fi\/tuote\/bugalugs-papaya-coconut-hajustesuihke-kissoille\/","url":"https:\/\/miumjau.ee\/fi\/tuote\/bugalugs-papaya-coconut-hajustesuihke-kissoille\/","name":"Bugalugs Papaya & Coconut hajustesuihke kissoille - MiuMjau","isPartOf":{"@id":"https:\/\/miumjau.ee\/#website"},"primaryImageOfPage":{"@id":"https:\/\/miumjau.ee\/fi\/tuote\/bugalugs-papaya-coconut-hajustesuihke-kissoille\/#primaryimage"},"image":{"@id":"https:\/\/miumjau.ee\/fi\/tuote\/bugalugs-papaya-coconut-hajustesuihke-kissoille\/#primaryimage"},"thumbnailUrl":"https:\/\/miumjau.ee\/wp-content\/uploads\/2025\/07\/lohnavesi-kassidele-bugalugs-papaia3.jpg","datePublished":"2025-07-20T07:48:16+00:00","dateModified":"2026-01-07T20:43:09+00:00","breadcrumb":{"@id":"https:\/\/miumjau.ee\/fi\/tuote\/bugalugs-papaya-coconut-hajustesuihke-kissoille\/#breadcrumb"},"inLanguage":"fi","potentialAction":[{"@type":"ReadAction","target":["https:\/\/miumjau.ee\/fi\/tuote\/bugalugs-papaya-coconut-hajustesuihke-kissoille\/"]}]},{"@type":"ImageObject","inLanguage":"fi","@id":"https:\/\/miumjau.ee\/fi\/tuote\/bugalugs-papaya-coconut-hajustesuihke-kissoille\/#primaryimage","url":"https:\/\/miumjau.ee\/wp-content\/uploads\/2025\/07\/lohnavesi-kassidele-bugalugs-papaia3.jpg","contentUrl":"https:\/\/miumjau.ee\/wp-content\/uploads\/2025\/07\/lohnavesi-kassidele-bugalugs-papaia3.jpg","width":600,"height":800,"caption":"L\u00f5hnavesi kassidele Bugalugs Papaya & Coconut"},{"@type":"BreadcrumbList","@id":"https:\/\/miumjau.ee\/fi\/tuote\/bugalugs-papaya-coconut-hajustesuihke-kissoille\/#breadcrumb","itemListElement":[{"@type":"ListItem","position":1,"name":"Home","item":"https:\/\/miumjau.ee\/fi\/"},{"@type":"ListItem","position":2,"name":"Kauppa","item":"https:\/\/miumjau.ee\/fi\/kauppa\/"},{"@type":"ListItem","position":3,"name":"Bugalugs Papaya &#038; Coconut hajustesuihke kissoille"}]},{"@type":"WebSite","@id":"https:\/\/miumjau.ee\/#website","url":"https:\/\/miumjau.ee\/","name":"MiuMjau","description":"Kraapimispuud kassidele","publisher":{"@id":"https:\/\/miumjau.ee\/#organization"},"potentialAction":[{"@type":"SearchAction","target":{"@type":"EntryPoint","urlTemplate":"https:\/\/miumjau.ee\/?s={search_term_string}"},"query-input":{"@type":"PropertyValueSpecification","valueRequired":true,"valueName":"search_term_string"}}],"inLanguage":"fi"},{"@type":"Organization","@id":"https:\/\/miumjau.ee\/#organization","name":"MiuMjau O\u00dc","url":"https:\/\/miumjau.ee\/","logo":{"@type":"ImageObject","inLanguage":"fi","@id":"https:\/\/miumjau.ee\/#\/schema\/logo\/image\/","url":"https:\/\/miumjau.ee\/wp-content\/uploads\/2022\/04\/MiuMjau-logo-kollane.png","contentUrl":"https:\/\/miumjau.ee\/wp-content\/uploads\/2022\/04\/MiuMjau-logo-kollane.png","width":219,"height":100,"caption":"MiuMjau O\u00dc"},"image":{"@id":"https:\/\/miumjau.ee\/#\/schema\/logo\/image\/"},"sameAs":["https:\/\/www.facebook.com\/miumjaupood\/"]}]}},"_links":{"self":[{"href":"https:\/\/miumjau.ee\/fi\/wp-json\/wp\/v2\/product\/49217","targetHints":{"allow":["GET"]}}],"collection":[{"href":"https:\/\/miumjau.ee\/fi\/wp-json\/wp\/v2\/product"}],"about":[{"href":"https:\/\/miumjau.ee\/fi\/wp-json\/wp\/v2\/types\/product"}],"wp:featuredmedia":[{"embeddable":true,"href":"https:\/\/miumjau.ee\/fi\/wp-json\/wp\/v2\/media\/37792"}],"wp:attachment":[{"href":"https:\/\/miumjau.ee\/fi\/wp-json\/wp\/v2\/media?parent=49217"}],"wp:term":[{"taxonomy":"product_brand","embeddable":true,"href":"https:\/\/miumjau.ee\/fi\/wp-json\/wp\/v2\/product_brand?post=49217"},{"taxonomy":"product_cat","embeddable":true,"href":"https:\/\/miumjau.ee\/fi\/wp-json\/wp\/v2\/product_cat?post=49217"},{"taxonomy":"product_tag","embeddable":true,"href":"https:\/\/miumjau.ee\/fi\/wp-json\/wp\/v2\/product_tag?post=49217"}],"curies":[{"name":"wp","href":"https:\/\/api.w.org\/{rel}","templated":true}]}}