{"id":49210,"date":"2025-08-10T20:40:35","date_gmt":"2025-08-10T17:40:35","guid":{"rendered":"https:\/\/miumjau.ee\/toode\/churu-fun-bites-kissoille-kana-12g-x-8-kpl\/"},"modified":"2026-01-07T22:43:09","modified_gmt":"2026-01-07T20:43:09","slug":"churu-fun-bites-kissoille-kana-12g-x-8-kpl","status":"publish","type":"product","link":"https:\/\/miumjau.ee\/fi\/tuote\/churu-fun-bites-kissoille-kana-12g-x-8-kpl\/","title":{"rendered":"Churu Fun Bites kissoille \u2013 kana, 12g x 8 kpl"},"content":{"rendered":"","protected":false},"excerpt":{"rendered":"<p data-start=\"1322\" data-end=\"1781\">Churu Fun Bites ovat herkullisia kissanherkkuja, joissa yhdistyv\u00e4t kaksi koostumusta \u2013 pehme\u00e4 paistettu kanapata ja kermainen Churu-t\u00e4yte. Valmistettu korkealaatuisesta maatilakanasta ja luonnonvaraisesta tonnikalasta. Ei sis\u00e4ll\u00e4 viljaa, s\u00e4il\u00f6nt\u00e4aineita, karageenia tai keinotekoisia v\u00e4rej\u00e4. Pakkauksessa on kolme erillist\u00e4 annosta, jotka pit\u00e4v\u00e4t herkut tuoreina ja helposti jaettavina. Sopii my\u00f6s nirsoille kissoille ja tabletteja voi piilottaa herkkuihin.<\/p>\n<p data-start=\"1783\" data-end=\"2024\"><strong data-start=\"1783\" data-end=\"1797\">Ainesosat:<\/strong> Kana, vesi, tonnikala, kuivattu bonito, tapiokat\u00e4rkkelys, kananvalkuainen, natriumkaseinaatti, guarkumi, luonnollinen kananmaku, luonnolliset aromit, hiivauute, tauriini, paprika (v\u00e4ri), E-vitamiinin lis\u00e4, vihre\u00e4n teen uute.<\/p>\n<p data-start=\"2026\" data-end=\"2045\"><strong data-start=\"2026\" data-end=\"2043\">Ravintoarvot:<\/strong><\/p>\n<ul data-start=\"2046\" data-end=\"2270\">\n<li data-start=\"2046\" data-end=\"2074\">\n<p data-start=\"2048\" data-end=\"2074\">Proteiini: v\u00e4hint\u00e4\u00e4n 24%<\/p>\n<\/li>\n<li data-start=\"2075\" data-end=\"2098\">\n<p data-start=\"2077\" data-end=\"2098\">Rasva: v\u00e4hint\u00e4\u00e4n 3%<\/p>\n<\/li>\n<li data-start=\"2099\" data-end=\"2123\">\n<p data-start=\"2101\" data-end=\"2123\">Kuitu: enint\u00e4\u00e4n 0,5%<\/p>\n<\/li>\n<li data-start=\"2124\" data-end=\"2149\">\n<p data-start=\"2126\" data-end=\"2149\">Kosteus: enint\u00e4\u00e4n 69%<\/p>\n<\/li>\n<li data-start=\"2150\" data-end=\"2185\">\n<p data-start=\"2152\" data-end=\"2185\">E-vitamiini: v\u00e4hint\u00e4\u00e4n 92 IU\/kg<\/p>\n<\/li>\n<li data-start=\"2186\" data-end=\"2217\">\n<p data-start=\"2188\" data-end=\"2217\">Tauriinia: v\u00e4hint\u00e4\u00e4n 0,026%<\/p>\n<\/li>\n<li data-start=\"2218\" data-end=\"2270\">\n<p data-start=\"2220\" data-end=\"2270\">Energiapitoisuus: 1400 kcal\/kg (17 kcal\/pakkaus)<\/p>\n<\/li>\n<\/ul>\n<p data-start=\"2272\" data-end=\"2481\"><strong data-start=\"2272\" data-end=\"2283\">K\u00e4ytt\u00f6:<\/strong> Tarjoa herkkuna, ei p\u00e4\u00e4ruokana. Varmista aina raikas juomavesi. S\u00e4ilyt\u00e4 avaamattomat pakkaukset viile\u00e4ss\u00e4 ja kuivassa paikassa. Avaamisen j\u00e4lkeen s\u00e4ilyt\u00e4 j\u00e4\u00e4kaapissa ja k\u00e4yt\u00e4 mahdollisimman pian.<\/p>\n","protected":false},"featured_media":38503,"template":"","meta":[],"product_brand":[],"product_cat":[266],"product_tag":[],"class_list":{"0":"post-49210","1":"product","2":"type-product","3":"status-publish","4":"has-post-thumbnail","6":"product_cat-makeiset","8":"first","9":"instock","10":"taxable","11":"shipping-taxable","12":"purchasable","13":"product-type-simple"},"yoast_head":"<!-- This site is optimized with the Yoast SEO plugin v27.2 - https:\/\/yoast.com\/product\/yoast-seo-wordpress\/ -->\n<title>Churu Fun Bites kissoille \u2013 kana, 12g x 8 kpl - MiuMjau<\/title>\n<meta name=\"robots\" content=\"index, follow, max-snippet:-1, max-image-preview:large, max-video-preview:-1\" \/>\n<link rel=\"canonical\" href=\"https:\/\/miumjau.ee\/fi\/tuote\/churu-fun-bites-kissoille-kana-12g-x-8-kpl\/\" \/>\n<meta property=\"og:locale\" content=\"fi_FI\" \/>\n<meta property=\"og:type\" content=\"article\" \/>\n<meta property=\"og:title\" content=\"Churu Fun Bites kissoille \u2013 kana, 12g x 8 kpl - MiuMjau\" \/>\n<meta property=\"og:description\" content=\"Churu Fun Bites ovat herkullisia kissanherkkuja, joissa yhdistyv\u00e4t kaksi koostumusta \u2013 pehme\u00e4 paistettu kanapata ja kermainen Churu-t\u00e4yte. Valmistettu korkealaatuisesta maatilakanasta ja luonnonvaraisesta tonnikalasta. Ei sis\u00e4ll\u00e4 viljaa, s\u00e4il\u00f6nt\u00e4aineita, karageenia tai keinotekoisia v\u00e4rej\u00e4. Pakkauksessa on kolme erillist\u00e4 annosta, jotka pit\u00e4v\u00e4t herkut tuoreina ja helposti jaettavina. Sopii my\u00f6s nirsoille kissoille ja tabletteja voi piilottaa herkkuihin. Ainesosat: Kana, vesi, tonnikala, kuivattu bonito, tapiokat\u00e4rkkelys, kananvalkuainen, natriumkaseinaatti, guarkumi, luonnollinen kananmaku, luonnolliset aromit, hiivauute, tauriini, paprika (v\u00e4ri), E-vitamiinin lis\u00e4, vihre\u00e4n teen uute. Ravintoarvot:     Proteiini: v\u00e4hint\u00e4\u00e4n 24%    Rasva: v\u00e4hint\u00e4\u00e4n 3%    Kuitu: enint\u00e4\u00e4n 0,5%    Kosteus: enint\u00e4\u00e4n 69%    E-vitamiini: v\u00e4hint\u00e4\u00e4n 92 IU\/kg    Tauriinia: v\u00e4hint\u00e4\u00e4n 0,026%    Energiapitoisuus: 1400 kcal\/kg (17 kcal\/pakkaus)   K\u00e4ytt\u00f6: Tarjoa herkkuna, ei p\u00e4\u00e4ruokana. Varmista aina raikas juomavesi. S\u00e4ilyt\u00e4 avaamattomat pakkaukset viile\u00e4ss\u00e4 ja kuivassa paikassa. Avaamisen j\u00e4lkeen s\u00e4ilyt\u00e4 j\u00e4\u00e4kaapissa ja k\u00e4yt\u00e4 mahdollisimman pian.\" \/>\n<meta property=\"og:url\" content=\"https:\/\/miumjau.ee\/fi\/tuote\/churu-fun-bites-kissoille-kana-12g-x-8-kpl\/\" \/>\n<meta property=\"og:site_name\" content=\"MiuMjau\" \/>\n<meta property=\"article:publisher\" content=\"https:\/\/www.facebook.com\/miumjaupood\/\" \/>\n<meta property=\"article:modified_time\" content=\"2026-01-07T20:43:09+00:00\" \/>\n<meta property=\"og:image\" content=\"https:\/\/miumjau.ee\/wp-content\/uploads\/2025\/08\/churu-fun-bites2.jpg\" \/>\n\t<meta property=\"og:image:width\" content=\"600\" \/>\n\t<meta property=\"og:image:height\" content=\"800\" \/>\n\t<meta property=\"og:image:type\" content=\"image\/jpeg\" \/>\n<meta name=\"twitter:card\" content=\"summary_large_image\" \/>\n<script type=\"application\/ld+json\" class=\"yoast-schema-graph\">{\"@context\":\"https:\/\/schema.org\",\"@graph\":[{\"@type\":\"WebPage\",\"@id\":\"https:\/\/miumjau.ee\/fi\/tuote\/churu-fun-bites-kissoille-kana-12g-x-8-kpl\/\",\"url\":\"https:\/\/miumjau.ee\/fi\/tuote\/churu-fun-bites-kissoille-kana-12g-x-8-kpl\/\",\"name\":\"Churu Fun Bites kissoille \u2013 kana, 12g x 8 kpl - MiuMjau\",\"isPartOf\":{\"@id\":\"https:\/\/miumjau.ee\/#website\"},\"primaryImageOfPage\":{\"@id\":\"https:\/\/miumjau.ee\/fi\/tuote\/churu-fun-bites-kissoille-kana-12g-x-8-kpl\/#primaryimage\"},\"image\":{\"@id\":\"https:\/\/miumjau.ee\/fi\/tuote\/churu-fun-bites-kissoille-kana-12g-x-8-kpl\/#primaryimage\"},\"thumbnailUrl\":\"https:\/\/miumjau.ee\/wp-content\/uploads\/2025\/08\/churu-fun-bites2.jpg\",\"datePublished\":\"2025-08-10T17:40:35+00:00\",\"dateModified\":\"2026-01-07T20:43:09+00:00\",\"breadcrumb\":{\"@id\":\"https:\/\/miumjau.ee\/fi\/tuote\/churu-fun-bites-kissoille-kana-12g-x-8-kpl\/#breadcrumb\"},\"inLanguage\":\"fi\",\"potentialAction\":[{\"@type\":\"ReadAction\",\"target\":[\"https:\/\/miumjau.ee\/fi\/tuote\/churu-fun-bites-kissoille-kana-12g-x-8-kpl\/\"]}]},{\"@type\":\"ImageObject\",\"inLanguage\":\"fi\",\"@id\":\"https:\/\/miumjau.ee\/fi\/tuote\/churu-fun-bites-kissoille-kana-12g-x-8-kpl\/#primaryimage\",\"url\":\"https:\/\/miumjau.ee\/wp-content\/uploads\/2025\/08\/churu-fun-bites2.jpg\",\"contentUrl\":\"https:\/\/miumjau.ee\/wp-content\/uploads\/2025\/08\/churu-fun-bites2.jpg\",\"width\":600,\"height\":800,\"caption\":\"Churu Fun Bites kassidele kanaga 12g x 8pk\"},{\"@type\":\"BreadcrumbList\",\"@id\":\"https:\/\/miumjau.ee\/fi\/tuote\/churu-fun-bites-kissoille-kana-12g-x-8-kpl\/#breadcrumb\",\"itemListElement\":[{\"@type\":\"ListItem\",\"position\":1,\"name\":\"Home\",\"item\":\"https:\/\/miumjau.ee\/fi\/\"},{\"@type\":\"ListItem\",\"position\":2,\"name\":\"Kauppa\",\"item\":\"https:\/\/miumjau.ee\/fi\/kauppa\/\"},{\"@type\":\"ListItem\",\"position\":3,\"name\":\"Churu Fun Bites kissoille \u2013 kana, 12g x 8 kpl\"}]},{\"@type\":\"WebSite\",\"@id\":\"https:\/\/miumjau.ee\/#website\",\"url\":\"https:\/\/miumjau.ee\/\",\"name\":\"MiuMjau\",\"description\":\"Kraapimispuud kassidele\",\"publisher\":{\"@id\":\"https:\/\/miumjau.ee\/#organization\"},\"potentialAction\":[{\"@type\":\"SearchAction\",\"target\":{\"@type\":\"EntryPoint\",\"urlTemplate\":\"https:\/\/miumjau.ee\/?s={search_term_string}\"},\"query-input\":{\"@type\":\"PropertyValueSpecification\",\"valueRequired\":true,\"valueName\":\"search_term_string\"}}],\"inLanguage\":\"fi\"},{\"@type\":\"Organization\",\"@id\":\"https:\/\/miumjau.ee\/#organization\",\"name\":\"MiuMjau O\u00dc\",\"url\":\"https:\/\/miumjau.ee\/\",\"logo\":{\"@type\":\"ImageObject\",\"inLanguage\":\"fi\",\"@id\":\"https:\/\/miumjau.ee\/#\/schema\/logo\/image\/\",\"url\":\"https:\/\/miumjau.ee\/wp-content\/uploads\/2022\/04\/MiuMjau-logo-kollane.png\",\"contentUrl\":\"https:\/\/miumjau.ee\/wp-content\/uploads\/2022\/04\/MiuMjau-logo-kollane.png\",\"width\":219,\"height\":100,\"caption\":\"MiuMjau O\u00dc\"},\"image\":{\"@id\":\"https:\/\/miumjau.ee\/#\/schema\/logo\/image\/\"},\"sameAs\":[\"https:\/\/www.facebook.com\/miumjaupood\/\"]}]}<\/script>\n<!-- \/ Yoast SEO plugin. -->","yoast_head_json":{"title":"Churu Fun Bites kissoille \u2013 kana, 12g x 8 kpl - MiuMjau","robots":{"index":"index","follow":"follow","max-snippet":"max-snippet:-1","max-image-preview":"max-image-preview:large","max-video-preview":"max-video-preview:-1"},"canonical":"https:\/\/miumjau.ee\/fi\/tuote\/churu-fun-bites-kissoille-kana-12g-x-8-kpl\/","og_locale":"fi_FI","og_type":"article","og_title":"Churu Fun Bites kissoille \u2013 kana, 12g x 8 kpl - MiuMjau","og_description":"Churu Fun Bites ovat herkullisia kissanherkkuja, joissa yhdistyv\u00e4t kaksi koostumusta \u2013 pehme\u00e4 paistettu kanapata ja kermainen Churu-t\u00e4yte. Valmistettu korkealaatuisesta maatilakanasta ja luonnonvaraisesta tonnikalasta. Ei sis\u00e4ll\u00e4 viljaa, s\u00e4il\u00f6nt\u00e4aineita, karageenia tai keinotekoisia v\u00e4rej\u00e4. Pakkauksessa on kolme erillist\u00e4 annosta, jotka pit\u00e4v\u00e4t herkut tuoreina ja helposti jaettavina. Sopii my\u00f6s nirsoille kissoille ja tabletteja voi piilottaa herkkuihin. Ainesosat: Kana, vesi, tonnikala, kuivattu bonito, tapiokat\u00e4rkkelys, kananvalkuainen, natriumkaseinaatti, guarkumi, luonnollinen kananmaku, luonnolliset aromit, hiivauute, tauriini, paprika (v\u00e4ri), E-vitamiinin lis\u00e4, vihre\u00e4n teen uute. Ravintoarvot:     Proteiini: v\u00e4hint\u00e4\u00e4n 24%    Rasva: v\u00e4hint\u00e4\u00e4n 3%    Kuitu: enint\u00e4\u00e4n 0,5%    Kosteus: enint\u00e4\u00e4n 69%    E-vitamiini: v\u00e4hint\u00e4\u00e4n 92 IU\/kg    Tauriinia: v\u00e4hint\u00e4\u00e4n 0,026%    Energiapitoisuus: 1400 kcal\/kg (17 kcal\/pakkaus)   K\u00e4ytt\u00f6: Tarjoa herkkuna, ei p\u00e4\u00e4ruokana. Varmista aina raikas juomavesi. S\u00e4ilyt\u00e4 avaamattomat pakkaukset viile\u00e4ss\u00e4 ja kuivassa paikassa. Avaamisen j\u00e4lkeen s\u00e4ilyt\u00e4 j\u00e4\u00e4kaapissa ja k\u00e4yt\u00e4 mahdollisimman pian.","og_url":"https:\/\/miumjau.ee\/fi\/tuote\/churu-fun-bites-kissoille-kana-12g-x-8-kpl\/","og_site_name":"MiuMjau","article_publisher":"https:\/\/www.facebook.com\/miumjaupood\/","article_modified_time":"2026-01-07T20:43:09+00:00","og_image":[{"width":600,"height":800,"url":"https:\/\/miumjau.ee\/wp-content\/uploads\/2025\/08\/churu-fun-bites2.jpg","type":"image\/jpeg"}],"twitter_card":"summary_large_image","schema":{"@context":"https:\/\/schema.org","@graph":[{"@type":"WebPage","@id":"https:\/\/miumjau.ee\/fi\/tuote\/churu-fun-bites-kissoille-kana-12g-x-8-kpl\/","url":"https:\/\/miumjau.ee\/fi\/tuote\/churu-fun-bites-kissoille-kana-12g-x-8-kpl\/","name":"Churu Fun Bites kissoille \u2013 kana, 12g x 8 kpl - MiuMjau","isPartOf":{"@id":"https:\/\/miumjau.ee\/#website"},"primaryImageOfPage":{"@id":"https:\/\/miumjau.ee\/fi\/tuote\/churu-fun-bites-kissoille-kana-12g-x-8-kpl\/#primaryimage"},"image":{"@id":"https:\/\/miumjau.ee\/fi\/tuote\/churu-fun-bites-kissoille-kana-12g-x-8-kpl\/#primaryimage"},"thumbnailUrl":"https:\/\/miumjau.ee\/wp-content\/uploads\/2025\/08\/churu-fun-bites2.jpg","datePublished":"2025-08-10T17:40:35+00:00","dateModified":"2026-01-07T20:43:09+00:00","breadcrumb":{"@id":"https:\/\/miumjau.ee\/fi\/tuote\/churu-fun-bites-kissoille-kana-12g-x-8-kpl\/#breadcrumb"},"inLanguage":"fi","potentialAction":[{"@type":"ReadAction","target":["https:\/\/miumjau.ee\/fi\/tuote\/churu-fun-bites-kissoille-kana-12g-x-8-kpl\/"]}]},{"@type":"ImageObject","inLanguage":"fi","@id":"https:\/\/miumjau.ee\/fi\/tuote\/churu-fun-bites-kissoille-kana-12g-x-8-kpl\/#primaryimage","url":"https:\/\/miumjau.ee\/wp-content\/uploads\/2025\/08\/churu-fun-bites2.jpg","contentUrl":"https:\/\/miumjau.ee\/wp-content\/uploads\/2025\/08\/churu-fun-bites2.jpg","width":600,"height":800,"caption":"Churu Fun Bites kassidele kanaga 12g x 8pk"},{"@type":"BreadcrumbList","@id":"https:\/\/miumjau.ee\/fi\/tuote\/churu-fun-bites-kissoille-kana-12g-x-8-kpl\/#breadcrumb","itemListElement":[{"@type":"ListItem","position":1,"name":"Home","item":"https:\/\/miumjau.ee\/fi\/"},{"@type":"ListItem","position":2,"name":"Kauppa","item":"https:\/\/miumjau.ee\/fi\/kauppa\/"},{"@type":"ListItem","position":3,"name":"Churu Fun Bites kissoille \u2013 kana, 12g x 8 kpl"}]},{"@type":"WebSite","@id":"https:\/\/miumjau.ee\/#website","url":"https:\/\/miumjau.ee\/","name":"MiuMjau","description":"Kraapimispuud kassidele","publisher":{"@id":"https:\/\/miumjau.ee\/#organization"},"potentialAction":[{"@type":"SearchAction","target":{"@type":"EntryPoint","urlTemplate":"https:\/\/miumjau.ee\/?s={search_term_string}"},"query-input":{"@type":"PropertyValueSpecification","valueRequired":true,"valueName":"search_term_string"}}],"inLanguage":"fi"},{"@type":"Organization","@id":"https:\/\/miumjau.ee\/#organization","name":"MiuMjau O\u00dc","url":"https:\/\/miumjau.ee\/","logo":{"@type":"ImageObject","inLanguage":"fi","@id":"https:\/\/miumjau.ee\/#\/schema\/logo\/image\/","url":"https:\/\/miumjau.ee\/wp-content\/uploads\/2022\/04\/MiuMjau-logo-kollane.png","contentUrl":"https:\/\/miumjau.ee\/wp-content\/uploads\/2022\/04\/MiuMjau-logo-kollane.png","width":219,"height":100,"caption":"MiuMjau O\u00dc"},"image":{"@id":"https:\/\/miumjau.ee\/#\/schema\/logo\/image\/"},"sameAs":["https:\/\/www.facebook.com\/miumjaupood\/"]}]}},"_links":{"self":[{"href":"https:\/\/miumjau.ee\/fi\/wp-json\/wp\/v2\/product\/49210","targetHints":{"allow":["GET"]}}],"collection":[{"href":"https:\/\/miumjau.ee\/fi\/wp-json\/wp\/v2\/product"}],"about":[{"href":"https:\/\/miumjau.ee\/fi\/wp-json\/wp\/v2\/types\/product"}],"wp:featuredmedia":[{"embeddable":true,"href":"https:\/\/miumjau.ee\/fi\/wp-json\/wp\/v2\/media\/38503"}],"wp:attachment":[{"href":"https:\/\/miumjau.ee\/fi\/wp-json\/wp\/v2\/media?parent=49210"}],"wp:term":[{"taxonomy":"product_brand","embeddable":true,"href":"https:\/\/miumjau.ee\/fi\/wp-json\/wp\/v2\/product_brand?post=49210"},{"taxonomy":"product_cat","embeddable":true,"href":"https:\/\/miumjau.ee\/fi\/wp-json\/wp\/v2\/product_cat?post=49210"},{"taxonomy":"product_tag","embeddable":true,"href":"https:\/\/miumjau.ee\/fi\/wp-json\/wp\/v2\/product_tag?post=49210"}],"curies":[{"name":"wp","href":"https:\/\/api.w.org\/{rel}","templated":true}]}}