{"id":49202,"date":"2025-08-12T16:37:09","date_gmt":"2025-08-12T13:37:09","guid":{"rendered":"https:\/\/miumjau.ee\/toode\/kiipeilypuu-miumjau-7047-122-cm\/"},"modified":"2026-01-07T22:43:09","modified_gmt":"2026-01-07T20:43:09","slug":"kiipeilypuu-miumjau-7047-122-cm","status":"publish","type":"product","link":"https:\/\/miumjau.ee\/fi\/tuote\/kiipeilypuu-miumjau-7047-122-cm\/","title":{"rendered":"Kiipeilypuu MiuMjau 7047, 122 cm"},"content":{"rendered":"","protected":false},"excerpt":{"rendered":"<p data-start=\"75\" data-end=\"517\">Kissat tarvitsevat raapimispuun, koska raapiminen on niiden luonnollinen tapa hoitaa kynsi\u00e4, venytt\u00e4\u00e4 lihaksia ja merkit\u00e4 reviiri\u00e4. Ilman raapimispuuta ne saattavat k\u00e4ytt\u00e4\u00e4 sohvaa tai verhoja, mik\u00e4 voi johtaa kalliisiin huonekalujen korjauksiin. Raapimispuu tarjoaa my\u00f6s kissalle leikki- ja kiipeilymahdollisuuksia, pit\u00e4\u00e4 sen aktiivisena ja v\u00e4hent\u00e4\u00e4 tylsistymist\u00e4. Yksinkertainen sijoitus, joka tekee kissasta onnellisen ja kodista siistin.<\/p>\n<p data-start=\"519\" data-end=\"662\">Kiipeilypuu on tyylik\u00e4s ja kompakti. Kaikki, mit\u00e4 kissa tarvitsee, l\u00f6ytyy yhdest\u00e4 tuotteesta. Sopii kissanpennuista keskikokoisiin kissoihin.<\/p>\n<p data-start=\"664\" data-end=\"685\"><strong data-start=\"664\" data-end=\"683\">Tuotteen mitat:<\/strong><\/p>\n<ul data-start=\"686\" data-end=\"827\">\n<li data-start=\"686\" data-end=\"705\">\n<p data-start=\"688\" data-end=\"705\">Korkeus: 122 cm<\/p>\n<\/li>\n<li data-start=\"706\" data-end=\"737\">\n<p data-start=\"708\" data-end=\"737\">Pylv\u00e4iden halkaisija: 11 cm<\/p>\n<\/li>\n<li data-start=\"738\" data-end=\"766\">\n<p data-start=\"740\" data-end=\"766\">Pohjan mitat: 55 x 65 cm<\/p>\n<\/li>\n<li data-start=\"767\" data-end=\"792\">\n<p data-start=\"769\" data-end=\"792\">Talo: 35 x 30 x 35 cm<\/p>\n<\/li>\n<li data-start=\"793\" data-end=\"827\">\n<p data-start=\"795\" data-end=\"827\">Tuotteen maksimi leveys: 78 cm<\/p>\n<\/li>\n<\/ul>\n<p data-start=\"829\" data-end=\"897\" data-is-last-node=\"\" data-is-only-node=\"\"><strong data-start=\"829\" data-end=\"848\">Tuotteen paino:<\/strong> 29 kg<br data-start=\"854\" data-end=\"857\" \/><strong data-start=\"857\" data-end=\"889\">Tuotteen paino pakkauksessa:<\/strong> 29,5 kg<\/p>\n","protected":false},"featured_media":38537,"template":"","meta":[],"product_brand":[],"product_cat":[115],"product_tag":[],"class_list":{"0":"post-49202","1":"product","2":"type-product","3":"status-publish","4":"has-post-thumbnail","6":"product_cat-keskikokoiset-raapimispuut-petrebels","7":"product_shipping_class-pakiautomaati-sobimatu-fi","9":"first","10":"instock","11":"sale","12":"taxable","13":"shipping-taxable","14":"purchasable","15":"product-type-simple"},"yoast_head":"<!-- This site is optimized with the Yoast SEO plugin v27.2 - https:\/\/yoast.com\/product\/yoast-seo-wordpress\/ -->\n<title>Kiipeilypuu MiuMjau 7047, 122 cm - MiuMjau<\/title>\n<meta name=\"robots\" content=\"index, follow, max-snippet:-1, max-image-preview:large, max-video-preview:-1\" \/>\n<link rel=\"canonical\" href=\"https:\/\/miumjau.ee\/fi\/tuote\/kiipeilypuu-miumjau-7047-122-cm\/\" \/>\n<meta property=\"og:locale\" content=\"fi_FI\" \/>\n<meta property=\"og:type\" content=\"article\" \/>\n<meta property=\"og:title\" content=\"Kiipeilypuu MiuMjau 7047, 122 cm - MiuMjau\" \/>\n<meta property=\"og:description\" content=\"Kissat tarvitsevat raapimispuun, koska raapiminen on niiden luonnollinen tapa hoitaa kynsi\u00e4, venytt\u00e4\u00e4 lihaksia ja merkit\u00e4 reviiri\u00e4. Ilman raapimispuuta ne saattavat k\u00e4ytt\u00e4\u00e4 sohvaa tai verhoja, mik\u00e4 voi johtaa kalliisiin huonekalujen korjauksiin. Raapimispuu tarjoaa my\u00f6s kissalle leikki- ja kiipeilymahdollisuuksia, pit\u00e4\u00e4 sen aktiivisena ja v\u00e4hent\u00e4\u00e4 tylsistymist\u00e4. Yksinkertainen sijoitus, joka tekee kissasta onnellisen ja kodista siistin. Kiipeilypuu on tyylik\u00e4s ja kompakti. Kaikki, mit\u00e4 kissa tarvitsee, l\u00f6ytyy yhdest\u00e4 tuotteesta. Sopii kissanpennuista keskikokoisiin kissoihin. Tuotteen mitat:     Korkeus: 122 cm    Pylv\u00e4iden halkaisija: 11 cm    Pohjan mitat: 55 x 65 cm    Talo: 35 x 30 x 35 cm    Tuotteen maksimi leveys: 78 cm   Tuotteen paino: 29 kgTuotteen paino pakkauksessa: 29,5 kg\" \/>\n<meta property=\"og:url\" content=\"https:\/\/miumjau.ee\/fi\/tuote\/kiipeilypuu-miumjau-7047-122-cm\/\" \/>\n<meta property=\"og:site_name\" content=\"MiuMjau\" \/>\n<meta property=\"article:publisher\" content=\"https:\/\/www.facebook.com\/miumjaupood\/\" \/>\n<meta property=\"article:modified_time\" content=\"2026-01-07T20:43:09+00:00\" \/>\n<meta property=\"og:image\" content=\"https:\/\/miumjau.ee\/wp-content\/uploads\/2025\/08\/ronimispuu-miumjau-7047.jpg\" \/>\n\t<meta property=\"og:image:width\" content=\"600\" \/>\n\t<meta property=\"og:image:height\" content=\"800\" \/>\n\t<meta property=\"og:image:type\" content=\"image\/jpeg\" \/>\n<meta name=\"twitter:card\" content=\"summary_large_image\" \/>\n<script type=\"application\/ld+json\" class=\"yoast-schema-graph\">{\"@context\":\"https:\/\/schema.org\",\"@graph\":[{\"@type\":\"WebPage\",\"@id\":\"https:\/\/miumjau.ee\/fi\/tuote\/kiipeilypuu-miumjau-7047-122-cm\/\",\"url\":\"https:\/\/miumjau.ee\/fi\/tuote\/kiipeilypuu-miumjau-7047-122-cm\/\",\"name\":\"Kiipeilypuu MiuMjau 7047, 122 cm - MiuMjau\",\"isPartOf\":{\"@id\":\"https:\/\/miumjau.ee\/#website\"},\"primaryImageOfPage\":{\"@id\":\"https:\/\/miumjau.ee\/fi\/tuote\/kiipeilypuu-miumjau-7047-122-cm\/#primaryimage\"},\"image\":{\"@id\":\"https:\/\/miumjau.ee\/fi\/tuote\/kiipeilypuu-miumjau-7047-122-cm\/#primaryimage\"},\"thumbnailUrl\":\"https:\/\/miumjau.ee\/wp-content\/uploads\/2025\/08\/ronimispuu-miumjau-7047.jpg\",\"datePublished\":\"2025-08-12T13:37:09+00:00\",\"dateModified\":\"2026-01-07T20:43:09+00:00\",\"breadcrumb\":{\"@id\":\"https:\/\/miumjau.ee\/fi\/tuote\/kiipeilypuu-miumjau-7047-122-cm\/#breadcrumb\"},\"inLanguage\":\"fi\",\"potentialAction\":[{\"@type\":\"ReadAction\",\"target\":[\"https:\/\/miumjau.ee\/fi\/tuote\/kiipeilypuu-miumjau-7047-122-cm\/\"]}]},{\"@type\":\"ImageObject\",\"inLanguage\":\"fi\",\"@id\":\"https:\/\/miumjau.ee\/fi\/tuote\/kiipeilypuu-miumjau-7047-122-cm\/#primaryimage\",\"url\":\"https:\/\/miumjau.ee\/wp-content\/uploads\/2025\/08\/ronimispuu-miumjau-7047.jpg\",\"contentUrl\":\"https:\/\/miumjau.ee\/wp-content\/uploads\/2025\/08\/ronimispuu-miumjau-7047.jpg\",\"width\":600,\"height\":800,\"caption\":\"Ronimispuu MiuMjau 7047, 122cm\"},{\"@type\":\"BreadcrumbList\",\"@id\":\"https:\/\/miumjau.ee\/fi\/tuote\/kiipeilypuu-miumjau-7047-122-cm\/#breadcrumb\",\"itemListElement\":[{\"@type\":\"ListItem\",\"position\":1,\"name\":\"Home\",\"item\":\"https:\/\/miumjau.ee\/fi\/\"},{\"@type\":\"ListItem\",\"position\":2,\"name\":\"Kauppa\",\"item\":\"https:\/\/miumjau.ee\/fi\/kauppa\/\"},{\"@type\":\"ListItem\",\"position\":3,\"name\":\"Kiipeilypuu MiuMjau 7047, 122 cm\"}]},{\"@type\":\"WebSite\",\"@id\":\"https:\/\/miumjau.ee\/#website\",\"url\":\"https:\/\/miumjau.ee\/\",\"name\":\"MiuMjau\",\"description\":\"Kraapimispuud kassidele\",\"publisher\":{\"@id\":\"https:\/\/miumjau.ee\/#organization\"},\"potentialAction\":[{\"@type\":\"SearchAction\",\"target\":{\"@type\":\"EntryPoint\",\"urlTemplate\":\"https:\/\/miumjau.ee\/?s={search_term_string}\"},\"query-input\":{\"@type\":\"PropertyValueSpecification\",\"valueRequired\":true,\"valueName\":\"search_term_string\"}}],\"inLanguage\":\"fi\"},{\"@type\":\"Organization\",\"@id\":\"https:\/\/miumjau.ee\/#organization\",\"name\":\"MiuMjau O\u00dc\",\"url\":\"https:\/\/miumjau.ee\/\",\"logo\":{\"@type\":\"ImageObject\",\"inLanguage\":\"fi\",\"@id\":\"https:\/\/miumjau.ee\/#\/schema\/logo\/image\/\",\"url\":\"https:\/\/miumjau.ee\/wp-content\/uploads\/2022\/04\/MiuMjau-logo-kollane.png\",\"contentUrl\":\"https:\/\/miumjau.ee\/wp-content\/uploads\/2022\/04\/MiuMjau-logo-kollane.png\",\"width\":219,\"height\":100,\"caption\":\"MiuMjau O\u00dc\"},\"image\":{\"@id\":\"https:\/\/miumjau.ee\/#\/schema\/logo\/image\/\"},\"sameAs\":[\"https:\/\/www.facebook.com\/miumjaupood\/\"]}]}<\/script>\n<!-- \/ Yoast SEO plugin. -->","yoast_head_json":{"title":"Kiipeilypuu MiuMjau 7047, 122 cm - MiuMjau","robots":{"index":"index","follow":"follow","max-snippet":"max-snippet:-1","max-image-preview":"max-image-preview:large","max-video-preview":"max-video-preview:-1"},"canonical":"https:\/\/miumjau.ee\/fi\/tuote\/kiipeilypuu-miumjau-7047-122-cm\/","og_locale":"fi_FI","og_type":"article","og_title":"Kiipeilypuu MiuMjau 7047, 122 cm - MiuMjau","og_description":"Kissat tarvitsevat raapimispuun, koska raapiminen on niiden luonnollinen tapa hoitaa kynsi\u00e4, venytt\u00e4\u00e4 lihaksia ja merkit\u00e4 reviiri\u00e4. Ilman raapimispuuta ne saattavat k\u00e4ytt\u00e4\u00e4 sohvaa tai verhoja, mik\u00e4 voi johtaa kalliisiin huonekalujen korjauksiin. Raapimispuu tarjoaa my\u00f6s kissalle leikki- ja kiipeilymahdollisuuksia, pit\u00e4\u00e4 sen aktiivisena ja v\u00e4hent\u00e4\u00e4 tylsistymist\u00e4. Yksinkertainen sijoitus, joka tekee kissasta onnellisen ja kodista siistin. Kiipeilypuu on tyylik\u00e4s ja kompakti. Kaikki, mit\u00e4 kissa tarvitsee, l\u00f6ytyy yhdest\u00e4 tuotteesta. Sopii kissanpennuista keskikokoisiin kissoihin. Tuotteen mitat:     Korkeus: 122 cm    Pylv\u00e4iden halkaisija: 11 cm    Pohjan mitat: 55 x 65 cm    Talo: 35 x 30 x 35 cm    Tuotteen maksimi leveys: 78 cm   Tuotteen paino: 29 kgTuotteen paino pakkauksessa: 29,5 kg","og_url":"https:\/\/miumjau.ee\/fi\/tuote\/kiipeilypuu-miumjau-7047-122-cm\/","og_site_name":"MiuMjau","article_publisher":"https:\/\/www.facebook.com\/miumjaupood\/","article_modified_time":"2026-01-07T20:43:09+00:00","og_image":[{"width":600,"height":800,"url":"https:\/\/miumjau.ee\/wp-content\/uploads\/2025\/08\/ronimispuu-miumjau-7047.jpg","type":"image\/jpeg"}],"twitter_card":"summary_large_image","schema":{"@context":"https:\/\/schema.org","@graph":[{"@type":"WebPage","@id":"https:\/\/miumjau.ee\/fi\/tuote\/kiipeilypuu-miumjau-7047-122-cm\/","url":"https:\/\/miumjau.ee\/fi\/tuote\/kiipeilypuu-miumjau-7047-122-cm\/","name":"Kiipeilypuu MiuMjau 7047, 122 cm - MiuMjau","isPartOf":{"@id":"https:\/\/miumjau.ee\/#website"},"primaryImageOfPage":{"@id":"https:\/\/miumjau.ee\/fi\/tuote\/kiipeilypuu-miumjau-7047-122-cm\/#primaryimage"},"image":{"@id":"https:\/\/miumjau.ee\/fi\/tuote\/kiipeilypuu-miumjau-7047-122-cm\/#primaryimage"},"thumbnailUrl":"https:\/\/miumjau.ee\/wp-content\/uploads\/2025\/08\/ronimispuu-miumjau-7047.jpg","datePublished":"2025-08-12T13:37:09+00:00","dateModified":"2026-01-07T20:43:09+00:00","breadcrumb":{"@id":"https:\/\/miumjau.ee\/fi\/tuote\/kiipeilypuu-miumjau-7047-122-cm\/#breadcrumb"},"inLanguage":"fi","potentialAction":[{"@type":"ReadAction","target":["https:\/\/miumjau.ee\/fi\/tuote\/kiipeilypuu-miumjau-7047-122-cm\/"]}]},{"@type":"ImageObject","inLanguage":"fi","@id":"https:\/\/miumjau.ee\/fi\/tuote\/kiipeilypuu-miumjau-7047-122-cm\/#primaryimage","url":"https:\/\/miumjau.ee\/wp-content\/uploads\/2025\/08\/ronimispuu-miumjau-7047.jpg","contentUrl":"https:\/\/miumjau.ee\/wp-content\/uploads\/2025\/08\/ronimispuu-miumjau-7047.jpg","width":600,"height":800,"caption":"Ronimispuu MiuMjau 7047, 122cm"},{"@type":"BreadcrumbList","@id":"https:\/\/miumjau.ee\/fi\/tuote\/kiipeilypuu-miumjau-7047-122-cm\/#breadcrumb","itemListElement":[{"@type":"ListItem","position":1,"name":"Home","item":"https:\/\/miumjau.ee\/fi\/"},{"@type":"ListItem","position":2,"name":"Kauppa","item":"https:\/\/miumjau.ee\/fi\/kauppa\/"},{"@type":"ListItem","position":3,"name":"Kiipeilypuu MiuMjau 7047, 122 cm"}]},{"@type":"WebSite","@id":"https:\/\/miumjau.ee\/#website","url":"https:\/\/miumjau.ee\/","name":"MiuMjau","description":"Kraapimispuud kassidele","publisher":{"@id":"https:\/\/miumjau.ee\/#organization"},"potentialAction":[{"@type":"SearchAction","target":{"@type":"EntryPoint","urlTemplate":"https:\/\/miumjau.ee\/?s={search_term_string}"},"query-input":{"@type":"PropertyValueSpecification","valueRequired":true,"valueName":"search_term_string"}}],"inLanguage":"fi"},{"@type":"Organization","@id":"https:\/\/miumjau.ee\/#organization","name":"MiuMjau O\u00dc","url":"https:\/\/miumjau.ee\/","logo":{"@type":"ImageObject","inLanguage":"fi","@id":"https:\/\/miumjau.ee\/#\/schema\/logo\/image\/","url":"https:\/\/miumjau.ee\/wp-content\/uploads\/2022\/04\/MiuMjau-logo-kollane.png","contentUrl":"https:\/\/miumjau.ee\/wp-content\/uploads\/2022\/04\/MiuMjau-logo-kollane.png","width":219,"height":100,"caption":"MiuMjau O\u00dc"},"image":{"@id":"https:\/\/miumjau.ee\/#\/schema\/logo\/image\/"},"sameAs":["https:\/\/www.facebook.com\/miumjaupood\/"]}]}},"_links":{"self":[{"href":"https:\/\/miumjau.ee\/fi\/wp-json\/wp\/v2\/product\/49202","targetHints":{"allow":["GET"]}}],"collection":[{"href":"https:\/\/miumjau.ee\/fi\/wp-json\/wp\/v2\/product"}],"about":[{"href":"https:\/\/miumjau.ee\/fi\/wp-json\/wp\/v2\/types\/product"}],"wp:featuredmedia":[{"embeddable":true,"href":"https:\/\/miumjau.ee\/fi\/wp-json\/wp\/v2\/media\/38537"}],"wp:attachment":[{"href":"https:\/\/miumjau.ee\/fi\/wp-json\/wp\/v2\/media?parent=49202"}],"wp:term":[{"taxonomy":"product_brand","embeddable":true,"href":"https:\/\/miumjau.ee\/fi\/wp-json\/wp\/v2\/product_brand?post=49202"},{"taxonomy":"product_cat","embeddable":true,"href":"https:\/\/miumjau.ee\/fi\/wp-json\/wp\/v2\/product_cat?post=49202"},{"taxonomy":"product_tag","embeddable":true,"href":"https:\/\/miumjau.ee\/fi\/wp-json\/wp\/v2\/product_tag?post=49202"}],"curies":[{"name":"wp","href":"https:\/\/api.w.org\/{rel}","templated":true}]}}