{"id":49198,"date":"2025-08-14T11:09:11","date_gmt":"2025-08-14T08:09:11","guid":{"rendered":"https:\/\/miumjau.ee\/toode\/catfest-dental-rapeat-tyynyt-kana-30g\/"},"modified":"2026-01-07T22:43:09","modified_gmt":"2026-01-07T20:43:09","slug":"catfest-dental-rapeat-tyynyt-kana-30g","status":"publish","type":"product","link":"https:\/\/miumjau.ee\/fi\/tuote\/catfest-dental-rapeat-tyynyt-kana-30g\/","title":{"rendered":"CatFest Dental Rapeat Tyynyt Kana, 30g"},"content":{"rendered":"","protected":false},"excerpt":{"rendered":"<p data-start=\"1171\" data-end=\"1445\">Rapeat tyynyt kanavoikreemill\u00e4 poistavat plakkia huokoisen rakenteensa ansiosta, ehk\u00e4isev\u00e4t hammaskiven muodostumista ja raikastavat hengityst\u00e4. Kermainen ja lihapitoinen t\u00e4yte tekee niist\u00e4 kissojen suosikkiherkun. Hammashoito ei ole en\u00e4\u00e4 vain helppoa, vaan my\u00f6s maukasta!<\/p>\n<p data-start=\"1447\" data-end=\"1660\"><strong data-start=\"1447\" data-end=\"1461\">Ainesosat:<\/strong> Maissijauho, perunajauho, riisijauho, kananmunankeltuaisjauho, kalajauho, kanajauho 5%, katkarapujauho, \u00f6ljyt ja rasvat, granaattiomenansiementen jauho, karpalojauho, pinaatti (klorofyllin l\u00e4hde).<\/p>\n<p data-start=\"1662\" data-end=\"1691\"><strong data-start=\"1662\" data-end=\"1689\">Analyyttinen koostumus:<\/strong><\/p>\n<ul data-start=\"1692\" data-end=\"1788\">\n<li data-start=\"1692\" data-end=\"1715\">\n<p data-start=\"1694\" data-end=\"1715\">Raakaproteiini: 20%<\/p>\n<\/li>\n<li data-start=\"1716\" data-end=\"1730\">\n<p data-start=\"1718\" data-end=\"1730\">Rasva: 15%<\/p>\n<\/li>\n<li data-start=\"1731\" data-end=\"1751\">\n<p data-start=\"1733\" data-end=\"1751\">Raakakuitu: 2,5%<\/p>\n<\/li>\n<li data-start=\"1752\" data-end=\"1771\">\n<p data-start=\"1754\" data-end=\"1771\">Raakatuhkka: 4%<\/p>\n<\/li>\n<li data-start=\"1772\" data-end=\"1788\">\n<p data-start=\"1774\" data-end=\"1788\">Kosteus: 10%<\/p>\n<\/li>\n<\/ul>\n<p data-start=\"1790\" data-end=\"2161\"><strong data-start=\"1790\" data-end=\"1801\">K\u00e4ytt\u00f6:<\/strong> Tarjoa herkkupalana p\u00e4iv\u00e4n aikana. Maksimiannos p\u00e4iv\u00e4ss\u00e4: 1\u20132 kpl. S\u00e4\u00e4d\u00e4 m\u00e4\u00e4r\u00e4 kissan tarpeiden ja kunnon mukaan. Varmista aina, ett\u00e4 tarjolla on raikasta juomavett\u00e4. \u00c4l\u00e4 j\u00e4t\u00e4 kissaa valvomatta pureskelun aikana tai herkkupakkauksen kanssa. Pakkauksessa oleva hapenottaja ei ole sy\u00f6t\u00e4v\u00e4. S\u00e4ilyt\u00e4 kuivassa ja viile\u00e4ss\u00e4; avaamisen j\u00e4lkeen s\u00e4ilyt\u00e4 j\u00e4\u00e4kaapissa.<\/p>\n","protected":false},"featured_media":38601,"template":"","meta":[],"product_brand":[],"product_cat":[266,876],"product_tag":[],"class_list":{"0":"post-49198","1":"product","2":"type-product","3":"status-publish","4":"has-post-thumbnail","6":"product_cat-makeiset","7":"product_cat-vitamiinit-ja-lisaravinteet-kissalle","9":"first","10":"instock","11":"taxable","12":"shipping-taxable","13":"purchasable","14":"product-type-simple"},"yoast_head":"<!-- This site is optimized with the Yoast SEO plugin v27.4 - https:\/\/yoast.com\/product\/yoast-seo-wordpress\/ -->\n<title>CatFest Dental Rapeat Tyynyt Kana, 30g - MiuMjau<\/title>\n<meta name=\"robots\" content=\"index, follow, max-snippet:-1, max-image-preview:large, max-video-preview:-1\" \/>\n<link rel=\"canonical\" href=\"https:\/\/miumjau.ee\/fi\/tuote\/catfest-dental-rapeat-tyynyt-kana-30g\/\" \/>\n<meta property=\"og:locale\" content=\"fi_FI\" \/>\n<meta property=\"og:type\" content=\"article\" \/>\n<meta property=\"og:title\" content=\"CatFest Dental Rapeat Tyynyt Kana, 30g - MiuMjau\" \/>\n<meta property=\"og:description\" content=\"Rapeat tyynyt kanavoikreemill\u00e4 poistavat plakkia huokoisen rakenteensa ansiosta, ehk\u00e4isev\u00e4t hammaskiven muodostumista ja raikastavat hengityst\u00e4. Kermainen ja lihapitoinen t\u00e4yte tekee niist\u00e4 kissojen suosikkiherkun. Hammashoito ei ole en\u00e4\u00e4 vain helppoa, vaan my\u00f6s maukasta! Ainesosat: Maissijauho, perunajauho, riisijauho, kananmunankeltuaisjauho, kalajauho, kanajauho 5%, katkarapujauho, \u00f6ljyt ja rasvat, granaattiomenansiementen jauho, karpalojauho, pinaatti (klorofyllin l\u00e4hde). Analyyttinen koostumus:     Raakaproteiini: 20%    Rasva: 15%    Raakakuitu: 2,5%    Raakatuhkka: 4%    Kosteus: 10%   K\u00e4ytt\u00f6: Tarjoa herkkupalana p\u00e4iv\u00e4n aikana. Maksimiannos p\u00e4iv\u00e4ss\u00e4: 1\u20132 kpl. S\u00e4\u00e4d\u00e4 m\u00e4\u00e4r\u00e4 kissan tarpeiden ja kunnon mukaan. Varmista aina, ett\u00e4 tarjolla on raikasta juomavett\u00e4. \u00c4l\u00e4 j\u00e4t\u00e4 kissaa valvomatta pureskelun aikana tai herkkupakkauksen kanssa. Pakkauksessa oleva hapenottaja ei ole sy\u00f6t\u00e4v\u00e4. S\u00e4ilyt\u00e4 kuivassa ja viile\u00e4ss\u00e4; avaamisen j\u00e4lkeen s\u00e4ilyt\u00e4 j\u00e4\u00e4kaapissa.\" \/>\n<meta property=\"og:url\" content=\"https:\/\/miumjau.ee\/fi\/tuote\/catfest-dental-rapeat-tyynyt-kana-30g\/\" \/>\n<meta property=\"og:site_name\" content=\"MiuMjau\" \/>\n<meta property=\"article:publisher\" content=\"https:\/\/www.facebook.com\/miumjaupood\/\" \/>\n<meta property=\"article:modified_time\" content=\"2026-01-07T20:43:09+00:00\" \/>\n<meta property=\"og:image\" content=\"https:\/\/miumjau.ee\/wp-content\/uploads\/2025\/08\/dental-maius-kassile-catfest-kana.jpg\" \/>\n\t<meta property=\"og:image:width\" content=\"600\" \/>\n\t<meta property=\"og:image:height\" content=\"800\" \/>\n\t<meta property=\"og:image:type\" content=\"image\/jpeg\" \/>\n<meta name=\"twitter:card\" content=\"summary_large_image\" \/>\n<script type=\"application\/ld+json\" class=\"yoast-schema-graph\">{\"@context\":\"https:\\\/\\\/schema.org\",\"@graph\":[{\"@type\":\"WebPage\",\"@id\":\"https:\\\/\\\/miumjau.ee\\\/fi\\\/tuote\\\/catfest-dental-rapeat-tyynyt-kana-30g\\\/\",\"url\":\"https:\\\/\\\/miumjau.ee\\\/fi\\\/tuote\\\/catfest-dental-rapeat-tyynyt-kana-30g\\\/\",\"name\":\"CatFest Dental Rapeat Tyynyt Kana, 30g - MiuMjau\",\"isPartOf\":{\"@id\":\"https:\\\/\\\/miumjau.ee\\\/#website\"},\"primaryImageOfPage\":{\"@id\":\"https:\\\/\\\/miumjau.ee\\\/fi\\\/tuote\\\/catfest-dental-rapeat-tyynyt-kana-30g\\\/#primaryimage\"},\"image\":{\"@id\":\"https:\\\/\\\/miumjau.ee\\\/fi\\\/tuote\\\/catfest-dental-rapeat-tyynyt-kana-30g\\\/#primaryimage\"},\"thumbnailUrl\":\"https:\\\/\\\/miumjau.ee\\\/wp-content\\\/uploads\\\/2025\\\/08\\\/dental-maius-kassile-catfest-kana.jpg\",\"datePublished\":\"2025-08-14T08:09:11+00:00\",\"dateModified\":\"2026-01-07T20:43:09+00:00\",\"breadcrumb\":{\"@id\":\"https:\\\/\\\/miumjau.ee\\\/fi\\\/tuote\\\/catfest-dental-rapeat-tyynyt-kana-30g\\\/#breadcrumb\"},\"inLanguage\":\"fi\",\"potentialAction\":[{\"@type\":\"ReadAction\",\"target\":[\"https:\\\/\\\/miumjau.ee\\\/fi\\\/tuote\\\/catfest-dental-rapeat-tyynyt-kana-30g\\\/\"]}]},{\"@type\":\"ImageObject\",\"inLanguage\":\"fi\",\"@id\":\"https:\\\/\\\/miumjau.ee\\\/fi\\\/tuote\\\/catfest-dental-rapeat-tyynyt-kana-30g\\\/#primaryimage\",\"url\":\"https:\\\/\\\/miumjau.ee\\\/wp-content\\\/uploads\\\/2025\\\/08\\\/dental-maius-kassile-catfest-kana.jpg\",\"contentUrl\":\"https:\\\/\\\/miumjau.ee\\\/wp-content\\\/uploads\\\/2025\\\/08\\\/dental-maius-kassile-catfest-kana.jpg\",\"width\":600,\"height\":800,\"caption\":\"CatFest Dental kr\u00f5bedad padjakesed kanaga, 30g\"},{\"@type\":\"BreadcrumbList\",\"@id\":\"https:\\\/\\\/miumjau.ee\\\/fi\\\/tuote\\\/catfest-dental-rapeat-tyynyt-kana-30g\\\/#breadcrumb\",\"itemListElement\":[{\"@type\":\"ListItem\",\"position\":1,\"name\":\"Home\",\"item\":\"https:\\\/\\\/miumjau.ee\\\/fi\\\/\"},{\"@type\":\"ListItem\",\"position\":2,\"name\":\"Kauppa\",\"item\":\"https:\\\/\\\/miumjau.ee\\\/fi\\\/kauppa\\\/\"},{\"@type\":\"ListItem\",\"position\":3,\"name\":\"CatFest Dental Rapeat Tyynyt Kana, 30g\"}]},{\"@type\":\"WebSite\",\"@id\":\"https:\\\/\\\/miumjau.ee\\\/#website\",\"url\":\"https:\\\/\\\/miumjau.ee\\\/\",\"name\":\"MiuMjau\",\"description\":\"Kraapimispuud kassidele\",\"publisher\":{\"@id\":\"https:\\\/\\\/miumjau.ee\\\/#organization\"},\"potentialAction\":[{\"@type\":\"SearchAction\",\"target\":{\"@type\":\"EntryPoint\",\"urlTemplate\":\"https:\\\/\\\/miumjau.ee\\\/?s={search_term_string}\"},\"query-input\":{\"@type\":\"PropertyValueSpecification\",\"valueRequired\":true,\"valueName\":\"search_term_string\"}}],\"inLanguage\":\"fi\"},{\"@type\":\"Organization\",\"@id\":\"https:\\\/\\\/miumjau.ee\\\/#organization\",\"name\":\"MiuMjau O\u00dc\",\"url\":\"https:\\\/\\\/miumjau.ee\\\/\",\"logo\":{\"@type\":\"ImageObject\",\"inLanguage\":\"fi\",\"@id\":\"https:\\\/\\\/miumjau.ee\\\/#\\\/schema\\\/logo\\\/image\\\/\",\"url\":\"https:\\\/\\\/miumjau.ee\\\/wp-content\\\/uploads\\\/2022\\\/04\\\/MiuMjau-logo-kollane.png\",\"contentUrl\":\"https:\\\/\\\/miumjau.ee\\\/wp-content\\\/uploads\\\/2022\\\/04\\\/MiuMjau-logo-kollane.png\",\"width\":219,\"height\":100,\"caption\":\"MiuMjau O\u00dc\"},\"image\":{\"@id\":\"https:\\\/\\\/miumjau.ee\\\/#\\\/schema\\\/logo\\\/image\\\/\"},\"sameAs\":[\"https:\\\/\\\/www.facebook.com\\\/miumjaupood\\\/\"]}]}<\/script>\n<!-- \/ Yoast SEO plugin. -->","yoast_head_json":{"title":"CatFest Dental Rapeat Tyynyt Kana, 30g - MiuMjau","robots":{"index":"index","follow":"follow","max-snippet":"max-snippet:-1","max-image-preview":"max-image-preview:large","max-video-preview":"max-video-preview:-1"},"canonical":"https:\/\/miumjau.ee\/fi\/tuote\/catfest-dental-rapeat-tyynyt-kana-30g\/","og_locale":"fi_FI","og_type":"article","og_title":"CatFest Dental Rapeat Tyynyt Kana, 30g - MiuMjau","og_description":"Rapeat tyynyt kanavoikreemill\u00e4 poistavat plakkia huokoisen rakenteensa ansiosta, ehk\u00e4isev\u00e4t hammaskiven muodostumista ja raikastavat hengityst\u00e4. Kermainen ja lihapitoinen t\u00e4yte tekee niist\u00e4 kissojen suosikkiherkun. Hammashoito ei ole en\u00e4\u00e4 vain helppoa, vaan my\u00f6s maukasta! Ainesosat: Maissijauho, perunajauho, riisijauho, kananmunankeltuaisjauho, kalajauho, kanajauho 5%, katkarapujauho, \u00f6ljyt ja rasvat, granaattiomenansiementen jauho, karpalojauho, pinaatti (klorofyllin l\u00e4hde). Analyyttinen koostumus:     Raakaproteiini: 20%    Rasva: 15%    Raakakuitu: 2,5%    Raakatuhkka: 4%    Kosteus: 10%   K\u00e4ytt\u00f6: Tarjoa herkkupalana p\u00e4iv\u00e4n aikana. Maksimiannos p\u00e4iv\u00e4ss\u00e4: 1\u20132 kpl. S\u00e4\u00e4d\u00e4 m\u00e4\u00e4r\u00e4 kissan tarpeiden ja kunnon mukaan. Varmista aina, ett\u00e4 tarjolla on raikasta juomavett\u00e4. \u00c4l\u00e4 j\u00e4t\u00e4 kissaa valvomatta pureskelun aikana tai herkkupakkauksen kanssa. Pakkauksessa oleva hapenottaja ei ole sy\u00f6t\u00e4v\u00e4. S\u00e4ilyt\u00e4 kuivassa ja viile\u00e4ss\u00e4; avaamisen j\u00e4lkeen s\u00e4ilyt\u00e4 j\u00e4\u00e4kaapissa.","og_url":"https:\/\/miumjau.ee\/fi\/tuote\/catfest-dental-rapeat-tyynyt-kana-30g\/","og_site_name":"MiuMjau","article_publisher":"https:\/\/www.facebook.com\/miumjaupood\/","article_modified_time":"2026-01-07T20:43:09+00:00","og_image":[{"width":600,"height":800,"url":"https:\/\/miumjau.ee\/wp-content\/uploads\/2025\/08\/dental-maius-kassile-catfest-kana.jpg","type":"image\/jpeg"}],"twitter_card":"summary_large_image","schema":{"@context":"https:\/\/schema.org","@graph":[{"@type":"WebPage","@id":"https:\/\/miumjau.ee\/fi\/tuote\/catfest-dental-rapeat-tyynyt-kana-30g\/","url":"https:\/\/miumjau.ee\/fi\/tuote\/catfest-dental-rapeat-tyynyt-kana-30g\/","name":"CatFest Dental Rapeat Tyynyt Kana, 30g - MiuMjau","isPartOf":{"@id":"https:\/\/miumjau.ee\/#website"},"primaryImageOfPage":{"@id":"https:\/\/miumjau.ee\/fi\/tuote\/catfest-dental-rapeat-tyynyt-kana-30g\/#primaryimage"},"image":{"@id":"https:\/\/miumjau.ee\/fi\/tuote\/catfest-dental-rapeat-tyynyt-kana-30g\/#primaryimage"},"thumbnailUrl":"https:\/\/miumjau.ee\/wp-content\/uploads\/2025\/08\/dental-maius-kassile-catfest-kana.jpg","datePublished":"2025-08-14T08:09:11+00:00","dateModified":"2026-01-07T20:43:09+00:00","breadcrumb":{"@id":"https:\/\/miumjau.ee\/fi\/tuote\/catfest-dental-rapeat-tyynyt-kana-30g\/#breadcrumb"},"inLanguage":"fi","potentialAction":[{"@type":"ReadAction","target":["https:\/\/miumjau.ee\/fi\/tuote\/catfest-dental-rapeat-tyynyt-kana-30g\/"]}]},{"@type":"ImageObject","inLanguage":"fi","@id":"https:\/\/miumjau.ee\/fi\/tuote\/catfest-dental-rapeat-tyynyt-kana-30g\/#primaryimage","url":"https:\/\/miumjau.ee\/wp-content\/uploads\/2025\/08\/dental-maius-kassile-catfest-kana.jpg","contentUrl":"https:\/\/miumjau.ee\/wp-content\/uploads\/2025\/08\/dental-maius-kassile-catfest-kana.jpg","width":600,"height":800,"caption":"CatFest Dental kr\u00f5bedad padjakesed kanaga, 30g"},{"@type":"BreadcrumbList","@id":"https:\/\/miumjau.ee\/fi\/tuote\/catfest-dental-rapeat-tyynyt-kana-30g\/#breadcrumb","itemListElement":[{"@type":"ListItem","position":1,"name":"Home","item":"https:\/\/miumjau.ee\/fi\/"},{"@type":"ListItem","position":2,"name":"Kauppa","item":"https:\/\/miumjau.ee\/fi\/kauppa\/"},{"@type":"ListItem","position":3,"name":"CatFest Dental Rapeat Tyynyt Kana, 30g"}]},{"@type":"WebSite","@id":"https:\/\/miumjau.ee\/#website","url":"https:\/\/miumjau.ee\/","name":"MiuMjau","description":"Kraapimispuud kassidele","publisher":{"@id":"https:\/\/miumjau.ee\/#organization"},"potentialAction":[{"@type":"SearchAction","target":{"@type":"EntryPoint","urlTemplate":"https:\/\/miumjau.ee\/?s={search_term_string}"},"query-input":{"@type":"PropertyValueSpecification","valueRequired":true,"valueName":"search_term_string"}}],"inLanguage":"fi"},{"@type":"Organization","@id":"https:\/\/miumjau.ee\/#organization","name":"MiuMjau O\u00dc","url":"https:\/\/miumjau.ee\/","logo":{"@type":"ImageObject","inLanguage":"fi","@id":"https:\/\/miumjau.ee\/#\/schema\/logo\/image\/","url":"https:\/\/miumjau.ee\/wp-content\/uploads\/2022\/04\/MiuMjau-logo-kollane.png","contentUrl":"https:\/\/miumjau.ee\/wp-content\/uploads\/2022\/04\/MiuMjau-logo-kollane.png","width":219,"height":100,"caption":"MiuMjau O\u00dc"},"image":{"@id":"https:\/\/miumjau.ee\/#\/schema\/logo\/image\/"},"sameAs":["https:\/\/www.facebook.com\/miumjaupood\/"]}]}},"_links":{"self":[{"href":"https:\/\/miumjau.ee\/fi\/wp-json\/wp\/v2\/product\/49198","targetHints":{"allow":["GET"]}}],"collection":[{"href":"https:\/\/miumjau.ee\/fi\/wp-json\/wp\/v2\/product"}],"about":[{"href":"https:\/\/miumjau.ee\/fi\/wp-json\/wp\/v2\/types\/product"}],"wp:featuredmedia":[{"embeddable":true,"href":"https:\/\/miumjau.ee\/fi\/wp-json\/wp\/v2\/media\/38601"}],"wp:attachment":[{"href":"https:\/\/miumjau.ee\/fi\/wp-json\/wp\/v2\/media?parent=49198"}],"wp:term":[{"taxonomy":"product_brand","embeddable":true,"href":"https:\/\/miumjau.ee\/fi\/wp-json\/wp\/v2\/product_brand?post=49198"},{"taxonomy":"product_cat","embeddable":true,"href":"https:\/\/miumjau.ee\/fi\/wp-json\/wp\/v2\/product_cat?post=49198"},{"taxonomy":"product_tag","embeddable":true,"href":"https:\/\/miumjau.ee\/fi\/wp-json\/wp\/v2\/product_tag?post=49198"}],"curies":[{"name":"wp","href":"https:\/\/api.w.org\/{rel}","templated":true}]}}