{"id":49190,"date":"2025-08-14T12:15:36","date_gmt":"2025-08-14T09:15:36","guid":{"rendered":"https:\/\/miumjau.ee\/toode\/churu-fun-bites-kana-juustoherkku-koirille-8x12g\/"},"modified":"2026-01-07T22:43:09","modified_gmt":"2026-01-07T20:43:09","slug":"churu-fun-bites-kana-juustoherkku-koirille-8x12g","status":"publish","type":"product","link":"https:\/\/miumjau.ee\/fi\/tuote\/churu-fun-bites-kana-juustoherkku-koirille-8x12g\/","title":{"rendered":"Churu Fun Bites \u2013 Kana &#038; juustoherkku koirille 8x12g"},"content":{"rendered":"","protected":false},"excerpt":{"rendered":"<p data-start=\"1344\" data-end=\"1507\">Churu Fun Bites ovat pehmeit\u00e4 ja maukkaita herkkuja koirille, valmistettu vapaan kasvatuksen kanasta ja juustosta, sis\u00e4lt\u00e4en vastustamattoman kermamaisen ytimen.<\/p>\n<p data-start=\"1509\" data-end=\"1831\">Viljaton, s\u00e4il\u00f6nt\u00e4aineeton ja keinotekoisista v\u00e4reist\u00e4 vapaa herkku sopii erinomaisesti p\u00e4ivitt\u00e4iseen nautiskeluun tai tablettien piilottamiseen. E-vitamiinilla ja vihre\u00e4n teen uutteella rikastettu, tukee immuunij\u00e4rjestelm\u00e4n terveytt\u00e4 ja varmistaa optimaalisen kosteutuksen. Ihanteellinen my\u00f6s valikoivimmille pennuille!<\/p>\n<p data-start=\"1833\" data-end=\"2052\"><strong data-start=\"1833\" data-end=\"1875\">Vastustamaton kaksinkertainen rakenne!<\/strong><br data-start=\"1875\" data-end=\"1878\" \/>Jokainen tyynyksi muotoiltu pala alkaa pehme\u00e4ll\u00e4 paistetulla kanapastakerroksella. Sis\u00e4lt\u00e4 se on t\u00e4ytetty maukkaalla Churulla, tarjoten ainutlaatuisen tekstuuriyhdistelm\u00e4n.<\/p>\n<p data-start=\"2054\" data-end=\"2268\"><strong data-start=\"2054\" data-end=\"2068\">Ainesosat:<\/strong> Kana, vesi, tapiokit\u00e4rkkelys, bonito-hiutaleet, juusto, valkuainen, natriumkaseinaatti, guarkumi, luonnollinen kananmaku, hiivauute, liivate, E-vitamiinilis\u00e4, vihre\u00e4n teen uute, paprikauute (v\u00e4ri).<\/p>\n<p data-start=\"2270\" data-end=\"2299\"><strong data-start=\"2270\" data-end=\"2297\">Analyyttinen koostumus:<\/strong><\/p>\n<ul data-start=\"2300\" data-end=\"2445\">\n<li data-start=\"2300\" data-end=\"2332\">\n<p data-start=\"2302\" data-end=\"2332\">Raakaproteiini (min): 22,00%<\/p>\n<\/li>\n<li data-start=\"2333\" data-end=\"2359\">\n<p data-start=\"2335\" data-end=\"2359\">Raa\u2019rasva (min): 3,00%<\/p>\n<\/li>\n<li data-start=\"2360\" data-end=\"2387\">\n<p data-start=\"2362\" data-end=\"2387\">Raakakuitu (max): 0,50%<\/p>\n<\/li>\n<li data-start=\"2388\" data-end=\"2413\">\n<p data-start=\"2390\" data-end=\"2413\">Kosteus (max): 72,00%<\/p>\n<\/li>\n<li data-start=\"2414\" data-end=\"2445\">\n<p data-start=\"2416\" data-end=\"2445\">E-vitamiini (min): 80 R\u00dc\/kg<\/p>\n<\/li>\n<\/ul>\n","protected":false},"featured_media":38612,"template":"","meta":[],"product_brand":[],"product_cat":[480],"product_tag":[],"class_list":{"0":"post-49190","1":"product","2":"type-product","3":"status-publish","4":"has-post-thumbnail","6":"product_cat-herkut-koirille","8":"first","9":"instock","10":"taxable","11":"shipping-taxable","12":"purchasable","13":"product-type-simple"},"yoast_head":"<!-- This site is optimized with the Yoast SEO plugin v27.2 - https:\/\/yoast.com\/product\/yoast-seo-wordpress\/ -->\n<title>Churu Fun Bites \u2013 Kana &amp; juustoherkku koirille 8x12g - MiuMjau<\/title>\n<meta name=\"robots\" content=\"index, follow, max-snippet:-1, max-image-preview:large, max-video-preview:-1\" \/>\n<link rel=\"canonical\" href=\"https:\/\/miumjau.ee\/fi\/tuote\/churu-fun-bites-kana-juustoherkku-koirille-8x12g\/\" \/>\n<meta property=\"og:locale\" content=\"fi_FI\" \/>\n<meta property=\"og:type\" content=\"article\" \/>\n<meta property=\"og:title\" content=\"Churu Fun Bites \u2013 Kana &amp; juustoherkku koirille 8x12g - MiuMjau\" \/>\n<meta property=\"og:description\" content=\"Churu Fun Bites ovat pehmeit\u00e4 ja maukkaita herkkuja koirille, valmistettu vapaan kasvatuksen kanasta ja juustosta, sis\u00e4lt\u00e4en vastustamattoman kermamaisen ytimen. Viljaton, s\u00e4il\u00f6nt\u00e4aineeton ja keinotekoisista v\u00e4reist\u00e4 vapaa herkku sopii erinomaisesti p\u00e4ivitt\u00e4iseen nautiskeluun tai tablettien piilottamiseen. E-vitamiinilla ja vihre\u00e4n teen uutteella rikastettu, tukee immuunij\u00e4rjestelm\u00e4n terveytt\u00e4 ja varmistaa optimaalisen kosteutuksen. Ihanteellinen my\u00f6s valikoivimmille pennuille! Vastustamaton kaksinkertainen rakenne!Jokainen tyynyksi muotoiltu pala alkaa pehme\u00e4ll\u00e4 paistetulla kanapastakerroksella. Sis\u00e4lt\u00e4 se on t\u00e4ytetty maukkaalla Churulla, tarjoten ainutlaatuisen tekstuuriyhdistelm\u00e4n. Ainesosat: Kana, vesi, tapiokit\u00e4rkkelys, bonito-hiutaleet, juusto, valkuainen, natriumkaseinaatti, guarkumi, luonnollinen kananmaku, hiivauute, liivate, E-vitamiinilis\u00e4, vihre\u00e4n teen uute, paprikauute (v\u00e4ri). Analyyttinen koostumus:     Raakaproteiini (min): 22,00%    Raa\u2019rasva (min): 3,00%    Raakakuitu (max): 0,50%    Kosteus (max): 72,00%    E-vitamiini (min): 80 R\u00dc\/kg\" \/>\n<meta property=\"og:url\" content=\"https:\/\/miumjau.ee\/fi\/tuote\/churu-fun-bites-kana-juustoherkku-koirille-8x12g\/\" \/>\n<meta property=\"og:site_name\" content=\"MiuMjau\" \/>\n<meta property=\"article:publisher\" content=\"https:\/\/www.facebook.com\/miumjaupood\/\" \/>\n<meta property=\"article:modified_time\" content=\"2026-01-07T20:43:09+00:00\" \/>\n<meta property=\"og:image\" content=\"https:\/\/miumjau.ee\/wp-content\/uploads\/2025\/08\/churu-fun-bites-koer-kana-juust.jpg\" \/>\n\t<meta property=\"og:image:width\" content=\"1200\" \/>\n\t<meta property=\"og:image:height\" content=\"1600\" \/>\n\t<meta property=\"og:image:type\" content=\"image\/jpeg\" \/>\n<meta name=\"twitter:card\" content=\"summary_large_image\" \/>\n<script type=\"application\/ld+json\" class=\"yoast-schema-graph\">{\"@context\":\"https:\/\/schema.org\",\"@graph\":[{\"@type\":\"WebPage\",\"@id\":\"https:\/\/miumjau.ee\/fi\/tuote\/churu-fun-bites-kana-juustoherkku-koirille-8x12g\/\",\"url\":\"https:\/\/miumjau.ee\/fi\/tuote\/churu-fun-bites-kana-juustoherkku-koirille-8x12g\/\",\"name\":\"Churu Fun Bites \u2013 Kana & juustoherkku koirille 8x12g - MiuMjau\",\"isPartOf\":{\"@id\":\"https:\/\/miumjau.ee\/#website\"},\"primaryImageOfPage\":{\"@id\":\"https:\/\/miumjau.ee\/fi\/tuote\/churu-fun-bites-kana-juustoherkku-koirille-8x12g\/#primaryimage\"},\"image\":{\"@id\":\"https:\/\/miumjau.ee\/fi\/tuote\/churu-fun-bites-kana-juustoherkku-koirille-8x12g\/#primaryimage\"},\"thumbnailUrl\":\"https:\/\/miumjau.ee\/wp-content\/uploads\/2025\/08\/churu-fun-bites-koer-kana-juust.jpg\",\"datePublished\":\"2025-08-14T09:15:36+00:00\",\"dateModified\":\"2026-01-07T20:43:09+00:00\",\"breadcrumb\":{\"@id\":\"https:\/\/miumjau.ee\/fi\/tuote\/churu-fun-bites-kana-juustoherkku-koirille-8x12g\/#breadcrumb\"},\"inLanguage\":\"fi\",\"potentialAction\":[{\"@type\":\"ReadAction\",\"target\":[\"https:\/\/miumjau.ee\/fi\/tuote\/churu-fun-bites-kana-juustoherkku-koirille-8x12g\/\"]}]},{\"@type\":\"ImageObject\",\"inLanguage\":\"fi\",\"@id\":\"https:\/\/miumjau.ee\/fi\/tuote\/churu-fun-bites-kana-juustoherkku-koirille-8x12g\/#primaryimage\",\"url\":\"https:\/\/miumjau.ee\/wp-content\/uploads\/2025\/08\/churu-fun-bites-koer-kana-juust.jpg\",\"contentUrl\":\"https:\/\/miumjau.ee\/wp-content\/uploads\/2025\/08\/churu-fun-bites-koer-kana-juust.jpg\",\"width\":1200,\"height\":1600,\"caption\":\"Churu Fun Bites kana ja juustuga maiustus koertele 8x12g\"},{\"@type\":\"BreadcrumbList\",\"@id\":\"https:\/\/miumjau.ee\/fi\/tuote\/churu-fun-bites-kana-juustoherkku-koirille-8x12g\/#breadcrumb\",\"itemListElement\":[{\"@type\":\"ListItem\",\"position\":1,\"name\":\"Home\",\"item\":\"https:\/\/miumjau.ee\/fi\/\"},{\"@type\":\"ListItem\",\"position\":2,\"name\":\"Kauppa\",\"item\":\"https:\/\/miumjau.ee\/fi\/kauppa\/\"},{\"@type\":\"ListItem\",\"position\":3,\"name\":\"Churu Fun Bites \u2013 Kana &#038; juustoherkku koirille 8x12g\"}]},{\"@type\":\"WebSite\",\"@id\":\"https:\/\/miumjau.ee\/#website\",\"url\":\"https:\/\/miumjau.ee\/\",\"name\":\"MiuMjau\",\"description\":\"Kraapimispuud kassidele\",\"publisher\":{\"@id\":\"https:\/\/miumjau.ee\/#organization\"},\"potentialAction\":[{\"@type\":\"SearchAction\",\"target\":{\"@type\":\"EntryPoint\",\"urlTemplate\":\"https:\/\/miumjau.ee\/?s={search_term_string}\"},\"query-input\":{\"@type\":\"PropertyValueSpecification\",\"valueRequired\":true,\"valueName\":\"search_term_string\"}}],\"inLanguage\":\"fi\"},{\"@type\":\"Organization\",\"@id\":\"https:\/\/miumjau.ee\/#organization\",\"name\":\"MiuMjau O\u00dc\",\"url\":\"https:\/\/miumjau.ee\/\",\"logo\":{\"@type\":\"ImageObject\",\"inLanguage\":\"fi\",\"@id\":\"https:\/\/miumjau.ee\/#\/schema\/logo\/image\/\",\"url\":\"https:\/\/miumjau.ee\/wp-content\/uploads\/2022\/04\/MiuMjau-logo-kollane.png\",\"contentUrl\":\"https:\/\/miumjau.ee\/wp-content\/uploads\/2022\/04\/MiuMjau-logo-kollane.png\",\"width\":219,\"height\":100,\"caption\":\"MiuMjau O\u00dc\"},\"image\":{\"@id\":\"https:\/\/miumjau.ee\/#\/schema\/logo\/image\/\"},\"sameAs\":[\"https:\/\/www.facebook.com\/miumjaupood\/\"]}]}<\/script>\n<!-- \/ Yoast SEO plugin. -->","yoast_head_json":{"title":"Churu Fun Bites \u2013 Kana & juustoherkku koirille 8x12g - MiuMjau","robots":{"index":"index","follow":"follow","max-snippet":"max-snippet:-1","max-image-preview":"max-image-preview:large","max-video-preview":"max-video-preview:-1"},"canonical":"https:\/\/miumjau.ee\/fi\/tuote\/churu-fun-bites-kana-juustoherkku-koirille-8x12g\/","og_locale":"fi_FI","og_type":"article","og_title":"Churu Fun Bites \u2013 Kana & juustoherkku koirille 8x12g - MiuMjau","og_description":"Churu Fun Bites ovat pehmeit\u00e4 ja maukkaita herkkuja koirille, valmistettu vapaan kasvatuksen kanasta ja juustosta, sis\u00e4lt\u00e4en vastustamattoman kermamaisen ytimen. Viljaton, s\u00e4il\u00f6nt\u00e4aineeton ja keinotekoisista v\u00e4reist\u00e4 vapaa herkku sopii erinomaisesti p\u00e4ivitt\u00e4iseen nautiskeluun tai tablettien piilottamiseen. E-vitamiinilla ja vihre\u00e4n teen uutteella rikastettu, tukee immuunij\u00e4rjestelm\u00e4n terveytt\u00e4 ja varmistaa optimaalisen kosteutuksen. Ihanteellinen my\u00f6s valikoivimmille pennuille! Vastustamaton kaksinkertainen rakenne!Jokainen tyynyksi muotoiltu pala alkaa pehme\u00e4ll\u00e4 paistetulla kanapastakerroksella. Sis\u00e4lt\u00e4 se on t\u00e4ytetty maukkaalla Churulla, tarjoten ainutlaatuisen tekstuuriyhdistelm\u00e4n. Ainesosat: Kana, vesi, tapiokit\u00e4rkkelys, bonito-hiutaleet, juusto, valkuainen, natriumkaseinaatti, guarkumi, luonnollinen kananmaku, hiivauute, liivate, E-vitamiinilis\u00e4, vihre\u00e4n teen uute, paprikauute (v\u00e4ri). Analyyttinen koostumus:     Raakaproteiini (min): 22,00%    Raa\u2019rasva (min): 3,00%    Raakakuitu (max): 0,50%    Kosteus (max): 72,00%    E-vitamiini (min): 80 R\u00dc\/kg","og_url":"https:\/\/miumjau.ee\/fi\/tuote\/churu-fun-bites-kana-juustoherkku-koirille-8x12g\/","og_site_name":"MiuMjau","article_publisher":"https:\/\/www.facebook.com\/miumjaupood\/","article_modified_time":"2026-01-07T20:43:09+00:00","og_image":[{"width":1200,"height":1600,"url":"https:\/\/miumjau.ee\/wp-content\/uploads\/2025\/08\/churu-fun-bites-koer-kana-juust.jpg","type":"image\/jpeg"}],"twitter_card":"summary_large_image","schema":{"@context":"https:\/\/schema.org","@graph":[{"@type":"WebPage","@id":"https:\/\/miumjau.ee\/fi\/tuote\/churu-fun-bites-kana-juustoherkku-koirille-8x12g\/","url":"https:\/\/miumjau.ee\/fi\/tuote\/churu-fun-bites-kana-juustoherkku-koirille-8x12g\/","name":"Churu Fun Bites \u2013 Kana & juustoherkku koirille 8x12g - MiuMjau","isPartOf":{"@id":"https:\/\/miumjau.ee\/#website"},"primaryImageOfPage":{"@id":"https:\/\/miumjau.ee\/fi\/tuote\/churu-fun-bites-kana-juustoherkku-koirille-8x12g\/#primaryimage"},"image":{"@id":"https:\/\/miumjau.ee\/fi\/tuote\/churu-fun-bites-kana-juustoherkku-koirille-8x12g\/#primaryimage"},"thumbnailUrl":"https:\/\/miumjau.ee\/wp-content\/uploads\/2025\/08\/churu-fun-bites-koer-kana-juust.jpg","datePublished":"2025-08-14T09:15:36+00:00","dateModified":"2026-01-07T20:43:09+00:00","breadcrumb":{"@id":"https:\/\/miumjau.ee\/fi\/tuote\/churu-fun-bites-kana-juustoherkku-koirille-8x12g\/#breadcrumb"},"inLanguage":"fi","potentialAction":[{"@type":"ReadAction","target":["https:\/\/miumjau.ee\/fi\/tuote\/churu-fun-bites-kana-juustoherkku-koirille-8x12g\/"]}]},{"@type":"ImageObject","inLanguage":"fi","@id":"https:\/\/miumjau.ee\/fi\/tuote\/churu-fun-bites-kana-juustoherkku-koirille-8x12g\/#primaryimage","url":"https:\/\/miumjau.ee\/wp-content\/uploads\/2025\/08\/churu-fun-bites-koer-kana-juust.jpg","contentUrl":"https:\/\/miumjau.ee\/wp-content\/uploads\/2025\/08\/churu-fun-bites-koer-kana-juust.jpg","width":1200,"height":1600,"caption":"Churu Fun Bites kana ja juustuga maiustus koertele 8x12g"},{"@type":"BreadcrumbList","@id":"https:\/\/miumjau.ee\/fi\/tuote\/churu-fun-bites-kana-juustoherkku-koirille-8x12g\/#breadcrumb","itemListElement":[{"@type":"ListItem","position":1,"name":"Home","item":"https:\/\/miumjau.ee\/fi\/"},{"@type":"ListItem","position":2,"name":"Kauppa","item":"https:\/\/miumjau.ee\/fi\/kauppa\/"},{"@type":"ListItem","position":3,"name":"Churu Fun Bites \u2013 Kana &#038; juustoherkku koirille 8x12g"}]},{"@type":"WebSite","@id":"https:\/\/miumjau.ee\/#website","url":"https:\/\/miumjau.ee\/","name":"MiuMjau","description":"Kraapimispuud kassidele","publisher":{"@id":"https:\/\/miumjau.ee\/#organization"},"potentialAction":[{"@type":"SearchAction","target":{"@type":"EntryPoint","urlTemplate":"https:\/\/miumjau.ee\/?s={search_term_string}"},"query-input":{"@type":"PropertyValueSpecification","valueRequired":true,"valueName":"search_term_string"}}],"inLanguage":"fi"},{"@type":"Organization","@id":"https:\/\/miumjau.ee\/#organization","name":"MiuMjau O\u00dc","url":"https:\/\/miumjau.ee\/","logo":{"@type":"ImageObject","inLanguage":"fi","@id":"https:\/\/miumjau.ee\/#\/schema\/logo\/image\/","url":"https:\/\/miumjau.ee\/wp-content\/uploads\/2022\/04\/MiuMjau-logo-kollane.png","contentUrl":"https:\/\/miumjau.ee\/wp-content\/uploads\/2022\/04\/MiuMjau-logo-kollane.png","width":219,"height":100,"caption":"MiuMjau O\u00dc"},"image":{"@id":"https:\/\/miumjau.ee\/#\/schema\/logo\/image\/"},"sameAs":["https:\/\/www.facebook.com\/miumjaupood\/"]}]}},"_links":{"self":[{"href":"https:\/\/miumjau.ee\/fi\/wp-json\/wp\/v2\/product\/49190","targetHints":{"allow":["GET"]}}],"collection":[{"href":"https:\/\/miumjau.ee\/fi\/wp-json\/wp\/v2\/product"}],"about":[{"href":"https:\/\/miumjau.ee\/fi\/wp-json\/wp\/v2\/types\/product"}],"wp:featuredmedia":[{"embeddable":true,"href":"https:\/\/miumjau.ee\/fi\/wp-json\/wp\/v2\/media\/38612"}],"wp:attachment":[{"href":"https:\/\/miumjau.ee\/fi\/wp-json\/wp\/v2\/media?parent=49190"}],"wp:term":[{"taxonomy":"product_brand","embeddable":true,"href":"https:\/\/miumjau.ee\/fi\/wp-json\/wp\/v2\/product_brand?post=49190"},{"taxonomy":"product_cat","embeddable":true,"href":"https:\/\/miumjau.ee\/fi\/wp-json\/wp\/v2\/product_cat?post=49190"},{"taxonomy":"product_tag","embeddable":true,"href":"https:\/\/miumjau.ee\/fi\/wp-json\/wp\/v2\/product_tag?post=49190"}],"curies":[{"name":"wp","href":"https:\/\/api.w.org\/{rel}","templated":true}]}}