{"id":49178,"date":"2025-08-14T12:36:18","date_gmt":"2025-08-14T09:36:18","guid":{"rendered":"https:\/\/miumjau.ee\/toode\/beaphar-bonbons-lampaanrasvaa-merilevalla-valkosipulilla-ja-lohella\/"},"modified":"2026-01-07T22:43:16","modified_gmt":"2026-01-07T20:43:16","slug":"beaphar-bonbons-lampaanrasvaa-merilevalla-valkosipulilla-ja-lohella","status":"publish","type":"product","link":"https:\/\/miumjau.ee\/fi\/tuote\/beaphar-bonbons-lampaanrasvaa-merilevalla-valkosipulilla-ja-lohella\/","title":{"rendered":"Beaphar BonBons \u2013 Lampaanrasvaa merilev\u00e4ll\u00e4, valkosipulilla ja lohella"},"content":{"rendered":"","protected":false},"excerpt":{"rendered":"<p data-start=\"1368\" data-end=\"1745\">Beaphar <strong data-start=\"1376\" data-end=\"1392\">lampaanrasva<\/strong> on 100 % luonnollinen lis\u00e4ravinne koirallesi. Saatavilla nestem\u00e4isen\u00e4 tai herkullisina bonboneina. Bonbonit ovat saatavilla <strong data-start=\"1517\" data-end=\"1561\">valkosipuli-, merilev\u00e4- ja lohimakuisina<\/strong>. Lampaanrasva tukee kimmoisaa ja kiilt\u00e4v\u00e4\u00e4 turkkia. Bonbonit edist\u00e4v\u00e4t my\u00f6s ruoansulatusta, yll\u00e4pit\u00e4v\u00e4t normaalia kolesterolitasoa ja vahvistavat koiran luonnollista vastustuskyky\u00e4.<\/p>\n<p data-start=\"1747\" data-end=\"1785\"><strong data-start=\"1747\" data-end=\"1783\">Merilev\u00e4bonbonit 245 g (40 kpl):<\/strong><\/p>\n<ul data-start=\"1786\" data-end=\"1913\">\n<li data-start=\"1786\" data-end=\"1847\">\n<p data-start=\"1788\" data-end=\"1847\">Runsaasti A- ja D-vitamiinia, mineraaleja ja hivenaineita<\/p>\n<\/li>\n<li data-start=\"1848\" data-end=\"1913\">\n<p data-start=\"1850\" data-end=\"1913\">Ainesosat: liha ja el\u00e4inper\u00e4iset sivutuotteet, merilev\u00e4 (5 %)<\/p>\n<\/li>\n<\/ul>\n<p data-start=\"1915\" data-end=\"1956\"><strong data-start=\"1915\" data-end=\"1954\">Valkosipulibonbonit 245 g (40 kpl):<\/strong><\/p>\n<ul data-start=\"1957\" data-end=\"2099\">\n<li data-start=\"1957\" data-end=\"2030\">\n<p data-start=\"1959\" data-end=\"2030\">Runsaasti Omega-3, -6 ja -9 rasvahappoja, mineraaleja ja hivenaineita<\/p>\n<\/li>\n<li data-start=\"2031\" data-end=\"2099\">\n<p data-start=\"2033\" data-end=\"2099\">Ainesosat: liha ja el\u00e4inper\u00e4iset sivutuotteet, valkosipuli (5 %)<\/p>\n<\/li>\n<\/ul>\n<p data-start=\"2101\" data-end=\"2135\"><strong data-start=\"2101\" data-end=\"2133\">Lohibonbonit 245 g (40 kpl):<\/strong><\/p>\n<ul data-start=\"2136\" data-end=\"2261\">\n<li data-start=\"2136\" data-end=\"2209\">\n<p data-start=\"2138\" data-end=\"2209\">Runsaasti Omega-3, -6 ja -9 rasvahappoja, mineraaleja ja hivenaineita<\/p>\n<\/li>\n<li data-start=\"2210\" data-end=\"2261\">\n<p data-start=\"2212\" data-end=\"2261\">Ainesosat: el\u00e4inrasva, kookos ja lohi\u00f6ljy (5 %)<\/p>\n<\/li>\n<\/ul>\n<p data-start=\"2263\" data-end=\"2278\"><strong data-start=\"2263\" data-end=\"2276\">Annostus:<\/strong><\/p>\n<div class=\"TyagGW_tableContainer\">\n<div class=\"group TyagGW_tableWrapper flex w-fit flex-col-reverse\" tabindex=\"-1\">\n<table class=\"w-fit min-w-(--thread-content-width)\" data-start=\"2280\" data-end=\"2459\">\n<thead data-start=\"2280\" data-end=\"2324\">\n<tr data-start=\"2280\" data-end=\"2324\">\n<th data-start=\"2280\" data-end=\"2294\" data-col-size=\"sm\">Koira paino<\/th>\n<th data-start=\"2294\" data-end=\"2324\" data-col-size=\"sm\">Bonbonien m\u00e4\u00e4r\u00e4 p\u00e4iv\u00e4ss\u00e4<\/th>\n<\/tr>\n<\/thead>\n<tbody data-start=\"2369\" data-end=\"2459\">\n<tr data-start=\"2369\" data-end=\"2397\">\n<td data-start=\"2369\" data-end=\"2383\" data-col-size=\"sm\">Alle 20 kg<\/td>\n<td data-start=\"2383\" data-end=\"2397\" data-col-size=\"sm\">1 bonbon<\/td>\n<\/tr>\n<tr data-start=\"2398\" data-end=\"2428\">\n<td data-start=\"2398\" data-end=\"2412\" data-col-size=\"sm\">20\u201340 kg<\/td>\n<td data-start=\"2412\" data-end=\"2428\" data-col-size=\"sm\">2 bonbonia<\/td>\n<\/tr>\n<tr data-start=\"2429\" data-end=\"2459\">\n<td data-start=\"2429\" data-end=\"2443\" data-col-size=\"sm\">Yli 40 kg<\/td>\n<td data-start=\"2443\" data-end=\"2459\" data-col-size=\"sm\">3 bonbonia<\/td>\n<\/tr>\n<\/tbody>\n<\/table>\n<\/div>\n<\/div>\n","protected":false},"featured_media":38619,"template":"","meta":[],"product_brand":[],"product_cat":[480,869],"product_tag":[],"class_list":{"0":"post-49178","1":"product","2":"type-product","3":"status-publish","4":"has-post-thumbnail","6":"product_cat-herkut-koirille","7":"product_cat-ravintolisat-koirille","9":"first","10":"instock","11":"sale","12":"taxable","13":"shipping-taxable","14":"purchasable","15":"product-type-simple"},"yoast_head":"<!-- This site is optimized with the Yoast SEO plugin v27.2 - https:\/\/yoast.com\/product\/yoast-seo-wordpress\/ -->\n<title>Beaphar BonBons \u2013 Lampaanrasvaa merilev\u00e4ll\u00e4, valkosipulilla ja lohella - MiuMjau<\/title>\n<meta name=\"robots\" content=\"index, follow, max-snippet:-1, max-image-preview:large, max-video-preview:-1\" \/>\n<link rel=\"canonical\" href=\"https:\/\/miumjau.ee\/fi\/tuote\/beaphar-bonbons-lampaanrasvaa-merilevalla-valkosipulilla-ja-lohella\/\" \/>\n<meta property=\"og:locale\" content=\"fi_FI\" \/>\n<meta property=\"og:type\" content=\"article\" \/>\n<meta property=\"og:title\" content=\"Beaphar BonBons \u2013 Lampaanrasvaa merilev\u00e4ll\u00e4, valkosipulilla ja lohella - MiuMjau\" \/>\n<meta property=\"og:description\" content=\"Beaphar lampaanrasva on 100 % luonnollinen lis\u00e4ravinne koirallesi. Saatavilla nestem\u00e4isen\u00e4 tai herkullisina bonboneina. Bonbonit ovat saatavilla valkosipuli-, merilev\u00e4- ja lohimakuisina. Lampaanrasva tukee kimmoisaa ja kiilt\u00e4v\u00e4\u00e4 turkkia. Bonbonit edist\u00e4v\u00e4t my\u00f6s ruoansulatusta, yll\u00e4pit\u00e4v\u00e4t normaalia kolesterolitasoa ja vahvistavat koiran luonnollista vastustuskyky\u00e4. Merilev\u00e4bonbonit 245 g (40 kpl):     Runsaasti A- ja D-vitamiinia, mineraaleja ja hivenaineita    Ainesosat: liha ja el\u00e4inper\u00e4iset sivutuotteet, merilev\u00e4 (5 %)   Valkosipulibonbonit 245 g (40 kpl):     Runsaasti Omega-3, -6 ja -9 rasvahappoja, mineraaleja ja hivenaineita    Ainesosat: liha ja el\u00e4inper\u00e4iset sivutuotteet, valkosipuli (5 %)   Lohibonbonit 245 g (40 kpl):     Runsaasti Omega-3, -6 ja -9 rasvahappoja, mineraaleja ja hivenaineita    Ainesosat: el\u00e4inrasva, kookos ja lohi\u00f6ljy (5 %)   Annostus:       Koira paino Bonbonien m\u00e4\u00e4r\u00e4 p\u00e4iv\u00e4ss\u00e4     Alle 20 kg 1 bonbon   20\u201340 kg 2 bonbonia   Yli 40 kg 3 bonbonia\" \/>\n<meta property=\"og:url\" content=\"https:\/\/miumjau.ee\/fi\/tuote\/beaphar-bonbons-lampaanrasvaa-merilevalla-valkosipulilla-ja-lohella\/\" \/>\n<meta property=\"og:site_name\" content=\"MiuMjau\" \/>\n<meta property=\"article:publisher\" content=\"https:\/\/www.facebook.com\/miumjaupood\/\" \/>\n<meta property=\"article:modified_time\" content=\"2026-01-07T20:43:16+00:00\" \/>\n<meta property=\"og:image\" content=\"https:\/\/miumjau.ee\/wp-content\/uploads\/2025\/08\/beaphar-bonbon-oomega4.jpg\" \/>\n\t<meta property=\"og:image:width\" content=\"600\" \/>\n\t<meta property=\"og:image:height\" content=\"800\" \/>\n\t<meta property=\"og:image:type\" content=\"image\/jpeg\" \/>\n<meta name=\"twitter:card\" content=\"summary_large_image\" \/>\n<script type=\"application\/ld+json\" class=\"yoast-schema-graph\">{\"@context\":\"https:\/\/schema.org\",\"@graph\":[{\"@type\":\"WebPage\",\"@id\":\"https:\/\/miumjau.ee\/fi\/tuote\/beaphar-bonbons-lampaanrasvaa-merilevalla-valkosipulilla-ja-lohella\/\",\"url\":\"https:\/\/miumjau.ee\/fi\/tuote\/beaphar-bonbons-lampaanrasvaa-merilevalla-valkosipulilla-ja-lohella\/\",\"name\":\"Beaphar BonBons \u2013 Lampaanrasvaa merilev\u00e4ll\u00e4, valkosipulilla ja lohella - MiuMjau\",\"isPartOf\":{\"@id\":\"https:\/\/miumjau.ee\/#website\"},\"primaryImageOfPage\":{\"@id\":\"https:\/\/miumjau.ee\/fi\/tuote\/beaphar-bonbons-lampaanrasvaa-merilevalla-valkosipulilla-ja-lohella\/#primaryimage\"},\"image\":{\"@id\":\"https:\/\/miumjau.ee\/fi\/tuote\/beaphar-bonbons-lampaanrasvaa-merilevalla-valkosipulilla-ja-lohella\/#primaryimage\"},\"thumbnailUrl\":\"https:\/\/miumjau.ee\/wp-content\/uploads\/2025\/08\/beaphar-bonbon-oomega4.jpg\",\"datePublished\":\"2025-08-14T09:36:18+00:00\",\"dateModified\":\"2026-01-07T20:43:16+00:00\",\"breadcrumb\":{\"@id\":\"https:\/\/miumjau.ee\/fi\/tuote\/beaphar-bonbons-lampaanrasvaa-merilevalla-valkosipulilla-ja-lohella\/#breadcrumb\"},\"inLanguage\":\"fi\",\"potentialAction\":[{\"@type\":\"ReadAction\",\"target\":[\"https:\/\/miumjau.ee\/fi\/tuote\/beaphar-bonbons-lampaanrasvaa-merilevalla-valkosipulilla-ja-lohella\/\"]}]},{\"@type\":\"ImageObject\",\"inLanguage\":\"fi\",\"@id\":\"https:\/\/miumjau.ee\/fi\/tuote\/beaphar-bonbons-lampaanrasvaa-merilevalla-valkosipulilla-ja-lohella\/#primaryimage\",\"url\":\"https:\/\/miumjau.ee\/wp-content\/uploads\/2025\/08\/beaphar-bonbon-oomega4.jpg\",\"contentUrl\":\"https:\/\/miumjau.ee\/wp-content\/uploads\/2025\/08\/beaphar-bonbon-oomega4.jpg\",\"width\":600,\"height\":800,\"caption\":\"Beaphar BonBons lambarasv merevetikatega, Omega 3&6 maius\"},{\"@type\":\"BreadcrumbList\",\"@id\":\"https:\/\/miumjau.ee\/fi\/tuote\/beaphar-bonbons-lampaanrasvaa-merilevalla-valkosipulilla-ja-lohella\/#breadcrumb\",\"itemListElement\":[{\"@type\":\"ListItem\",\"position\":1,\"name\":\"Home\",\"item\":\"https:\/\/miumjau.ee\/fi\/\"},{\"@type\":\"ListItem\",\"position\":2,\"name\":\"Kauppa\",\"item\":\"https:\/\/miumjau.ee\/fi\/kauppa\/\"},{\"@type\":\"ListItem\",\"position\":3,\"name\":\"Beaphar BonBons \u2013 Lampaanrasvaa merilev\u00e4ll\u00e4, valkosipulilla ja lohella\"}]},{\"@type\":\"WebSite\",\"@id\":\"https:\/\/miumjau.ee\/#website\",\"url\":\"https:\/\/miumjau.ee\/\",\"name\":\"MiuMjau\",\"description\":\"Kraapimispuud kassidele\",\"publisher\":{\"@id\":\"https:\/\/miumjau.ee\/#organization\"},\"potentialAction\":[{\"@type\":\"SearchAction\",\"target\":{\"@type\":\"EntryPoint\",\"urlTemplate\":\"https:\/\/miumjau.ee\/?s={search_term_string}\"},\"query-input\":{\"@type\":\"PropertyValueSpecification\",\"valueRequired\":true,\"valueName\":\"search_term_string\"}}],\"inLanguage\":\"fi\"},{\"@type\":\"Organization\",\"@id\":\"https:\/\/miumjau.ee\/#organization\",\"name\":\"MiuMjau O\u00dc\",\"url\":\"https:\/\/miumjau.ee\/\",\"logo\":{\"@type\":\"ImageObject\",\"inLanguage\":\"fi\",\"@id\":\"https:\/\/miumjau.ee\/#\/schema\/logo\/image\/\",\"url\":\"https:\/\/miumjau.ee\/wp-content\/uploads\/2022\/04\/MiuMjau-logo-kollane.png\",\"contentUrl\":\"https:\/\/miumjau.ee\/wp-content\/uploads\/2022\/04\/MiuMjau-logo-kollane.png\",\"width\":219,\"height\":100,\"caption\":\"MiuMjau O\u00dc\"},\"image\":{\"@id\":\"https:\/\/miumjau.ee\/#\/schema\/logo\/image\/\"},\"sameAs\":[\"https:\/\/www.facebook.com\/miumjaupood\/\"]}]}<\/script>\n<!-- \/ Yoast SEO plugin. -->","yoast_head_json":{"title":"Beaphar BonBons \u2013 Lampaanrasvaa merilev\u00e4ll\u00e4, valkosipulilla ja lohella - MiuMjau","robots":{"index":"index","follow":"follow","max-snippet":"max-snippet:-1","max-image-preview":"max-image-preview:large","max-video-preview":"max-video-preview:-1"},"canonical":"https:\/\/miumjau.ee\/fi\/tuote\/beaphar-bonbons-lampaanrasvaa-merilevalla-valkosipulilla-ja-lohella\/","og_locale":"fi_FI","og_type":"article","og_title":"Beaphar BonBons \u2013 Lampaanrasvaa merilev\u00e4ll\u00e4, valkosipulilla ja lohella - MiuMjau","og_description":"Beaphar lampaanrasva on 100 % luonnollinen lis\u00e4ravinne koirallesi. Saatavilla nestem\u00e4isen\u00e4 tai herkullisina bonboneina. Bonbonit ovat saatavilla valkosipuli-, merilev\u00e4- ja lohimakuisina. Lampaanrasva tukee kimmoisaa ja kiilt\u00e4v\u00e4\u00e4 turkkia. Bonbonit edist\u00e4v\u00e4t my\u00f6s ruoansulatusta, yll\u00e4pit\u00e4v\u00e4t normaalia kolesterolitasoa ja vahvistavat koiran luonnollista vastustuskyky\u00e4. Merilev\u00e4bonbonit 245 g (40 kpl):     Runsaasti A- ja D-vitamiinia, mineraaleja ja hivenaineita    Ainesosat: liha ja el\u00e4inper\u00e4iset sivutuotteet, merilev\u00e4 (5 %)   Valkosipulibonbonit 245 g (40 kpl):     Runsaasti Omega-3, -6 ja -9 rasvahappoja, mineraaleja ja hivenaineita    Ainesosat: liha ja el\u00e4inper\u00e4iset sivutuotteet, valkosipuli (5 %)   Lohibonbonit 245 g (40 kpl):     Runsaasti Omega-3, -6 ja -9 rasvahappoja, mineraaleja ja hivenaineita    Ainesosat: el\u00e4inrasva, kookos ja lohi\u00f6ljy (5 %)   Annostus:       Koira paino Bonbonien m\u00e4\u00e4r\u00e4 p\u00e4iv\u00e4ss\u00e4     Alle 20 kg 1 bonbon   20\u201340 kg 2 bonbonia   Yli 40 kg 3 bonbonia","og_url":"https:\/\/miumjau.ee\/fi\/tuote\/beaphar-bonbons-lampaanrasvaa-merilevalla-valkosipulilla-ja-lohella\/","og_site_name":"MiuMjau","article_publisher":"https:\/\/www.facebook.com\/miumjaupood\/","article_modified_time":"2026-01-07T20:43:16+00:00","og_image":[{"width":600,"height":800,"url":"https:\/\/miumjau.ee\/wp-content\/uploads\/2025\/08\/beaphar-bonbon-oomega4.jpg","type":"image\/jpeg"}],"twitter_card":"summary_large_image","schema":{"@context":"https:\/\/schema.org","@graph":[{"@type":"WebPage","@id":"https:\/\/miumjau.ee\/fi\/tuote\/beaphar-bonbons-lampaanrasvaa-merilevalla-valkosipulilla-ja-lohella\/","url":"https:\/\/miumjau.ee\/fi\/tuote\/beaphar-bonbons-lampaanrasvaa-merilevalla-valkosipulilla-ja-lohella\/","name":"Beaphar BonBons \u2013 Lampaanrasvaa merilev\u00e4ll\u00e4, valkosipulilla ja lohella - MiuMjau","isPartOf":{"@id":"https:\/\/miumjau.ee\/#website"},"primaryImageOfPage":{"@id":"https:\/\/miumjau.ee\/fi\/tuote\/beaphar-bonbons-lampaanrasvaa-merilevalla-valkosipulilla-ja-lohella\/#primaryimage"},"image":{"@id":"https:\/\/miumjau.ee\/fi\/tuote\/beaphar-bonbons-lampaanrasvaa-merilevalla-valkosipulilla-ja-lohella\/#primaryimage"},"thumbnailUrl":"https:\/\/miumjau.ee\/wp-content\/uploads\/2025\/08\/beaphar-bonbon-oomega4.jpg","datePublished":"2025-08-14T09:36:18+00:00","dateModified":"2026-01-07T20:43:16+00:00","breadcrumb":{"@id":"https:\/\/miumjau.ee\/fi\/tuote\/beaphar-bonbons-lampaanrasvaa-merilevalla-valkosipulilla-ja-lohella\/#breadcrumb"},"inLanguage":"fi","potentialAction":[{"@type":"ReadAction","target":["https:\/\/miumjau.ee\/fi\/tuote\/beaphar-bonbons-lampaanrasvaa-merilevalla-valkosipulilla-ja-lohella\/"]}]},{"@type":"ImageObject","inLanguage":"fi","@id":"https:\/\/miumjau.ee\/fi\/tuote\/beaphar-bonbons-lampaanrasvaa-merilevalla-valkosipulilla-ja-lohella\/#primaryimage","url":"https:\/\/miumjau.ee\/wp-content\/uploads\/2025\/08\/beaphar-bonbon-oomega4.jpg","contentUrl":"https:\/\/miumjau.ee\/wp-content\/uploads\/2025\/08\/beaphar-bonbon-oomega4.jpg","width":600,"height":800,"caption":"Beaphar BonBons lambarasv merevetikatega, Omega 3&6 maius"},{"@type":"BreadcrumbList","@id":"https:\/\/miumjau.ee\/fi\/tuote\/beaphar-bonbons-lampaanrasvaa-merilevalla-valkosipulilla-ja-lohella\/#breadcrumb","itemListElement":[{"@type":"ListItem","position":1,"name":"Home","item":"https:\/\/miumjau.ee\/fi\/"},{"@type":"ListItem","position":2,"name":"Kauppa","item":"https:\/\/miumjau.ee\/fi\/kauppa\/"},{"@type":"ListItem","position":3,"name":"Beaphar BonBons \u2013 Lampaanrasvaa merilev\u00e4ll\u00e4, valkosipulilla ja lohella"}]},{"@type":"WebSite","@id":"https:\/\/miumjau.ee\/#website","url":"https:\/\/miumjau.ee\/","name":"MiuMjau","description":"Kraapimispuud kassidele","publisher":{"@id":"https:\/\/miumjau.ee\/#organization"},"potentialAction":[{"@type":"SearchAction","target":{"@type":"EntryPoint","urlTemplate":"https:\/\/miumjau.ee\/?s={search_term_string}"},"query-input":{"@type":"PropertyValueSpecification","valueRequired":true,"valueName":"search_term_string"}}],"inLanguage":"fi"},{"@type":"Organization","@id":"https:\/\/miumjau.ee\/#organization","name":"MiuMjau O\u00dc","url":"https:\/\/miumjau.ee\/","logo":{"@type":"ImageObject","inLanguage":"fi","@id":"https:\/\/miumjau.ee\/#\/schema\/logo\/image\/","url":"https:\/\/miumjau.ee\/wp-content\/uploads\/2022\/04\/MiuMjau-logo-kollane.png","contentUrl":"https:\/\/miumjau.ee\/wp-content\/uploads\/2022\/04\/MiuMjau-logo-kollane.png","width":219,"height":100,"caption":"MiuMjau O\u00dc"},"image":{"@id":"https:\/\/miumjau.ee\/#\/schema\/logo\/image\/"},"sameAs":["https:\/\/www.facebook.com\/miumjaupood\/"]}]}},"_links":{"self":[{"href":"https:\/\/miumjau.ee\/fi\/wp-json\/wp\/v2\/product\/49178","targetHints":{"allow":["GET"]}}],"collection":[{"href":"https:\/\/miumjau.ee\/fi\/wp-json\/wp\/v2\/product"}],"about":[{"href":"https:\/\/miumjau.ee\/fi\/wp-json\/wp\/v2\/types\/product"}],"wp:featuredmedia":[{"embeddable":true,"href":"https:\/\/miumjau.ee\/fi\/wp-json\/wp\/v2\/media\/38619"}],"wp:attachment":[{"href":"https:\/\/miumjau.ee\/fi\/wp-json\/wp\/v2\/media?parent=49178"}],"wp:term":[{"taxonomy":"product_brand","embeddable":true,"href":"https:\/\/miumjau.ee\/fi\/wp-json\/wp\/v2\/product_brand?post=49178"},{"taxonomy":"product_cat","embeddable":true,"href":"https:\/\/miumjau.ee\/fi\/wp-json\/wp\/v2\/product_cat?post=49178"},{"taxonomy":"product_tag","embeddable":true,"href":"https:\/\/miumjau.ee\/fi\/wp-json\/wp\/v2\/product_tag?post=49178"}],"curies":[{"name":"wp","href":"https:\/\/api.w.org\/{rel}","templated":true}]}}