{"id":49173,"date":"2025-07-29T15:01:09","date_gmt":"2025-07-29T12:01:09","guid":{"rendered":"https:\/\/miumjau.ee\/toode\/beaphar-immo-shield-spray-loisia-vastaan-suihke-250-ml\/"},"modified":"2026-01-07T22:43:16","modified_gmt":"2026-01-07T20:43:16","slug":"beaphar-immo-shield-spray-loisia-vastaan-suihke-250-ml","status":"publish","type":"product","link":"https:\/\/miumjau.ee\/fi\/tuote\/beaphar-immo-shield-spray-loisia-vastaan-suihke-250-ml\/","title":{"rendered":"Beaphar Immo Shield Spray \u2013 Loisia vastaan suihke 250 ml"},"content":{"rendered":"","protected":false},"excerpt":{"rendered":"<p data-start=\"1546\" data-end=\"1893\">Beaphar <strong data-start=\"1554\" data-end=\"1574\">IMMOShield Spray<\/strong> on dimetikoniin (silikoni\u00f6ljyyn) perustuva suihke, joka deaktivoittaa kirput, puutiaiset, hyttyset, t\u00e4it ja smil\u0161u mu\u0161i\u0146as fysikaalisella vaikutuksella. Dimetikoni muodostaa pinnalle kalvon, joka est\u00e4\u00e4 kutikulan nivelten liikkeen ja toimii tahmeana ansana. Suihke on tehokas kaikkia kirppujen el\u00e4m\u00e4nvaiheita vastaan.<\/p>\n<p data-start=\"1895\" data-end=\"2043\"><strong data-start=\"1895\" data-end=\"1909\">Ainesosat:<\/strong> Dimetikoni (CAS N\u00ba 68937-54-2) 38 g\/l, Aloe Vera (CAS N\u00ba 94349-62-9) 5 g\/l, tuoksu 10 g\/l. Ei sis\u00e4ll\u00e4 kemiallisia hy\u00f6nteismyrkkyj\u00e4.<\/p>\n<p data-start=\"2045\" data-end=\"2413\"><strong data-start=\"2045\" data-end=\"2056\">K\u00e4ytt\u00f6:<\/strong> Voidaan suihkuttaa el\u00e4imille (kissat, koirat, jyrsij\u00e4t) ja niiden ymp\u00e4rist\u00f6\u00f6n. Suihkuta turkkiin 10 cm et\u00e4isyydelt\u00e4. Kun turkki kuivuu, harjaa kevyesti. Ymp\u00e4rist\u00f6n k\u00e4sittelyyn suihkuta 30 cm et\u00e4isyydelt\u00e4. Suositellaan k\u00e4sittelem\u00e4\u00e4n lemmikin nukkumapaikat. Ravista ennen k\u00e4ytt\u00f6\u00e4. Tarvittaessa k\u00e4sittely voidaan toistaa 4 viikon kuluttua tai pesun j\u00e4lkeen.<\/p>\n<p data-start=\"2415\" data-end=\"2631\"><strong data-start=\"2415\" data-end=\"2431\">Varoitukset:<\/strong> Vain ulkoiseen k\u00e4ytt\u00f6\u00f6n. \u00c4l\u00e4 k\u00e4yt\u00e4 vahingoittuneelle iholle. V\u00e4lt\u00e4 silmiin joutumista. Silmiin joutuessa huuhtele v\u00e4litt\u00f6m\u00e4sti runsaalla puhtaalla vedell\u00e4. \u00c4l\u00e4 k\u00e4yt\u00e4 raskauden tai imetyksen aikana.<\/p>\n<p data-start=\"2633\" data-end=\"2789\"><strong data-start=\"2633\" data-end=\"2646\">S\u00e4ilytys:<\/strong> S\u00e4ilyt\u00e4 alle 25 \u00baC l\u00e4mp\u00f6tilassa alkuper\u00e4ispakkauksessa. Pid\u00e4 lasten ulottumattomissa. \u00c4l\u00e4 j\u00e4\u00e4dyt\u00e4. \u00c4l\u00e4 k\u00e4yt\u00e4 viimeisen k\u00e4ytt\u00f6p\u00e4iv\u00e4n j\u00e4lkeen.<\/p>\n<p data-start=\"2791\" data-end=\"2816\"><strong data-start=\"2791\" data-end=\"2806\">Valmistaja:<\/strong> Beaphar<\/p>\n","protected":false},"featured_media":38310,"template":"","meta":[],"product_brand":[],"product_cat":[259,483],"product_tag":[],"class_list":{"0":"post-49173","1":"product","2":"type-product","3":"status-publish","4":"has-post-thumbnail","6":"product_cat-muut","7":"product_cat-hoitotuotteet-koirille","9":"first","10":"instock","11":"taxable","12":"shipping-taxable","13":"purchasable","14":"product-type-simple"},"yoast_head":"<!-- This site is optimized with the Yoast SEO plugin v27.2 - https:\/\/yoast.com\/product\/yoast-seo-wordpress\/ -->\n<title>Beaphar Immo Shield Spray \u2013 Loisia vastaan suihke 250 ml - MiuMjau<\/title>\n<meta name=\"robots\" content=\"index, follow, max-snippet:-1, max-image-preview:large, max-video-preview:-1\" \/>\n<link rel=\"canonical\" href=\"https:\/\/miumjau.ee\/fi\/tuote\/beaphar-immo-shield-spray-loisia-vastaan-suihke-250-ml\/\" \/>\n<meta property=\"og:locale\" content=\"fi_FI\" \/>\n<meta property=\"og:type\" content=\"article\" \/>\n<meta property=\"og:title\" content=\"Beaphar Immo Shield Spray \u2013 Loisia vastaan suihke 250 ml - MiuMjau\" \/>\n<meta property=\"og:description\" content=\"Beaphar IMMOShield Spray on dimetikoniin (silikoni\u00f6ljyyn) perustuva suihke, joka deaktivoittaa kirput, puutiaiset, hyttyset, t\u00e4it ja smil\u0161u mu\u0161i\u0146as fysikaalisella vaikutuksella. Dimetikoni muodostaa pinnalle kalvon, joka est\u00e4\u00e4 kutikulan nivelten liikkeen ja toimii tahmeana ansana. Suihke on tehokas kaikkia kirppujen el\u00e4m\u00e4nvaiheita vastaan. Ainesosat: Dimetikoni (CAS N\u00ba 68937-54-2) 38 g\/l, Aloe Vera (CAS N\u00ba 94349-62-9) 5 g\/l, tuoksu 10 g\/l. Ei sis\u00e4ll\u00e4 kemiallisia hy\u00f6nteismyrkkyj\u00e4. K\u00e4ytt\u00f6: Voidaan suihkuttaa el\u00e4imille (kissat, koirat, jyrsij\u00e4t) ja niiden ymp\u00e4rist\u00f6\u00f6n. Suihkuta turkkiin 10 cm et\u00e4isyydelt\u00e4. Kun turkki kuivuu, harjaa kevyesti. Ymp\u00e4rist\u00f6n k\u00e4sittelyyn suihkuta 30 cm et\u00e4isyydelt\u00e4. Suositellaan k\u00e4sittelem\u00e4\u00e4n lemmikin nukkumapaikat. Ravista ennen k\u00e4ytt\u00f6\u00e4. Tarvittaessa k\u00e4sittely voidaan toistaa 4 viikon kuluttua tai pesun j\u00e4lkeen. Varoitukset: Vain ulkoiseen k\u00e4ytt\u00f6\u00f6n. \u00c4l\u00e4 k\u00e4yt\u00e4 vahingoittuneelle iholle. V\u00e4lt\u00e4 silmiin joutumista. Silmiin joutuessa huuhtele v\u00e4litt\u00f6m\u00e4sti runsaalla puhtaalla vedell\u00e4. \u00c4l\u00e4 k\u00e4yt\u00e4 raskauden tai imetyksen aikana. S\u00e4ilytys: S\u00e4ilyt\u00e4 alle 25 \u00baC l\u00e4mp\u00f6tilassa alkuper\u00e4ispakkauksessa. Pid\u00e4 lasten ulottumattomissa. \u00c4l\u00e4 j\u00e4\u00e4dyt\u00e4. \u00c4l\u00e4 k\u00e4yt\u00e4 viimeisen k\u00e4ytt\u00f6p\u00e4iv\u00e4n j\u00e4lkeen. Valmistaja: Beaphar\" \/>\n<meta property=\"og:url\" content=\"https:\/\/miumjau.ee\/fi\/tuote\/beaphar-immo-shield-spray-loisia-vastaan-suihke-250-ml\/\" \/>\n<meta property=\"og:site_name\" content=\"MiuMjau\" \/>\n<meta property=\"article:publisher\" content=\"https:\/\/www.facebook.com\/miumjaupood\/\" \/>\n<meta property=\"article:modified_time\" content=\"2026-01-07T20:43:16+00:00\" \/>\n<meta property=\"og:image\" content=\"https:\/\/miumjau.ee\/wp-content\/uploads\/2025\/07\/beaphar-kassidele-koertele31.jpg\" \/>\n\t<meta property=\"og:image:width\" content=\"600\" \/>\n\t<meta property=\"og:image:height\" content=\"800\" \/>\n\t<meta property=\"og:image:type\" content=\"image\/jpeg\" \/>\n<meta name=\"twitter:card\" content=\"summary_large_image\" \/>\n<script type=\"application\/ld+json\" class=\"yoast-schema-graph\">{\"@context\":\"https:\/\/schema.org\",\"@graph\":[{\"@type\":\"WebPage\",\"@id\":\"https:\/\/miumjau.ee\/fi\/tuote\/beaphar-immo-shield-spray-loisia-vastaan-suihke-250-ml\/\",\"url\":\"https:\/\/miumjau.ee\/fi\/tuote\/beaphar-immo-shield-spray-loisia-vastaan-suihke-250-ml\/\",\"name\":\"Beaphar Immo Shield Spray \u2013 Loisia vastaan suihke 250 ml - MiuMjau\",\"isPartOf\":{\"@id\":\"https:\/\/miumjau.ee\/#website\"},\"primaryImageOfPage\":{\"@id\":\"https:\/\/miumjau.ee\/fi\/tuote\/beaphar-immo-shield-spray-loisia-vastaan-suihke-250-ml\/#primaryimage\"},\"image\":{\"@id\":\"https:\/\/miumjau.ee\/fi\/tuote\/beaphar-immo-shield-spray-loisia-vastaan-suihke-250-ml\/#primaryimage\"},\"thumbnailUrl\":\"https:\/\/miumjau.ee\/wp-content\/uploads\/2025\/07\/beaphar-kassidele-koertele31.jpg\",\"datePublished\":\"2025-07-29T12:01:09+00:00\",\"dateModified\":\"2026-01-07T20:43:16+00:00\",\"breadcrumb\":{\"@id\":\"https:\/\/miumjau.ee\/fi\/tuote\/beaphar-immo-shield-spray-loisia-vastaan-suihke-250-ml\/#breadcrumb\"},\"inLanguage\":\"fi\",\"potentialAction\":[{\"@type\":\"ReadAction\",\"target\":[\"https:\/\/miumjau.ee\/fi\/tuote\/beaphar-immo-shield-spray-loisia-vastaan-suihke-250-ml\/\"]}]},{\"@type\":\"ImageObject\",\"inLanguage\":\"fi\",\"@id\":\"https:\/\/miumjau.ee\/fi\/tuote\/beaphar-immo-shield-spray-loisia-vastaan-suihke-250-ml\/#primaryimage\",\"url\":\"https:\/\/miumjau.ee\/wp-content\/uploads\/2025\/07\/beaphar-kassidele-koertele31.jpg\",\"contentUrl\":\"https:\/\/miumjau.ee\/wp-content\/uploads\/2025\/07\/beaphar-kassidele-koertele31.jpg\",\"width\":600,\"height\":800,\"caption\":\"Beaphar Immo Shield Spray putukatevastane sprei 250ml\"},{\"@type\":\"BreadcrumbList\",\"@id\":\"https:\/\/miumjau.ee\/fi\/tuote\/beaphar-immo-shield-spray-loisia-vastaan-suihke-250-ml\/#breadcrumb\",\"itemListElement\":[{\"@type\":\"ListItem\",\"position\":1,\"name\":\"Home\",\"item\":\"https:\/\/miumjau.ee\/fi\/\"},{\"@type\":\"ListItem\",\"position\":2,\"name\":\"Kauppa\",\"item\":\"https:\/\/miumjau.ee\/fi\/kauppa\/\"},{\"@type\":\"ListItem\",\"position\":3,\"name\":\"Beaphar Immo Shield Spray \u2013 Loisia vastaan suihke 250 ml\"}]},{\"@type\":\"WebSite\",\"@id\":\"https:\/\/miumjau.ee\/#website\",\"url\":\"https:\/\/miumjau.ee\/\",\"name\":\"MiuMjau\",\"description\":\"Kraapimispuud kassidele\",\"publisher\":{\"@id\":\"https:\/\/miumjau.ee\/#organization\"},\"potentialAction\":[{\"@type\":\"SearchAction\",\"target\":{\"@type\":\"EntryPoint\",\"urlTemplate\":\"https:\/\/miumjau.ee\/?s={search_term_string}\"},\"query-input\":{\"@type\":\"PropertyValueSpecification\",\"valueRequired\":true,\"valueName\":\"search_term_string\"}}],\"inLanguage\":\"fi\"},{\"@type\":\"Organization\",\"@id\":\"https:\/\/miumjau.ee\/#organization\",\"name\":\"MiuMjau O\u00dc\",\"url\":\"https:\/\/miumjau.ee\/\",\"logo\":{\"@type\":\"ImageObject\",\"inLanguage\":\"fi\",\"@id\":\"https:\/\/miumjau.ee\/#\/schema\/logo\/image\/\",\"url\":\"https:\/\/miumjau.ee\/wp-content\/uploads\/2022\/04\/MiuMjau-logo-kollane.png\",\"contentUrl\":\"https:\/\/miumjau.ee\/wp-content\/uploads\/2022\/04\/MiuMjau-logo-kollane.png\",\"width\":219,\"height\":100,\"caption\":\"MiuMjau O\u00dc\"},\"image\":{\"@id\":\"https:\/\/miumjau.ee\/#\/schema\/logo\/image\/\"},\"sameAs\":[\"https:\/\/www.facebook.com\/miumjaupood\/\"]}]}<\/script>\n<!-- \/ Yoast SEO plugin. -->","yoast_head_json":{"title":"Beaphar Immo Shield Spray \u2013 Loisia vastaan suihke 250 ml - MiuMjau","robots":{"index":"index","follow":"follow","max-snippet":"max-snippet:-1","max-image-preview":"max-image-preview:large","max-video-preview":"max-video-preview:-1"},"canonical":"https:\/\/miumjau.ee\/fi\/tuote\/beaphar-immo-shield-spray-loisia-vastaan-suihke-250-ml\/","og_locale":"fi_FI","og_type":"article","og_title":"Beaphar Immo Shield Spray \u2013 Loisia vastaan suihke 250 ml - MiuMjau","og_description":"Beaphar IMMOShield Spray on dimetikoniin (silikoni\u00f6ljyyn) perustuva suihke, joka deaktivoittaa kirput, puutiaiset, hyttyset, t\u00e4it ja smil\u0161u mu\u0161i\u0146as fysikaalisella vaikutuksella. Dimetikoni muodostaa pinnalle kalvon, joka est\u00e4\u00e4 kutikulan nivelten liikkeen ja toimii tahmeana ansana. Suihke on tehokas kaikkia kirppujen el\u00e4m\u00e4nvaiheita vastaan. Ainesosat: Dimetikoni (CAS N\u00ba 68937-54-2) 38 g\/l, Aloe Vera (CAS N\u00ba 94349-62-9) 5 g\/l, tuoksu 10 g\/l. Ei sis\u00e4ll\u00e4 kemiallisia hy\u00f6nteismyrkkyj\u00e4. K\u00e4ytt\u00f6: Voidaan suihkuttaa el\u00e4imille (kissat, koirat, jyrsij\u00e4t) ja niiden ymp\u00e4rist\u00f6\u00f6n. Suihkuta turkkiin 10 cm et\u00e4isyydelt\u00e4. Kun turkki kuivuu, harjaa kevyesti. Ymp\u00e4rist\u00f6n k\u00e4sittelyyn suihkuta 30 cm et\u00e4isyydelt\u00e4. Suositellaan k\u00e4sittelem\u00e4\u00e4n lemmikin nukkumapaikat. Ravista ennen k\u00e4ytt\u00f6\u00e4. Tarvittaessa k\u00e4sittely voidaan toistaa 4 viikon kuluttua tai pesun j\u00e4lkeen. Varoitukset: Vain ulkoiseen k\u00e4ytt\u00f6\u00f6n. \u00c4l\u00e4 k\u00e4yt\u00e4 vahingoittuneelle iholle. V\u00e4lt\u00e4 silmiin joutumista. Silmiin joutuessa huuhtele v\u00e4litt\u00f6m\u00e4sti runsaalla puhtaalla vedell\u00e4. \u00c4l\u00e4 k\u00e4yt\u00e4 raskauden tai imetyksen aikana. S\u00e4ilytys: S\u00e4ilyt\u00e4 alle 25 \u00baC l\u00e4mp\u00f6tilassa alkuper\u00e4ispakkauksessa. Pid\u00e4 lasten ulottumattomissa. \u00c4l\u00e4 j\u00e4\u00e4dyt\u00e4. \u00c4l\u00e4 k\u00e4yt\u00e4 viimeisen k\u00e4ytt\u00f6p\u00e4iv\u00e4n j\u00e4lkeen. Valmistaja: Beaphar","og_url":"https:\/\/miumjau.ee\/fi\/tuote\/beaphar-immo-shield-spray-loisia-vastaan-suihke-250-ml\/","og_site_name":"MiuMjau","article_publisher":"https:\/\/www.facebook.com\/miumjaupood\/","article_modified_time":"2026-01-07T20:43:16+00:00","og_image":[{"width":600,"height":800,"url":"https:\/\/miumjau.ee\/wp-content\/uploads\/2025\/07\/beaphar-kassidele-koertele31.jpg","type":"image\/jpeg"}],"twitter_card":"summary_large_image","schema":{"@context":"https:\/\/schema.org","@graph":[{"@type":"WebPage","@id":"https:\/\/miumjau.ee\/fi\/tuote\/beaphar-immo-shield-spray-loisia-vastaan-suihke-250-ml\/","url":"https:\/\/miumjau.ee\/fi\/tuote\/beaphar-immo-shield-spray-loisia-vastaan-suihke-250-ml\/","name":"Beaphar Immo Shield Spray \u2013 Loisia vastaan suihke 250 ml - MiuMjau","isPartOf":{"@id":"https:\/\/miumjau.ee\/#website"},"primaryImageOfPage":{"@id":"https:\/\/miumjau.ee\/fi\/tuote\/beaphar-immo-shield-spray-loisia-vastaan-suihke-250-ml\/#primaryimage"},"image":{"@id":"https:\/\/miumjau.ee\/fi\/tuote\/beaphar-immo-shield-spray-loisia-vastaan-suihke-250-ml\/#primaryimage"},"thumbnailUrl":"https:\/\/miumjau.ee\/wp-content\/uploads\/2025\/07\/beaphar-kassidele-koertele31.jpg","datePublished":"2025-07-29T12:01:09+00:00","dateModified":"2026-01-07T20:43:16+00:00","breadcrumb":{"@id":"https:\/\/miumjau.ee\/fi\/tuote\/beaphar-immo-shield-spray-loisia-vastaan-suihke-250-ml\/#breadcrumb"},"inLanguage":"fi","potentialAction":[{"@type":"ReadAction","target":["https:\/\/miumjau.ee\/fi\/tuote\/beaphar-immo-shield-spray-loisia-vastaan-suihke-250-ml\/"]}]},{"@type":"ImageObject","inLanguage":"fi","@id":"https:\/\/miumjau.ee\/fi\/tuote\/beaphar-immo-shield-spray-loisia-vastaan-suihke-250-ml\/#primaryimage","url":"https:\/\/miumjau.ee\/wp-content\/uploads\/2025\/07\/beaphar-kassidele-koertele31.jpg","contentUrl":"https:\/\/miumjau.ee\/wp-content\/uploads\/2025\/07\/beaphar-kassidele-koertele31.jpg","width":600,"height":800,"caption":"Beaphar Immo Shield Spray putukatevastane sprei 250ml"},{"@type":"BreadcrumbList","@id":"https:\/\/miumjau.ee\/fi\/tuote\/beaphar-immo-shield-spray-loisia-vastaan-suihke-250-ml\/#breadcrumb","itemListElement":[{"@type":"ListItem","position":1,"name":"Home","item":"https:\/\/miumjau.ee\/fi\/"},{"@type":"ListItem","position":2,"name":"Kauppa","item":"https:\/\/miumjau.ee\/fi\/kauppa\/"},{"@type":"ListItem","position":3,"name":"Beaphar Immo Shield Spray \u2013 Loisia vastaan suihke 250 ml"}]},{"@type":"WebSite","@id":"https:\/\/miumjau.ee\/#website","url":"https:\/\/miumjau.ee\/","name":"MiuMjau","description":"Kraapimispuud kassidele","publisher":{"@id":"https:\/\/miumjau.ee\/#organization"},"potentialAction":[{"@type":"SearchAction","target":{"@type":"EntryPoint","urlTemplate":"https:\/\/miumjau.ee\/?s={search_term_string}"},"query-input":{"@type":"PropertyValueSpecification","valueRequired":true,"valueName":"search_term_string"}}],"inLanguage":"fi"},{"@type":"Organization","@id":"https:\/\/miumjau.ee\/#organization","name":"MiuMjau O\u00dc","url":"https:\/\/miumjau.ee\/","logo":{"@type":"ImageObject","inLanguage":"fi","@id":"https:\/\/miumjau.ee\/#\/schema\/logo\/image\/","url":"https:\/\/miumjau.ee\/wp-content\/uploads\/2022\/04\/MiuMjau-logo-kollane.png","contentUrl":"https:\/\/miumjau.ee\/wp-content\/uploads\/2022\/04\/MiuMjau-logo-kollane.png","width":219,"height":100,"caption":"MiuMjau O\u00dc"},"image":{"@id":"https:\/\/miumjau.ee\/#\/schema\/logo\/image\/"},"sameAs":["https:\/\/www.facebook.com\/miumjaupood\/"]}]}},"_links":{"self":[{"href":"https:\/\/miumjau.ee\/fi\/wp-json\/wp\/v2\/product\/49173","targetHints":{"allow":["GET"]}}],"collection":[{"href":"https:\/\/miumjau.ee\/fi\/wp-json\/wp\/v2\/product"}],"about":[{"href":"https:\/\/miumjau.ee\/fi\/wp-json\/wp\/v2\/types\/product"}],"wp:featuredmedia":[{"embeddable":true,"href":"https:\/\/miumjau.ee\/fi\/wp-json\/wp\/v2\/media\/38310"}],"wp:attachment":[{"href":"https:\/\/miumjau.ee\/fi\/wp-json\/wp\/v2\/media?parent=49173"}],"wp:term":[{"taxonomy":"product_brand","embeddable":true,"href":"https:\/\/miumjau.ee\/fi\/wp-json\/wp\/v2\/product_brand?post=49173"},{"taxonomy":"product_cat","embeddable":true,"href":"https:\/\/miumjau.ee\/fi\/wp-json\/wp\/v2\/product_cat?post=49173"},{"taxonomy":"product_tag","embeddable":true,"href":"https:\/\/miumjau.ee\/fi\/wp-json\/wp\/v2\/product_tag?post=49173"}],"curies":[{"name":"wp","href":"https:\/\/api.w.org\/{rel}","templated":true}]}}