{"id":49167,"date":"2025-07-29T15:36:07","date_gmt":"2025-07-29T12:36:07","guid":{"rendered":"https:\/\/miumjau.ee\/toode\/beaphar-immo-shield-loisia-vastaan-tipat-koirille-suuri\/"},"modified":"2026-01-07T22:43:16","modified_gmt":"2026-01-07T20:43:16","slug":"beaphar-immo-shield-loisia-vastaan-tipat-koirille-suuri","status":"publish","type":"product","link":"https:\/\/miumjau.ee\/fi\/tuote\/beaphar-immo-shield-loisia-vastaan-tipat-koirille-suuri\/","title":{"rendered":"Beaphar IMMO SHIELD loisia vastaan tipat koirille \u2013 Suuri"},"content":{"rendered":"","protected":false},"excerpt":{"rendered":"<p data-start=\"999\" data-end=\"1054\">Beaphar <strong data-start=\"1007\" data-end=\"1040\">Immo Shield Line-on Dog Large<\/strong> 3 x 4,5 ml.<\/p>\n<p data-start=\"1056\" data-end=\"1129\">Innovatiivinen ratkaisu koirien suojaamiseen kirpuilta ja puutiaisilta.<\/p>\n<ul data-start=\"1131\" data-end=\"1301\">\n<li data-start=\"1131\" data-end=\"1170\">\n<p data-start=\"1133\" data-end=\"1170\">Ihanteellinen suoja loisia vastaan.<\/p>\n<\/li>\n<li data-start=\"1171\" data-end=\"1193\">\n<p data-start=\"1173\" data-end=\"1193\">100 % turvallinen.<\/p>\n<\/li>\n<li data-start=\"1194\" data-end=\"1231\">\n<p data-start=\"1196\" data-end=\"1231\">Yksi pipetti vaikuttaa 4 viikkoa.<\/p>\n<\/li>\n<li data-start=\"1232\" data-end=\"1275\">\n<p data-start=\"1234\" data-end=\"1275\">Sopii pennuille alkaen 12 viikon i\u00e4st\u00e4.<\/p>\n<\/li>\n<li data-start=\"1276\" data-end=\"1301\">\n<p data-start=\"1278\" data-end=\"1301\">Ei tuki talirauhasia.<\/p>\n<\/li>\n<\/ul>\n<p data-start=\"1303\" data-end=\"1638\"><strong data-start=\"1303\" data-end=\"1324\">Toimintaperiaate:<\/strong> Levit\u00e4 tipat koiran sel\u00e4lle (tai selk\u00e4rankaa pitkin). Tipat levi\u00e4v\u00e4t tasaisesti keholle ja muodostavat iholle kalvon, joka toimii tahmeana kerroksena ja tappaa kirput, puutiaiset, hyttyset, t\u00e4it ja muut hy\u00f6nteiset. Keholla olevat loiset kuolevat 1\u20132 p\u00e4iv\u00e4n kuluessa. Tehokas kaikissa kirppujen kehitysvaiheissa.<\/p>\n<p data-start=\"1640\" data-end=\"1678\"><strong data-start=\"1640\" data-end=\"1655\">Valmistaja:<\/strong> Beaphar, Alankomaat.<\/p>\n","protected":false},"featured_media":38334,"template":"","meta":[],"product_brand":[],"product_cat":[483],"product_tag":[],"class_list":{"0":"post-49167","1":"product","2":"type-product","3":"status-publish","4":"has-post-thumbnail","6":"product_cat-hoitotuotteet-koirille","8":"first","9":"instock","10":"sale","11":"taxable","12":"shipping-taxable","13":"purchasable","14":"product-type-simple"},"yoast_head":"<!-- This site is optimized with the Yoast SEO plugin v27.2 - https:\/\/yoast.com\/product\/yoast-seo-wordpress\/ -->\n<title>Beaphar IMMO SHIELD loisia vastaan tipat koirille \u2013 Suuri - MiuMjau<\/title>\n<meta name=\"robots\" content=\"index, follow, max-snippet:-1, max-image-preview:large, max-video-preview:-1\" \/>\n<link rel=\"canonical\" href=\"https:\/\/miumjau.ee\/fi\/tuote\/beaphar-immo-shield-loisia-vastaan-tipat-koirille-suuri\/\" \/>\n<meta property=\"og:locale\" content=\"fi_FI\" \/>\n<meta property=\"og:type\" content=\"article\" \/>\n<meta property=\"og:title\" content=\"Beaphar IMMO SHIELD loisia vastaan tipat koirille \u2013 Suuri - MiuMjau\" \/>\n<meta property=\"og:description\" content=\"Beaphar Immo Shield Line-on Dog Large 3 x 4,5 ml. Innovatiivinen ratkaisu koirien suojaamiseen kirpuilta ja puutiaisilta.     Ihanteellinen suoja loisia vastaan.    100 % turvallinen.    Yksi pipetti vaikuttaa 4 viikkoa.    Sopii pennuille alkaen 12 viikon i\u00e4st\u00e4.    Ei tuki talirauhasia.   Toimintaperiaate: Levit\u00e4 tipat koiran sel\u00e4lle (tai selk\u00e4rankaa pitkin). Tipat levi\u00e4v\u00e4t tasaisesti keholle ja muodostavat iholle kalvon, joka toimii tahmeana kerroksena ja tappaa kirput, puutiaiset, hyttyset, t\u00e4it ja muut hy\u00f6nteiset. Keholla olevat loiset kuolevat 1\u20132 p\u00e4iv\u00e4n kuluessa. Tehokas kaikissa kirppujen kehitysvaiheissa. Valmistaja: Beaphar, Alankomaat.\" \/>\n<meta property=\"og:url\" content=\"https:\/\/miumjau.ee\/fi\/tuote\/beaphar-immo-shield-loisia-vastaan-tipat-koirille-suuri\/\" \/>\n<meta property=\"og:site_name\" content=\"MiuMjau\" \/>\n<meta property=\"article:publisher\" content=\"https:\/\/www.facebook.com\/miumjaupood\/\" \/>\n<meta property=\"article:modified_time\" content=\"2026-01-07T20:43:16+00:00\" \/>\n<meta property=\"og:image\" content=\"https:\/\/miumjau.ee\/wp-content\/uploads\/2025\/07\/beaphar-kassidele-koertele37.jpg\" \/>\n\t<meta property=\"og:image:width\" content=\"600\" \/>\n\t<meta property=\"og:image:height\" content=\"800\" \/>\n\t<meta property=\"og:image:type\" content=\"image\/jpeg\" \/>\n<meta name=\"twitter:card\" content=\"summary_large_image\" \/>\n<script type=\"application\/ld+json\" class=\"yoast-schema-graph\">{\"@context\":\"https:\/\/schema.org\",\"@graph\":[{\"@type\":\"WebPage\",\"@id\":\"https:\/\/miumjau.ee\/fi\/tuote\/beaphar-immo-shield-loisia-vastaan-tipat-koirille-suuri\/\",\"url\":\"https:\/\/miumjau.ee\/fi\/tuote\/beaphar-immo-shield-loisia-vastaan-tipat-koirille-suuri\/\",\"name\":\"Beaphar IMMO SHIELD loisia vastaan tipat koirille \u2013 Suuri - MiuMjau\",\"isPartOf\":{\"@id\":\"https:\/\/miumjau.ee\/#website\"},\"primaryImageOfPage\":{\"@id\":\"https:\/\/miumjau.ee\/fi\/tuote\/beaphar-immo-shield-loisia-vastaan-tipat-koirille-suuri\/#primaryimage\"},\"image\":{\"@id\":\"https:\/\/miumjau.ee\/fi\/tuote\/beaphar-immo-shield-loisia-vastaan-tipat-koirille-suuri\/#primaryimage\"},\"thumbnailUrl\":\"https:\/\/miumjau.ee\/wp-content\/uploads\/2025\/07\/beaphar-kassidele-koertele37.jpg\",\"datePublished\":\"2025-07-29T12:36:07+00:00\",\"dateModified\":\"2026-01-07T20:43:16+00:00\",\"breadcrumb\":{\"@id\":\"https:\/\/miumjau.ee\/fi\/tuote\/beaphar-immo-shield-loisia-vastaan-tipat-koirille-suuri\/#breadcrumb\"},\"inLanguage\":\"fi\",\"potentialAction\":[{\"@type\":\"ReadAction\",\"target\":[\"https:\/\/miumjau.ee\/fi\/tuote\/beaphar-immo-shield-loisia-vastaan-tipat-koirille-suuri\/\"]}]},{\"@type\":\"ImageObject\",\"inLanguage\":\"fi\",\"@id\":\"https:\/\/miumjau.ee\/fi\/tuote\/beaphar-immo-shield-loisia-vastaan-tipat-koirille-suuri\/#primaryimage\",\"url\":\"https:\/\/miumjau.ee\/wp-content\/uploads\/2025\/07\/beaphar-kassidele-koertele37.jpg\",\"contentUrl\":\"https:\/\/miumjau.ee\/wp-content\/uploads\/2025\/07\/beaphar-kassidele-koertele37.jpg\",\"width\":600,\"height\":800,\"caption\":\"Beaphar parasiidivastased tilgad koertele IMMO SHIELD, L\"},{\"@type\":\"BreadcrumbList\",\"@id\":\"https:\/\/miumjau.ee\/fi\/tuote\/beaphar-immo-shield-loisia-vastaan-tipat-koirille-suuri\/#breadcrumb\",\"itemListElement\":[{\"@type\":\"ListItem\",\"position\":1,\"name\":\"Home\",\"item\":\"https:\/\/miumjau.ee\/fi\/\"},{\"@type\":\"ListItem\",\"position\":2,\"name\":\"Kauppa\",\"item\":\"https:\/\/miumjau.ee\/fi\/kauppa\/\"},{\"@type\":\"ListItem\",\"position\":3,\"name\":\"Beaphar IMMO SHIELD loisia vastaan tipat koirille \u2013 Suuri\"}]},{\"@type\":\"WebSite\",\"@id\":\"https:\/\/miumjau.ee\/#website\",\"url\":\"https:\/\/miumjau.ee\/\",\"name\":\"MiuMjau\",\"description\":\"Kraapimispuud kassidele\",\"publisher\":{\"@id\":\"https:\/\/miumjau.ee\/#organization\"},\"potentialAction\":[{\"@type\":\"SearchAction\",\"target\":{\"@type\":\"EntryPoint\",\"urlTemplate\":\"https:\/\/miumjau.ee\/?s={search_term_string}\"},\"query-input\":{\"@type\":\"PropertyValueSpecification\",\"valueRequired\":true,\"valueName\":\"search_term_string\"}}],\"inLanguage\":\"fi\"},{\"@type\":\"Organization\",\"@id\":\"https:\/\/miumjau.ee\/#organization\",\"name\":\"MiuMjau O\u00dc\",\"url\":\"https:\/\/miumjau.ee\/\",\"logo\":{\"@type\":\"ImageObject\",\"inLanguage\":\"fi\",\"@id\":\"https:\/\/miumjau.ee\/#\/schema\/logo\/image\/\",\"url\":\"https:\/\/miumjau.ee\/wp-content\/uploads\/2022\/04\/MiuMjau-logo-kollane.png\",\"contentUrl\":\"https:\/\/miumjau.ee\/wp-content\/uploads\/2022\/04\/MiuMjau-logo-kollane.png\",\"width\":219,\"height\":100,\"caption\":\"MiuMjau O\u00dc\"},\"image\":{\"@id\":\"https:\/\/miumjau.ee\/#\/schema\/logo\/image\/\"},\"sameAs\":[\"https:\/\/www.facebook.com\/miumjaupood\/\"]}]}<\/script>\n<!-- \/ Yoast SEO plugin. -->","yoast_head_json":{"title":"Beaphar IMMO SHIELD loisia vastaan tipat koirille \u2013 Suuri - MiuMjau","robots":{"index":"index","follow":"follow","max-snippet":"max-snippet:-1","max-image-preview":"max-image-preview:large","max-video-preview":"max-video-preview:-1"},"canonical":"https:\/\/miumjau.ee\/fi\/tuote\/beaphar-immo-shield-loisia-vastaan-tipat-koirille-suuri\/","og_locale":"fi_FI","og_type":"article","og_title":"Beaphar IMMO SHIELD loisia vastaan tipat koirille \u2013 Suuri - MiuMjau","og_description":"Beaphar Immo Shield Line-on Dog Large 3 x 4,5 ml. Innovatiivinen ratkaisu koirien suojaamiseen kirpuilta ja puutiaisilta.     Ihanteellinen suoja loisia vastaan.    100 % turvallinen.    Yksi pipetti vaikuttaa 4 viikkoa.    Sopii pennuille alkaen 12 viikon i\u00e4st\u00e4.    Ei tuki talirauhasia.   Toimintaperiaate: Levit\u00e4 tipat koiran sel\u00e4lle (tai selk\u00e4rankaa pitkin). Tipat levi\u00e4v\u00e4t tasaisesti keholle ja muodostavat iholle kalvon, joka toimii tahmeana kerroksena ja tappaa kirput, puutiaiset, hyttyset, t\u00e4it ja muut hy\u00f6nteiset. Keholla olevat loiset kuolevat 1\u20132 p\u00e4iv\u00e4n kuluessa. Tehokas kaikissa kirppujen kehitysvaiheissa. Valmistaja: Beaphar, Alankomaat.","og_url":"https:\/\/miumjau.ee\/fi\/tuote\/beaphar-immo-shield-loisia-vastaan-tipat-koirille-suuri\/","og_site_name":"MiuMjau","article_publisher":"https:\/\/www.facebook.com\/miumjaupood\/","article_modified_time":"2026-01-07T20:43:16+00:00","og_image":[{"width":600,"height":800,"url":"https:\/\/miumjau.ee\/wp-content\/uploads\/2025\/07\/beaphar-kassidele-koertele37.jpg","type":"image\/jpeg"}],"twitter_card":"summary_large_image","schema":{"@context":"https:\/\/schema.org","@graph":[{"@type":"WebPage","@id":"https:\/\/miumjau.ee\/fi\/tuote\/beaphar-immo-shield-loisia-vastaan-tipat-koirille-suuri\/","url":"https:\/\/miumjau.ee\/fi\/tuote\/beaphar-immo-shield-loisia-vastaan-tipat-koirille-suuri\/","name":"Beaphar IMMO SHIELD loisia vastaan tipat koirille \u2013 Suuri - MiuMjau","isPartOf":{"@id":"https:\/\/miumjau.ee\/#website"},"primaryImageOfPage":{"@id":"https:\/\/miumjau.ee\/fi\/tuote\/beaphar-immo-shield-loisia-vastaan-tipat-koirille-suuri\/#primaryimage"},"image":{"@id":"https:\/\/miumjau.ee\/fi\/tuote\/beaphar-immo-shield-loisia-vastaan-tipat-koirille-suuri\/#primaryimage"},"thumbnailUrl":"https:\/\/miumjau.ee\/wp-content\/uploads\/2025\/07\/beaphar-kassidele-koertele37.jpg","datePublished":"2025-07-29T12:36:07+00:00","dateModified":"2026-01-07T20:43:16+00:00","breadcrumb":{"@id":"https:\/\/miumjau.ee\/fi\/tuote\/beaphar-immo-shield-loisia-vastaan-tipat-koirille-suuri\/#breadcrumb"},"inLanguage":"fi","potentialAction":[{"@type":"ReadAction","target":["https:\/\/miumjau.ee\/fi\/tuote\/beaphar-immo-shield-loisia-vastaan-tipat-koirille-suuri\/"]}]},{"@type":"ImageObject","inLanguage":"fi","@id":"https:\/\/miumjau.ee\/fi\/tuote\/beaphar-immo-shield-loisia-vastaan-tipat-koirille-suuri\/#primaryimage","url":"https:\/\/miumjau.ee\/wp-content\/uploads\/2025\/07\/beaphar-kassidele-koertele37.jpg","contentUrl":"https:\/\/miumjau.ee\/wp-content\/uploads\/2025\/07\/beaphar-kassidele-koertele37.jpg","width":600,"height":800,"caption":"Beaphar parasiidivastased tilgad koertele IMMO SHIELD, L"},{"@type":"BreadcrumbList","@id":"https:\/\/miumjau.ee\/fi\/tuote\/beaphar-immo-shield-loisia-vastaan-tipat-koirille-suuri\/#breadcrumb","itemListElement":[{"@type":"ListItem","position":1,"name":"Home","item":"https:\/\/miumjau.ee\/fi\/"},{"@type":"ListItem","position":2,"name":"Kauppa","item":"https:\/\/miumjau.ee\/fi\/kauppa\/"},{"@type":"ListItem","position":3,"name":"Beaphar IMMO SHIELD loisia vastaan tipat koirille \u2013 Suuri"}]},{"@type":"WebSite","@id":"https:\/\/miumjau.ee\/#website","url":"https:\/\/miumjau.ee\/","name":"MiuMjau","description":"Kraapimispuud kassidele","publisher":{"@id":"https:\/\/miumjau.ee\/#organization"},"potentialAction":[{"@type":"SearchAction","target":{"@type":"EntryPoint","urlTemplate":"https:\/\/miumjau.ee\/?s={search_term_string}"},"query-input":{"@type":"PropertyValueSpecification","valueRequired":true,"valueName":"search_term_string"}}],"inLanguage":"fi"},{"@type":"Organization","@id":"https:\/\/miumjau.ee\/#organization","name":"MiuMjau O\u00dc","url":"https:\/\/miumjau.ee\/","logo":{"@type":"ImageObject","inLanguage":"fi","@id":"https:\/\/miumjau.ee\/#\/schema\/logo\/image\/","url":"https:\/\/miumjau.ee\/wp-content\/uploads\/2022\/04\/MiuMjau-logo-kollane.png","contentUrl":"https:\/\/miumjau.ee\/wp-content\/uploads\/2022\/04\/MiuMjau-logo-kollane.png","width":219,"height":100,"caption":"MiuMjau O\u00dc"},"image":{"@id":"https:\/\/miumjau.ee\/#\/schema\/logo\/image\/"},"sameAs":["https:\/\/www.facebook.com\/miumjaupood\/"]}]}},"_links":{"self":[{"href":"https:\/\/miumjau.ee\/fi\/wp-json\/wp\/v2\/product\/49167","targetHints":{"allow":["GET"]}}],"collection":[{"href":"https:\/\/miumjau.ee\/fi\/wp-json\/wp\/v2\/product"}],"about":[{"href":"https:\/\/miumjau.ee\/fi\/wp-json\/wp\/v2\/types\/product"}],"wp:featuredmedia":[{"embeddable":true,"href":"https:\/\/miumjau.ee\/fi\/wp-json\/wp\/v2\/media\/38334"}],"wp:attachment":[{"href":"https:\/\/miumjau.ee\/fi\/wp-json\/wp\/v2\/media?parent=49167"}],"wp:term":[{"taxonomy":"product_brand","embeddable":true,"href":"https:\/\/miumjau.ee\/fi\/wp-json\/wp\/v2\/product_brand?post=49167"},{"taxonomy":"product_cat","embeddable":true,"href":"https:\/\/miumjau.ee\/fi\/wp-json\/wp\/v2\/product_cat?post=49167"},{"taxonomy":"product_tag","embeddable":true,"href":"https:\/\/miumjau.ee\/fi\/wp-json\/wp\/v2\/product_tag?post=49167"}],"curies":[{"name":"wp","href":"https:\/\/api.w.org\/{rel}","templated":true}]}}