{"id":49161,"date":"2025-07-29T15:49:56","date_gmt":"2025-07-29T12:49:56","guid":{"rendered":"https:\/\/miumjau.ee\/toode\/beaphar-loisia-vastaan-shampoo-kissoille-200-ml\/"},"modified":"2026-01-07T22:43:16","modified_gmt":"2026-01-07T20:43:16","slug":"beaphar-loisia-vastaan-shampoo-kissoille-200-ml","status":"publish","type":"product","link":"https:\/\/miumjau.ee\/fi\/tuote\/beaphar-loisia-vastaan-shampoo-kissoille-200-ml\/","title":{"rendered":"Beaphar loisia vastaan shampoo kissoille 200 ml"},"content":{"rendered":"","protected":false},"excerpt":{"rendered":"<p data-start=\"773\" data-end=\"1041\">Shampoo kissoille, jolla on loisia torjuva vaikutus. Vaikuttava aine on <strong data-start=\"845\" data-end=\"859\">dimetikoni<\/strong>, joka muodostaa pinnan kalvon ja fyysisesti est\u00e4\u00e4 loisten nivelten liikkeen sek\u00e4 toimii tahmeana loukkuna. Torjuu nopeasti kirppuja, puutiaisia, hyttysi\u00e4, t\u00e4it\u00e4 ja smil\u0161u mu\u0161i\u0146as.<\/p>\n<ul data-start=\"1043\" data-end=\"1221\">\n<li data-start=\"1043\" data-end=\"1103\">\n<p data-start=\"1045\" data-end=\"1103\">Helppo ja k\u00e4tev\u00e4 k\u00e4ytt\u00e4\u00e4 \u2013 hiero vain lemmikin turkkiin.<\/p>\n<\/li>\n<li data-start=\"1104\" data-end=\"1125\">\n<p data-start=\"1106\" data-end=\"1125\">Tilavuus: 200 ml.<\/p>\n<\/li>\n<li data-start=\"1126\" data-end=\"1170\">\n<p data-start=\"1128\" data-end=\"1170\">Sopii yli 12 viikon ik\u00e4isille kissoille.<\/p>\n<\/li>\n<li data-start=\"1171\" data-end=\"1221\">\n<p data-start=\"1173\" data-end=\"1221\">\u00c4l\u00e4 k\u00e4yt\u00e4 raskailla tai imett\u00e4vill\u00e4 kissoilla.<\/p>\n<\/li>\n<\/ul>\n<p data-start=\"1223\" data-end=\"1261\"><strong data-start=\"1223\" data-end=\"1238\">Valmistaja:<\/strong> Beaphar, Alankomaat.<\/p>\n","protected":false},"featured_media":38330,"template":"","meta":[],"product_brand":[],"product_cat":[259],"product_tag":[],"class_list":{"0":"post-49161","1":"product","2":"type-product","3":"status-publish","4":"has-post-thumbnail","6":"product_cat-muut","8":"first","9":"instock","10":"sale","11":"taxable","12":"shipping-taxable","13":"purchasable","14":"product-type-simple"},"yoast_head":"<!-- This site is optimized with the Yoast SEO plugin v27.2 - https:\/\/yoast.com\/product\/yoast-seo-wordpress\/ -->\n<title>Beaphar loisia vastaan shampoo kissoille 200 ml - MiuMjau<\/title>\n<meta name=\"robots\" content=\"index, follow, max-snippet:-1, max-image-preview:large, max-video-preview:-1\" \/>\n<link rel=\"canonical\" href=\"https:\/\/miumjau.ee\/fi\/tuote\/beaphar-loisia-vastaan-shampoo-kissoille-200-ml\/\" \/>\n<meta property=\"og:locale\" content=\"fi_FI\" \/>\n<meta property=\"og:type\" content=\"article\" \/>\n<meta property=\"og:title\" content=\"Beaphar loisia vastaan shampoo kissoille 200 ml - MiuMjau\" \/>\n<meta property=\"og:description\" content=\"Shampoo kissoille, jolla on loisia torjuva vaikutus. Vaikuttava aine on dimetikoni, joka muodostaa pinnan kalvon ja fyysisesti est\u00e4\u00e4 loisten nivelten liikkeen sek\u00e4 toimii tahmeana loukkuna. Torjuu nopeasti kirppuja, puutiaisia, hyttysi\u00e4, t\u00e4it\u00e4 ja smil\u0161u mu\u0161i\u0146as.     Helppo ja k\u00e4tev\u00e4 k\u00e4ytt\u00e4\u00e4 \u2013 hiero vain lemmikin turkkiin.    Tilavuus: 200 ml.    Sopii yli 12 viikon ik\u00e4isille kissoille.    \u00c4l\u00e4 k\u00e4yt\u00e4 raskailla tai imett\u00e4vill\u00e4 kissoilla.   Valmistaja: Beaphar, Alankomaat.\" \/>\n<meta property=\"og:url\" content=\"https:\/\/miumjau.ee\/fi\/tuote\/beaphar-loisia-vastaan-shampoo-kissoille-200-ml\/\" \/>\n<meta property=\"og:site_name\" content=\"MiuMjau\" \/>\n<meta property=\"article:publisher\" content=\"https:\/\/www.facebook.com\/miumjaupood\/\" \/>\n<meta property=\"article:modified_time\" content=\"2026-01-07T20:43:16+00:00\" \/>\n<meta property=\"og:image\" content=\"https:\/\/miumjau.ee\/wp-content\/uploads\/2025\/07\/beaphar-kassidele-koertele36.jpg\" \/>\n\t<meta property=\"og:image:width\" content=\"600\" \/>\n\t<meta property=\"og:image:height\" content=\"800\" \/>\n\t<meta property=\"og:image:type\" content=\"image\/jpeg\" \/>\n<meta name=\"twitter:card\" content=\"summary_large_image\" \/>\n<script type=\"application\/ld+json\" class=\"yoast-schema-graph\">{\"@context\":\"https:\/\/schema.org\",\"@graph\":[{\"@type\":\"WebPage\",\"@id\":\"https:\/\/miumjau.ee\/fi\/tuote\/beaphar-loisia-vastaan-shampoo-kissoille-200-ml\/\",\"url\":\"https:\/\/miumjau.ee\/fi\/tuote\/beaphar-loisia-vastaan-shampoo-kissoille-200-ml\/\",\"name\":\"Beaphar loisia vastaan shampoo kissoille 200 ml - MiuMjau\",\"isPartOf\":{\"@id\":\"https:\/\/miumjau.ee\/#website\"},\"primaryImageOfPage\":{\"@id\":\"https:\/\/miumjau.ee\/fi\/tuote\/beaphar-loisia-vastaan-shampoo-kissoille-200-ml\/#primaryimage\"},\"image\":{\"@id\":\"https:\/\/miumjau.ee\/fi\/tuote\/beaphar-loisia-vastaan-shampoo-kissoille-200-ml\/#primaryimage\"},\"thumbnailUrl\":\"https:\/\/miumjau.ee\/wp-content\/uploads\/2025\/07\/beaphar-kassidele-koertele36.jpg\",\"datePublished\":\"2025-07-29T12:49:56+00:00\",\"dateModified\":\"2026-01-07T20:43:16+00:00\",\"breadcrumb\":{\"@id\":\"https:\/\/miumjau.ee\/fi\/tuote\/beaphar-loisia-vastaan-shampoo-kissoille-200-ml\/#breadcrumb\"},\"inLanguage\":\"fi\",\"potentialAction\":[{\"@type\":\"ReadAction\",\"target\":[\"https:\/\/miumjau.ee\/fi\/tuote\/beaphar-loisia-vastaan-shampoo-kissoille-200-ml\/\"]}]},{\"@type\":\"ImageObject\",\"inLanguage\":\"fi\",\"@id\":\"https:\/\/miumjau.ee\/fi\/tuote\/beaphar-loisia-vastaan-shampoo-kissoille-200-ml\/#primaryimage\",\"url\":\"https:\/\/miumjau.ee\/wp-content\/uploads\/2025\/07\/beaphar-kassidele-koertele36.jpg\",\"contentUrl\":\"https:\/\/miumjau.ee\/wp-content\/uploads\/2025\/07\/beaphar-kassidele-koertele36.jpg\",\"width\":600,\"height\":800,\"caption\":\"Beaphar parasiidivastane \u0161ampoon kassidele 200ml\"},{\"@type\":\"BreadcrumbList\",\"@id\":\"https:\/\/miumjau.ee\/fi\/tuote\/beaphar-loisia-vastaan-shampoo-kissoille-200-ml\/#breadcrumb\",\"itemListElement\":[{\"@type\":\"ListItem\",\"position\":1,\"name\":\"Home\",\"item\":\"https:\/\/miumjau.ee\/fi\/\"},{\"@type\":\"ListItem\",\"position\":2,\"name\":\"Kauppa\",\"item\":\"https:\/\/miumjau.ee\/fi\/kauppa\/\"},{\"@type\":\"ListItem\",\"position\":3,\"name\":\"Beaphar loisia vastaan shampoo kissoille 200 ml\"}]},{\"@type\":\"WebSite\",\"@id\":\"https:\/\/miumjau.ee\/#website\",\"url\":\"https:\/\/miumjau.ee\/\",\"name\":\"MiuMjau\",\"description\":\"Kraapimispuud kassidele\",\"publisher\":{\"@id\":\"https:\/\/miumjau.ee\/#organization\"},\"potentialAction\":[{\"@type\":\"SearchAction\",\"target\":{\"@type\":\"EntryPoint\",\"urlTemplate\":\"https:\/\/miumjau.ee\/?s={search_term_string}\"},\"query-input\":{\"@type\":\"PropertyValueSpecification\",\"valueRequired\":true,\"valueName\":\"search_term_string\"}}],\"inLanguage\":\"fi\"},{\"@type\":\"Organization\",\"@id\":\"https:\/\/miumjau.ee\/#organization\",\"name\":\"MiuMjau O\u00dc\",\"url\":\"https:\/\/miumjau.ee\/\",\"logo\":{\"@type\":\"ImageObject\",\"inLanguage\":\"fi\",\"@id\":\"https:\/\/miumjau.ee\/#\/schema\/logo\/image\/\",\"url\":\"https:\/\/miumjau.ee\/wp-content\/uploads\/2022\/04\/MiuMjau-logo-kollane.png\",\"contentUrl\":\"https:\/\/miumjau.ee\/wp-content\/uploads\/2022\/04\/MiuMjau-logo-kollane.png\",\"width\":219,\"height\":100,\"caption\":\"MiuMjau O\u00dc\"},\"image\":{\"@id\":\"https:\/\/miumjau.ee\/#\/schema\/logo\/image\/\"},\"sameAs\":[\"https:\/\/www.facebook.com\/miumjaupood\/\"]}]}<\/script>\n<!-- \/ Yoast SEO plugin. -->","yoast_head_json":{"title":"Beaphar loisia vastaan shampoo kissoille 200 ml - MiuMjau","robots":{"index":"index","follow":"follow","max-snippet":"max-snippet:-1","max-image-preview":"max-image-preview:large","max-video-preview":"max-video-preview:-1"},"canonical":"https:\/\/miumjau.ee\/fi\/tuote\/beaphar-loisia-vastaan-shampoo-kissoille-200-ml\/","og_locale":"fi_FI","og_type":"article","og_title":"Beaphar loisia vastaan shampoo kissoille 200 ml - MiuMjau","og_description":"Shampoo kissoille, jolla on loisia torjuva vaikutus. Vaikuttava aine on dimetikoni, joka muodostaa pinnan kalvon ja fyysisesti est\u00e4\u00e4 loisten nivelten liikkeen sek\u00e4 toimii tahmeana loukkuna. Torjuu nopeasti kirppuja, puutiaisia, hyttysi\u00e4, t\u00e4it\u00e4 ja smil\u0161u mu\u0161i\u0146as.     Helppo ja k\u00e4tev\u00e4 k\u00e4ytt\u00e4\u00e4 \u2013 hiero vain lemmikin turkkiin.    Tilavuus: 200 ml.    Sopii yli 12 viikon ik\u00e4isille kissoille.    \u00c4l\u00e4 k\u00e4yt\u00e4 raskailla tai imett\u00e4vill\u00e4 kissoilla.   Valmistaja: Beaphar, Alankomaat.","og_url":"https:\/\/miumjau.ee\/fi\/tuote\/beaphar-loisia-vastaan-shampoo-kissoille-200-ml\/","og_site_name":"MiuMjau","article_publisher":"https:\/\/www.facebook.com\/miumjaupood\/","article_modified_time":"2026-01-07T20:43:16+00:00","og_image":[{"width":600,"height":800,"url":"https:\/\/miumjau.ee\/wp-content\/uploads\/2025\/07\/beaphar-kassidele-koertele36.jpg","type":"image\/jpeg"}],"twitter_card":"summary_large_image","schema":{"@context":"https:\/\/schema.org","@graph":[{"@type":"WebPage","@id":"https:\/\/miumjau.ee\/fi\/tuote\/beaphar-loisia-vastaan-shampoo-kissoille-200-ml\/","url":"https:\/\/miumjau.ee\/fi\/tuote\/beaphar-loisia-vastaan-shampoo-kissoille-200-ml\/","name":"Beaphar loisia vastaan shampoo kissoille 200 ml - MiuMjau","isPartOf":{"@id":"https:\/\/miumjau.ee\/#website"},"primaryImageOfPage":{"@id":"https:\/\/miumjau.ee\/fi\/tuote\/beaphar-loisia-vastaan-shampoo-kissoille-200-ml\/#primaryimage"},"image":{"@id":"https:\/\/miumjau.ee\/fi\/tuote\/beaphar-loisia-vastaan-shampoo-kissoille-200-ml\/#primaryimage"},"thumbnailUrl":"https:\/\/miumjau.ee\/wp-content\/uploads\/2025\/07\/beaphar-kassidele-koertele36.jpg","datePublished":"2025-07-29T12:49:56+00:00","dateModified":"2026-01-07T20:43:16+00:00","breadcrumb":{"@id":"https:\/\/miumjau.ee\/fi\/tuote\/beaphar-loisia-vastaan-shampoo-kissoille-200-ml\/#breadcrumb"},"inLanguage":"fi","potentialAction":[{"@type":"ReadAction","target":["https:\/\/miumjau.ee\/fi\/tuote\/beaphar-loisia-vastaan-shampoo-kissoille-200-ml\/"]}]},{"@type":"ImageObject","inLanguage":"fi","@id":"https:\/\/miumjau.ee\/fi\/tuote\/beaphar-loisia-vastaan-shampoo-kissoille-200-ml\/#primaryimage","url":"https:\/\/miumjau.ee\/wp-content\/uploads\/2025\/07\/beaphar-kassidele-koertele36.jpg","contentUrl":"https:\/\/miumjau.ee\/wp-content\/uploads\/2025\/07\/beaphar-kassidele-koertele36.jpg","width":600,"height":800,"caption":"Beaphar parasiidivastane \u0161ampoon kassidele 200ml"},{"@type":"BreadcrumbList","@id":"https:\/\/miumjau.ee\/fi\/tuote\/beaphar-loisia-vastaan-shampoo-kissoille-200-ml\/#breadcrumb","itemListElement":[{"@type":"ListItem","position":1,"name":"Home","item":"https:\/\/miumjau.ee\/fi\/"},{"@type":"ListItem","position":2,"name":"Kauppa","item":"https:\/\/miumjau.ee\/fi\/kauppa\/"},{"@type":"ListItem","position":3,"name":"Beaphar loisia vastaan shampoo kissoille 200 ml"}]},{"@type":"WebSite","@id":"https:\/\/miumjau.ee\/#website","url":"https:\/\/miumjau.ee\/","name":"MiuMjau","description":"Kraapimispuud kassidele","publisher":{"@id":"https:\/\/miumjau.ee\/#organization"},"potentialAction":[{"@type":"SearchAction","target":{"@type":"EntryPoint","urlTemplate":"https:\/\/miumjau.ee\/?s={search_term_string}"},"query-input":{"@type":"PropertyValueSpecification","valueRequired":true,"valueName":"search_term_string"}}],"inLanguage":"fi"},{"@type":"Organization","@id":"https:\/\/miumjau.ee\/#organization","name":"MiuMjau O\u00dc","url":"https:\/\/miumjau.ee\/","logo":{"@type":"ImageObject","inLanguage":"fi","@id":"https:\/\/miumjau.ee\/#\/schema\/logo\/image\/","url":"https:\/\/miumjau.ee\/wp-content\/uploads\/2022\/04\/MiuMjau-logo-kollane.png","contentUrl":"https:\/\/miumjau.ee\/wp-content\/uploads\/2022\/04\/MiuMjau-logo-kollane.png","width":219,"height":100,"caption":"MiuMjau O\u00dc"},"image":{"@id":"https:\/\/miumjau.ee\/#\/schema\/logo\/image\/"},"sameAs":["https:\/\/www.facebook.com\/miumjaupood\/"]}]}},"_links":{"self":[{"href":"https:\/\/miumjau.ee\/fi\/wp-json\/wp\/v2\/product\/49161","targetHints":{"allow":["GET"]}}],"collection":[{"href":"https:\/\/miumjau.ee\/fi\/wp-json\/wp\/v2\/product"}],"about":[{"href":"https:\/\/miumjau.ee\/fi\/wp-json\/wp\/v2\/types\/product"}],"wp:featuredmedia":[{"embeddable":true,"href":"https:\/\/miumjau.ee\/fi\/wp-json\/wp\/v2\/media\/38330"}],"wp:attachment":[{"href":"https:\/\/miumjau.ee\/fi\/wp-json\/wp\/v2\/media?parent=49161"}],"wp:term":[{"taxonomy":"product_brand","embeddable":true,"href":"https:\/\/miumjau.ee\/fi\/wp-json\/wp\/v2\/product_brand?post=49161"},{"taxonomy":"product_cat","embeddable":true,"href":"https:\/\/miumjau.ee\/fi\/wp-json\/wp\/v2\/product_cat?post=49161"},{"taxonomy":"product_tag","embeddable":true,"href":"https:\/\/miumjau.ee\/fi\/wp-json\/wp\/v2\/product_tag?post=49161"}],"curies":[{"name":"wp","href":"https:\/\/api.w.org\/{rel}","templated":true}]}}