{"id":49154,"date":"2025-07-29T15:34:04","date_gmt":"2025-07-29T12:34:04","guid":{"rendered":"https:\/\/miumjau.ee\/toode\/beaphar-immo-shield-loisia-vastaan-tipat-koirille-pieni-1-10-kg\/"},"modified":"2026-01-07T22:43:16","modified_gmt":"2026-01-07T20:43:16","slug":"beaphar-immo-shield-loisia-vastaan-tipat-koirille-pieni-1-10-kg","status":"publish","type":"product","link":"https:\/\/miumjau.ee\/fi\/tuote\/beaphar-immo-shield-loisia-vastaan-tipat-koirille-pieni-1-10-kg\/","title":{"rendered":"Beaphar IMMO SHIELD loisia vastaan tipat koirille \u2013 Pieni (1\u201310 kg)"},"content":{"rendered":"","protected":false},"excerpt":{"rendered":"<p data-start=\"996\" data-end=\"1051\">Beaphar <strong data-start=\"1004\" data-end=\"1037\">Immo Shield Line-on Dog Small<\/strong> 3 x 1,5 ml.<\/p>\n<p data-start=\"1053\" data-end=\"1126\">Innovatiivinen ratkaisu koirien suojaamiseen kirpuilta ja puutiaisilta.<\/p>\n<ul data-start=\"1128\" data-end=\"1298\">\n<li data-start=\"1128\" data-end=\"1167\">\n<p data-start=\"1130\" data-end=\"1167\">Ihanteellinen suoja loisia vastaan.<\/p>\n<\/li>\n<li data-start=\"1168\" data-end=\"1190\">\n<p data-start=\"1170\" data-end=\"1190\">100 % turvallinen.<\/p>\n<\/li>\n<li data-start=\"1191\" data-end=\"1228\">\n<p data-start=\"1193\" data-end=\"1228\">Yksi pipetti vaikuttaa 4 viikkoa.<\/p>\n<\/li>\n<li data-start=\"1229\" data-end=\"1272\">\n<p data-start=\"1231\" data-end=\"1272\">Sopii pennuille alkaen 12 viikon i\u00e4st\u00e4.<\/p>\n<\/li>\n<li data-start=\"1273\" data-end=\"1298\">\n<p data-start=\"1275\" data-end=\"1298\">Ei tuki talirauhasia.<\/p>\n<\/li>\n<\/ul>\n<p data-start=\"1300\" data-end=\"1635\"><strong data-start=\"1300\" data-end=\"1321\">Toimintaperiaate:<\/strong> Levit\u00e4 tipat koiran sel\u00e4lle (tai selk\u00e4rankaa pitkin). Tipat levi\u00e4v\u00e4t tasaisesti keholle ja muodostavat iholle kalvon, joka toimii tahmeana kerroksena ja tappaa kirput, puutiaiset, hyttyset, t\u00e4it ja muut hy\u00f6nteiset. Keholla olevat loiset kuolevat 1\u20132 p\u00e4iv\u00e4n kuluessa. Tehokas kaikissa kirppujen kehitysvaiheissa.<\/p>\n<p data-start=\"1637\" data-end=\"1675\"><strong data-start=\"1637\" data-end=\"1652\">Valmistaja:<\/strong> Beaphar, Alankomaat.<\/p>\n","protected":false},"featured_media":38346,"template":"","meta":[],"product_brand":[],"product_cat":[483],"product_tag":[],"class_list":{"0":"post-49154","1":"product","2":"type-product","3":"status-publish","4":"has-post-thumbnail","6":"product_cat-hoitotuotteet-koirille","8":"first","9":"instock","10":"taxable","11":"shipping-taxable","12":"purchasable","13":"product-type-simple"},"yoast_head":"<!-- This site is optimized with the Yoast SEO plugin v27.2 - https:\/\/yoast.com\/product\/yoast-seo-wordpress\/ -->\n<title>Beaphar IMMO SHIELD loisia vastaan tipat koirille \u2013 Pieni (1\u201310 kg) - MiuMjau<\/title>\n<meta name=\"robots\" content=\"index, follow, max-snippet:-1, max-image-preview:large, max-video-preview:-1\" \/>\n<link rel=\"canonical\" href=\"https:\/\/miumjau.ee\/fi\/tuote\/beaphar-immo-shield-loisia-vastaan-tipat-koirille-pieni-1-10-kg\/\" \/>\n<meta property=\"og:locale\" content=\"fi_FI\" \/>\n<meta property=\"og:type\" content=\"article\" \/>\n<meta property=\"og:title\" content=\"Beaphar IMMO SHIELD loisia vastaan tipat koirille \u2013 Pieni (1\u201310 kg) - MiuMjau\" \/>\n<meta property=\"og:description\" content=\"Beaphar Immo Shield Line-on Dog Small 3 x 1,5 ml. Innovatiivinen ratkaisu koirien suojaamiseen kirpuilta ja puutiaisilta.     Ihanteellinen suoja loisia vastaan.    100 % turvallinen.    Yksi pipetti vaikuttaa 4 viikkoa.    Sopii pennuille alkaen 12 viikon i\u00e4st\u00e4.    Ei tuki talirauhasia.   Toimintaperiaate: Levit\u00e4 tipat koiran sel\u00e4lle (tai selk\u00e4rankaa pitkin). Tipat levi\u00e4v\u00e4t tasaisesti keholle ja muodostavat iholle kalvon, joka toimii tahmeana kerroksena ja tappaa kirput, puutiaiset, hyttyset, t\u00e4it ja muut hy\u00f6nteiset. Keholla olevat loiset kuolevat 1\u20132 p\u00e4iv\u00e4n kuluessa. Tehokas kaikissa kirppujen kehitysvaiheissa. Valmistaja: Beaphar, Alankomaat.\" \/>\n<meta property=\"og:url\" content=\"https:\/\/miumjau.ee\/fi\/tuote\/beaphar-immo-shield-loisia-vastaan-tipat-koirille-pieni-1-10-kg\/\" \/>\n<meta property=\"og:site_name\" content=\"MiuMjau\" \/>\n<meta property=\"article:publisher\" content=\"https:\/\/www.facebook.com\/miumjaupood\/\" \/>\n<meta property=\"article:modified_time\" content=\"2026-01-07T20:43:16+00:00\" \/>\n<meta property=\"og:image\" content=\"https:\/\/miumjau.ee\/wp-content\/uploads\/2025\/07\/beaphar-kassidele-koertele40.jpg\" \/>\n\t<meta property=\"og:image:width\" content=\"600\" \/>\n\t<meta property=\"og:image:height\" content=\"800\" \/>\n\t<meta property=\"og:image:type\" content=\"image\/jpeg\" \/>\n<meta name=\"twitter:card\" content=\"summary_large_image\" \/>\n<script type=\"application\/ld+json\" class=\"yoast-schema-graph\">{\"@context\":\"https:\/\/schema.org\",\"@graph\":[{\"@type\":\"WebPage\",\"@id\":\"https:\/\/miumjau.ee\/fi\/tuote\/beaphar-immo-shield-loisia-vastaan-tipat-koirille-pieni-1-10-kg\/\",\"url\":\"https:\/\/miumjau.ee\/fi\/tuote\/beaphar-immo-shield-loisia-vastaan-tipat-koirille-pieni-1-10-kg\/\",\"name\":\"Beaphar IMMO SHIELD loisia vastaan tipat koirille \u2013 Pieni (1\u201310 kg) - MiuMjau\",\"isPartOf\":{\"@id\":\"https:\/\/miumjau.ee\/#website\"},\"primaryImageOfPage\":{\"@id\":\"https:\/\/miumjau.ee\/fi\/tuote\/beaphar-immo-shield-loisia-vastaan-tipat-koirille-pieni-1-10-kg\/#primaryimage\"},\"image\":{\"@id\":\"https:\/\/miumjau.ee\/fi\/tuote\/beaphar-immo-shield-loisia-vastaan-tipat-koirille-pieni-1-10-kg\/#primaryimage\"},\"thumbnailUrl\":\"https:\/\/miumjau.ee\/wp-content\/uploads\/2025\/07\/beaphar-kassidele-koertele40.jpg\",\"datePublished\":\"2025-07-29T12:34:04+00:00\",\"dateModified\":\"2026-01-07T20:43:16+00:00\",\"breadcrumb\":{\"@id\":\"https:\/\/miumjau.ee\/fi\/tuote\/beaphar-immo-shield-loisia-vastaan-tipat-koirille-pieni-1-10-kg\/#breadcrumb\"},\"inLanguage\":\"fi\",\"potentialAction\":[{\"@type\":\"ReadAction\",\"target\":[\"https:\/\/miumjau.ee\/fi\/tuote\/beaphar-immo-shield-loisia-vastaan-tipat-koirille-pieni-1-10-kg\/\"]}]},{\"@type\":\"ImageObject\",\"inLanguage\":\"fi\",\"@id\":\"https:\/\/miumjau.ee\/fi\/tuote\/beaphar-immo-shield-loisia-vastaan-tipat-koirille-pieni-1-10-kg\/#primaryimage\",\"url\":\"https:\/\/miumjau.ee\/wp-content\/uploads\/2025\/07\/beaphar-kassidele-koertele40.jpg\",\"contentUrl\":\"https:\/\/miumjau.ee\/wp-content\/uploads\/2025\/07\/beaphar-kassidele-koertele40.jpg\",\"width\":600,\"height\":800,\"caption\":\"Beaphar parasiidivastased tilgad koertele IMMO SHIELD, S\"},{\"@type\":\"BreadcrumbList\",\"@id\":\"https:\/\/miumjau.ee\/fi\/tuote\/beaphar-immo-shield-loisia-vastaan-tipat-koirille-pieni-1-10-kg\/#breadcrumb\",\"itemListElement\":[{\"@type\":\"ListItem\",\"position\":1,\"name\":\"Home\",\"item\":\"https:\/\/miumjau.ee\/fi\/\"},{\"@type\":\"ListItem\",\"position\":2,\"name\":\"Kauppa\",\"item\":\"https:\/\/miumjau.ee\/fi\/kauppa\/\"},{\"@type\":\"ListItem\",\"position\":3,\"name\":\"Beaphar IMMO SHIELD loisia vastaan tipat koirille \u2013 Pieni (1\u201310 kg)\"}]},{\"@type\":\"WebSite\",\"@id\":\"https:\/\/miumjau.ee\/#website\",\"url\":\"https:\/\/miumjau.ee\/\",\"name\":\"MiuMjau\",\"description\":\"Kraapimispuud kassidele\",\"publisher\":{\"@id\":\"https:\/\/miumjau.ee\/#organization\"},\"potentialAction\":[{\"@type\":\"SearchAction\",\"target\":{\"@type\":\"EntryPoint\",\"urlTemplate\":\"https:\/\/miumjau.ee\/?s={search_term_string}\"},\"query-input\":{\"@type\":\"PropertyValueSpecification\",\"valueRequired\":true,\"valueName\":\"search_term_string\"}}],\"inLanguage\":\"fi\"},{\"@type\":\"Organization\",\"@id\":\"https:\/\/miumjau.ee\/#organization\",\"name\":\"MiuMjau O\u00dc\",\"url\":\"https:\/\/miumjau.ee\/\",\"logo\":{\"@type\":\"ImageObject\",\"inLanguage\":\"fi\",\"@id\":\"https:\/\/miumjau.ee\/#\/schema\/logo\/image\/\",\"url\":\"https:\/\/miumjau.ee\/wp-content\/uploads\/2022\/04\/MiuMjau-logo-kollane.png\",\"contentUrl\":\"https:\/\/miumjau.ee\/wp-content\/uploads\/2022\/04\/MiuMjau-logo-kollane.png\",\"width\":219,\"height\":100,\"caption\":\"MiuMjau O\u00dc\"},\"image\":{\"@id\":\"https:\/\/miumjau.ee\/#\/schema\/logo\/image\/\"},\"sameAs\":[\"https:\/\/www.facebook.com\/miumjaupood\/\"]}]}<\/script>\n<!-- \/ Yoast SEO plugin. -->","yoast_head_json":{"title":"Beaphar IMMO SHIELD loisia vastaan tipat koirille \u2013 Pieni (1\u201310 kg) - MiuMjau","robots":{"index":"index","follow":"follow","max-snippet":"max-snippet:-1","max-image-preview":"max-image-preview:large","max-video-preview":"max-video-preview:-1"},"canonical":"https:\/\/miumjau.ee\/fi\/tuote\/beaphar-immo-shield-loisia-vastaan-tipat-koirille-pieni-1-10-kg\/","og_locale":"fi_FI","og_type":"article","og_title":"Beaphar IMMO SHIELD loisia vastaan tipat koirille \u2013 Pieni (1\u201310 kg) - MiuMjau","og_description":"Beaphar Immo Shield Line-on Dog Small 3 x 1,5 ml. Innovatiivinen ratkaisu koirien suojaamiseen kirpuilta ja puutiaisilta.     Ihanteellinen suoja loisia vastaan.    100 % turvallinen.    Yksi pipetti vaikuttaa 4 viikkoa.    Sopii pennuille alkaen 12 viikon i\u00e4st\u00e4.    Ei tuki talirauhasia.   Toimintaperiaate: Levit\u00e4 tipat koiran sel\u00e4lle (tai selk\u00e4rankaa pitkin). Tipat levi\u00e4v\u00e4t tasaisesti keholle ja muodostavat iholle kalvon, joka toimii tahmeana kerroksena ja tappaa kirput, puutiaiset, hyttyset, t\u00e4it ja muut hy\u00f6nteiset. Keholla olevat loiset kuolevat 1\u20132 p\u00e4iv\u00e4n kuluessa. Tehokas kaikissa kirppujen kehitysvaiheissa. Valmistaja: Beaphar, Alankomaat.","og_url":"https:\/\/miumjau.ee\/fi\/tuote\/beaphar-immo-shield-loisia-vastaan-tipat-koirille-pieni-1-10-kg\/","og_site_name":"MiuMjau","article_publisher":"https:\/\/www.facebook.com\/miumjaupood\/","article_modified_time":"2026-01-07T20:43:16+00:00","og_image":[{"width":600,"height":800,"url":"https:\/\/miumjau.ee\/wp-content\/uploads\/2025\/07\/beaphar-kassidele-koertele40.jpg","type":"image\/jpeg"}],"twitter_card":"summary_large_image","schema":{"@context":"https:\/\/schema.org","@graph":[{"@type":"WebPage","@id":"https:\/\/miumjau.ee\/fi\/tuote\/beaphar-immo-shield-loisia-vastaan-tipat-koirille-pieni-1-10-kg\/","url":"https:\/\/miumjau.ee\/fi\/tuote\/beaphar-immo-shield-loisia-vastaan-tipat-koirille-pieni-1-10-kg\/","name":"Beaphar IMMO SHIELD loisia vastaan tipat koirille \u2013 Pieni (1\u201310 kg) - MiuMjau","isPartOf":{"@id":"https:\/\/miumjau.ee\/#website"},"primaryImageOfPage":{"@id":"https:\/\/miumjau.ee\/fi\/tuote\/beaphar-immo-shield-loisia-vastaan-tipat-koirille-pieni-1-10-kg\/#primaryimage"},"image":{"@id":"https:\/\/miumjau.ee\/fi\/tuote\/beaphar-immo-shield-loisia-vastaan-tipat-koirille-pieni-1-10-kg\/#primaryimage"},"thumbnailUrl":"https:\/\/miumjau.ee\/wp-content\/uploads\/2025\/07\/beaphar-kassidele-koertele40.jpg","datePublished":"2025-07-29T12:34:04+00:00","dateModified":"2026-01-07T20:43:16+00:00","breadcrumb":{"@id":"https:\/\/miumjau.ee\/fi\/tuote\/beaphar-immo-shield-loisia-vastaan-tipat-koirille-pieni-1-10-kg\/#breadcrumb"},"inLanguage":"fi","potentialAction":[{"@type":"ReadAction","target":["https:\/\/miumjau.ee\/fi\/tuote\/beaphar-immo-shield-loisia-vastaan-tipat-koirille-pieni-1-10-kg\/"]}]},{"@type":"ImageObject","inLanguage":"fi","@id":"https:\/\/miumjau.ee\/fi\/tuote\/beaphar-immo-shield-loisia-vastaan-tipat-koirille-pieni-1-10-kg\/#primaryimage","url":"https:\/\/miumjau.ee\/wp-content\/uploads\/2025\/07\/beaphar-kassidele-koertele40.jpg","contentUrl":"https:\/\/miumjau.ee\/wp-content\/uploads\/2025\/07\/beaphar-kassidele-koertele40.jpg","width":600,"height":800,"caption":"Beaphar parasiidivastased tilgad koertele IMMO SHIELD, S"},{"@type":"BreadcrumbList","@id":"https:\/\/miumjau.ee\/fi\/tuote\/beaphar-immo-shield-loisia-vastaan-tipat-koirille-pieni-1-10-kg\/#breadcrumb","itemListElement":[{"@type":"ListItem","position":1,"name":"Home","item":"https:\/\/miumjau.ee\/fi\/"},{"@type":"ListItem","position":2,"name":"Kauppa","item":"https:\/\/miumjau.ee\/fi\/kauppa\/"},{"@type":"ListItem","position":3,"name":"Beaphar IMMO SHIELD loisia vastaan tipat koirille \u2013 Pieni (1\u201310 kg)"}]},{"@type":"WebSite","@id":"https:\/\/miumjau.ee\/#website","url":"https:\/\/miumjau.ee\/","name":"MiuMjau","description":"Kraapimispuud kassidele","publisher":{"@id":"https:\/\/miumjau.ee\/#organization"},"potentialAction":[{"@type":"SearchAction","target":{"@type":"EntryPoint","urlTemplate":"https:\/\/miumjau.ee\/?s={search_term_string}"},"query-input":{"@type":"PropertyValueSpecification","valueRequired":true,"valueName":"search_term_string"}}],"inLanguage":"fi"},{"@type":"Organization","@id":"https:\/\/miumjau.ee\/#organization","name":"MiuMjau O\u00dc","url":"https:\/\/miumjau.ee\/","logo":{"@type":"ImageObject","inLanguage":"fi","@id":"https:\/\/miumjau.ee\/#\/schema\/logo\/image\/","url":"https:\/\/miumjau.ee\/wp-content\/uploads\/2022\/04\/MiuMjau-logo-kollane.png","contentUrl":"https:\/\/miumjau.ee\/wp-content\/uploads\/2022\/04\/MiuMjau-logo-kollane.png","width":219,"height":100,"caption":"MiuMjau O\u00dc"},"image":{"@id":"https:\/\/miumjau.ee\/#\/schema\/logo\/image\/"},"sameAs":["https:\/\/www.facebook.com\/miumjaupood\/"]}]}},"_links":{"self":[{"href":"https:\/\/miumjau.ee\/fi\/wp-json\/wp\/v2\/product\/49154","targetHints":{"allow":["GET"]}}],"collection":[{"href":"https:\/\/miumjau.ee\/fi\/wp-json\/wp\/v2\/product"}],"about":[{"href":"https:\/\/miumjau.ee\/fi\/wp-json\/wp\/v2\/types\/product"}],"wp:featuredmedia":[{"embeddable":true,"href":"https:\/\/miumjau.ee\/fi\/wp-json\/wp\/v2\/media\/38346"}],"wp:attachment":[{"href":"https:\/\/miumjau.ee\/fi\/wp-json\/wp\/v2\/media?parent=49154"}],"wp:term":[{"taxonomy":"product_brand","embeddable":true,"href":"https:\/\/miumjau.ee\/fi\/wp-json\/wp\/v2\/product_brand?post=49154"},{"taxonomy":"product_cat","embeddable":true,"href":"https:\/\/miumjau.ee\/fi\/wp-json\/wp\/v2\/product_cat?post=49154"},{"taxonomy":"product_tag","embeddable":true,"href":"https:\/\/miumjau.ee\/fi\/wp-json\/wp\/v2\/product_tag?post=49154"}],"curies":[{"name":"wp","href":"https:\/\/api.w.org\/{rel}","templated":true}]}}