{"id":49142,"date":"2025-07-29T14:07:59","date_gmt":"2025-07-29T11:07:59","guid":{"rendered":"https:\/\/miumjau.ee\/toode\/beaphar-maksamausteinen-hammastahna-koirille-ja-kissoille-100-g\/"},"modified":"2026-01-07T22:43:16","modified_gmt":"2026-01-07T20:43:16","slug":"beaphar-maksamausteinen-hammastahna-koirille-ja-kissoille-100-g","status":"publish","type":"product","link":"https:\/\/miumjau.ee\/fi\/tuote\/beaphar-maksamausteinen-hammastahna-koirille-ja-kissoille-100-g\/","title":{"rendered":"Beaphar maksamausteinen hammastahna koirille ja kissoille 100 g"},"content":{"rendered":"","protected":false},"excerpt":{"rendered":"<p data-start=\"1856\" data-end=\"2039\">Beaphar-hammastahna on maksamausteinen ja takaa lemmikkisi p\u00e4ivitt\u00e4isen hammashoidon. Se poistaa hammaskiven bakteerit ja est\u00e4\u00e4 hammaskiven muodostumista sek\u00e4 raikastaa hengityksen.<\/p>\n<p data-start=\"2041\" data-end=\"2367\"><strong data-start=\"2041\" data-end=\"2055\">Ainesosat:<\/strong> Puhdistettu vesi, propyleeniglykoli, glyseriini, sorbitoli, piioksidi, natriumtripolyfosfaatti, hydroksietyyliselluloosa, kananmunajauhe, sinksitraattrihydraatti, titaanidioksidi, natriumkarboksimetyyliselluloosa, kaliumsorbaatti, natriumbentsoaatti, entsyymit (proteaasit, glukoosioksidaasi), sianmaksajauhe.<\/p>\n<p data-start=\"2369\" data-end=\"2382\"><strong data-start=\"2369\" data-end=\"2380\">K\u00e4ytt\u00f6:<\/strong><\/p>\n<ol data-start=\"2383\" data-end=\"3070\">\n<li data-start=\"2383\" data-end=\"2443\">\n<p data-start=\"2386\" data-end=\"2443\">Nosta varovasti lemmikin huulet paljastaaksesi hampaat.<\/p>\n<\/li>\n<li data-start=\"2444\" data-end=\"2488\">\n<p data-start=\"2447\" data-end=\"2488\">Kehua ja rohkaista lemmikki\u00e4 runsaasti.<\/p>\n<\/li>\n<li data-start=\"2489\" data-end=\"2597\">\n<p data-start=\"2492\" data-end=\"2597\">Kun lemmikki on tottunut suun kosketukseen ulkopuolelta, liikuta sormeasi hampaita pitkin edestakaisin.<\/p>\n<\/li>\n<li data-start=\"2598\" data-end=\"2699\">\n<p data-start=\"2601\" data-end=\"2699\">Kun lemmikki hyv\u00e4ksyy suun kosketuksen my\u00f6s sis\u00e4lt\u00e4p\u00e4in, toista sama hammasharjalla ja tahnalla.<\/p>\n<\/li>\n<li data-start=\"2700\" data-end=\"2837\">\n<p data-start=\"2703\" data-end=\"2837\">Aloita pienell\u00e4 m\u00e4\u00e4r\u00e4ll\u00e4 tahnaa sormelle ja anna lemmikin nuolla sit\u00e4 (maksamaun vuoksi useimmat kissat ja koirat pit\u00e4v\u00e4t tahnasta).<\/p>\n<\/li>\n<li data-start=\"2838\" data-end=\"2930\">\n<p data-start=\"2841\" data-end=\"2930\">Kun lemmikki on tottunut tahnaan, esittele hammasharja ja anna sen nuolla tahnaa siit\u00e4.<\/p>\n<\/li>\n<li data-start=\"2931\" data-end=\"3070\">\n<p data-start=\"2934\" data-end=\"3070\">Kun lemmikki hyv\u00e4ksyy molemmat, aloita harjaaminen muutamasta hampaasta ja laajenna v\u00e4hitellen, kunnes kaikki hampaat voidaan harjata.<\/p>\n<\/li>\n<\/ol>\n<p data-start=\"3072\" data-end=\"3300\"><strong data-start=\"3072\" data-end=\"3088\">Varoitukset:<\/strong> K\u00e4ytett\u00e4v\u00e4 vain el\u00e4imill\u00e4. Pidett\u00e4v\u00e4 lasten ulottumattomissa. \u00c4l\u00e4 anna lemmikin purra hammasharjaa. \u00c4l\u00e4 k\u00e4yt\u00e4 ihmisten hammastahnaa, sill\u00e4 se sis\u00e4lt\u00e4\u00e4 vaahtoavia aineita, jotka voivat \u00e4rsytt\u00e4\u00e4 lemmikin vatsaa.<\/p>\n<p data-start=\"3302\" data-end=\"3368\">Varmista, ett\u00e4 lemmikill\u00e4 on raikasta juomavett\u00e4 k\u00e4yt\u00f6n j\u00e4lkeen.<\/p>\n","protected":false},"featured_media":38326,"template":"","meta":[],"product_brand":[],"product_cat":[259,483],"product_tag":[],"class_list":{"0":"post-49142","1":"product","2":"type-product","3":"status-publish","4":"has-post-thumbnail","6":"product_cat-muut","7":"product_cat-hoitotuotteet-koirille","9":"first","10":"instock","11":"taxable","12":"shipping-taxable","13":"purchasable","14":"product-type-simple"},"yoast_head":"<!-- This site is optimized with the Yoast SEO plugin v27.2 - https:\/\/yoast.com\/product\/yoast-seo-wordpress\/ -->\n<title>Beaphar maksamausteinen hammastahna koirille ja kissoille 100 g - MiuMjau<\/title>\n<meta name=\"robots\" content=\"index, follow, max-snippet:-1, max-image-preview:large, max-video-preview:-1\" \/>\n<link rel=\"canonical\" href=\"https:\/\/miumjau.ee\/fi\/tuote\/beaphar-maksamausteinen-hammastahna-koirille-ja-kissoille-100-g\/\" \/>\n<meta property=\"og:locale\" content=\"fi_FI\" \/>\n<meta property=\"og:type\" content=\"article\" \/>\n<meta property=\"og:title\" content=\"Beaphar maksamausteinen hammastahna koirille ja kissoille 100 g - MiuMjau\" \/>\n<meta property=\"og:description\" content=\"Beaphar-hammastahna on maksamausteinen ja takaa lemmikkisi p\u00e4ivitt\u00e4isen hammashoidon. Se poistaa hammaskiven bakteerit ja est\u00e4\u00e4 hammaskiven muodostumista sek\u00e4 raikastaa hengityksen. Ainesosat: Puhdistettu vesi, propyleeniglykoli, glyseriini, sorbitoli, piioksidi, natriumtripolyfosfaatti, hydroksietyyliselluloosa, kananmunajauhe, sinksitraattrihydraatti, titaanidioksidi, natriumkarboksimetyyliselluloosa, kaliumsorbaatti, natriumbentsoaatti, entsyymit (proteaasit, glukoosioksidaasi), sianmaksajauhe. K\u00e4ytt\u00f6:     Nosta varovasti lemmikin huulet paljastaaksesi hampaat.    Kehua ja rohkaista lemmikki\u00e4 runsaasti.    Kun lemmikki on tottunut suun kosketukseen ulkopuolelta, liikuta sormeasi hampaita pitkin edestakaisin.    Kun lemmikki hyv\u00e4ksyy suun kosketuksen my\u00f6s sis\u00e4lt\u00e4p\u00e4in, toista sama hammasharjalla ja tahnalla.    Aloita pienell\u00e4 m\u00e4\u00e4r\u00e4ll\u00e4 tahnaa sormelle ja anna lemmikin nuolla sit\u00e4 (maksamaun vuoksi useimmat kissat ja koirat pit\u00e4v\u00e4t tahnasta).    Kun lemmikki on tottunut tahnaan, esittele hammasharja ja anna sen nuolla tahnaa siit\u00e4.    Kun lemmikki hyv\u00e4ksyy molemmat, aloita harjaaminen muutamasta hampaasta ja laajenna v\u00e4hitellen, kunnes kaikki hampaat voidaan harjata.   Varoitukset: K\u00e4ytett\u00e4v\u00e4 vain el\u00e4imill\u00e4. Pidett\u00e4v\u00e4 lasten ulottumattomissa. \u00c4l\u00e4 anna lemmikin purra hammasharjaa. \u00c4l\u00e4 k\u00e4yt\u00e4 ihmisten hammastahnaa, sill\u00e4 se sis\u00e4lt\u00e4\u00e4 vaahtoavia aineita, jotka voivat \u00e4rsytt\u00e4\u00e4 lemmikin vatsaa. Varmista, ett\u00e4 lemmikill\u00e4 on raikasta juomavett\u00e4 k\u00e4yt\u00f6n j\u00e4lkeen.\" \/>\n<meta property=\"og:url\" content=\"https:\/\/miumjau.ee\/fi\/tuote\/beaphar-maksamausteinen-hammastahna-koirille-ja-kissoille-100-g\/\" \/>\n<meta property=\"og:site_name\" content=\"MiuMjau\" \/>\n<meta property=\"article:publisher\" content=\"https:\/\/www.facebook.com\/miumjaupood\/\" \/>\n<meta property=\"article:modified_time\" content=\"2026-01-07T20:43:16+00:00\" \/>\n<meta property=\"og:image\" content=\"https:\/\/miumjau.ee\/wp-content\/uploads\/2025\/07\/beaphar-kassidele-koertele35.jpg\" \/>\n\t<meta property=\"og:image:width\" content=\"600\" \/>\n\t<meta property=\"og:image:height\" content=\"800\" \/>\n\t<meta property=\"og:image:type\" content=\"image\/jpeg\" \/>\n<meta name=\"twitter:card\" content=\"summary_large_image\" \/>\n<script type=\"application\/ld+json\" class=\"yoast-schema-graph\">{\"@context\":\"https:\/\/schema.org\",\"@graph\":[{\"@type\":\"WebPage\",\"@id\":\"https:\/\/miumjau.ee\/fi\/tuote\/beaphar-maksamausteinen-hammastahna-koirille-ja-kissoille-100-g\/\",\"url\":\"https:\/\/miumjau.ee\/fi\/tuote\/beaphar-maksamausteinen-hammastahna-koirille-ja-kissoille-100-g\/\",\"name\":\"Beaphar maksamausteinen hammastahna koirille ja kissoille 100 g - MiuMjau\",\"isPartOf\":{\"@id\":\"https:\/\/miumjau.ee\/#website\"},\"primaryImageOfPage\":{\"@id\":\"https:\/\/miumjau.ee\/fi\/tuote\/beaphar-maksamausteinen-hammastahna-koirille-ja-kissoille-100-g\/#primaryimage\"},\"image\":{\"@id\":\"https:\/\/miumjau.ee\/fi\/tuote\/beaphar-maksamausteinen-hammastahna-koirille-ja-kissoille-100-g\/#primaryimage\"},\"thumbnailUrl\":\"https:\/\/miumjau.ee\/wp-content\/uploads\/2025\/07\/beaphar-kassidele-koertele35.jpg\",\"datePublished\":\"2025-07-29T11:07:59+00:00\",\"dateModified\":\"2026-01-07T20:43:16+00:00\",\"breadcrumb\":{\"@id\":\"https:\/\/miumjau.ee\/fi\/tuote\/beaphar-maksamausteinen-hammastahna-koirille-ja-kissoille-100-g\/#breadcrumb\"},\"inLanguage\":\"fi\",\"potentialAction\":[{\"@type\":\"ReadAction\",\"target\":[\"https:\/\/miumjau.ee\/fi\/tuote\/beaphar-maksamausteinen-hammastahna-koirille-ja-kissoille-100-g\/\"]}]},{\"@type\":\"ImageObject\",\"inLanguage\":\"fi\",\"@id\":\"https:\/\/miumjau.ee\/fi\/tuote\/beaphar-maksamausteinen-hammastahna-koirille-ja-kissoille-100-g\/#primaryimage\",\"url\":\"https:\/\/miumjau.ee\/wp-content\/uploads\/2025\/07\/beaphar-kassidele-koertele35.jpg\",\"contentUrl\":\"https:\/\/miumjau.ee\/wp-content\/uploads\/2025\/07\/beaphar-kassidele-koertele35.jpg\",\"width\":600,\"height\":800,\"caption\":\"Beaphar maksamaitseline hambapasta koertele ja kassidele 100g\"},{\"@type\":\"BreadcrumbList\",\"@id\":\"https:\/\/miumjau.ee\/fi\/tuote\/beaphar-maksamausteinen-hammastahna-koirille-ja-kissoille-100-g\/#breadcrumb\",\"itemListElement\":[{\"@type\":\"ListItem\",\"position\":1,\"name\":\"Home\",\"item\":\"https:\/\/miumjau.ee\/fi\/\"},{\"@type\":\"ListItem\",\"position\":2,\"name\":\"Kauppa\",\"item\":\"https:\/\/miumjau.ee\/fi\/kauppa\/\"},{\"@type\":\"ListItem\",\"position\":3,\"name\":\"Beaphar maksamausteinen hammastahna koirille ja kissoille 100 g\"}]},{\"@type\":\"WebSite\",\"@id\":\"https:\/\/miumjau.ee\/#website\",\"url\":\"https:\/\/miumjau.ee\/\",\"name\":\"MiuMjau\",\"description\":\"Kraapimispuud kassidele\",\"publisher\":{\"@id\":\"https:\/\/miumjau.ee\/#organization\"},\"potentialAction\":[{\"@type\":\"SearchAction\",\"target\":{\"@type\":\"EntryPoint\",\"urlTemplate\":\"https:\/\/miumjau.ee\/?s={search_term_string}\"},\"query-input\":{\"@type\":\"PropertyValueSpecification\",\"valueRequired\":true,\"valueName\":\"search_term_string\"}}],\"inLanguage\":\"fi\"},{\"@type\":\"Organization\",\"@id\":\"https:\/\/miumjau.ee\/#organization\",\"name\":\"MiuMjau O\u00dc\",\"url\":\"https:\/\/miumjau.ee\/\",\"logo\":{\"@type\":\"ImageObject\",\"inLanguage\":\"fi\",\"@id\":\"https:\/\/miumjau.ee\/#\/schema\/logo\/image\/\",\"url\":\"https:\/\/miumjau.ee\/wp-content\/uploads\/2022\/04\/MiuMjau-logo-kollane.png\",\"contentUrl\":\"https:\/\/miumjau.ee\/wp-content\/uploads\/2022\/04\/MiuMjau-logo-kollane.png\",\"width\":219,\"height\":100,\"caption\":\"MiuMjau O\u00dc\"},\"image\":{\"@id\":\"https:\/\/miumjau.ee\/#\/schema\/logo\/image\/\"},\"sameAs\":[\"https:\/\/www.facebook.com\/miumjaupood\/\"]}]}<\/script>\n<!-- \/ Yoast SEO plugin. -->","yoast_head_json":{"title":"Beaphar maksamausteinen hammastahna koirille ja kissoille 100 g - MiuMjau","robots":{"index":"index","follow":"follow","max-snippet":"max-snippet:-1","max-image-preview":"max-image-preview:large","max-video-preview":"max-video-preview:-1"},"canonical":"https:\/\/miumjau.ee\/fi\/tuote\/beaphar-maksamausteinen-hammastahna-koirille-ja-kissoille-100-g\/","og_locale":"fi_FI","og_type":"article","og_title":"Beaphar maksamausteinen hammastahna koirille ja kissoille 100 g - MiuMjau","og_description":"Beaphar-hammastahna on maksamausteinen ja takaa lemmikkisi p\u00e4ivitt\u00e4isen hammashoidon. Se poistaa hammaskiven bakteerit ja est\u00e4\u00e4 hammaskiven muodostumista sek\u00e4 raikastaa hengityksen. Ainesosat: Puhdistettu vesi, propyleeniglykoli, glyseriini, sorbitoli, piioksidi, natriumtripolyfosfaatti, hydroksietyyliselluloosa, kananmunajauhe, sinksitraattrihydraatti, titaanidioksidi, natriumkarboksimetyyliselluloosa, kaliumsorbaatti, natriumbentsoaatti, entsyymit (proteaasit, glukoosioksidaasi), sianmaksajauhe. K\u00e4ytt\u00f6:     Nosta varovasti lemmikin huulet paljastaaksesi hampaat.    Kehua ja rohkaista lemmikki\u00e4 runsaasti.    Kun lemmikki on tottunut suun kosketukseen ulkopuolelta, liikuta sormeasi hampaita pitkin edestakaisin.    Kun lemmikki hyv\u00e4ksyy suun kosketuksen my\u00f6s sis\u00e4lt\u00e4p\u00e4in, toista sama hammasharjalla ja tahnalla.    Aloita pienell\u00e4 m\u00e4\u00e4r\u00e4ll\u00e4 tahnaa sormelle ja anna lemmikin nuolla sit\u00e4 (maksamaun vuoksi useimmat kissat ja koirat pit\u00e4v\u00e4t tahnasta).    Kun lemmikki on tottunut tahnaan, esittele hammasharja ja anna sen nuolla tahnaa siit\u00e4.    Kun lemmikki hyv\u00e4ksyy molemmat, aloita harjaaminen muutamasta hampaasta ja laajenna v\u00e4hitellen, kunnes kaikki hampaat voidaan harjata.   Varoitukset: K\u00e4ytett\u00e4v\u00e4 vain el\u00e4imill\u00e4. Pidett\u00e4v\u00e4 lasten ulottumattomissa. \u00c4l\u00e4 anna lemmikin purra hammasharjaa. \u00c4l\u00e4 k\u00e4yt\u00e4 ihmisten hammastahnaa, sill\u00e4 se sis\u00e4lt\u00e4\u00e4 vaahtoavia aineita, jotka voivat \u00e4rsytt\u00e4\u00e4 lemmikin vatsaa. Varmista, ett\u00e4 lemmikill\u00e4 on raikasta juomavett\u00e4 k\u00e4yt\u00f6n j\u00e4lkeen.","og_url":"https:\/\/miumjau.ee\/fi\/tuote\/beaphar-maksamausteinen-hammastahna-koirille-ja-kissoille-100-g\/","og_site_name":"MiuMjau","article_publisher":"https:\/\/www.facebook.com\/miumjaupood\/","article_modified_time":"2026-01-07T20:43:16+00:00","og_image":[{"width":600,"height":800,"url":"https:\/\/miumjau.ee\/wp-content\/uploads\/2025\/07\/beaphar-kassidele-koertele35.jpg","type":"image\/jpeg"}],"twitter_card":"summary_large_image","schema":{"@context":"https:\/\/schema.org","@graph":[{"@type":"WebPage","@id":"https:\/\/miumjau.ee\/fi\/tuote\/beaphar-maksamausteinen-hammastahna-koirille-ja-kissoille-100-g\/","url":"https:\/\/miumjau.ee\/fi\/tuote\/beaphar-maksamausteinen-hammastahna-koirille-ja-kissoille-100-g\/","name":"Beaphar maksamausteinen hammastahna koirille ja kissoille 100 g - MiuMjau","isPartOf":{"@id":"https:\/\/miumjau.ee\/#website"},"primaryImageOfPage":{"@id":"https:\/\/miumjau.ee\/fi\/tuote\/beaphar-maksamausteinen-hammastahna-koirille-ja-kissoille-100-g\/#primaryimage"},"image":{"@id":"https:\/\/miumjau.ee\/fi\/tuote\/beaphar-maksamausteinen-hammastahna-koirille-ja-kissoille-100-g\/#primaryimage"},"thumbnailUrl":"https:\/\/miumjau.ee\/wp-content\/uploads\/2025\/07\/beaphar-kassidele-koertele35.jpg","datePublished":"2025-07-29T11:07:59+00:00","dateModified":"2026-01-07T20:43:16+00:00","breadcrumb":{"@id":"https:\/\/miumjau.ee\/fi\/tuote\/beaphar-maksamausteinen-hammastahna-koirille-ja-kissoille-100-g\/#breadcrumb"},"inLanguage":"fi","potentialAction":[{"@type":"ReadAction","target":["https:\/\/miumjau.ee\/fi\/tuote\/beaphar-maksamausteinen-hammastahna-koirille-ja-kissoille-100-g\/"]}]},{"@type":"ImageObject","inLanguage":"fi","@id":"https:\/\/miumjau.ee\/fi\/tuote\/beaphar-maksamausteinen-hammastahna-koirille-ja-kissoille-100-g\/#primaryimage","url":"https:\/\/miumjau.ee\/wp-content\/uploads\/2025\/07\/beaphar-kassidele-koertele35.jpg","contentUrl":"https:\/\/miumjau.ee\/wp-content\/uploads\/2025\/07\/beaphar-kassidele-koertele35.jpg","width":600,"height":800,"caption":"Beaphar maksamaitseline hambapasta koertele ja kassidele 100g"},{"@type":"BreadcrumbList","@id":"https:\/\/miumjau.ee\/fi\/tuote\/beaphar-maksamausteinen-hammastahna-koirille-ja-kissoille-100-g\/#breadcrumb","itemListElement":[{"@type":"ListItem","position":1,"name":"Home","item":"https:\/\/miumjau.ee\/fi\/"},{"@type":"ListItem","position":2,"name":"Kauppa","item":"https:\/\/miumjau.ee\/fi\/kauppa\/"},{"@type":"ListItem","position":3,"name":"Beaphar maksamausteinen hammastahna koirille ja kissoille 100 g"}]},{"@type":"WebSite","@id":"https:\/\/miumjau.ee\/#website","url":"https:\/\/miumjau.ee\/","name":"MiuMjau","description":"Kraapimispuud kassidele","publisher":{"@id":"https:\/\/miumjau.ee\/#organization"},"potentialAction":[{"@type":"SearchAction","target":{"@type":"EntryPoint","urlTemplate":"https:\/\/miumjau.ee\/?s={search_term_string}"},"query-input":{"@type":"PropertyValueSpecification","valueRequired":true,"valueName":"search_term_string"}}],"inLanguage":"fi"},{"@type":"Organization","@id":"https:\/\/miumjau.ee\/#organization","name":"MiuMjau O\u00dc","url":"https:\/\/miumjau.ee\/","logo":{"@type":"ImageObject","inLanguage":"fi","@id":"https:\/\/miumjau.ee\/#\/schema\/logo\/image\/","url":"https:\/\/miumjau.ee\/wp-content\/uploads\/2022\/04\/MiuMjau-logo-kollane.png","contentUrl":"https:\/\/miumjau.ee\/wp-content\/uploads\/2022\/04\/MiuMjau-logo-kollane.png","width":219,"height":100,"caption":"MiuMjau O\u00dc"},"image":{"@id":"https:\/\/miumjau.ee\/#\/schema\/logo\/image\/"},"sameAs":["https:\/\/www.facebook.com\/miumjaupood\/"]}]}},"_links":{"self":[{"href":"https:\/\/miumjau.ee\/fi\/wp-json\/wp\/v2\/product\/49142","targetHints":{"allow":["GET"]}}],"collection":[{"href":"https:\/\/miumjau.ee\/fi\/wp-json\/wp\/v2\/product"}],"about":[{"href":"https:\/\/miumjau.ee\/fi\/wp-json\/wp\/v2\/types\/product"}],"wp:featuredmedia":[{"embeddable":true,"href":"https:\/\/miumjau.ee\/fi\/wp-json\/wp\/v2\/media\/38326"}],"wp:attachment":[{"href":"https:\/\/miumjau.ee\/fi\/wp-json\/wp\/v2\/media?parent=49142"}],"wp:term":[{"taxonomy":"product_brand","embeddable":true,"href":"https:\/\/miumjau.ee\/fi\/wp-json\/wp\/v2\/product_brand?post=49142"},{"taxonomy":"product_cat","embeddable":true,"href":"https:\/\/miumjau.ee\/fi\/wp-json\/wp\/v2\/product_cat?post=49142"},{"taxonomy":"product_tag","embeddable":true,"href":"https:\/\/miumjau.ee\/fi\/wp-json\/wp\/v2\/product_tag?post=49142"}],"curies":[{"name":"wp","href":"https:\/\/api.w.org\/{rel}","templated":true}]}}