{"id":49130,"date":"2025-07-29T15:54:40","date_gmt":"2025-07-29T12:54:40","guid":{"rendered":"https:\/\/miumjau.ee\/toode\/beaphar-loisia-vastaan-tarkoitetut-tipat-kissanpennuille\/"},"modified":"2026-01-07T22:43:23","modified_gmt":"2026-01-07T20:43:23","slug":"beaphar-loisia-vastaan-tarkoitetut-tipat-kissanpennuille","status":"publish","type":"product","link":"https:\/\/miumjau.ee\/fi\/tuote\/beaphar-loisia-vastaan-tarkoitetut-tipat-kissanpennuille\/","title":{"rendered":"Beaphar loisia vastaan tarkoitetut tipat kissanpennuille"},"content":{"rendered":"","protected":false},"excerpt":{"rendered":"<p data-start=\"1275\" data-end=\"1535\">Beaphar <strong data-start=\"1283\" data-end=\"1307\">Vetopure Bio Spot On<\/strong> on tehokas kirppuja, puutiaisia ja hyttysi\u00e4 vastaan. Bio Spot On on erityisesti suunniteltu ulkoisten loisten karkottamiseen. Neste sis\u00e4lt\u00e4\u00e4 neemipuun margosauutetta, joka tunnetaan hy\u00f6nteisi\u00e4 karkottavista ominaisuuksistaan.<\/p>\n<p data-start=\"1537\" data-end=\"1735\"><strong data-start=\"1537\" data-end=\"1552\">K\u00e4ytt\u00f6ohje:<\/strong> K\u00e4yt\u00e4 1 pipetti (1,0 ml) joka 4. viikko. Katkaise pipetin k\u00e4rki ja levit\u00e4 sis\u00e4lt\u00f6 kissan iholle kaulan alueelle korvien taakse. T\u00e4ysi vaikutus saavutetaan muutaman p\u00e4iv\u00e4n kuluttua.<\/p>\n<p data-start=\"1737\" data-end=\"2287\"><strong data-start=\"1737\" data-end=\"1752\">Varotoimet:<\/strong> \u00c4l\u00e4 k\u00e4yt\u00e4 sairailla tai toipuvilla el\u00e4imill\u00e4 tai el\u00e4imill\u00e4, joilla on laajoja iho-ongelmia. V\u00e4lt\u00e4 kosketusta silmiin ja nen\u00e4\u00e4n. Silmiin joutuessa huuhtele v\u00e4litt\u00f6m\u00e4sti runsaalla vedell\u00e4. Jos \u00e4rsytys jatkuu, ota yhteys el\u00e4inl\u00e4\u00e4k\u00e4riin. \u00c4l\u00e4 k\u00e4yt\u00e4 alle 12 viikon ik\u00e4isille pennuille. K\u00e4ytt\u00e4misen j\u00e4lkeen tarkkaile levitysaluetta s\u00e4\u00e4nn\u00f6llisesti, sill\u00e4 herkille el\u00e4imille saattaa tulla paikallista \u00e4rsytyst\u00e4. Tarvittaessa pese alue miedolla shampoolla. Pese k\u00e4det k\u00e4yt\u00f6n j\u00e4lkeen. Vain ulkoiseen k\u00e4ytt\u00f6\u00f6n. \u00c4l\u00e4 nielaise. S\u00e4ilyt\u00e4 alle 25 \u00b0C.<\/p>\n","protected":false},"featured_media":38306,"template":"","meta":[],"product_brand":[],"product_cat":[259],"product_tag":[],"class_list":{"0":"post-49130","1":"product","2":"type-product","3":"status-publish","4":"has-post-thumbnail","6":"product_cat-muut","8":"first","9":"instock","10":"taxable","11":"shipping-taxable","12":"purchasable","13":"product-type-simple"},"yoast_head":"<!-- This site is optimized with the Yoast SEO plugin v27.2 - https:\/\/yoast.com\/product\/yoast-seo-wordpress\/ -->\n<title>Beaphar loisia vastaan tarkoitetut tipat kissanpennuille - MiuMjau<\/title>\n<meta name=\"robots\" content=\"index, follow, max-snippet:-1, max-image-preview:large, max-video-preview:-1\" \/>\n<link rel=\"canonical\" href=\"https:\/\/miumjau.ee\/fi\/tuote\/beaphar-loisia-vastaan-tarkoitetut-tipat-kissanpennuille\/\" \/>\n<meta property=\"og:locale\" content=\"fi_FI\" \/>\n<meta property=\"og:type\" content=\"article\" \/>\n<meta property=\"og:title\" content=\"Beaphar loisia vastaan tarkoitetut tipat kissanpennuille - MiuMjau\" \/>\n<meta property=\"og:description\" content=\"Beaphar Vetopure Bio Spot On on tehokas kirppuja, puutiaisia ja hyttysi\u00e4 vastaan. Bio Spot On on erityisesti suunniteltu ulkoisten loisten karkottamiseen. Neste sis\u00e4lt\u00e4\u00e4 neemipuun margosauutetta, joka tunnetaan hy\u00f6nteisi\u00e4 karkottavista ominaisuuksistaan. K\u00e4ytt\u00f6ohje: K\u00e4yt\u00e4 1 pipetti (1,0 ml) joka 4. viikko. Katkaise pipetin k\u00e4rki ja levit\u00e4 sis\u00e4lt\u00f6 kissan iholle kaulan alueelle korvien taakse. T\u00e4ysi vaikutus saavutetaan muutaman p\u00e4iv\u00e4n kuluttua. Varotoimet: \u00c4l\u00e4 k\u00e4yt\u00e4 sairailla tai toipuvilla el\u00e4imill\u00e4 tai el\u00e4imill\u00e4, joilla on laajoja iho-ongelmia. V\u00e4lt\u00e4 kosketusta silmiin ja nen\u00e4\u00e4n. Silmiin joutuessa huuhtele v\u00e4litt\u00f6m\u00e4sti runsaalla vedell\u00e4. Jos \u00e4rsytys jatkuu, ota yhteys el\u00e4inl\u00e4\u00e4k\u00e4riin. \u00c4l\u00e4 k\u00e4yt\u00e4 alle 12 viikon ik\u00e4isille pennuille. K\u00e4ytt\u00e4misen j\u00e4lkeen tarkkaile levitysaluetta s\u00e4\u00e4nn\u00f6llisesti, sill\u00e4 herkille el\u00e4imille saattaa tulla paikallista \u00e4rsytyst\u00e4. Tarvittaessa pese alue miedolla shampoolla. Pese k\u00e4det k\u00e4yt\u00f6n j\u00e4lkeen. Vain ulkoiseen k\u00e4ytt\u00f6\u00f6n. \u00c4l\u00e4 nielaise. S\u00e4ilyt\u00e4 alle 25 \u00b0C.\" \/>\n<meta property=\"og:url\" content=\"https:\/\/miumjau.ee\/fi\/tuote\/beaphar-loisia-vastaan-tarkoitetut-tipat-kissanpennuille\/\" \/>\n<meta property=\"og:site_name\" content=\"MiuMjau\" \/>\n<meta property=\"article:publisher\" content=\"https:\/\/www.facebook.com\/miumjaupood\/\" \/>\n<meta property=\"article:modified_time\" content=\"2026-01-07T20:43:23+00:00\" \/>\n<meta property=\"og:image\" content=\"https:\/\/miumjau.ee\/wp-content\/uploads\/2025\/07\/beaphar-kassidele-koertele30.jpg\" \/>\n\t<meta property=\"og:image:width\" content=\"600\" \/>\n\t<meta property=\"og:image:height\" content=\"800\" \/>\n\t<meta property=\"og:image:type\" content=\"image\/jpeg\" \/>\n<meta name=\"twitter:card\" content=\"summary_large_image\" \/>\n<script type=\"application\/ld+json\" class=\"yoast-schema-graph\">{\"@context\":\"https:\/\/schema.org\",\"@graph\":[{\"@type\":\"WebPage\",\"@id\":\"https:\/\/miumjau.ee\/fi\/tuote\/beaphar-loisia-vastaan-tarkoitetut-tipat-kissanpennuille\/\",\"url\":\"https:\/\/miumjau.ee\/fi\/tuote\/beaphar-loisia-vastaan-tarkoitetut-tipat-kissanpennuille\/\",\"name\":\"Beaphar loisia vastaan tarkoitetut tipat kissanpennuille - MiuMjau\",\"isPartOf\":{\"@id\":\"https:\/\/miumjau.ee\/#website\"},\"primaryImageOfPage\":{\"@id\":\"https:\/\/miumjau.ee\/fi\/tuote\/beaphar-loisia-vastaan-tarkoitetut-tipat-kissanpennuille\/#primaryimage\"},\"image\":{\"@id\":\"https:\/\/miumjau.ee\/fi\/tuote\/beaphar-loisia-vastaan-tarkoitetut-tipat-kissanpennuille\/#primaryimage\"},\"thumbnailUrl\":\"https:\/\/miumjau.ee\/wp-content\/uploads\/2025\/07\/beaphar-kassidele-koertele30.jpg\",\"datePublished\":\"2025-07-29T12:54:40+00:00\",\"dateModified\":\"2026-01-07T20:43:23+00:00\",\"breadcrumb\":{\"@id\":\"https:\/\/miumjau.ee\/fi\/tuote\/beaphar-loisia-vastaan-tarkoitetut-tipat-kissanpennuille\/#breadcrumb\"},\"inLanguage\":\"fi\",\"potentialAction\":[{\"@type\":\"ReadAction\",\"target\":[\"https:\/\/miumjau.ee\/fi\/tuote\/beaphar-loisia-vastaan-tarkoitetut-tipat-kissanpennuille\/\"]}]},{\"@type\":\"ImageObject\",\"inLanguage\":\"fi\",\"@id\":\"https:\/\/miumjau.ee\/fi\/tuote\/beaphar-loisia-vastaan-tarkoitetut-tipat-kissanpennuille\/#primaryimage\",\"url\":\"https:\/\/miumjau.ee\/wp-content\/uploads\/2025\/07\/beaphar-kassidele-koertele30.jpg\",\"contentUrl\":\"https:\/\/miumjau.ee\/wp-content\/uploads\/2025\/07\/beaphar-kassidele-koertele30.jpg\",\"width\":600,\"height\":800,\"caption\":\"Parasiidivastased tilgad kassidele Beaphar 3x1ml\"},{\"@type\":\"BreadcrumbList\",\"@id\":\"https:\/\/miumjau.ee\/fi\/tuote\/beaphar-loisia-vastaan-tarkoitetut-tipat-kissanpennuille\/#breadcrumb\",\"itemListElement\":[{\"@type\":\"ListItem\",\"position\":1,\"name\":\"Home\",\"item\":\"https:\/\/miumjau.ee\/fi\/\"},{\"@type\":\"ListItem\",\"position\":2,\"name\":\"Kauppa\",\"item\":\"https:\/\/miumjau.ee\/fi\/kauppa\/\"},{\"@type\":\"ListItem\",\"position\":3,\"name\":\"Beaphar loisia vastaan tarkoitetut tipat kissanpennuille\"}]},{\"@type\":\"WebSite\",\"@id\":\"https:\/\/miumjau.ee\/#website\",\"url\":\"https:\/\/miumjau.ee\/\",\"name\":\"MiuMjau\",\"description\":\"Kraapimispuud kassidele\",\"publisher\":{\"@id\":\"https:\/\/miumjau.ee\/#organization\"},\"potentialAction\":[{\"@type\":\"SearchAction\",\"target\":{\"@type\":\"EntryPoint\",\"urlTemplate\":\"https:\/\/miumjau.ee\/?s={search_term_string}\"},\"query-input\":{\"@type\":\"PropertyValueSpecification\",\"valueRequired\":true,\"valueName\":\"search_term_string\"}}],\"inLanguage\":\"fi\"},{\"@type\":\"Organization\",\"@id\":\"https:\/\/miumjau.ee\/#organization\",\"name\":\"MiuMjau O\u00dc\",\"url\":\"https:\/\/miumjau.ee\/\",\"logo\":{\"@type\":\"ImageObject\",\"inLanguage\":\"fi\",\"@id\":\"https:\/\/miumjau.ee\/#\/schema\/logo\/image\/\",\"url\":\"https:\/\/miumjau.ee\/wp-content\/uploads\/2022\/04\/MiuMjau-logo-kollane.png\",\"contentUrl\":\"https:\/\/miumjau.ee\/wp-content\/uploads\/2022\/04\/MiuMjau-logo-kollane.png\",\"width\":219,\"height\":100,\"caption\":\"MiuMjau O\u00dc\"},\"image\":{\"@id\":\"https:\/\/miumjau.ee\/#\/schema\/logo\/image\/\"},\"sameAs\":[\"https:\/\/www.facebook.com\/miumjaupood\/\"]}]}<\/script>\n<!-- \/ Yoast SEO plugin. -->","yoast_head_json":{"title":"Beaphar loisia vastaan tarkoitetut tipat kissanpennuille - MiuMjau","robots":{"index":"index","follow":"follow","max-snippet":"max-snippet:-1","max-image-preview":"max-image-preview:large","max-video-preview":"max-video-preview:-1"},"canonical":"https:\/\/miumjau.ee\/fi\/tuote\/beaphar-loisia-vastaan-tarkoitetut-tipat-kissanpennuille\/","og_locale":"fi_FI","og_type":"article","og_title":"Beaphar loisia vastaan tarkoitetut tipat kissanpennuille - MiuMjau","og_description":"Beaphar Vetopure Bio Spot On on tehokas kirppuja, puutiaisia ja hyttysi\u00e4 vastaan. Bio Spot On on erityisesti suunniteltu ulkoisten loisten karkottamiseen. Neste sis\u00e4lt\u00e4\u00e4 neemipuun margosauutetta, joka tunnetaan hy\u00f6nteisi\u00e4 karkottavista ominaisuuksistaan. K\u00e4ytt\u00f6ohje: K\u00e4yt\u00e4 1 pipetti (1,0 ml) joka 4. viikko. Katkaise pipetin k\u00e4rki ja levit\u00e4 sis\u00e4lt\u00f6 kissan iholle kaulan alueelle korvien taakse. T\u00e4ysi vaikutus saavutetaan muutaman p\u00e4iv\u00e4n kuluttua. Varotoimet: \u00c4l\u00e4 k\u00e4yt\u00e4 sairailla tai toipuvilla el\u00e4imill\u00e4 tai el\u00e4imill\u00e4, joilla on laajoja iho-ongelmia. V\u00e4lt\u00e4 kosketusta silmiin ja nen\u00e4\u00e4n. Silmiin joutuessa huuhtele v\u00e4litt\u00f6m\u00e4sti runsaalla vedell\u00e4. Jos \u00e4rsytys jatkuu, ota yhteys el\u00e4inl\u00e4\u00e4k\u00e4riin. \u00c4l\u00e4 k\u00e4yt\u00e4 alle 12 viikon ik\u00e4isille pennuille. K\u00e4ytt\u00e4misen j\u00e4lkeen tarkkaile levitysaluetta s\u00e4\u00e4nn\u00f6llisesti, sill\u00e4 herkille el\u00e4imille saattaa tulla paikallista \u00e4rsytyst\u00e4. Tarvittaessa pese alue miedolla shampoolla. Pese k\u00e4det k\u00e4yt\u00f6n j\u00e4lkeen. Vain ulkoiseen k\u00e4ytt\u00f6\u00f6n. \u00c4l\u00e4 nielaise. S\u00e4ilyt\u00e4 alle 25 \u00b0C.","og_url":"https:\/\/miumjau.ee\/fi\/tuote\/beaphar-loisia-vastaan-tarkoitetut-tipat-kissanpennuille\/","og_site_name":"MiuMjau","article_publisher":"https:\/\/www.facebook.com\/miumjaupood\/","article_modified_time":"2026-01-07T20:43:23+00:00","og_image":[{"width":600,"height":800,"url":"https:\/\/miumjau.ee\/wp-content\/uploads\/2025\/07\/beaphar-kassidele-koertele30.jpg","type":"image\/jpeg"}],"twitter_card":"summary_large_image","schema":{"@context":"https:\/\/schema.org","@graph":[{"@type":"WebPage","@id":"https:\/\/miumjau.ee\/fi\/tuote\/beaphar-loisia-vastaan-tarkoitetut-tipat-kissanpennuille\/","url":"https:\/\/miumjau.ee\/fi\/tuote\/beaphar-loisia-vastaan-tarkoitetut-tipat-kissanpennuille\/","name":"Beaphar loisia vastaan tarkoitetut tipat kissanpennuille - MiuMjau","isPartOf":{"@id":"https:\/\/miumjau.ee\/#website"},"primaryImageOfPage":{"@id":"https:\/\/miumjau.ee\/fi\/tuote\/beaphar-loisia-vastaan-tarkoitetut-tipat-kissanpennuille\/#primaryimage"},"image":{"@id":"https:\/\/miumjau.ee\/fi\/tuote\/beaphar-loisia-vastaan-tarkoitetut-tipat-kissanpennuille\/#primaryimage"},"thumbnailUrl":"https:\/\/miumjau.ee\/wp-content\/uploads\/2025\/07\/beaphar-kassidele-koertele30.jpg","datePublished":"2025-07-29T12:54:40+00:00","dateModified":"2026-01-07T20:43:23+00:00","breadcrumb":{"@id":"https:\/\/miumjau.ee\/fi\/tuote\/beaphar-loisia-vastaan-tarkoitetut-tipat-kissanpennuille\/#breadcrumb"},"inLanguage":"fi","potentialAction":[{"@type":"ReadAction","target":["https:\/\/miumjau.ee\/fi\/tuote\/beaphar-loisia-vastaan-tarkoitetut-tipat-kissanpennuille\/"]}]},{"@type":"ImageObject","inLanguage":"fi","@id":"https:\/\/miumjau.ee\/fi\/tuote\/beaphar-loisia-vastaan-tarkoitetut-tipat-kissanpennuille\/#primaryimage","url":"https:\/\/miumjau.ee\/wp-content\/uploads\/2025\/07\/beaphar-kassidele-koertele30.jpg","contentUrl":"https:\/\/miumjau.ee\/wp-content\/uploads\/2025\/07\/beaphar-kassidele-koertele30.jpg","width":600,"height":800,"caption":"Parasiidivastased tilgad kassidele Beaphar 3x1ml"},{"@type":"BreadcrumbList","@id":"https:\/\/miumjau.ee\/fi\/tuote\/beaphar-loisia-vastaan-tarkoitetut-tipat-kissanpennuille\/#breadcrumb","itemListElement":[{"@type":"ListItem","position":1,"name":"Home","item":"https:\/\/miumjau.ee\/fi\/"},{"@type":"ListItem","position":2,"name":"Kauppa","item":"https:\/\/miumjau.ee\/fi\/kauppa\/"},{"@type":"ListItem","position":3,"name":"Beaphar loisia vastaan tarkoitetut tipat kissanpennuille"}]},{"@type":"WebSite","@id":"https:\/\/miumjau.ee\/#website","url":"https:\/\/miumjau.ee\/","name":"MiuMjau","description":"Kraapimispuud kassidele","publisher":{"@id":"https:\/\/miumjau.ee\/#organization"},"potentialAction":[{"@type":"SearchAction","target":{"@type":"EntryPoint","urlTemplate":"https:\/\/miumjau.ee\/?s={search_term_string}"},"query-input":{"@type":"PropertyValueSpecification","valueRequired":true,"valueName":"search_term_string"}}],"inLanguage":"fi"},{"@type":"Organization","@id":"https:\/\/miumjau.ee\/#organization","name":"MiuMjau O\u00dc","url":"https:\/\/miumjau.ee\/","logo":{"@type":"ImageObject","inLanguage":"fi","@id":"https:\/\/miumjau.ee\/#\/schema\/logo\/image\/","url":"https:\/\/miumjau.ee\/wp-content\/uploads\/2022\/04\/MiuMjau-logo-kollane.png","contentUrl":"https:\/\/miumjau.ee\/wp-content\/uploads\/2022\/04\/MiuMjau-logo-kollane.png","width":219,"height":100,"caption":"MiuMjau O\u00dc"},"image":{"@id":"https:\/\/miumjau.ee\/#\/schema\/logo\/image\/"},"sameAs":["https:\/\/www.facebook.com\/miumjaupood\/"]}]}},"_links":{"self":[{"href":"https:\/\/miumjau.ee\/fi\/wp-json\/wp\/v2\/product\/49130","targetHints":{"allow":["GET"]}}],"collection":[{"href":"https:\/\/miumjau.ee\/fi\/wp-json\/wp\/v2\/product"}],"about":[{"href":"https:\/\/miumjau.ee\/fi\/wp-json\/wp\/v2\/types\/product"}],"wp:featuredmedia":[{"embeddable":true,"href":"https:\/\/miumjau.ee\/fi\/wp-json\/wp\/v2\/media\/38306"}],"wp:attachment":[{"href":"https:\/\/miumjau.ee\/fi\/wp-json\/wp\/v2\/media?parent=49130"}],"wp:term":[{"taxonomy":"product_brand","embeddable":true,"href":"https:\/\/miumjau.ee\/fi\/wp-json\/wp\/v2\/product_brand?post=49130"},{"taxonomy":"product_cat","embeddable":true,"href":"https:\/\/miumjau.ee\/fi\/wp-json\/wp\/v2\/product_cat?post=49130"},{"taxonomy":"product_tag","embeddable":true,"href":"https:\/\/miumjau.ee\/fi\/wp-json\/wp\/v2\/product_tag?post=49130"}],"curies":[{"name":"wp","href":"https:\/\/api.w.org\/{rel}","templated":true}]}}