{"id":49124,"date":"2025-07-29T15:19:46","date_gmt":"2025-07-29T12:19:46","guid":{"rendered":"https:\/\/miumjau.ee\/toode\/beaphar-loisia-vastaan-tarkoitettu-tipat-kissoille-3x1-ml\/"},"modified":"2026-01-07T22:43:23","modified_gmt":"2026-01-07T20:43:23","slug":"beaphar-loisia-vastaan-tarkoitettu-tipat-kissoille-3x1-ml","status":"publish","type":"product","link":"https:\/\/miumjau.ee\/fi\/tuote\/beaphar-loisia-vastaan-tarkoitettu-tipat-kissoille-3x1-ml\/","title":{"rendered":"Beaphar loisia vastaan tarkoitettu tipat kissoille 3&#215;1 ml"},"content":{"rendered":"","protected":false},"excerpt":{"rendered":"<p data-start=\"1357\" data-end=\"1512\">Beaphar <strong data-start=\"1365\" data-end=\"1392\">IMMO SHIELD LINE-ON CAT<\/strong> tipat dimetikoonilla kissoille (1\u201310 kg), 3 x 1 ml.<br data-start=\"1444\" data-end=\"1447\" \/>Lamaannuttaa ulkoiset loiset mekaanisella vaikutusmekanismilla.<\/p>\n<p data-start=\"1514\" data-end=\"1980\"><strong data-start=\"1514\" data-end=\"1528\">Ainesosat:<\/strong> Dimetikoni 474 g\/l, aloe 5 g\/l, hajuste 10 g\/l. Myrkyt\u00f6n. Ei-allergisoiva. Nopea vaikutus. Ei aiheuta riippuvuutta. Immobilisoi hy\u00f6nteisi\u00e4. Tehokas loisia vastaan kaikissa kehitysvaiheissa. Neutraloi kirput, puutiaiset, hyttyset, t\u00e4it ja hietak\u00e4rp\u00e4set mekaanisesti. Dimetikoni muodostaa pinnoitteen, joka est\u00e4\u00e4 loisten nivelten liikkumisen ja toimii tahmeana ansana. Toimii kaikissa kirpun elinkaaren vaiheissa. Ei sis\u00e4ll\u00e4 kemiallisia insektisidej\u00e4.<\/p>\n<p data-start=\"1982\" data-end=\"2139\"><strong data-start=\"1982\" data-end=\"1997\">K\u00e4ytt\u00f6ohje:<\/strong> Pid\u00e4 pipetti pystyasennossa ja katkaise k\u00e4rki. Levit\u00e4 pipetin sis\u00e4lt\u00f6 sel\u00e4n p\u00e4\u00e4lle kaulasta h\u00e4nt\u00e4\u00e4n. Tarvittaessa toista 4 viikon kuluttua.<\/p>\n<p data-start=\"2141\" data-end=\"2368\"><strong data-start=\"2141\" data-end=\"2157\">Varoitukset:<\/strong> Vain ulkoiseen k\u00e4ytt\u00f6\u00f6n. \u00c4l\u00e4 k\u00e4yt\u00e4 vaurioituneelle iholle. V\u00e4lt\u00e4 kosketusta silmiin. Silmiin joutuessa huuhtele vedell\u00e4. \u00c4l\u00e4 k\u00e4yt\u00e4 tiineyden tai imetyksen aikana. \u00c4l\u00e4 k\u00e4yt\u00e4 alle 12 viikon ik\u00e4isille pennuille.<\/p>\n<p data-start=\"2370\" data-end=\"2411\"><strong data-start=\"2370\" data-end=\"2385\">Valmistaja:<\/strong> Beaphar BV, Alankomaat.<\/p>\n","protected":false},"featured_media":38278,"template":"","meta":[],"product_brand":[],"product_cat":[259],"product_tag":[],"class_list":{"0":"post-49124","1":"product","2":"type-product","3":"status-publish","4":"has-post-thumbnail","6":"product_cat-muut","8":"first","9":"instock","10":"taxable","11":"shipping-taxable","12":"purchasable","13":"product-type-simple"},"yoast_head":"<!-- This site is optimized with the Yoast SEO plugin v27.2 - https:\/\/yoast.com\/product\/yoast-seo-wordpress\/ -->\n<title>Beaphar loisia vastaan tarkoitettu tipat kissoille 3x1 ml - MiuMjau<\/title>\n<meta name=\"robots\" content=\"index, follow, max-snippet:-1, max-image-preview:large, max-video-preview:-1\" \/>\n<link rel=\"canonical\" href=\"https:\/\/miumjau.ee\/fi\/tuote\/beaphar-loisia-vastaan-tarkoitettu-tipat-kissoille-3x1-ml\/\" \/>\n<meta property=\"og:locale\" content=\"fi_FI\" \/>\n<meta property=\"og:type\" content=\"article\" \/>\n<meta property=\"og:title\" content=\"Beaphar loisia vastaan tarkoitettu tipat kissoille 3x1 ml - MiuMjau\" \/>\n<meta property=\"og:description\" content=\"Beaphar IMMO SHIELD LINE-ON CAT tipat dimetikoonilla kissoille (1\u201310 kg), 3 x 1 ml.Lamaannuttaa ulkoiset loiset mekaanisella vaikutusmekanismilla. Ainesosat: Dimetikoni 474 g\/l, aloe 5 g\/l, hajuste 10 g\/l. Myrkyt\u00f6n. Ei-allergisoiva. Nopea vaikutus. Ei aiheuta riippuvuutta. Immobilisoi hy\u00f6nteisi\u00e4. Tehokas loisia vastaan kaikissa kehitysvaiheissa. Neutraloi kirput, puutiaiset, hyttyset, t\u00e4it ja hietak\u00e4rp\u00e4set mekaanisesti. Dimetikoni muodostaa pinnoitteen, joka est\u00e4\u00e4 loisten nivelten liikkumisen ja toimii tahmeana ansana. Toimii kaikissa kirpun elinkaaren vaiheissa. Ei sis\u00e4ll\u00e4 kemiallisia insektisidej\u00e4. K\u00e4ytt\u00f6ohje: Pid\u00e4 pipetti pystyasennossa ja katkaise k\u00e4rki. Levit\u00e4 pipetin sis\u00e4lt\u00f6 sel\u00e4n p\u00e4\u00e4lle kaulasta h\u00e4nt\u00e4\u00e4n. Tarvittaessa toista 4 viikon kuluttua. Varoitukset: Vain ulkoiseen k\u00e4ytt\u00f6\u00f6n. \u00c4l\u00e4 k\u00e4yt\u00e4 vaurioituneelle iholle. V\u00e4lt\u00e4 kosketusta silmiin. Silmiin joutuessa huuhtele vedell\u00e4. \u00c4l\u00e4 k\u00e4yt\u00e4 tiineyden tai imetyksen aikana. \u00c4l\u00e4 k\u00e4yt\u00e4 alle 12 viikon ik\u00e4isille pennuille. Valmistaja: Beaphar BV, Alankomaat.\" \/>\n<meta property=\"og:url\" content=\"https:\/\/miumjau.ee\/fi\/tuote\/beaphar-loisia-vastaan-tarkoitettu-tipat-kissoille-3x1-ml\/\" \/>\n<meta property=\"og:site_name\" content=\"MiuMjau\" \/>\n<meta property=\"article:publisher\" content=\"https:\/\/www.facebook.com\/miumjaupood\/\" \/>\n<meta property=\"article:modified_time\" content=\"2026-01-07T20:43:23+00:00\" \/>\n<meta property=\"og:image\" content=\"https:\/\/miumjau.ee\/wp-content\/uploads\/2025\/07\/beaphar-kassidele-koertele23.jpg\" \/>\n\t<meta property=\"og:image:width\" content=\"600\" \/>\n\t<meta property=\"og:image:height\" content=\"800\" \/>\n\t<meta property=\"og:image:type\" content=\"image\/jpeg\" \/>\n<meta name=\"twitter:card\" content=\"summary_large_image\" \/>\n<script type=\"application\/ld+json\" class=\"yoast-schema-graph\">{\"@context\":\"https:\/\/schema.org\",\"@graph\":[{\"@type\":\"WebPage\",\"@id\":\"https:\/\/miumjau.ee\/fi\/tuote\/beaphar-loisia-vastaan-tarkoitettu-tipat-kissoille-3x1-ml\/\",\"url\":\"https:\/\/miumjau.ee\/fi\/tuote\/beaphar-loisia-vastaan-tarkoitettu-tipat-kissoille-3x1-ml\/\",\"name\":\"Beaphar loisia vastaan tarkoitettu tipat kissoille 3x1 ml - MiuMjau\",\"isPartOf\":{\"@id\":\"https:\/\/miumjau.ee\/#website\"},\"primaryImageOfPage\":{\"@id\":\"https:\/\/miumjau.ee\/fi\/tuote\/beaphar-loisia-vastaan-tarkoitettu-tipat-kissoille-3x1-ml\/#primaryimage\"},\"image\":{\"@id\":\"https:\/\/miumjau.ee\/fi\/tuote\/beaphar-loisia-vastaan-tarkoitettu-tipat-kissoille-3x1-ml\/#primaryimage\"},\"thumbnailUrl\":\"https:\/\/miumjau.ee\/wp-content\/uploads\/2025\/07\/beaphar-kassidele-koertele23.jpg\",\"datePublished\":\"2025-07-29T12:19:46+00:00\",\"dateModified\":\"2026-01-07T20:43:23+00:00\",\"breadcrumb\":{\"@id\":\"https:\/\/miumjau.ee\/fi\/tuote\/beaphar-loisia-vastaan-tarkoitettu-tipat-kissoille-3x1-ml\/#breadcrumb\"},\"inLanguage\":\"fi\",\"potentialAction\":[{\"@type\":\"ReadAction\",\"target\":[\"https:\/\/miumjau.ee\/fi\/tuote\/beaphar-loisia-vastaan-tarkoitettu-tipat-kissoille-3x1-ml\/\"]}]},{\"@type\":\"ImageObject\",\"inLanguage\":\"fi\",\"@id\":\"https:\/\/miumjau.ee\/fi\/tuote\/beaphar-loisia-vastaan-tarkoitettu-tipat-kissoille-3x1-ml\/#primaryimage\",\"url\":\"https:\/\/miumjau.ee\/wp-content\/uploads\/2025\/07\/beaphar-kassidele-koertele23.jpg\",\"contentUrl\":\"https:\/\/miumjau.ee\/wp-content\/uploads\/2025\/07\/beaphar-kassidele-koertele23.jpg\",\"width\":600,\"height\":800,\"caption\":\"Parasiidivastased tilgad kassidele Beaphar 3x1ml\"},{\"@type\":\"BreadcrumbList\",\"@id\":\"https:\/\/miumjau.ee\/fi\/tuote\/beaphar-loisia-vastaan-tarkoitettu-tipat-kissoille-3x1-ml\/#breadcrumb\",\"itemListElement\":[{\"@type\":\"ListItem\",\"position\":1,\"name\":\"Home\",\"item\":\"https:\/\/miumjau.ee\/fi\/\"},{\"@type\":\"ListItem\",\"position\":2,\"name\":\"Kauppa\",\"item\":\"https:\/\/miumjau.ee\/fi\/kauppa\/\"},{\"@type\":\"ListItem\",\"position\":3,\"name\":\"Beaphar loisia vastaan tarkoitettu tipat kissoille 3&#215;1 ml\"}]},{\"@type\":\"WebSite\",\"@id\":\"https:\/\/miumjau.ee\/#website\",\"url\":\"https:\/\/miumjau.ee\/\",\"name\":\"MiuMjau\",\"description\":\"Kraapimispuud kassidele\",\"publisher\":{\"@id\":\"https:\/\/miumjau.ee\/#organization\"},\"potentialAction\":[{\"@type\":\"SearchAction\",\"target\":{\"@type\":\"EntryPoint\",\"urlTemplate\":\"https:\/\/miumjau.ee\/?s={search_term_string}\"},\"query-input\":{\"@type\":\"PropertyValueSpecification\",\"valueRequired\":true,\"valueName\":\"search_term_string\"}}],\"inLanguage\":\"fi\"},{\"@type\":\"Organization\",\"@id\":\"https:\/\/miumjau.ee\/#organization\",\"name\":\"MiuMjau O\u00dc\",\"url\":\"https:\/\/miumjau.ee\/\",\"logo\":{\"@type\":\"ImageObject\",\"inLanguage\":\"fi\",\"@id\":\"https:\/\/miumjau.ee\/#\/schema\/logo\/image\/\",\"url\":\"https:\/\/miumjau.ee\/wp-content\/uploads\/2022\/04\/MiuMjau-logo-kollane.png\",\"contentUrl\":\"https:\/\/miumjau.ee\/wp-content\/uploads\/2022\/04\/MiuMjau-logo-kollane.png\",\"width\":219,\"height\":100,\"caption\":\"MiuMjau O\u00dc\"},\"image\":{\"@id\":\"https:\/\/miumjau.ee\/#\/schema\/logo\/image\/\"},\"sameAs\":[\"https:\/\/www.facebook.com\/miumjaupood\/\"]}]}<\/script>\n<!-- \/ Yoast SEO plugin. -->","yoast_head_json":{"title":"Beaphar loisia vastaan tarkoitettu tipat kissoille 3x1 ml - MiuMjau","robots":{"index":"index","follow":"follow","max-snippet":"max-snippet:-1","max-image-preview":"max-image-preview:large","max-video-preview":"max-video-preview:-1"},"canonical":"https:\/\/miumjau.ee\/fi\/tuote\/beaphar-loisia-vastaan-tarkoitettu-tipat-kissoille-3x1-ml\/","og_locale":"fi_FI","og_type":"article","og_title":"Beaphar loisia vastaan tarkoitettu tipat kissoille 3x1 ml - MiuMjau","og_description":"Beaphar IMMO SHIELD LINE-ON CAT tipat dimetikoonilla kissoille (1\u201310 kg), 3 x 1 ml.Lamaannuttaa ulkoiset loiset mekaanisella vaikutusmekanismilla. Ainesosat: Dimetikoni 474 g\/l, aloe 5 g\/l, hajuste 10 g\/l. Myrkyt\u00f6n. Ei-allergisoiva. Nopea vaikutus. Ei aiheuta riippuvuutta. Immobilisoi hy\u00f6nteisi\u00e4. Tehokas loisia vastaan kaikissa kehitysvaiheissa. Neutraloi kirput, puutiaiset, hyttyset, t\u00e4it ja hietak\u00e4rp\u00e4set mekaanisesti. Dimetikoni muodostaa pinnoitteen, joka est\u00e4\u00e4 loisten nivelten liikkumisen ja toimii tahmeana ansana. Toimii kaikissa kirpun elinkaaren vaiheissa. Ei sis\u00e4ll\u00e4 kemiallisia insektisidej\u00e4. K\u00e4ytt\u00f6ohje: Pid\u00e4 pipetti pystyasennossa ja katkaise k\u00e4rki. Levit\u00e4 pipetin sis\u00e4lt\u00f6 sel\u00e4n p\u00e4\u00e4lle kaulasta h\u00e4nt\u00e4\u00e4n. Tarvittaessa toista 4 viikon kuluttua. Varoitukset: Vain ulkoiseen k\u00e4ytt\u00f6\u00f6n. \u00c4l\u00e4 k\u00e4yt\u00e4 vaurioituneelle iholle. V\u00e4lt\u00e4 kosketusta silmiin. Silmiin joutuessa huuhtele vedell\u00e4. \u00c4l\u00e4 k\u00e4yt\u00e4 tiineyden tai imetyksen aikana. \u00c4l\u00e4 k\u00e4yt\u00e4 alle 12 viikon ik\u00e4isille pennuille. Valmistaja: Beaphar BV, Alankomaat.","og_url":"https:\/\/miumjau.ee\/fi\/tuote\/beaphar-loisia-vastaan-tarkoitettu-tipat-kissoille-3x1-ml\/","og_site_name":"MiuMjau","article_publisher":"https:\/\/www.facebook.com\/miumjaupood\/","article_modified_time":"2026-01-07T20:43:23+00:00","og_image":[{"width":600,"height":800,"url":"https:\/\/miumjau.ee\/wp-content\/uploads\/2025\/07\/beaphar-kassidele-koertele23.jpg","type":"image\/jpeg"}],"twitter_card":"summary_large_image","schema":{"@context":"https:\/\/schema.org","@graph":[{"@type":"WebPage","@id":"https:\/\/miumjau.ee\/fi\/tuote\/beaphar-loisia-vastaan-tarkoitettu-tipat-kissoille-3x1-ml\/","url":"https:\/\/miumjau.ee\/fi\/tuote\/beaphar-loisia-vastaan-tarkoitettu-tipat-kissoille-3x1-ml\/","name":"Beaphar loisia vastaan tarkoitettu tipat kissoille 3x1 ml - MiuMjau","isPartOf":{"@id":"https:\/\/miumjau.ee\/#website"},"primaryImageOfPage":{"@id":"https:\/\/miumjau.ee\/fi\/tuote\/beaphar-loisia-vastaan-tarkoitettu-tipat-kissoille-3x1-ml\/#primaryimage"},"image":{"@id":"https:\/\/miumjau.ee\/fi\/tuote\/beaphar-loisia-vastaan-tarkoitettu-tipat-kissoille-3x1-ml\/#primaryimage"},"thumbnailUrl":"https:\/\/miumjau.ee\/wp-content\/uploads\/2025\/07\/beaphar-kassidele-koertele23.jpg","datePublished":"2025-07-29T12:19:46+00:00","dateModified":"2026-01-07T20:43:23+00:00","breadcrumb":{"@id":"https:\/\/miumjau.ee\/fi\/tuote\/beaphar-loisia-vastaan-tarkoitettu-tipat-kissoille-3x1-ml\/#breadcrumb"},"inLanguage":"fi","potentialAction":[{"@type":"ReadAction","target":["https:\/\/miumjau.ee\/fi\/tuote\/beaphar-loisia-vastaan-tarkoitettu-tipat-kissoille-3x1-ml\/"]}]},{"@type":"ImageObject","inLanguage":"fi","@id":"https:\/\/miumjau.ee\/fi\/tuote\/beaphar-loisia-vastaan-tarkoitettu-tipat-kissoille-3x1-ml\/#primaryimage","url":"https:\/\/miumjau.ee\/wp-content\/uploads\/2025\/07\/beaphar-kassidele-koertele23.jpg","contentUrl":"https:\/\/miumjau.ee\/wp-content\/uploads\/2025\/07\/beaphar-kassidele-koertele23.jpg","width":600,"height":800,"caption":"Parasiidivastased tilgad kassidele Beaphar 3x1ml"},{"@type":"BreadcrumbList","@id":"https:\/\/miumjau.ee\/fi\/tuote\/beaphar-loisia-vastaan-tarkoitettu-tipat-kissoille-3x1-ml\/#breadcrumb","itemListElement":[{"@type":"ListItem","position":1,"name":"Home","item":"https:\/\/miumjau.ee\/fi\/"},{"@type":"ListItem","position":2,"name":"Kauppa","item":"https:\/\/miumjau.ee\/fi\/kauppa\/"},{"@type":"ListItem","position":3,"name":"Beaphar loisia vastaan tarkoitettu tipat kissoille 3&#215;1 ml"}]},{"@type":"WebSite","@id":"https:\/\/miumjau.ee\/#website","url":"https:\/\/miumjau.ee\/","name":"MiuMjau","description":"Kraapimispuud kassidele","publisher":{"@id":"https:\/\/miumjau.ee\/#organization"},"potentialAction":[{"@type":"SearchAction","target":{"@type":"EntryPoint","urlTemplate":"https:\/\/miumjau.ee\/?s={search_term_string}"},"query-input":{"@type":"PropertyValueSpecification","valueRequired":true,"valueName":"search_term_string"}}],"inLanguage":"fi"},{"@type":"Organization","@id":"https:\/\/miumjau.ee\/#organization","name":"MiuMjau O\u00dc","url":"https:\/\/miumjau.ee\/","logo":{"@type":"ImageObject","inLanguage":"fi","@id":"https:\/\/miumjau.ee\/#\/schema\/logo\/image\/","url":"https:\/\/miumjau.ee\/wp-content\/uploads\/2022\/04\/MiuMjau-logo-kollane.png","contentUrl":"https:\/\/miumjau.ee\/wp-content\/uploads\/2022\/04\/MiuMjau-logo-kollane.png","width":219,"height":100,"caption":"MiuMjau O\u00dc"},"image":{"@id":"https:\/\/miumjau.ee\/#\/schema\/logo\/image\/"},"sameAs":["https:\/\/www.facebook.com\/miumjaupood\/"]}]}},"_links":{"self":[{"href":"https:\/\/miumjau.ee\/fi\/wp-json\/wp\/v2\/product\/49124","targetHints":{"allow":["GET"]}}],"collection":[{"href":"https:\/\/miumjau.ee\/fi\/wp-json\/wp\/v2\/product"}],"about":[{"href":"https:\/\/miumjau.ee\/fi\/wp-json\/wp\/v2\/types\/product"}],"wp:featuredmedia":[{"embeddable":true,"href":"https:\/\/miumjau.ee\/fi\/wp-json\/wp\/v2\/media\/38278"}],"wp:attachment":[{"href":"https:\/\/miumjau.ee\/fi\/wp-json\/wp\/v2\/media?parent=49124"}],"wp:term":[{"taxonomy":"product_brand","embeddable":true,"href":"https:\/\/miumjau.ee\/fi\/wp-json\/wp\/v2\/product_brand?post=49124"},{"taxonomy":"product_cat","embeddable":true,"href":"https:\/\/miumjau.ee\/fi\/wp-json\/wp\/v2\/product_cat?post=49124"},{"taxonomy":"product_tag","embeddable":true,"href":"https:\/\/miumjau.ee\/fi\/wp-json\/wp\/v2\/product_tag?post=49124"}],"curies":[{"name":"wp","href":"https:\/\/api.w.org\/{rel}","templated":true}]}}