{"id":49118,"date":"2025-07-29T15:06:37","date_gmt":"2025-07-29T12:06:37","guid":{"rendered":"https:\/\/miumjau.ee\/toode\/beaphar-bio-band-plus-hyonteiskarkotinkaulapanta-kissoille-35-cm\/"},"modified":"2026-01-07T22:43:23","modified_gmt":"2026-01-07T20:43:23","slug":"beaphar-bio-band-plus-hyonteiskarkotinkaulapanta-kissoille-35-cm","status":"publish","type":"product","link":"https:\/\/miumjau.ee\/fi\/tuote\/beaphar-bio-band-plus-hyonteiskarkotinkaulapanta-kissoille-35-cm\/","title":{"rendered":"Beaphar Bio Band Plus hy\u00f6nteiskarkotinkaulapanta kissoille 35 cm"},"content":{"rendered":"","protected":false},"excerpt":{"rendered":"<p data-start=\"1914\" data-end=\"2250\">Bio Band hy\u00f6nteiskarkotinkaulapanta sopii kissoille 12 viikon i\u00e4st\u00e4 alkaen. Vaikuttavat aineet levi\u00e4v\u00e4t turkkiin ja karkottavat verta imevi\u00e4 hy\u00f6nteisi\u00e4 (kirput, hyttyset ja punkit). Lis\u00e4ksi kaulapanta antaa lemmikille miellytt\u00e4v\u00e4n, raikkaan tuoksun. Pannan pituus on yksil\u00f6llisesti s\u00e4\u00e4dett\u00e4viss\u00e4, enimm\u00e4ispituus 35 cm. Teho 4 kuukautta.<\/p>\n<p data-start=\"2252\" data-end=\"2321\"><strong data-start=\"2252\" data-end=\"2275\">Vaikuttavat aineet:<\/strong> Neem-uute 20,4 g\/kg, lavandin \u00f6ljy 15,3 g\/kg.<\/p>\n<p data-start=\"2323\" data-end=\"2610\"><strong data-start=\"2323\" data-end=\"2338\">K\u00e4ytt\u00f6ohje:<\/strong> Avaa pakkaus juuri ennen k\u00e4ytt\u00f6\u00e4 ja kiinnit\u00e4 panta l\u00f6yh\u00e4sti kissan kaulan ymp\u00e4rille. Kahden sormen tulee mahtua pannan ja kaulan v\u00e4liin. Leikkaa ylim\u00e4\u00e4r\u00e4inen osa pois soljen takaa. Kasvavilla el\u00e4imill\u00e4 s\u00e4\u00e4d\u00e4 panta kasvun mukaan. Panta saavuttaa t\u00e4yden tehon 5\u20137 p\u00e4iv\u00e4ss\u00e4.<\/p>\n<p data-start=\"2612\" data-end=\"2702\"><strong data-start=\"2612\" data-end=\"2628\">Varoitukset:<\/strong> Sis\u00e4lt\u00e4\u00e4 linaloolia ja lavandin \u00f6ljy\u00e4. Voi aiheuttaa allergisen reaktion.<\/p>\n<p data-start=\"2704\" data-end=\"2836\"><strong data-start=\"2704\" data-end=\"2724\">Sivuvaikutukset:<\/strong> Eritt\u00e4in herkille el\u00e4imille ja ihmisille kontakti valmisteeseen voi aiheuttaa iho\u00e4rsytyst\u00e4\/allergisen reaktion.<\/p>\n<p data-start=\"2838\" data-end=\"2852\"><strong data-start=\"2838\" data-end=\"2850\">Ensiapu:<\/strong><\/p>\n<ul data-start=\"2853\" data-end=\"3280\">\n<li data-start=\"2853\" data-end=\"2902\">\n<p data-start=\"2855\" data-end=\"2902\">Iholle: Pese runsaalla saippualla ja vedell\u00e4.<\/p>\n<\/li>\n<li data-start=\"2903\" data-end=\"2969\">\n<p data-start=\"2905\" data-end=\"2969\">Silmiin: Huuhtele v\u00e4litt\u00f6m\u00e4sti vedell\u00e4 v\u00e4hint\u00e4\u00e4n 10 minuuttia.<\/p>\n<\/li>\n<li data-start=\"2970\" data-end=\"3128\">\n<p data-start=\"2972\" data-end=\"3128\">Nielt\u00e4ess\u00e4: Aiheuta oksentaminen. Ota v\u00e4litt\u00f6m\u00e4sti yhteys l\u00e4\u00e4k\u00e4riin ja n\u00e4yt\u00e4 pakkaus tai etiketti. Anna aktiivihiilen vesiliuos tai nestem\u00e4inen parafiini.<\/p>\n<\/li>\n<li data-start=\"3129\" data-end=\"3280\">\n<p data-start=\"3131\" data-end=\"3280\">Hengitettyn\u00e4: Tuulettaa tilat. Tapaturman sattuessa siirr\u00e4 altistunut raittiiseen ilmaan ja aseta makuuasentoon. Hakeudu l\u00e4\u00e4k\u00e4riin, jos olo huononee.<\/p>\n<\/li>\n<\/ul>\n<p data-start=\"3282\" data-end=\"3364\"><strong data-start=\"3282\" data-end=\"3298\">Turvaohjeet:<\/strong> K\u00e4sittele turvallisuusvaatimusten mukaisesti. Sis\u00e4lt\u00e4\u00e4 biotsidin.<\/p>\n","protected":false},"featured_media":38290,"template":"","meta":[],"product_brand":[],"product_cat":[259],"product_tag":[],"class_list":{"0":"post-49118","1":"product","2":"type-product","3":"status-publish","4":"has-post-thumbnail","6":"product_cat-muut","8":"first","9":"instock","10":"taxable","11":"shipping-taxable","12":"purchasable","13":"product-type-simple"},"yoast_head":"<!-- This site is optimized with the Yoast SEO plugin v27.2 - https:\/\/yoast.com\/product\/yoast-seo-wordpress\/ -->\n<title>Beaphar Bio Band Plus hy\u00f6nteiskarkotinkaulapanta kissoille 35 cm - MiuMjau<\/title>\n<meta name=\"robots\" content=\"index, follow, max-snippet:-1, max-image-preview:large, max-video-preview:-1\" \/>\n<link rel=\"canonical\" href=\"https:\/\/miumjau.ee\/fi\/tuote\/beaphar-bio-band-plus-hyonteiskarkotinkaulapanta-kissoille-35-cm\/\" \/>\n<meta property=\"og:locale\" content=\"fi_FI\" \/>\n<meta property=\"og:type\" content=\"article\" \/>\n<meta property=\"og:title\" content=\"Beaphar Bio Band Plus hy\u00f6nteiskarkotinkaulapanta kissoille 35 cm - MiuMjau\" \/>\n<meta property=\"og:description\" content=\"Bio Band hy\u00f6nteiskarkotinkaulapanta sopii kissoille 12 viikon i\u00e4st\u00e4 alkaen. Vaikuttavat aineet levi\u00e4v\u00e4t turkkiin ja karkottavat verta imevi\u00e4 hy\u00f6nteisi\u00e4 (kirput, hyttyset ja punkit). Lis\u00e4ksi kaulapanta antaa lemmikille miellytt\u00e4v\u00e4n, raikkaan tuoksun. Pannan pituus on yksil\u00f6llisesti s\u00e4\u00e4dett\u00e4viss\u00e4, enimm\u00e4ispituus 35 cm. Teho 4 kuukautta. Vaikuttavat aineet: Neem-uute 20,4 g\/kg, lavandin \u00f6ljy 15,3 g\/kg. K\u00e4ytt\u00f6ohje: Avaa pakkaus juuri ennen k\u00e4ytt\u00f6\u00e4 ja kiinnit\u00e4 panta l\u00f6yh\u00e4sti kissan kaulan ymp\u00e4rille. Kahden sormen tulee mahtua pannan ja kaulan v\u00e4liin. Leikkaa ylim\u00e4\u00e4r\u00e4inen osa pois soljen takaa. Kasvavilla el\u00e4imill\u00e4 s\u00e4\u00e4d\u00e4 panta kasvun mukaan. Panta saavuttaa t\u00e4yden tehon 5\u20137 p\u00e4iv\u00e4ss\u00e4. Varoitukset: Sis\u00e4lt\u00e4\u00e4 linaloolia ja lavandin \u00f6ljy\u00e4. Voi aiheuttaa allergisen reaktion. Sivuvaikutukset: Eritt\u00e4in herkille el\u00e4imille ja ihmisille kontakti valmisteeseen voi aiheuttaa iho\u00e4rsytyst\u00e4\/allergisen reaktion. Ensiapu:     Iholle: Pese runsaalla saippualla ja vedell\u00e4.    Silmiin: Huuhtele v\u00e4litt\u00f6m\u00e4sti vedell\u00e4 v\u00e4hint\u00e4\u00e4n 10 minuuttia.    Nielt\u00e4ess\u00e4: Aiheuta oksentaminen. Ota v\u00e4litt\u00f6m\u00e4sti yhteys l\u00e4\u00e4k\u00e4riin ja n\u00e4yt\u00e4 pakkaus tai etiketti. Anna aktiivihiilen vesiliuos tai nestem\u00e4inen parafiini.    Hengitettyn\u00e4: Tuulettaa tilat. Tapaturman sattuessa siirr\u00e4 altistunut raittiiseen ilmaan ja aseta makuuasentoon. Hakeudu l\u00e4\u00e4k\u00e4riin, jos olo huononee.   Turvaohjeet: K\u00e4sittele turvallisuusvaatimusten mukaisesti. Sis\u00e4lt\u00e4\u00e4 biotsidin.\" \/>\n<meta property=\"og:url\" content=\"https:\/\/miumjau.ee\/fi\/tuote\/beaphar-bio-band-plus-hyonteiskarkotinkaulapanta-kissoille-35-cm\/\" \/>\n<meta property=\"og:site_name\" content=\"MiuMjau\" \/>\n<meta property=\"article:publisher\" content=\"https:\/\/www.facebook.com\/miumjaupood\/\" \/>\n<meta property=\"article:modified_time\" content=\"2026-01-07T20:43:23+00:00\" \/>\n<meta property=\"og:image\" content=\"https:\/\/miumjau.ee\/wp-content\/uploads\/2025\/07\/beaphar-kassidele-koertele26.jpg\" \/>\n\t<meta property=\"og:image:width\" content=\"600\" \/>\n\t<meta property=\"og:image:height\" content=\"800\" \/>\n\t<meta property=\"og:image:type\" content=\"image\/jpeg\" \/>\n<meta name=\"twitter:card\" content=\"summary_large_image\" \/>\n<script type=\"application\/ld+json\" class=\"yoast-schema-graph\">{\"@context\":\"https:\/\/schema.org\",\"@graph\":[{\"@type\":\"WebPage\",\"@id\":\"https:\/\/miumjau.ee\/fi\/tuote\/beaphar-bio-band-plus-hyonteiskarkotinkaulapanta-kissoille-35-cm\/\",\"url\":\"https:\/\/miumjau.ee\/fi\/tuote\/beaphar-bio-band-plus-hyonteiskarkotinkaulapanta-kissoille-35-cm\/\",\"name\":\"Beaphar Bio Band Plus hy\u00f6nteiskarkotinkaulapanta kissoille 35 cm - MiuMjau\",\"isPartOf\":{\"@id\":\"https:\/\/miumjau.ee\/#website\"},\"primaryImageOfPage\":{\"@id\":\"https:\/\/miumjau.ee\/fi\/tuote\/beaphar-bio-band-plus-hyonteiskarkotinkaulapanta-kissoille-35-cm\/#primaryimage\"},\"image\":{\"@id\":\"https:\/\/miumjau.ee\/fi\/tuote\/beaphar-bio-band-plus-hyonteiskarkotinkaulapanta-kissoille-35-cm\/#primaryimage\"},\"thumbnailUrl\":\"https:\/\/miumjau.ee\/wp-content\/uploads\/2025\/07\/beaphar-kassidele-koertele26.jpg\",\"datePublished\":\"2025-07-29T12:06:37+00:00\",\"dateModified\":\"2026-01-07T20:43:23+00:00\",\"breadcrumb\":{\"@id\":\"https:\/\/miumjau.ee\/fi\/tuote\/beaphar-bio-band-plus-hyonteiskarkotinkaulapanta-kissoille-35-cm\/#breadcrumb\"},\"inLanguage\":\"fi\",\"potentialAction\":[{\"@type\":\"ReadAction\",\"target\":[\"https:\/\/miumjau.ee\/fi\/tuote\/beaphar-bio-band-plus-hyonteiskarkotinkaulapanta-kissoille-35-cm\/\"]}]},{\"@type\":\"ImageObject\",\"inLanguage\":\"fi\",\"@id\":\"https:\/\/miumjau.ee\/fi\/tuote\/beaphar-bio-band-plus-hyonteiskarkotinkaulapanta-kissoille-35-cm\/#primaryimage\",\"url\":\"https:\/\/miumjau.ee\/wp-content\/uploads\/2025\/07\/beaphar-kassidele-koertele26.jpg\",\"contentUrl\":\"https:\/\/miumjau.ee\/wp-content\/uploads\/2025\/07\/beaphar-kassidele-koertele26.jpg\",\"width\":600,\"height\":800,\"caption\":\"Beaphar bio band plus putukarihm kassile 35cm\"},{\"@type\":\"BreadcrumbList\",\"@id\":\"https:\/\/miumjau.ee\/fi\/tuote\/beaphar-bio-band-plus-hyonteiskarkotinkaulapanta-kissoille-35-cm\/#breadcrumb\",\"itemListElement\":[{\"@type\":\"ListItem\",\"position\":1,\"name\":\"Home\",\"item\":\"https:\/\/miumjau.ee\/fi\/\"},{\"@type\":\"ListItem\",\"position\":2,\"name\":\"Kauppa\",\"item\":\"https:\/\/miumjau.ee\/fi\/kauppa\/\"},{\"@type\":\"ListItem\",\"position\":3,\"name\":\"Beaphar Bio Band Plus hy\u00f6nteiskarkotinkaulapanta kissoille 35 cm\"}]},{\"@type\":\"WebSite\",\"@id\":\"https:\/\/miumjau.ee\/#website\",\"url\":\"https:\/\/miumjau.ee\/\",\"name\":\"MiuMjau\",\"description\":\"Kraapimispuud kassidele\",\"publisher\":{\"@id\":\"https:\/\/miumjau.ee\/#organization\"},\"potentialAction\":[{\"@type\":\"SearchAction\",\"target\":{\"@type\":\"EntryPoint\",\"urlTemplate\":\"https:\/\/miumjau.ee\/?s={search_term_string}\"},\"query-input\":{\"@type\":\"PropertyValueSpecification\",\"valueRequired\":true,\"valueName\":\"search_term_string\"}}],\"inLanguage\":\"fi\"},{\"@type\":\"Organization\",\"@id\":\"https:\/\/miumjau.ee\/#organization\",\"name\":\"MiuMjau O\u00dc\",\"url\":\"https:\/\/miumjau.ee\/\",\"logo\":{\"@type\":\"ImageObject\",\"inLanguage\":\"fi\",\"@id\":\"https:\/\/miumjau.ee\/#\/schema\/logo\/image\/\",\"url\":\"https:\/\/miumjau.ee\/wp-content\/uploads\/2022\/04\/MiuMjau-logo-kollane.png\",\"contentUrl\":\"https:\/\/miumjau.ee\/wp-content\/uploads\/2022\/04\/MiuMjau-logo-kollane.png\",\"width\":219,\"height\":100,\"caption\":\"MiuMjau O\u00dc\"},\"image\":{\"@id\":\"https:\/\/miumjau.ee\/#\/schema\/logo\/image\/\"},\"sameAs\":[\"https:\/\/www.facebook.com\/miumjaupood\/\"]}]}<\/script>\n<!-- \/ Yoast SEO plugin. -->","yoast_head_json":{"title":"Beaphar Bio Band Plus hy\u00f6nteiskarkotinkaulapanta kissoille 35 cm - MiuMjau","robots":{"index":"index","follow":"follow","max-snippet":"max-snippet:-1","max-image-preview":"max-image-preview:large","max-video-preview":"max-video-preview:-1"},"canonical":"https:\/\/miumjau.ee\/fi\/tuote\/beaphar-bio-band-plus-hyonteiskarkotinkaulapanta-kissoille-35-cm\/","og_locale":"fi_FI","og_type":"article","og_title":"Beaphar Bio Band Plus hy\u00f6nteiskarkotinkaulapanta kissoille 35 cm - MiuMjau","og_description":"Bio Band hy\u00f6nteiskarkotinkaulapanta sopii kissoille 12 viikon i\u00e4st\u00e4 alkaen. Vaikuttavat aineet levi\u00e4v\u00e4t turkkiin ja karkottavat verta imevi\u00e4 hy\u00f6nteisi\u00e4 (kirput, hyttyset ja punkit). Lis\u00e4ksi kaulapanta antaa lemmikille miellytt\u00e4v\u00e4n, raikkaan tuoksun. Pannan pituus on yksil\u00f6llisesti s\u00e4\u00e4dett\u00e4viss\u00e4, enimm\u00e4ispituus 35 cm. Teho 4 kuukautta. Vaikuttavat aineet: Neem-uute 20,4 g\/kg, lavandin \u00f6ljy 15,3 g\/kg. K\u00e4ytt\u00f6ohje: Avaa pakkaus juuri ennen k\u00e4ytt\u00f6\u00e4 ja kiinnit\u00e4 panta l\u00f6yh\u00e4sti kissan kaulan ymp\u00e4rille. Kahden sormen tulee mahtua pannan ja kaulan v\u00e4liin. Leikkaa ylim\u00e4\u00e4r\u00e4inen osa pois soljen takaa. Kasvavilla el\u00e4imill\u00e4 s\u00e4\u00e4d\u00e4 panta kasvun mukaan. Panta saavuttaa t\u00e4yden tehon 5\u20137 p\u00e4iv\u00e4ss\u00e4. Varoitukset: Sis\u00e4lt\u00e4\u00e4 linaloolia ja lavandin \u00f6ljy\u00e4. Voi aiheuttaa allergisen reaktion. Sivuvaikutukset: Eritt\u00e4in herkille el\u00e4imille ja ihmisille kontakti valmisteeseen voi aiheuttaa iho\u00e4rsytyst\u00e4\/allergisen reaktion. Ensiapu:     Iholle: Pese runsaalla saippualla ja vedell\u00e4.    Silmiin: Huuhtele v\u00e4litt\u00f6m\u00e4sti vedell\u00e4 v\u00e4hint\u00e4\u00e4n 10 minuuttia.    Nielt\u00e4ess\u00e4: Aiheuta oksentaminen. Ota v\u00e4litt\u00f6m\u00e4sti yhteys l\u00e4\u00e4k\u00e4riin ja n\u00e4yt\u00e4 pakkaus tai etiketti. Anna aktiivihiilen vesiliuos tai nestem\u00e4inen parafiini.    Hengitettyn\u00e4: Tuulettaa tilat. Tapaturman sattuessa siirr\u00e4 altistunut raittiiseen ilmaan ja aseta makuuasentoon. Hakeudu l\u00e4\u00e4k\u00e4riin, jos olo huononee.   Turvaohjeet: K\u00e4sittele turvallisuusvaatimusten mukaisesti. Sis\u00e4lt\u00e4\u00e4 biotsidin.","og_url":"https:\/\/miumjau.ee\/fi\/tuote\/beaphar-bio-band-plus-hyonteiskarkotinkaulapanta-kissoille-35-cm\/","og_site_name":"MiuMjau","article_publisher":"https:\/\/www.facebook.com\/miumjaupood\/","article_modified_time":"2026-01-07T20:43:23+00:00","og_image":[{"width":600,"height":800,"url":"https:\/\/miumjau.ee\/wp-content\/uploads\/2025\/07\/beaphar-kassidele-koertele26.jpg","type":"image\/jpeg"}],"twitter_card":"summary_large_image","schema":{"@context":"https:\/\/schema.org","@graph":[{"@type":"WebPage","@id":"https:\/\/miumjau.ee\/fi\/tuote\/beaphar-bio-band-plus-hyonteiskarkotinkaulapanta-kissoille-35-cm\/","url":"https:\/\/miumjau.ee\/fi\/tuote\/beaphar-bio-band-plus-hyonteiskarkotinkaulapanta-kissoille-35-cm\/","name":"Beaphar Bio Band Plus hy\u00f6nteiskarkotinkaulapanta kissoille 35 cm - MiuMjau","isPartOf":{"@id":"https:\/\/miumjau.ee\/#website"},"primaryImageOfPage":{"@id":"https:\/\/miumjau.ee\/fi\/tuote\/beaphar-bio-band-plus-hyonteiskarkotinkaulapanta-kissoille-35-cm\/#primaryimage"},"image":{"@id":"https:\/\/miumjau.ee\/fi\/tuote\/beaphar-bio-band-plus-hyonteiskarkotinkaulapanta-kissoille-35-cm\/#primaryimage"},"thumbnailUrl":"https:\/\/miumjau.ee\/wp-content\/uploads\/2025\/07\/beaphar-kassidele-koertele26.jpg","datePublished":"2025-07-29T12:06:37+00:00","dateModified":"2026-01-07T20:43:23+00:00","breadcrumb":{"@id":"https:\/\/miumjau.ee\/fi\/tuote\/beaphar-bio-band-plus-hyonteiskarkotinkaulapanta-kissoille-35-cm\/#breadcrumb"},"inLanguage":"fi","potentialAction":[{"@type":"ReadAction","target":["https:\/\/miumjau.ee\/fi\/tuote\/beaphar-bio-band-plus-hyonteiskarkotinkaulapanta-kissoille-35-cm\/"]}]},{"@type":"ImageObject","inLanguage":"fi","@id":"https:\/\/miumjau.ee\/fi\/tuote\/beaphar-bio-band-plus-hyonteiskarkotinkaulapanta-kissoille-35-cm\/#primaryimage","url":"https:\/\/miumjau.ee\/wp-content\/uploads\/2025\/07\/beaphar-kassidele-koertele26.jpg","contentUrl":"https:\/\/miumjau.ee\/wp-content\/uploads\/2025\/07\/beaphar-kassidele-koertele26.jpg","width":600,"height":800,"caption":"Beaphar bio band plus putukarihm kassile 35cm"},{"@type":"BreadcrumbList","@id":"https:\/\/miumjau.ee\/fi\/tuote\/beaphar-bio-band-plus-hyonteiskarkotinkaulapanta-kissoille-35-cm\/#breadcrumb","itemListElement":[{"@type":"ListItem","position":1,"name":"Home","item":"https:\/\/miumjau.ee\/fi\/"},{"@type":"ListItem","position":2,"name":"Kauppa","item":"https:\/\/miumjau.ee\/fi\/kauppa\/"},{"@type":"ListItem","position":3,"name":"Beaphar Bio Band Plus hy\u00f6nteiskarkotinkaulapanta kissoille 35 cm"}]},{"@type":"WebSite","@id":"https:\/\/miumjau.ee\/#website","url":"https:\/\/miumjau.ee\/","name":"MiuMjau","description":"Kraapimispuud kassidele","publisher":{"@id":"https:\/\/miumjau.ee\/#organization"},"potentialAction":[{"@type":"SearchAction","target":{"@type":"EntryPoint","urlTemplate":"https:\/\/miumjau.ee\/?s={search_term_string}"},"query-input":{"@type":"PropertyValueSpecification","valueRequired":true,"valueName":"search_term_string"}}],"inLanguage":"fi"},{"@type":"Organization","@id":"https:\/\/miumjau.ee\/#organization","name":"MiuMjau O\u00dc","url":"https:\/\/miumjau.ee\/","logo":{"@type":"ImageObject","inLanguage":"fi","@id":"https:\/\/miumjau.ee\/#\/schema\/logo\/image\/","url":"https:\/\/miumjau.ee\/wp-content\/uploads\/2022\/04\/MiuMjau-logo-kollane.png","contentUrl":"https:\/\/miumjau.ee\/wp-content\/uploads\/2022\/04\/MiuMjau-logo-kollane.png","width":219,"height":100,"caption":"MiuMjau O\u00dc"},"image":{"@id":"https:\/\/miumjau.ee\/#\/schema\/logo\/image\/"},"sameAs":["https:\/\/www.facebook.com\/miumjaupood\/"]}]}},"_links":{"self":[{"href":"https:\/\/miumjau.ee\/fi\/wp-json\/wp\/v2\/product\/49118","targetHints":{"allow":["GET"]}}],"collection":[{"href":"https:\/\/miumjau.ee\/fi\/wp-json\/wp\/v2\/product"}],"about":[{"href":"https:\/\/miumjau.ee\/fi\/wp-json\/wp\/v2\/types\/product"}],"wp:featuredmedia":[{"embeddable":true,"href":"https:\/\/miumjau.ee\/fi\/wp-json\/wp\/v2\/media\/38290"}],"wp:attachment":[{"href":"https:\/\/miumjau.ee\/fi\/wp-json\/wp\/v2\/media?parent=49118"}],"wp:term":[{"taxonomy":"product_brand","embeddable":true,"href":"https:\/\/miumjau.ee\/fi\/wp-json\/wp\/v2\/product_brand?post=49118"},{"taxonomy":"product_cat","embeddable":true,"href":"https:\/\/miumjau.ee\/fi\/wp-json\/wp\/v2\/product_cat?post=49118"},{"taxonomy":"product_tag","embeddable":true,"href":"https:\/\/miumjau.ee\/fi\/wp-json\/wp\/v2\/product_tag?post=49118"}],"curies":[{"name":"wp","href":"https:\/\/api.w.org\/{rel}","templated":true}]}}