{"id":49112,"date":"2025-07-29T12:09:54","date_gmt":"2025-07-29T09:09:54","guid":{"rendered":"https:\/\/miumjau.ee\/toode\/beaphar-pentushampoo-250-ml\/"},"modified":"2026-01-07T22:43:23","modified_gmt":"2026-01-07T20:43:23","slug":"beaphar-pentushampoo-250-ml","status":"publish","type":"product","link":"https:\/\/miumjau.ee\/fi\/tuote\/beaphar-pentushampoo-250-ml\/","title":{"rendered":"Beaphar pentushampoo 250 ml"},"content":{"rendered":"","protected":false},"excerpt":{"rendered":"<p data-start=\"1813\" data-end=\"2081\">Beaphar luomushampoo kamomillilla ja aloe veralla sopii erinomaisesti yli 12 viikon ik\u00e4isille pennuille, joilla on herkk\u00e4 iho. Shampoo sis\u00e4lt\u00e4\u00e4 kamomillia, joka ravitsee ja kosteuttaa ihoa ja auttaa palauttamaan elottoman ja haurastuneen turkin. Tuote on pH-neutraali.<\/p>\n<ul data-start=\"2083\" data-end=\"2305\">\n<li data-start=\"2083\" data-end=\"2178\">\n<p data-start=\"2085\" data-end=\"2178\">Sis\u00e4lt\u00e4\u00e4 makadamiap\u00e4hkin\u00e4\u00f6ljy\u00e4, joka auttaa yll\u00e4pit\u00e4m\u00e4\u00e4n tervett\u00e4 ihoa ja kiilt\u00e4v\u00e4\u00e4 turkkia<\/p>\n<\/li>\n<li data-start=\"2179\" data-end=\"2195\">\n<p data-start=\"2181\" data-end=\"2195\">pH-neutraali<\/p>\n<\/li>\n<li data-start=\"2196\" data-end=\"2245\">\n<p data-start=\"2198\" data-end=\"2245\">Erityisesti yli 12 viikon ik\u00e4isille pennuille<\/p>\n<\/li>\n<li data-start=\"2246\" data-end=\"2276\">\n<p data-start=\"2248\" data-end=\"2276\">Parabeeniton, silikooniton<\/p>\n<\/li>\n<li data-start=\"2277\" data-end=\"2305\">\n<p data-start=\"2279\" data-end=\"2305\">Sopii kaikille pennuille<\/p>\n<\/li>\n<\/ul>\n<p data-start=\"2307\" data-end=\"3055\"><strong data-start=\"2307\" data-end=\"2321\">Ainesosat:<\/strong> Vesi, natriumlaureetsulfaatti, PEG-200 vetytty glyseryylipalmitaatti, glyseryyl-2 kookosrasvahappo, kookamidopropyyli betaiini, natriumkloridi, PEG-7 glyseryylikookosrasvahappo, glyseryyl-7 lauraatti, lauriinilaktaatti, kapryyli\/kaprili triglyseridi, dinatrium EDTA, glykolidistearaatti, natrium C14-16 olefiinisulfonatti, polykvaternium-7, sitruunahappo, glysiini, bentsyylialkoholi, trietyleeniglykoli, aloe (Aloe Barbadensis) lehtiuute, glyseriini, propyleeniglykolisulfonaatti, butyleeniglykolisulfonaatti, sorbitaanilauratti, fenoksietanoli, natriumtsitraatti, metyyli-kloroisotiasolinoni, kamomilla (Anthemis Nobilis) kukkauute, CI 15985, metyyli-isotiasolinoni, magnesiumkloridi, magnesiumnitraatti, kaliumsorbaatti, CI 19140.<\/p>\n<p data-start=\"3057\" data-end=\"3305\"><strong data-start=\"3057\" data-end=\"3068\">K\u00e4ytt\u00f6:<\/strong> Shampoo on tiivistetty ja voidaan laimentaa 1:1. K\u00e4ytett\u00e4v\u00e4 m\u00e4\u00e4r\u00e4 riippuu pennun koosta. M\u00e4rk\u00e4\u00e4 turkki ja hiero shampoo turkkiin, kunnes muodostuu vaahto. Anna vaikuttaa 2\u20133 minuuttia, huuhtele huolellisesti ja kuivaa turkki pyyhkeell\u00e4.<\/p>\n<p data-start=\"3307\" data-end=\"3454\"><strong data-start=\"3307\" data-end=\"3320\">S\u00e4ilytys:<\/strong> S\u00e4ilyt\u00e4 alle 25 \u00b0C, alkuper\u00e4ispakkauksessa. Pid\u00e4 lasten ulottumattomissa. \u00c4l\u00e4 pakasta. \u00c4l\u00e4 k\u00e4yt\u00e4 viimeisen k\u00e4ytt\u00f6p\u00e4iv\u00e4m\u00e4\u00e4r\u00e4n j\u00e4lkeen.<\/p>\n","protected":false},"featured_media":38270,"template":"","meta":[],"product_brand":[],"product_cat":[483],"product_tag":[],"class_list":{"0":"post-49112","1":"product","2":"type-product","3":"status-publish","4":"has-post-thumbnail","6":"product_cat-hoitotuotteet-koirille","8":"first","9":"instock","10":"taxable","11":"shipping-taxable","12":"purchasable","13":"product-type-simple"},"yoast_head":"<!-- This site is optimized with the Yoast SEO plugin v27.2 - https:\/\/yoast.com\/product\/yoast-seo-wordpress\/ -->\n<title>Beaphar pentushampoo 250 ml - MiuMjau<\/title>\n<meta name=\"robots\" content=\"index, follow, max-snippet:-1, max-image-preview:large, max-video-preview:-1\" \/>\n<link rel=\"canonical\" href=\"https:\/\/miumjau.ee\/fi\/tuote\/beaphar-pentushampoo-250-ml\/\" \/>\n<meta property=\"og:locale\" content=\"fi_FI\" \/>\n<meta property=\"og:type\" content=\"article\" \/>\n<meta property=\"og:title\" content=\"Beaphar pentushampoo 250 ml - MiuMjau\" \/>\n<meta property=\"og:description\" content=\"Beaphar luomushampoo kamomillilla ja aloe veralla sopii erinomaisesti yli 12 viikon ik\u00e4isille pennuille, joilla on herkk\u00e4 iho. Shampoo sis\u00e4lt\u00e4\u00e4 kamomillia, joka ravitsee ja kosteuttaa ihoa ja auttaa palauttamaan elottoman ja haurastuneen turkin. Tuote on pH-neutraali.     Sis\u00e4lt\u00e4\u00e4 makadamiap\u00e4hkin\u00e4\u00f6ljy\u00e4, joka auttaa yll\u00e4pit\u00e4m\u00e4\u00e4n tervett\u00e4 ihoa ja kiilt\u00e4v\u00e4\u00e4 turkkia    pH-neutraali    Erityisesti yli 12 viikon ik\u00e4isille pennuille    Parabeeniton, silikooniton    Sopii kaikille pennuille   Ainesosat: Vesi, natriumlaureetsulfaatti, PEG-200 vetytty glyseryylipalmitaatti, glyseryyl-2 kookosrasvahappo, kookamidopropyyli betaiini, natriumkloridi, PEG-7 glyseryylikookosrasvahappo, glyseryyl-7 lauraatti, lauriinilaktaatti, kapryyli\/kaprili triglyseridi, dinatrium EDTA, glykolidistearaatti, natrium C14-16 olefiinisulfonatti, polykvaternium-7, sitruunahappo, glysiini, bentsyylialkoholi, trietyleeniglykoli, aloe (Aloe Barbadensis) lehtiuute, glyseriini, propyleeniglykolisulfonaatti, butyleeniglykolisulfonaatti, sorbitaanilauratti, fenoksietanoli, natriumtsitraatti, metyyli-kloroisotiasolinoni, kamomilla (Anthemis Nobilis) kukkauute, CI 15985, metyyli-isotiasolinoni, magnesiumkloridi, magnesiumnitraatti, kaliumsorbaatti, CI 19140. K\u00e4ytt\u00f6: Shampoo on tiivistetty ja voidaan laimentaa 1:1. K\u00e4ytett\u00e4v\u00e4 m\u00e4\u00e4r\u00e4 riippuu pennun koosta. M\u00e4rk\u00e4\u00e4 turkki ja hiero shampoo turkkiin, kunnes muodostuu vaahto. Anna vaikuttaa 2\u20133 minuuttia, huuhtele huolellisesti ja kuivaa turkki pyyhkeell\u00e4. S\u00e4ilytys: S\u00e4ilyt\u00e4 alle 25 \u00b0C, alkuper\u00e4ispakkauksessa. Pid\u00e4 lasten ulottumattomissa. \u00c4l\u00e4 pakasta. \u00c4l\u00e4 k\u00e4yt\u00e4 viimeisen k\u00e4ytt\u00f6p\u00e4iv\u00e4m\u00e4\u00e4r\u00e4n j\u00e4lkeen.\" \/>\n<meta property=\"og:url\" content=\"https:\/\/miumjau.ee\/fi\/tuote\/beaphar-pentushampoo-250-ml\/\" \/>\n<meta property=\"og:site_name\" content=\"MiuMjau\" \/>\n<meta property=\"article:publisher\" content=\"https:\/\/www.facebook.com\/miumjaupood\/\" \/>\n<meta property=\"article:modified_time\" content=\"2026-01-07T20:43:23+00:00\" \/>\n<meta property=\"og:image\" content=\"https:\/\/miumjau.ee\/wp-content\/uploads\/2025\/07\/beaphar-kassidele-koertele21.jpg\" \/>\n\t<meta property=\"og:image:width\" content=\"600\" \/>\n\t<meta property=\"og:image:height\" content=\"800\" \/>\n\t<meta property=\"og:image:type\" content=\"image\/jpeg\" \/>\n<meta name=\"twitter:card\" content=\"summary_large_image\" \/>\n<script type=\"application\/ld+json\" class=\"yoast-schema-graph\">{\"@context\":\"https:\/\/schema.org\",\"@graph\":[{\"@type\":\"WebPage\",\"@id\":\"https:\/\/miumjau.ee\/fi\/tuote\/beaphar-pentushampoo-250-ml\/\",\"url\":\"https:\/\/miumjau.ee\/fi\/tuote\/beaphar-pentushampoo-250-ml\/\",\"name\":\"Beaphar pentushampoo 250 ml - MiuMjau\",\"isPartOf\":{\"@id\":\"https:\/\/miumjau.ee\/#website\"},\"primaryImageOfPage\":{\"@id\":\"https:\/\/miumjau.ee\/fi\/tuote\/beaphar-pentushampoo-250-ml\/#primaryimage\"},\"image\":{\"@id\":\"https:\/\/miumjau.ee\/fi\/tuote\/beaphar-pentushampoo-250-ml\/#primaryimage\"},\"thumbnailUrl\":\"https:\/\/miumjau.ee\/wp-content\/uploads\/2025\/07\/beaphar-kassidele-koertele21.jpg\",\"datePublished\":\"2025-07-29T09:09:54+00:00\",\"dateModified\":\"2026-01-07T20:43:23+00:00\",\"breadcrumb\":{\"@id\":\"https:\/\/miumjau.ee\/fi\/tuote\/beaphar-pentushampoo-250-ml\/#breadcrumb\"},\"inLanguage\":\"fi\",\"potentialAction\":[{\"@type\":\"ReadAction\",\"target\":[\"https:\/\/miumjau.ee\/fi\/tuote\/beaphar-pentushampoo-250-ml\/\"]}]},{\"@type\":\"ImageObject\",\"inLanguage\":\"fi\",\"@id\":\"https:\/\/miumjau.ee\/fi\/tuote\/beaphar-pentushampoo-250-ml\/#primaryimage\",\"url\":\"https:\/\/miumjau.ee\/wp-content\/uploads\/2025\/07\/beaphar-kassidele-koertele21.jpg\",\"contentUrl\":\"https:\/\/miumjau.ee\/wp-content\/uploads\/2025\/07\/beaphar-kassidele-koertele21.jpg\",\"width\":600,\"height\":800,\"caption\":\"Beaphar \u0161ampoon kutsikatele 250ml\"},{\"@type\":\"BreadcrumbList\",\"@id\":\"https:\/\/miumjau.ee\/fi\/tuote\/beaphar-pentushampoo-250-ml\/#breadcrumb\",\"itemListElement\":[{\"@type\":\"ListItem\",\"position\":1,\"name\":\"Home\",\"item\":\"https:\/\/miumjau.ee\/fi\/\"},{\"@type\":\"ListItem\",\"position\":2,\"name\":\"Kauppa\",\"item\":\"https:\/\/miumjau.ee\/fi\/kauppa\/\"},{\"@type\":\"ListItem\",\"position\":3,\"name\":\"Beaphar pentushampoo 250 ml\"}]},{\"@type\":\"WebSite\",\"@id\":\"https:\/\/miumjau.ee\/#website\",\"url\":\"https:\/\/miumjau.ee\/\",\"name\":\"MiuMjau\",\"description\":\"Kraapimispuud kassidele\",\"publisher\":{\"@id\":\"https:\/\/miumjau.ee\/#organization\"},\"potentialAction\":[{\"@type\":\"SearchAction\",\"target\":{\"@type\":\"EntryPoint\",\"urlTemplate\":\"https:\/\/miumjau.ee\/?s={search_term_string}\"},\"query-input\":{\"@type\":\"PropertyValueSpecification\",\"valueRequired\":true,\"valueName\":\"search_term_string\"}}],\"inLanguage\":\"fi\"},{\"@type\":\"Organization\",\"@id\":\"https:\/\/miumjau.ee\/#organization\",\"name\":\"MiuMjau O\u00dc\",\"url\":\"https:\/\/miumjau.ee\/\",\"logo\":{\"@type\":\"ImageObject\",\"inLanguage\":\"fi\",\"@id\":\"https:\/\/miumjau.ee\/#\/schema\/logo\/image\/\",\"url\":\"https:\/\/miumjau.ee\/wp-content\/uploads\/2022\/04\/MiuMjau-logo-kollane.png\",\"contentUrl\":\"https:\/\/miumjau.ee\/wp-content\/uploads\/2022\/04\/MiuMjau-logo-kollane.png\",\"width\":219,\"height\":100,\"caption\":\"MiuMjau O\u00dc\"},\"image\":{\"@id\":\"https:\/\/miumjau.ee\/#\/schema\/logo\/image\/\"},\"sameAs\":[\"https:\/\/www.facebook.com\/miumjaupood\/\"]}]}<\/script>\n<!-- \/ Yoast SEO plugin. -->","yoast_head_json":{"title":"Beaphar pentushampoo 250 ml - MiuMjau","robots":{"index":"index","follow":"follow","max-snippet":"max-snippet:-1","max-image-preview":"max-image-preview:large","max-video-preview":"max-video-preview:-1"},"canonical":"https:\/\/miumjau.ee\/fi\/tuote\/beaphar-pentushampoo-250-ml\/","og_locale":"fi_FI","og_type":"article","og_title":"Beaphar pentushampoo 250 ml - MiuMjau","og_description":"Beaphar luomushampoo kamomillilla ja aloe veralla sopii erinomaisesti yli 12 viikon ik\u00e4isille pennuille, joilla on herkk\u00e4 iho. Shampoo sis\u00e4lt\u00e4\u00e4 kamomillia, joka ravitsee ja kosteuttaa ihoa ja auttaa palauttamaan elottoman ja haurastuneen turkin. Tuote on pH-neutraali.     Sis\u00e4lt\u00e4\u00e4 makadamiap\u00e4hkin\u00e4\u00f6ljy\u00e4, joka auttaa yll\u00e4pit\u00e4m\u00e4\u00e4n tervett\u00e4 ihoa ja kiilt\u00e4v\u00e4\u00e4 turkkia    pH-neutraali    Erityisesti yli 12 viikon ik\u00e4isille pennuille    Parabeeniton, silikooniton    Sopii kaikille pennuille   Ainesosat: Vesi, natriumlaureetsulfaatti, PEG-200 vetytty glyseryylipalmitaatti, glyseryyl-2 kookosrasvahappo, kookamidopropyyli betaiini, natriumkloridi, PEG-7 glyseryylikookosrasvahappo, glyseryyl-7 lauraatti, lauriinilaktaatti, kapryyli\/kaprili triglyseridi, dinatrium EDTA, glykolidistearaatti, natrium C14-16 olefiinisulfonatti, polykvaternium-7, sitruunahappo, glysiini, bentsyylialkoholi, trietyleeniglykoli, aloe (Aloe Barbadensis) lehtiuute, glyseriini, propyleeniglykolisulfonaatti, butyleeniglykolisulfonaatti, sorbitaanilauratti, fenoksietanoli, natriumtsitraatti, metyyli-kloroisotiasolinoni, kamomilla (Anthemis Nobilis) kukkauute, CI 15985, metyyli-isotiasolinoni, magnesiumkloridi, magnesiumnitraatti, kaliumsorbaatti, CI 19140. K\u00e4ytt\u00f6: Shampoo on tiivistetty ja voidaan laimentaa 1:1. K\u00e4ytett\u00e4v\u00e4 m\u00e4\u00e4r\u00e4 riippuu pennun koosta. M\u00e4rk\u00e4\u00e4 turkki ja hiero shampoo turkkiin, kunnes muodostuu vaahto. Anna vaikuttaa 2\u20133 minuuttia, huuhtele huolellisesti ja kuivaa turkki pyyhkeell\u00e4. S\u00e4ilytys: S\u00e4ilyt\u00e4 alle 25 \u00b0C, alkuper\u00e4ispakkauksessa. Pid\u00e4 lasten ulottumattomissa. \u00c4l\u00e4 pakasta. \u00c4l\u00e4 k\u00e4yt\u00e4 viimeisen k\u00e4ytt\u00f6p\u00e4iv\u00e4m\u00e4\u00e4r\u00e4n j\u00e4lkeen.","og_url":"https:\/\/miumjau.ee\/fi\/tuote\/beaphar-pentushampoo-250-ml\/","og_site_name":"MiuMjau","article_publisher":"https:\/\/www.facebook.com\/miumjaupood\/","article_modified_time":"2026-01-07T20:43:23+00:00","og_image":[{"width":600,"height":800,"url":"https:\/\/miumjau.ee\/wp-content\/uploads\/2025\/07\/beaphar-kassidele-koertele21.jpg","type":"image\/jpeg"}],"twitter_card":"summary_large_image","schema":{"@context":"https:\/\/schema.org","@graph":[{"@type":"WebPage","@id":"https:\/\/miumjau.ee\/fi\/tuote\/beaphar-pentushampoo-250-ml\/","url":"https:\/\/miumjau.ee\/fi\/tuote\/beaphar-pentushampoo-250-ml\/","name":"Beaphar pentushampoo 250 ml - MiuMjau","isPartOf":{"@id":"https:\/\/miumjau.ee\/#website"},"primaryImageOfPage":{"@id":"https:\/\/miumjau.ee\/fi\/tuote\/beaphar-pentushampoo-250-ml\/#primaryimage"},"image":{"@id":"https:\/\/miumjau.ee\/fi\/tuote\/beaphar-pentushampoo-250-ml\/#primaryimage"},"thumbnailUrl":"https:\/\/miumjau.ee\/wp-content\/uploads\/2025\/07\/beaphar-kassidele-koertele21.jpg","datePublished":"2025-07-29T09:09:54+00:00","dateModified":"2026-01-07T20:43:23+00:00","breadcrumb":{"@id":"https:\/\/miumjau.ee\/fi\/tuote\/beaphar-pentushampoo-250-ml\/#breadcrumb"},"inLanguage":"fi","potentialAction":[{"@type":"ReadAction","target":["https:\/\/miumjau.ee\/fi\/tuote\/beaphar-pentushampoo-250-ml\/"]}]},{"@type":"ImageObject","inLanguage":"fi","@id":"https:\/\/miumjau.ee\/fi\/tuote\/beaphar-pentushampoo-250-ml\/#primaryimage","url":"https:\/\/miumjau.ee\/wp-content\/uploads\/2025\/07\/beaphar-kassidele-koertele21.jpg","contentUrl":"https:\/\/miumjau.ee\/wp-content\/uploads\/2025\/07\/beaphar-kassidele-koertele21.jpg","width":600,"height":800,"caption":"Beaphar \u0161ampoon kutsikatele 250ml"},{"@type":"BreadcrumbList","@id":"https:\/\/miumjau.ee\/fi\/tuote\/beaphar-pentushampoo-250-ml\/#breadcrumb","itemListElement":[{"@type":"ListItem","position":1,"name":"Home","item":"https:\/\/miumjau.ee\/fi\/"},{"@type":"ListItem","position":2,"name":"Kauppa","item":"https:\/\/miumjau.ee\/fi\/kauppa\/"},{"@type":"ListItem","position":3,"name":"Beaphar pentushampoo 250 ml"}]},{"@type":"WebSite","@id":"https:\/\/miumjau.ee\/#website","url":"https:\/\/miumjau.ee\/","name":"MiuMjau","description":"Kraapimispuud kassidele","publisher":{"@id":"https:\/\/miumjau.ee\/#organization"},"potentialAction":[{"@type":"SearchAction","target":{"@type":"EntryPoint","urlTemplate":"https:\/\/miumjau.ee\/?s={search_term_string}"},"query-input":{"@type":"PropertyValueSpecification","valueRequired":true,"valueName":"search_term_string"}}],"inLanguage":"fi"},{"@type":"Organization","@id":"https:\/\/miumjau.ee\/#organization","name":"MiuMjau O\u00dc","url":"https:\/\/miumjau.ee\/","logo":{"@type":"ImageObject","inLanguage":"fi","@id":"https:\/\/miumjau.ee\/#\/schema\/logo\/image\/","url":"https:\/\/miumjau.ee\/wp-content\/uploads\/2022\/04\/MiuMjau-logo-kollane.png","contentUrl":"https:\/\/miumjau.ee\/wp-content\/uploads\/2022\/04\/MiuMjau-logo-kollane.png","width":219,"height":100,"caption":"MiuMjau O\u00dc"},"image":{"@id":"https:\/\/miumjau.ee\/#\/schema\/logo\/image\/"},"sameAs":["https:\/\/www.facebook.com\/miumjaupood\/"]}]}},"_links":{"self":[{"href":"https:\/\/miumjau.ee\/fi\/wp-json\/wp\/v2\/product\/49112","targetHints":{"allow":["GET"]}}],"collection":[{"href":"https:\/\/miumjau.ee\/fi\/wp-json\/wp\/v2\/product"}],"about":[{"href":"https:\/\/miumjau.ee\/fi\/wp-json\/wp\/v2\/types\/product"}],"wp:featuredmedia":[{"embeddable":true,"href":"https:\/\/miumjau.ee\/fi\/wp-json\/wp\/v2\/media\/38270"}],"wp:attachment":[{"href":"https:\/\/miumjau.ee\/fi\/wp-json\/wp\/v2\/media?parent=49112"}],"wp:term":[{"taxonomy":"product_brand","embeddable":true,"href":"https:\/\/miumjau.ee\/fi\/wp-json\/wp\/v2\/product_brand?post=49112"},{"taxonomy":"product_cat","embeddable":true,"href":"https:\/\/miumjau.ee\/fi\/wp-json\/wp\/v2\/product_cat?post=49112"},{"taxonomy":"product_tag","embeddable":true,"href":"https:\/\/miumjau.ee\/fi\/wp-json\/wp\/v2\/product_tag?post=49112"}],"curies":[{"name":"wp","href":"https:\/\/api.w.org\/{rel}","templated":true}]}}