{"id":49106,"date":"2025-07-29T15:11:39","date_gmt":"2025-07-29T12:11:39","guid":{"rendered":"https:\/\/miumjau.ee\/toode\/beaphar-oftal-silmanpuhdistusaine-50-ml\/"},"modified":"2026-01-07T22:43:23","modified_gmt":"2026-01-07T20:43:23","slug":"beaphar-oftal-silmanpuhdistusaine-50-ml","status":"publish","type":"product","link":"https:\/\/miumjau.ee\/fi\/tuote\/beaphar-oftal-silmanpuhdistusaine-50-ml\/","title":{"rendered":"Beaphar Oftal silm\u00e4npuhdistusaine 50 ml"},"content":{"rendered":"","protected":false},"excerpt":{"rendered":"<p data-start=\"767\" data-end=\"1069\">Valmiste on tarkoitettu koirien, kissojen ja muiden lemmikkiel\u00e4inten silmien puhdistamiseen. S\u00e4\u00e4nn\u00f6llinen k\u00e4ytt\u00f6 auttaa ehk\u00e4isem\u00e4\u00e4n silmien \u00e4rsytyst\u00e4. Suojaa lialta ja p\u00f6lylt\u00e4 sek\u00e4 edist\u00e4\u00e4 silmien luonnollista puhdistumista. Silm\u00e4\u00e4n joutunut lika poistuu nopeasti. Auttaa ehk\u00e4isem\u00e4\u00e4n kyynelv\u00e4rj\u00e4ytymi\u00e4.<\/p>\n<p data-start=\"1071\" data-end=\"1165\">Puhdista el\u00e4imen silm\u00e4t varovasti kahdesti viikossa liuoksella hyvin kostutetulla vanulapulla.<\/p>\n<ul data-start=\"1167\" data-end=\"1304\">\n<li data-start=\"1167\" data-end=\"1207\">\n<p data-start=\"1169\" data-end=\"1207\">Auttaa ehk\u00e4isem\u00e4\u00e4n silmien \u00e4rsytyst\u00e4<\/p>\n<\/li>\n<li data-start=\"1208\" data-end=\"1257\">\n<p data-start=\"1210\" data-end=\"1257\">Suojaa lialta, p\u00f6lylt\u00e4 ja kyynelv\u00e4rj\u00e4ytymilt\u00e4<\/p>\n<\/li>\n<li data-start=\"1258\" data-end=\"1304\">\n<p data-start=\"1260\" data-end=\"1304\">Edist\u00e4\u00e4 silmien luonnollista puhdistumista<\/p>\n<\/li>\n<\/ul>\n<p data-start=\"1306\" data-end=\"1342\"><strong data-start=\"1306\" data-end=\"1321\">Valmistaja:<\/strong> Beaphar, Alankomaat.<\/p>\n","protected":false},"featured_media":38302,"template":"","meta":[],"product_brand":[],"product_cat":[259,483],"product_tag":[],"class_list":{"0":"post-49106","1":"product","2":"type-product","3":"status-publish","4":"has-post-thumbnail","6":"product_cat-muut","7":"product_cat-hoitotuotteet-koirille","9":"first","10":"instock","11":"taxable","12":"shipping-taxable","13":"purchasable","14":"product-type-simple"},"yoast_head":"<!-- This site is optimized with the Yoast SEO plugin v27.2 - https:\/\/yoast.com\/product\/yoast-seo-wordpress\/ -->\n<title>Beaphar Oftal silm\u00e4npuhdistusaine 50 ml - MiuMjau<\/title>\n<meta name=\"robots\" content=\"index, follow, max-snippet:-1, max-image-preview:large, max-video-preview:-1\" \/>\n<link rel=\"canonical\" href=\"https:\/\/miumjau.ee\/fi\/tuote\/beaphar-oftal-silmanpuhdistusaine-50-ml\/\" \/>\n<meta property=\"og:locale\" content=\"fi_FI\" \/>\n<meta property=\"og:type\" content=\"article\" \/>\n<meta property=\"og:title\" content=\"Beaphar Oftal silm\u00e4npuhdistusaine 50 ml - MiuMjau\" \/>\n<meta property=\"og:description\" content=\"Valmiste on tarkoitettu koirien, kissojen ja muiden lemmikkiel\u00e4inten silmien puhdistamiseen. S\u00e4\u00e4nn\u00f6llinen k\u00e4ytt\u00f6 auttaa ehk\u00e4isem\u00e4\u00e4n silmien \u00e4rsytyst\u00e4. Suojaa lialta ja p\u00f6lylt\u00e4 sek\u00e4 edist\u00e4\u00e4 silmien luonnollista puhdistumista. Silm\u00e4\u00e4n joutunut lika poistuu nopeasti. Auttaa ehk\u00e4isem\u00e4\u00e4n kyynelv\u00e4rj\u00e4ytymi\u00e4. Puhdista el\u00e4imen silm\u00e4t varovasti kahdesti viikossa liuoksella hyvin kostutetulla vanulapulla.     Auttaa ehk\u00e4isem\u00e4\u00e4n silmien \u00e4rsytyst\u00e4    Suojaa lialta, p\u00f6lylt\u00e4 ja kyynelv\u00e4rj\u00e4ytymilt\u00e4    Edist\u00e4\u00e4 silmien luonnollista puhdistumista   Valmistaja: Beaphar, Alankomaat.\" \/>\n<meta property=\"og:url\" content=\"https:\/\/miumjau.ee\/fi\/tuote\/beaphar-oftal-silmanpuhdistusaine-50-ml\/\" \/>\n<meta property=\"og:site_name\" content=\"MiuMjau\" \/>\n<meta property=\"article:publisher\" content=\"https:\/\/www.facebook.com\/miumjaupood\/\" \/>\n<meta property=\"article:modified_time\" content=\"2026-01-07T20:43:23+00:00\" \/>\n<meta property=\"og:image\" content=\"https:\/\/miumjau.ee\/wp-content\/uploads\/2025\/07\/beaphar-kassidele-koertele29.jpg\" \/>\n\t<meta property=\"og:image:width\" content=\"600\" \/>\n\t<meta property=\"og:image:height\" content=\"800\" \/>\n\t<meta property=\"og:image:type\" content=\"image\/jpeg\" \/>\n<meta name=\"twitter:card\" content=\"summary_large_image\" \/>\n<script type=\"application\/ld+json\" class=\"yoast-schema-graph\">{\"@context\":\"https:\/\/schema.org\",\"@graph\":[{\"@type\":\"WebPage\",\"@id\":\"https:\/\/miumjau.ee\/fi\/tuote\/beaphar-oftal-silmanpuhdistusaine-50-ml\/\",\"url\":\"https:\/\/miumjau.ee\/fi\/tuote\/beaphar-oftal-silmanpuhdistusaine-50-ml\/\",\"name\":\"Beaphar Oftal silm\u00e4npuhdistusaine 50 ml - MiuMjau\",\"isPartOf\":{\"@id\":\"https:\/\/miumjau.ee\/#website\"},\"primaryImageOfPage\":{\"@id\":\"https:\/\/miumjau.ee\/fi\/tuote\/beaphar-oftal-silmanpuhdistusaine-50-ml\/#primaryimage\"},\"image\":{\"@id\":\"https:\/\/miumjau.ee\/fi\/tuote\/beaphar-oftal-silmanpuhdistusaine-50-ml\/#primaryimage\"},\"thumbnailUrl\":\"https:\/\/miumjau.ee\/wp-content\/uploads\/2025\/07\/beaphar-kassidele-koertele29.jpg\",\"datePublished\":\"2025-07-29T12:11:39+00:00\",\"dateModified\":\"2026-01-07T20:43:23+00:00\",\"breadcrumb\":{\"@id\":\"https:\/\/miumjau.ee\/fi\/tuote\/beaphar-oftal-silmanpuhdistusaine-50-ml\/#breadcrumb\"},\"inLanguage\":\"fi\",\"potentialAction\":[{\"@type\":\"ReadAction\",\"target\":[\"https:\/\/miumjau.ee\/fi\/tuote\/beaphar-oftal-silmanpuhdistusaine-50-ml\/\"]}]},{\"@type\":\"ImageObject\",\"inLanguage\":\"fi\",\"@id\":\"https:\/\/miumjau.ee\/fi\/tuote\/beaphar-oftal-silmanpuhdistusaine-50-ml\/#primaryimage\",\"url\":\"https:\/\/miumjau.ee\/wp-content\/uploads\/2025\/07\/beaphar-kassidele-koertele29.jpg\",\"contentUrl\":\"https:\/\/miumjau.ee\/wp-content\/uploads\/2025\/07\/beaphar-kassidele-koertele29.jpg\",\"width\":600,\"height\":800,\"caption\":\"Beaphar Oftal silmapuhastusvahend 50ml\"},{\"@type\":\"BreadcrumbList\",\"@id\":\"https:\/\/miumjau.ee\/fi\/tuote\/beaphar-oftal-silmanpuhdistusaine-50-ml\/#breadcrumb\",\"itemListElement\":[{\"@type\":\"ListItem\",\"position\":1,\"name\":\"Home\",\"item\":\"https:\/\/miumjau.ee\/fi\/\"},{\"@type\":\"ListItem\",\"position\":2,\"name\":\"Kauppa\",\"item\":\"https:\/\/miumjau.ee\/fi\/kauppa\/\"},{\"@type\":\"ListItem\",\"position\":3,\"name\":\"Beaphar Oftal silm\u00e4npuhdistusaine 50 ml\"}]},{\"@type\":\"WebSite\",\"@id\":\"https:\/\/miumjau.ee\/#website\",\"url\":\"https:\/\/miumjau.ee\/\",\"name\":\"MiuMjau\",\"description\":\"Kraapimispuud kassidele\",\"publisher\":{\"@id\":\"https:\/\/miumjau.ee\/#organization\"},\"potentialAction\":[{\"@type\":\"SearchAction\",\"target\":{\"@type\":\"EntryPoint\",\"urlTemplate\":\"https:\/\/miumjau.ee\/?s={search_term_string}\"},\"query-input\":{\"@type\":\"PropertyValueSpecification\",\"valueRequired\":true,\"valueName\":\"search_term_string\"}}],\"inLanguage\":\"fi\"},{\"@type\":\"Organization\",\"@id\":\"https:\/\/miumjau.ee\/#organization\",\"name\":\"MiuMjau O\u00dc\",\"url\":\"https:\/\/miumjau.ee\/\",\"logo\":{\"@type\":\"ImageObject\",\"inLanguage\":\"fi\",\"@id\":\"https:\/\/miumjau.ee\/#\/schema\/logo\/image\/\",\"url\":\"https:\/\/miumjau.ee\/wp-content\/uploads\/2022\/04\/MiuMjau-logo-kollane.png\",\"contentUrl\":\"https:\/\/miumjau.ee\/wp-content\/uploads\/2022\/04\/MiuMjau-logo-kollane.png\",\"width\":219,\"height\":100,\"caption\":\"MiuMjau O\u00dc\"},\"image\":{\"@id\":\"https:\/\/miumjau.ee\/#\/schema\/logo\/image\/\"},\"sameAs\":[\"https:\/\/www.facebook.com\/miumjaupood\/\"]}]}<\/script>\n<!-- \/ Yoast SEO plugin. -->","yoast_head_json":{"title":"Beaphar Oftal silm\u00e4npuhdistusaine 50 ml - MiuMjau","robots":{"index":"index","follow":"follow","max-snippet":"max-snippet:-1","max-image-preview":"max-image-preview:large","max-video-preview":"max-video-preview:-1"},"canonical":"https:\/\/miumjau.ee\/fi\/tuote\/beaphar-oftal-silmanpuhdistusaine-50-ml\/","og_locale":"fi_FI","og_type":"article","og_title":"Beaphar Oftal silm\u00e4npuhdistusaine 50 ml - MiuMjau","og_description":"Valmiste on tarkoitettu koirien, kissojen ja muiden lemmikkiel\u00e4inten silmien puhdistamiseen. S\u00e4\u00e4nn\u00f6llinen k\u00e4ytt\u00f6 auttaa ehk\u00e4isem\u00e4\u00e4n silmien \u00e4rsytyst\u00e4. Suojaa lialta ja p\u00f6lylt\u00e4 sek\u00e4 edist\u00e4\u00e4 silmien luonnollista puhdistumista. Silm\u00e4\u00e4n joutunut lika poistuu nopeasti. Auttaa ehk\u00e4isem\u00e4\u00e4n kyynelv\u00e4rj\u00e4ytymi\u00e4. Puhdista el\u00e4imen silm\u00e4t varovasti kahdesti viikossa liuoksella hyvin kostutetulla vanulapulla.     Auttaa ehk\u00e4isem\u00e4\u00e4n silmien \u00e4rsytyst\u00e4    Suojaa lialta, p\u00f6lylt\u00e4 ja kyynelv\u00e4rj\u00e4ytymilt\u00e4    Edist\u00e4\u00e4 silmien luonnollista puhdistumista   Valmistaja: Beaphar, Alankomaat.","og_url":"https:\/\/miumjau.ee\/fi\/tuote\/beaphar-oftal-silmanpuhdistusaine-50-ml\/","og_site_name":"MiuMjau","article_publisher":"https:\/\/www.facebook.com\/miumjaupood\/","article_modified_time":"2026-01-07T20:43:23+00:00","og_image":[{"width":600,"height":800,"url":"https:\/\/miumjau.ee\/wp-content\/uploads\/2025\/07\/beaphar-kassidele-koertele29.jpg","type":"image\/jpeg"}],"twitter_card":"summary_large_image","schema":{"@context":"https:\/\/schema.org","@graph":[{"@type":"WebPage","@id":"https:\/\/miumjau.ee\/fi\/tuote\/beaphar-oftal-silmanpuhdistusaine-50-ml\/","url":"https:\/\/miumjau.ee\/fi\/tuote\/beaphar-oftal-silmanpuhdistusaine-50-ml\/","name":"Beaphar Oftal silm\u00e4npuhdistusaine 50 ml - MiuMjau","isPartOf":{"@id":"https:\/\/miumjau.ee\/#website"},"primaryImageOfPage":{"@id":"https:\/\/miumjau.ee\/fi\/tuote\/beaphar-oftal-silmanpuhdistusaine-50-ml\/#primaryimage"},"image":{"@id":"https:\/\/miumjau.ee\/fi\/tuote\/beaphar-oftal-silmanpuhdistusaine-50-ml\/#primaryimage"},"thumbnailUrl":"https:\/\/miumjau.ee\/wp-content\/uploads\/2025\/07\/beaphar-kassidele-koertele29.jpg","datePublished":"2025-07-29T12:11:39+00:00","dateModified":"2026-01-07T20:43:23+00:00","breadcrumb":{"@id":"https:\/\/miumjau.ee\/fi\/tuote\/beaphar-oftal-silmanpuhdistusaine-50-ml\/#breadcrumb"},"inLanguage":"fi","potentialAction":[{"@type":"ReadAction","target":["https:\/\/miumjau.ee\/fi\/tuote\/beaphar-oftal-silmanpuhdistusaine-50-ml\/"]}]},{"@type":"ImageObject","inLanguage":"fi","@id":"https:\/\/miumjau.ee\/fi\/tuote\/beaphar-oftal-silmanpuhdistusaine-50-ml\/#primaryimage","url":"https:\/\/miumjau.ee\/wp-content\/uploads\/2025\/07\/beaphar-kassidele-koertele29.jpg","contentUrl":"https:\/\/miumjau.ee\/wp-content\/uploads\/2025\/07\/beaphar-kassidele-koertele29.jpg","width":600,"height":800,"caption":"Beaphar Oftal silmapuhastusvahend 50ml"},{"@type":"BreadcrumbList","@id":"https:\/\/miumjau.ee\/fi\/tuote\/beaphar-oftal-silmanpuhdistusaine-50-ml\/#breadcrumb","itemListElement":[{"@type":"ListItem","position":1,"name":"Home","item":"https:\/\/miumjau.ee\/fi\/"},{"@type":"ListItem","position":2,"name":"Kauppa","item":"https:\/\/miumjau.ee\/fi\/kauppa\/"},{"@type":"ListItem","position":3,"name":"Beaphar Oftal silm\u00e4npuhdistusaine 50 ml"}]},{"@type":"WebSite","@id":"https:\/\/miumjau.ee\/#website","url":"https:\/\/miumjau.ee\/","name":"MiuMjau","description":"Kraapimispuud kassidele","publisher":{"@id":"https:\/\/miumjau.ee\/#organization"},"potentialAction":[{"@type":"SearchAction","target":{"@type":"EntryPoint","urlTemplate":"https:\/\/miumjau.ee\/?s={search_term_string}"},"query-input":{"@type":"PropertyValueSpecification","valueRequired":true,"valueName":"search_term_string"}}],"inLanguage":"fi"},{"@type":"Organization","@id":"https:\/\/miumjau.ee\/#organization","name":"MiuMjau O\u00dc","url":"https:\/\/miumjau.ee\/","logo":{"@type":"ImageObject","inLanguage":"fi","@id":"https:\/\/miumjau.ee\/#\/schema\/logo\/image\/","url":"https:\/\/miumjau.ee\/wp-content\/uploads\/2022\/04\/MiuMjau-logo-kollane.png","contentUrl":"https:\/\/miumjau.ee\/wp-content\/uploads\/2022\/04\/MiuMjau-logo-kollane.png","width":219,"height":100,"caption":"MiuMjau O\u00dc"},"image":{"@id":"https:\/\/miumjau.ee\/#\/schema\/logo\/image\/"},"sameAs":["https:\/\/www.facebook.com\/miumjaupood\/"]}]}},"_links":{"self":[{"href":"https:\/\/miumjau.ee\/fi\/wp-json\/wp\/v2\/product\/49106","targetHints":{"allow":["GET"]}}],"collection":[{"href":"https:\/\/miumjau.ee\/fi\/wp-json\/wp\/v2\/product"}],"about":[{"href":"https:\/\/miumjau.ee\/fi\/wp-json\/wp\/v2\/types\/product"}],"wp:featuredmedia":[{"embeddable":true,"href":"https:\/\/miumjau.ee\/fi\/wp-json\/wp\/v2\/media\/38302"}],"wp:attachment":[{"href":"https:\/\/miumjau.ee\/fi\/wp-json\/wp\/v2\/media?parent=49106"}],"wp:term":[{"taxonomy":"product_brand","embeddable":true,"href":"https:\/\/miumjau.ee\/fi\/wp-json\/wp\/v2\/product_brand?post=49106"},{"taxonomy":"product_cat","embeddable":true,"href":"https:\/\/miumjau.ee\/fi\/wp-json\/wp\/v2\/product_cat?post=49106"},{"taxonomy":"product_tag","embeddable":true,"href":"https:\/\/miumjau.ee\/fi\/wp-json\/wp\/v2\/product_tag?post=49106"}],"curies":[{"name":"wp","href":"https:\/\/api.w.org\/{rel}","templated":true}]}}