{"id":49099,"date":"2025-07-29T15:15:33","date_gmt":"2025-07-29T12:15:33","guid":{"rendered":"https:\/\/miumjau.ee\/toode\/beaphar-korvanpuhdistusaine-kissoille-ja-koirille-50-ml\/"},"modified":"2026-01-07T22:43:23","modified_gmt":"2026-01-07T20:43:23","slug":"beaphar-korvanpuhdistusaine-kissoille-ja-koirille-50-ml","status":"publish","type":"product","link":"https:\/\/miumjau.ee\/fi\/tuote\/beaphar-korvanpuhdistusaine-kissoille-ja-koirille-50-ml\/","title":{"rendered":"Beaphar korvanpuhdistusaine kissoille ja koirille 50 ml"},"content":{"rendered":"","protected":false},"excerpt":{"rendered":"<p data-start=\"864\" data-end=\"958\"><strong data-start=\"864\" data-end=\"887\">Beaphar EAR CLEANER<\/strong> \u2013 korvanpuhdistusaine koirille, kissoille ja muille lemmikkiel\u00e4imille.<\/p>\n<p data-start=\"960\" data-end=\"1059\"><strong data-start=\"960\" data-end=\"983\">Vaikuttavat aineet:<\/strong> Setrimidi 1,50 g\/l, klooriheksidiiniglukonaatti 0,15 g\/l, mentoli 1,00 g\/l.<\/p>\n<p data-start=\"1061\" data-end=\"1156\"><strong data-start=\"1061\" data-end=\"1075\">Apuaineet:<\/strong> Vesi, glyseroli, polysorbaatti 80, Savlon-konsentraatti, MSM (dimetyylisulfoni).<\/p>\n<p data-start=\"1158\" data-end=\"1456\"><strong data-start=\"1158\" data-end=\"1173\">K\u00e4ytt\u00f6ohje:<\/strong> Tiputa 6\u20138 tippaa korvanpuhdistusainetta el\u00e4imen ulkoiseen korvak\u00e4yt\u00e4v\u00e4\u00e4n kaksi kertaa viikossa ja hiero korvaa kevyesti. Puhdista sen j\u00e4lkeen korva varovasti paperipyyhkeell\u00e4. \u00c4l\u00e4 k\u00e4yt\u00e4 vanupuikkoja \u00e4l\u00e4k\u00e4 vie muita esineit\u00e4 korvak\u00e4yt\u00e4v\u00e4\u00e4n. Valmiste on alkoholiton ja hell\u00e4varainen.<\/p>\n<p data-start=\"1458\" data-end=\"1511\"><strong data-start=\"1458\" data-end=\"1471\">S\u00e4ilytys:<\/strong> S\u00e4ilyt\u00e4 kuivassa ja viile\u00e4ss\u00e4 paikassa.<\/p>\n","protected":false},"featured_media":38314,"template":"","meta":[],"product_brand":[],"product_cat":[259,483],"product_tag":[],"class_list":{"0":"post-49099","1":"product","2":"type-product","3":"status-publish","4":"has-post-thumbnail","6":"product_cat-muut","7":"product_cat-hoitotuotteet-koirille","9":"first","10":"instock","11":"taxable","12":"shipping-taxable","13":"purchasable","14":"product-type-simple"},"yoast_head":"<!-- This site is optimized with the Yoast SEO plugin v27.2 - https:\/\/yoast.com\/product\/yoast-seo-wordpress\/ -->\n<title>Beaphar korvanpuhdistusaine kissoille ja koirille 50 ml - MiuMjau<\/title>\n<meta name=\"robots\" content=\"index, follow, max-snippet:-1, max-image-preview:large, max-video-preview:-1\" \/>\n<link rel=\"canonical\" href=\"https:\/\/miumjau.ee\/fi\/tuote\/beaphar-korvanpuhdistusaine-kissoille-ja-koirille-50-ml\/\" \/>\n<meta property=\"og:locale\" content=\"fi_FI\" \/>\n<meta property=\"og:type\" content=\"article\" \/>\n<meta property=\"og:title\" content=\"Beaphar korvanpuhdistusaine kissoille ja koirille 50 ml - MiuMjau\" \/>\n<meta property=\"og:description\" content=\"Beaphar EAR CLEANER \u2013 korvanpuhdistusaine koirille, kissoille ja muille lemmikkiel\u00e4imille. Vaikuttavat aineet: Setrimidi 1,50 g\/l, klooriheksidiiniglukonaatti 0,15 g\/l, mentoli 1,00 g\/l. Apuaineet: Vesi, glyseroli, polysorbaatti 80, Savlon-konsentraatti, MSM (dimetyylisulfoni). K\u00e4ytt\u00f6ohje: Tiputa 6\u20138 tippaa korvanpuhdistusainetta el\u00e4imen ulkoiseen korvak\u00e4yt\u00e4v\u00e4\u00e4n kaksi kertaa viikossa ja hiero korvaa kevyesti. Puhdista sen j\u00e4lkeen korva varovasti paperipyyhkeell\u00e4. \u00c4l\u00e4 k\u00e4yt\u00e4 vanupuikkoja \u00e4l\u00e4k\u00e4 vie muita esineit\u00e4 korvak\u00e4yt\u00e4v\u00e4\u00e4n. Valmiste on alkoholiton ja hell\u00e4varainen. S\u00e4ilytys: S\u00e4ilyt\u00e4 kuivassa ja viile\u00e4ss\u00e4 paikassa.\" \/>\n<meta property=\"og:url\" content=\"https:\/\/miumjau.ee\/fi\/tuote\/beaphar-korvanpuhdistusaine-kissoille-ja-koirille-50-ml\/\" \/>\n<meta property=\"og:site_name\" content=\"MiuMjau\" \/>\n<meta property=\"article:publisher\" content=\"https:\/\/www.facebook.com\/miumjaupood\/\" \/>\n<meta property=\"article:modified_time\" content=\"2026-01-07T20:43:23+00:00\" \/>\n<meta property=\"og:image\" content=\"https:\/\/miumjau.ee\/wp-content\/uploads\/2025\/07\/beaphar-kassidele-koertele32.jpg\" \/>\n\t<meta property=\"og:image:width\" content=\"600\" \/>\n\t<meta property=\"og:image:height\" content=\"800\" \/>\n\t<meta property=\"og:image:type\" content=\"image\/jpeg\" \/>\n<meta name=\"twitter:card\" content=\"summary_large_image\" \/>\n<script type=\"application\/ld+json\" class=\"yoast-schema-graph\">{\"@context\":\"https:\/\/schema.org\",\"@graph\":[{\"@type\":\"WebPage\",\"@id\":\"https:\/\/miumjau.ee\/fi\/tuote\/beaphar-korvanpuhdistusaine-kissoille-ja-koirille-50-ml\/\",\"url\":\"https:\/\/miumjau.ee\/fi\/tuote\/beaphar-korvanpuhdistusaine-kissoille-ja-koirille-50-ml\/\",\"name\":\"Beaphar korvanpuhdistusaine kissoille ja koirille 50 ml - MiuMjau\",\"isPartOf\":{\"@id\":\"https:\/\/miumjau.ee\/#website\"},\"primaryImageOfPage\":{\"@id\":\"https:\/\/miumjau.ee\/fi\/tuote\/beaphar-korvanpuhdistusaine-kissoille-ja-koirille-50-ml\/#primaryimage\"},\"image\":{\"@id\":\"https:\/\/miumjau.ee\/fi\/tuote\/beaphar-korvanpuhdistusaine-kissoille-ja-koirille-50-ml\/#primaryimage\"},\"thumbnailUrl\":\"https:\/\/miumjau.ee\/wp-content\/uploads\/2025\/07\/beaphar-kassidele-koertele32.jpg\",\"datePublished\":\"2025-07-29T12:15:33+00:00\",\"dateModified\":\"2026-01-07T20:43:23+00:00\",\"breadcrumb\":{\"@id\":\"https:\/\/miumjau.ee\/fi\/tuote\/beaphar-korvanpuhdistusaine-kissoille-ja-koirille-50-ml\/#breadcrumb\"},\"inLanguage\":\"fi\",\"potentialAction\":[{\"@type\":\"ReadAction\",\"target\":[\"https:\/\/miumjau.ee\/fi\/tuote\/beaphar-korvanpuhdistusaine-kissoille-ja-koirille-50-ml\/\"]}]},{\"@type\":\"ImageObject\",\"inLanguage\":\"fi\",\"@id\":\"https:\/\/miumjau.ee\/fi\/tuote\/beaphar-korvanpuhdistusaine-kissoille-ja-koirille-50-ml\/#primaryimage\",\"url\":\"https:\/\/miumjau.ee\/wp-content\/uploads\/2025\/07\/beaphar-kassidele-koertele32.jpg\",\"contentUrl\":\"https:\/\/miumjau.ee\/wp-content\/uploads\/2025\/07\/beaphar-kassidele-koertele32.jpg\",\"width\":600,\"height\":800,\"caption\":\"Beaphar k\u00f5rvapuhastusvahend kassidele ja koertele 50ml\"},{\"@type\":\"BreadcrumbList\",\"@id\":\"https:\/\/miumjau.ee\/fi\/tuote\/beaphar-korvanpuhdistusaine-kissoille-ja-koirille-50-ml\/#breadcrumb\",\"itemListElement\":[{\"@type\":\"ListItem\",\"position\":1,\"name\":\"Home\",\"item\":\"https:\/\/miumjau.ee\/fi\/\"},{\"@type\":\"ListItem\",\"position\":2,\"name\":\"Kauppa\",\"item\":\"https:\/\/miumjau.ee\/fi\/kauppa\/\"},{\"@type\":\"ListItem\",\"position\":3,\"name\":\"Beaphar korvanpuhdistusaine kissoille ja koirille 50 ml\"}]},{\"@type\":\"WebSite\",\"@id\":\"https:\/\/miumjau.ee\/#website\",\"url\":\"https:\/\/miumjau.ee\/\",\"name\":\"MiuMjau\",\"description\":\"Kraapimispuud kassidele\",\"publisher\":{\"@id\":\"https:\/\/miumjau.ee\/#organization\"},\"potentialAction\":[{\"@type\":\"SearchAction\",\"target\":{\"@type\":\"EntryPoint\",\"urlTemplate\":\"https:\/\/miumjau.ee\/?s={search_term_string}\"},\"query-input\":{\"@type\":\"PropertyValueSpecification\",\"valueRequired\":true,\"valueName\":\"search_term_string\"}}],\"inLanguage\":\"fi\"},{\"@type\":\"Organization\",\"@id\":\"https:\/\/miumjau.ee\/#organization\",\"name\":\"MiuMjau O\u00dc\",\"url\":\"https:\/\/miumjau.ee\/\",\"logo\":{\"@type\":\"ImageObject\",\"inLanguage\":\"fi\",\"@id\":\"https:\/\/miumjau.ee\/#\/schema\/logo\/image\/\",\"url\":\"https:\/\/miumjau.ee\/wp-content\/uploads\/2022\/04\/MiuMjau-logo-kollane.png\",\"contentUrl\":\"https:\/\/miumjau.ee\/wp-content\/uploads\/2022\/04\/MiuMjau-logo-kollane.png\",\"width\":219,\"height\":100,\"caption\":\"MiuMjau O\u00dc\"},\"image\":{\"@id\":\"https:\/\/miumjau.ee\/#\/schema\/logo\/image\/\"},\"sameAs\":[\"https:\/\/www.facebook.com\/miumjaupood\/\"]}]}<\/script>\n<!-- \/ Yoast SEO plugin. -->","yoast_head_json":{"title":"Beaphar korvanpuhdistusaine kissoille ja koirille 50 ml - MiuMjau","robots":{"index":"index","follow":"follow","max-snippet":"max-snippet:-1","max-image-preview":"max-image-preview:large","max-video-preview":"max-video-preview:-1"},"canonical":"https:\/\/miumjau.ee\/fi\/tuote\/beaphar-korvanpuhdistusaine-kissoille-ja-koirille-50-ml\/","og_locale":"fi_FI","og_type":"article","og_title":"Beaphar korvanpuhdistusaine kissoille ja koirille 50 ml - MiuMjau","og_description":"Beaphar EAR CLEANER \u2013 korvanpuhdistusaine koirille, kissoille ja muille lemmikkiel\u00e4imille. Vaikuttavat aineet: Setrimidi 1,50 g\/l, klooriheksidiiniglukonaatti 0,15 g\/l, mentoli 1,00 g\/l. Apuaineet: Vesi, glyseroli, polysorbaatti 80, Savlon-konsentraatti, MSM (dimetyylisulfoni). K\u00e4ytt\u00f6ohje: Tiputa 6\u20138 tippaa korvanpuhdistusainetta el\u00e4imen ulkoiseen korvak\u00e4yt\u00e4v\u00e4\u00e4n kaksi kertaa viikossa ja hiero korvaa kevyesti. Puhdista sen j\u00e4lkeen korva varovasti paperipyyhkeell\u00e4. \u00c4l\u00e4 k\u00e4yt\u00e4 vanupuikkoja \u00e4l\u00e4k\u00e4 vie muita esineit\u00e4 korvak\u00e4yt\u00e4v\u00e4\u00e4n. Valmiste on alkoholiton ja hell\u00e4varainen. S\u00e4ilytys: S\u00e4ilyt\u00e4 kuivassa ja viile\u00e4ss\u00e4 paikassa.","og_url":"https:\/\/miumjau.ee\/fi\/tuote\/beaphar-korvanpuhdistusaine-kissoille-ja-koirille-50-ml\/","og_site_name":"MiuMjau","article_publisher":"https:\/\/www.facebook.com\/miumjaupood\/","article_modified_time":"2026-01-07T20:43:23+00:00","og_image":[{"width":600,"height":800,"url":"https:\/\/miumjau.ee\/wp-content\/uploads\/2025\/07\/beaphar-kassidele-koertele32.jpg","type":"image\/jpeg"}],"twitter_card":"summary_large_image","schema":{"@context":"https:\/\/schema.org","@graph":[{"@type":"WebPage","@id":"https:\/\/miumjau.ee\/fi\/tuote\/beaphar-korvanpuhdistusaine-kissoille-ja-koirille-50-ml\/","url":"https:\/\/miumjau.ee\/fi\/tuote\/beaphar-korvanpuhdistusaine-kissoille-ja-koirille-50-ml\/","name":"Beaphar korvanpuhdistusaine kissoille ja koirille 50 ml - MiuMjau","isPartOf":{"@id":"https:\/\/miumjau.ee\/#website"},"primaryImageOfPage":{"@id":"https:\/\/miumjau.ee\/fi\/tuote\/beaphar-korvanpuhdistusaine-kissoille-ja-koirille-50-ml\/#primaryimage"},"image":{"@id":"https:\/\/miumjau.ee\/fi\/tuote\/beaphar-korvanpuhdistusaine-kissoille-ja-koirille-50-ml\/#primaryimage"},"thumbnailUrl":"https:\/\/miumjau.ee\/wp-content\/uploads\/2025\/07\/beaphar-kassidele-koertele32.jpg","datePublished":"2025-07-29T12:15:33+00:00","dateModified":"2026-01-07T20:43:23+00:00","breadcrumb":{"@id":"https:\/\/miumjau.ee\/fi\/tuote\/beaphar-korvanpuhdistusaine-kissoille-ja-koirille-50-ml\/#breadcrumb"},"inLanguage":"fi","potentialAction":[{"@type":"ReadAction","target":["https:\/\/miumjau.ee\/fi\/tuote\/beaphar-korvanpuhdistusaine-kissoille-ja-koirille-50-ml\/"]}]},{"@type":"ImageObject","inLanguage":"fi","@id":"https:\/\/miumjau.ee\/fi\/tuote\/beaphar-korvanpuhdistusaine-kissoille-ja-koirille-50-ml\/#primaryimage","url":"https:\/\/miumjau.ee\/wp-content\/uploads\/2025\/07\/beaphar-kassidele-koertele32.jpg","contentUrl":"https:\/\/miumjau.ee\/wp-content\/uploads\/2025\/07\/beaphar-kassidele-koertele32.jpg","width":600,"height":800,"caption":"Beaphar k\u00f5rvapuhastusvahend kassidele ja koertele 50ml"},{"@type":"BreadcrumbList","@id":"https:\/\/miumjau.ee\/fi\/tuote\/beaphar-korvanpuhdistusaine-kissoille-ja-koirille-50-ml\/#breadcrumb","itemListElement":[{"@type":"ListItem","position":1,"name":"Home","item":"https:\/\/miumjau.ee\/fi\/"},{"@type":"ListItem","position":2,"name":"Kauppa","item":"https:\/\/miumjau.ee\/fi\/kauppa\/"},{"@type":"ListItem","position":3,"name":"Beaphar korvanpuhdistusaine kissoille ja koirille 50 ml"}]},{"@type":"WebSite","@id":"https:\/\/miumjau.ee\/#website","url":"https:\/\/miumjau.ee\/","name":"MiuMjau","description":"Kraapimispuud kassidele","publisher":{"@id":"https:\/\/miumjau.ee\/#organization"},"potentialAction":[{"@type":"SearchAction","target":{"@type":"EntryPoint","urlTemplate":"https:\/\/miumjau.ee\/?s={search_term_string}"},"query-input":{"@type":"PropertyValueSpecification","valueRequired":true,"valueName":"search_term_string"}}],"inLanguage":"fi"},{"@type":"Organization","@id":"https:\/\/miumjau.ee\/#organization","name":"MiuMjau O\u00dc","url":"https:\/\/miumjau.ee\/","logo":{"@type":"ImageObject","inLanguage":"fi","@id":"https:\/\/miumjau.ee\/#\/schema\/logo\/image\/","url":"https:\/\/miumjau.ee\/wp-content\/uploads\/2022\/04\/MiuMjau-logo-kollane.png","contentUrl":"https:\/\/miumjau.ee\/wp-content\/uploads\/2022\/04\/MiuMjau-logo-kollane.png","width":219,"height":100,"caption":"MiuMjau O\u00dc"},"image":{"@id":"https:\/\/miumjau.ee\/#\/schema\/logo\/image\/"},"sameAs":["https:\/\/www.facebook.com\/miumjaupood\/"]}]}},"_links":{"self":[{"href":"https:\/\/miumjau.ee\/fi\/wp-json\/wp\/v2\/product\/49099","targetHints":{"allow":["GET"]}}],"collection":[{"href":"https:\/\/miumjau.ee\/fi\/wp-json\/wp\/v2\/product"}],"about":[{"href":"https:\/\/miumjau.ee\/fi\/wp-json\/wp\/v2\/types\/product"}],"wp:featuredmedia":[{"embeddable":true,"href":"https:\/\/miumjau.ee\/fi\/wp-json\/wp\/v2\/media\/38314"}],"wp:attachment":[{"href":"https:\/\/miumjau.ee\/fi\/wp-json\/wp\/v2\/media?parent=49099"}],"wp:term":[{"taxonomy":"product_brand","embeddable":true,"href":"https:\/\/miumjau.ee\/fi\/wp-json\/wp\/v2\/product_brand?post=49099"},{"taxonomy":"product_cat","embeddable":true,"href":"https:\/\/miumjau.ee\/fi\/wp-json\/wp\/v2\/product_cat?post=49099"},{"taxonomy":"product_tag","embeddable":true,"href":"https:\/\/miumjau.ee\/fi\/wp-json\/wp\/v2\/product_tag?post=49099"}],"curies":[{"name":"wp","href":"https:\/\/api.w.org\/{rel}","templated":true}]}}