{"id":49093,"date":"2025-07-29T15:04:54","date_gmt":"2025-07-29T12:04:54","guid":{"rendered":"https:\/\/miumjau.ee\/toode\/beaphar-bio-band-hyonteisia-karkottava-kaulapanta-65-cm\/"},"modified":"2026-01-07T22:43:30","modified_gmt":"2026-01-07T20:43:30","slug":"beaphar-bio-band-hyonteisia-karkottava-kaulapanta-65-cm","status":"publish","type":"product","link":"https:\/\/miumjau.ee\/fi\/tuote\/beaphar-bio-band-hyonteisia-karkottava-kaulapanta-65-cm\/","title":{"rendered":"Beaphar Bio Band \u2013 hy\u00f6nteisi\u00e4 karkottava kaulapanta 65 cm"},"content":{"rendered":"","protected":false},"excerpt":{"rendered":"<p data-start=\"1630\" data-end=\"1996\">Bio Band on 100 % luonnollinen hy\u00f6nteiskarkotteinen kaulapanta koirille, 65 cm. Beaphar Bio Band sopii koirille 12 viikon i\u00e4st\u00e4 alkaen. Vaikuttavat aineet levi\u00e4v\u00e4t turkkiin ja karkottavat kirppuja ja muita hy\u00f6nteisi\u00e4. Lis\u00e4ksi panta antaa lemmikille miellytt\u00e4v\u00e4n, raikkaan tuoksun. Kaulapannan pituus on yksil\u00f6llisesti s\u00e4\u00e4dett\u00e4viss\u00e4. Beaphar Bio Band on vedenkest\u00e4v\u00e4.<\/p>\n<p data-start=\"1998\" data-end=\"2118\"><strong data-start=\"1998\" data-end=\"2012\">Koostumus:<\/strong> Neem-puun (Azadirachta indica) uute (CAS-nro 84696-25-3: 2 %), laventeli\u00f6ljy (CAS-nro 91722-69-9: 1,5 %).<\/p>\n<p data-start=\"2120\" data-end=\"2429\"><strong data-start=\"2120\" data-end=\"2135\">K\u00e4ytt\u00f6ohje:<\/strong> Avaa pakkaus juuri ennen k\u00e4ytt\u00f6\u00e4 ja kiinnit\u00e4 panta l\u00f6yh\u00e4sti koiran kaulan ymp\u00e4rille. Kahden sormen tulee mahtua pannan ja kaulan v\u00e4liin. Leikkaa ylim\u00e4\u00e4r\u00e4inen osa pois soljen takaa. Kasvavalla koiralla pantaa tulee s\u00e4\u00e4t\u00e4\u00e4 koiran kasvaessa. Kaulapanta saavuttaa t\u00e4yden tehon 5\u20137 p\u00e4iv\u00e4n kuluessa.<\/p>\n<p data-start=\"2431\" data-end=\"2505\"><strong data-start=\"2431\" data-end=\"2444\">Varoitus:<\/strong> Sis\u00e4lt\u00e4\u00e4 linaloolia, joka voi aiheuttaa allergisen reaktion.<\/p>\n<p data-start=\"2507\" data-end=\"2975\"><strong data-start=\"2507\" data-end=\"2519\">Ensiapu:<\/strong><br data-start=\"2519\" data-end=\"2522\" \/>Iholle joutuessa: Pese runsaalla vedell\u00e4 ja saippualla.<br data-start=\"2577\" data-end=\"2580\" \/>Silmiin joutuessa: Huuhtele v\u00e4litt\u00f6m\u00e4sti vedell\u00e4 v\u00e4hint\u00e4\u00e4n 10 minuutin ajan.<br data-start=\"2656\" data-end=\"2659\" \/>Nielt\u00e4ess\u00e4: Aiheuta oksentaminen. Ota v\u00e4litt\u00f6m\u00e4sti yhteys l\u00e4\u00e4k\u00e4riin ja n\u00e4yt\u00e4 pakkaus tai etiketti. Anna aktiivihiilen vesiliuosta tai nestem\u00e4ist\u00e4 parafiinia.<br data-start=\"2816\" data-end=\"2819\" \/>Hengitettyn\u00e4: Tuuleta tila. Tapaturman sattuessa vie altistunut raittiiseen ilmaan ja aseta makuuasentoon. Huonovointisuuden jatkuessa ota yhteys l\u00e4\u00e4k\u00e4riin.<\/p>\n","protected":false},"featured_media":38286,"template":"","meta":[],"product_brand":[],"product_cat":[483],"product_tag":[],"class_list":{"0":"post-49093","1":"product","2":"type-product","3":"status-publish","4":"has-post-thumbnail","6":"product_cat-hoitotuotteet-koirille","8":"first","9":"instock","10":"taxable","11":"shipping-taxable","12":"purchasable","13":"product-type-simple"},"yoast_head":"<!-- This site is optimized with the Yoast SEO plugin v27.2 - https:\/\/yoast.com\/product\/yoast-seo-wordpress\/ -->\n<title>Beaphar Bio Band \u2013 hy\u00f6nteisi\u00e4 karkottava kaulapanta 65 cm - MiuMjau<\/title>\n<meta name=\"robots\" content=\"index, follow, max-snippet:-1, max-image-preview:large, max-video-preview:-1\" \/>\n<link rel=\"canonical\" href=\"https:\/\/miumjau.ee\/fi\/tuote\/beaphar-bio-band-hyonteisia-karkottava-kaulapanta-65-cm\/\" \/>\n<meta property=\"og:locale\" content=\"fi_FI\" \/>\n<meta property=\"og:type\" content=\"article\" \/>\n<meta property=\"og:title\" content=\"Beaphar Bio Band \u2013 hy\u00f6nteisi\u00e4 karkottava kaulapanta 65 cm - MiuMjau\" \/>\n<meta property=\"og:description\" content=\"Bio Band on 100 % luonnollinen hy\u00f6nteiskarkotteinen kaulapanta koirille, 65 cm. Beaphar Bio Band sopii koirille 12 viikon i\u00e4st\u00e4 alkaen. Vaikuttavat aineet levi\u00e4v\u00e4t turkkiin ja karkottavat kirppuja ja muita hy\u00f6nteisi\u00e4. Lis\u00e4ksi panta antaa lemmikille miellytt\u00e4v\u00e4n, raikkaan tuoksun. Kaulapannan pituus on yksil\u00f6llisesti s\u00e4\u00e4dett\u00e4viss\u00e4. Beaphar Bio Band on vedenkest\u00e4v\u00e4. Koostumus: Neem-puun (Azadirachta indica) uute (CAS-nro 84696-25-3: 2 %), laventeli\u00f6ljy (CAS-nro 91722-69-9: 1,5 %). K\u00e4ytt\u00f6ohje: Avaa pakkaus juuri ennen k\u00e4ytt\u00f6\u00e4 ja kiinnit\u00e4 panta l\u00f6yh\u00e4sti koiran kaulan ymp\u00e4rille. Kahden sormen tulee mahtua pannan ja kaulan v\u00e4liin. Leikkaa ylim\u00e4\u00e4r\u00e4inen osa pois soljen takaa. Kasvavalla koiralla pantaa tulee s\u00e4\u00e4t\u00e4\u00e4 koiran kasvaessa. Kaulapanta saavuttaa t\u00e4yden tehon 5\u20137 p\u00e4iv\u00e4n kuluessa. Varoitus: Sis\u00e4lt\u00e4\u00e4 linaloolia, joka voi aiheuttaa allergisen reaktion. Ensiapu:Iholle joutuessa: Pese runsaalla vedell\u00e4 ja saippualla.Silmiin joutuessa: Huuhtele v\u00e4litt\u00f6m\u00e4sti vedell\u00e4 v\u00e4hint\u00e4\u00e4n 10 minuutin ajan.Nielt\u00e4ess\u00e4: Aiheuta oksentaminen. Ota v\u00e4litt\u00f6m\u00e4sti yhteys l\u00e4\u00e4k\u00e4riin ja n\u00e4yt\u00e4 pakkaus tai etiketti. Anna aktiivihiilen vesiliuosta tai nestem\u00e4ist\u00e4 parafiinia.Hengitettyn\u00e4: Tuuleta tila. Tapaturman sattuessa vie altistunut raittiiseen ilmaan ja aseta makuuasentoon. Huonovointisuuden jatkuessa ota yhteys l\u00e4\u00e4k\u00e4riin.\" \/>\n<meta property=\"og:url\" content=\"https:\/\/miumjau.ee\/fi\/tuote\/beaphar-bio-band-hyonteisia-karkottava-kaulapanta-65-cm\/\" \/>\n<meta property=\"og:site_name\" content=\"MiuMjau\" \/>\n<meta property=\"article:publisher\" content=\"https:\/\/www.facebook.com\/miumjaupood\/\" \/>\n<meta property=\"article:modified_time\" content=\"2026-01-07T20:43:30+00:00\" \/>\n<meta property=\"og:image\" content=\"https:\/\/miumjau.ee\/wp-content\/uploads\/2025\/07\/beaphar-kassidele-koertele25.jpg\" \/>\n\t<meta property=\"og:image:width\" content=\"600\" \/>\n\t<meta property=\"og:image:height\" content=\"800\" \/>\n\t<meta property=\"og:image:type\" content=\"image\/jpeg\" \/>\n<meta name=\"twitter:card\" content=\"summary_large_image\" \/>\n<script type=\"application\/ld+json\" class=\"yoast-schema-graph\">{\"@context\":\"https:\/\/schema.org\",\"@graph\":[{\"@type\":\"WebPage\",\"@id\":\"https:\/\/miumjau.ee\/fi\/tuote\/beaphar-bio-band-hyonteisia-karkottava-kaulapanta-65-cm\/\",\"url\":\"https:\/\/miumjau.ee\/fi\/tuote\/beaphar-bio-band-hyonteisia-karkottava-kaulapanta-65-cm\/\",\"name\":\"Beaphar Bio Band \u2013 hy\u00f6nteisi\u00e4 karkottava kaulapanta 65 cm - MiuMjau\",\"isPartOf\":{\"@id\":\"https:\/\/miumjau.ee\/#website\"},\"primaryImageOfPage\":{\"@id\":\"https:\/\/miumjau.ee\/fi\/tuote\/beaphar-bio-band-hyonteisia-karkottava-kaulapanta-65-cm\/#primaryimage\"},\"image\":{\"@id\":\"https:\/\/miumjau.ee\/fi\/tuote\/beaphar-bio-band-hyonteisia-karkottava-kaulapanta-65-cm\/#primaryimage\"},\"thumbnailUrl\":\"https:\/\/miumjau.ee\/wp-content\/uploads\/2025\/07\/beaphar-kassidele-koertele25.jpg\",\"datePublished\":\"2025-07-29T12:04:54+00:00\",\"dateModified\":\"2026-01-07T20:43:30+00:00\",\"breadcrumb\":{\"@id\":\"https:\/\/miumjau.ee\/fi\/tuote\/beaphar-bio-band-hyonteisia-karkottava-kaulapanta-65-cm\/#breadcrumb\"},\"inLanguage\":\"fi\",\"potentialAction\":[{\"@type\":\"ReadAction\",\"target\":[\"https:\/\/miumjau.ee\/fi\/tuote\/beaphar-bio-band-hyonteisia-karkottava-kaulapanta-65-cm\/\"]}]},{\"@type\":\"ImageObject\",\"inLanguage\":\"fi\",\"@id\":\"https:\/\/miumjau.ee\/fi\/tuote\/beaphar-bio-band-hyonteisia-karkottava-kaulapanta-65-cm\/#primaryimage\",\"url\":\"https:\/\/miumjau.ee\/wp-content\/uploads\/2025\/07\/beaphar-kassidele-koertele25.jpg\",\"contentUrl\":\"https:\/\/miumjau.ee\/wp-content\/uploads\/2025\/07\/beaphar-kassidele-koertele25.jpg\",\"width\":600,\"height\":800,\"caption\":\"Beaphar Bio band - putukaid t\u00f5rjuv kaelarihm 65cm\"},{\"@type\":\"BreadcrumbList\",\"@id\":\"https:\/\/miumjau.ee\/fi\/tuote\/beaphar-bio-band-hyonteisia-karkottava-kaulapanta-65-cm\/#breadcrumb\",\"itemListElement\":[{\"@type\":\"ListItem\",\"position\":1,\"name\":\"Home\",\"item\":\"https:\/\/miumjau.ee\/fi\/\"},{\"@type\":\"ListItem\",\"position\":2,\"name\":\"Kauppa\",\"item\":\"https:\/\/miumjau.ee\/fi\/kauppa\/\"},{\"@type\":\"ListItem\",\"position\":3,\"name\":\"Beaphar Bio Band \u2013 hy\u00f6nteisi\u00e4 karkottava kaulapanta 65 cm\"}]},{\"@type\":\"WebSite\",\"@id\":\"https:\/\/miumjau.ee\/#website\",\"url\":\"https:\/\/miumjau.ee\/\",\"name\":\"MiuMjau\",\"description\":\"Kraapimispuud kassidele\",\"publisher\":{\"@id\":\"https:\/\/miumjau.ee\/#organization\"},\"potentialAction\":[{\"@type\":\"SearchAction\",\"target\":{\"@type\":\"EntryPoint\",\"urlTemplate\":\"https:\/\/miumjau.ee\/?s={search_term_string}\"},\"query-input\":{\"@type\":\"PropertyValueSpecification\",\"valueRequired\":true,\"valueName\":\"search_term_string\"}}],\"inLanguage\":\"fi\"},{\"@type\":\"Organization\",\"@id\":\"https:\/\/miumjau.ee\/#organization\",\"name\":\"MiuMjau O\u00dc\",\"url\":\"https:\/\/miumjau.ee\/\",\"logo\":{\"@type\":\"ImageObject\",\"inLanguage\":\"fi\",\"@id\":\"https:\/\/miumjau.ee\/#\/schema\/logo\/image\/\",\"url\":\"https:\/\/miumjau.ee\/wp-content\/uploads\/2022\/04\/MiuMjau-logo-kollane.png\",\"contentUrl\":\"https:\/\/miumjau.ee\/wp-content\/uploads\/2022\/04\/MiuMjau-logo-kollane.png\",\"width\":219,\"height\":100,\"caption\":\"MiuMjau O\u00dc\"},\"image\":{\"@id\":\"https:\/\/miumjau.ee\/#\/schema\/logo\/image\/\"},\"sameAs\":[\"https:\/\/www.facebook.com\/miumjaupood\/\"]}]}<\/script>\n<!-- \/ Yoast SEO plugin. -->","yoast_head_json":{"title":"Beaphar Bio Band \u2013 hy\u00f6nteisi\u00e4 karkottava kaulapanta 65 cm - MiuMjau","robots":{"index":"index","follow":"follow","max-snippet":"max-snippet:-1","max-image-preview":"max-image-preview:large","max-video-preview":"max-video-preview:-1"},"canonical":"https:\/\/miumjau.ee\/fi\/tuote\/beaphar-bio-band-hyonteisia-karkottava-kaulapanta-65-cm\/","og_locale":"fi_FI","og_type":"article","og_title":"Beaphar Bio Band \u2013 hy\u00f6nteisi\u00e4 karkottava kaulapanta 65 cm - MiuMjau","og_description":"Bio Band on 100 % luonnollinen hy\u00f6nteiskarkotteinen kaulapanta koirille, 65 cm. Beaphar Bio Band sopii koirille 12 viikon i\u00e4st\u00e4 alkaen. Vaikuttavat aineet levi\u00e4v\u00e4t turkkiin ja karkottavat kirppuja ja muita hy\u00f6nteisi\u00e4. Lis\u00e4ksi panta antaa lemmikille miellytt\u00e4v\u00e4n, raikkaan tuoksun. Kaulapannan pituus on yksil\u00f6llisesti s\u00e4\u00e4dett\u00e4viss\u00e4. Beaphar Bio Band on vedenkest\u00e4v\u00e4. Koostumus: Neem-puun (Azadirachta indica) uute (CAS-nro 84696-25-3: 2 %), laventeli\u00f6ljy (CAS-nro 91722-69-9: 1,5 %). K\u00e4ytt\u00f6ohje: Avaa pakkaus juuri ennen k\u00e4ytt\u00f6\u00e4 ja kiinnit\u00e4 panta l\u00f6yh\u00e4sti koiran kaulan ymp\u00e4rille. Kahden sormen tulee mahtua pannan ja kaulan v\u00e4liin. Leikkaa ylim\u00e4\u00e4r\u00e4inen osa pois soljen takaa. Kasvavalla koiralla pantaa tulee s\u00e4\u00e4t\u00e4\u00e4 koiran kasvaessa. Kaulapanta saavuttaa t\u00e4yden tehon 5\u20137 p\u00e4iv\u00e4n kuluessa. Varoitus: Sis\u00e4lt\u00e4\u00e4 linaloolia, joka voi aiheuttaa allergisen reaktion. Ensiapu:Iholle joutuessa: Pese runsaalla vedell\u00e4 ja saippualla.Silmiin joutuessa: Huuhtele v\u00e4litt\u00f6m\u00e4sti vedell\u00e4 v\u00e4hint\u00e4\u00e4n 10 minuutin ajan.Nielt\u00e4ess\u00e4: Aiheuta oksentaminen. Ota v\u00e4litt\u00f6m\u00e4sti yhteys l\u00e4\u00e4k\u00e4riin ja n\u00e4yt\u00e4 pakkaus tai etiketti. Anna aktiivihiilen vesiliuosta tai nestem\u00e4ist\u00e4 parafiinia.Hengitettyn\u00e4: Tuuleta tila. Tapaturman sattuessa vie altistunut raittiiseen ilmaan ja aseta makuuasentoon. Huonovointisuuden jatkuessa ota yhteys l\u00e4\u00e4k\u00e4riin.","og_url":"https:\/\/miumjau.ee\/fi\/tuote\/beaphar-bio-band-hyonteisia-karkottava-kaulapanta-65-cm\/","og_site_name":"MiuMjau","article_publisher":"https:\/\/www.facebook.com\/miumjaupood\/","article_modified_time":"2026-01-07T20:43:30+00:00","og_image":[{"width":600,"height":800,"url":"https:\/\/miumjau.ee\/wp-content\/uploads\/2025\/07\/beaphar-kassidele-koertele25.jpg","type":"image\/jpeg"}],"twitter_card":"summary_large_image","schema":{"@context":"https:\/\/schema.org","@graph":[{"@type":"WebPage","@id":"https:\/\/miumjau.ee\/fi\/tuote\/beaphar-bio-band-hyonteisia-karkottava-kaulapanta-65-cm\/","url":"https:\/\/miumjau.ee\/fi\/tuote\/beaphar-bio-band-hyonteisia-karkottava-kaulapanta-65-cm\/","name":"Beaphar Bio Band \u2013 hy\u00f6nteisi\u00e4 karkottava kaulapanta 65 cm - MiuMjau","isPartOf":{"@id":"https:\/\/miumjau.ee\/#website"},"primaryImageOfPage":{"@id":"https:\/\/miumjau.ee\/fi\/tuote\/beaphar-bio-band-hyonteisia-karkottava-kaulapanta-65-cm\/#primaryimage"},"image":{"@id":"https:\/\/miumjau.ee\/fi\/tuote\/beaphar-bio-band-hyonteisia-karkottava-kaulapanta-65-cm\/#primaryimage"},"thumbnailUrl":"https:\/\/miumjau.ee\/wp-content\/uploads\/2025\/07\/beaphar-kassidele-koertele25.jpg","datePublished":"2025-07-29T12:04:54+00:00","dateModified":"2026-01-07T20:43:30+00:00","breadcrumb":{"@id":"https:\/\/miumjau.ee\/fi\/tuote\/beaphar-bio-band-hyonteisia-karkottava-kaulapanta-65-cm\/#breadcrumb"},"inLanguage":"fi","potentialAction":[{"@type":"ReadAction","target":["https:\/\/miumjau.ee\/fi\/tuote\/beaphar-bio-band-hyonteisia-karkottava-kaulapanta-65-cm\/"]}]},{"@type":"ImageObject","inLanguage":"fi","@id":"https:\/\/miumjau.ee\/fi\/tuote\/beaphar-bio-band-hyonteisia-karkottava-kaulapanta-65-cm\/#primaryimage","url":"https:\/\/miumjau.ee\/wp-content\/uploads\/2025\/07\/beaphar-kassidele-koertele25.jpg","contentUrl":"https:\/\/miumjau.ee\/wp-content\/uploads\/2025\/07\/beaphar-kassidele-koertele25.jpg","width":600,"height":800,"caption":"Beaphar Bio band - putukaid t\u00f5rjuv kaelarihm 65cm"},{"@type":"BreadcrumbList","@id":"https:\/\/miumjau.ee\/fi\/tuote\/beaphar-bio-band-hyonteisia-karkottava-kaulapanta-65-cm\/#breadcrumb","itemListElement":[{"@type":"ListItem","position":1,"name":"Home","item":"https:\/\/miumjau.ee\/fi\/"},{"@type":"ListItem","position":2,"name":"Kauppa","item":"https:\/\/miumjau.ee\/fi\/kauppa\/"},{"@type":"ListItem","position":3,"name":"Beaphar Bio Band \u2013 hy\u00f6nteisi\u00e4 karkottava kaulapanta 65 cm"}]},{"@type":"WebSite","@id":"https:\/\/miumjau.ee\/#website","url":"https:\/\/miumjau.ee\/","name":"MiuMjau","description":"Kraapimispuud kassidele","publisher":{"@id":"https:\/\/miumjau.ee\/#organization"},"potentialAction":[{"@type":"SearchAction","target":{"@type":"EntryPoint","urlTemplate":"https:\/\/miumjau.ee\/?s={search_term_string}"},"query-input":{"@type":"PropertyValueSpecification","valueRequired":true,"valueName":"search_term_string"}}],"inLanguage":"fi"},{"@type":"Organization","@id":"https:\/\/miumjau.ee\/#organization","name":"MiuMjau O\u00dc","url":"https:\/\/miumjau.ee\/","logo":{"@type":"ImageObject","inLanguage":"fi","@id":"https:\/\/miumjau.ee\/#\/schema\/logo\/image\/","url":"https:\/\/miumjau.ee\/wp-content\/uploads\/2022\/04\/MiuMjau-logo-kollane.png","contentUrl":"https:\/\/miumjau.ee\/wp-content\/uploads\/2022\/04\/MiuMjau-logo-kollane.png","width":219,"height":100,"caption":"MiuMjau O\u00dc"},"image":{"@id":"https:\/\/miumjau.ee\/#\/schema\/logo\/image\/"},"sameAs":["https:\/\/www.facebook.com\/miumjaupood\/"]}]}},"_links":{"self":[{"href":"https:\/\/miumjau.ee\/fi\/wp-json\/wp\/v2\/product\/49093","targetHints":{"allow":["GET"]}}],"collection":[{"href":"https:\/\/miumjau.ee\/fi\/wp-json\/wp\/v2\/product"}],"about":[{"href":"https:\/\/miumjau.ee\/fi\/wp-json\/wp\/v2\/types\/product"}],"wp:featuredmedia":[{"embeddable":true,"href":"https:\/\/miumjau.ee\/fi\/wp-json\/wp\/v2\/media\/38286"}],"wp:attachment":[{"href":"https:\/\/miumjau.ee\/fi\/wp-json\/wp\/v2\/media?parent=49093"}],"wp:term":[{"taxonomy":"product_brand","embeddable":true,"href":"https:\/\/miumjau.ee\/fi\/wp-json\/wp\/v2\/product_brand?post=49093"},{"taxonomy":"product_cat","embeddable":true,"href":"https:\/\/miumjau.ee\/fi\/wp-json\/wp\/v2\/product_cat?post=49093"},{"taxonomy":"product_tag","embeddable":true,"href":"https:\/\/miumjau.ee\/fi\/wp-json\/wp\/v2\/product_tag?post=49093"}],"curies":[{"name":"wp","href":"https:\/\/api.w.org\/{rel}","templated":true}]}}