{"id":49087,"date":"2025-07-29T14:11:09","date_gmt":"2025-07-29T11:11:09","guid":{"rendered":"https:\/\/miumjau.ee\/toode\/beaphar-stressia-lievittavat-herkut-35-g\/"},"modified":"2026-01-07T22:43:30","modified_gmt":"2026-01-07T20:43:30","slug":"beaphar-stressia-lievittavat-herkut-35-g","status":"publish","type":"product","link":"https:\/\/miumjau.ee\/fi\/tuote\/beaphar-stressia-lievittavat-herkut-35-g\/","title":{"rendered":"Beaphar stressi\u00e4 lievitt\u00e4v\u00e4t herkut 35 g"},"content":{"rendered":"","protected":false},"excerpt":{"rendered":"<p data-start=\"1628\" data-end=\"1756\"><strong data-start=\"1628\" data-end=\"1667\">Beaphar No Stress -herkut kissoille<\/strong> \u2013 rapeita, t\u00e4ytteellisi\u00e4, tyynynmuotoisia herkkuja. Rauhoittava t\u00e4ydennysrehu kissoille.<\/p>\n<p data-start=\"1758\" data-end=\"2107\">Sis\u00e4lt\u00e4\u00e4 luonnollisia kasvipohjaisia ainesosia (valeriaana, sitruunamelissa, humala). Suositellaan stressin lievitt\u00e4miseen ja rauhoittamiseen, liiallisen \u00e4\u00e4ntelyn, huonekalujen raapimisen ja merkkaamisen ehk\u00e4isyyn. Sopii stressaaviin tilanteisiin, kuten el\u00e4inl\u00e4\u00e4k\u00e4rik\u00e4ynteihin tai suojakotiin, ukkoseen ja ilotulituksiin, muuttoon ja matkustamiseen.<\/p>\n<p data-start=\"2109\" data-end=\"2287\"><strong data-start=\"2109\" data-end=\"2123\">Ainesosat:<\/strong> Viljat, maito ja maitotuotteet, kasviper\u00e4iset tuotteet (valeriaana 0,1 %, humala 1 %, sitruunamelissa 5 %), rasvat, liha ja el\u00e4inper\u00e4iset sivutuotteet (kanajauho).<\/p>\n<p data-start=\"2289\" data-end=\"2667\"><strong data-start=\"2289\" data-end=\"2316\">Analyyttinen koostumus:<\/strong> Raakavalkuainen 30 %, raakakuitu 4,2 %, raakarasvat ja -\u00f6ljyt 9,7 %, tuhka 4,1 %, kosteus 9,6 %, kalsium 0,17 %, fosfori 0,63 %, magnesium 0,12 %, rikki 0,00021 %, natrium 0,16 %, kalium 0,53 %, laktoosi 5,2 %, glukoosi 2,5 %, \u03b1-linoleenihappo 0,073 %, linolihappo 1,9 %.<br data-start=\"2588\" data-end=\"2591\" \/><strong data-start=\"2591\" data-end=\"2609\">Lis\u00e4aineet\/kg:<\/strong> A-vitamiini 4580 IU, B1-vitamiini 4,1 mg, antioksidantit.<\/p>\n<p data-start=\"2669\" data-end=\"3062\"><strong data-start=\"2669\" data-end=\"2684\">K\u00e4ytt\u00f6ohje:<\/strong> Herkut voidaan sekoittaa ruokaan tai antaa k\u00e4dest\u00e4. Suositellaan annettavaksi 1,5 tuntia ennen odotettua stressitilannetta.<br data-start=\"2808\" data-end=\"2811\" \/><strong data-start=\"2811\" data-end=\"2824\">Annostus:<\/strong> 2\u20133 herkkua p\u00e4iv\u00e4ss\u00e4. Enint\u00e4\u00e4n 6 herkkua p\u00e4iv\u00e4ss\u00e4. Vaikutus alkaa 1,5 tunnin kuluessa. Voidaan antaa uudelleen 2,5 tunnin kuluttua. Ei yli 3 kertaa p\u00e4iv\u00e4ss\u00e4.<br data-start=\"2982\" data-end=\"2985\" \/><strong data-start=\"2985\" data-end=\"3002\">Vasta-aiheet:<\/strong> Yksil\u00f6llinen herkkyys ainesosille.<br data-start=\"3037\" data-end=\"3040\" \/><strong data-start=\"3040\" data-end=\"3056\">Pakkauskoko:<\/strong> 35 g.<\/p>\n","protected":false},"featured_media":38282,"template":"","meta":[],"product_brand":[],"product_cat":[266,876],"product_tag":[],"class_list":{"0":"post-49087","1":"product","2":"type-product","3":"status-publish","4":"has-post-thumbnail","6":"product_cat-makeiset","7":"product_cat-vitamiinit-ja-lisaravinteet-kissalle","9":"first","10":"instock","11":"taxable","12":"shipping-taxable","13":"purchasable","14":"product-type-simple"},"yoast_head":"<!-- This site is optimized with the Yoast SEO plugin v27.4 - https:\/\/yoast.com\/product\/yoast-seo-wordpress\/ -->\n<title>Beaphar stressi\u00e4 lievitt\u00e4v\u00e4t herkut 35 g - MiuMjau<\/title>\n<meta name=\"robots\" content=\"index, follow, max-snippet:-1, max-image-preview:large, max-video-preview:-1\" \/>\n<link rel=\"canonical\" href=\"https:\/\/miumjau.ee\/fi\/tuote\/beaphar-stressia-lievittavat-herkut-35-g\/\" \/>\n<meta property=\"og:locale\" content=\"fi_FI\" \/>\n<meta property=\"og:type\" content=\"article\" \/>\n<meta property=\"og:title\" content=\"Beaphar stressi\u00e4 lievitt\u00e4v\u00e4t herkut 35 g - MiuMjau\" \/>\n<meta property=\"og:description\" content=\"Beaphar No Stress -herkut kissoille \u2013 rapeita, t\u00e4ytteellisi\u00e4, tyynynmuotoisia herkkuja. Rauhoittava t\u00e4ydennysrehu kissoille. Sis\u00e4lt\u00e4\u00e4 luonnollisia kasvipohjaisia ainesosia (valeriaana, sitruunamelissa, humala). Suositellaan stressin lievitt\u00e4miseen ja rauhoittamiseen, liiallisen \u00e4\u00e4ntelyn, huonekalujen raapimisen ja merkkaamisen ehk\u00e4isyyn. Sopii stressaaviin tilanteisiin, kuten el\u00e4inl\u00e4\u00e4k\u00e4rik\u00e4ynteihin tai suojakotiin, ukkoseen ja ilotulituksiin, muuttoon ja matkustamiseen. Ainesosat: Viljat, maito ja maitotuotteet, kasviper\u00e4iset tuotteet (valeriaana 0,1 %, humala 1 %, sitruunamelissa 5 %), rasvat, liha ja el\u00e4inper\u00e4iset sivutuotteet (kanajauho). Analyyttinen koostumus: Raakavalkuainen 30 %, raakakuitu 4,2 %, raakarasvat ja -\u00f6ljyt 9,7 %, tuhka 4,1 %, kosteus 9,6 %, kalsium 0,17 %, fosfori 0,63 %, magnesium 0,12 %, rikki 0,00021 %, natrium 0,16 %, kalium 0,53 %, laktoosi 5,2 %, glukoosi 2,5 %, \u03b1-linoleenihappo 0,073 %, linolihappo 1,9 %.Lis\u00e4aineet\/kg: A-vitamiini 4580 IU, B1-vitamiini 4,1 mg, antioksidantit. K\u00e4ytt\u00f6ohje: Herkut voidaan sekoittaa ruokaan tai antaa k\u00e4dest\u00e4. Suositellaan annettavaksi 1,5 tuntia ennen odotettua stressitilannetta.Annostus: 2\u20133 herkkua p\u00e4iv\u00e4ss\u00e4. Enint\u00e4\u00e4n 6 herkkua p\u00e4iv\u00e4ss\u00e4. Vaikutus alkaa 1,5 tunnin kuluessa. Voidaan antaa uudelleen 2,5 tunnin kuluttua. Ei yli 3 kertaa p\u00e4iv\u00e4ss\u00e4.Vasta-aiheet: Yksil\u00f6llinen herkkyys ainesosille.Pakkauskoko: 35 g.\" \/>\n<meta property=\"og:url\" content=\"https:\/\/miumjau.ee\/fi\/tuote\/beaphar-stressia-lievittavat-herkut-35-g\/\" \/>\n<meta property=\"og:site_name\" content=\"MiuMjau\" \/>\n<meta property=\"article:publisher\" content=\"https:\/\/www.facebook.com\/miumjaupood\/\" \/>\n<meta property=\"article:modified_time\" content=\"2026-01-07T20:43:30+00:00\" \/>\n<meta property=\"og:image\" content=\"https:\/\/miumjau.ee\/wp-content\/uploads\/2025\/07\/beaphar-kassidele-koertele24.jpg\" \/>\n\t<meta property=\"og:image:width\" content=\"600\" \/>\n\t<meta property=\"og:image:height\" content=\"800\" \/>\n\t<meta property=\"og:image:type\" content=\"image\/jpeg\" \/>\n<meta name=\"twitter:card\" content=\"summary_large_image\" \/>\n<script type=\"application\/ld+json\" class=\"yoast-schema-graph\">{\"@context\":\"https:\\\/\\\/schema.org\",\"@graph\":[{\"@type\":\"WebPage\",\"@id\":\"https:\\\/\\\/miumjau.ee\\\/fi\\\/tuote\\\/beaphar-stressia-lievittavat-herkut-35-g\\\/\",\"url\":\"https:\\\/\\\/miumjau.ee\\\/fi\\\/tuote\\\/beaphar-stressia-lievittavat-herkut-35-g\\\/\",\"name\":\"Beaphar stressi\u00e4 lievitt\u00e4v\u00e4t herkut 35 g - MiuMjau\",\"isPartOf\":{\"@id\":\"https:\\\/\\\/miumjau.ee\\\/#website\"},\"primaryImageOfPage\":{\"@id\":\"https:\\\/\\\/miumjau.ee\\\/fi\\\/tuote\\\/beaphar-stressia-lievittavat-herkut-35-g\\\/#primaryimage\"},\"image\":{\"@id\":\"https:\\\/\\\/miumjau.ee\\\/fi\\\/tuote\\\/beaphar-stressia-lievittavat-herkut-35-g\\\/#primaryimage\"},\"thumbnailUrl\":\"https:\\\/\\\/miumjau.ee\\\/wp-content\\\/uploads\\\/2025\\\/07\\\/beaphar-kassidele-koertele24.jpg\",\"datePublished\":\"2025-07-29T11:11:09+00:00\",\"dateModified\":\"2026-01-07T20:43:30+00:00\",\"breadcrumb\":{\"@id\":\"https:\\\/\\\/miumjau.ee\\\/fi\\\/tuote\\\/beaphar-stressia-lievittavat-herkut-35-g\\\/#breadcrumb\"},\"inLanguage\":\"fi\",\"potentialAction\":[{\"@type\":\"ReadAction\",\"target\":[\"https:\\\/\\\/miumjau.ee\\\/fi\\\/tuote\\\/beaphar-stressia-lievittavat-herkut-35-g\\\/\"]}]},{\"@type\":\"ImageObject\",\"inLanguage\":\"fi\",\"@id\":\"https:\\\/\\\/miumjau.ee\\\/fi\\\/tuote\\\/beaphar-stressia-lievittavat-herkut-35-g\\\/#primaryimage\",\"url\":\"https:\\\/\\\/miumjau.ee\\\/wp-content\\\/uploads\\\/2025\\\/07\\\/beaphar-kassidele-koertele24.jpg\",\"contentUrl\":\"https:\\\/\\\/miumjau.ee\\\/wp-content\\\/uploads\\\/2025\\\/07\\\/beaphar-kassidele-koertele24.jpg\",\"width\":600,\"height\":800,\"caption\":\"Beaphar stressi alandavad maiustused 35g\"},{\"@type\":\"BreadcrumbList\",\"@id\":\"https:\\\/\\\/miumjau.ee\\\/fi\\\/tuote\\\/beaphar-stressia-lievittavat-herkut-35-g\\\/#breadcrumb\",\"itemListElement\":[{\"@type\":\"ListItem\",\"position\":1,\"name\":\"Home\",\"item\":\"https:\\\/\\\/miumjau.ee\\\/fi\\\/\"},{\"@type\":\"ListItem\",\"position\":2,\"name\":\"Kauppa\",\"item\":\"https:\\\/\\\/miumjau.ee\\\/fi\\\/kauppa\\\/\"},{\"@type\":\"ListItem\",\"position\":3,\"name\":\"Beaphar stressi\u00e4 lievitt\u00e4v\u00e4t herkut 35 g\"}]},{\"@type\":\"WebSite\",\"@id\":\"https:\\\/\\\/miumjau.ee\\\/#website\",\"url\":\"https:\\\/\\\/miumjau.ee\\\/\",\"name\":\"MiuMjau\",\"description\":\"Kraapimispuud kassidele\",\"publisher\":{\"@id\":\"https:\\\/\\\/miumjau.ee\\\/#organization\"},\"potentialAction\":[{\"@type\":\"SearchAction\",\"target\":{\"@type\":\"EntryPoint\",\"urlTemplate\":\"https:\\\/\\\/miumjau.ee\\\/?s={search_term_string}\"},\"query-input\":{\"@type\":\"PropertyValueSpecification\",\"valueRequired\":true,\"valueName\":\"search_term_string\"}}],\"inLanguage\":\"fi\"},{\"@type\":\"Organization\",\"@id\":\"https:\\\/\\\/miumjau.ee\\\/#organization\",\"name\":\"MiuMjau O\u00dc\",\"url\":\"https:\\\/\\\/miumjau.ee\\\/\",\"logo\":{\"@type\":\"ImageObject\",\"inLanguage\":\"fi\",\"@id\":\"https:\\\/\\\/miumjau.ee\\\/#\\\/schema\\\/logo\\\/image\\\/\",\"url\":\"https:\\\/\\\/miumjau.ee\\\/wp-content\\\/uploads\\\/2022\\\/04\\\/MiuMjau-logo-kollane.png\",\"contentUrl\":\"https:\\\/\\\/miumjau.ee\\\/wp-content\\\/uploads\\\/2022\\\/04\\\/MiuMjau-logo-kollane.png\",\"width\":219,\"height\":100,\"caption\":\"MiuMjau O\u00dc\"},\"image\":{\"@id\":\"https:\\\/\\\/miumjau.ee\\\/#\\\/schema\\\/logo\\\/image\\\/\"},\"sameAs\":[\"https:\\\/\\\/www.facebook.com\\\/miumjaupood\\\/\"]}]}<\/script>\n<!-- \/ Yoast SEO plugin. -->","yoast_head_json":{"title":"Beaphar stressi\u00e4 lievitt\u00e4v\u00e4t herkut 35 g - MiuMjau","robots":{"index":"index","follow":"follow","max-snippet":"max-snippet:-1","max-image-preview":"max-image-preview:large","max-video-preview":"max-video-preview:-1"},"canonical":"https:\/\/miumjau.ee\/fi\/tuote\/beaphar-stressia-lievittavat-herkut-35-g\/","og_locale":"fi_FI","og_type":"article","og_title":"Beaphar stressi\u00e4 lievitt\u00e4v\u00e4t herkut 35 g - MiuMjau","og_description":"Beaphar No Stress -herkut kissoille \u2013 rapeita, t\u00e4ytteellisi\u00e4, tyynynmuotoisia herkkuja. Rauhoittava t\u00e4ydennysrehu kissoille. Sis\u00e4lt\u00e4\u00e4 luonnollisia kasvipohjaisia ainesosia (valeriaana, sitruunamelissa, humala). Suositellaan stressin lievitt\u00e4miseen ja rauhoittamiseen, liiallisen \u00e4\u00e4ntelyn, huonekalujen raapimisen ja merkkaamisen ehk\u00e4isyyn. Sopii stressaaviin tilanteisiin, kuten el\u00e4inl\u00e4\u00e4k\u00e4rik\u00e4ynteihin tai suojakotiin, ukkoseen ja ilotulituksiin, muuttoon ja matkustamiseen. Ainesosat: Viljat, maito ja maitotuotteet, kasviper\u00e4iset tuotteet (valeriaana 0,1 %, humala 1 %, sitruunamelissa 5 %), rasvat, liha ja el\u00e4inper\u00e4iset sivutuotteet (kanajauho). Analyyttinen koostumus: Raakavalkuainen 30 %, raakakuitu 4,2 %, raakarasvat ja -\u00f6ljyt 9,7 %, tuhka 4,1 %, kosteus 9,6 %, kalsium 0,17 %, fosfori 0,63 %, magnesium 0,12 %, rikki 0,00021 %, natrium 0,16 %, kalium 0,53 %, laktoosi 5,2 %, glukoosi 2,5 %, \u03b1-linoleenihappo 0,073 %, linolihappo 1,9 %.Lis\u00e4aineet\/kg: A-vitamiini 4580 IU, B1-vitamiini 4,1 mg, antioksidantit. K\u00e4ytt\u00f6ohje: Herkut voidaan sekoittaa ruokaan tai antaa k\u00e4dest\u00e4. Suositellaan annettavaksi 1,5 tuntia ennen odotettua stressitilannetta.Annostus: 2\u20133 herkkua p\u00e4iv\u00e4ss\u00e4. Enint\u00e4\u00e4n 6 herkkua p\u00e4iv\u00e4ss\u00e4. Vaikutus alkaa 1,5 tunnin kuluessa. Voidaan antaa uudelleen 2,5 tunnin kuluttua. Ei yli 3 kertaa p\u00e4iv\u00e4ss\u00e4.Vasta-aiheet: Yksil\u00f6llinen herkkyys ainesosille.Pakkauskoko: 35 g.","og_url":"https:\/\/miumjau.ee\/fi\/tuote\/beaphar-stressia-lievittavat-herkut-35-g\/","og_site_name":"MiuMjau","article_publisher":"https:\/\/www.facebook.com\/miumjaupood\/","article_modified_time":"2026-01-07T20:43:30+00:00","og_image":[{"width":600,"height":800,"url":"https:\/\/miumjau.ee\/wp-content\/uploads\/2025\/07\/beaphar-kassidele-koertele24.jpg","type":"image\/jpeg"}],"twitter_card":"summary_large_image","schema":{"@context":"https:\/\/schema.org","@graph":[{"@type":"WebPage","@id":"https:\/\/miumjau.ee\/fi\/tuote\/beaphar-stressia-lievittavat-herkut-35-g\/","url":"https:\/\/miumjau.ee\/fi\/tuote\/beaphar-stressia-lievittavat-herkut-35-g\/","name":"Beaphar stressi\u00e4 lievitt\u00e4v\u00e4t herkut 35 g - MiuMjau","isPartOf":{"@id":"https:\/\/miumjau.ee\/#website"},"primaryImageOfPage":{"@id":"https:\/\/miumjau.ee\/fi\/tuote\/beaphar-stressia-lievittavat-herkut-35-g\/#primaryimage"},"image":{"@id":"https:\/\/miumjau.ee\/fi\/tuote\/beaphar-stressia-lievittavat-herkut-35-g\/#primaryimage"},"thumbnailUrl":"https:\/\/miumjau.ee\/wp-content\/uploads\/2025\/07\/beaphar-kassidele-koertele24.jpg","datePublished":"2025-07-29T11:11:09+00:00","dateModified":"2026-01-07T20:43:30+00:00","breadcrumb":{"@id":"https:\/\/miumjau.ee\/fi\/tuote\/beaphar-stressia-lievittavat-herkut-35-g\/#breadcrumb"},"inLanguage":"fi","potentialAction":[{"@type":"ReadAction","target":["https:\/\/miumjau.ee\/fi\/tuote\/beaphar-stressia-lievittavat-herkut-35-g\/"]}]},{"@type":"ImageObject","inLanguage":"fi","@id":"https:\/\/miumjau.ee\/fi\/tuote\/beaphar-stressia-lievittavat-herkut-35-g\/#primaryimage","url":"https:\/\/miumjau.ee\/wp-content\/uploads\/2025\/07\/beaphar-kassidele-koertele24.jpg","contentUrl":"https:\/\/miumjau.ee\/wp-content\/uploads\/2025\/07\/beaphar-kassidele-koertele24.jpg","width":600,"height":800,"caption":"Beaphar stressi alandavad maiustused 35g"},{"@type":"BreadcrumbList","@id":"https:\/\/miumjau.ee\/fi\/tuote\/beaphar-stressia-lievittavat-herkut-35-g\/#breadcrumb","itemListElement":[{"@type":"ListItem","position":1,"name":"Home","item":"https:\/\/miumjau.ee\/fi\/"},{"@type":"ListItem","position":2,"name":"Kauppa","item":"https:\/\/miumjau.ee\/fi\/kauppa\/"},{"@type":"ListItem","position":3,"name":"Beaphar stressi\u00e4 lievitt\u00e4v\u00e4t herkut 35 g"}]},{"@type":"WebSite","@id":"https:\/\/miumjau.ee\/#website","url":"https:\/\/miumjau.ee\/","name":"MiuMjau","description":"Kraapimispuud kassidele","publisher":{"@id":"https:\/\/miumjau.ee\/#organization"},"potentialAction":[{"@type":"SearchAction","target":{"@type":"EntryPoint","urlTemplate":"https:\/\/miumjau.ee\/?s={search_term_string}"},"query-input":{"@type":"PropertyValueSpecification","valueRequired":true,"valueName":"search_term_string"}}],"inLanguage":"fi"},{"@type":"Organization","@id":"https:\/\/miumjau.ee\/#organization","name":"MiuMjau O\u00dc","url":"https:\/\/miumjau.ee\/","logo":{"@type":"ImageObject","inLanguage":"fi","@id":"https:\/\/miumjau.ee\/#\/schema\/logo\/image\/","url":"https:\/\/miumjau.ee\/wp-content\/uploads\/2022\/04\/MiuMjau-logo-kollane.png","contentUrl":"https:\/\/miumjau.ee\/wp-content\/uploads\/2022\/04\/MiuMjau-logo-kollane.png","width":219,"height":100,"caption":"MiuMjau O\u00dc"},"image":{"@id":"https:\/\/miumjau.ee\/#\/schema\/logo\/image\/"},"sameAs":["https:\/\/www.facebook.com\/miumjaupood\/"]}]}},"_links":{"self":[{"href":"https:\/\/miumjau.ee\/fi\/wp-json\/wp\/v2\/product\/49087","targetHints":{"allow":["GET"]}}],"collection":[{"href":"https:\/\/miumjau.ee\/fi\/wp-json\/wp\/v2\/product"}],"about":[{"href":"https:\/\/miumjau.ee\/fi\/wp-json\/wp\/v2\/types\/product"}],"wp:featuredmedia":[{"embeddable":true,"href":"https:\/\/miumjau.ee\/fi\/wp-json\/wp\/v2\/media\/38282"}],"wp:attachment":[{"href":"https:\/\/miumjau.ee\/fi\/wp-json\/wp\/v2\/media?parent=49087"}],"wp:term":[{"taxonomy":"product_brand","embeddable":true,"href":"https:\/\/miumjau.ee\/fi\/wp-json\/wp\/v2\/product_brand?post=49087"},{"taxonomy":"product_cat","embeddable":true,"href":"https:\/\/miumjau.ee\/fi\/wp-json\/wp\/v2\/product_cat?post=49087"},{"taxonomy":"product_tag","embeddable":true,"href":"https:\/\/miumjau.ee\/fi\/wp-json\/wp\/v2\/product_tag?post=49087"}],"curies":[{"name":"wp","href":"https:\/\/api.w.org\/{rel}","templated":true}]}}