{"id":49075,"date":"2025-07-29T14:22:19","date_gmt":"2025-07-29T11:22:19","guid":{"rendered":"https:\/\/miumjau.ee\/toode\/beaphar-malt-bits-herkut-karvapalloja-vastaan-35-g\/"},"modified":"2026-01-07T22:43:30","modified_gmt":"2026-01-07T20:43:30","slug":"beaphar-malt-bits-herkut-karvapalloja-vastaan-35-g","status":"publish","type":"product","link":"https:\/\/miumjau.ee\/fi\/tuote\/beaphar-malt-bits-herkut-karvapalloja-vastaan-35-g\/","title":{"rendered":"Beaphar Malt Bits -herkut karvapalloja vastaan 35 g"},"content":{"rendered":"","protected":false},"excerpt":{"rendered":"<p data-start=\"1194\" data-end=\"1540\">Malt Bits ovat rapeita, tyynynmuotoisia herkkuja, jotka sis\u00e4lt\u00e4v\u00e4t maukasta ja terveellist\u00e4 mallastahnaa. Ne on tarkoitettu kissoille ja kissanpennuille. Tuote auttaa ehk\u00e4isem\u00e4\u00e4n karvapallojen muodostumista mahassa ja tukee nieltyjen karvojen luonnollista poistumista ruoansulatuskanavan kautta.<br data-start=\"1489\" data-end=\"1492\" \/><strong data-start=\"1492\" data-end=\"1512\">Vaikuttava aine:<\/strong> mallasuute, v\u00e4hint\u00e4\u00e4n 20 %.<\/p>\n<p data-start=\"1542\" data-end=\"1644\"><strong data-start=\"1542\" data-end=\"1555\">Annostus:<\/strong> 5\u201310 palaa p\u00e4iv\u00e4ss\u00e4 ennaltaehk\u00e4isyyn tai 10\u201320 palaa p\u00e4iv\u00e4ss\u00e4 3 viikon ajan tehojaksona.<\/p>\n<p data-start=\"1646\" data-end=\"1812\"><strong data-start=\"1646\" data-end=\"1660\">Ainesosat:<\/strong> Viljat, kasviper\u00e4iset tuotteet (MOS 0,12 %, mallasuute 1,62 %), \u00f6ljyt ja rasvat, maitotuotteet, hiiva, liha ja el\u00e4inper\u00e4iset tuotteet, kivenn\u00e4isaineet.<\/p>\n<p data-start=\"1814\" data-end=\"2015\"><strong data-start=\"1814\" data-end=\"1841\">Analyyttinen koostumus:<\/strong> Raakavalkuainen 32,1 %, kosteus 8,5 %, raakarasva 8,4 %, raakatuhka 3,6 %, raakakuitu 2,8 %, kalium 0,68 %, fosfori 0,55 %, natrium 0,14 %, magnesium 0,14 %, kalsium 0,09 %.<\/p>\n<p data-start=\"2017\" data-end=\"2134\"><strong data-start=\"2017\" data-end=\"2030\">S\u00e4ilytys:<\/strong> S\u00e4ilyt\u00e4 huoneenl\u00e4mm\u00f6ss\u00e4 kuivassa paikassa. Parasta ennen -p\u00e4iv\u00e4ys ja er\u00e4numero on merkitty pakkaukseen.<\/p>\n<p data-start=\"2136\" data-end=\"2172\"><strong data-start=\"2136\" data-end=\"2151\">Valmistaja:<\/strong> Beaphar, Alankomaat.<\/p>\n","protected":false},"featured_media":38294,"template":"","meta":[],"product_brand":[],"product_cat":[266],"product_tag":[],"class_list":{"0":"post-49075","1":"product","2":"type-product","3":"status-publish","4":"has-post-thumbnail","6":"product_cat-makeiset","8":"first","9":"instock","10":"taxable","11":"shipping-taxable","12":"purchasable","13":"product-type-simple"},"yoast_head":"<!-- This site is optimized with the Yoast SEO plugin v27.2 - https:\/\/yoast.com\/product\/yoast-seo-wordpress\/ -->\n<title>Beaphar Malt Bits -herkut karvapalloja vastaan 35 g - MiuMjau<\/title>\n<meta name=\"robots\" content=\"index, follow, max-snippet:-1, max-image-preview:large, max-video-preview:-1\" \/>\n<link rel=\"canonical\" href=\"https:\/\/miumjau.ee\/fi\/tuote\/beaphar-malt-bits-herkut-karvapalloja-vastaan-35-g\/\" \/>\n<meta property=\"og:locale\" content=\"fi_FI\" \/>\n<meta property=\"og:type\" content=\"article\" \/>\n<meta property=\"og:title\" content=\"Beaphar Malt Bits -herkut karvapalloja vastaan 35 g - MiuMjau\" \/>\n<meta property=\"og:description\" content=\"Malt Bits ovat rapeita, tyynynmuotoisia herkkuja, jotka sis\u00e4lt\u00e4v\u00e4t maukasta ja terveellist\u00e4 mallastahnaa. Ne on tarkoitettu kissoille ja kissanpennuille. Tuote auttaa ehk\u00e4isem\u00e4\u00e4n karvapallojen muodostumista mahassa ja tukee nieltyjen karvojen luonnollista poistumista ruoansulatuskanavan kautta.Vaikuttava aine: mallasuute, v\u00e4hint\u00e4\u00e4n 20 %. Annostus: 5\u201310 palaa p\u00e4iv\u00e4ss\u00e4 ennaltaehk\u00e4isyyn tai 10\u201320 palaa p\u00e4iv\u00e4ss\u00e4 3 viikon ajan tehojaksona. Ainesosat: Viljat, kasviper\u00e4iset tuotteet (MOS 0,12 %, mallasuute 1,62 %), \u00f6ljyt ja rasvat, maitotuotteet, hiiva, liha ja el\u00e4inper\u00e4iset tuotteet, kivenn\u00e4isaineet. Analyyttinen koostumus: Raakavalkuainen 32,1 %, kosteus 8,5 %, raakarasva 8,4 %, raakatuhka 3,6 %, raakakuitu 2,8 %, kalium 0,68 %, fosfori 0,55 %, natrium 0,14 %, magnesium 0,14 %, kalsium 0,09 %. S\u00e4ilytys: S\u00e4ilyt\u00e4 huoneenl\u00e4mm\u00f6ss\u00e4 kuivassa paikassa. Parasta ennen -p\u00e4iv\u00e4ys ja er\u00e4numero on merkitty pakkaukseen. Valmistaja: Beaphar, Alankomaat.\" \/>\n<meta property=\"og:url\" content=\"https:\/\/miumjau.ee\/fi\/tuote\/beaphar-malt-bits-herkut-karvapalloja-vastaan-35-g\/\" \/>\n<meta property=\"og:site_name\" content=\"MiuMjau\" \/>\n<meta property=\"article:publisher\" content=\"https:\/\/www.facebook.com\/miumjaupood\/\" \/>\n<meta property=\"article:modified_time\" content=\"2026-01-07T20:43:30+00:00\" \/>\n<meta property=\"og:image\" content=\"https:\/\/miumjau.ee\/wp-content\/uploads\/2025\/07\/beaphar-kassidele-koertele27.jpg\" \/>\n\t<meta property=\"og:image:width\" content=\"600\" \/>\n\t<meta property=\"og:image:height\" content=\"800\" \/>\n\t<meta property=\"og:image:type\" content=\"image\/jpeg\" \/>\n<meta name=\"twitter:card\" content=\"summary_large_image\" \/>\n<script type=\"application\/ld+json\" class=\"yoast-schema-graph\">{\"@context\":\"https:\/\/schema.org\",\"@graph\":[{\"@type\":\"WebPage\",\"@id\":\"https:\/\/miumjau.ee\/fi\/tuote\/beaphar-malt-bits-herkut-karvapalloja-vastaan-35-g\/\",\"url\":\"https:\/\/miumjau.ee\/fi\/tuote\/beaphar-malt-bits-herkut-karvapalloja-vastaan-35-g\/\",\"name\":\"Beaphar Malt Bits -herkut karvapalloja vastaan 35 g - MiuMjau\",\"isPartOf\":{\"@id\":\"https:\/\/miumjau.ee\/#website\"},\"primaryImageOfPage\":{\"@id\":\"https:\/\/miumjau.ee\/fi\/tuote\/beaphar-malt-bits-herkut-karvapalloja-vastaan-35-g\/#primaryimage\"},\"image\":{\"@id\":\"https:\/\/miumjau.ee\/fi\/tuote\/beaphar-malt-bits-herkut-karvapalloja-vastaan-35-g\/#primaryimage\"},\"thumbnailUrl\":\"https:\/\/miumjau.ee\/wp-content\/uploads\/2025\/07\/beaphar-kassidele-koertele27.jpg\",\"datePublished\":\"2025-07-29T11:22:19+00:00\",\"dateModified\":\"2026-01-07T20:43:30+00:00\",\"breadcrumb\":{\"@id\":\"https:\/\/miumjau.ee\/fi\/tuote\/beaphar-malt-bits-herkut-karvapalloja-vastaan-35-g\/#breadcrumb\"},\"inLanguage\":\"fi\",\"potentialAction\":[{\"@type\":\"ReadAction\",\"target\":[\"https:\/\/miumjau.ee\/fi\/tuote\/beaphar-malt-bits-herkut-karvapalloja-vastaan-35-g\/\"]}]},{\"@type\":\"ImageObject\",\"inLanguage\":\"fi\",\"@id\":\"https:\/\/miumjau.ee\/fi\/tuote\/beaphar-malt-bits-herkut-karvapalloja-vastaan-35-g\/#primaryimage\",\"url\":\"https:\/\/miumjau.ee\/wp-content\/uploads\/2025\/07\/beaphar-kassidele-koertele27.jpg\",\"contentUrl\":\"https:\/\/miumjau.ee\/wp-content\/uploads\/2025\/07\/beaphar-kassidele-koertele27.jpg\",\"width\":600,\"height\":800,\"caption\":\"Beaphar malt Bits maiused karvapallide vastu 35g\"},{\"@type\":\"BreadcrumbList\",\"@id\":\"https:\/\/miumjau.ee\/fi\/tuote\/beaphar-malt-bits-herkut-karvapalloja-vastaan-35-g\/#breadcrumb\",\"itemListElement\":[{\"@type\":\"ListItem\",\"position\":1,\"name\":\"Home\",\"item\":\"https:\/\/miumjau.ee\/fi\/\"},{\"@type\":\"ListItem\",\"position\":2,\"name\":\"Kauppa\",\"item\":\"https:\/\/miumjau.ee\/fi\/kauppa\/\"},{\"@type\":\"ListItem\",\"position\":3,\"name\":\"Beaphar Malt Bits -herkut karvapalloja vastaan 35 g\"}]},{\"@type\":\"WebSite\",\"@id\":\"https:\/\/miumjau.ee\/#website\",\"url\":\"https:\/\/miumjau.ee\/\",\"name\":\"MiuMjau\",\"description\":\"Kraapimispuud kassidele\",\"publisher\":{\"@id\":\"https:\/\/miumjau.ee\/#organization\"},\"potentialAction\":[{\"@type\":\"SearchAction\",\"target\":{\"@type\":\"EntryPoint\",\"urlTemplate\":\"https:\/\/miumjau.ee\/?s={search_term_string}\"},\"query-input\":{\"@type\":\"PropertyValueSpecification\",\"valueRequired\":true,\"valueName\":\"search_term_string\"}}],\"inLanguage\":\"fi\"},{\"@type\":\"Organization\",\"@id\":\"https:\/\/miumjau.ee\/#organization\",\"name\":\"MiuMjau O\u00dc\",\"url\":\"https:\/\/miumjau.ee\/\",\"logo\":{\"@type\":\"ImageObject\",\"inLanguage\":\"fi\",\"@id\":\"https:\/\/miumjau.ee\/#\/schema\/logo\/image\/\",\"url\":\"https:\/\/miumjau.ee\/wp-content\/uploads\/2022\/04\/MiuMjau-logo-kollane.png\",\"contentUrl\":\"https:\/\/miumjau.ee\/wp-content\/uploads\/2022\/04\/MiuMjau-logo-kollane.png\",\"width\":219,\"height\":100,\"caption\":\"MiuMjau O\u00dc\"},\"image\":{\"@id\":\"https:\/\/miumjau.ee\/#\/schema\/logo\/image\/\"},\"sameAs\":[\"https:\/\/www.facebook.com\/miumjaupood\/\"]}]}<\/script>\n<!-- \/ Yoast SEO plugin. -->","yoast_head_json":{"title":"Beaphar Malt Bits -herkut karvapalloja vastaan 35 g - MiuMjau","robots":{"index":"index","follow":"follow","max-snippet":"max-snippet:-1","max-image-preview":"max-image-preview:large","max-video-preview":"max-video-preview:-1"},"canonical":"https:\/\/miumjau.ee\/fi\/tuote\/beaphar-malt-bits-herkut-karvapalloja-vastaan-35-g\/","og_locale":"fi_FI","og_type":"article","og_title":"Beaphar Malt Bits -herkut karvapalloja vastaan 35 g - MiuMjau","og_description":"Malt Bits ovat rapeita, tyynynmuotoisia herkkuja, jotka sis\u00e4lt\u00e4v\u00e4t maukasta ja terveellist\u00e4 mallastahnaa. Ne on tarkoitettu kissoille ja kissanpennuille. Tuote auttaa ehk\u00e4isem\u00e4\u00e4n karvapallojen muodostumista mahassa ja tukee nieltyjen karvojen luonnollista poistumista ruoansulatuskanavan kautta.Vaikuttava aine: mallasuute, v\u00e4hint\u00e4\u00e4n 20 %. Annostus: 5\u201310 palaa p\u00e4iv\u00e4ss\u00e4 ennaltaehk\u00e4isyyn tai 10\u201320 palaa p\u00e4iv\u00e4ss\u00e4 3 viikon ajan tehojaksona. Ainesosat: Viljat, kasviper\u00e4iset tuotteet (MOS 0,12 %, mallasuute 1,62 %), \u00f6ljyt ja rasvat, maitotuotteet, hiiva, liha ja el\u00e4inper\u00e4iset tuotteet, kivenn\u00e4isaineet. Analyyttinen koostumus: Raakavalkuainen 32,1 %, kosteus 8,5 %, raakarasva 8,4 %, raakatuhka 3,6 %, raakakuitu 2,8 %, kalium 0,68 %, fosfori 0,55 %, natrium 0,14 %, magnesium 0,14 %, kalsium 0,09 %. S\u00e4ilytys: S\u00e4ilyt\u00e4 huoneenl\u00e4mm\u00f6ss\u00e4 kuivassa paikassa. Parasta ennen -p\u00e4iv\u00e4ys ja er\u00e4numero on merkitty pakkaukseen. Valmistaja: Beaphar, Alankomaat.","og_url":"https:\/\/miumjau.ee\/fi\/tuote\/beaphar-malt-bits-herkut-karvapalloja-vastaan-35-g\/","og_site_name":"MiuMjau","article_publisher":"https:\/\/www.facebook.com\/miumjaupood\/","article_modified_time":"2026-01-07T20:43:30+00:00","og_image":[{"width":600,"height":800,"url":"https:\/\/miumjau.ee\/wp-content\/uploads\/2025\/07\/beaphar-kassidele-koertele27.jpg","type":"image\/jpeg"}],"twitter_card":"summary_large_image","schema":{"@context":"https:\/\/schema.org","@graph":[{"@type":"WebPage","@id":"https:\/\/miumjau.ee\/fi\/tuote\/beaphar-malt-bits-herkut-karvapalloja-vastaan-35-g\/","url":"https:\/\/miumjau.ee\/fi\/tuote\/beaphar-malt-bits-herkut-karvapalloja-vastaan-35-g\/","name":"Beaphar Malt Bits -herkut karvapalloja vastaan 35 g - MiuMjau","isPartOf":{"@id":"https:\/\/miumjau.ee\/#website"},"primaryImageOfPage":{"@id":"https:\/\/miumjau.ee\/fi\/tuote\/beaphar-malt-bits-herkut-karvapalloja-vastaan-35-g\/#primaryimage"},"image":{"@id":"https:\/\/miumjau.ee\/fi\/tuote\/beaphar-malt-bits-herkut-karvapalloja-vastaan-35-g\/#primaryimage"},"thumbnailUrl":"https:\/\/miumjau.ee\/wp-content\/uploads\/2025\/07\/beaphar-kassidele-koertele27.jpg","datePublished":"2025-07-29T11:22:19+00:00","dateModified":"2026-01-07T20:43:30+00:00","breadcrumb":{"@id":"https:\/\/miumjau.ee\/fi\/tuote\/beaphar-malt-bits-herkut-karvapalloja-vastaan-35-g\/#breadcrumb"},"inLanguage":"fi","potentialAction":[{"@type":"ReadAction","target":["https:\/\/miumjau.ee\/fi\/tuote\/beaphar-malt-bits-herkut-karvapalloja-vastaan-35-g\/"]}]},{"@type":"ImageObject","inLanguage":"fi","@id":"https:\/\/miumjau.ee\/fi\/tuote\/beaphar-malt-bits-herkut-karvapalloja-vastaan-35-g\/#primaryimage","url":"https:\/\/miumjau.ee\/wp-content\/uploads\/2025\/07\/beaphar-kassidele-koertele27.jpg","contentUrl":"https:\/\/miumjau.ee\/wp-content\/uploads\/2025\/07\/beaphar-kassidele-koertele27.jpg","width":600,"height":800,"caption":"Beaphar malt Bits maiused karvapallide vastu 35g"},{"@type":"BreadcrumbList","@id":"https:\/\/miumjau.ee\/fi\/tuote\/beaphar-malt-bits-herkut-karvapalloja-vastaan-35-g\/#breadcrumb","itemListElement":[{"@type":"ListItem","position":1,"name":"Home","item":"https:\/\/miumjau.ee\/fi\/"},{"@type":"ListItem","position":2,"name":"Kauppa","item":"https:\/\/miumjau.ee\/fi\/kauppa\/"},{"@type":"ListItem","position":3,"name":"Beaphar Malt Bits -herkut karvapalloja vastaan 35 g"}]},{"@type":"WebSite","@id":"https:\/\/miumjau.ee\/#website","url":"https:\/\/miumjau.ee\/","name":"MiuMjau","description":"Kraapimispuud kassidele","publisher":{"@id":"https:\/\/miumjau.ee\/#organization"},"potentialAction":[{"@type":"SearchAction","target":{"@type":"EntryPoint","urlTemplate":"https:\/\/miumjau.ee\/?s={search_term_string}"},"query-input":{"@type":"PropertyValueSpecification","valueRequired":true,"valueName":"search_term_string"}}],"inLanguage":"fi"},{"@type":"Organization","@id":"https:\/\/miumjau.ee\/#organization","name":"MiuMjau O\u00dc","url":"https:\/\/miumjau.ee\/","logo":{"@type":"ImageObject","inLanguage":"fi","@id":"https:\/\/miumjau.ee\/#\/schema\/logo\/image\/","url":"https:\/\/miumjau.ee\/wp-content\/uploads\/2022\/04\/MiuMjau-logo-kollane.png","contentUrl":"https:\/\/miumjau.ee\/wp-content\/uploads\/2022\/04\/MiuMjau-logo-kollane.png","width":219,"height":100,"caption":"MiuMjau O\u00dc"},"image":{"@id":"https:\/\/miumjau.ee\/#\/schema\/logo\/image\/"},"sameAs":["https:\/\/www.facebook.com\/miumjaupood\/"]}]}},"_links":{"self":[{"href":"https:\/\/miumjau.ee\/fi\/wp-json\/wp\/v2\/product\/49075","targetHints":{"allow":["GET"]}}],"collection":[{"href":"https:\/\/miumjau.ee\/fi\/wp-json\/wp\/v2\/product"}],"about":[{"href":"https:\/\/miumjau.ee\/fi\/wp-json\/wp\/v2\/types\/product"}],"wp:featuredmedia":[{"embeddable":true,"href":"https:\/\/miumjau.ee\/fi\/wp-json\/wp\/v2\/media\/38294"}],"wp:attachment":[{"href":"https:\/\/miumjau.ee\/fi\/wp-json\/wp\/v2\/media?parent=49075"}],"wp:term":[{"taxonomy":"product_brand","embeddable":true,"href":"https:\/\/miumjau.ee\/fi\/wp-json\/wp\/v2\/product_brand?post=49075"},{"taxonomy":"product_cat","embeddable":true,"href":"https:\/\/miumjau.ee\/fi\/wp-json\/wp\/v2\/product_cat?post=49075"},{"taxonomy":"product_tag","embeddable":true,"href":"https:\/\/miumjau.ee\/fi\/wp-json\/wp\/v2\/product_tag?post=49075"}],"curies":[{"name":"wp","href":"https:\/\/api.w.org\/{rel}","templated":true}]}}