{"id":49063,"date":"2025-07-29T14:17:11","date_gmt":"2025-07-29T11:17:11","guid":{"rendered":"https:\/\/miumjau.ee\/toode\/beaphar-catnip-bits-herkut-35-g-75-kpl\/"},"modified":"2026-01-07T22:43:30","modified_gmt":"2026-01-07T20:43:30","slug":"beaphar-catnip-bits-herkut-35-g-75-kpl","status":"publish","type":"product","link":"https:\/\/miumjau.ee\/fi\/tuote\/beaphar-catnip-bits-herkut-35-g-75-kpl\/","title":{"rendered":"Beaphar Catnip Bits -herkut 35 g, 75 kpl"},"content":{"rendered":"","protected":false},"excerpt":{"rendered":"<p data-start=\"902\" data-end=\"1225\">Maukas ja terveellinen herkku kissoille. Jokainen pala on t\u00e4ytetty herkullisella kissanminttutahnalla, joka tarjoaa kissallesi j\u00e4nnitt\u00e4v\u00e4n ja vastustamattoman makuel\u00e4myksen. Sopii kaikille kissaroduille. Rapeat herkkutyynyt sis\u00e4lt\u00e4v\u00e4t t\u00e4rkeit\u00e4 vitamiineja ja kivenn\u00e4isaineita, jotka auttavat pit\u00e4m\u00e4\u00e4n kissan huippukunnossa.<\/p>\n<p data-start=\"1227\" data-end=\"1624\"><strong data-start=\"1227\" data-end=\"1241\">Ainesosat:<\/strong> Viljat, maito ja maitotuotteet, \u00f6ljyt ja rasvat, kivenn\u00e4isaineet, hiivat, kasviper\u00e4iset johdannaiset, kala ja kalatuotteet, liha ja el\u00e4inper\u00e4iset johdannaiset.<br data-start=\"1401\" data-end=\"1404\" \/><strong data-start=\"1404\" data-end=\"1419\">Lis\u00e4aineet:<\/strong> Vit. A 4600 IU, Vit. B1 4,1 mg.<br data-start=\"1451\" data-end=\"1454\" \/><strong data-start=\"1454\" data-end=\"1481\">Analyyttiset ainesosat:<\/strong> Raakavalkuainen 30 %, raakarasva 8,9 %, raakakuitu 1,6 %, raakatuhka 2,7 %, kosteus 8,7 %, Ca 0,2 %, P 0,5 %, Na 0,18 %, Mg 0,024 %, K 0,17 %.<\/p>\n","protected":false},"featured_media":38298,"template":"","meta":[],"product_brand":[],"product_cat":[266,876],"product_tag":[],"class_list":{"0":"post-49063","1":"product","2":"type-product","3":"status-publish","4":"has-post-thumbnail","6":"product_cat-makeiset","7":"product_cat-vitamiinit-ja-lisaravinteet-kissalle","9":"first","10":"instock","11":"taxable","12":"shipping-taxable","13":"purchasable","14":"product-type-simple"},"yoast_head":"<!-- This site is optimized with the Yoast SEO plugin v27.4 - https:\/\/yoast.com\/product\/yoast-seo-wordpress\/ -->\n<title>Beaphar Catnip Bits -herkut 35 g, 75 kpl - MiuMjau<\/title>\n<meta name=\"robots\" content=\"index, follow, max-snippet:-1, max-image-preview:large, max-video-preview:-1\" \/>\n<link rel=\"canonical\" href=\"https:\/\/miumjau.ee\/fi\/tuote\/beaphar-catnip-bits-herkut-35-g-75-kpl\/\" \/>\n<meta property=\"og:locale\" content=\"fi_FI\" \/>\n<meta property=\"og:type\" content=\"article\" \/>\n<meta property=\"og:title\" content=\"Beaphar Catnip Bits -herkut 35 g, 75 kpl - MiuMjau\" \/>\n<meta property=\"og:description\" content=\"Maukas ja terveellinen herkku kissoille. Jokainen pala on t\u00e4ytetty herkullisella kissanminttutahnalla, joka tarjoaa kissallesi j\u00e4nnitt\u00e4v\u00e4n ja vastustamattoman makuel\u00e4myksen. Sopii kaikille kissaroduille. Rapeat herkkutyynyt sis\u00e4lt\u00e4v\u00e4t t\u00e4rkeit\u00e4 vitamiineja ja kivenn\u00e4isaineita, jotka auttavat pit\u00e4m\u00e4\u00e4n kissan huippukunnossa. Ainesosat: Viljat, maito ja maitotuotteet, \u00f6ljyt ja rasvat, kivenn\u00e4isaineet, hiivat, kasviper\u00e4iset johdannaiset, kala ja kalatuotteet, liha ja el\u00e4inper\u00e4iset johdannaiset.Lis\u00e4aineet: Vit. A 4600 IU, Vit. B1 4,1 mg.Analyyttiset ainesosat: Raakavalkuainen 30 %, raakarasva 8,9 %, raakakuitu 1,6 %, raakatuhka 2,7 %, kosteus 8,7 %, Ca 0,2 %, P 0,5 %, Na 0,18 %, Mg 0,024 %, K 0,17 %.\" \/>\n<meta property=\"og:url\" content=\"https:\/\/miumjau.ee\/fi\/tuote\/beaphar-catnip-bits-herkut-35-g-75-kpl\/\" \/>\n<meta property=\"og:site_name\" content=\"MiuMjau\" \/>\n<meta property=\"article:publisher\" content=\"https:\/\/www.facebook.com\/miumjaupood\/\" \/>\n<meta property=\"article:modified_time\" content=\"2026-01-07T20:43:30+00:00\" \/>\n<meta property=\"og:image\" content=\"https:\/\/miumjau.ee\/wp-content\/uploads\/2025\/07\/beaphar-kassidele-koertele28.jpg\" \/>\n\t<meta property=\"og:image:width\" content=\"600\" \/>\n\t<meta property=\"og:image:height\" content=\"800\" \/>\n\t<meta property=\"og:image:type\" content=\"image\/jpeg\" \/>\n<meta name=\"twitter:card\" content=\"summary_large_image\" \/>\n<script type=\"application\/ld+json\" class=\"yoast-schema-graph\">{\"@context\":\"https:\\\/\\\/schema.org\",\"@graph\":[{\"@type\":\"WebPage\",\"@id\":\"https:\\\/\\\/miumjau.ee\\\/fi\\\/tuote\\\/beaphar-catnip-bits-herkut-35-g-75-kpl\\\/\",\"url\":\"https:\\\/\\\/miumjau.ee\\\/fi\\\/tuote\\\/beaphar-catnip-bits-herkut-35-g-75-kpl\\\/\",\"name\":\"Beaphar Catnip Bits -herkut 35 g, 75 kpl - MiuMjau\",\"isPartOf\":{\"@id\":\"https:\\\/\\\/miumjau.ee\\\/#website\"},\"primaryImageOfPage\":{\"@id\":\"https:\\\/\\\/miumjau.ee\\\/fi\\\/tuote\\\/beaphar-catnip-bits-herkut-35-g-75-kpl\\\/#primaryimage\"},\"image\":{\"@id\":\"https:\\\/\\\/miumjau.ee\\\/fi\\\/tuote\\\/beaphar-catnip-bits-herkut-35-g-75-kpl\\\/#primaryimage\"},\"thumbnailUrl\":\"https:\\\/\\\/miumjau.ee\\\/wp-content\\\/uploads\\\/2025\\\/07\\\/beaphar-kassidele-koertele28.jpg\",\"datePublished\":\"2025-07-29T11:17:11+00:00\",\"dateModified\":\"2026-01-07T20:43:30+00:00\",\"breadcrumb\":{\"@id\":\"https:\\\/\\\/miumjau.ee\\\/fi\\\/tuote\\\/beaphar-catnip-bits-herkut-35-g-75-kpl\\\/#breadcrumb\"},\"inLanguage\":\"fi\",\"potentialAction\":[{\"@type\":\"ReadAction\",\"target\":[\"https:\\\/\\\/miumjau.ee\\\/fi\\\/tuote\\\/beaphar-catnip-bits-herkut-35-g-75-kpl\\\/\"]}]},{\"@type\":\"ImageObject\",\"inLanguage\":\"fi\",\"@id\":\"https:\\\/\\\/miumjau.ee\\\/fi\\\/tuote\\\/beaphar-catnip-bits-herkut-35-g-75-kpl\\\/#primaryimage\",\"url\":\"https:\\\/\\\/miumjau.ee\\\/wp-content\\\/uploads\\\/2025\\\/07\\\/beaphar-kassidele-koertele28.jpg\",\"contentUrl\":\"https:\\\/\\\/miumjau.ee\\\/wp-content\\\/uploads\\\/2025\\\/07\\\/beaphar-kassidele-koertele28.jpg\",\"width\":600,\"height\":800,\"caption\":\"Beaphar Catnip bits maiused 35g, 75tk\"},{\"@type\":\"BreadcrumbList\",\"@id\":\"https:\\\/\\\/miumjau.ee\\\/fi\\\/tuote\\\/beaphar-catnip-bits-herkut-35-g-75-kpl\\\/#breadcrumb\",\"itemListElement\":[{\"@type\":\"ListItem\",\"position\":1,\"name\":\"Home\",\"item\":\"https:\\\/\\\/miumjau.ee\\\/fi\\\/\"},{\"@type\":\"ListItem\",\"position\":2,\"name\":\"Kauppa\",\"item\":\"https:\\\/\\\/miumjau.ee\\\/fi\\\/kauppa\\\/\"},{\"@type\":\"ListItem\",\"position\":3,\"name\":\"Beaphar Catnip Bits -herkut 35 g, 75 kpl\"}]},{\"@type\":\"WebSite\",\"@id\":\"https:\\\/\\\/miumjau.ee\\\/#website\",\"url\":\"https:\\\/\\\/miumjau.ee\\\/\",\"name\":\"MiuMjau\",\"description\":\"Kraapimispuud kassidele\",\"publisher\":{\"@id\":\"https:\\\/\\\/miumjau.ee\\\/#organization\"},\"potentialAction\":[{\"@type\":\"SearchAction\",\"target\":{\"@type\":\"EntryPoint\",\"urlTemplate\":\"https:\\\/\\\/miumjau.ee\\\/?s={search_term_string}\"},\"query-input\":{\"@type\":\"PropertyValueSpecification\",\"valueRequired\":true,\"valueName\":\"search_term_string\"}}],\"inLanguage\":\"fi\"},{\"@type\":\"Organization\",\"@id\":\"https:\\\/\\\/miumjau.ee\\\/#organization\",\"name\":\"MiuMjau O\u00dc\",\"url\":\"https:\\\/\\\/miumjau.ee\\\/\",\"logo\":{\"@type\":\"ImageObject\",\"inLanguage\":\"fi\",\"@id\":\"https:\\\/\\\/miumjau.ee\\\/#\\\/schema\\\/logo\\\/image\\\/\",\"url\":\"https:\\\/\\\/miumjau.ee\\\/wp-content\\\/uploads\\\/2022\\\/04\\\/MiuMjau-logo-kollane.png\",\"contentUrl\":\"https:\\\/\\\/miumjau.ee\\\/wp-content\\\/uploads\\\/2022\\\/04\\\/MiuMjau-logo-kollane.png\",\"width\":219,\"height\":100,\"caption\":\"MiuMjau O\u00dc\"},\"image\":{\"@id\":\"https:\\\/\\\/miumjau.ee\\\/#\\\/schema\\\/logo\\\/image\\\/\"},\"sameAs\":[\"https:\\\/\\\/www.facebook.com\\\/miumjaupood\\\/\"]}]}<\/script>\n<!-- \/ Yoast SEO plugin. -->","yoast_head_json":{"title":"Beaphar Catnip Bits -herkut 35 g, 75 kpl - MiuMjau","robots":{"index":"index","follow":"follow","max-snippet":"max-snippet:-1","max-image-preview":"max-image-preview:large","max-video-preview":"max-video-preview:-1"},"canonical":"https:\/\/miumjau.ee\/fi\/tuote\/beaphar-catnip-bits-herkut-35-g-75-kpl\/","og_locale":"fi_FI","og_type":"article","og_title":"Beaphar Catnip Bits -herkut 35 g, 75 kpl - MiuMjau","og_description":"Maukas ja terveellinen herkku kissoille. Jokainen pala on t\u00e4ytetty herkullisella kissanminttutahnalla, joka tarjoaa kissallesi j\u00e4nnitt\u00e4v\u00e4n ja vastustamattoman makuel\u00e4myksen. Sopii kaikille kissaroduille. Rapeat herkkutyynyt sis\u00e4lt\u00e4v\u00e4t t\u00e4rkeit\u00e4 vitamiineja ja kivenn\u00e4isaineita, jotka auttavat pit\u00e4m\u00e4\u00e4n kissan huippukunnossa. Ainesosat: Viljat, maito ja maitotuotteet, \u00f6ljyt ja rasvat, kivenn\u00e4isaineet, hiivat, kasviper\u00e4iset johdannaiset, kala ja kalatuotteet, liha ja el\u00e4inper\u00e4iset johdannaiset.Lis\u00e4aineet: Vit. A 4600 IU, Vit. B1 4,1 mg.Analyyttiset ainesosat: Raakavalkuainen 30 %, raakarasva 8,9 %, raakakuitu 1,6 %, raakatuhka 2,7 %, kosteus 8,7 %, Ca 0,2 %, P 0,5 %, Na 0,18 %, Mg 0,024 %, K 0,17 %.","og_url":"https:\/\/miumjau.ee\/fi\/tuote\/beaphar-catnip-bits-herkut-35-g-75-kpl\/","og_site_name":"MiuMjau","article_publisher":"https:\/\/www.facebook.com\/miumjaupood\/","article_modified_time":"2026-01-07T20:43:30+00:00","og_image":[{"width":600,"height":800,"url":"https:\/\/miumjau.ee\/wp-content\/uploads\/2025\/07\/beaphar-kassidele-koertele28.jpg","type":"image\/jpeg"}],"twitter_card":"summary_large_image","schema":{"@context":"https:\/\/schema.org","@graph":[{"@type":"WebPage","@id":"https:\/\/miumjau.ee\/fi\/tuote\/beaphar-catnip-bits-herkut-35-g-75-kpl\/","url":"https:\/\/miumjau.ee\/fi\/tuote\/beaphar-catnip-bits-herkut-35-g-75-kpl\/","name":"Beaphar Catnip Bits -herkut 35 g, 75 kpl - MiuMjau","isPartOf":{"@id":"https:\/\/miumjau.ee\/#website"},"primaryImageOfPage":{"@id":"https:\/\/miumjau.ee\/fi\/tuote\/beaphar-catnip-bits-herkut-35-g-75-kpl\/#primaryimage"},"image":{"@id":"https:\/\/miumjau.ee\/fi\/tuote\/beaphar-catnip-bits-herkut-35-g-75-kpl\/#primaryimage"},"thumbnailUrl":"https:\/\/miumjau.ee\/wp-content\/uploads\/2025\/07\/beaphar-kassidele-koertele28.jpg","datePublished":"2025-07-29T11:17:11+00:00","dateModified":"2026-01-07T20:43:30+00:00","breadcrumb":{"@id":"https:\/\/miumjau.ee\/fi\/tuote\/beaphar-catnip-bits-herkut-35-g-75-kpl\/#breadcrumb"},"inLanguage":"fi","potentialAction":[{"@type":"ReadAction","target":["https:\/\/miumjau.ee\/fi\/tuote\/beaphar-catnip-bits-herkut-35-g-75-kpl\/"]}]},{"@type":"ImageObject","inLanguage":"fi","@id":"https:\/\/miumjau.ee\/fi\/tuote\/beaphar-catnip-bits-herkut-35-g-75-kpl\/#primaryimage","url":"https:\/\/miumjau.ee\/wp-content\/uploads\/2025\/07\/beaphar-kassidele-koertele28.jpg","contentUrl":"https:\/\/miumjau.ee\/wp-content\/uploads\/2025\/07\/beaphar-kassidele-koertele28.jpg","width":600,"height":800,"caption":"Beaphar Catnip bits maiused 35g, 75tk"},{"@type":"BreadcrumbList","@id":"https:\/\/miumjau.ee\/fi\/tuote\/beaphar-catnip-bits-herkut-35-g-75-kpl\/#breadcrumb","itemListElement":[{"@type":"ListItem","position":1,"name":"Home","item":"https:\/\/miumjau.ee\/fi\/"},{"@type":"ListItem","position":2,"name":"Kauppa","item":"https:\/\/miumjau.ee\/fi\/kauppa\/"},{"@type":"ListItem","position":3,"name":"Beaphar Catnip Bits -herkut 35 g, 75 kpl"}]},{"@type":"WebSite","@id":"https:\/\/miumjau.ee\/#website","url":"https:\/\/miumjau.ee\/","name":"MiuMjau","description":"Kraapimispuud kassidele","publisher":{"@id":"https:\/\/miumjau.ee\/#organization"},"potentialAction":[{"@type":"SearchAction","target":{"@type":"EntryPoint","urlTemplate":"https:\/\/miumjau.ee\/?s={search_term_string}"},"query-input":{"@type":"PropertyValueSpecification","valueRequired":true,"valueName":"search_term_string"}}],"inLanguage":"fi"},{"@type":"Organization","@id":"https:\/\/miumjau.ee\/#organization","name":"MiuMjau O\u00dc","url":"https:\/\/miumjau.ee\/","logo":{"@type":"ImageObject","inLanguage":"fi","@id":"https:\/\/miumjau.ee\/#\/schema\/logo\/image\/","url":"https:\/\/miumjau.ee\/wp-content\/uploads\/2022\/04\/MiuMjau-logo-kollane.png","contentUrl":"https:\/\/miumjau.ee\/wp-content\/uploads\/2022\/04\/MiuMjau-logo-kollane.png","width":219,"height":100,"caption":"MiuMjau O\u00dc"},"image":{"@id":"https:\/\/miumjau.ee\/#\/schema\/logo\/image\/"},"sameAs":["https:\/\/www.facebook.com\/miumjaupood\/"]}]}},"_links":{"self":[{"href":"https:\/\/miumjau.ee\/fi\/wp-json\/wp\/v2\/product\/49063","targetHints":{"allow":["GET"]}}],"collection":[{"href":"https:\/\/miumjau.ee\/fi\/wp-json\/wp\/v2\/product"}],"about":[{"href":"https:\/\/miumjau.ee\/fi\/wp-json\/wp\/v2\/types\/product"}],"wp:featuredmedia":[{"embeddable":true,"href":"https:\/\/miumjau.ee\/fi\/wp-json\/wp\/v2\/media\/38298"}],"wp:attachment":[{"href":"https:\/\/miumjau.ee\/fi\/wp-json\/wp\/v2\/media?parent=49063"}],"wp:term":[{"taxonomy":"product_brand","embeddable":true,"href":"https:\/\/miumjau.ee\/fi\/wp-json\/wp\/v2\/product_brand?post=49063"},{"taxonomy":"product_cat","embeddable":true,"href":"https:\/\/miumjau.ee\/fi\/wp-json\/wp\/v2\/product_cat?post=49063"},{"taxonomy":"product_tag","embeddable":true,"href":"https:\/\/miumjau.ee\/fi\/wp-json\/wp\/v2\/product_tag?post=49063"}],"curies":[{"name":"wp","href":"https:\/\/api.w.org\/{rel}","templated":true}]}}