{"id":49044,"date":"2025-03-04T12:58:17","date_gmt":"2025-03-04T10:58:17","guid":{"rendered":"https:\/\/miumjau.ee\/toode\/koira-tennispallot-dog-comets-l-2-kpl-vihrea\/"},"modified":"2026-01-07T22:43:30","modified_gmt":"2026-01-07T20:43:30","slug":"koira-tennispallot-dog-comets-l-2-kpl-vihrea","status":"publish","type":"product","link":"https:\/\/miumjau.ee\/fi\/tuote\/koira-tennispallot-dog-comets-l-2-kpl-vihrea\/","title":{"rendered":"Koira Tennispallot Dog Comets L \u2013 2 kpl, vihre\u00e4"},"content":{"rendered":"","protected":false},"excerpt":{"rendered":"<p data-start=\"1119\" data-end=\"1199\"><strong data-start=\"1119\" data-end=\"1199\">Dog Comets Neutron Star \u2013 superkest\u00e4v\u00e4 ja korkealle pomppiva tennispallo! \ud83d\ude80<\/strong><\/p>\n<p data-start=\"1201\" data-end=\"1422\">T\u00e4m\u00e4 ei ole tavallinen tennispallo! Dog Comets Neutron Star on suunniteltu erityisesti koirille, jotka rakastavat pureskella leluja. Paksun kumisyd\u00e4mens\u00e4 ansiosta pallo on l\u00e4hes tuhoutumaton ja pomppaa eritt\u00e4in korkealle!<\/p>\n<p data-start=\"1424\" data-end=\"1815\">\ud83c\udfbe <strong data-start=\"1427\" data-end=\"1461\">Miksi t\u00e4m\u00e4 pallo on erityinen:<\/strong><br data-start=\"1461\" data-end=\"1464\" \/>\u2714 Piipotin \u2013 lis\u00e4\u00e4 hauskuutta piipityksell\u00e4!<br data-start=\"1508\" data-end=\"1511\" \/>\u2714 70 % kierr\u00e4tetty\u00e4 luonnonkumia \u2013 kest\u00e4v\u00e4 ja ymp\u00e4rist\u00f6yst\u00e4v\u00e4llinen<br data-start=\"1578\" data-end=\"1581\" \/>\u2714 Vahva kumisyd\u00e4n \u2013 eritt\u00e4in kulutusta kest\u00e4v\u00e4<br data-start=\"1627\" data-end=\"1630\" \/>\u2714 Turvallinen koiran hampaille \u2013 pehme\u00e4 fleece-kuori ei naarmuta<br data-start=\"1694\" data-end=\"1697\" \/>\u2714 Suojattu piipotin \u2013 suljettu muotoilu suojaa vett\u00e4 ja likaa<br data-start=\"1758\" data-end=\"1761\" \/>\u2714 Superpomppu \u2013 t\u00e4ydellinen heittoon ja jahtaamiseen<\/p>\n<p data-start=\"1817\" data-end=\"1881\">\ud83d\udef8 <strong data-start=\"1820\" data-end=\"1829\">Koot:<\/strong><br data-start=\"1829\" data-end=\"1832\" \/>\ud83d\udd39 S \u2013 \u00d8 5 cm<br data-start=\"1845\" data-end=\"1848\" \/>\ud83d\udd39 M \u2013 \u00d8 6 cm<br data-start=\"1861\" data-end=\"1864\" \/>\ud83d\udd39 L \u2013 \u00d8 7,5 cm<\/p>\n<p data-start=\"1883\" data-end=\"2032\">Tee leikkihetkist\u00e4 viel\u00e4 hauskempia Dog Comets Neutron Star -palloilla \u2013 vahvoja, korkealle pomppivia ja kest\u00e4vi\u00e4 kumppaneita jokaiseen peliin! \ud83d\udc36\u2728<\/p>\n","protected":false},"featured_media":28021,"template":"","meta":[],"product_brand":[],"product_cat":[484],"product_tag":[],"class_list":{"0":"post-49044","1":"product","2":"type-product","3":"status-publish","4":"has-post-thumbnail","6":"product_cat-lelut-koirille","8":"first","9":"instock","10":"taxable","11":"shipping-taxable","12":"purchasable","13":"product-type-simple"},"yoast_head":"<!-- This site is optimized with the Yoast SEO plugin v27.2 - https:\/\/yoast.com\/product\/yoast-seo-wordpress\/ -->\n<title>Koira Tennispallot Dog Comets L \u2013 2 kpl, vihre\u00e4 - MiuMjau<\/title>\n<meta name=\"robots\" content=\"index, follow, max-snippet:-1, max-image-preview:large, max-video-preview:-1\" \/>\n<link rel=\"canonical\" href=\"https:\/\/miumjau.ee\/fi\/tuote\/koira-tennispallot-dog-comets-l-2-kpl-vihrea\/\" \/>\n<meta property=\"og:locale\" content=\"fi_FI\" \/>\n<meta property=\"og:type\" content=\"article\" \/>\n<meta property=\"og:title\" content=\"Koira Tennispallot Dog Comets L \u2013 2 kpl, vihre\u00e4 - MiuMjau\" \/>\n<meta property=\"og:description\" content=\"Dog Comets Neutron Star \u2013 superkest\u00e4v\u00e4 ja korkealle pomppiva tennispallo! \ud83d\ude80 T\u00e4m\u00e4 ei ole tavallinen tennispallo! Dog Comets Neutron Star on suunniteltu erityisesti koirille, jotka rakastavat pureskella leluja. Paksun kumisyd\u00e4mens\u00e4 ansiosta pallo on l\u00e4hes tuhoutumaton ja pomppaa eritt\u00e4in korkealle! \ud83c\udfbe Miksi t\u00e4m\u00e4 pallo on erityinen:\u2714 Piipotin \u2013 lis\u00e4\u00e4 hauskuutta piipityksell\u00e4!\u2714 70 % kierr\u00e4tetty\u00e4 luonnonkumia \u2013 kest\u00e4v\u00e4 ja ymp\u00e4rist\u00f6yst\u00e4v\u00e4llinen\u2714 Vahva kumisyd\u00e4n \u2013 eritt\u00e4in kulutusta kest\u00e4v\u00e4\u2714 Turvallinen koiran hampaille \u2013 pehme\u00e4 fleece-kuori ei naarmuta\u2714 Suojattu piipotin \u2013 suljettu muotoilu suojaa vett\u00e4 ja likaa\u2714 Superpomppu \u2013 t\u00e4ydellinen heittoon ja jahtaamiseen \ud83d\udef8 Koot:\ud83d\udd39 S \u2013 \u00d8 5 cm\ud83d\udd39 M \u2013 \u00d8 6 cm\ud83d\udd39 L \u2013 \u00d8 7,5 cm Tee leikkihetkist\u00e4 viel\u00e4 hauskempia Dog Comets Neutron Star -palloilla \u2013 vahvoja, korkealle pomppivia ja kest\u00e4vi\u00e4 kumppaneita jokaiseen peliin! \ud83d\udc36\u2728\" \/>\n<meta property=\"og:url\" content=\"https:\/\/miumjau.ee\/fi\/tuote\/koira-tennispallot-dog-comets-l-2-kpl-vihrea\/\" \/>\n<meta property=\"og:site_name\" content=\"MiuMjau\" \/>\n<meta property=\"article:publisher\" content=\"https:\/\/www.facebook.com\/miumjaupood\/\" \/>\n<meta property=\"article:modified_time\" content=\"2026-01-07T20:43:30+00:00\" \/>\n<meta property=\"og:image\" content=\"https:\/\/miumjau.ee\/wp-content\/uploads\/2025\/03\/manguasi-koerale-dog-comet-tennisepallid3.jpg\" \/>\n\t<meta property=\"og:image:width\" content=\"600\" \/>\n\t<meta property=\"og:image:height\" content=\"800\" \/>\n\t<meta property=\"og:image:type\" content=\"image\/jpeg\" \/>\n<meta name=\"twitter:card\" content=\"summary_large_image\" \/>\n<script type=\"application\/ld+json\" class=\"yoast-schema-graph\">{\"@context\":\"https:\/\/schema.org\",\"@graph\":[{\"@type\":\"WebPage\",\"@id\":\"https:\/\/miumjau.ee\/fi\/tuote\/koira-tennispallot-dog-comets-l-2-kpl-vihrea\/\",\"url\":\"https:\/\/miumjau.ee\/fi\/tuote\/koira-tennispallot-dog-comets-l-2-kpl-vihrea\/\",\"name\":\"Koira Tennispallot Dog Comets L \u2013 2 kpl, vihre\u00e4 - MiuMjau\",\"isPartOf\":{\"@id\":\"https:\/\/miumjau.ee\/#website\"},\"primaryImageOfPage\":{\"@id\":\"https:\/\/miumjau.ee\/fi\/tuote\/koira-tennispallot-dog-comets-l-2-kpl-vihrea\/#primaryimage\"},\"image\":{\"@id\":\"https:\/\/miumjau.ee\/fi\/tuote\/koira-tennispallot-dog-comets-l-2-kpl-vihrea\/#primaryimage\"},\"thumbnailUrl\":\"https:\/\/miumjau.ee\/wp-content\/uploads\/2025\/03\/manguasi-koerale-dog-comet-tennisepallid3.jpg\",\"datePublished\":\"2025-03-04T10:58:17+00:00\",\"dateModified\":\"2026-01-07T20:43:30+00:00\",\"breadcrumb\":{\"@id\":\"https:\/\/miumjau.ee\/fi\/tuote\/koira-tennispallot-dog-comets-l-2-kpl-vihrea\/#breadcrumb\"},\"inLanguage\":\"fi\",\"potentialAction\":[{\"@type\":\"ReadAction\",\"target\":[\"https:\/\/miumjau.ee\/fi\/tuote\/koira-tennispallot-dog-comets-l-2-kpl-vihrea\/\"]}]},{\"@type\":\"ImageObject\",\"inLanguage\":\"fi\",\"@id\":\"https:\/\/miumjau.ee\/fi\/tuote\/koira-tennispallot-dog-comets-l-2-kpl-vihrea\/#primaryimage\",\"url\":\"https:\/\/miumjau.ee\/wp-content\/uploads\/2025\/03\/manguasi-koerale-dog-comet-tennisepallid3.jpg\",\"contentUrl\":\"https:\/\/miumjau.ee\/wp-content\/uploads\/2025\/03\/manguasi-koerale-dog-comet-tennisepallid3.jpg\",\"width\":600,\"height\":800,\"caption\":\"Tennisepallid koerale Dog Comets L-2 tk, roheline\"},{\"@type\":\"BreadcrumbList\",\"@id\":\"https:\/\/miumjau.ee\/fi\/tuote\/koira-tennispallot-dog-comets-l-2-kpl-vihrea\/#breadcrumb\",\"itemListElement\":[{\"@type\":\"ListItem\",\"position\":1,\"name\":\"Home\",\"item\":\"https:\/\/miumjau.ee\/fi\/\"},{\"@type\":\"ListItem\",\"position\":2,\"name\":\"Kauppa\",\"item\":\"https:\/\/miumjau.ee\/fi\/kauppa\/\"},{\"@type\":\"ListItem\",\"position\":3,\"name\":\"Koira Tennispallot Dog Comets L \u2013 2 kpl, vihre\u00e4\"}]},{\"@type\":\"WebSite\",\"@id\":\"https:\/\/miumjau.ee\/#website\",\"url\":\"https:\/\/miumjau.ee\/\",\"name\":\"MiuMjau\",\"description\":\"Kraapimispuud kassidele\",\"publisher\":{\"@id\":\"https:\/\/miumjau.ee\/#organization\"},\"potentialAction\":[{\"@type\":\"SearchAction\",\"target\":{\"@type\":\"EntryPoint\",\"urlTemplate\":\"https:\/\/miumjau.ee\/?s={search_term_string}\"},\"query-input\":{\"@type\":\"PropertyValueSpecification\",\"valueRequired\":true,\"valueName\":\"search_term_string\"}}],\"inLanguage\":\"fi\"},{\"@type\":\"Organization\",\"@id\":\"https:\/\/miumjau.ee\/#organization\",\"name\":\"MiuMjau O\u00dc\",\"url\":\"https:\/\/miumjau.ee\/\",\"logo\":{\"@type\":\"ImageObject\",\"inLanguage\":\"fi\",\"@id\":\"https:\/\/miumjau.ee\/#\/schema\/logo\/image\/\",\"url\":\"https:\/\/miumjau.ee\/wp-content\/uploads\/2022\/04\/MiuMjau-logo-kollane.png\",\"contentUrl\":\"https:\/\/miumjau.ee\/wp-content\/uploads\/2022\/04\/MiuMjau-logo-kollane.png\",\"width\":219,\"height\":100,\"caption\":\"MiuMjau O\u00dc\"},\"image\":{\"@id\":\"https:\/\/miumjau.ee\/#\/schema\/logo\/image\/\"},\"sameAs\":[\"https:\/\/www.facebook.com\/miumjaupood\/\"]}]}<\/script>\n<!-- \/ Yoast SEO plugin. -->","yoast_head_json":{"title":"Koira Tennispallot Dog Comets L \u2013 2 kpl, vihre\u00e4 - MiuMjau","robots":{"index":"index","follow":"follow","max-snippet":"max-snippet:-1","max-image-preview":"max-image-preview:large","max-video-preview":"max-video-preview:-1"},"canonical":"https:\/\/miumjau.ee\/fi\/tuote\/koira-tennispallot-dog-comets-l-2-kpl-vihrea\/","og_locale":"fi_FI","og_type":"article","og_title":"Koira Tennispallot Dog Comets L \u2013 2 kpl, vihre\u00e4 - MiuMjau","og_description":"Dog Comets Neutron Star \u2013 superkest\u00e4v\u00e4 ja korkealle pomppiva tennispallo! \ud83d\ude80 T\u00e4m\u00e4 ei ole tavallinen tennispallo! Dog Comets Neutron Star on suunniteltu erityisesti koirille, jotka rakastavat pureskella leluja. Paksun kumisyd\u00e4mens\u00e4 ansiosta pallo on l\u00e4hes tuhoutumaton ja pomppaa eritt\u00e4in korkealle! \ud83c\udfbe Miksi t\u00e4m\u00e4 pallo on erityinen:\u2714 Piipotin \u2013 lis\u00e4\u00e4 hauskuutta piipityksell\u00e4!\u2714 70 % kierr\u00e4tetty\u00e4 luonnonkumia \u2013 kest\u00e4v\u00e4 ja ymp\u00e4rist\u00f6yst\u00e4v\u00e4llinen\u2714 Vahva kumisyd\u00e4n \u2013 eritt\u00e4in kulutusta kest\u00e4v\u00e4\u2714 Turvallinen koiran hampaille \u2013 pehme\u00e4 fleece-kuori ei naarmuta\u2714 Suojattu piipotin \u2013 suljettu muotoilu suojaa vett\u00e4 ja likaa\u2714 Superpomppu \u2013 t\u00e4ydellinen heittoon ja jahtaamiseen \ud83d\udef8 Koot:\ud83d\udd39 S \u2013 \u00d8 5 cm\ud83d\udd39 M \u2013 \u00d8 6 cm\ud83d\udd39 L \u2013 \u00d8 7,5 cm Tee leikkihetkist\u00e4 viel\u00e4 hauskempia Dog Comets Neutron Star -palloilla \u2013 vahvoja, korkealle pomppivia ja kest\u00e4vi\u00e4 kumppaneita jokaiseen peliin! \ud83d\udc36\u2728","og_url":"https:\/\/miumjau.ee\/fi\/tuote\/koira-tennispallot-dog-comets-l-2-kpl-vihrea\/","og_site_name":"MiuMjau","article_publisher":"https:\/\/www.facebook.com\/miumjaupood\/","article_modified_time":"2026-01-07T20:43:30+00:00","og_image":[{"width":600,"height":800,"url":"https:\/\/miumjau.ee\/wp-content\/uploads\/2025\/03\/manguasi-koerale-dog-comet-tennisepallid3.jpg","type":"image\/jpeg"}],"twitter_card":"summary_large_image","schema":{"@context":"https:\/\/schema.org","@graph":[{"@type":"WebPage","@id":"https:\/\/miumjau.ee\/fi\/tuote\/koira-tennispallot-dog-comets-l-2-kpl-vihrea\/","url":"https:\/\/miumjau.ee\/fi\/tuote\/koira-tennispallot-dog-comets-l-2-kpl-vihrea\/","name":"Koira Tennispallot Dog Comets L \u2013 2 kpl, vihre\u00e4 - MiuMjau","isPartOf":{"@id":"https:\/\/miumjau.ee\/#website"},"primaryImageOfPage":{"@id":"https:\/\/miumjau.ee\/fi\/tuote\/koira-tennispallot-dog-comets-l-2-kpl-vihrea\/#primaryimage"},"image":{"@id":"https:\/\/miumjau.ee\/fi\/tuote\/koira-tennispallot-dog-comets-l-2-kpl-vihrea\/#primaryimage"},"thumbnailUrl":"https:\/\/miumjau.ee\/wp-content\/uploads\/2025\/03\/manguasi-koerale-dog-comet-tennisepallid3.jpg","datePublished":"2025-03-04T10:58:17+00:00","dateModified":"2026-01-07T20:43:30+00:00","breadcrumb":{"@id":"https:\/\/miumjau.ee\/fi\/tuote\/koira-tennispallot-dog-comets-l-2-kpl-vihrea\/#breadcrumb"},"inLanguage":"fi","potentialAction":[{"@type":"ReadAction","target":["https:\/\/miumjau.ee\/fi\/tuote\/koira-tennispallot-dog-comets-l-2-kpl-vihrea\/"]}]},{"@type":"ImageObject","inLanguage":"fi","@id":"https:\/\/miumjau.ee\/fi\/tuote\/koira-tennispallot-dog-comets-l-2-kpl-vihrea\/#primaryimage","url":"https:\/\/miumjau.ee\/wp-content\/uploads\/2025\/03\/manguasi-koerale-dog-comet-tennisepallid3.jpg","contentUrl":"https:\/\/miumjau.ee\/wp-content\/uploads\/2025\/03\/manguasi-koerale-dog-comet-tennisepallid3.jpg","width":600,"height":800,"caption":"Tennisepallid koerale Dog Comets L-2 tk, roheline"},{"@type":"BreadcrumbList","@id":"https:\/\/miumjau.ee\/fi\/tuote\/koira-tennispallot-dog-comets-l-2-kpl-vihrea\/#breadcrumb","itemListElement":[{"@type":"ListItem","position":1,"name":"Home","item":"https:\/\/miumjau.ee\/fi\/"},{"@type":"ListItem","position":2,"name":"Kauppa","item":"https:\/\/miumjau.ee\/fi\/kauppa\/"},{"@type":"ListItem","position":3,"name":"Koira Tennispallot Dog Comets L \u2013 2 kpl, vihre\u00e4"}]},{"@type":"WebSite","@id":"https:\/\/miumjau.ee\/#website","url":"https:\/\/miumjau.ee\/","name":"MiuMjau","description":"Kraapimispuud kassidele","publisher":{"@id":"https:\/\/miumjau.ee\/#organization"},"potentialAction":[{"@type":"SearchAction","target":{"@type":"EntryPoint","urlTemplate":"https:\/\/miumjau.ee\/?s={search_term_string}"},"query-input":{"@type":"PropertyValueSpecification","valueRequired":true,"valueName":"search_term_string"}}],"inLanguage":"fi"},{"@type":"Organization","@id":"https:\/\/miumjau.ee\/#organization","name":"MiuMjau O\u00dc","url":"https:\/\/miumjau.ee\/","logo":{"@type":"ImageObject","inLanguage":"fi","@id":"https:\/\/miumjau.ee\/#\/schema\/logo\/image\/","url":"https:\/\/miumjau.ee\/wp-content\/uploads\/2022\/04\/MiuMjau-logo-kollane.png","contentUrl":"https:\/\/miumjau.ee\/wp-content\/uploads\/2022\/04\/MiuMjau-logo-kollane.png","width":219,"height":100,"caption":"MiuMjau O\u00dc"},"image":{"@id":"https:\/\/miumjau.ee\/#\/schema\/logo\/image\/"},"sameAs":["https:\/\/www.facebook.com\/miumjaupood\/"]}]}},"_links":{"self":[{"href":"https:\/\/miumjau.ee\/fi\/wp-json\/wp\/v2\/product\/49044","targetHints":{"allow":["GET"]}}],"collection":[{"href":"https:\/\/miumjau.ee\/fi\/wp-json\/wp\/v2\/product"}],"about":[{"href":"https:\/\/miumjau.ee\/fi\/wp-json\/wp\/v2\/types\/product"}],"wp:featuredmedia":[{"embeddable":true,"href":"https:\/\/miumjau.ee\/fi\/wp-json\/wp\/v2\/media\/28021"}],"wp:attachment":[{"href":"https:\/\/miumjau.ee\/fi\/wp-json\/wp\/v2\/media?parent=49044"}],"wp:term":[{"taxonomy":"product_brand","embeddable":true,"href":"https:\/\/miumjau.ee\/fi\/wp-json\/wp\/v2\/product_brand?post=49044"},{"taxonomy":"product_cat","embeddable":true,"href":"https:\/\/miumjau.ee\/fi\/wp-json\/wp\/v2\/product_cat?post=49044"},{"taxonomy":"product_tag","embeddable":true,"href":"https:\/\/miumjau.ee\/fi\/wp-json\/wp\/v2\/product_tag?post=49044"}],"curies":[{"name":"wp","href":"https:\/\/api.w.org\/{rel}","templated":true}]}}