{"id":49016,"date":"2025-03-04T13:02:42","date_gmt":"2025-03-04T11:02:42","guid":{"rendered":"https:\/\/miumjau.ee\/toode\/koira-tennispallo-dog-comets-s-1-kpl-vaaleanpunainen\/"},"modified":"2026-01-07T22:43:37","modified_gmt":"2026-01-07T20:43:37","slug":"koira-tennispallo-dog-comets-s-1-kpl-vaaleanpunainen","status":"publish","type":"product","link":"https:\/\/miumjau.ee\/fi\/tuote\/koira-tennispallo-dog-comets-s-1-kpl-vaaleanpunainen\/","title":{"rendered":"Koira Tennispallo Dog Comets S \u2013 1 kpl, vaaleanpunainen"},"content":{"rendered":"","protected":false},"excerpt":{"rendered":"<p data-start=\"1150\" data-end=\"1230\"><strong data-start=\"1150\" data-end=\"1230\">Dog Comets Neutron Star \u2013 superkest\u00e4v\u00e4 ja korkealle pomppiva tennispallo! \ud83d\ude80<\/strong><\/p>\n<p data-start=\"1232\" data-end=\"1453\">T\u00e4m\u00e4 ei ole tavallinen tennispallo! Dog Comets Neutron Star on suunniteltu erityisesti koirille, jotka rakastavat pureskella leluja. Paksun kumisyd\u00e4mens\u00e4 ansiosta pallo on l\u00e4hes tuhoutumaton ja pomppaa eritt\u00e4in korkealle!<\/p>\n<p data-start=\"1455\" data-end=\"1895\">\ud83c\udfbe <strong data-start=\"1458\" data-end=\"1492\">Miksi t\u00e4m\u00e4 pallo on erityinen:<\/strong><br data-start=\"1492\" data-end=\"1495\" \/>\u2714 Piipotin \u2013 lis\u00e4\u00e4 hauskuutta piipityksell\u00e4!<br data-start=\"1539\" data-end=\"1542\" \/>\u2714 70 % kierr\u00e4tetty\u00e4 luonnonkumia \u2013 kest\u00e4v\u00e4 ja ymp\u00e4rist\u00f6yst\u00e4v\u00e4llinen<br data-start=\"1609\" data-end=\"1612\" \/>\u2714 Vahva kumisyd\u00e4n \u2013 eritt\u00e4in kulutusta kest\u00e4v\u00e4 ja kest\u00e4v\u00e4<br data-start=\"1669\" data-end=\"1672\" \/>\u2714 Turvallinen koiran hampaille \u2013 pehme\u00e4 fleece-kuori ei naarmuta tai vahingoita<br data-start=\"1751\" data-end=\"1754\" \/>\u2714 Suojattu piipotin \u2013 suljettu muotoilu pit\u00e4\u00e4 piipottimen turvassa vedelt\u00e4 ja lialta<br data-start=\"1838\" data-end=\"1841\" \/>\u2714 Superpomppu \u2013 t\u00e4ydellinen heittoon ja jahtaamiseen<\/p>\n<p data-start=\"1897\" data-end=\"1961\">\ud83d\udef8 <strong data-start=\"1900\" data-end=\"1909\">Koot:<\/strong><br data-start=\"1909\" data-end=\"1912\" \/>\ud83d\udd39 S \u2013 \u00d8 5 cm<br data-start=\"1925\" data-end=\"1928\" \/>\ud83d\udd39 M \u2013 \u00d8 6 cm<br data-start=\"1941\" data-end=\"1944\" \/>\ud83d\udd39 L \u2013 \u00d8 7,5 cm<\/p>\n<p data-start=\"1963\" data-end=\"2114\">Tee leikkihetkist\u00e4 viel\u00e4 hauskempia Dog Comets Neutron Star -pallolla \u2013 vahva, korkealle pomppiva ja kest\u00e4v\u00e4 kumppani jokaiselle leikkituokiolle! \ud83d\udc36\u2728<\/p>\n","protected":false},"featured_media":28044,"template":"","meta":[],"product_brand":[],"product_cat":[484],"product_tag":[],"class_list":{"0":"post-49016","1":"product","2":"type-product","3":"status-publish","4":"has-post-thumbnail","6":"product_cat-lelut-koirille","8":"first","9":"instock","10":"taxable","11":"shipping-taxable","12":"purchasable","13":"product-type-simple"},"yoast_head":"<!-- This site is optimized with the Yoast SEO plugin v27.2 - https:\/\/yoast.com\/product\/yoast-seo-wordpress\/ -->\n<title>Koira Tennispallo Dog Comets S \u2013 1 kpl, vaaleanpunainen - MiuMjau<\/title>\n<meta name=\"robots\" content=\"index, follow, max-snippet:-1, max-image-preview:large, max-video-preview:-1\" \/>\n<link rel=\"canonical\" href=\"https:\/\/miumjau.ee\/fi\/tuote\/koira-tennispallo-dog-comets-s-1-kpl-vaaleanpunainen\/\" \/>\n<meta property=\"og:locale\" content=\"fi_FI\" \/>\n<meta property=\"og:type\" content=\"article\" \/>\n<meta property=\"og:title\" content=\"Koira Tennispallo Dog Comets S \u2013 1 kpl, vaaleanpunainen - MiuMjau\" \/>\n<meta property=\"og:description\" content=\"Dog Comets Neutron Star \u2013 superkest\u00e4v\u00e4 ja korkealle pomppiva tennispallo! \ud83d\ude80 T\u00e4m\u00e4 ei ole tavallinen tennispallo! Dog Comets Neutron Star on suunniteltu erityisesti koirille, jotka rakastavat pureskella leluja. Paksun kumisyd\u00e4mens\u00e4 ansiosta pallo on l\u00e4hes tuhoutumaton ja pomppaa eritt\u00e4in korkealle! \ud83c\udfbe Miksi t\u00e4m\u00e4 pallo on erityinen:\u2714 Piipotin \u2013 lis\u00e4\u00e4 hauskuutta piipityksell\u00e4!\u2714 70 % kierr\u00e4tetty\u00e4 luonnonkumia \u2013 kest\u00e4v\u00e4 ja ymp\u00e4rist\u00f6yst\u00e4v\u00e4llinen\u2714 Vahva kumisyd\u00e4n \u2013 eritt\u00e4in kulutusta kest\u00e4v\u00e4 ja kest\u00e4v\u00e4\u2714 Turvallinen koiran hampaille \u2013 pehme\u00e4 fleece-kuori ei naarmuta tai vahingoita\u2714 Suojattu piipotin \u2013 suljettu muotoilu pit\u00e4\u00e4 piipottimen turvassa vedelt\u00e4 ja lialta\u2714 Superpomppu \u2013 t\u00e4ydellinen heittoon ja jahtaamiseen \ud83d\udef8 Koot:\ud83d\udd39 S \u2013 \u00d8 5 cm\ud83d\udd39 M \u2013 \u00d8 6 cm\ud83d\udd39 L \u2013 \u00d8 7,5 cm Tee leikkihetkist\u00e4 viel\u00e4 hauskempia Dog Comets Neutron Star -pallolla \u2013 vahva, korkealle pomppiva ja kest\u00e4v\u00e4 kumppani jokaiselle leikkituokiolle! \ud83d\udc36\u2728\" \/>\n<meta property=\"og:url\" content=\"https:\/\/miumjau.ee\/fi\/tuote\/koira-tennispallo-dog-comets-s-1-kpl-vaaleanpunainen\/\" \/>\n<meta property=\"og:site_name\" content=\"MiuMjau\" \/>\n<meta property=\"article:publisher\" content=\"https:\/\/www.facebook.com\/miumjaupood\/\" \/>\n<meta property=\"article:modified_time\" content=\"2026-01-07T20:43:37+00:00\" \/>\n<meta property=\"og:image\" content=\"https:\/\/miumjau.ee\/wp-content\/uploads\/2025\/03\/dog-comets-tennisepallid-S-roosa2.jpg\" \/>\n\t<meta property=\"og:image:width\" content=\"600\" \/>\n\t<meta property=\"og:image:height\" content=\"800\" \/>\n\t<meta property=\"og:image:type\" content=\"image\/jpeg\" \/>\n<meta name=\"twitter:card\" content=\"summary_large_image\" \/>\n<script type=\"application\/ld+json\" class=\"yoast-schema-graph\">{\"@context\":\"https:\/\/schema.org\",\"@graph\":[{\"@type\":\"WebPage\",\"@id\":\"https:\/\/miumjau.ee\/fi\/tuote\/koira-tennispallo-dog-comets-s-1-kpl-vaaleanpunainen\/\",\"url\":\"https:\/\/miumjau.ee\/fi\/tuote\/koira-tennispallo-dog-comets-s-1-kpl-vaaleanpunainen\/\",\"name\":\"Koira Tennispallo Dog Comets S \u2013 1 kpl, vaaleanpunainen - MiuMjau\",\"isPartOf\":{\"@id\":\"https:\/\/miumjau.ee\/#website\"},\"primaryImageOfPage\":{\"@id\":\"https:\/\/miumjau.ee\/fi\/tuote\/koira-tennispallo-dog-comets-s-1-kpl-vaaleanpunainen\/#primaryimage\"},\"image\":{\"@id\":\"https:\/\/miumjau.ee\/fi\/tuote\/koira-tennispallo-dog-comets-s-1-kpl-vaaleanpunainen\/#primaryimage\"},\"thumbnailUrl\":\"https:\/\/miumjau.ee\/wp-content\/uploads\/2025\/03\/dog-comets-tennisepallid-S-roosa2.jpg\",\"datePublished\":\"2025-03-04T11:02:42+00:00\",\"dateModified\":\"2026-01-07T20:43:37+00:00\",\"breadcrumb\":{\"@id\":\"https:\/\/miumjau.ee\/fi\/tuote\/koira-tennispallo-dog-comets-s-1-kpl-vaaleanpunainen\/#breadcrumb\"},\"inLanguage\":\"fi\",\"potentialAction\":[{\"@type\":\"ReadAction\",\"target\":[\"https:\/\/miumjau.ee\/fi\/tuote\/koira-tennispallo-dog-comets-s-1-kpl-vaaleanpunainen\/\"]}]},{\"@type\":\"ImageObject\",\"inLanguage\":\"fi\",\"@id\":\"https:\/\/miumjau.ee\/fi\/tuote\/koira-tennispallo-dog-comets-s-1-kpl-vaaleanpunainen\/#primaryimage\",\"url\":\"https:\/\/miumjau.ee\/wp-content\/uploads\/2025\/03\/dog-comets-tennisepallid-S-roosa2.jpg\",\"contentUrl\":\"https:\/\/miumjau.ee\/wp-content\/uploads\/2025\/03\/dog-comets-tennisepallid-S-roosa2.jpg\",\"width\":600,\"height\":800,\"caption\":\"Tennisepallid koerale Dog Comets S-3 tk, roosa\"},{\"@type\":\"BreadcrumbList\",\"@id\":\"https:\/\/miumjau.ee\/fi\/tuote\/koira-tennispallo-dog-comets-s-1-kpl-vaaleanpunainen\/#breadcrumb\",\"itemListElement\":[{\"@type\":\"ListItem\",\"position\":1,\"name\":\"Home\",\"item\":\"https:\/\/miumjau.ee\/fi\/\"},{\"@type\":\"ListItem\",\"position\":2,\"name\":\"Kauppa\",\"item\":\"https:\/\/miumjau.ee\/fi\/kauppa\/\"},{\"@type\":\"ListItem\",\"position\":3,\"name\":\"Koira Tennispallo Dog Comets S \u2013 1 kpl, vaaleanpunainen\"}]},{\"@type\":\"WebSite\",\"@id\":\"https:\/\/miumjau.ee\/#website\",\"url\":\"https:\/\/miumjau.ee\/\",\"name\":\"MiuMjau\",\"description\":\"Kraapimispuud kassidele\",\"publisher\":{\"@id\":\"https:\/\/miumjau.ee\/#organization\"},\"potentialAction\":[{\"@type\":\"SearchAction\",\"target\":{\"@type\":\"EntryPoint\",\"urlTemplate\":\"https:\/\/miumjau.ee\/?s={search_term_string}\"},\"query-input\":{\"@type\":\"PropertyValueSpecification\",\"valueRequired\":true,\"valueName\":\"search_term_string\"}}],\"inLanguage\":\"fi\"},{\"@type\":\"Organization\",\"@id\":\"https:\/\/miumjau.ee\/#organization\",\"name\":\"MiuMjau O\u00dc\",\"url\":\"https:\/\/miumjau.ee\/\",\"logo\":{\"@type\":\"ImageObject\",\"inLanguage\":\"fi\",\"@id\":\"https:\/\/miumjau.ee\/#\/schema\/logo\/image\/\",\"url\":\"https:\/\/miumjau.ee\/wp-content\/uploads\/2022\/04\/MiuMjau-logo-kollane.png\",\"contentUrl\":\"https:\/\/miumjau.ee\/wp-content\/uploads\/2022\/04\/MiuMjau-logo-kollane.png\",\"width\":219,\"height\":100,\"caption\":\"MiuMjau O\u00dc\"},\"image\":{\"@id\":\"https:\/\/miumjau.ee\/#\/schema\/logo\/image\/\"},\"sameAs\":[\"https:\/\/www.facebook.com\/miumjaupood\/\"]}]}<\/script>\n<!-- \/ Yoast SEO plugin. -->","yoast_head_json":{"title":"Koira Tennispallo Dog Comets S \u2013 1 kpl, vaaleanpunainen - MiuMjau","robots":{"index":"index","follow":"follow","max-snippet":"max-snippet:-1","max-image-preview":"max-image-preview:large","max-video-preview":"max-video-preview:-1"},"canonical":"https:\/\/miumjau.ee\/fi\/tuote\/koira-tennispallo-dog-comets-s-1-kpl-vaaleanpunainen\/","og_locale":"fi_FI","og_type":"article","og_title":"Koira Tennispallo Dog Comets S \u2013 1 kpl, vaaleanpunainen - MiuMjau","og_description":"Dog Comets Neutron Star \u2013 superkest\u00e4v\u00e4 ja korkealle pomppiva tennispallo! \ud83d\ude80 T\u00e4m\u00e4 ei ole tavallinen tennispallo! Dog Comets Neutron Star on suunniteltu erityisesti koirille, jotka rakastavat pureskella leluja. Paksun kumisyd\u00e4mens\u00e4 ansiosta pallo on l\u00e4hes tuhoutumaton ja pomppaa eritt\u00e4in korkealle! \ud83c\udfbe Miksi t\u00e4m\u00e4 pallo on erityinen:\u2714 Piipotin \u2013 lis\u00e4\u00e4 hauskuutta piipityksell\u00e4!\u2714 70 % kierr\u00e4tetty\u00e4 luonnonkumia \u2013 kest\u00e4v\u00e4 ja ymp\u00e4rist\u00f6yst\u00e4v\u00e4llinen\u2714 Vahva kumisyd\u00e4n \u2013 eritt\u00e4in kulutusta kest\u00e4v\u00e4 ja kest\u00e4v\u00e4\u2714 Turvallinen koiran hampaille \u2013 pehme\u00e4 fleece-kuori ei naarmuta tai vahingoita\u2714 Suojattu piipotin \u2013 suljettu muotoilu pit\u00e4\u00e4 piipottimen turvassa vedelt\u00e4 ja lialta\u2714 Superpomppu \u2013 t\u00e4ydellinen heittoon ja jahtaamiseen \ud83d\udef8 Koot:\ud83d\udd39 S \u2013 \u00d8 5 cm\ud83d\udd39 M \u2013 \u00d8 6 cm\ud83d\udd39 L \u2013 \u00d8 7,5 cm Tee leikkihetkist\u00e4 viel\u00e4 hauskempia Dog Comets Neutron Star -pallolla \u2013 vahva, korkealle pomppiva ja kest\u00e4v\u00e4 kumppani jokaiselle leikkituokiolle! \ud83d\udc36\u2728","og_url":"https:\/\/miumjau.ee\/fi\/tuote\/koira-tennispallo-dog-comets-s-1-kpl-vaaleanpunainen\/","og_site_name":"MiuMjau","article_publisher":"https:\/\/www.facebook.com\/miumjaupood\/","article_modified_time":"2026-01-07T20:43:37+00:00","og_image":[{"width":600,"height":800,"url":"https:\/\/miumjau.ee\/wp-content\/uploads\/2025\/03\/dog-comets-tennisepallid-S-roosa2.jpg","type":"image\/jpeg"}],"twitter_card":"summary_large_image","schema":{"@context":"https:\/\/schema.org","@graph":[{"@type":"WebPage","@id":"https:\/\/miumjau.ee\/fi\/tuote\/koira-tennispallo-dog-comets-s-1-kpl-vaaleanpunainen\/","url":"https:\/\/miumjau.ee\/fi\/tuote\/koira-tennispallo-dog-comets-s-1-kpl-vaaleanpunainen\/","name":"Koira Tennispallo Dog Comets S \u2013 1 kpl, vaaleanpunainen - MiuMjau","isPartOf":{"@id":"https:\/\/miumjau.ee\/#website"},"primaryImageOfPage":{"@id":"https:\/\/miumjau.ee\/fi\/tuote\/koira-tennispallo-dog-comets-s-1-kpl-vaaleanpunainen\/#primaryimage"},"image":{"@id":"https:\/\/miumjau.ee\/fi\/tuote\/koira-tennispallo-dog-comets-s-1-kpl-vaaleanpunainen\/#primaryimage"},"thumbnailUrl":"https:\/\/miumjau.ee\/wp-content\/uploads\/2025\/03\/dog-comets-tennisepallid-S-roosa2.jpg","datePublished":"2025-03-04T11:02:42+00:00","dateModified":"2026-01-07T20:43:37+00:00","breadcrumb":{"@id":"https:\/\/miumjau.ee\/fi\/tuote\/koira-tennispallo-dog-comets-s-1-kpl-vaaleanpunainen\/#breadcrumb"},"inLanguage":"fi","potentialAction":[{"@type":"ReadAction","target":["https:\/\/miumjau.ee\/fi\/tuote\/koira-tennispallo-dog-comets-s-1-kpl-vaaleanpunainen\/"]}]},{"@type":"ImageObject","inLanguage":"fi","@id":"https:\/\/miumjau.ee\/fi\/tuote\/koira-tennispallo-dog-comets-s-1-kpl-vaaleanpunainen\/#primaryimage","url":"https:\/\/miumjau.ee\/wp-content\/uploads\/2025\/03\/dog-comets-tennisepallid-S-roosa2.jpg","contentUrl":"https:\/\/miumjau.ee\/wp-content\/uploads\/2025\/03\/dog-comets-tennisepallid-S-roosa2.jpg","width":600,"height":800,"caption":"Tennisepallid koerale Dog Comets S-3 tk, roosa"},{"@type":"BreadcrumbList","@id":"https:\/\/miumjau.ee\/fi\/tuote\/koira-tennispallo-dog-comets-s-1-kpl-vaaleanpunainen\/#breadcrumb","itemListElement":[{"@type":"ListItem","position":1,"name":"Home","item":"https:\/\/miumjau.ee\/fi\/"},{"@type":"ListItem","position":2,"name":"Kauppa","item":"https:\/\/miumjau.ee\/fi\/kauppa\/"},{"@type":"ListItem","position":3,"name":"Koira Tennispallo Dog Comets S \u2013 1 kpl, vaaleanpunainen"}]},{"@type":"WebSite","@id":"https:\/\/miumjau.ee\/#website","url":"https:\/\/miumjau.ee\/","name":"MiuMjau","description":"Kraapimispuud kassidele","publisher":{"@id":"https:\/\/miumjau.ee\/#organization"},"potentialAction":[{"@type":"SearchAction","target":{"@type":"EntryPoint","urlTemplate":"https:\/\/miumjau.ee\/?s={search_term_string}"},"query-input":{"@type":"PropertyValueSpecification","valueRequired":true,"valueName":"search_term_string"}}],"inLanguage":"fi"},{"@type":"Organization","@id":"https:\/\/miumjau.ee\/#organization","name":"MiuMjau O\u00dc","url":"https:\/\/miumjau.ee\/","logo":{"@type":"ImageObject","inLanguage":"fi","@id":"https:\/\/miumjau.ee\/#\/schema\/logo\/image\/","url":"https:\/\/miumjau.ee\/wp-content\/uploads\/2022\/04\/MiuMjau-logo-kollane.png","contentUrl":"https:\/\/miumjau.ee\/wp-content\/uploads\/2022\/04\/MiuMjau-logo-kollane.png","width":219,"height":100,"caption":"MiuMjau O\u00dc"},"image":{"@id":"https:\/\/miumjau.ee\/#\/schema\/logo\/image\/"},"sameAs":["https:\/\/www.facebook.com\/miumjaupood\/"]}]}},"_links":{"self":[{"href":"https:\/\/miumjau.ee\/fi\/wp-json\/wp\/v2\/product\/49016","targetHints":{"allow":["GET"]}}],"collection":[{"href":"https:\/\/miumjau.ee\/fi\/wp-json\/wp\/v2\/product"}],"about":[{"href":"https:\/\/miumjau.ee\/fi\/wp-json\/wp\/v2\/types\/product"}],"wp:featuredmedia":[{"embeddable":true,"href":"https:\/\/miumjau.ee\/fi\/wp-json\/wp\/v2\/media\/28044"}],"wp:attachment":[{"href":"https:\/\/miumjau.ee\/fi\/wp-json\/wp\/v2\/media?parent=49016"}],"wp:term":[{"taxonomy":"product_brand","embeddable":true,"href":"https:\/\/miumjau.ee\/fi\/wp-json\/wp\/v2\/product_brand?post=49016"},{"taxonomy":"product_cat","embeddable":true,"href":"https:\/\/miumjau.ee\/fi\/wp-json\/wp\/v2\/product_cat?post=49016"},{"taxonomy":"product_tag","embeddable":true,"href":"https:\/\/miumjau.ee\/fi\/wp-json\/wp\/v2\/product_tag?post=49016"}],"curies":[{"name":"wp","href":"https:\/\/api.w.org\/{rel}","templated":true}]}}