{"id":49010,"date":"2025-03-04T13:36:32","date_gmt":"2025-03-04T11:36:32","guid":{"rendered":"https:\/\/miumjau.ee\/toode\/koiran-lelu-dog-comets-invaders-vihrea-l\/"},"modified":"2026-01-07T22:43:37","modified_gmt":"2026-01-07T20:43:37","slug":"koiran-lelu-dog-comets-invaders-vihrea-l","status":"publish","type":"product","link":"https:\/\/miumjau.ee\/fi\/tuote\/koiran-lelu-dog-comets-invaders-vihrea-l\/","title":{"rendered":"Koiran lelu Dog Comets Invaders, vihre\u00e4 L"},"content":{"rendered":"","protected":false},"excerpt":{"rendered":"<p data-start=\"1026\" data-end=\"1108\"><strong data-start=\"1026\" data-end=\"1108\">Dog Comets Invaders \u2013 avaruusolennot, jotka valloittavat koirasi syd\u00e4men! \ud83d\udc7d\ud83d\udc36<\/strong><\/p>\n<p data-start=\"1110\" data-end=\"1322\">N\u00e4m\u00e4 pienet avaruusolennot ovat laskeutuneet Maahan ja ovat valmiita valloittamaan maailman koirasi kanssa! Dog Comets Invaders heittokeppi on t\u00e4ydellinen lelu, joka yhdist\u00e4\u00e4 kest\u00e4vyyden, pehmeyden ja hauskuuden.<\/p>\n<p data-start=\"1324\" data-end=\"1804\">\ud83d\ude80 <strong data-start=\"1327\" data-end=\"1381\">Miksi koirasi rakastaa Dog Comets Invaders -lelua:<\/strong><br data-start=\"1381\" data-end=\"1384\" \/>\u2714 Piipotus ja rapina \u2013 sis\u00e4\u00e4nrakennettu piipotin ja rapiseva materiaali lis\u00e4\u00e4v\u00e4t hauskuutta<br data-start=\"1475\" data-end=\"1478\" \/>\u2714 Eritt\u00e4in kest\u00e4v\u00e4 \u2013 tihe\u00e4 vaahtopohja tekee lelusta raskaamman ja kest\u00e4v\u00e4mm\u00e4n kuin tavalliset koiranlelut<br data-start=\"1584\" data-end=\"1587\" \/>\u2714 Pehme\u00e4 pehmuste \u2013 t\u00e4ydellinen leikkiin ja halailuun<br data-start=\"1640\" data-end=\"1643\" \/>\u2714 Monipuolinen k\u00e4ytt\u00f6 \u2013 sopii heitto-, vetokisaan ja interaktiiviseen leikkiin<br data-start=\"1721\" data-end=\"1724\" \/>\u2714 Uniikki muotoilu \u2013 jokaisella Invaderilla on oma ilmeens\u00e4 ja persoonallisuus<\/p>\n<p data-start=\"1806\" data-end=\"1951\">Anna koirallesi kosminen leikkikokemus Dog Comets Invaders -lelun avulla \u2013 t\u00e4ydellinen kumppani aktiivisiin leikkeihin ja helliin hetkiin! \ud83d\udef8\ud83d\udc9a<\/p>\n","protected":false},"featured_media":28054,"template":"","meta":[],"product_brand":[],"product_cat":[484],"product_tag":[],"class_list":{"0":"post-49010","1":"product","2":"type-product","3":"status-publish","4":"has-post-thumbnail","6":"product_cat-lelut-koirille","8":"first","9":"instock","10":"taxable","11":"shipping-taxable","12":"purchasable","13":"product-type-simple"},"yoast_head":"<!-- This site is optimized with the Yoast SEO plugin v27.2 - https:\/\/yoast.com\/product\/yoast-seo-wordpress\/ -->\n<title>Koiran lelu Dog Comets Invaders, vihre\u00e4 L - MiuMjau<\/title>\n<meta name=\"robots\" content=\"index, follow, max-snippet:-1, max-image-preview:large, max-video-preview:-1\" \/>\n<link rel=\"canonical\" href=\"https:\/\/miumjau.ee\/fi\/tuote\/koiran-lelu-dog-comets-invaders-vihrea-l\/\" \/>\n<meta property=\"og:locale\" content=\"fi_FI\" \/>\n<meta property=\"og:type\" content=\"article\" \/>\n<meta property=\"og:title\" content=\"Koiran lelu Dog Comets Invaders, vihre\u00e4 L - MiuMjau\" \/>\n<meta property=\"og:description\" content=\"Dog Comets Invaders \u2013 avaruusolennot, jotka valloittavat koirasi syd\u00e4men! \ud83d\udc7d\ud83d\udc36 N\u00e4m\u00e4 pienet avaruusolennot ovat laskeutuneet Maahan ja ovat valmiita valloittamaan maailman koirasi kanssa! Dog Comets Invaders heittokeppi on t\u00e4ydellinen lelu, joka yhdist\u00e4\u00e4 kest\u00e4vyyden, pehmeyden ja hauskuuden. \ud83d\ude80 Miksi koirasi rakastaa Dog Comets Invaders -lelua:\u2714 Piipotus ja rapina \u2013 sis\u00e4\u00e4nrakennettu piipotin ja rapiseva materiaali lis\u00e4\u00e4v\u00e4t hauskuutta\u2714 Eritt\u00e4in kest\u00e4v\u00e4 \u2013 tihe\u00e4 vaahtopohja tekee lelusta raskaamman ja kest\u00e4v\u00e4mm\u00e4n kuin tavalliset koiranlelut\u2714 Pehme\u00e4 pehmuste \u2013 t\u00e4ydellinen leikkiin ja halailuun\u2714 Monipuolinen k\u00e4ytt\u00f6 \u2013 sopii heitto-, vetokisaan ja interaktiiviseen leikkiin\u2714 Uniikki muotoilu \u2013 jokaisella Invaderilla on oma ilmeens\u00e4 ja persoonallisuus Anna koirallesi kosminen leikkikokemus Dog Comets Invaders -lelun avulla \u2013 t\u00e4ydellinen kumppani aktiivisiin leikkeihin ja helliin hetkiin! \ud83d\udef8\ud83d\udc9a\" \/>\n<meta property=\"og:url\" content=\"https:\/\/miumjau.ee\/fi\/tuote\/koiran-lelu-dog-comets-invaders-vihrea-l\/\" \/>\n<meta property=\"og:site_name\" content=\"MiuMjau\" \/>\n<meta property=\"article:publisher\" content=\"https:\/\/www.facebook.com\/miumjaupood\/\" \/>\n<meta property=\"article:modified_time\" content=\"2026-01-07T20:43:37+00:00\" \/>\n<meta property=\"og:image\" content=\"https:\/\/miumjau.ee\/wp-content\/uploads\/2025\/03\/manguasi-koertele-dog-comets15.jpg\" \/>\n\t<meta property=\"og:image:width\" content=\"600\" \/>\n\t<meta property=\"og:image:height\" content=\"800\" \/>\n\t<meta property=\"og:image:type\" content=\"image\/jpeg\" \/>\n<meta name=\"twitter:card\" content=\"summary_large_image\" \/>\n<script type=\"application\/ld+json\" class=\"yoast-schema-graph\">{\"@context\":\"https:\/\/schema.org\",\"@graph\":[{\"@type\":\"WebPage\",\"@id\":\"https:\/\/miumjau.ee\/fi\/tuote\/koiran-lelu-dog-comets-invaders-vihrea-l\/\",\"url\":\"https:\/\/miumjau.ee\/fi\/tuote\/koiran-lelu-dog-comets-invaders-vihrea-l\/\",\"name\":\"Koiran lelu Dog Comets Invaders, vihre\u00e4 L - MiuMjau\",\"isPartOf\":{\"@id\":\"https:\/\/miumjau.ee\/#website\"},\"primaryImageOfPage\":{\"@id\":\"https:\/\/miumjau.ee\/fi\/tuote\/koiran-lelu-dog-comets-invaders-vihrea-l\/#primaryimage\"},\"image\":{\"@id\":\"https:\/\/miumjau.ee\/fi\/tuote\/koiran-lelu-dog-comets-invaders-vihrea-l\/#primaryimage\"},\"thumbnailUrl\":\"https:\/\/miumjau.ee\/wp-content\/uploads\/2025\/03\/manguasi-koertele-dog-comets15.jpg\",\"datePublished\":\"2025-03-04T11:36:32+00:00\",\"dateModified\":\"2026-01-07T20:43:37+00:00\",\"breadcrumb\":{\"@id\":\"https:\/\/miumjau.ee\/fi\/tuote\/koiran-lelu-dog-comets-invaders-vihrea-l\/#breadcrumb\"},\"inLanguage\":\"fi\",\"potentialAction\":[{\"@type\":\"ReadAction\",\"target\":[\"https:\/\/miumjau.ee\/fi\/tuote\/koiran-lelu-dog-comets-invaders-vihrea-l\/\"]}]},{\"@type\":\"ImageObject\",\"inLanguage\":\"fi\",\"@id\":\"https:\/\/miumjau.ee\/fi\/tuote\/koiran-lelu-dog-comets-invaders-vihrea-l\/#primaryimage\",\"url\":\"https:\/\/miumjau.ee\/wp-content\/uploads\/2025\/03\/manguasi-koertele-dog-comets15.jpg\",\"contentUrl\":\"https:\/\/miumjau.ee\/wp-content\/uploads\/2025\/03\/manguasi-koertele-dog-comets15.jpg\",\"width\":600,\"height\":800,\"caption\":\"M\u00e4nguasi koerale DOg Comets\"},{\"@type\":\"BreadcrumbList\",\"@id\":\"https:\/\/miumjau.ee\/fi\/tuote\/koiran-lelu-dog-comets-invaders-vihrea-l\/#breadcrumb\",\"itemListElement\":[{\"@type\":\"ListItem\",\"position\":1,\"name\":\"Home\",\"item\":\"https:\/\/miumjau.ee\/fi\/\"},{\"@type\":\"ListItem\",\"position\":2,\"name\":\"Kauppa\",\"item\":\"https:\/\/miumjau.ee\/fi\/kauppa\/\"},{\"@type\":\"ListItem\",\"position\":3,\"name\":\"Koiran lelu Dog Comets Invaders, vihre\u00e4 L\"}]},{\"@type\":\"WebSite\",\"@id\":\"https:\/\/miumjau.ee\/#website\",\"url\":\"https:\/\/miumjau.ee\/\",\"name\":\"MiuMjau\",\"description\":\"Kraapimispuud kassidele\",\"publisher\":{\"@id\":\"https:\/\/miumjau.ee\/#organization\"},\"potentialAction\":[{\"@type\":\"SearchAction\",\"target\":{\"@type\":\"EntryPoint\",\"urlTemplate\":\"https:\/\/miumjau.ee\/?s={search_term_string}\"},\"query-input\":{\"@type\":\"PropertyValueSpecification\",\"valueRequired\":true,\"valueName\":\"search_term_string\"}}],\"inLanguage\":\"fi\"},{\"@type\":\"Organization\",\"@id\":\"https:\/\/miumjau.ee\/#organization\",\"name\":\"MiuMjau O\u00dc\",\"url\":\"https:\/\/miumjau.ee\/\",\"logo\":{\"@type\":\"ImageObject\",\"inLanguage\":\"fi\",\"@id\":\"https:\/\/miumjau.ee\/#\/schema\/logo\/image\/\",\"url\":\"https:\/\/miumjau.ee\/wp-content\/uploads\/2022\/04\/MiuMjau-logo-kollane.png\",\"contentUrl\":\"https:\/\/miumjau.ee\/wp-content\/uploads\/2022\/04\/MiuMjau-logo-kollane.png\",\"width\":219,\"height\":100,\"caption\":\"MiuMjau O\u00dc\"},\"image\":{\"@id\":\"https:\/\/miumjau.ee\/#\/schema\/logo\/image\/\"},\"sameAs\":[\"https:\/\/www.facebook.com\/miumjaupood\/\"]}]}<\/script>\n<!-- \/ Yoast SEO plugin. -->","yoast_head_json":{"title":"Koiran lelu Dog Comets Invaders, vihre\u00e4 L - MiuMjau","robots":{"index":"index","follow":"follow","max-snippet":"max-snippet:-1","max-image-preview":"max-image-preview:large","max-video-preview":"max-video-preview:-1"},"canonical":"https:\/\/miumjau.ee\/fi\/tuote\/koiran-lelu-dog-comets-invaders-vihrea-l\/","og_locale":"fi_FI","og_type":"article","og_title":"Koiran lelu Dog Comets Invaders, vihre\u00e4 L - MiuMjau","og_description":"Dog Comets Invaders \u2013 avaruusolennot, jotka valloittavat koirasi syd\u00e4men! \ud83d\udc7d\ud83d\udc36 N\u00e4m\u00e4 pienet avaruusolennot ovat laskeutuneet Maahan ja ovat valmiita valloittamaan maailman koirasi kanssa! Dog Comets Invaders heittokeppi on t\u00e4ydellinen lelu, joka yhdist\u00e4\u00e4 kest\u00e4vyyden, pehmeyden ja hauskuuden. \ud83d\ude80 Miksi koirasi rakastaa Dog Comets Invaders -lelua:\u2714 Piipotus ja rapina \u2013 sis\u00e4\u00e4nrakennettu piipotin ja rapiseva materiaali lis\u00e4\u00e4v\u00e4t hauskuutta\u2714 Eritt\u00e4in kest\u00e4v\u00e4 \u2013 tihe\u00e4 vaahtopohja tekee lelusta raskaamman ja kest\u00e4v\u00e4mm\u00e4n kuin tavalliset koiranlelut\u2714 Pehme\u00e4 pehmuste \u2013 t\u00e4ydellinen leikkiin ja halailuun\u2714 Monipuolinen k\u00e4ytt\u00f6 \u2013 sopii heitto-, vetokisaan ja interaktiiviseen leikkiin\u2714 Uniikki muotoilu \u2013 jokaisella Invaderilla on oma ilmeens\u00e4 ja persoonallisuus Anna koirallesi kosminen leikkikokemus Dog Comets Invaders -lelun avulla \u2013 t\u00e4ydellinen kumppani aktiivisiin leikkeihin ja helliin hetkiin! \ud83d\udef8\ud83d\udc9a","og_url":"https:\/\/miumjau.ee\/fi\/tuote\/koiran-lelu-dog-comets-invaders-vihrea-l\/","og_site_name":"MiuMjau","article_publisher":"https:\/\/www.facebook.com\/miumjaupood\/","article_modified_time":"2026-01-07T20:43:37+00:00","og_image":[{"width":600,"height":800,"url":"https:\/\/miumjau.ee\/wp-content\/uploads\/2025\/03\/manguasi-koertele-dog-comets15.jpg","type":"image\/jpeg"}],"twitter_card":"summary_large_image","schema":{"@context":"https:\/\/schema.org","@graph":[{"@type":"WebPage","@id":"https:\/\/miumjau.ee\/fi\/tuote\/koiran-lelu-dog-comets-invaders-vihrea-l\/","url":"https:\/\/miumjau.ee\/fi\/tuote\/koiran-lelu-dog-comets-invaders-vihrea-l\/","name":"Koiran lelu Dog Comets Invaders, vihre\u00e4 L - MiuMjau","isPartOf":{"@id":"https:\/\/miumjau.ee\/#website"},"primaryImageOfPage":{"@id":"https:\/\/miumjau.ee\/fi\/tuote\/koiran-lelu-dog-comets-invaders-vihrea-l\/#primaryimage"},"image":{"@id":"https:\/\/miumjau.ee\/fi\/tuote\/koiran-lelu-dog-comets-invaders-vihrea-l\/#primaryimage"},"thumbnailUrl":"https:\/\/miumjau.ee\/wp-content\/uploads\/2025\/03\/manguasi-koertele-dog-comets15.jpg","datePublished":"2025-03-04T11:36:32+00:00","dateModified":"2026-01-07T20:43:37+00:00","breadcrumb":{"@id":"https:\/\/miumjau.ee\/fi\/tuote\/koiran-lelu-dog-comets-invaders-vihrea-l\/#breadcrumb"},"inLanguage":"fi","potentialAction":[{"@type":"ReadAction","target":["https:\/\/miumjau.ee\/fi\/tuote\/koiran-lelu-dog-comets-invaders-vihrea-l\/"]}]},{"@type":"ImageObject","inLanguage":"fi","@id":"https:\/\/miumjau.ee\/fi\/tuote\/koiran-lelu-dog-comets-invaders-vihrea-l\/#primaryimage","url":"https:\/\/miumjau.ee\/wp-content\/uploads\/2025\/03\/manguasi-koertele-dog-comets15.jpg","contentUrl":"https:\/\/miumjau.ee\/wp-content\/uploads\/2025\/03\/manguasi-koertele-dog-comets15.jpg","width":600,"height":800,"caption":"M\u00e4nguasi koerale DOg Comets"},{"@type":"BreadcrumbList","@id":"https:\/\/miumjau.ee\/fi\/tuote\/koiran-lelu-dog-comets-invaders-vihrea-l\/#breadcrumb","itemListElement":[{"@type":"ListItem","position":1,"name":"Home","item":"https:\/\/miumjau.ee\/fi\/"},{"@type":"ListItem","position":2,"name":"Kauppa","item":"https:\/\/miumjau.ee\/fi\/kauppa\/"},{"@type":"ListItem","position":3,"name":"Koiran lelu Dog Comets Invaders, vihre\u00e4 L"}]},{"@type":"WebSite","@id":"https:\/\/miumjau.ee\/#website","url":"https:\/\/miumjau.ee\/","name":"MiuMjau","description":"Kraapimispuud kassidele","publisher":{"@id":"https:\/\/miumjau.ee\/#organization"},"potentialAction":[{"@type":"SearchAction","target":{"@type":"EntryPoint","urlTemplate":"https:\/\/miumjau.ee\/?s={search_term_string}"},"query-input":{"@type":"PropertyValueSpecification","valueRequired":true,"valueName":"search_term_string"}}],"inLanguage":"fi"},{"@type":"Organization","@id":"https:\/\/miumjau.ee\/#organization","name":"MiuMjau O\u00dc","url":"https:\/\/miumjau.ee\/","logo":{"@type":"ImageObject","inLanguage":"fi","@id":"https:\/\/miumjau.ee\/#\/schema\/logo\/image\/","url":"https:\/\/miumjau.ee\/wp-content\/uploads\/2022\/04\/MiuMjau-logo-kollane.png","contentUrl":"https:\/\/miumjau.ee\/wp-content\/uploads\/2022\/04\/MiuMjau-logo-kollane.png","width":219,"height":100,"caption":"MiuMjau O\u00dc"},"image":{"@id":"https:\/\/miumjau.ee\/#\/schema\/logo\/image\/"},"sameAs":["https:\/\/www.facebook.com\/miumjaupood\/"]}]}},"_links":{"self":[{"href":"https:\/\/miumjau.ee\/fi\/wp-json\/wp\/v2\/product\/49010","targetHints":{"allow":["GET"]}}],"collection":[{"href":"https:\/\/miumjau.ee\/fi\/wp-json\/wp\/v2\/product"}],"about":[{"href":"https:\/\/miumjau.ee\/fi\/wp-json\/wp\/v2\/types\/product"}],"wp:featuredmedia":[{"embeddable":true,"href":"https:\/\/miumjau.ee\/fi\/wp-json\/wp\/v2\/media\/28054"}],"wp:attachment":[{"href":"https:\/\/miumjau.ee\/fi\/wp-json\/wp\/v2\/media?parent=49010"}],"wp:term":[{"taxonomy":"product_brand","embeddable":true,"href":"https:\/\/miumjau.ee\/fi\/wp-json\/wp\/v2\/product_brand?post=49010"},{"taxonomy":"product_cat","embeddable":true,"href":"https:\/\/miumjau.ee\/fi\/wp-json\/wp\/v2\/product_cat?post=49010"},{"taxonomy":"product_tag","embeddable":true,"href":"https:\/\/miumjau.ee\/fi\/wp-json\/wp\/v2\/product_tag?post=49010"}],"curies":[{"name":"wp","href":"https:\/\/api.w.org\/{rel}","templated":true}]}}