{"id":49002,"date":"2025-03-04T13:31:41","date_gmt":"2025-03-04T11:31:41","guid":{"rendered":"https:\/\/miumjau.ee\/toode\/dog-comets-treat-locker-herkkupallo-koiralle\/"},"modified":"2026-01-07T22:43:37","modified_gmt":"2026-01-07T20:43:37","slug":"dog-comets-treat-locker-herkkupallo-koiralle","status":"publish","type":"product","link":"https:\/\/miumjau.ee\/fi\/tuote\/dog-comets-treat-locker-herkkupallo-koiralle\/","title":{"rendered":"Dog Comets Treat Locker \u2013 herkkupallo koiralle"},"content":{"rendered":"","protected":false},"excerpt":{"rendered":"<p data-start=\"970\" data-end=\"1061\"><strong data-start=\"970\" data-end=\"1061\">Dog Comets Treat Locker \u2013 herkuilla t\u00e4ytett\u00e4v\u00e4 lelu, joka my\u00f6s puhdistaa hampaita! \ud83e\uddb4\ud83d\udef8<\/strong><\/p>\n<p data-start=\"1063\" data-end=\"1264\">Dog Comets Treat Locker on erityinen herkkulelu, joka tarjoaa koirallesi hauskaa tekemist\u00e4 ja hy\u00f6ty\u00e4 hampaille! Sen ainutlaatuinen muotoilu puhdistaa hampaita ja hieroo ikeni\u00e4, edist\u00e4en suun terveytt\u00e4.<\/p>\n<p data-start=\"1266\" data-end=\"1604\">\ud83d\udd39 <strong data-start=\"1269\" data-end=\"1310\">Miksi valita Dog Comets Treat Locker:<\/strong><br data-start=\"1310\" data-end=\"1313\" \/>\u2714 Herkkukomero \u2013 t\u00e4yt\u00e4 herkuilla ja tarjoa koiralle hauskaa tekemist\u00e4<br data-start=\"1382\" data-end=\"1385\" \/>\u2714 Hampaat puhtaaksi \u2013 tekstuuri poistaa likaa ja hieroo ikeni\u00e4<br data-start=\"1447\" data-end=\"1450\" \/>\u2714 Kest\u00e4v\u00e4 ja joustava \u2013 valmistettu kest\u00e4v\u00e4st\u00e4 TPR-kumista<br data-start=\"1508\" data-end=\"1511\" \/>\u2714 Aktivoi luonnollisen pureskelun vaiston<br data-start=\"1552\" data-end=\"1555\" \/>\u2714 Koko: \u00d8 7 cm \u2013 sopii useimmille koiraroduille<\/p>\n<p data-start=\"1606\" data-end=\"1747\">Tee leikkihetkist\u00e4 hauskoja ja hy\u00f6dyllisi\u00e4 Dog Comets Treat Lockerin avulla \u2013 t\u00e4ydellinen yhdistelm\u00e4 herkkuja ja hammashoitotoimintaa! \ud83d\udc36\ud83d\ude80<\/p>\n","protected":false},"featured_media":28098,"template":"","meta":[],"product_brand":[],"product_cat":[484],"product_tag":[],"class_list":{"0":"post-49002","1":"product","2":"type-product","3":"status-publish","4":"has-post-thumbnail","6":"product_cat-lelut-koirille","8":"first","9":"instock","10":"taxable","11":"shipping-taxable","12":"purchasable","13":"product-type-simple"},"yoast_head":"<!-- This site is optimized with the Yoast SEO plugin v27.2 - https:\/\/yoast.com\/product\/yoast-seo-wordpress\/ -->\n<title>Dog Comets Treat Locker \u2013 herkkupallo koiralle - MiuMjau<\/title>\n<meta name=\"robots\" content=\"index, follow, max-snippet:-1, max-image-preview:large, max-video-preview:-1\" \/>\n<link rel=\"canonical\" href=\"https:\/\/miumjau.ee\/fi\/tuote\/dog-comets-treat-locker-herkkupallo-koiralle\/\" \/>\n<meta property=\"og:locale\" content=\"fi_FI\" \/>\n<meta property=\"og:type\" content=\"article\" \/>\n<meta property=\"og:title\" content=\"Dog Comets Treat Locker \u2013 herkkupallo koiralle - MiuMjau\" \/>\n<meta property=\"og:description\" content=\"Dog Comets Treat Locker \u2013 herkuilla t\u00e4ytett\u00e4v\u00e4 lelu, joka my\u00f6s puhdistaa hampaita! \ud83e\uddb4\ud83d\udef8 Dog Comets Treat Locker on erityinen herkkulelu, joka tarjoaa koirallesi hauskaa tekemist\u00e4 ja hy\u00f6ty\u00e4 hampaille! Sen ainutlaatuinen muotoilu puhdistaa hampaita ja hieroo ikeni\u00e4, edist\u00e4en suun terveytt\u00e4. \ud83d\udd39 Miksi valita Dog Comets Treat Locker:\u2714 Herkkukomero \u2013 t\u00e4yt\u00e4 herkuilla ja tarjoa koiralle hauskaa tekemist\u00e4\u2714 Hampaat puhtaaksi \u2013 tekstuuri poistaa likaa ja hieroo ikeni\u00e4\u2714 Kest\u00e4v\u00e4 ja joustava \u2013 valmistettu kest\u00e4v\u00e4st\u00e4 TPR-kumista\u2714 Aktivoi luonnollisen pureskelun vaiston\u2714 Koko: \u00d8 7 cm \u2013 sopii useimmille koiraroduille Tee leikkihetkist\u00e4 hauskoja ja hy\u00f6dyllisi\u00e4 Dog Comets Treat Lockerin avulla \u2013 t\u00e4ydellinen yhdistelm\u00e4 herkkuja ja hammashoitotoimintaa! \ud83d\udc36\ud83d\ude80\" \/>\n<meta property=\"og:url\" content=\"https:\/\/miumjau.ee\/fi\/tuote\/dog-comets-treat-locker-herkkupallo-koiralle\/\" \/>\n<meta property=\"og:site_name\" content=\"MiuMjau\" \/>\n<meta property=\"article:publisher\" content=\"https:\/\/www.facebook.com\/miumjaupood\/\" \/>\n<meta property=\"article:modified_time\" content=\"2026-01-07T20:43:37+00:00\" \/>\n<meta property=\"og:image\" content=\"https:\/\/miumjau.ee\/wp-content\/uploads\/2025\/03\/manguasi-koertele-dog-comets26.jpg\" \/>\n\t<meta property=\"og:image:width\" content=\"600\" \/>\n\t<meta property=\"og:image:height\" content=\"800\" \/>\n\t<meta property=\"og:image:type\" content=\"image\/jpeg\" \/>\n<meta name=\"twitter:card\" content=\"summary_large_image\" \/>\n<script type=\"application\/ld+json\" class=\"yoast-schema-graph\">{\"@context\":\"https:\/\/schema.org\",\"@graph\":[{\"@type\":\"WebPage\",\"@id\":\"https:\/\/miumjau.ee\/fi\/tuote\/dog-comets-treat-locker-herkkupallo-koiralle\/\",\"url\":\"https:\/\/miumjau.ee\/fi\/tuote\/dog-comets-treat-locker-herkkupallo-koiralle\/\",\"name\":\"Dog Comets Treat Locker \u2013 herkkupallo koiralle - MiuMjau\",\"isPartOf\":{\"@id\":\"https:\/\/miumjau.ee\/#website\"},\"primaryImageOfPage\":{\"@id\":\"https:\/\/miumjau.ee\/fi\/tuote\/dog-comets-treat-locker-herkkupallo-koiralle\/#primaryimage\"},\"image\":{\"@id\":\"https:\/\/miumjau.ee\/fi\/tuote\/dog-comets-treat-locker-herkkupallo-koiralle\/#primaryimage\"},\"thumbnailUrl\":\"https:\/\/miumjau.ee\/wp-content\/uploads\/2025\/03\/manguasi-koertele-dog-comets26.jpg\",\"datePublished\":\"2025-03-04T11:31:41+00:00\",\"dateModified\":\"2026-01-07T20:43:37+00:00\",\"breadcrumb\":{\"@id\":\"https:\/\/miumjau.ee\/fi\/tuote\/dog-comets-treat-locker-herkkupallo-koiralle\/#breadcrumb\"},\"inLanguage\":\"fi\",\"potentialAction\":[{\"@type\":\"ReadAction\",\"target\":[\"https:\/\/miumjau.ee\/fi\/tuote\/dog-comets-treat-locker-herkkupallo-koiralle\/\"]}]},{\"@type\":\"ImageObject\",\"inLanguage\":\"fi\",\"@id\":\"https:\/\/miumjau.ee\/fi\/tuote\/dog-comets-treat-locker-herkkupallo-koiralle\/#primaryimage\",\"url\":\"https:\/\/miumjau.ee\/wp-content\/uploads\/2025\/03\/manguasi-koertele-dog-comets26.jpg\",\"contentUrl\":\"https:\/\/miumjau.ee\/wp-content\/uploads\/2025\/03\/manguasi-koertele-dog-comets26.jpg\",\"width\":600,\"height\":800,\"caption\":\"M\u00e4nguasi koerale DOg Comets\"},{\"@type\":\"BreadcrumbList\",\"@id\":\"https:\/\/miumjau.ee\/fi\/tuote\/dog-comets-treat-locker-herkkupallo-koiralle\/#breadcrumb\",\"itemListElement\":[{\"@type\":\"ListItem\",\"position\":1,\"name\":\"Home\",\"item\":\"https:\/\/miumjau.ee\/fi\/\"},{\"@type\":\"ListItem\",\"position\":2,\"name\":\"Kauppa\",\"item\":\"https:\/\/miumjau.ee\/fi\/kauppa\/\"},{\"@type\":\"ListItem\",\"position\":3,\"name\":\"Dog Comets Treat Locker \u2013 herkkupallo koiralle\"}]},{\"@type\":\"WebSite\",\"@id\":\"https:\/\/miumjau.ee\/#website\",\"url\":\"https:\/\/miumjau.ee\/\",\"name\":\"MiuMjau\",\"description\":\"Kraapimispuud kassidele\",\"publisher\":{\"@id\":\"https:\/\/miumjau.ee\/#organization\"},\"potentialAction\":[{\"@type\":\"SearchAction\",\"target\":{\"@type\":\"EntryPoint\",\"urlTemplate\":\"https:\/\/miumjau.ee\/?s={search_term_string}\"},\"query-input\":{\"@type\":\"PropertyValueSpecification\",\"valueRequired\":true,\"valueName\":\"search_term_string\"}}],\"inLanguage\":\"fi\"},{\"@type\":\"Organization\",\"@id\":\"https:\/\/miumjau.ee\/#organization\",\"name\":\"MiuMjau O\u00dc\",\"url\":\"https:\/\/miumjau.ee\/\",\"logo\":{\"@type\":\"ImageObject\",\"inLanguage\":\"fi\",\"@id\":\"https:\/\/miumjau.ee\/#\/schema\/logo\/image\/\",\"url\":\"https:\/\/miumjau.ee\/wp-content\/uploads\/2022\/04\/MiuMjau-logo-kollane.png\",\"contentUrl\":\"https:\/\/miumjau.ee\/wp-content\/uploads\/2022\/04\/MiuMjau-logo-kollane.png\",\"width\":219,\"height\":100,\"caption\":\"MiuMjau O\u00dc\"},\"image\":{\"@id\":\"https:\/\/miumjau.ee\/#\/schema\/logo\/image\/\"},\"sameAs\":[\"https:\/\/www.facebook.com\/miumjaupood\/\"]}]}<\/script>\n<!-- \/ Yoast SEO plugin. -->","yoast_head_json":{"title":"Dog Comets Treat Locker \u2013 herkkupallo koiralle - MiuMjau","robots":{"index":"index","follow":"follow","max-snippet":"max-snippet:-1","max-image-preview":"max-image-preview:large","max-video-preview":"max-video-preview:-1"},"canonical":"https:\/\/miumjau.ee\/fi\/tuote\/dog-comets-treat-locker-herkkupallo-koiralle\/","og_locale":"fi_FI","og_type":"article","og_title":"Dog Comets Treat Locker \u2013 herkkupallo koiralle - MiuMjau","og_description":"Dog Comets Treat Locker \u2013 herkuilla t\u00e4ytett\u00e4v\u00e4 lelu, joka my\u00f6s puhdistaa hampaita! \ud83e\uddb4\ud83d\udef8 Dog Comets Treat Locker on erityinen herkkulelu, joka tarjoaa koirallesi hauskaa tekemist\u00e4 ja hy\u00f6ty\u00e4 hampaille! Sen ainutlaatuinen muotoilu puhdistaa hampaita ja hieroo ikeni\u00e4, edist\u00e4en suun terveytt\u00e4. \ud83d\udd39 Miksi valita Dog Comets Treat Locker:\u2714 Herkkukomero \u2013 t\u00e4yt\u00e4 herkuilla ja tarjoa koiralle hauskaa tekemist\u00e4\u2714 Hampaat puhtaaksi \u2013 tekstuuri poistaa likaa ja hieroo ikeni\u00e4\u2714 Kest\u00e4v\u00e4 ja joustava \u2013 valmistettu kest\u00e4v\u00e4st\u00e4 TPR-kumista\u2714 Aktivoi luonnollisen pureskelun vaiston\u2714 Koko: \u00d8 7 cm \u2013 sopii useimmille koiraroduille Tee leikkihetkist\u00e4 hauskoja ja hy\u00f6dyllisi\u00e4 Dog Comets Treat Lockerin avulla \u2013 t\u00e4ydellinen yhdistelm\u00e4 herkkuja ja hammashoitotoimintaa! \ud83d\udc36\ud83d\ude80","og_url":"https:\/\/miumjau.ee\/fi\/tuote\/dog-comets-treat-locker-herkkupallo-koiralle\/","og_site_name":"MiuMjau","article_publisher":"https:\/\/www.facebook.com\/miumjaupood\/","article_modified_time":"2026-01-07T20:43:37+00:00","og_image":[{"width":600,"height":800,"url":"https:\/\/miumjau.ee\/wp-content\/uploads\/2025\/03\/manguasi-koertele-dog-comets26.jpg","type":"image\/jpeg"}],"twitter_card":"summary_large_image","schema":{"@context":"https:\/\/schema.org","@graph":[{"@type":"WebPage","@id":"https:\/\/miumjau.ee\/fi\/tuote\/dog-comets-treat-locker-herkkupallo-koiralle\/","url":"https:\/\/miumjau.ee\/fi\/tuote\/dog-comets-treat-locker-herkkupallo-koiralle\/","name":"Dog Comets Treat Locker \u2013 herkkupallo koiralle - MiuMjau","isPartOf":{"@id":"https:\/\/miumjau.ee\/#website"},"primaryImageOfPage":{"@id":"https:\/\/miumjau.ee\/fi\/tuote\/dog-comets-treat-locker-herkkupallo-koiralle\/#primaryimage"},"image":{"@id":"https:\/\/miumjau.ee\/fi\/tuote\/dog-comets-treat-locker-herkkupallo-koiralle\/#primaryimage"},"thumbnailUrl":"https:\/\/miumjau.ee\/wp-content\/uploads\/2025\/03\/manguasi-koertele-dog-comets26.jpg","datePublished":"2025-03-04T11:31:41+00:00","dateModified":"2026-01-07T20:43:37+00:00","breadcrumb":{"@id":"https:\/\/miumjau.ee\/fi\/tuote\/dog-comets-treat-locker-herkkupallo-koiralle\/#breadcrumb"},"inLanguage":"fi","potentialAction":[{"@type":"ReadAction","target":["https:\/\/miumjau.ee\/fi\/tuote\/dog-comets-treat-locker-herkkupallo-koiralle\/"]}]},{"@type":"ImageObject","inLanguage":"fi","@id":"https:\/\/miumjau.ee\/fi\/tuote\/dog-comets-treat-locker-herkkupallo-koiralle\/#primaryimage","url":"https:\/\/miumjau.ee\/wp-content\/uploads\/2025\/03\/manguasi-koertele-dog-comets26.jpg","contentUrl":"https:\/\/miumjau.ee\/wp-content\/uploads\/2025\/03\/manguasi-koertele-dog-comets26.jpg","width":600,"height":800,"caption":"M\u00e4nguasi koerale DOg Comets"},{"@type":"BreadcrumbList","@id":"https:\/\/miumjau.ee\/fi\/tuote\/dog-comets-treat-locker-herkkupallo-koiralle\/#breadcrumb","itemListElement":[{"@type":"ListItem","position":1,"name":"Home","item":"https:\/\/miumjau.ee\/fi\/"},{"@type":"ListItem","position":2,"name":"Kauppa","item":"https:\/\/miumjau.ee\/fi\/kauppa\/"},{"@type":"ListItem","position":3,"name":"Dog Comets Treat Locker \u2013 herkkupallo koiralle"}]},{"@type":"WebSite","@id":"https:\/\/miumjau.ee\/#website","url":"https:\/\/miumjau.ee\/","name":"MiuMjau","description":"Kraapimispuud kassidele","publisher":{"@id":"https:\/\/miumjau.ee\/#organization"},"potentialAction":[{"@type":"SearchAction","target":{"@type":"EntryPoint","urlTemplate":"https:\/\/miumjau.ee\/?s={search_term_string}"},"query-input":{"@type":"PropertyValueSpecification","valueRequired":true,"valueName":"search_term_string"}}],"inLanguage":"fi"},{"@type":"Organization","@id":"https:\/\/miumjau.ee\/#organization","name":"MiuMjau O\u00dc","url":"https:\/\/miumjau.ee\/","logo":{"@type":"ImageObject","inLanguage":"fi","@id":"https:\/\/miumjau.ee\/#\/schema\/logo\/image\/","url":"https:\/\/miumjau.ee\/wp-content\/uploads\/2022\/04\/MiuMjau-logo-kollane.png","contentUrl":"https:\/\/miumjau.ee\/wp-content\/uploads\/2022\/04\/MiuMjau-logo-kollane.png","width":219,"height":100,"caption":"MiuMjau O\u00dc"},"image":{"@id":"https:\/\/miumjau.ee\/#\/schema\/logo\/image\/"},"sameAs":["https:\/\/www.facebook.com\/miumjaupood\/"]}]}},"_links":{"self":[{"href":"https:\/\/miumjau.ee\/fi\/wp-json\/wp\/v2\/product\/49002","targetHints":{"allow":["GET"]}}],"collection":[{"href":"https:\/\/miumjau.ee\/fi\/wp-json\/wp\/v2\/product"}],"about":[{"href":"https:\/\/miumjau.ee\/fi\/wp-json\/wp\/v2\/types\/product"}],"wp:featuredmedia":[{"embeddable":true,"href":"https:\/\/miumjau.ee\/fi\/wp-json\/wp\/v2\/media\/28098"}],"wp:attachment":[{"href":"https:\/\/miumjau.ee\/fi\/wp-json\/wp\/v2\/media?parent=49002"}],"wp:term":[{"taxonomy":"product_brand","embeddable":true,"href":"https:\/\/miumjau.ee\/fi\/wp-json\/wp\/v2\/product_brand?post=49002"},{"taxonomy":"product_cat","embeddable":true,"href":"https:\/\/miumjau.ee\/fi\/wp-json\/wp\/v2\/product_cat?post=49002"},{"taxonomy":"product_tag","embeddable":true,"href":"https:\/\/miumjau.ee\/fi\/wp-json\/wp\/v2\/product_tag?post=49002"}],"curies":[{"name":"wp","href":"https:\/\/api.w.org\/{rel}","templated":true}]}}