{"id":48990,"date":"2025-03-04T14:23:05","date_gmt":"2025-03-04T12:23:05","guid":{"rendered":"https:\/\/miumjau.ee\/toode\/koiran-lelu-dog-comets-alien-octo-m-oranssi\/"},"modified":"2026-01-07T22:43:37","modified_gmt":"2026-01-07T20:43:37","slug":"koiran-lelu-dog-comets-alien-octo-m-oranssi","status":"publish","type":"product","link":"https:\/\/miumjau.ee\/fi\/tuote\/koiran-lelu-dog-comets-alien-octo-m-oranssi\/","title":{"rendered":"Koiran lelu Dog Comets Alien Octo M, oranssi"},"content":{"rendered":"","protected":false},"excerpt":{"rendered":"<p data-start=\"1061\" data-end=\"1122\"><strong data-start=\"1061\" data-end=\"1122\">Dog Comets Alien Octo \u2013 avaruudellinen leikkikaveri! \ud83d\udef8\ud83d\udc19<\/strong><\/p>\n<p data-start=\"1124\" data-end=\"1346\">Dog Comets Alien Octo on laskeutunut Maahan ja on valmis viem\u00e4\u00e4n koirasi j\u00e4nnitt\u00e4v\u00e4lle seikkailulle! T\u00e4m\u00e4 hauska avaruusyst\u00e4v\u00e4 sis\u00e4lt\u00e4\u00e4 piipottavan p\u00e4\u00e4n ja rapisevat lonkerot, jotka tekev\u00e4t leikkihetkist\u00e4 viel\u00e4 hauskempia.<\/p>\n<p data-start=\"1348\" data-end=\"1718\">\ud83d\udc7e <strong data-start=\"1351\" data-end=\"1390\">Miksi koirasi rakastaa Alien Octoa:<\/strong><br data-start=\"1390\" data-end=\"1393\" \/>\u2714 Kaksinkertainen ommel \u2013 erityisen kest\u00e4v\u00e4 ja repimisenkest\u00e4v\u00e4<br data-start=\"1456\" data-end=\"1459\" \/>\u2714 Piipottava p\u00e4\u00e4 \u2013 lis\u00e4\u00e4 leikkiriemua ja kiinnitt\u00e4\u00e4 huomiota<br data-start=\"1519\" data-end=\"1522\" \/>\u2714 Rapisevat lonkerot \u2013 kutsuvat pureskeluun ja leikkiin<br data-start=\"1577\" data-end=\"1580\" \/>\u2714 Kelluu vedess\u00e4 \u2013 t\u00e4ydellinen vesileikkeihin ja noutamiseen<br data-start=\"1640\" data-end=\"1643\" \/>\u2714 Hauska muotoilu \u2013 saatavilla 3 eri v\u00e4riss\u00e4, jokaisella omaper\u00e4inen ilme<\/p>\n<p data-start=\"1720\" data-end=\"1764\">\ud83d\udccf <strong data-start=\"1723\" data-end=\"1732\">Koot:<\/strong><br data-start=\"1732\" data-end=\"1735\" \/>\ud83d\udd39 M \u2013 28 cm<br data-start=\"1747\" data-end=\"1750\" \/>\ud83d\udd39 L \u2013 37 cm<\/p>\n<p data-start=\"1766\" data-end=\"1906\">Anna koirallesi avaruudellinen leikkikaveri, jonka kanssa leikki\u00e4, pureskella ja uida \u2013 Dog Comets Alien Octo tarjoaa loputonta iloa! \ud83d\ude80\ud83d\udc3e<\/p>\n","protected":false},"featured_media":28086,"template":"","meta":[],"product_brand":[],"product_cat":[484],"product_tag":[],"class_list":{"0":"post-48990","1":"product","2":"type-product","3":"status-publish","4":"has-post-thumbnail","6":"product_cat-lelut-koirille","8":"first","9":"instock","10":"taxable","11":"shipping-taxable","12":"purchasable","13":"product-type-simple"},"yoast_head":"<!-- This site is optimized with the Yoast SEO plugin v27.2 - https:\/\/yoast.com\/product\/yoast-seo-wordpress\/ -->\n<title>Koiran lelu Dog Comets Alien Octo M, oranssi - MiuMjau<\/title>\n<meta name=\"robots\" content=\"index, follow, max-snippet:-1, max-image-preview:large, max-video-preview:-1\" \/>\n<link rel=\"canonical\" href=\"https:\/\/miumjau.ee\/fi\/tuote\/koiran-lelu-dog-comets-alien-octo-m-oranssi\/\" \/>\n<meta property=\"og:locale\" content=\"fi_FI\" \/>\n<meta property=\"og:type\" content=\"article\" \/>\n<meta property=\"og:title\" content=\"Koiran lelu Dog Comets Alien Octo M, oranssi - MiuMjau\" \/>\n<meta property=\"og:description\" content=\"Dog Comets Alien Octo \u2013 avaruudellinen leikkikaveri! \ud83d\udef8\ud83d\udc19 Dog Comets Alien Octo on laskeutunut Maahan ja on valmis viem\u00e4\u00e4n koirasi j\u00e4nnitt\u00e4v\u00e4lle seikkailulle! T\u00e4m\u00e4 hauska avaruusyst\u00e4v\u00e4 sis\u00e4lt\u00e4\u00e4 piipottavan p\u00e4\u00e4n ja rapisevat lonkerot, jotka tekev\u00e4t leikkihetkist\u00e4 viel\u00e4 hauskempia. \ud83d\udc7e Miksi koirasi rakastaa Alien Octoa:\u2714 Kaksinkertainen ommel \u2013 erityisen kest\u00e4v\u00e4 ja repimisenkest\u00e4v\u00e4\u2714 Piipottava p\u00e4\u00e4 \u2013 lis\u00e4\u00e4 leikkiriemua ja kiinnitt\u00e4\u00e4 huomiota\u2714 Rapisevat lonkerot \u2013 kutsuvat pureskeluun ja leikkiin\u2714 Kelluu vedess\u00e4 \u2013 t\u00e4ydellinen vesileikkeihin ja noutamiseen\u2714 Hauska muotoilu \u2013 saatavilla 3 eri v\u00e4riss\u00e4, jokaisella omaper\u00e4inen ilme \ud83d\udccf Koot:\ud83d\udd39 M \u2013 28 cm\ud83d\udd39 L \u2013 37 cm Anna koirallesi avaruudellinen leikkikaveri, jonka kanssa leikki\u00e4, pureskella ja uida \u2013 Dog Comets Alien Octo tarjoaa loputonta iloa! \ud83d\ude80\ud83d\udc3e\" \/>\n<meta property=\"og:url\" content=\"https:\/\/miumjau.ee\/fi\/tuote\/koiran-lelu-dog-comets-alien-octo-m-oranssi\/\" \/>\n<meta property=\"og:site_name\" content=\"MiuMjau\" \/>\n<meta property=\"article:publisher\" content=\"https:\/\/www.facebook.com\/miumjaupood\/\" \/>\n<meta property=\"article:modified_time\" content=\"2026-01-07T20:43:37+00:00\" \/>\n<meta property=\"og:image\" content=\"https:\/\/miumjau.ee\/wp-content\/uploads\/2025\/03\/manguasi-koertele-dog-comets23.jpg\" \/>\n\t<meta property=\"og:image:width\" content=\"600\" \/>\n\t<meta property=\"og:image:height\" content=\"800\" \/>\n\t<meta property=\"og:image:type\" content=\"image\/jpeg\" \/>\n<meta name=\"twitter:card\" content=\"summary_large_image\" \/>\n<script type=\"application\/ld+json\" class=\"yoast-schema-graph\">{\"@context\":\"https:\/\/schema.org\",\"@graph\":[{\"@type\":\"WebPage\",\"@id\":\"https:\/\/miumjau.ee\/fi\/tuote\/koiran-lelu-dog-comets-alien-octo-m-oranssi\/\",\"url\":\"https:\/\/miumjau.ee\/fi\/tuote\/koiran-lelu-dog-comets-alien-octo-m-oranssi\/\",\"name\":\"Koiran lelu Dog Comets Alien Octo M, oranssi - MiuMjau\",\"isPartOf\":{\"@id\":\"https:\/\/miumjau.ee\/#website\"},\"primaryImageOfPage\":{\"@id\":\"https:\/\/miumjau.ee\/fi\/tuote\/koiran-lelu-dog-comets-alien-octo-m-oranssi\/#primaryimage\"},\"image\":{\"@id\":\"https:\/\/miumjau.ee\/fi\/tuote\/koiran-lelu-dog-comets-alien-octo-m-oranssi\/#primaryimage\"},\"thumbnailUrl\":\"https:\/\/miumjau.ee\/wp-content\/uploads\/2025\/03\/manguasi-koertele-dog-comets23.jpg\",\"datePublished\":\"2025-03-04T12:23:05+00:00\",\"dateModified\":\"2026-01-07T20:43:37+00:00\",\"breadcrumb\":{\"@id\":\"https:\/\/miumjau.ee\/fi\/tuote\/koiran-lelu-dog-comets-alien-octo-m-oranssi\/#breadcrumb\"},\"inLanguage\":\"fi\",\"potentialAction\":[{\"@type\":\"ReadAction\",\"target\":[\"https:\/\/miumjau.ee\/fi\/tuote\/koiran-lelu-dog-comets-alien-octo-m-oranssi\/\"]}]},{\"@type\":\"ImageObject\",\"inLanguage\":\"fi\",\"@id\":\"https:\/\/miumjau.ee\/fi\/tuote\/koiran-lelu-dog-comets-alien-octo-m-oranssi\/#primaryimage\",\"url\":\"https:\/\/miumjau.ee\/wp-content\/uploads\/2025\/03\/manguasi-koertele-dog-comets23.jpg\",\"contentUrl\":\"https:\/\/miumjau.ee\/wp-content\/uploads\/2025\/03\/manguasi-koertele-dog-comets23.jpg\",\"width\":600,\"height\":800,\"caption\":\"M\u00e4nguasi koerale DOg Comets\"},{\"@type\":\"BreadcrumbList\",\"@id\":\"https:\/\/miumjau.ee\/fi\/tuote\/koiran-lelu-dog-comets-alien-octo-m-oranssi\/#breadcrumb\",\"itemListElement\":[{\"@type\":\"ListItem\",\"position\":1,\"name\":\"Home\",\"item\":\"https:\/\/miumjau.ee\/fi\/\"},{\"@type\":\"ListItem\",\"position\":2,\"name\":\"Kauppa\",\"item\":\"https:\/\/miumjau.ee\/fi\/kauppa\/\"},{\"@type\":\"ListItem\",\"position\":3,\"name\":\"Koiran lelu Dog Comets Alien Octo M, oranssi\"}]},{\"@type\":\"WebSite\",\"@id\":\"https:\/\/miumjau.ee\/#website\",\"url\":\"https:\/\/miumjau.ee\/\",\"name\":\"MiuMjau\",\"description\":\"Kraapimispuud kassidele\",\"publisher\":{\"@id\":\"https:\/\/miumjau.ee\/#organization\"},\"potentialAction\":[{\"@type\":\"SearchAction\",\"target\":{\"@type\":\"EntryPoint\",\"urlTemplate\":\"https:\/\/miumjau.ee\/?s={search_term_string}\"},\"query-input\":{\"@type\":\"PropertyValueSpecification\",\"valueRequired\":true,\"valueName\":\"search_term_string\"}}],\"inLanguage\":\"fi\"},{\"@type\":\"Organization\",\"@id\":\"https:\/\/miumjau.ee\/#organization\",\"name\":\"MiuMjau O\u00dc\",\"url\":\"https:\/\/miumjau.ee\/\",\"logo\":{\"@type\":\"ImageObject\",\"inLanguage\":\"fi\",\"@id\":\"https:\/\/miumjau.ee\/#\/schema\/logo\/image\/\",\"url\":\"https:\/\/miumjau.ee\/wp-content\/uploads\/2022\/04\/MiuMjau-logo-kollane.png\",\"contentUrl\":\"https:\/\/miumjau.ee\/wp-content\/uploads\/2022\/04\/MiuMjau-logo-kollane.png\",\"width\":219,\"height\":100,\"caption\":\"MiuMjau O\u00dc\"},\"image\":{\"@id\":\"https:\/\/miumjau.ee\/#\/schema\/logo\/image\/\"},\"sameAs\":[\"https:\/\/www.facebook.com\/miumjaupood\/\"]}]}<\/script>\n<!-- \/ Yoast SEO plugin. -->","yoast_head_json":{"title":"Koiran lelu Dog Comets Alien Octo M, oranssi - MiuMjau","robots":{"index":"index","follow":"follow","max-snippet":"max-snippet:-1","max-image-preview":"max-image-preview:large","max-video-preview":"max-video-preview:-1"},"canonical":"https:\/\/miumjau.ee\/fi\/tuote\/koiran-lelu-dog-comets-alien-octo-m-oranssi\/","og_locale":"fi_FI","og_type":"article","og_title":"Koiran lelu Dog Comets Alien Octo M, oranssi - MiuMjau","og_description":"Dog Comets Alien Octo \u2013 avaruudellinen leikkikaveri! \ud83d\udef8\ud83d\udc19 Dog Comets Alien Octo on laskeutunut Maahan ja on valmis viem\u00e4\u00e4n koirasi j\u00e4nnitt\u00e4v\u00e4lle seikkailulle! T\u00e4m\u00e4 hauska avaruusyst\u00e4v\u00e4 sis\u00e4lt\u00e4\u00e4 piipottavan p\u00e4\u00e4n ja rapisevat lonkerot, jotka tekev\u00e4t leikkihetkist\u00e4 viel\u00e4 hauskempia. \ud83d\udc7e Miksi koirasi rakastaa Alien Octoa:\u2714 Kaksinkertainen ommel \u2013 erityisen kest\u00e4v\u00e4 ja repimisenkest\u00e4v\u00e4\u2714 Piipottava p\u00e4\u00e4 \u2013 lis\u00e4\u00e4 leikkiriemua ja kiinnitt\u00e4\u00e4 huomiota\u2714 Rapisevat lonkerot \u2013 kutsuvat pureskeluun ja leikkiin\u2714 Kelluu vedess\u00e4 \u2013 t\u00e4ydellinen vesileikkeihin ja noutamiseen\u2714 Hauska muotoilu \u2013 saatavilla 3 eri v\u00e4riss\u00e4, jokaisella omaper\u00e4inen ilme \ud83d\udccf Koot:\ud83d\udd39 M \u2013 28 cm\ud83d\udd39 L \u2013 37 cm Anna koirallesi avaruudellinen leikkikaveri, jonka kanssa leikki\u00e4, pureskella ja uida \u2013 Dog Comets Alien Octo tarjoaa loputonta iloa! \ud83d\ude80\ud83d\udc3e","og_url":"https:\/\/miumjau.ee\/fi\/tuote\/koiran-lelu-dog-comets-alien-octo-m-oranssi\/","og_site_name":"MiuMjau","article_publisher":"https:\/\/www.facebook.com\/miumjaupood\/","article_modified_time":"2026-01-07T20:43:37+00:00","og_image":[{"width":600,"height":800,"url":"https:\/\/miumjau.ee\/wp-content\/uploads\/2025\/03\/manguasi-koertele-dog-comets23.jpg","type":"image\/jpeg"}],"twitter_card":"summary_large_image","schema":{"@context":"https:\/\/schema.org","@graph":[{"@type":"WebPage","@id":"https:\/\/miumjau.ee\/fi\/tuote\/koiran-lelu-dog-comets-alien-octo-m-oranssi\/","url":"https:\/\/miumjau.ee\/fi\/tuote\/koiran-lelu-dog-comets-alien-octo-m-oranssi\/","name":"Koiran lelu Dog Comets Alien Octo M, oranssi - MiuMjau","isPartOf":{"@id":"https:\/\/miumjau.ee\/#website"},"primaryImageOfPage":{"@id":"https:\/\/miumjau.ee\/fi\/tuote\/koiran-lelu-dog-comets-alien-octo-m-oranssi\/#primaryimage"},"image":{"@id":"https:\/\/miumjau.ee\/fi\/tuote\/koiran-lelu-dog-comets-alien-octo-m-oranssi\/#primaryimage"},"thumbnailUrl":"https:\/\/miumjau.ee\/wp-content\/uploads\/2025\/03\/manguasi-koertele-dog-comets23.jpg","datePublished":"2025-03-04T12:23:05+00:00","dateModified":"2026-01-07T20:43:37+00:00","breadcrumb":{"@id":"https:\/\/miumjau.ee\/fi\/tuote\/koiran-lelu-dog-comets-alien-octo-m-oranssi\/#breadcrumb"},"inLanguage":"fi","potentialAction":[{"@type":"ReadAction","target":["https:\/\/miumjau.ee\/fi\/tuote\/koiran-lelu-dog-comets-alien-octo-m-oranssi\/"]}]},{"@type":"ImageObject","inLanguage":"fi","@id":"https:\/\/miumjau.ee\/fi\/tuote\/koiran-lelu-dog-comets-alien-octo-m-oranssi\/#primaryimage","url":"https:\/\/miumjau.ee\/wp-content\/uploads\/2025\/03\/manguasi-koertele-dog-comets23.jpg","contentUrl":"https:\/\/miumjau.ee\/wp-content\/uploads\/2025\/03\/manguasi-koertele-dog-comets23.jpg","width":600,"height":800,"caption":"M\u00e4nguasi koerale DOg Comets"},{"@type":"BreadcrumbList","@id":"https:\/\/miumjau.ee\/fi\/tuote\/koiran-lelu-dog-comets-alien-octo-m-oranssi\/#breadcrumb","itemListElement":[{"@type":"ListItem","position":1,"name":"Home","item":"https:\/\/miumjau.ee\/fi\/"},{"@type":"ListItem","position":2,"name":"Kauppa","item":"https:\/\/miumjau.ee\/fi\/kauppa\/"},{"@type":"ListItem","position":3,"name":"Koiran lelu Dog Comets Alien Octo M, oranssi"}]},{"@type":"WebSite","@id":"https:\/\/miumjau.ee\/#website","url":"https:\/\/miumjau.ee\/","name":"MiuMjau","description":"Kraapimispuud kassidele","publisher":{"@id":"https:\/\/miumjau.ee\/#organization"},"potentialAction":[{"@type":"SearchAction","target":{"@type":"EntryPoint","urlTemplate":"https:\/\/miumjau.ee\/?s={search_term_string}"},"query-input":{"@type":"PropertyValueSpecification","valueRequired":true,"valueName":"search_term_string"}}],"inLanguage":"fi"},{"@type":"Organization","@id":"https:\/\/miumjau.ee\/#organization","name":"MiuMjau O\u00dc","url":"https:\/\/miumjau.ee\/","logo":{"@type":"ImageObject","inLanguage":"fi","@id":"https:\/\/miumjau.ee\/#\/schema\/logo\/image\/","url":"https:\/\/miumjau.ee\/wp-content\/uploads\/2022\/04\/MiuMjau-logo-kollane.png","contentUrl":"https:\/\/miumjau.ee\/wp-content\/uploads\/2022\/04\/MiuMjau-logo-kollane.png","width":219,"height":100,"caption":"MiuMjau O\u00dc"},"image":{"@id":"https:\/\/miumjau.ee\/#\/schema\/logo\/image\/"},"sameAs":["https:\/\/www.facebook.com\/miumjaupood\/"]}]}},"_links":{"self":[{"href":"https:\/\/miumjau.ee\/fi\/wp-json\/wp\/v2\/product\/48990","targetHints":{"allow":["GET"]}}],"collection":[{"href":"https:\/\/miumjau.ee\/fi\/wp-json\/wp\/v2\/product"}],"about":[{"href":"https:\/\/miumjau.ee\/fi\/wp-json\/wp\/v2\/types\/product"}],"wp:featuredmedia":[{"embeddable":true,"href":"https:\/\/miumjau.ee\/fi\/wp-json\/wp\/v2\/media\/28086"}],"wp:attachment":[{"href":"https:\/\/miumjau.ee\/fi\/wp-json\/wp\/v2\/media?parent=48990"}],"wp:term":[{"taxonomy":"product_brand","embeddable":true,"href":"https:\/\/miumjau.ee\/fi\/wp-json\/wp\/v2\/product_brand?post=48990"},{"taxonomy":"product_cat","embeddable":true,"href":"https:\/\/miumjau.ee\/fi\/wp-json\/wp\/v2\/product_cat?post=48990"},{"taxonomy":"product_tag","embeddable":true,"href":"https:\/\/miumjau.ee\/fi\/wp-json\/wp\/v2\/product_tag?post=48990"}],"curies":[{"name":"wp","href":"https:\/\/api.w.org\/{rel}","templated":true}]}}