{"id":48966,"date":"2025-03-05T09:52:08","date_gmt":"2025-03-05T07:52:08","guid":{"rendered":"https:\/\/miumjau.ee\/toode\/tennispallot-koirille-4-kpl-m-chuckit\/"},"modified":"2026-01-07T22:43:45","modified_gmt":"2026-01-07T20:43:45","slug":"tennispallot-koirille-4-kpl-m-chuckit","status":"publish","type":"product","link":"https:\/\/miumjau.ee\/fi\/tuote\/tennispallot-koirille-4-kpl-m-chuckit\/","title":{"rendered":"Tennispallot koirille 4 kpl M Chuckit!"},"content":{"rendered":"","protected":false},"excerpt":{"rendered":"<p data-start=\"1098\" data-end=\"1153\"><strong data-start=\"1098\" data-end=\"1153\">Chuckit! Tennis Ball \u2013 kest\u00e4v\u00e4 lelu lemmikillesi \ud83d\udc36<\/strong><\/p>\n<p data-start=\"1155\" data-end=\"1391\">Tee jokaisesta leikkihetkest\u00e4 viel\u00e4 hauskempaa Chuckit! Tennis Ball -palloilla! Extra-paksun luonnonkumiytimen ansiosta n\u00e4m\u00e4 pallot ovat erityisen kest\u00e4vi\u00e4, pomppaavat korkealle ja sopivat erinomaisesti heitett\u00e4v\u00e4ksi ja noutoleikkeihin.<\/p>\n<p data-start=\"1393\" data-end=\"1735\">\ud83d\udd25 <strong data-start=\"1396\" data-end=\"1434\">Miksi valita Chuckit! Tennis Ball?<\/strong><br data-start=\"1434\" data-end=\"1437\" \/>\u2714 Vahva ja kest\u00e4v\u00e4 \u2013 extra-paksu kumiydin pidemp\u00e4\u00e4n k\u00e4ytt\u00f6\u00f6n<br data-start=\"1497\" data-end=\"1500\" \/>\u2714 Korkea pomppu \u2013 lis\u00e4\u00e4 leikkiin energiaa<br data-start=\"1541\" data-end=\"1544\" \/>\u2714 Yhteensopiva Chuckit! heittimien kanssa \u2013 helpommat ja pidemm\u00e4t heitot<br data-start=\"1616\" data-end=\"1619\" \/>\u2714 Kelluu vedess\u00e4 \u2013 sopii my\u00f6s vesileikkeihin<br data-start=\"1663\" data-end=\"1666\" \/>\u2714 Erityissuunnittelu \u2013 erityisesti koirille, turvallinen ja kest\u00e4v\u00e4<\/p>\n<p data-start=\"1737\" data-end=\"1867\">\ud83d\udccf <strong data-start=\"1740\" data-end=\"1763\">Koot ja pakkaukset:<\/strong><br data-start=\"1763\" data-end=\"1766\" \/>\ud83d\udd39 S \u2013 \u00d8 5 cm (2 kpl\/pakkaus)<br data-start=\"1795\" data-end=\"1798\" \/>\ud83d\udd39 M \u2013 \u00d8 6 cm (2 tai 4 kpl\/pakkaus)<br data-start=\"1833\" data-end=\"1836\" \/>\ud83d\udd39 L \u2013 \u00d8 7 cm (2 kpl\/pakkaus)<\/p>\n<p data-start=\"1869\" data-end=\"2008\">Nosta leikkihetket uudelle tasolle Chuckit! Tennis Ball -palloilla \u2013 kest\u00e4vi\u00e4, pomppivia ja t\u00e4ydellisi\u00e4 lemmikkisi suosikkipeleihin! \ud83d\ude80\ud83d\udc3e<\/p>\n","protected":false},"featured_media":28188,"template":"","meta":[],"product_brand":[],"product_cat":[484],"product_tag":[],"class_list":{"0":"post-48966","1":"product","2":"type-product","3":"status-publish","4":"has-post-thumbnail","6":"product_cat-lelut-koirille","8":"first","9":"instock","10":"taxable","11":"shipping-taxable","12":"purchasable","13":"product-type-simple"},"yoast_head":"<!-- This site is optimized with the Yoast SEO plugin v27.4 - https:\/\/yoast.com\/product\/yoast-seo-wordpress\/ -->\n<title>Tennispallot koirille 4 kpl M Chuckit! - MiuMjau<\/title>\n<meta name=\"robots\" content=\"index, follow, max-snippet:-1, max-image-preview:large, max-video-preview:-1\" \/>\n<link rel=\"canonical\" href=\"https:\/\/miumjau.ee\/fi\/tuote\/tennispallot-koirille-4-kpl-m-chuckit\/\" \/>\n<meta property=\"og:locale\" content=\"fi_FI\" \/>\n<meta property=\"og:type\" content=\"article\" \/>\n<meta property=\"og:title\" content=\"Tennispallot koirille 4 kpl M Chuckit! - MiuMjau\" \/>\n<meta property=\"og:description\" content=\"Chuckit! Tennis Ball \u2013 kest\u00e4v\u00e4 lelu lemmikillesi \ud83d\udc36 Tee jokaisesta leikkihetkest\u00e4 viel\u00e4 hauskempaa Chuckit! Tennis Ball -palloilla! Extra-paksun luonnonkumiytimen ansiosta n\u00e4m\u00e4 pallot ovat erityisen kest\u00e4vi\u00e4, pomppaavat korkealle ja sopivat erinomaisesti heitett\u00e4v\u00e4ksi ja noutoleikkeihin. \ud83d\udd25 Miksi valita Chuckit! Tennis Ball?\u2714 Vahva ja kest\u00e4v\u00e4 \u2013 extra-paksu kumiydin pidemp\u00e4\u00e4n k\u00e4ytt\u00f6\u00f6n\u2714 Korkea pomppu \u2013 lis\u00e4\u00e4 leikkiin energiaa\u2714 Yhteensopiva Chuckit! heittimien kanssa \u2013 helpommat ja pidemm\u00e4t heitot\u2714 Kelluu vedess\u00e4 \u2013 sopii my\u00f6s vesileikkeihin\u2714 Erityissuunnittelu \u2013 erityisesti koirille, turvallinen ja kest\u00e4v\u00e4 \ud83d\udccf Koot ja pakkaukset:\ud83d\udd39 S \u2013 \u00d8 5 cm (2 kpl\/pakkaus)\ud83d\udd39 M \u2013 \u00d8 6 cm (2 tai 4 kpl\/pakkaus)\ud83d\udd39 L \u2013 \u00d8 7 cm (2 kpl\/pakkaus) Nosta leikkihetket uudelle tasolle Chuckit! Tennis Ball -palloilla \u2013 kest\u00e4vi\u00e4, pomppivia ja t\u00e4ydellisi\u00e4 lemmikkisi suosikkipeleihin! \ud83d\ude80\ud83d\udc3e\" \/>\n<meta property=\"og:url\" content=\"https:\/\/miumjau.ee\/fi\/tuote\/tennispallot-koirille-4-kpl-m-chuckit\/\" \/>\n<meta property=\"og:site_name\" content=\"MiuMjau\" \/>\n<meta property=\"article:publisher\" content=\"https:\/\/www.facebook.com\/miumjaupood\/\" \/>\n<meta property=\"article:modified_time\" content=\"2026-01-07T20:43:45+00:00\" \/>\n<meta property=\"og:image\" content=\"https:\/\/miumjau.ee\/wp-content\/uploads\/2025\/03\/manguasi-koerale-chuckit3.jpg\" \/>\n\t<meta property=\"og:image:width\" content=\"600\" \/>\n\t<meta property=\"og:image:height\" content=\"800\" \/>\n\t<meta property=\"og:image:type\" content=\"image\/jpeg\" \/>\n<meta name=\"twitter:card\" content=\"summary_large_image\" \/>\n<script type=\"application\/ld+json\" class=\"yoast-schema-graph\">{\"@context\":\"https:\\\/\\\/schema.org\",\"@graph\":[{\"@type\":\"WebPage\",\"@id\":\"https:\\\/\\\/miumjau.ee\\\/fi\\\/tuote\\\/tennispallot-koirille-4-kpl-m-chuckit\\\/\",\"url\":\"https:\\\/\\\/miumjau.ee\\\/fi\\\/tuote\\\/tennispallot-koirille-4-kpl-m-chuckit\\\/\",\"name\":\"Tennispallot koirille 4 kpl M Chuckit! - MiuMjau\",\"isPartOf\":{\"@id\":\"https:\\\/\\\/miumjau.ee\\\/#website\"},\"primaryImageOfPage\":{\"@id\":\"https:\\\/\\\/miumjau.ee\\\/fi\\\/tuote\\\/tennispallot-koirille-4-kpl-m-chuckit\\\/#primaryimage\"},\"image\":{\"@id\":\"https:\\\/\\\/miumjau.ee\\\/fi\\\/tuote\\\/tennispallot-koirille-4-kpl-m-chuckit\\\/#primaryimage\"},\"thumbnailUrl\":\"https:\\\/\\\/miumjau.ee\\\/wp-content\\\/uploads\\\/2025\\\/03\\\/manguasi-koerale-chuckit3.jpg\",\"datePublished\":\"2025-03-05T07:52:08+00:00\",\"dateModified\":\"2026-01-07T20:43:45+00:00\",\"breadcrumb\":{\"@id\":\"https:\\\/\\\/miumjau.ee\\\/fi\\\/tuote\\\/tennispallot-koirille-4-kpl-m-chuckit\\\/#breadcrumb\"},\"inLanguage\":\"fi\",\"potentialAction\":[{\"@type\":\"ReadAction\",\"target\":[\"https:\\\/\\\/miumjau.ee\\\/fi\\\/tuote\\\/tennispallot-koirille-4-kpl-m-chuckit\\\/\"]}]},{\"@type\":\"ImageObject\",\"inLanguage\":\"fi\",\"@id\":\"https:\\\/\\\/miumjau.ee\\\/fi\\\/tuote\\\/tennispallot-koirille-4-kpl-m-chuckit\\\/#primaryimage\",\"url\":\"https:\\\/\\\/miumjau.ee\\\/wp-content\\\/uploads\\\/2025\\\/03\\\/manguasi-koerale-chuckit3.jpg\",\"contentUrl\":\"https:\\\/\\\/miumjau.ee\\\/wp-content\\\/uploads\\\/2025\\\/03\\\/manguasi-koerale-chuckit3.jpg\",\"width\":600,\"height\":800,\"caption\":\"Tennisepallid koerale 4 tk M Chuckit!\"},{\"@type\":\"BreadcrumbList\",\"@id\":\"https:\\\/\\\/miumjau.ee\\\/fi\\\/tuote\\\/tennispallot-koirille-4-kpl-m-chuckit\\\/#breadcrumb\",\"itemListElement\":[{\"@type\":\"ListItem\",\"position\":1,\"name\":\"Home\",\"item\":\"https:\\\/\\\/miumjau.ee\\\/fi\\\/\"},{\"@type\":\"ListItem\",\"position\":2,\"name\":\"Kauppa\",\"item\":\"https:\\\/\\\/miumjau.ee\\\/fi\\\/kauppa\\\/\"},{\"@type\":\"ListItem\",\"position\":3,\"name\":\"Tennispallot koirille 4 kpl M Chuckit!\"}]},{\"@type\":\"WebSite\",\"@id\":\"https:\\\/\\\/miumjau.ee\\\/#website\",\"url\":\"https:\\\/\\\/miumjau.ee\\\/\",\"name\":\"MiuMjau\",\"description\":\"Kraapimispuud kassidele\",\"publisher\":{\"@id\":\"https:\\\/\\\/miumjau.ee\\\/#organization\"},\"potentialAction\":[{\"@type\":\"SearchAction\",\"target\":{\"@type\":\"EntryPoint\",\"urlTemplate\":\"https:\\\/\\\/miumjau.ee\\\/?s={search_term_string}\"},\"query-input\":{\"@type\":\"PropertyValueSpecification\",\"valueRequired\":true,\"valueName\":\"search_term_string\"}}],\"inLanguage\":\"fi\"},{\"@type\":\"Organization\",\"@id\":\"https:\\\/\\\/miumjau.ee\\\/#organization\",\"name\":\"MiuMjau O\u00dc\",\"url\":\"https:\\\/\\\/miumjau.ee\\\/\",\"logo\":{\"@type\":\"ImageObject\",\"inLanguage\":\"fi\",\"@id\":\"https:\\\/\\\/miumjau.ee\\\/#\\\/schema\\\/logo\\\/image\\\/\",\"url\":\"https:\\\/\\\/miumjau.ee\\\/wp-content\\\/uploads\\\/2022\\\/04\\\/MiuMjau-logo-kollane.png\",\"contentUrl\":\"https:\\\/\\\/miumjau.ee\\\/wp-content\\\/uploads\\\/2022\\\/04\\\/MiuMjau-logo-kollane.png\",\"width\":219,\"height\":100,\"caption\":\"MiuMjau O\u00dc\"},\"image\":{\"@id\":\"https:\\\/\\\/miumjau.ee\\\/#\\\/schema\\\/logo\\\/image\\\/\"},\"sameAs\":[\"https:\\\/\\\/www.facebook.com\\\/miumjaupood\\\/\"]}]}<\/script>\n<!-- \/ Yoast SEO plugin. -->","yoast_head_json":{"title":"Tennispallot koirille 4 kpl M Chuckit! - MiuMjau","robots":{"index":"index","follow":"follow","max-snippet":"max-snippet:-1","max-image-preview":"max-image-preview:large","max-video-preview":"max-video-preview:-1"},"canonical":"https:\/\/miumjau.ee\/fi\/tuote\/tennispallot-koirille-4-kpl-m-chuckit\/","og_locale":"fi_FI","og_type":"article","og_title":"Tennispallot koirille 4 kpl M Chuckit! - MiuMjau","og_description":"Chuckit! Tennis Ball \u2013 kest\u00e4v\u00e4 lelu lemmikillesi \ud83d\udc36 Tee jokaisesta leikkihetkest\u00e4 viel\u00e4 hauskempaa Chuckit! Tennis Ball -palloilla! Extra-paksun luonnonkumiytimen ansiosta n\u00e4m\u00e4 pallot ovat erityisen kest\u00e4vi\u00e4, pomppaavat korkealle ja sopivat erinomaisesti heitett\u00e4v\u00e4ksi ja noutoleikkeihin. \ud83d\udd25 Miksi valita Chuckit! Tennis Ball?\u2714 Vahva ja kest\u00e4v\u00e4 \u2013 extra-paksu kumiydin pidemp\u00e4\u00e4n k\u00e4ytt\u00f6\u00f6n\u2714 Korkea pomppu \u2013 lis\u00e4\u00e4 leikkiin energiaa\u2714 Yhteensopiva Chuckit! heittimien kanssa \u2013 helpommat ja pidemm\u00e4t heitot\u2714 Kelluu vedess\u00e4 \u2013 sopii my\u00f6s vesileikkeihin\u2714 Erityissuunnittelu \u2013 erityisesti koirille, turvallinen ja kest\u00e4v\u00e4 \ud83d\udccf Koot ja pakkaukset:\ud83d\udd39 S \u2013 \u00d8 5 cm (2 kpl\/pakkaus)\ud83d\udd39 M \u2013 \u00d8 6 cm (2 tai 4 kpl\/pakkaus)\ud83d\udd39 L \u2013 \u00d8 7 cm (2 kpl\/pakkaus) Nosta leikkihetket uudelle tasolle Chuckit! Tennis Ball -palloilla \u2013 kest\u00e4vi\u00e4, pomppivia ja t\u00e4ydellisi\u00e4 lemmikkisi suosikkipeleihin! \ud83d\ude80\ud83d\udc3e","og_url":"https:\/\/miumjau.ee\/fi\/tuote\/tennispallot-koirille-4-kpl-m-chuckit\/","og_site_name":"MiuMjau","article_publisher":"https:\/\/www.facebook.com\/miumjaupood\/","article_modified_time":"2026-01-07T20:43:45+00:00","og_image":[{"width":600,"height":800,"url":"https:\/\/miumjau.ee\/wp-content\/uploads\/2025\/03\/manguasi-koerale-chuckit3.jpg","type":"image\/jpeg"}],"twitter_card":"summary_large_image","schema":{"@context":"https:\/\/schema.org","@graph":[{"@type":"WebPage","@id":"https:\/\/miumjau.ee\/fi\/tuote\/tennispallot-koirille-4-kpl-m-chuckit\/","url":"https:\/\/miumjau.ee\/fi\/tuote\/tennispallot-koirille-4-kpl-m-chuckit\/","name":"Tennispallot koirille 4 kpl M Chuckit! - MiuMjau","isPartOf":{"@id":"https:\/\/miumjau.ee\/#website"},"primaryImageOfPage":{"@id":"https:\/\/miumjau.ee\/fi\/tuote\/tennispallot-koirille-4-kpl-m-chuckit\/#primaryimage"},"image":{"@id":"https:\/\/miumjau.ee\/fi\/tuote\/tennispallot-koirille-4-kpl-m-chuckit\/#primaryimage"},"thumbnailUrl":"https:\/\/miumjau.ee\/wp-content\/uploads\/2025\/03\/manguasi-koerale-chuckit3.jpg","datePublished":"2025-03-05T07:52:08+00:00","dateModified":"2026-01-07T20:43:45+00:00","breadcrumb":{"@id":"https:\/\/miumjau.ee\/fi\/tuote\/tennispallot-koirille-4-kpl-m-chuckit\/#breadcrumb"},"inLanguage":"fi","potentialAction":[{"@type":"ReadAction","target":["https:\/\/miumjau.ee\/fi\/tuote\/tennispallot-koirille-4-kpl-m-chuckit\/"]}]},{"@type":"ImageObject","inLanguage":"fi","@id":"https:\/\/miumjau.ee\/fi\/tuote\/tennispallot-koirille-4-kpl-m-chuckit\/#primaryimage","url":"https:\/\/miumjau.ee\/wp-content\/uploads\/2025\/03\/manguasi-koerale-chuckit3.jpg","contentUrl":"https:\/\/miumjau.ee\/wp-content\/uploads\/2025\/03\/manguasi-koerale-chuckit3.jpg","width":600,"height":800,"caption":"Tennisepallid koerale 4 tk M Chuckit!"},{"@type":"BreadcrumbList","@id":"https:\/\/miumjau.ee\/fi\/tuote\/tennispallot-koirille-4-kpl-m-chuckit\/#breadcrumb","itemListElement":[{"@type":"ListItem","position":1,"name":"Home","item":"https:\/\/miumjau.ee\/fi\/"},{"@type":"ListItem","position":2,"name":"Kauppa","item":"https:\/\/miumjau.ee\/fi\/kauppa\/"},{"@type":"ListItem","position":3,"name":"Tennispallot koirille 4 kpl M Chuckit!"}]},{"@type":"WebSite","@id":"https:\/\/miumjau.ee\/#website","url":"https:\/\/miumjau.ee\/","name":"MiuMjau","description":"Kraapimispuud kassidele","publisher":{"@id":"https:\/\/miumjau.ee\/#organization"},"potentialAction":[{"@type":"SearchAction","target":{"@type":"EntryPoint","urlTemplate":"https:\/\/miumjau.ee\/?s={search_term_string}"},"query-input":{"@type":"PropertyValueSpecification","valueRequired":true,"valueName":"search_term_string"}}],"inLanguage":"fi"},{"@type":"Organization","@id":"https:\/\/miumjau.ee\/#organization","name":"MiuMjau O\u00dc","url":"https:\/\/miumjau.ee\/","logo":{"@type":"ImageObject","inLanguage":"fi","@id":"https:\/\/miumjau.ee\/#\/schema\/logo\/image\/","url":"https:\/\/miumjau.ee\/wp-content\/uploads\/2022\/04\/MiuMjau-logo-kollane.png","contentUrl":"https:\/\/miumjau.ee\/wp-content\/uploads\/2022\/04\/MiuMjau-logo-kollane.png","width":219,"height":100,"caption":"MiuMjau O\u00dc"},"image":{"@id":"https:\/\/miumjau.ee\/#\/schema\/logo\/image\/"},"sameAs":["https:\/\/www.facebook.com\/miumjaupood\/"]}]}},"_links":{"self":[{"href":"https:\/\/miumjau.ee\/fi\/wp-json\/wp\/v2\/product\/48966","targetHints":{"allow":["GET"]}}],"collection":[{"href":"https:\/\/miumjau.ee\/fi\/wp-json\/wp\/v2\/product"}],"about":[{"href":"https:\/\/miumjau.ee\/fi\/wp-json\/wp\/v2\/types\/product"}],"wp:featuredmedia":[{"embeddable":true,"href":"https:\/\/miumjau.ee\/fi\/wp-json\/wp\/v2\/media\/28188"}],"wp:attachment":[{"href":"https:\/\/miumjau.ee\/fi\/wp-json\/wp\/v2\/media?parent=48966"}],"wp:term":[{"taxonomy":"product_brand","embeddable":true,"href":"https:\/\/miumjau.ee\/fi\/wp-json\/wp\/v2\/product_brand?post=48966"},{"taxonomy":"product_cat","embeddable":true,"href":"https:\/\/miumjau.ee\/fi\/wp-json\/wp\/v2\/product_cat?post=48966"},{"taxonomy":"product_tag","embeddable":true,"href":"https:\/\/miumjau.ee\/fi\/wp-json\/wp\/v2\/product_tag?post=48966"}],"curies":[{"name":"wp","href":"https:\/\/api.w.org\/{rel}","templated":true}]}}