{"id":48952,"date":"2025-03-05T10:03:53","date_gmt":"2025-03-05T08:03:53","guid":{"rendered":"https:\/\/miumjau.ee\/toode\/koiran-pallo-vesi-ja-noutoleikkeihin-chuckit-ultra-xl\/"},"modified":"2026-01-07T22:43:45","modified_gmt":"2026-01-07T20:43:45","slug":"koiran-pallo-vesi-ja-noutoleikkeihin-chuckit-ultra-xl","status":"publish","type":"product","link":"https:\/\/miumjau.ee\/fi\/tuote\/koiran-pallo-vesi-ja-noutoleikkeihin-chuckit-ultra-xl\/","title":{"rendered":"Koiran pallo vesi- ja noutoleikkeihin Chuckit! Ultra XL"},"content":{"rendered":"","protected":false},"excerpt":{"rendered":"<p data-start=\"1242\" data-end=\"1347\"><strong data-start=\"1242\" data-end=\"1347\">Chuckit! Ultra Ball \u2013 eritt\u00e4in kest\u00e4v\u00e4 ja korkealle pomppiva pallo maksimaaliseen leikkiriemuun! \ud83c\udfbe\ud83d\udc36<\/strong><\/p>\n<p data-start=\"1349\" data-end=\"1647\">Chuckit! Ultra Ball on suunniteltu erityisesti noutoleikkeihin. Se pomppii korkeammalle ja pidemm\u00e4lle kuin tavalliset pallot ja sopii kaikille alustoille! Kest\u00e4v\u00e4st\u00e4 kumista valmistettu pallo on eritt\u00e4in vahva, kirkkaiden v\u00e4rien ansiosta hyvin n\u00e4kyv\u00e4 ja kelluva, joten leikit jatkuvat my\u00f6s vedess\u00e4.<\/p>\n<p data-start=\"1649\" data-end=\"2028\">\ud83d\udd25 <strong data-start=\"1652\" data-end=\"1689\">Miksi valita Chuckit! Ultra Ball?<\/strong><br data-start=\"1689\" data-end=\"1692\" \/>\u2714 Eritt\u00e4in kest\u00e4v\u00e4 \u2013 vahva kumi kest\u00e4\u00e4 my\u00f6s aktiivista pureskelua<br data-start=\"1757\" data-end=\"1760\" \/>\u2714 Korkea ja pitk\u00e4 pomppu \u2013 t\u00e4ydellinen vuorovaikutteisiin leikkeihin<br data-start=\"1828\" data-end=\"1831\" \/>\u2714 Yhteensopiva Chuckit! heittimien kanssa \u2013 pidemm\u00e4t ja tarkemmat heitot<br data-start=\"1903\" data-end=\"1906\" \/>\u2714 Kelluu vedess\u00e4 \u2013 leikkeihin maalla ja vedess\u00e4<br data-start=\"1953\" data-end=\"1956\" \/>\u2714 Hyv\u00e4 n\u00e4kyvyys \u2013 kirkkaat v\u00e4rit tekev\u00e4t pallosta helposti l\u00f6ydett\u00e4v\u00e4n<\/p>\n<p data-start=\"2030\" data-end=\"2128\">\ud83d\udccf <strong data-start=\"2033\" data-end=\"2042\">Koot:<\/strong><br data-start=\"2042\" data-end=\"2045\" \/>\ud83d\udd39 S \u2013 \u00d8 5 cm<br data-start=\"2058\" data-end=\"2061\" \/>\ud83d\udd39 M \u2013 \u00d8 6 cm<br data-start=\"2074\" data-end=\"2077\" \/>\ud83d\udd39 L \u2013 \u00d8 7 cm<br data-start=\"2090\" data-end=\"2093\" \/>\ud83d\udd39 XL \u2013 \u00d8 9 cm<br data-start=\"2107\" data-end=\"2110\" \/>\ud83d\udd39 XXL \u2013 \u00d8 10 cm<\/p>\n<p data-start=\"2130\" data-end=\"2281\">Nosta koirasi leikkikokemus uudelle tasolle Chuckit! Ultra Ballilla \u2013 kest\u00e4v\u00e4, pomppiva ja t\u00e4ydellinen jokaiselle seikkailunhaluiselle koiralle! \ud83d\ude80\ud83d\udc3e<\/p>\n","protected":false},"featured_media":28192,"template":"","meta":[],"product_brand":[],"product_cat":[484],"product_tag":[],"class_list":{"0":"post-48952","1":"product","2":"type-product","3":"status-publish","4":"has-post-thumbnail","6":"product_cat-lelut-koirille","8":"first","9":"instock","10":"taxable","11":"shipping-taxable","12":"purchasable","13":"product-type-simple"},"yoast_head":"<!-- This site is optimized with the Yoast SEO plugin v27.2 - https:\/\/yoast.com\/product\/yoast-seo-wordpress\/ -->\n<title>Koiran pallo vesi- ja noutoleikkeihin Chuckit! Ultra XL - MiuMjau<\/title>\n<meta name=\"robots\" content=\"index, follow, max-snippet:-1, max-image-preview:large, max-video-preview:-1\" \/>\n<link rel=\"canonical\" href=\"https:\/\/miumjau.ee\/fi\/tuote\/koiran-pallo-vesi-ja-noutoleikkeihin-chuckit-ultra-xl\/\" \/>\n<meta property=\"og:locale\" content=\"fi_FI\" \/>\n<meta property=\"og:type\" content=\"article\" \/>\n<meta property=\"og:title\" content=\"Koiran pallo vesi- ja noutoleikkeihin Chuckit! Ultra XL - MiuMjau\" \/>\n<meta property=\"og:description\" content=\"Chuckit! Ultra Ball \u2013 eritt\u00e4in kest\u00e4v\u00e4 ja korkealle pomppiva pallo maksimaaliseen leikkiriemuun! \ud83c\udfbe\ud83d\udc36 Chuckit! Ultra Ball on suunniteltu erityisesti noutoleikkeihin. Se pomppii korkeammalle ja pidemm\u00e4lle kuin tavalliset pallot ja sopii kaikille alustoille! Kest\u00e4v\u00e4st\u00e4 kumista valmistettu pallo on eritt\u00e4in vahva, kirkkaiden v\u00e4rien ansiosta hyvin n\u00e4kyv\u00e4 ja kelluva, joten leikit jatkuvat my\u00f6s vedess\u00e4. \ud83d\udd25 Miksi valita Chuckit! Ultra Ball?\u2714 Eritt\u00e4in kest\u00e4v\u00e4 \u2013 vahva kumi kest\u00e4\u00e4 my\u00f6s aktiivista pureskelua\u2714 Korkea ja pitk\u00e4 pomppu \u2013 t\u00e4ydellinen vuorovaikutteisiin leikkeihin\u2714 Yhteensopiva Chuckit! heittimien kanssa \u2013 pidemm\u00e4t ja tarkemmat heitot\u2714 Kelluu vedess\u00e4 \u2013 leikkeihin maalla ja vedess\u00e4\u2714 Hyv\u00e4 n\u00e4kyvyys \u2013 kirkkaat v\u00e4rit tekev\u00e4t pallosta helposti l\u00f6ydett\u00e4v\u00e4n \ud83d\udccf Koot:\ud83d\udd39 S \u2013 \u00d8 5 cm\ud83d\udd39 M \u2013 \u00d8 6 cm\ud83d\udd39 L \u2013 \u00d8 7 cm\ud83d\udd39 XL \u2013 \u00d8 9 cm\ud83d\udd39 XXL \u2013 \u00d8 10 cm Nosta koirasi leikkikokemus uudelle tasolle Chuckit! Ultra Ballilla \u2013 kest\u00e4v\u00e4, pomppiva ja t\u00e4ydellinen jokaiselle seikkailunhaluiselle koiralle! \ud83d\ude80\ud83d\udc3e\" \/>\n<meta property=\"og:url\" content=\"https:\/\/miumjau.ee\/fi\/tuote\/koiran-pallo-vesi-ja-noutoleikkeihin-chuckit-ultra-xl\/\" \/>\n<meta property=\"og:site_name\" content=\"MiuMjau\" \/>\n<meta property=\"article:publisher\" content=\"https:\/\/www.facebook.com\/miumjaupood\/\" \/>\n<meta property=\"article:modified_time\" content=\"2026-01-07T20:43:45+00:00\" \/>\n<meta property=\"og:image\" content=\"https:\/\/miumjau.ee\/wp-content\/uploads\/2025\/03\/manguasi-koerale-chuckit4.jpg\" \/>\n\t<meta property=\"og:image:width\" content=\"600\" \/>\n\t<meta property=\"og:image:height\" content=\"800\" \/>\n\t<meta property=\"og:image:type\" content=\"image\/jpeg\" \/>\n<meta name=\"twitter:card\" content=\"summary_large_image\" \/>\n<script type=\"application\/ld+json\" class=\"yoast-schema-graph\">{\"@context\":\"https:\/\/schema.org\",\"@graph\":[{\"@type\":\"WebPage\",\"@id\":\"https:\/\/miumjau.ee\/fi\/tuote\/koiran-pallo-vesi-ja-noutoleikkeihin-chuckit-ultra-xl\/\",\"url\":\"https:\/\/miumjau.ee\/fi\/tuote\/koiran-pallo-vesi-ja-noutoleikkeihin-chuckit-ultra-xl\/\",\"name\":\"Koiran pallo vesi- ja noutoleikkeihin Chuckit! Ultra XL - MiuMjau\",\"isPartOf\":{\"@id\":\"https:\/\/miumjau.ee\/#website\"},\"primaryImageOfPage\":{\"@id\":\"https:\/\/miumjau.ee\/fi\/tuote\/koiran-pallo-vesi-ja-noutoleikkeihin-chuckit-ultra-xl\/#primaryimage\"},\"image\":{\"@id\":\"https:\/\/miumjau.ee\/fi\/tuote\/koiran-pallo-vesi-ja-noutoleikkeihin-chuckit-ultra-xl\/#primaryimage\"},\"thumbnailUrl\":\"https:\/\/miumjau.ee\/wp-content\/uploads\/2025\/03\/manguasi-koerale-chuckit4.jpg\",\"datePublished\":\"2025-03-05T08:03:53+00:00\",\"dateModified\":\"2026-01-07T20:43:45+00:00\",\"breadcrumb\":{\"@id\":\"https:\/\/miumjau.ee\/fi\/tuote\/koiran-pallo-vesi-ja-noutoleikkeihin-chuckit-ultra-xl\/#breadcrumb\"},\"inLanguage\":\"fi\",\"potentialAction\":[{\"@type\":\"ReadAction\",\"target\":[\"https:\/\/miumjau.ee\/fi\/tuote\/koiran-pallo-vesi-ja-noutoleikkeihin-chuckit-ultra-xl\/\"]}]},{\"@type\":\"ImageObject\",\"inLanguage\":\"fi\",\"@id\":\"https:\/\/miumjau.ee\/fi\/tuote\/koiran-pallo-vesi-ja-noutoleikkeihin-chuckit-ultra-xl\/#primaryimage\",\"url\":\"https:\/\/miumjau.ee\/wp-content\/uploads\/2025\/03\/manguasi-koerale-chuckit4.jpg\",\"contentUrl\":\"https:\/\/miumjau.ee\/wp-content\/uploads\/2025\/03\/manguasi-koerale-chuckit4.jpg\",\"width\":600,\"height\":800,\"caption\":\"Pall koerale vee- ja viskem\u00e4ngudeks Chuckit! Ultra M\"},{\"@type\":\"BreadcrumbList\",\"@id\":\"https:\/\/miumjau.ee\/fi\/tuote\/koiran-pallo-vesi-ja-noutoleikkeihin-chuckit-ultra-xl\/#breadcrumb\",\"itemListElement\":[{\"@type\":\"ListItem\",\"position\":1,\"name\":\"Home\",\"item\":\"https:\/\/miumjau.ee\/fi\/\"},{\"@type\":\"ListItem\",\"position\":2,\"name\":\"Kauppa\",\"item\":\"https:\/\/miumjau.ee\/fi\/kauppa\/\"},{\"@type\":\"ListItem\",\"position\":3,\"name\":\"Koiran pallo vesi- ja noutoleikkeihin Chuckit! Ultra XL\"}]},{\"@type\":\"WebSite\",\"@id\":\"https:\/\/miumjau.ee\/#website\",\"url\":\"https:\/\/miumjau.ee\/\",\"name\":\"MiuMjau\",\"description\":\"Kraapimispuud kassidele\",\"publisher\":{\"@id\":\"https:\/\/miumjau.ee\/#organization\"},\"potentialAction\":[{\"@type\":\"SearchAction\",\"target\":{\"@type\":\"EntryPoint\",\"urlTemplate\":\"https:\/\/miumjau.ee\/?s={search_term_string}\"},\"query-input\":{\"@type\":\"PropertyValueSpecification\",\"valueRequired\":true,\"valueName\":\"search_term_string\"}}],\"inLanguage\":\"fi\"},{\"@type\":\"Organization\",\"@id\":\"https:\/\/miumjau.ee\/#organization\",\"name\":\"MiuMjau O\u00dc\",\"url\":\"https:\/\/miumjau.ee\/\",\"logo\":{\"@type\":\"ImageObject\",\"inLanguage\":\"fi\",\"@id\":\"https:\/\/miumjau.ee\/#\/schema\/logo\/image\/\",\"url\":\"https:\/\/miumjau.ee\/wp-content\/uploads\/2022\/04\/MiuMjau-logo-kollane.png\",\"contentUrl\":\"https:\/\/miumjau.ee\/wp-content\/uploads\/2022\/04\/MiuMjau-logo-kollane.png\",\"width\":219,\"height\":100,\"caption\":\"MiuMjau O\u00dc\"},\"image\":{\"@id\":\"https:\/\/miumjau.ee\/#\/schema\/logo\/image\/\"},\"sameAs\":[\"https:\/\/www.facebook.com\/miumjaupood\/\"]}]}<\/script>\n<!-- \/ Yoast SEO plugin. -->","yoast_head_json":{"title":"Koiran pallo vesi- ja noutoleikkeihin Chuckit! Ultra XL - MiuMjau","robots":{"index":"index","follow":"follow","max-snippet":"max-snippet:-1","max-image-preview":"max-image-preview:large","max-video-preview":"max-video-preview:-1"},"canonical":"https:\/\/miumjau.ee\/fi\/tuote\/koiran-pallo-vesi-ja-noutoleikkeihin-chuckit-ultra-xl\/","og_locale":"fi_FI","og_type":"article","og_title":"Koiran pallo vesi- ja noutoleikkeihin Chuckit! Ultra XL - MiuMjau","og_description":"Chuckit! Ultra Ball \u2013 eritt\u00e4in kest\u00e4v\u00e4 ja korkealle pomppiva pallo maksimaaliseen leikkiriemuun! \ud83c\udfbe\ud83d\udc36 Chuckit! Ultra Ball on suunniteltu erityisesti noutoleikkeihin. Se pomppii korkeammalle ja pidemm\u00e4lle kuin tavalliset pallot ja sopii kaikille alustoille! Kest\u00e4v\u00e4st\u00e4 kumista valmistettu pallo on eritt\u00e4in vahva, kirkkaiden v\u00e4rien ansiosta hyvin n\u00e4kyv\u00e4 ja kelluva, joten leikit jatkuvat my\u00f6s vedess\u00e4. \ud83d\udd25 Miksi valita Chuckit! Ultra Ball?\u2714 Eritt\u00e4in kest\u00e4v\u00e4 \u2013 vahva kumi kest\u00e4\u00e4 my\u00f6s aktiivista pureskelua\u2714 Korkea ja pitk\u00e4 pomppu \u2013 t\u00e4ydellinen vuorovaikutteisiin leikkeihin\u2714 Yhteensopiva Chuckit! heittimien kanssa \u2013 pidemm\u00e4t ja tarkemmat heitot\u2714 Kelluu vedess\u00e4 \u2013 leikkeihin maalla ja vedess\u00e4\u2714 Hyv\u00e4 n\u00e4kyvyys \u2013 kirkkaat v\u00e4rit tekev\u00e4t pallosta helposti l\u00f6ydett\u00e4v\u00e4n \ud83d\udccf Koot:\ud83d\udd39 S \u2013 \u00d8 5 cm\ud83d\udd39 M \u2013 \u00d8 6 cm\ud83d\udd39 L \u2013 \u00d8 7 cm\ud83d\udd39 XL \u2013 \u00d8 9 cm\ud83d\udd39 XXL \u2013 \u00d8 10 cm Nosta koirasi leikkikokemus uudelle tasolle Chuckit! Ultra Ballilla \u2013 kest\u00e4v\u00e4, pomppiva ja t\u00e4ydellinen jokaiselle seikkailunhaluiselle koiralle! \ud83d\ude80\ud83d\udc3e","og_url":"https:\/\/miumjau.ee\/fi\/tuote\/koiran-pallo-vesi-ja-noutoleikkeihin-chuckit-ultra-xl\/","og_site_name":"MiuMjau","article_publisher":"https:\/\/www.facebook.com\/miumjaupood\/","article_modified_time":"2026-01-07T20:43:45+00:00","og_image":[{"width":600,"height":800,"url":"https:\/\/miumjau.ee\/wp-content\/uploads\/2025\/03\/manguasi-koerale-chuckit4.jpg","type":"image\/jpeg"}],"twitter_card":"summary_large_image","schema":{"@context":"https:\/\/schema.org","@graph":[{"@type":"WebPage","@id":"https:\/\/miumjau.ee\/fi\/tuote\/koiran-pallo-vesi-ja-noutoleikkeihin-chuckit-ultra-xl\/","url":"https:\/\/miumjau.ee\/fi\/tuote\/koiran-pallo-vesi-ja-noutoleikkeihin-chuckit-ultra-xl\/","name":"Koiran pallo vesi- ja noutoleikkeihin Chuckit! Ultra XL - MiuMjau","isPartOf":{"@id":"https:\/\/miumjau.ee\/#website"},"primaryImageOfPage":{"@id":"https:\/\/miumjau.ee\/fi\/tuote\/koiran-pallo-vesi-ja-noutoleikkeihin-chuckit-ultra-xl\/#primaryimage"},"image":{"@id":"https:\/\/miumjau.ee\/fi\/tuote\/koiran-pallo-vesi-ja-noutoleikkeihin-chuckit-ultra-xl\/#primaryimage"},"thumbnailUrl":"https:\/\/miumjau.ee\/wp-content\/uploads\/2025\/03\/manguasi-koerale-chuckit4.jpg","datePublished":"2025-03-05T08:03:53+00:00","dateModified":"2026-01-07T20:43:45+00:00","breadcrumb":{"@id":"https:\/\/miumjau.ee\/fi\/tuote\/koiran-pallo-vesi-ja-noutoleikkeihin-chuckit-ultra-xl\/#breadcrumb"},"inLanguage":"fi","potentialAction":[{"@type":"ReadAction","target":["https:\/\/miumjau.ee\/fi\/tuote\/koiran-pallo-vesi-ja-noutoleikkeihin-chuckit-ultra-xl\/"]}]},{"@type":"ImageObject","inLanguage":"fi","@id":"https:\/\/miumjau.ee\/fi\/tuote\/koiran-pallo-vesi-ja-noutoleikkeihin-chuckit-ultra-xl\/#primaryimage","url":"https:\/\/miumjau.ee\/wp-content\/uploads\/2025\/03\/manguasi-koerale-chuckit4.jpg","contentUrl":"https:\/\/miumjau.ee\/wp-content\/uploads\/2025\/03\/manguasi-koerale-chuckit4.jpg","width":600,"height":800,"caption":"Pall koerale vee- ja viskem\u00e4ngudeks Chuckit! Ultra M"},{"@type":"BreadcrumbList","@id":"https:\/\/miumjau.ee\/fi\/tuote\/koiran-pallo-vesi-ja-noutoleikkeihin-chuckit-ultra-xl\/#breadcrumb","itemListElement":[{"@type":"ListItem","position":1,"name":"Home","item":"https:\/\/miumjau.ee\/fi\/"},{"@type":"ListItem","position":2,"name":"Kauppa","item":"https:\/\/miumjau.ee\/fi\/kauppa\/"},{"@type":"ListItem","position":3,"name":"Koiran pallo vesi- ja noutoleikkeihin Chuckit! Ultra XL"}]},{"@type":"WebSite","@id":"https:\/\/miumjau.ee\/#website","url":"https:\/\/miumjau.ee\/","name":"MiuMjau","description":"Kraapimispuud kassidele","publisher":{"@id":"https:\/\/miumjau.ee\/#organization"},"potentialAction":[{"@type":"SearchAction","target":{"@type":"EntryPoint","urlTemplate":"https:\/\/miumjau.ee\/?s={search_term_string}"},"query-input":{"@type":"PropertyValueSpecification","valueRequired":true,"valueName":"search_term_string"}}],"inLanguage":"fi"},{"@type":"Organization","@id":"https:\/\/miumjau.ee\/#organization","name":"MiuMjau O\u00dc","url":"https:\/\/miumjau.ee\/","logo":{"@type":"ImageObject","inLanguage":"fi","@id":"https:\/\/miumjau.ee\/#\/schema\/logo\/image\/","url":"https:\/\/miumjau.ee\/wp-content\/uploads\/2022\/04\/MiuMjau-logo-kollane.png","contentUrl":"https:\/\/miumjau.ee\/wp-content\/uploads\/2022\/04\/MiuMjau-logo-kollane.png","width":219,"height":100,"caption":"MiuMjau O\u00dc"},"image":{"@id":"https:\/\/miumjau.ee\/#\/schema\/logo\/image\/"},"sameAs":["https:\/\/www.facebook.com\/miumjaupood\/"]}]}},"_links":{"self":[{"href":"https:\/\/miumjau.ee\/fi\/wp-json\/wp\/v2\/product\/48952","targetHints":{"allow":["GET"]}}],"collection":[{"href":"https:\/\/miumjau.ee\/fi\/wp-json\/wp\/v2\/product"}],"about":[{"href":"https:\/\/miumjau.ee\/fi\/wp-json\/wp\/v2\/types\/product"}],"wp:featuredmedia":[{"embeddable":true,"href":"https:\/\/miumjau.ee\/fi\/wp-json\/wp\/v2\/media\/28192"}],"wp:attachment":[{"href":"https:\/\/miumjau.ee\/fi\/wp-json\/wp\/v2\/media?parent=48952"}],"wp:term":[{"taxonomy":"product_brand","embeddable":true,"href":"https:\/\/miumjau.ee\/fi\/wp-json\/wp\/v2\/product_brand?post=48952"},{"taxonomy":"product_cat","embeddable":true,"href":"https:\/\/miumjau.ee\/fi\/wp-json\/wp\/v2\/product_cat?post=48952"},{"taxonomy":"product_tag","embeddable":true,"href":"https:\/\/miumjau.ee\/fi\/wp-json\/wp\/v2\/product_tag?post=48952"}],"curies":[{"name":"wp","href":"https:\/\/api.w.org\/{rel}","templated":true}]}}