{"id":48936,"date":"2025-03-05T10:09:02","date_gmt":"2025-03-05T08:09:02","guid":{"rendered":"https:\/\/miumjau.ee\/toode\/koiran-lelu-heitto-ja-vetoleikkeihin-chuckit-ultra-tug-l\/"},"modified":"2026-01-07T22:43:52","modified_gmt":"2026-01-07T20:43:52","slug":"koiran-lelu-heitto-ja-vetoleikkeihin-chuckit-ultra-tug-l","status":"publish","type":"product","link":"https:\/\/miumjau.ee\/fi\/tuote\/koiran-lelu-heitto-ja-vetoleikkeihin-chuckit-ultra-tug-l\/","title":{"rendered":"Koiran lelu heitto- ja vetoleikkeihin Chuckit! Ultra Tug L"},"content":{"rendered":"","protected":false},"excerpt":{"rendered":"<p data-start=\"1087\" data-end=\"1166\"><strong data-start=\"1087\" data-end=\"1166\">Chuckit! Ultra Tug \u2013 t\u00e4ydellinen heitt\u00e4miseen, vet\u00e4miseen ja leikkiin! \ud83c\udfbe\ud83d\udc36<\/strong><\/p>\n<p data-start=\"1168\" data-end=\"1399\">Tee leikkihetkist\u00e4 entist\u00e4 hauskempia Chuckit! Ultra Tug -pallolla! Mukavan kahvan ansiosta voit heitt\u00e4\u00e4 pallon kauas koskematta siihen \u2013 likaiset k\u00e4det ovat mennytt\u00e4 aikaa! Lelu sopii erinomaisesti sek\u00e4 nouto- ett\u00e4 vetoleikkeihin.<\/p>\n<p data-start=\"1401\" data-end=\"1758\">\ud83d\udd25 <strong data-start=\"1404\" data-end=\"1440\">Miksi valita Chuckit! Ultra Tug?<\/strong><br data-start=\"1440\" data-end=\"1443\" \/>\u2714 Mukava kahva \u2013 helppo heitt\u00e4\u00e4 ja ihanteellinen vetoleikkeihin<br data-start=\"1506\" data-end=\"1509\" \/>\u2714 Ei sotkua \u2013 v\u00e4lt\u00e4 likaiset k\u00e4det, koska palloa ei tarvitse koskea<br data-start=\"1576\" data-end=\"1579\" \/>\u2714 Kest\u00e4v\u00e4 ja vahva \u2013 valmistettu eritt\u00e4in kest\u00e4v\u00e4st\u00e4 Chuckit! Ultra Tennis Ball -materiaalista<br data-start=\"1673\" data-end=\"1676\" \/>\u2714 Monipuolinen lelu \u2013 sopii noutoon, vet\u00e4miseen ja vuorovaikutteisiin leikkeihin<\/p>\n<p data-start=\"1760\" data-end=\"1822\">\ud83d\udccf <strong data-start=\"1763\" data-end=\"1772\">Koot:<\/strong><br data-start=\"1772\" data-end=\"1775\" \/>\ud83d\udd39 S \u2013 \u00d8 5 cm<br data-start=\"1788\" data-end=\"1791\" \/>\ud83d\udd39 M \u2013 \u00d8 6 cm<br data-start=\"1804\" data-end=\"1807\" \/>\ud83d\udd39 L \u2013 \u00d8 7 cm<\/p>\n<p data-start=\"1824\" data-end=\"1976\">Nauti puhtaista k\u00e4sist\u00e4 ja loputtomasta leikkiriemusta Chuckit! Ultra Tug -pallolla \u2013 t\u00e4ydellinen jokaiselle energiselle ja leikkis\u00e4lle koiralle! \ud83d\ude80\ud83d\udc3e<\/p>\n","protected":false},"featured_media":28204,"template":"","meta":[],"product_brand":[],"product_cat":[484],"product_tag":[],"class_list":{"0":"post-48936","1":"product","2":"type-product","3":"status-publish","4":"has-post-thumbnail","6":"product_cat-lelut-koirille","8":"first","9":"instock","10":"taxable","11":"shipping-taxable","12":"purchasable","13":"product-type-simple"},"yoast_head":"<!-- This site is optimized with the Yoast SEO plugin v27.2 - https:\/\/yoast.com\/product\/yoast-seo-wordpress\/ -->\n<title>Koiran lelu heitto- ja vetoleikkeihin Chuckit! Ultra Tug L - MiuMjau<\/title>\n<meta name=\"robots\" content=\"index, follow, max-snippet:-1, max-image-preview:large, max-video-preview:-1\" \/>\n<link rel=\"canonical\" href=\"https:\/\/miumjau.ee\/fi\/tuote\/koiran-lelu-heitto-ja-vetoleikkeihin-chuckit-ultra-tug-l\/\" \/>\n<meta property=\"og:locale\" content=\"fi_FI\" \/>\n<meta property=\"og:type\" content=\"article\" \/>\n<meta property=\"og:title\" content=\"Koiran lelu heitto- ja vetoleikkeihin Chuckit! Ultra Tug L - MiuMjau\" \/>\n<meta property=\"og:description\" content=\"Chuckit! Ultra Tug \u2013 t\u00e4ydellinen heitt\u00e4miseen, vet\u00e4miseen ja leikkiin! \ud83c\udfbe\ud83d\udc36 Tee leikkihetkist\u00e4 entist\u00e4 hauskempia Chuckit! Ultra Tug -pallolla! Mukavan kahvan ansiosta voit heitt\u00e4\u00e4 pallon kauas koskematta siihen \u2013 likaiset k\u00e4det ovat mennytt\u00e4 aikaa! Lelu sopii erinomaisesti sek\u00e4 nouto- ett\u00e4 vetoleikkeihin. \ud83d\udd25 Miksi valita Chuckit! Ultra Tug?\u2714 Mukava kahva \u2013 helppo heitt\u00e4\u00e4 ja ihanteellinen vetoleikkeihin\u2714 Ei sotkua \u2013 v\u00e4lt\u00e4 likaiset k\u00e4det, koska palloa ei tarvitse koskea\u2714 Kest\u00e4v\u00e4 ja vahva \u2013 valmistettu eritt\u00e4in kest\u00e4v\u00e4st\u00e4 Chuckit! Ultra Tennis Ball -materiaalista\u2714 Monipuolinen lelu \u2013 sopii noutoon, vet\u00e4miseen ja vuorovaikutteisiin leikkeihin \ud83d\udccf Koot:\ud83d\udd39 S \u2013 \u00d8 5 cm\ud83d\udd39 M \u2013 \u00d8 6 cm\ud83d\udd39 L \u2013 \u00d8 7 cm Nauti puhtaista k\u00e4sist\u00e4 ja loputtomasta leikkiriemusta Chuckit! Ultra Tug -pallolla \u2013 t\u00e4ydellinen jokaiselle energiselle ja leikkis\u00e4lle koiralle! \ud83d\ude80\ud83d\udc3e\" \/>\n<meta property=\"og:url\" content=\"https:\/\/miumjau.ee\/fi\/tuote\/koiran-lelu-heitto-ja-vetoleikkeihin-chuckit-ultra-tug-l\/\" \/>\n<meta property=\"og:site_name\" content=\"MiuMjau\" \/>\n<meta property=\"article:publisher\" content=\"https:\/\/www.facebook.com\/miumjaupood\/\" \/>\n<meta property=\"article:modified_time\" content=\"2026-01-07T20:43:52+00:00\" \/>\n<meta property=\"og:image\" content=\"https:\/\/miumjau.ee\/wp-content\/uploads\/2025\/03\/manguasi-koerale-chuckit7.jpg\" \/>\n\t<meta property=\"og:image:width\" content=\"600\" \/>\n\t<meta property=\"og:image:height\" content=\"800\" \/>\n\t<meta property=\"og:image:type\" content=\"image\/jpeg\" \/>\n<meta name=\"twitter:card\" content=\"summary_large_image\" \/>\n<script type=\"application\/ld+json\" class=\"yoast-schema-graph\">{\"@context\":\"https:\/\/schema.org\",\"@graph\":[{\"@type\":\"WebPage\",\"@id\":\"https:\/\/miumjau.ee\/fi\/tuote\/koiran-lelu-heitto-ja-vetoleikkeihin-chuckit-ultra-tug-l\/\",\"url\":\"https:\/\/miumjau.ee\/fi\/tuote\/koiran-lelu-heitto-ja-vetoleikkeihin-chuckit-ultra-tug-l\/\",\"name\":\"Koiran lelu heitto- ja vetoleikkeihin Chuckit! Ultra Tug L - MiuMjau\",\"isPartOf\":{\"@id\":\"https:\/\/miumjau.ee\/#website\"},\"primaryImageOfPage\":{\"@id\":\"https:\/\/miumjau.ee\/fi\/tuote\/koiran-lelu-heitto-ja-vetoleikkeihin-chuckit-ultra-tug-l\/#primaryimage\"},\"image\":{\"@id\":\"https:\/\/miumjau.ee\/fi\/tuote\/koiran-lelu-heitto-ja-vetoleikkeihin-chuckit-ultra-tug-l\/#primaryimage\"},\"thumbnailUrl\":\"https:\/\/miumjau.ee\/wp-content\/uploads\/2025\/03\/manguasi-koerale-chuckit7.jpg\",\"datePublished\":\"2025-03-05T08:09:02+00:00\",\"dateModified\":\"2026-01-07T20:43:52+00:00\",\"breadcrumb\":{\"@id\":\"https:\/\/miumjau.ee\/fi\/tuote\/koiran-lelu-heitto-ja-vetoleikkeihin-chuckit-ultra-tug-l\/#breadcrumb\"},\"inLanguage\":\"fi\",\"potentialAction\":[{\"@type\":\"ReadAction\",\"target\":[\"https:\/\/miumjau.ee\/fi\/tuote\/koiran-lelu-heitto-ja-vetoleikkeihin-chuckit-ultra-tug-l\/\"]}]},{\"@type\":\"ImageObject\",\"inLanguage\":\"fi\",\"@id\":\"https:\/\/miumjau.ee\/fi\/tuote\/koiran-lelu-heitto-ja-vetoleikkeihin-chuckit-ultra-tug-l\/#primaryimage\",\"url\":\"https:\/\/miumjau.ee\/wp-content\/uploads\/2025\/03\/manguasi-koerale-chuckit7.jpg\",\"contentUrl\":\"https:\/\/miumjau.ee\/wp-content\/uploads\/2025\/03\/manguasi-koerale-chuckit7.jpg\",\"width\":600,\"height\":800,\"caption\":\"M\u00e4nguasi koerale viske- ja tirimism\u00e4ngudeks Chuckit! Ultra Tug S\"},{\"@type\":\"BreadcrumbList\",\"@id\":\"https:\/\/miumjau.ee\/fi\/tuote\/koiran-lelu-heitto-ja-vetoleikkeihin-chuckit-ultra-tug-l\/#breadcrumb\",\"itemListElement\":[{\"@type\":\"ListItem\",\"position\":1,\"name\":\"Home\",\"item\":\"https:\/\/miumjau.ee\/fi\/\"},{\"@type\":\"ListItem\",\"position\":2,\"name\":\"Kauppa\",\"item\":\"https:\/\/miumjau.ee\/fi\/kauppa\/\"},{\"@type\":\"ListItem\",\"position\":3,\"name\":\"Koiran lelu heitto- ja vetoleikkeihin Chuckit! Ultra Tug L\"}]},{\"@type\":\"WebSite\",\"@id\":\"https:\/\/miumjau.ee\/#website\",\"url\":\"https:\/\/miumjau.ee\/\",\"name\":\"MiuMjau\",\"description\":\"Kraapimispuud kassidele\",\"publisher\":{\"@id\":\"https:\/\/miumjau.ee\/#organization\"},\"potentialAction\":[{\"@type\":\"SearchAction\",\"target\":{\"@type\":\"EntryPoint\",\"urlTemplate\":\"https:\/\/miumjau.ee\/?s={search_term_string}\"},\"query-input\":{\"@type\":\"PropertyValueSpecification\",\"valueRequired\":true,\"valueName\":\"search_term_string\"}}],\"inLanguage\":\"fi\"},{\"@type\":\"Organization\",\"@id\":\"https:\/\/miumjau.ee\/#organization\",\"name\":\"MiuMjau O\u00dc\",\"url\":\"https:\/\/miumjau.ee\/\",\"logo\":{\"@type\":\"ImageObject\",\"inLanguage\":\"fi\",\"@id\":\"https:\/\/miumjau.ee\/#\/schema\/logo\/image\/\",\"url\":\"https:\/\/miumjau.ee\/wp-content\/uploads\/2022\/04\/MiuMjau-logo-kollane.png\",\"contentUrl\":\"https:\/\/miumjau.ee\/wp-content\/uploads\/2022\/04\/MiuMjau-logo-kollane.png\",\"width\":219,\"height\":100,\"caption\":\"MiuMjau O\u00dc\"},\"image\":{\"@id\":\"https:\/\/miumjau.ee\/#\/schema\/logo\/image\/\"},\"sameAs\":[\"https:\/\/www.facebook.com\/miumjaupood\/\"]}]}<\/script>\n<!-- \/ Yoast SEO plugin. -->","yoast_head_json":{"title":"Koiran lelu heitto- ja vetoleikkeihin Chuckit! Ultra Tug L - MiuMjau","robots":{"index":"index","follow":"follow","max-snippet":"max-snippet:-1","max-image-preview":"max-image-preview:large","max-video-preview":"max-video-preview:-1"},"canonical":"https:\/\/miumjau.ee\/fi\/tuote\/koiran-lelu-heitto-ja-vetoleikkeihin-chuckit-ultra-tug-l\/","og_locale":"fi_FI","og_type":"article","og_title":"Koiran lelu heitto- ja vetoleikkeihin Chuckit! Ultra Tug L - MiuMjau","og_description":"Chuckit! Ultra Tug \u2013 t\u00e4ydellinen heitt\u00e4miseen, vet\u00e4miseen ja leikkiin! \ud83c\udfbe\ud83d\udc36 Tee leikkihetkist\u00e4 entist\u00e4 hauskempia Chuckit! Ultra Tug -pallolla! Mukavan kahvan ansiosta voit heitt\u00e4\u00e4 pallon kauas koskematta siihen \u2013 likaiset k\u00e4det ovat mennytt\u00e4 aikaa! Lelu sopii erinomaisesti sek\u00e4 nouto- ett\u00e4 vetoleikkeihin. \ud83d\udd25 Miksi valita Chuckit! Ultra Tug?\u2714 Mukava kahva \u2013 helppo heitt\u00e4\u00e4 ja ihanteellinen vetoleikkeihin\u2714 Ei sotkua \u2013 v\u00e4lt\u00e4 likaiset k\u00e4det, koska palloa ei tarvitse koskea\u2714 Kest\u00e4v\u00e4 ja vahva \u2013 valmistettu eritt\u00e4in kest\u00e4v\u00e4st\u00e4 Chuckit! Ultra Tennis Ball -materiaalista\u2714 Monipuolinen lelu \u2013 sopii noutoon, vet\u00e4miseen ja vuorovaikutteisiin leikkeihin \ud83d\udccf Koot:\ud83d\udd39 S \u2013 \u00d8 5 cm\ud83d\udd39 M \u2013 \u00d8 6 cm\ud83d\udd39 L \u2013 \u00d8 7 cm Nauti puhtaista k\u00e4sist\u00e4 ja loputtomasta leikkiriemusta Chuckit! Ultra Tug -pallolla \u2013 t\u00e4ydellinen jokaiselle energiselle ja leikkis\u00e4lle koiralle! \ud83d\ude80\ud83d\udc3e","og_url":"https:\/\/miumjau.ee\/fi\/tuote\/koiran-lelu-heitto-ja-vetoleikkeihin-chuckit-ultra-tug-l\/","og_site_name":"MiuMjau","article_publisher":"https:\/\/www.facebook.com\/miumjaupood\/","article_modified_time":"2026-01-07T20:43:52+00:00","og_image":[{"width":600,"height":800,"url":"https:\/\/miumjau.ee\/wp-content\/uploads\/2025\/03\/manguasi-koerale-chuckit7.jpg","type":"image\/jpeg"}],"twitter_card":"summary_large_image","schema":{"@context":"https:\/\/schema.org","@graph":[{"@type":"WebPage","@id":"https:\/\/miumjau.ee\/fi\/tuote\/koiran-lelu-heitto-ja-vetoleikkeihin-chuckit-ultra-tug-l\/","url":"https:\/\/miumjau.ee\/fi\/tuote\/koiran-lelu-heitto-ja-vetoleikkeihin-chuckit-ultra-tug-l\/","name":"Koiran lelu heitto- ja vetoleikkeihin Chuckit! Ultra Tug L - MiuMjau","isPartOf":{"@id":"https:\/\/miumjau.ee\/#website"},"primaryImageOfPage":{"@id":"https:\/\/miumjau.ee\/fi\/tuote\/koiran-lelu-heitto-ja-vetoleikkeihin-chuckit-ultra-tug-l\/#primaryimage"},"image":{"@id":"https:\/\/miumjau.ee\/fi\/tuote\/koiran-lelu-heitto-ja-vetoleikkeihin-chuckit-ultra-tug-l\/#primaryimage"},"thumbnailUrl":"https:\/\/miumjau.ee\/wp-content\/uploads\/2025\/03\/manguasi-koerale-chuckit7.jpg","datePublished":"2025-03-05T08:09:02+00:00","dateModified":"2026-01-07T20:43:52+00:00","breadcrumb":{"@id":"https:\/\/miumjau.ee\/fi\/tuote\/koiran-lelu-heitto-ja-vetoleikkeihin-chuckit-ultra-tug-l\/#breadcrumb"},"inLanguage":"fi","potentialAction":[{"@type":"ReadAction","target":["https:\/\/miumjau.ee\/fi\/tuote\/koiran-lelu-heitto-ja-vetoleikkeihin-chuckit-ultra-tug-l\/"]}]},{"@type":"ImageObject","inLanguage":"fi","@id":"https:\/\/miumjau.ee\/fi\/tuote\/koiran-lelu-heitto-ja-vetoleikkeihin-chuckit-ultra-tug-l\/#primaryimage","url":"https:\/\/miumjau.ee\/wp-content\/uploads\/2025\/03\/manguasi-koerale-chuckit7.jpg","contentUrl":"https:\/\/miumjau.ee\/wp-content\/uploads\/2025\/03\/manguasi-koerale-chuckit7.jpg","width":600,"height":800,"caption":"M\u00e4nguasi koerale viske- ja tirimism\u00e4ngudeks Chuckit! Ultra Tug S"},{"@type":"BreadcrumbList","@id":"https:\/\/miumjau.ee\/fi\/tuote\/koiran-lelu-heitto-ja-vetoleikkeihin-chuckit-ultra-tug-l\/#breadcrumb","itemListElement":[{"@type":"ListItem","position":1,"name":"Home","item":"https:\/\/miumjau.ee\/fi\/"},{"@type":"ListItem","position":2,"name":"Kauppa","item":"https:\/\/miumjau.ee\/fi\/kauppa\/"},{"@type":"ListItem","position":3,"name":"Koiran lelu heitto- ja vetoleikkeihin Chuckit! Ultra Tug L"}]},{"@type":"WebSite","@id":"https:\/\/miumjau.ee\/#website","url":"https:\/\/miumjau.ee\/","name":"MiuMjau","description":"Kraapimispuud kassidele","publisher":{"@id":"https:\/\/miumjau.ee\/#organization"},"potentialAction":[{"@type":"SearchAction","target":{"@type":"EntryPoint","urlTemplate":"https:\/\/miumjau.ee\/?s={search_term_string}"},"query-input":{"@type":"PropertyValueSpecification","valueRequired":true,"valueName":"search_term_string"}}],"inLanguage":"fi"},{"@type":"Organization","@id":"https:\/\/miumjau.ee\/#organization","name":"MiuMjau O\u00dc","url":"https:\/\/miumjau.ee\/","logo":{"@type":"ImageObject","inLanguage":"fi","@id":"https:\/\/miumjau.ee\/#\/schema\/logo\/image\/","url":"https:\/\/miumjau.ee\/wp-content\/uploads\/2022\/04\/MiuMjau-logo-kollane.png","contentUrl":"https:\/\/miumjau.ee\/wp-content\/uploads\/2022\/04\/MiuMjau-logo-kollane.png","width":219,"height":100,"caption":"MiuMjau O\u00dc"},"image":{"@id":"https:\/\/miumjau.ee\/#\/schema\/logo\/image\/"},"sameAs":["https:\/\/www.facebook.com\/miumjaupood\/"]}]}},"_links":{"self":[{"href":"https:\/\/miumjau.ee\/fi\/wp-json\/wp\/v2\/product\/48936","targetHints":{"allow":["GET"]}}],"collection":[{"href":"https:\/\/miumjau.ee\/fi\/wp-json\/wp\/v2\/product"}],"about":[{"href":"https:\/\/miumjau.ee\/fi\/wp-json\/wp\/v2\/types\/product"}],"wp:featuredmedia":[{"embeddable":true,"href":"https:\/\/miumjau.ee\/fi\/wp-json\/wp\/v2\/media\/28204"}],"wp:attachment":[{"href":"https:\/\/miumjau.ee\/fi\/wp-json\/wp\/v2\/media?parent=48936"}],"wp:term":[{"taxonomy":"product_brand","embeddable":true,"href":"https:\/\/miumjau.ee\/fi\/wp-json\/wp\/v2\/product_brand?post=48936"},{"taxonomy":"product_cat","embeddable":true,"href":"https:\/\/miumjau.ee\/fi\/wp-json\/wp\/v2\/product_cat?post=48936"},{"taxonomy":"product_tag","embeddable":true,"href":"https:\/\/miumjau.ee\/fi\/wp-json\/wp\/v2\/product_tag?post=48936"}],"curies":[{"name":"wp","href":"https:\/\/api.w.org\/{rel}","templated":true}]}}