{"id":48918,"date":"2025-03-05T10:53:47","date_gmt":"2025-03-05T08:53:47","guid":{"rendered":"https:\/\/miumjau.ee\/toode\/koiran-lelu-kong-classic-xl\/"},"modified":"2026-01-07T22:43:52","modified_gmt":"2026-01-07T20:43:52","slug":"koiran-lelu-kong-classic-xl","status":"publish","type":"product","link":"https:\/\/miumjau.ee\/fi\/tuote\/koiran-lelu-kong-classic-xl\/","title":{"rendered":"Koiran lelu KONG Classic XL"},"content":{"rendered":"","protected":false},"excerpt":{"rendered":"<p data-start=\"1189\" data-end=\"1264\"><strong data-start=\"1189\" data-end=\"1264\">KONG Classic \u2013 koiranlelujen kultastandardi jo yli 40 vuoden ajan! \ud83e\uddb4\ud83d\udc36<\/strong><\/p>\n<p data-start=\"1266\" data-end=\"1574\">KONG Classic on maailman suositelluin koiranlelu, joka tarjoaa loputonta hauskuutta ja t\u00e4ytt\u00e4\u00e4 koiran luonnolliset pureskelutarpeet. Superelastinen ja kest\u00e4v\u00e4 luonnonkumi takaa arvaamattoman pompun, tehden noutoleikeist\u00e4 entist\u00e4kin hauskempia! T\u00e4yt\u00e4 KONG koiran lempiherkuilla, jotta leikki kest\u00e4\u00e4 pidemp\u00e4\u00e4n.<\/p>\n<p data-start=\"1576\" data-end=\"1948\">\ud83d\udd25 <strong data-start=\"1579\" data-end=\"1609\">Miksi valita KONG Classic?<\/strong><br data-start=\"1609\" data-end=\"1612\" \/>\u2714 Eritt\u00e4in kest\u00e4v\u00e4 \u2013 ihanteellinen pureskelua rakastaville koirille<br data-start=\"1679\" data-end=\"1682\" \/>\u2714 T\u00e4ytett\u00e4v\u00e4 herkuilla \u2013 pidemp\u00e4\u00e4n ja nautinnollisempaan leikkiin<br data-start=\"1747\" data-end=\"1750\" \/>\u2714 Ep\u00e4s\u00e4\u00e4nn\u00f6llinen pomppu \u2013 lis\u00e4\u00e4 noutoleikkeihin j\u00e4nnityst\u00e4 ja yll\u00e4tyksellisyytt\u00e4<br data-start=\"1831\" data-end=\"1834\" \/>\u2714 El\u00e4inl\u00e4\u00e4k\u00e4reiden ja kouluttajien suosittelema \u2013 tukee luonnollista pureskelutarvetta ja v\u00e4hent\u00e4\u00e4 tylsistymist\u00e4<\/p>\n<p data-start=\"1950\" data-end=\"2073\">\ud83d\udccf <strong data-start=\"1953\" data-end=\"1962\">Koot:<\/strong><br data-start=\"1962\" data-end=\"1965\" \/>\ud83d\udd39 XS \u2013 5,72 cm<br data-start=\"1980\" data-end=\"1983\" \/>\ud83d\udd39 S \u2013 7,62 cm<br data-start=\"1997\" data-end=\"2000\" \/>\ud83d\udd39 M \u2013 8,89 cm<br data-start=\"2014\" data-end=\"2017\" \/>\ud83d\udd39 L \u2013 10,16 cm<br data-start=\"2032\" data-end=\"2035\" \/>\ud83d\udd39 XL \u2013 12,70 cm<br data-start=\"2051\" data-end=\"2054\" \/>\ud83d\udd39 XXL \u2013 15,24 cm<\/p>\n<p data-start=\"2075\" data-end=\"2219\">KONG Classic on luotettava valinta jokaiselle koiralle \u2013 pomppiva, kest\u00e4v\u00e4 ja t\u00e4ytett\u00e4v\u00e4 herkuilla, jotta leikkihetket kest\u00e4v\u00e4t pidemp\u00e4\u00e4n! \ud83d\udc3e\u2728<\/p>\n","protected":false},"featured_media":28242,"template":"","meta":[],"product_brand":[],"product_cat":[484],"product_tag":[],"class_list":{"0":"post-48918","1":"product","2":"type-product","3":"status-publish","4":"has-post-thumbnail","6":"product_cat-lelut-koirille","8":"first","9":"instock","10":"taxable","11":"shipping-taxable","12":"purchasable","13":"product-type-simple"},"yoast_head":"<!-- This site is optimized with the Yoast SEO plugin v27.2 - https:\/\/yoast.com\/product\/yoast-seo-wordpress\/ -->\n<title>Koiran lelu KONG Classic XL - MiuMjau<\/title>\n<meta name=\"robots\" content=\"index, follow, max-snippet:-1, max-image-preview:large, max-video-preview:-1\" \/>\n<link rel=\"canonical\" href=\"https:\/\/miumjau.ee\/fi\/tuote\/koiran-lelu-kong-classic-xl\/\" \/>\n<meta property=\"og:locale\" content=\"fi_FI\" \/>\n<meta property=\"og:type\" content=\"article\" \/>\n<meta property=\"og:title\" content=\"Koiran lelu KONG Classic XL - MiuMjau\" \/>\n<meta property=\"og:description\" content=\"KONG Classic \u2013 koiranlelujen kultastandardi jo yli 40 vuoden ajan! \ud83e\uddb4\ud83d\udc36 KONG Classic on maailman suositelluin koiranlelu, joka tarjoaa loputonta hauskuutta ja t\u00e4ytt\u00e4\u00e4 koiran luonnolliset pureskelutarpeet. Superelastinen ja kest\u00e4v\u00e4 luonnonkumi takaa arvaamattoman pompun, tehden noutoleikeist\u00e4 entist\u00e4kin hauskempia! T\u00e4yt\u00e4 KONG koiran lempiherkuilla, jotta leikki kest\u00e4\u00e4 pidemp\u00e4\u00e4n. \ud83d\udd25 Miksi valita KONG Classic?\u2714 Eritt\u00e4in kest\u00e4v\u00e4 \u2013 ihanteellinen pureskelua rakastaville koirille\u2714 T\u00e4ytett\u00e4v\u00e4 herkuilla \u2013 pidemp\u00e4\u00e4n ja nautinnollisempaan leikkiin\u2714 Ep\u00e4s\u00e4\u00e4nn\u00f6llinen pomppu \u2013 lis\u00e4\u00e4 noutoleikkeihin j\u00e4nnityst\u00e4 ja yll\u00e4tyksellisyytt\u00e4\u2714 El\u00e4inl\u00e4\u00e4k\u00e4reiden ja kouluttajien suosittelema \u2013 tukee luonnollista pureskelutarvetta ja v\u00e4hent\u00e4\u00e4 tylsistymist\u00e4 \ud83d\udccf Koot:\ud83d\udd39 XS \u2013 5,72 cm\ud83d\udd39 S \u2013 7,62 cm\ud83d\udd39 M \u2013 8,89 cm\ud83d\udd39 L \u2013 10,16 cm\ud83d\udd39 XL \u2013 12,70 cm\ud83d\udd39 XXL \u2013 15,24 cm KONG Classic on luotettava valinta jokaiselle koiralle \u2013 pomppiva, kest\u00e4v\u00e4 ja t\u00e4ytett\u00e4v\u00e4 herkuilla, jotta leikkihetket kest\u00e4v\u00e4t pidemp\u00e4\u00e4n! \ud83d\udc3e\u2728\" \/>\n<meta property=\"og:url\" content=\"https:\/\/miumjau.ee\/fi\/tuote\/koiran-lelu-kong-classic-xl\/\" \/>\n<meta property=\"og:site_name\" content=\"MiuMjau\" \/>\n<meta property=\"article:publisher\" content=\"https:\/\/www.facebook.com\/miumjaupood\/\" \/>\n<meta property=\"article:modified_time\" content=\"2026-01-07T20:43:52+00:00\" \/>\n<meta property=\"og:image\" content=\"https:\/\/miumjau.ee\/wp-content\/uploads\/2025\/03\/manguasi-koerale-kong27.jpg\" \/>\n\t<meta property=\"og:image:width\" content=\"600\" \/>\n\t<meta property=\"og:image:height\" content=\"800\" \/>\n\t<meta property=\"og:image:type\" content=\"image\/jpeg\" \/>\n<meta name=\"twitter:card\" content=\"summary_large_image\" \/>\n<script type=\"application\/ld+json\" class=\"yoast-schema-graph\">{\"@context\":\"https:\/\/schema.org\",\"@graph\":[{\"@type\":\"WebPage\",\"@id\":\"https:\/\/miumjau.ee\/fi\/tuote\/koiran-lelu-kong-classic-xl\/\",\"url\":\"https:\/\/miumjau.ee\/fi\/tuote\/koiran-lelu-kong-classic-xl\/\",\"name\":\"Koiran lelu KONG Classic XL - MiuMjau\",\"isPartOf\":{\"@id\":\"https:\/\/miumjau.ee\/#website\"},\"primaryImageOfPage\":{\"@id\":\"https:\/\/miumjau.ee\/fi\/tuote\/koiran-lelu-kong-classic-xl\/#primaryimage\"},\"image\":{\"@id\":\"https:\/\/miumjau.ee\/fi\/tuote\/koiran-lelu-kong-classic-xl\/#primaryimage\"},\"thumbnailUrl\":\"https:\/\/miumjau.ee\/wp-content\/uploads\/2025\/03\/manguasi-koerale-kong27.jpg\",\"datePublished\":\"2025-03-05T08:53:47+00:00\",\"dateModified\":\"2026-01-07T20:43:52+00:00\",\"breadcrumb\":{\"@id\":\"https:\/\/miumjau.ee\/fi\/tuote\/koiran-lelu-kong-classic-xl\/#breadcrumb\"},\"inLanguage\":\"fi\",\"potentialAction\":[{\"@type\":\"ReadAction\",\"target\":[\"https:\/\/miumjau.ee\/fi\/tuote\/koiran-lelu-kong-classic-xl\/\"]}]},{\"@type\":\"ImageObject\",\"inLanguage\":\"fi\",\"@id\":\"https:\/\/miumjau.ee\/fi\/tuote\/koiran-lelu-kong-classic-xl\/#primaryimage\",\"url\":\"https:\/\/miumjau.ee\/wp-content\/uploads\/2025\/03\/manguasi-koerale-kong27.jpg\",\"contentUrl\":\"https:\/\/miumjau.ee\/wp-content\/uploads\/2025\/03\/manguasi-koerale-kong27.jpg\",\"width\":600,\"height\":800,\"caption\":\"M\u00e4nguasi koerale KONG\"},{\"@type\":\"BreadcrumbList\",\"@id\":\"https:\/\/miumjau.ee\/fi\/tuote\/koiran-lelu-kong-classic-xl\/#breadcrumb\",\"itemListElement\":[{\"@type\":\"ListItem\",\"position\":1,\"name\":\"Home\",\"item\":\"https:\/\/miumjau.ee\/fi\/\"},{\"@type\":\"ListItem\",\"position\":2,\"name\":\"Kauppa\",\"item\":\"https:\/\/miumjau.ee\/fi\/kauppa\/\"},{\"@type\":\"ListItem\",\"position\":3,\"name\":\"Koiran lelu KONG Classic XL\"}]},{\"@type\":\"WebSite\",\"@id\":\"https:\/\/miumjau.ee\/#website\",\"url\":\"https:\/\/miumjau.ee\/\",\"name\":\"MiuMjau\",\"description\":\"Kraapimispuud kassidele\",\"publisher\":{\"@id\":\"https:\/\/miumjau.ee\/#organization\"},\"potentialAction\":[{\"@type\":\"SearchAction\",\"target\":{\"@type\":\"EntryPoint\",\"urlTemplate\":\"https:\/\/miumjau.ee\/?s={search_term_string}\"},\"query-input\":{\"@type\":\"PropertyValueSpecification\",\"valueRequired\":true,\"valueName\":\"search_term_string\"}}],\"inLanguage\":\"fi\"},{\"@type\":\"Organization\",\"@id\":\"https:\/\/miumjau.ee\/#organization\",\"name\":\"MiuMjau O\u00dc\",\"url\":\"https:\/\/miumjau.ee\/\",\"logo\":{\"@type\":\"ImageObject\",\"inLanguage\":\"fi\",\"@id\":\"https:\/\/miumjau.ee\/#\/schema\/logo\/image\/\",\"url\":\"https:\/\/miumjau.ee\/wp-content\/uploads\/2022\/04\/MiuMjau-logo-kollane.png\",\"contentUrl\":\"https:\/\/miumjau.ee\/wp-content\/uploads\/2022\/04\/MiuMjau-logo-kollane.png\",\"width\":219,\"height\":100,\"caption\":\"MiuMjau O\u00dc\"},\"image\":{\"@id\":\"https:\/\/miumjau.ee\/#\/schema\/logo\/image\/\"},\"sameAs\":[\"https:\/\/www.facebook.com\/miumjaupood\/\"]}]}<\/script>\n<!-- \/ Yoast SEO plugin. -->","yoast_head_json":{"title":"Koiran lelu KONG Classic XL - MiuMjau","robots":{"index":"index","follow":"follow","max-snippet":"max-snippet:-1","max-image-preview":"max-image-preview:large","max-video-preview":"max-video-preview:-1"},"canonical":"https:\/\/miumjau.ee\/fi\/tuote\/koiran-lelu-kong-classic-xl\/","og_locale":"fi_FI","og_type":"article","og_title":"Koiran lelu KONG Classic XL - MiuMjau","og_description":"KONG Classic \u2013 koiranlelujen kultastandardi jo yli 40 vuoden ajan! \ud83e\uddb4\ud83d\udc36 KONG Classic on maailman suositelluin koiranlelu, joka tarjoaa loputonta hauskuutta ja t\u00e4ytt\u00e4\u00e4 koiran luonnolliset pureskelutarpeet. Superelastinen ja kest\u00e4v\u00e4 luonnonkumi takaa arvaamattoman pompun, tehden noutoleikeist\u00e4 entist\u00e4kin hauskempia! T\u00e4yt\u00e4 KONG koiran lempiherkuilla, jotta leikki kest\u00e4\u00e4 pidemp\u00e4\u00e4n. \ud83d\udd25 Miksi valita KONG Classic?\u2714 Eritt\u00e4in kest\u00e4v\u00e4 \u2013 ihanteellinen pureskelua rakastaville koirille\u2714 T\u00e4ytett\u00e4v\u00e4 herkuilla \u2013 pidemp\u00e4\u00e4n ja nautinnollisempaan leikkiin\u2714 Ep\u00e4s\u00e4\u00e4nn\u00f6llinen pomppu \u2013 lis\u00e4\u00e4 noutoleikkeihin j\u00e4nnityst\u00e4 ja yll\u00e4tyksellisyytt\u00e4\u2714 El\u00e4inl\u00e4\u00e4k\u00e4reiden ja kouluttajien suosittelema \u2013 tukee luonnollista pureskelutarvetta ja v\u00e4hent\u00e4\u00e4 tylsistymist\u00e4 \ud83d\udccf Koot:\ud83d\udd39 XS \u2013 5,72 cm\ud83d\udd39 S \u2013 7,62 cm\ud83d\udd39 M \u2013 8,89 cm\ud83d\udd39 L \u2013 10,16 cm\ud83d\udd39 XL \u2013 12,70 cm\ud83d\udd39 XXL \u2013 15,24 cm KONG Classic on luotettava valinta jokaiselle koiralle \u2013 pomppiva, kest\u00e4v\u00e4 ja t\u00e4ytett\u00e4v\u00e4 herkuilla, jotta leikkihetket kest\u00e4v\u00e4t pidemp\u00e4\u00e4n! \ud83d\udc3e\u2728","og_url":"https:\/\/miumjau.ee\/fi\/tuote\/koiran-lelu-kong-classic-xl\/","og_site_name":"MiuMjau","article_publisher":"https:\/\/www.facebook.com\/miumjaupood\/","article_modified_time":"2026-01-07T20:43:52+00:00","og_image":[{"width":600,"height":800,"url":"https:\/\/miumjau.ee\/wp-content\/uploads\/2025\/03\/manguasi-koerale-kong27.jpg","type":"image\/jpeg"}],"twitter_card":"summary_large_image","schema":{"@context":"https:\/\/schema.org","@graph":[{"@type":"WebPage","@id":"https:\/\/miumjau.ee\/fi\/tuote\/koiran-lelu-kong-classic-xl\/","url":"https:\/\/miumjau.ee\/fi\/tuote\/koiran-lelu-kong-classic-xl\/","name":"Koiran lelu KONG Classic XL - MiuMjau","isPartOf":{"@id":"https:\/\/miumjau.ee\/#website"},"primaryImageOfPage":{"@id":"https:\/\/miumjau.ee\/fi\/tuote\/koiran-lelu-kong-classic-xl\/#primaryimage"},"image":{"@id":"https:\/\/miumjau.ee\/fi\/tuote\/koiran-lelu-kong-classic-xl\/#primaryimage"},"thumbnailUrl":"https:\/\/miumjau.ee\/wp-content\/uploads\/2025\/03\/manguasi-koerale-kong27.jpg","datePublished":"2025-03-05T08:53:47+00:00","dateModified":"2026-01-07T20:43:52+00:00","breadcrumb":{"@id":"https:\/\/miumjau.ee\/fi\/tuote\/koiran-lelu-kong-classic-xl\/#breadcrumb"},"inLanguage":"fi","potentialAction":[{"@type":"ReadAction","target":["https:\/\/miumjau.ee\/fi\/tuote\/koiran-lelu-kong-classic-xl\/"]}]},{"@type":"ImageObject","inLanguage":"fi","@id":"https:\/\/miumjau.ee\/fi\/tuote\/koiran-lelu-kong-classic-xl\/#primaryimage","url":"https:\/\/miumjau.ee\/wp-content\/uploads\/2025\/03\/manguasi-koerale-kong27.jpg","contentUrl":"https:\/\/miumjau.ee\/wp-content\/uploads\/2025\/03\/manguasi-koerale-kong27.jpg","width":600,"height":800,"caption":"M\u00e4nguasi koerale KONG"},{"@type":"BreadcrumbList","@id":"https:\/\/miumjau.ee\/fi\/tuote\/koiran-lelu-kong-classic-xl\/#breadcrumb","itemListElement":[{"@type":"ListItem","position":1,"name":"Home","item":"https:\/\/miumjau.ee\/fi\/"},{"@type":"ListItem","position":2,"name":"Kauppa","item":"https:\/\/miumjau.ee\/fi\/kauppa\/"},{"@type":"ListItem","position":3,"name":"Koiran lelu KONG Classic XL"}]},{"@type":"WebSite","@id":"https:\/\/miumjau.ee\/#website","url":"https:\/\/miumjau.ee\/","name":"MiuMjau","description":"Kraapimispuud kassidele","publisher":{"@id":"https:\/\/miumjau.ee\/#organization"},"potentialAction":[{"@type":"SearchAction","target":{"@type":"EntryPoint","urlTemplate":"https:\/\/miumjau.ee\/?s={search_term_string}"},"query-input":{"@type":"PropertyValueSpecification","valueRequired":true,"valueName":"search_term_string"}}],"inLanguage":"fi"},{"@type":"Organization","@id":"https:\/\/miumjau.ee\/#organization","name":"MiuMjau O\u00dc","url":"https:\/\/miumjau.ee\/","logo":{"@type":"ImageObject","inLanguage":"fi","@id":"https:\/\/miumjau.ee\/#\/schema\/logo\/image\/","url":"https:\/\/miumjau.ee\/wp-content\/uploads\/2022\/04\/MiuMjau-logo-kollane.png","contentUrl":"https:\/\/miumjau.ee\/wp-content\/uploads\/2022\/04\/MiuMjau-logo-kollane.png","width":219,"height":100,"caption":"MiuMjau O\u00dc"},"image":{"@id":"https:\/\/miumjau.ee\/#\/schema\/logo\/image\/"},"sameAs":["https:\/\/www.facebook.com\/miumjaupood\/"]}]}},"_links":{"self":[{"href":"https:\/\/miumjau.ee\/fi\/wp-json\/wp\/v2\/product\/48918","targetHints":{"allow":["GET"]}}],"collection":[{"href":"https:\/\/miumjau.ee\/fi\/wp-json\/wp\/v2\/product"}],"about":[{"href":"https:\/\/miumjau.ee\/fi\/wp-json\/wp\/v2\/types\/product"}],"wp:featuredmedia":[{"embeddable":true,"href":"https:\/\/miumjau.ee\/fi\/wp-json\/wp\/v2\/media\/28242"}],"wp:attachment":[{"href":"https:\/\/miumjau.ee\/fi\/wp-json\/wp\/v2\/media?parent=48918"}],"wp:term":[{"taxonomy":"product_brand","embeddable":true,"href":"https:\/\/miumjau.ee\/fi\/wp-json\/wp\/v2\/product_brand?post=48918"},{"taxonomy":"product_cat","embeddable":true,"href":"https:\/\/miumjau.ee\/fi\/wp-json\/wp\/v2\/product_cat?post=48918"},{"taxonomy":"product_tag","embeddable":true,"href":"https:\/\/miumjau.ee\/fi\/wp-json\/wp\/v2\/product_tag?post=48918"}],"curies":[{"name":"wp","href":"https:\/\/api.w.org\/{rel}","templated":true}]}}