{"id":48902,"date":"2025-03-05T10:59:35","date_gmt":"2025-03-05T08:59:35","guid":{"rendered":"https:\/\/miumjau.ee\/toode\/kong-wubba-koiran-lelu-kala-l\/"},"modified":"2026-01-07T22:43:52","modified_gmt":"2026-01-07T20:43:52","slug":"kong-wubba-koiran-lelu-kala-l","status":"publish","type":"product","link":"https:\/\/miumjau.ee\/fi\/tuote\/kong-wubba-koiran-lelu-kala-l\/","title":{"rendered":"KONG Wubba koiran lelu, kala L"},"content":{"rendered":"","protected":false},"excerpt":{"rendered":"<p data-start=\"905\" data-end=\"1004\"><strong data-start=\"905\" data-end=\"1004\">KONG Wubba Finz (pituus noin 38 cm) \u2013 t\u00e4ydellinen vet\u00e4miseen, ravisteluun ja heitt\u00e4miseen! \ud83d\udc1f\ud83d\udc36<\/strong><\/p>\n<p data-start=\"1006\" data-end=\"1215\">Tuo leikkihetkiin lis\u00e4\u00e4 j\u00e4nnityst\u00e4 KONG Wubba Finz -lelulla! Pitk\u00e4t, hulmuavat h\u00e4nn\u00e4t tekev\u00e4t lelusta helpon tarttua ja t\u00e4ydellisen veto- ja ravisteluleikkeihin, tyydytt\u00e4en koiran luontaisia saalistusvaistoja.<\/p>\n<p data-start=\"1217\" data-end=\"1558\">\ud83d\udd25 <strong data-start=\"1220\" data-end=\"1253\">Miksi valita KONG Wubba Finz?<\/strong><br data-start=\"1253\" data-end=\"1256\" \/>\u2714 Pitk\u00e4t h\u00e4nn\u00e4t \u2013 helppo tarttua ja hauska vet\u00e4\u00e4<br data-start=\"1304\" data-end=\"1307\" \/>\u2714 Kaksipalloinen rakenne \u2013 toinen pallo pomppii, toinen vinkuu ja pit\u00e4\u00e4 leikin mielenkiintoisena<br data-start=\"1403\" data-end=\"1406\" \/>\u2714 Lent\u00e4v\u00e4 muoto \u2013 ihanteellinen heitt\u00e4miseen ja noutoleikkeihin<br data-start=\"1469\" data-end=\"1472\" \/>\u2714 Kannustaa aktiiviseen leikkiin \u2013 pit\u00e4\u00e4 koiran henkisesti ja fyysisesti aktiivisena<\/p>\n<p data-start=\"1560\" data-end=\"1667\">\ud83d\ude80 Heit\u00e4 ja katso, kuinka koirasi sy\u00f6ksyy per\u00e4\u00e4n \u2013 KONG Wubba Finz tuo leikkiin todellista energiaa! \ud83d\udc3e\ud83c\udfbe<\/p>\n","protected":false},"featured_media":28222,"template":"","meta":[],"product_brand":[],"product_cat":[484],"product_tag":[],"class_list":{"0":"post-48902","1":"product","2":"type-product","3":"status-publish","4":"has-post-thumbnail","6":"product_cat-lelut-koirille","8":"first","9":"instock","10":"taxable","11":"shipping-taxable","12":"purchasable","13":"product-type-simple"},"yoast_head":"<!-- This site is optimized with the Yoast SEO plugin v27.2 - https:\/\/yoast.com\/product\/yoast-seo-wordpress\/ -->\n<title>KONG Wubba koiran lelu, kala L - MiuMjau<\/title>\n<meta name=\"robots\" content=\"index, follow, max-snippet:-1, max-image-preview:large, max-video-preview:-1\" \/>\n<link rel=\"canonical\" href=\"https:\/\/miumjau.ee\/fi\/tuote\/kong-wubba-koiran-lelu-kala-l\/\" \/>\n<meta property=\"og:locale\" content=\"fi_FI\" \/>\n<meta property=\"og:type\" content=\"article\" \/>\n<meta property=\"og:title\" content=\"KONG Wubba koiran lelu, kala L - MiuMjau\" \/>\n<meta property=\"og:description\" content=\"KONG Wubba Finz (pituus noin 38 cm) \u2013 t\u00e4ydellinen vet\u00e4miseen, ravisteluun ja heitt\u00e4miseen! \ud83d\udc1f\ud83d\udc36 Tuo leikkihetkiin lis\u00e4\u00e4 j\u00e4nnityst\u00e4 KONG Wubba Finz -lelulla! Pitk\u00e4t, hulmuavat h\u00e4nn\u00e4t tekev\u00e4t lelusta helpon tarttua ja t\u00e4ydellisen veto- ja ravisteluleikkeihin, tyydytt\u00e4en koiran luontaisia saalistusvaistoja. \ud83d\udd25 Miksi valita KONG Wubba Finz?\u2714 Pitk\u00e4t h\u00e4nn\u00e4t \u2013 helppo tarttua ja hauska vet\u00e4\u00e4\u2714 Kaksipalloinen rakenne \u2013 toinen pallo pomppii, toinen vinkuu ja pit\u00e4\u00e4 leikin mielenkiintoisena\u2714 Lent\u00e4v\u00e4 muoto \u2013 ihanteellinen heitt\u00e4miseen ja noutoleikkeihin\u2714 Kannustaa aktiiviseen leikkiin \u2013 pit\u00e4\u00e4 koiran henkisesti ja fyysisesti aktiivisena \ud83d\ude80 Heit\u00e4 ja katso, kuinka koirasi sy\u00f6ksyy per\u00e4\u00e4n \u2013 KONG Wubba Finz tuo leikkiin todellista energiaa! \ud83d\udc3e\ud83c\udfbe\" \/>\n<meta property=\"og:url\" content=\"https:\/\/miumjau.ee\/fi\/tuote\/kong-wubba-koiran-lelu-kala-l\/\" \/>\n<meta property=\"og:site_name\" content=\"MiuMjau\" \/>\n<meta property=\"article:publisher\" content=\"https:\/\/www.facebook.com\/miumjaupood\/\" \/>\n<meta property=\"article:modified_time\" content=\"2026-01-07T20:43:52+00:00\" \/>\n<meta property=\"og:image\" content=\"https:\/\/miumjau.ee\/wp-content\/uploads\/2025\/03\/manguasi-koerale-kong22.jpg\" \/>\n\t<meta property=\"og:image:width\" content=\"600\" \/>\n\t<meta property=\"og:image:height\" content=\"800\" \/>\n\t<meta property=\"og:image:type\" content=\"image\/jpeg\" \/>\n<meta name=\"twitter:card\" content=\"summary_large_image\" \/>\n<script type=\"application\/ld+json\" class=\"yoast-schema-graph\">{\"@context\":\"https:\/\/schema.org\",\"@graph\":[{\"@type\":\"WebPage\",\"@id\":\"https:\/\/miumjau.ee\/fi\/tuote\/kong-wubba-koiran-lelu-kala-l\/\",\"url\":\"https:\/\/miumjau.ee\/fi\/tuote\/kong-wubba-koiran-lelu-kala-l\/\",\"name\":\"KONG Wubba koiran lelu, kala L - MiuMjau\",\"isPartOf\":{\"@id\":\"https:\/\/miumjau.ee\/#website\"},\"primaryImageOfPage\":{\"@id\":\"https:\/\/miumjau.ee\/fi\/tuote\/kong-wubba-koiran-lelu-kala-l\/#primaryimage\"},\"image\":{\"@id\":\"https:\/\/miumjau.ee\/fi\/tuote\/kong-wubba-koiran-lelu-kala-l\/#primaryimage\"},\"thumbnailUrl\":\"https:\/\/miumjau.ee\/wp-content\/uploads\/2025\/03\/manguasi-koerale-kong22.jpg\",\"datePublished\":\"2025-03-05T08:59:35+00:00\",\"dateModified\":\"2026-01-07T20:43:52+00:00\",\"breadcrumb\":{\"@id\":\"https:\/\/miumjau.ee\/fi\/tuote\/kong-wubba-koiran-lelu-kala-l\/#breadcrumb\"},\"inLanguage\":\"fi\",\"potentialAction\":[{\"@type\":\"ReadAction\",\"target\":[\"https:\/\/miumjau.ee\/fi\/tuote\/kong-wubba-koiran-lelu-kala-l\/\"]}]},{\"@type\":\"ImageObject\",\"inLanguage\":\"fi\",\"@id\":\"https:\/\/miumjau.ee\/fi\/tuote\/kong-wubba-koiran-lelu-kala-l\/#primaryimage\",\"url\":\"https:\/\/miumjau.ee\/wp-content\/uploads\/2025\/03\/manguasi-koerale-kong22.jpg\",\"contentUrl\":\"https:\/\/miumjau.ee\/wp-content\/uploads\/2025\/03\/manguasi-koerale-kong22.jpg\",\"width\":600,\"height\":800,\"caption\":\"M\u00e4nguasi koerale KONG\"},{\"@type\":\"BreadcrumbList\",\"@id\":\"https:\/\/miumjau.ee\/fi\/tuote\/kong-wubba-koiran-lelu-kala-l\/#breadcrumb\",\"itemListElement\":[{\"@type\":\"ListItem\",\"position\":1,\"name\":\"Home\",\"item\":\"https:\/\/miumjau.ee\/fi\/\"},{\"@type\":\"ListItem\",\"position\":2,\"name\":\"Kauppa\",\"item\":\"https:\/\/miumjau.ee\/fi\/kauppa\/\"},{\"@type\":\"ListItem\",\"position\":3,\"name\":\"KONG Wubba koiran lelu, kala L\"}]},{\"@type\":\"WebSite\",\"@id\":\"https:\/\/miumjau.ee\/#website\",\"url\":\"https:\/\/miumjau.ee\/\",\"name\":\"MiuMjau\",\"description\":\"Kraapimispuud kassidele\",\"publisher\":{\"@id\":\"https:\/\/miumjau.ee\/#organization\"},\"potentialAction\":[{\"@type\":\"SearchAction\",\"target\":{\"@type\":\"EntryPoint\",\"urlTemplate\":\"https:\/\/miumjau.ee\/?s={search_term_string}\"},\"query-input\":{\"@type\":\"PropertyValueSpecification\",\"valueRequired\":true,\"valueName\":\"search_term_string\"}}],\"inLanguage\":\"fi\"},{\"@type\":\"Organization\",\"@id\":\"https:\/\/miumjau.ee\/#organization\",\"name\":\"MiuMjau O\u00dc\",\"url\":\"https:\/\/miumjau.ee\/\",\"logo\":{\"@type\":\"ImageObject\",\"inLanguage\":\"fi\",\"@id\":\"https:\/\/miumjau.ee\/#\/schema\/logo\/image\/\",\"url\":\"https:\/\/miumjau.ee\/wp-content\/uploads\/2022\/04\/MiuMjau-logo-kollane.png\",\"contentUrl\":\"https:\/\/miumjau.ee\/wp-content\/uploads\/2022\/04\/MiuMjau-logo-kollane.png\",\"width\":219,\"height\":100,\"caption\":\"MiuMjau O\u00dc\"},\"image\":{\"@id\":\"https:\/\/miumjau.ee\/#\/schema\/logo\/image\/\"},\"sameAs\":[\"https:\/\/www.facebook.com\/miumjaupood\/\"]}]}<\/script>\n<!-- \/ Yoast SEO plugin. -->","yoast_head_json":{"title":"KONG Wubba koiran lelu, kala L - MiuMjau","robots":{"index":"index","follow":"follow","max-snippet":"max-snippet:-1","max-image-preview":"max-image-preview:large","max-video-preview":"max-video-preview:-1"},"canonical":"https:\/\/miumjau.ee\/fi\/tuote\/kong-wubba-koiran-lelu-kala-l\/","og_locale":"fi_FI","og_type":"article","og_title":"KONG Wubba koiran lelu, kala L - MiuMjau","og_description":"KONG Wubba Finz (pituus noin 38 cm) \u2013 t\u00e4ydellinen vet\u00e4miseen, ravisteluun ja heitt\u00e4miseen! \ud83d\udc1f\ud83d\udc36 Tuo leikkihetkiin lis\u00e4\u00e4 j\u00e4nnityst\u00e4 KONG Wubba Finz -lelulla! Pitk\u00e4t, hulmuavat h\u00e4nn\u00e4t tekev\u00e4t lelusta helpon tarttua ja t\u00e4ydellisen veto- ja ravisteluleikkeihin, tyydytt\u00e4en koiran luontaisia saalistusvaistoja. \ud83d\udd25 Miksi valita KONG Wubba Finz?\u2714 Pitk\u00e4t h\u00e4nn\u00e4t \u2013 helppo tarttua ja hauska vet\u00e4\u00e4\u2714 Kaksipalloinen rakenne \u2013 toinen pallo pomppii, toinen vinkuu ja pit\u00e4\u00e4 leikin mielenkiintoisena\u2714 Lent\u00e4v\u00e4 muoto \u2013 ihanteellinen heitt\u00e4miseen ja noutoleikkeihin\u2714 Kannustaa aktiiviseen leikkiin \u2013 pit\u00e4\u00e4 koiran henkisesti ja fyysisesti aktiivisena \ud83d\ude80 Heit\u00e4 ja katso, kuinka koirasi sy\u00f6ksyy per\u00e4\u00e4n \u2013 KONG Wubba Finz tuo leikkiin todellista energiaa! \ud83d\udc3e\ud83c\udfbe","og_url":"https:\/\/miumjau.ee\/fi\/tuote\/kong-wubba-koiran-lelu-kala-l\/","og_site_name":"MiuMjau","article_publisher":"https:\/\/www.facebook.com\/miumjaupood\/","article_modified_time":"2026-01-07T20:43:52+00:00","og_image":[{"width":600,"height":800,"url":"https:\/\/miumjau.ee\/wp-content\/uploads\/2025\/03\/manguasi-koerale-kong22.jpg","type":"image\/jpeg"}],"twitter_card":"summary_large_image","schema":{"@context":"https:\/\/schema.org","@graph":[{"@type":"WebPage","@id":"https:\/\/miumjau.ee\/fi\/tuote\/kong-wubba-koiran-lelu-kala-l\/","url":"https:\/\/miumjau.ee\/fi\/tuote\/kong-wubba-koiran-lelu-kala-l\/","name":"KONG Wubba koiran lelu, kala L - MiuMjau","isPartOf":{"@id":"https:\/\/miumjau.ee\/#website"},"primaryImageOfPage":{"@id":"https:\/\/miumjau.ee\/fi\/tuote\/kong-wubba-koiran-lelu-kala-l\/#primaryimage"},"image":{"@id":"https:\/\/miumjau.ee\/fi\/tuote\/kong-wubba-koiran-lelu-kala-l\/#primaryimage"},"thumbnailUrl":"https:\/\/miumjau.ee\/wp-content\/uploads\/2025\/03\/manguasi-koerale-kong22.jpg","datePublished":"2025-03-05T08:59:35+00:00","dateModified":"2026-01-07T20:43:52+00:00","breadcrumb":{"@id":"https:\/\/miumjau.ee\/fi\/tuote\/kong-wubba-koiran-lelu-kala-l\/#breadcrumb"},"inLanguage":"fi","potentialAction":[{"@type":"ReadAction","target":["https:\/\/miumjau.ee\/fi\/tuote\/kong-wubba-koiran-lelu-kala-l\/"]}]},{"@type":"ImageObject","inLanguage":"fi","@id":"https:\/\/miumjau.ee\/fi\/tuote\/kong-wubba-koiran-lelu-kala-l\/#primaryimage","url":"https:\/\/miumjau.ee\/wp-content\/uploads\/2025\/03\/manguasi-koerale-kong22.jpg","contentUrl":"https:\/\/miumjau.ee\/wp-content\/uploads\/2025\/03\/manguasi-koerale-kong22.jpg","width":600,"height":800,"caption":"M\u00e4nguasi koerale KONG"},{"@type":"BreadcrumbList","@id":"https:\/\/miumjau.ee\/fi\/tuote\/kong-wubba-koiran-lelu-kala-l\/#breadcrumb","itemListElement":[{"@type":"ListItem","position":1,"name":"Home","item":"https:\/\/miumjau.ee\/fi\/"},{"@type":"ListItem","position":2,"name":"Kauppa","item":"https:\/\/miumjau.ee\/fi\/kauppa\/"},{"@type":"ListItem","position":3,"name":"KONG Wubba koiran lelu, kala L"}]},{"@type":"WebSite","@id":"https:\/\/miumjau.ee\/#website","url":"https:\/\/miumjau.ee\/","name":"MiuMjau","description":"Kraapimispuud kassidele","publisher":{"@id":"https:\/\/miumjau.ee\/#organization"},"potentialAction":[{"@type":"SearchAction","target":{"@type":"EntryPoint","urlTemplate":"https:\/\/miumjau.ee\/?s={search_term_string}"},"query-input":{"@type":"PropertyValueSpecification","valueRequired":true,"valueName":"search_term_string"}}],"inLanguage":"fi"},{"@type":"Organization","@id":"https:\/\/miumjau.ee\/#organization","name":"MiuMjau O\u00dc","url":"https:\/\/miumjau.ee\/","logo":{"@type":"ImageObject","inLanguage":"fi","@id":"https:\/\/miumjau.ee\/#\/schema\/logo\/image\/","url":"https:\/\/miumjau.ee\/wp-content\/uploads\/2022\/04\/MiuMjau-logo-kollane.png","contentUrl":"https:\/\/miumjau.ee\/wp-content\/uploads\/2022\/04\/MiuMjau-logo-kollane.png","width":219,"height":100,"caption":"MiuMjau O\u00dc"},"image":{"@id":"https:\/\/miumjau.ee\/#\/schema\/logo\/image\/"},"sameAs":["https:\/\/www.facebook.com\/miumjaupood\/"]}]}},"_links":{"self":[{"href":"https:\/\/miumjau.ee\/fi\/wp-json\/wp\/v2\/product\/48902","targetHints":{"allow":["GET"]}}],"collection":[{"href":"https:\/\/miumjau.ee\/fi\/wp-json\/wp\/v2\/product"}],"about":[{"href":"https:\/\/miumjau.ee\/fi\/wp-json\/wp\/v2\/types\/product"}],"wp:featuredmedia":[{"embeddable":true,"href":"https:\/\/miumjau.ee\/fi\/wp-json\/wp\/v2\/media\/28222"}],"wp:attachment":[{"href":"https:\/\/miumjau.ee\/fi\/wp-json\/wp\/v2\/media?parent=48902"}],"wp:term":[{"taxonomy":"product_brand","embeddable":true,"href":"https:\/\/miumjau.ee\/fi\/wp-json\/wp\/v2\/product_brand?post=48902"},{"taxonomy":"product_cat","embeddable":true,"href":"https:\/\/miumjau.ee\/fi\/wp-json\/wp\/v2\/product_cat?post=48902"},{"taxonomy":"product_tag","embeddable":true,"href":"https:\/\/miumjau.ee\/fi\/wp-json\/wp\/v2\/product_tag?post=48902"}],"curies":[{"name":"wp","href":"https:\/\/api.w.org\/{rel}","templated":true}]}}