{"id":48896,"date":"2025-03-05T11:02:47","date_gmt":"2025-03-05T09:02:47","guid":{"rendered":"https:\/\/miumjau.ee\/toode\/pentulelu-kong-wubba-puppy-vari-satunnainen\/"},"modified":"2026-01-07T22:43:58","modified_gmt":"2026-01-07T20:43:58","slug":"pentulelu-kong-wubba-puppy-vari-satunnainen","status":"publish","type":"product","link":"https:\/\/miumjau.ee\/fi\/tuote\/pentulelu-kong-wubba-puppy-vari-satunnainen\/","title":{"rendered":"Pentu\u00adlelu KONG Wubba Puppy (v\u00e4ri satunnainen)"},"content":{"rendered":"","protected":false},"excerpt":{"rendered":"<p data-start=\"1138\" data-end=\"1224\"><strong data-start=\"1138\" data-end=\"1224\">KONG Wubba Puppy \u2013 t\u00e4ydellinen heitt\u00e4miseen, vet\u00e4miseen ja hauskaan leikkiin! \ud83d\udc36\ud83c\udfbe<\/strong><\/p>\n<p data-start=\"1226\" data-end=\"1534\">KONG Wubba Puppy on erityisesti pennuille suunniteltu interaktiivinen lelu, joka tarjoaa hauskaa tekemist\u00e4 ja vahvistaa omistajan ja koiran v\u00e4list\u00e4 sidett\u00e4. Kest\u00e4v\u00e4 nailonp\u00e4\u00e4llinen k\u00e4tkee sis\u00e4\u00e4ns\u00e4 kaksi palloa \u2013 ylh\u00e4\u00e4ll\u00e4 tennispallon ja alhaalla vinkuvan pallon, jotka tekev\u00e4t leikist\u00e4 entist\u00e4kin hauskempaa.<\/p>\n<p data-start=\"1536\" data-end=\"1946\">\ud83d\udd25 <strong data-start=\"1539\" data-end=\"1573\">Miksi valita KONG Wubba Puppy?<\/strong><br data-start=\"1573\" data-end=\"1576\" \/>\u2714 Pitk\u00e4t h\u00e4nn\u00e4t \u2013 helppo tarttua, heitt\u00e4\u00e4 ja vet\u00e4\u00e4<br data-start=\"1626\" data-end=\"1629\" \/>\u2714 Kaksipalloinen rakenne \u2013 tennispallo + vinkuva pallo lis\u00e4\u00e4v\u00e4t leikin intoa<br data-start=\"1705\" data-end=\"1708\" \/>\u2714 Kest\u00e4v\u00e4 nailonmateriaali \u2013 lis\u00e4kest\u00e4vyytt\u00e4 aktiivisille pennuille<br data-start=\"1775\" data-end=\"1778\" \/>\u2714 Ihanteellinen vuorovaikutteiseen leikkiin \u2013 kehitt\u00e4\u00e4 pennun taitoja ja pit\u00e4\u00e4 sen aktiivisena<br data-start=\"1872\" data-end=\"1875\" \/>\u2714 Vinkuva ydin \u2013 lis\u00e4\u00e4 mielenkiintoa ja houkuttelee pennun leikkim\u00e4\u00e4n<\/p>\n<p data-start=\"1948\" data-end=\"1976\">\ud83d\udccf <strong data-start=\"1951\" data-end=\"1960\">Koko:<\/strong><br data-start=\"1960\" data-end=\"1963\" \/>\ud83d\udd39 22,23 cm<\/p>\n<p data-start=\"1978\" data-end=\"2129\">Tee pentusi leikkihetkist\u00e4 entist\u00e4 hauskempia KONG Wubba Puppy -lelulla \u2013 t\u00e4ydellinen heittoon, vetoleikkeihin ja interaktiivisiin seikkailuihin! \ud83d\udc3e\u2728<\/p>\n","protected":false},"featured_media":28226,"template":"","meta":[],"product_brand":[],"product_cat":[484],"product_tag":[],"class_list":{"0":"post-48896","1":"product","2":"type-product","3":"status-publish","4":"has-post-thumbnail","6":"product_cat-lelut-koirille","8":"first","9":"instock","10":"taxable","11":"shipping-taxable","12":"purchasable","13":"product-type-simple"},"yoast_head":"<!-- This site is optimized with the Yoast SEO plugin v27.2 - https:\/\/yoast.com\/product\/yoast-seo-wordpress\/ -->\n<title>Pentu\u00adlelu KONG Wubba Puppy (v\u00e4ri satunnainen) - MiuMjau<\/title>\n<meta name=\"robots\" content=\"index, follow, max-snippet:-1, max-image-preview:large, max-video-preview:-1\" \/>\n<link rel=\"canonical\" href=\"https:\/\/miumjau.ee\/fi\/tuote\/pentulelu-kong-wubba-puppy-vari-satunnainen\/\" \/>\n<meta property=\"og:locale\" content=\"fi_FI\" \/>\n<meta property=\"og:type\" content=\"article\" \/>\n<meta property=\"og:title\" content=\"Pentu\u00adlelu KONG Wubba Puppy (v\u00e4ri satunnainen) - MiuMjau\" \/>\n<meta property=\"og:description\" content=\"KONG Wubba Puppy \u2013 t\u00e4ydellinen heitt\u00e4miseen, vet\u00e4miseen ja hauskaan leikkiin! \ud83d\udc36\ud83c\udfbe KONG Wubba Puppy on erityisesti pennuille suunniteltu interaktiivinen lelu, joka tarjoaa hauskaa tekemist\u00e4 ja vahvistaa omistajan ja koiran v\u00e4list\u00e4 sidett\u00e4. Kest\u00e4v\u00e4 nailonp\u00e4\u00e4llinen k\u00e4tkee sis\u00e4\u00e4ns\u00e4 kaksi palloa \u2013 ylh\u00e4\u00e4ll\u00e4 tennispallon ja alhaalla vinkuvan pallon, jotka tekev\u00e4t leikist\u00e4 entist\u00e4kin hauskempaa. \ud83d\udd25 Miksi valita KONG Wubba Puppy?\u2714 Pitk\u00e4t h\u00e4nn\u00e4t \u2013 helppo tarttua, heitt\u00e4\u00e4 ja vet\u00e4\u00e4\u2714 Kaksipalloinen rakenne \u2013 tennispallo + vinkuva pallo lis\u00e4\u00e4v\u00e4t leikin intoa\u2714 Kest\u00e4v\u00e4 nailonmateriaali \u2013 lis\u00e4kest\u00e4vyytt\u00e4 aktiivisille pennuille\u2714 Ihanteellinen vuorovaikutteiseen leikkiin \u2013 kehitt\u00e4\u00e4 pennun taitoja ja pit\u00e4\u00e4 sen aktiivisena\u2714 Vinkuva ydin \u2013 lis\u00e4\u00e4 mielenkiintoa ja houkuttelee pennun leikkim\u00e4\u00e4n \ud83d\udccf Koko:\ud83d\udd39 22,23 cm Tee pentusi leikkihetkist\u00e4 entist\u00e4 hauskempia KONG Wubba Puppy -lelulla \u2013 t\u00e4ydellinen heittoon, vetoleikkeihin ja interaktiivisiin seikkailuihin! \ud83d\udc3e\u2728\" \/>\n<meta property=\"og:url\" content=\"https:\/\/miumjau.ee\/fi\/tuote\/pentulelu-kong-wubba-puppy-vari-satunnainen\/\" \/>\n<meta property=\"og:site_name\" content=\"MiuMjau\" \/>\n<meta property=\"article:publisher\" content=\"https:\/\/www.facebook.com\/miumjaupood\/\" \/>\n<meta property=\"article:modified_time\" content=\"2026-01-07T20:43:58+00:00\" \/>\n<meta property=\"og:image\" content=\"https:\/\/miumjau.ee\/wp-content\/uploads\/2025\/03\/manguasi-koerale-kong23.jpg\" \/>\n\t<meta property=\"og:image:width\" content=\"600\" \/>\n\t<meta property=\"og:image:height\" content=\"800\" \/>\n\t<meta property=\"og:image:type\" content=\"image\/jpeg\" \/>\n<meta name=\"twitter:card\" content=\"summary_large_image\" \/>\n<script type=\"application\/ld+json\" class=\"yoast-schema-graph\">{\"@context\":\"https:\/\/schema.org\",\"@graph\":[{\"@type\":\"WebPage\",\"@id\":\"https:\/\/miumjau.ee\/fi\/tuote\/pentulelu-kong-wubba-puppy-vari-satunnainen\/\",\"url\":\"https:\/\/miumjau.ee\/fi\/tuote\/pentulelu-kong-wubba-puppy-vari-satunnainen\/\",\"name\":\"Pentu\u00adlelu KONG Wubba Puppy (v\u00e4ri satunnainen) - MiuMjau\",\"isPartOf\":{\"@id\":\"https:\/\/miumjau.ee\/#website\"},\"primaryImageOfPage\":{\"@id\":\"https:\/\/miumjau.ee\/fi\/tuote\/pentulelu-kong-wubba-puppy-vari-satunnainen\/#primaryimage\"},\"image\":{\"@id\":\"https:\/\/miumjau.ee\/fi\/tuote\/pentulelu-kong-wubba-puppy-vari-satunnainen\/#primaryimage\"},\"thumbnailUrl\":\"https:\/\/miumjau.ee\/wp-content\/uploads\/2025\/03\/manguasi-koerale-kong23.jpg\",\"datePublished\":\"2025-03-05T09:02:47+00:00\",\"dateModified\":\"2026-01-07T20:43:58+00:00\",\"breadcrumb\":{\"@id\":\"https:\/\/miumjau.ee\/fi\/tuote\/pentulelu-kong-wubba-puppy-vari-satunnainen\/#breadcrumb\"},\"inLanguage\":\"fi\",\"potentialAction\":[{\"@type\":\"ReadAction\",\"target\":[\"https:\/\/miumjau.ee\/fi\/tuote\/pentulelu-kong-wubba-puppy-vari-satunnainen\/\"]}]},{\"@type\":\"ImageObject\",\"inLanguage\":\"fi\",\"@id\":\"https:\/\/miumjau.ee\/fi\/tuote\/pentulelu-kong-wubba-puppy-vari-satunnainen\/#primaryimage\",\"url\":\"https:\/\/miumjau.ee\/wp-content\/uploads\/2025\/03\/manguasi-koerale-kong23.jpg\",\"contentUrl\":\"https:\/\/miumjau.ee\/wp-content\/uploads\/2025\/03\/manguasi-koerale-kong23.jpg\",\"width\":600,\"height\":800,\"caption\":\"M\u00e4nguasi koerale KONG\"},{\"@type\":\"BreadcrumbList\",\"@id\":\"https:\/\/miumjau.ee\/fi\/tuote\/pentulelu-kong-wubba-puppy-vari-satunnainen\/#breadcrumb\",\"itemListElement\":[{\"@type\":\"ListItem\",\"position\":1,\"name\":\"Home\",\"item\":\"https:\/\/miumjau.ee\/fi\/\"},{\"@type\":\"ListItem\",\"position\":2,\"name\":\"Kauppa\",\"item\":\"https:\/\/miumjau.ee\/fi\/kauppa\/\"},{\"@type\":\"ListItem\",\"position\":3,\"name\":\"Pentu\u00adlelu KONG Wubba Puppy (v\u00e4ri satunnainen)\"}]},{\"@type\":\"WebSite\",\"@id\":\"https:\/\/miumjau.ee\/#website\",\"url\":\"https:\/\/miumjau.ee\/\",\"name\":\"MiuMjau\",\"description\":\"Kraapimispuud kassidele\",\"publisher\":{\"@id\":\"https:\/\/miumjau.ee\/#organization\"},\"potentialAction\":[{\"@type\":\"SearchAction\",\"target\":{\"@type\":\"EntryPoint\",\"urlTemplate\":\"https:\/\/miumjau.ee\/?s={search_term_string}\"},\"query-input\":{\"@type\":\"PropertyValueSpecification\",\"valueRequired\":true,\"valueName\":\"search_term_string\"}}],\"inLanguage\":\"fi\"},{\"@type\":\"Organization\",\"@id\":\"https:\/\/miumjau.ee\/#organization\",\"name\":\"MiuMjau O\u00dc\",\"url\":\"https:\/\/miumjau.ee\/\",\"logo\":{\"@type\":\"ImageObject\",\"inLanguage\":\"fi\",\"@id\":\"https:\/\/miumjau.ee\/#\/schema\/logo\/image\/\",\"url\":\"https:\/\/miumjau.ee\/wp-content\/uploads\/2022\/04\/MiuMjau-logo-kollane.png\",\"contentUrl\":\"https:\/\/miumjau.ee\/wp-content\/uploads\/2022\/04\/MiuMjau-logo-kollane.png\",\"width\":219,\"height\":100,\"caption\":\"MiuMjau O\u00dc\"},\"image\":{\"@id\":\"https:\/\/miumjau.ee\/#\/schema\/logo\/image\/\"},\"sameAs\":[\"https:\/\/www.facebook.com\/miumjaupood\/\"]}]}<\/script>\n<!-- \/ Yoast SEO plugin. -->","yoast_head_json":{"title":"Pentu\u00adlelu KONG Wubba Puppy (v\u00e4ri satunnainen) - MiuMjau","robots":{"index":"index","follow":"follow","max-snippet":"max-snippet:-1","max-image-preview":"max-image-preview:large","max-video-preview":"max-video-preview:-1"},"canonical":"https:\/\/miumjau.ee\/fi\/tuote\/pentulelu-kong-wubba-puppy-vari-satunnainen\/","og_locale":"fi_FI","og_type":"article","og_title":"Pentu\u00adlelu KONG Wubba Puppy (v\u00e4ri satunnainen) - MiuMjau","og_description":"KONG Wubba Puppy \u2013 t\u00e4ydellinen heitt\u00e4miseen, vet\u00e4miseen ja hauskaan leikkiin! \ud83d\udc36\ud83c\udfbe KONG Wubba Puppy on erityisesti pennuille suunniteltu interaktiivinen lelu, joka tarjoaa hauskaa tekemist\u00e4 ja vahvistaa omistajan ja koiran v\u00e4list\u00e4 sidett\u00e4. Kest\u00e4v\u00e4 nailonp\u00e4\u00e4llinen k\u00e4tkee sis\u00e4\u00e4ns\u00e4 kaksi palloa \u2013 ylh\u00e4\u00e4ll\u00e4 tennispallon ja alhaalla vinkuvan pallon, jotka tekev\u00e4t leikist\u00e4 entist\u00e4kin hauskempaa. \ud83d\udd25 Miksi valita KONG Wubba Puppy?\u2714 Pitk\u00e4t h\u00e4nn\u00e4t \u2013 helppo tarttua, heitt\u00e4\u00e4 ja vet\u00e4\u00e4\u2714 Kaksipalloinen rakenne \u2013 tennispallo + vinkuva pallo lis\u00e4\u00e4v\u00e4t leikin intoa\u2714 Kest\u00e4v\u00e4 nailonmateriaali \u2013 lis\u00e4kest\u00e4vyytt\u00e4 aktiivisille pennuille\u2714 Ihanteellinen vuorovaikutteiseen leikkiin \u2013 kehitt\u00e4\u00e4 pennun taitoja ja pit\u00e4\u00e4 sen aktiivisena\u2714 Vinkuva ydin \u2013 lis\u00e4\u00e4 mielenkiintoa ja houkuttelee pennun leikkim\u00e4\u00e4n \ud83d\udccf Koko:\ud83d\udd39 22,23 cm Tee pentusi leikkihetkist\u00e4 entist\u00e4 hauskempia KONG Wubba Puppy -lelulla \u2013 t\u00e4ydellinen heittoon, vetoleikkeihin ja interaktiivisiin seikkailuihin! \ud83d\udc3e\u2728","og_url":"https:\/\/miumjau.ee\/fi\/tuote\/pentulelu-kong-wubba-puppy-vari-satunnainen\/","og_site_name":"MiuMjau","article_publisher":"https:\/\/www.facebook.com\/miumjaupood\/","article_modified_time":"2026-01-07T20:43:58+00:00","og_image":[{"width":600,"height":800,"url":"https:\/\/miumjau.ee\/wp-content\/uploads\/2025\/03\/manguasi-koerale-kong23.jpg","type":"image\/jpeg"}],"twitter_card":"summary_large_image","schema":{"@context":"https:\/\/schema.org","@graph":[{"@type":"WebPage","@id":"https:\/\/miumjau.ee\/fi\/tuote\/pentulelu-kong-wubba-puppy-vari-satunnainen\/","url":"https:\/\/miumjau.ee\/fi\/tuote\/pentulelu-kong-wubba-puppy-vari-satunnainen\/","name":"Pentu\u00adlelu KONG Wubba Puppy (v\u00e4ri satunnainen) - MiuMjau","isPartOf":{"@id":"https:\/\/miumjau.ee\/#website"},"primaryImageOfPage":{"@id":"https:\/\/miumjau.ee\/fi\/tuote\/pentulelu-kong-wubba-puppy-vari-satunnainen\/#primaryimage"},"image":{"@id":"https:\/\/miumjau.ee\/fi\/tuote\/pentulelu-kong-wubba-puppy-vari-satunnainen\/#primaryimage"},"thumbnailUrl":"https:\/\/miumjau.ee\/wp-content\/uploads\/2025\/03\/manguasi-koerale-kong23.jpg","datePublished":"2025-03-05T09:02:47+00:00","dateModified":"2026-01-07T20:43:58+00:00","breadcrumb":{"@id":"https:\/\/miumjau.ee\/fi\/tuote\/pentulelu-kong-wubba-puppy-vari-satunnainen\/#breadcrumb"},"inLanguage":"fi","potentialAction":[{"@type":"ReadAction","target":["https:\/\/miumjau.ee\/fi\/tuote\/pentulelu-kong-wubba-puppy-vari-satunnainen\/"]}]},{"@type":"ImageObject","inLanguage":"fi","@id":"https:\/\/miumjau.ee\/fi\/tuote\/pentulelu-kong-wubba-puppy-vari-satunnainen\/#primaryimage","url":"https:\/\/miumjau.ee\/wp-content\/uploads\/2025\/03\/manguasi-koerale-kong23.jpg","contentUrl":"https:\/\/miumjau.ee\/wp-content\/uploads\/2025\/03\/manguasi-koerale-kong23.jpg","width":600,"height":800,"caption":"M\u00e4nguasi koerale KONG"},{"@type":"BreadcrumbList","@id":"https:\/\/miumjau.ee\/fi\/tuote\/pentulelu-kong-wubba-puppy-vari-satunnainen\/#breadcrumb","itemListElement":[{"@type":"ListItem","position":1,"name":"Home","item":"https:\/\/miumjau.ee\/fi\/"},{"@type":"ListItem","position":2,"name":"Kauppa","item":"https:\/\/miumjau.ee\/fi\/kauppa\/"},{"@type":"ListItem","position":3,"name":"Pentu\u00adlelu KONG Wubba Puppy (v\u00e4ri satunnainen)"}]},{"@type":"WebSite","@id":"https:\/\/miumjau.ee\/#website","url":"https:\/\/miumjau.ee\/","name":"MiuMjau","description":"Kraapimispuud kassidele","publisher":{"@id":"https:\/\/miumjau.ee\/#organization"},"potentialAction":[{"@type":"SearchAction","target":{"@type":"EntryPoint","urlTemplate":"https:\/\/miumjau.ee\/?s={search_term_string}"},"query-input":{"@type":"PropertyValueSpecification","valueRequired":true,"valueName":"search_term_string"}}],"inLanguage":"fi"},{"@type":"Organization","@id":"https:\/\/miumjau.ee\/#organization","name":"MiuMjau O\u00dc","url":"https:\/\/miumjau.ee\/","logo":{"@type":"ImageObject","inLanguage":"fi","@id":"https:\/\/miumjau.ee\/#\/schema\/logo\/image\/","url":"https:\/\/miumjau.ee\/wp-content\/uploads\/2022\/04\/MiuMjau-logo-kollane.png","contentUrl":"https:\/\/miumjau.ee\/wp-content\/uploads\/2022\/04\/MiuMjau-logo-kollane.png","width":219,"height":100,"caption":"MiuMjau O\u00dc"},"image":{"@id":"https:\/\/miumjau.ee\/#\/schema\/logo\/image\/"},"sameAs":["https:\/\/www.facebook.com\/miumjaupood\/"]}]}},"_links":{"self":[{"href":"https:\/\/miumjau.ee\/fi\/wp-json\/wp\/v2\/product\/48896","targetHints":{"allow":["GET"]}}],"collection":[{"href":"https:\/\/miumjau.ee\/fi\/wp-json\/wp\/v2\/product"}],"about":[{"href":"https:\/\/miumjau.ee\/fi\/wp-json\/wp\/v2\/types\/product"}],"wp:featuredmedia":[{"embeddable":true,"href":"https:\/\/miumjau.ee\/fi\/wp-json\/wp\/v2\/media\/28226"}],"wp:attachment":[{"href":"https:\/\/miumjau.ee\/fi\/wp-json\/wp\/v2\/media?parent=48896"}],"wp:term":[{"taxonomy":"product_brand","embeddable":true,"href":"https:\/\/miumjau.ee\/fi\/wp-json\/wp\/v2\/product_brand?post=48896"},{"taxonomy":"product_cat","embeddable":true,"href":"https:\/\/miumjau.ee\/fi\/wp-json\/wp\/v2\/product_cat?post=48896"},{"taxonomy":"product_tag","embeddable":true,"href":"https:\/\/miumjau.ee\/fi\/wp-json\/wp\/v2\/product_tag?post=48896"}],"curies":[{"name":"wp","href":"https:\/\/api.w.org\/{rel}","templated":true}]}}